{"id":43009,"date":"2015-11-04T03:26:11","date_gmt":"2015-11-04T01:26:11","guid":{"rendered":"https:\/\/gmelorente.com\/en\/asesor-virtual\/mamparas-de-banera\/frontales-de-banera\/"},"modified":"2016-02-28T20:56:23","modified_gmt":"2016-02-28T19:56:23","slug":"frontales-de-banera","status":"publish","type":"page","link":"https:\/\/gmelorente.com\/en\/asesor-virtual\/mamparas-de-banera\/frontales-de-banera\/","title":{"rendered":"Front bath screen"},"content":{"rendered":"<p>[vc_row][vc_column]<div class=\"dt-shortcode with-isotope\"><div class=\"wf-container dt-portfolio-shortcode loading-effect-none iso-grid bg-under-post description-under-image content-align-left\" data-padding=\"20px\" data-cur-page=\"1\" data-posts-per-page=\"-1\" data-width=\"0px\" data-columns=\"4\">\n<div class=\"wf-cell category-189 category-184 category-190\" data-post-id=\"42940\" data-date=\"2015-10-26T20:08:16+01:00\" data-name=\"AKTUAL FRONT BATH SCREEN\">\n<article class=\"post post-42940 dt_portfolio type-dt_portfolio status-publish has-post-thumbnail hentry dt_portfolio_category-frontales-de-banera-en dt_portfolio_category-mamparas-en dt_portfolio_category-mamparas-para-banera-en dt_portfolio_category-189 dt_portfolio_category-184 dt_portfolio_category-190 bg-on\">\n\n\t<div class=\"project-list-media\">\n\t<figure class=\"buttons-on-img forward-post\">\n\t\t<a href=\"https:\/\/gmelorente.com\/en\/producto\/frontal-banera-aktual\/\" class=\"alignnone rollover layzr-bg\" title=\"AKTUAL-BANERA-FIJO-CORREDERA\"  aria-label=\"Post image\"><img fetchpriority=\"high\" decoding=\"async\" class=\"preload-me iso-lazy-load aspect\" src=\"data:image\/svg+xml,%3Csvg%20xmlns%3D&#39;http%3A%2F%2Fwww.w3.org%2F2000%2Fsvg&#39;%20viewBox%3D&#39;0%200%20571%20749&#39;%2F%3E\" data-src=\"https:\/\/gmelorente.com\/wp-content\/uploads\/AKTUAL-BANERA-FIJO-CORREDERA-571x749.jpg\" data-srcset=\"https:\/\/gmelorente.com\/wp-content\/uploads\/AKTUAL-BANERA-FIJO-CORREDERA-571x749.jpg 571w, https:\/\/gmelorente.com\/wp-content\/uploads\/AKTUAL-BANERA-FIJO-CORREDERA-571x750.jpg 571w\" loading=\"eager\" style=\"--ratio: 571 \/ 749\" sizes=\"(max-width: 571px) 100vw, 571px\" alt=\"\" width=\"571\" height=\"749\"  \/><\/a>\t\t\t<\/figure>\n<\/div>\n<div class=\"project-list-content\">\n\t<h3 class=\"entry-title\"><a href=\"https:\/\/gmelorente.com\/en\/producto\/frontal-banera-aktual\/\" title=\"AKTUAL FRONT BATH SCREEN\" rel=\"bookmark\">AKTUAL FRONT BATH SCREEN<\/a><\/h3><p>Bath enclosure with straight lined aluminium framework, stationary clear glass (8 mm) and sliding doors (6 mm).<\/p>\n<\/div>\n<\/article>\n\n<\/div><\/div><\/div>[\/vc_column][\/vc_row]<\/p>\n","protected":false},"excerpt":{"rendered":"<p>[vc_row][vc_column][\/vc_column][\/vc_row]<\/p>\n","protected":false},"author":1,"featured_media":0,"parent":43000,"menu_order":0,"comment_status":"closed","ping_status":"closed","template":"","meta":{"footnotes":""},"class_list":["post-43009","page","type-page","status-publish","hentry","description-off"],"yoast_head":"<!-- This site is optimized with the Yoast SEO plugin v27.4 - https:\/\/yoast.com\/product\/yoast-seo-wordpress\/ -->\n<title>Fabricante de frontales de ba\u00f1era a medida - GME<\/title>\n<meta name=\"description\" content=\"Fabricante de frontales de ba\u00f1era a medida. Mamparas con perfiler\u00eda de aluminio y cristales templados. Medidas standard con entrega inmediata.\" \/>\n<meta name=\"robots\" content=\"index, follow, max-snippet:-1, max-image-preview:large, max-video-preview:-1\" \/>\n<link rel=\"canonical\" href=\"https:\/\/gmelorente.com\/en\/asesor-virtual\/mamparas-de-banera\/frontales-de-banera\/\" \/>\n<meta property=\"og:locale\" content=\"en_US\" \/>\n<meta property=\"og:type\" content=\"article\" \/>\n<meta property=\"og:title\" content=\"Fabricante de frontales de ba\u00f1era a medida - GME\" \/>\n<meta property=\"og:description\" content=\"Fabricante de frontales de ba\u00f1era a medida. Mamparas con perfiler\u00eda de aluminio y cristales templados. Medidas standard con entrega inmediata.\" \/>\n<meta property=\"og:url\" content=\"https:\/\/gmelorente.com\/en\/asesor-virtual\/mamparas-de-banera\/frontales-de-banera\/\" \/>\n<meta property=\"og:site_name\" content=\"GME DIVISI\u00d3N BA\u00d1OS\" \/>\n<meta property=\"article:publisher\" content=\"https:\/\/www.facebook.com\/gmedivision\/?fref=ts\" \/>\n<meta property=\"article:modified_time\" content=\"2016-02-28T19:56:23+00:00\" \/>\n<meta name=\"twitter:card\" content=\"summary_large_image\" \/>\n<script type=\"application\/ld+json\" class=\"yoast-schema-graph\">{\"@context\":\"https:\\\/\\\/schema.org\",\"@graph\":[{\"@type\":\"WebPage\",\"@id\":\"https:\\\/\\\/gmelorente.com\\\/en\\\/asesor-virtual\\\/mamparas-de-banera\\\/frontales-de-banera\\\/\",\"url\":\"https:\\\/\\\/gmelorente.com\\\/en\\\/asesor-virtual\\\/mamparas-de-banera\\\/frontales-de-banera\\\/\",\"name\":\"Fabricante de frontales de ba\u00f1era a medida - GME\",\"isPartOf\":{\"@id\":\"https:\\\/\\\/gmelorente.com\\\/#website\"},\"datePublished\":\"2015-11-04T01:26:11+00:00\",\"dateModified\":\"2016-02-28T19:56:23+00:00\",\"description\":\"Fabricante de frontales de ba\u00f1era a medida. Mamparas con perfiler\u00eda de aluminio y cristales templados. Medidas standard con entrega inmediata.\",\"breadcrumb\":{\"@id\":\"https:\\\/\\\/gmelorente.com\\\/en\\\/asesor-virtual\\\/mamparas-de-banera\\\/frontales-de-banera\\\/#breadcrumb\"},\"inLanguage\":\"en-US\",\"potentialAction\":[{\"@type\":\"ReadAction\",\"target\":[\"https:\\\/\\\/gmelorente.com\\\/en\\\/asesor-virtual\\\/mamparas-de-banera\\\/frontales-de-banera\\\/\"]}]},{\"@type\":\"BreadcrumbList\",\"@id\":\"https:\\\/\\\/gmelorente.com\\\/en\\\/asesor-virtual\\\/mamparas-de-banera\\\/frontales-de-banera\\\/#breadcrumb\",\"itemListElement\":[{\"@type\":\"ListItem\",\"position\":1,\"name\":\"Home\",\"item\":\"https:\\\/\\\/gmelorente.com\\\/en\\\/\"},{\"@type\":\"ListItem\",\"position\":2,\"name\":\"Screen adviser\",\"item\":\"https:\\\/\\\/gmelorente.com\\\/en\\\/asesor-virtual\\\/\"},{\"@type\":\"ListItem\",\"position\":3,\"name\":\"Bath screen\",\"item\":\"https:\\\/\\\/gmelorente.com\\\/en\\\/asesor-virtual\\\/mamparas-de-banera\\\/\"},{\"@type\":\"ListItem\",\"position\":4,\"name\":\"Front bath screen\"}]},{\"@type\":\"WebSite\",\"@id\":\"https:\\\/\\\/gmelorente.com\\\/#website\",\"url\":\"https:\\\/\\\/gmelorente.com\\\/\",\"name\":\"GME DIVISI\u00d3N BA\u00d1OS\",\"description\":\"Mamparas de ducha y mucho m\u00e1s\",\"publisher\":{\"@id\":\"https:\\\/\\\/gmelorente.com\\\/#organization\"},\"potentialAction\":[{\"@type\":\"SearchAction\",\"target\":{\"@type\":\"EntryPoint\",\"urlTemplate\":\"https:\\\/\\\/gmelorente.com\\\/?s={search_term_string}\"},\"query-input\":{\"@type\":\"PropertyValueSpecification\",\"valueRequired\":true,\"valueName\":\"search_term_string\"}}],\"inLanguage\":\"en-US\"},{\"@type\":\"Organization\",\"@id\":\"https:\\\/\\\/gmelorente.com\\\/#organization\",\"name\":\"GME DIVISI\u00d3N BA\u00d1OS S.L.\",\"url\":\"https:\\\/\\\/gmelorente.com\\\/\",\"logo\":{\"@type\":\"ImageObject\",\"inLanguage\":\"en-US\",\"@id\":\"https:\\\/\\\/gmelorente.com\\\/#\\\/schema\\\/logo\\\/image\\\/\",\"url\":\"https:\\\/\\\/gmelorente.com\\\/wp-content\\\/uploads\\\/logo-gme-azul.jpg\",\"contentUrl\":\"https:\\\/\\\/gmelorente.com\\\/wp-content\\\/uploads\\\/logo-gme-azul.jpg\",\"width\":810,\"height\":298,\"caption\":\"GME DIVISI\u00d3N BA\u00d1OS S.L.\"},\"image\":{\"@id\":\"https:\\\/\\\/gmelorente.com\\\/#\\\/schema\\\/logo\\\/image\\\/\"},\"sameAs\":[\"https:\\\/\\\/www.facebook.com\\\/gmedivision\\\/?fref=ts\",\"https:\\\/\\\/es.pinterest.com\\\/gmedivision\\\/?eq=gme&amp;etslf=14997\"]}]}<\/script>\n<!-- \/ Yoast SEO plugin. -->","yoast_head_json":{"title":"Fabricante de frontales de ba\u00f1era a medida - GME","description":"Fabricante de frontales de ba\u00f1era a medida. Mamparas con perfiler\u00eda de aluminio y cristales templados. Medidas standard con entrega inmediata.","robots":{"index":"index","follow":"follow","max-snippet":"max-snippet:-1","max-image-preview":"max-image-preview:large","max-video-preview":"max-video-preview:-1"},"canonical":"https:\/\/gmelorente.com\/en\/asesor-virtual\/mamparas-de-banera\/frontales-de-banera\/","og_locale":"en_US","og_type":"article","og_title":"Fabricante de frontales de ba\u00f1era a medida - GME","og_description":"Fabricante de frontales de ba\u00f1era a medida. Mamparas con perfiler\u00eda de aluminio y cristales templados. Medidas standard con entrega inmediata.","og_url":"https:\/\/gmelorente.com\/en\/asesor-virtual\/mamparas-de-banera\/frontales-de-banera\/","og_site_name":"GME DIVISI\u00d3N BA\u00d1OS","article_publisher":"https:\/\/www.facebook.com\/gmedivision\/?fref=ts","article_modified_time":"2016-02-28T19:56:23+00:00","twitter_card":"summary_large_image","schema":{"@context":"https:\/\/schema.org","@graph":[{"@type":"WebPage","@id":"https:\/\/gmelorente.com\/en\/asesor-virtual\/mamparas-de-banera\/frontales-de-banera\/","url":"https:\/\/gmelorente.com\/en\/asesor-virtual\/mamparas-de-banera\/frontales-de-banera\/","name":"Fabricante de frontales de ba\u00f1era a medida - GME","isPartOf":{"@id":"https:\/\/gmelorente.com\/#website"},"datePublished":"2015-11-04T01:26:11+00:00","dateModified":"2016-02-28T19:56:23+00:00","description":"Fabricante de frontales de ba\u00f1era a medida. Mamparas con perfiler\u00eda de aluminio y cristales templados. Medidas standard con entrega inmediata.","breadcrumb":{"@id":"https:\/\/gmelorente.com\/en\/asesor-virtual\/mamparas-de-banera\/frontales-de-banera\/#breadcrumb"},"inLanguage":"en-US","potentialAction":[{"@type":"ReadAction","target":["https:\/\/gmelorente.com\/en\/asesor-virtual\/mamparas-de-banera\/frontales-de-banera\/"]}]},{"@type":"BreadcrumbList","@id":"https:\/\/gmelorente.com\/en\/asesor-virtual\/mamparas-de-banera\/frontales-de-banera\/#breadcrumb","itemListElement":[{"@type":"ListItem","position":1,"name":"Home","item":"https:\/\/gmelorente.com\/en\/"},{"@type":"ListItem","position":2,"name":"Screen adviser","item":"https:\/\/gmelorente.com\/en\/asesor-virtual\/"},{"@type":"ListItem","position":3,"name":"Bath screen","item":"https:\/\/gmelorente.com\/en\/asesor-virtual\/mamparas-de-banera\/"},{"@type":"ListItem","position":4,"name":"Front bath screen"}]},{"@type":"WebSite","@id":"https:\/\/gmelorente.com\/#website","url":"https:\/\/gmelorente.com\/","name":"GME DIVISI\u00d3N BA\u00d1OS","description":"Mamparas de ducha y mucho m\u00e1s","publisher":{"@id":"https:\/\/gmelorente.com\/#organization"},"potentialAction":[{"@type":"SearchAction","target":{"@type":"EntryPoint","urlTemplate":"https:\/\/gmelorente.com\/?s={search_term_string}"},"query-input":{"@type":"PropertyValueSpecification","valueRequired":true,"valueName":"search_term_string"}}],"inLanguage":"en-US"},{"@type":"Organization","@id":"https:\/\/gmelorente.com\/#organization","name":"GME DIVISI\u00d3N BA\u00d1OS S.L.","url":"https:\/\/gmelorente.com\/","logo":{"@type":"ImageObject","inLanguage":"en-US","@id":"https:\/\/gmelorente.com\/#\/schema\/logo\/image\/","url":"https:\/\/gmelorente.com\/wp-content\/uploads\/logo-gme-azul.jpg","contentUrl":"https:\/\/gmelorente.com\/wp-content\/uploads\/logo-gme-azul.jpg","width":810,"height":298,"caption":"GME DIVISI\u00d3N BA\u00d1OS S.L."},"image":{"@id":"https:\/\/gmelorente.com\/#\/schema\/logo\/image\/"},"sameAs":["https:\/\/www.facebook.com\/gmedivision\/?fref=ts","https:\/\/es.pinterest.com\/gmedivision\/?eq=gme&amp;etslf=14997"]}]}},"_links":{"self":[{"href":"https:\/\/gmelorente.com\/en\/wp-json\/wp\/v2\/pages\/43009","targetHints":{"allow":["GET"]}}],"collection":[{"href":"https:\/\/gmelorente.com\/en\/wp-json\/wp\/v2\/pages"}],"about":[{"href":"https:\/\/gmelorente.com\/en\/wp-json\/wp\/v2\/types\/page"}],"author":[{"embeddable":true,"href":"https:\/\/gmelorente.com\/en\/wp-json\/wp\/v2\/users\/1"}],"replies":[{"embeddable":true,"href":"https:\/\/gmelorente.com\/en\/wp-json\/wp\/v2\/comments?post=43009"}],"version-history":[{"count":0,"href":"https:\/\/gmelorente.com\/en\/wp-json\/wp\/v2\/pages\/43009\/revisions"}],"up":[{"embeddable":true,"href":"https:\/\/gmelorente.com\/en\/wp-json\/wp\/v2\/pages\/43000"}],"wp:attachment":[{"href":"https:\/\/gmelorente.com\/en\/wp-json\/wp\/v2\/media?parent=43009"}],"curies":[{"name":"wp","href":"https:\/\/api.w.org\/{rel}","templated":true}]}}