{"id":43083,"date":"2015-08-13T16:36:33","date_gmt":"2015-08-13T14:36:33","guid":{"rendered":"https:\/\/gmelorente.com\/en\/productos\/accesorios\/"},"modified":"2016-02-28T20:03:01","modified_gmt":"2016-02-28T19:03:01","slug":"accesorios","status":"publish","type":"page","link":"https:\/\/gmelorente.com\/en\/productos\/accesorios\/","title":{"rendered":"Accessories"},"content":{"rendered":"<p>[vc_row][vc_column]<div class=\"dt-shortcode with-isotope\"><div class=\"wf-container dt-portfolio-shortcode loading-effect-none iso-grid bg-under-post description-under-image content-align-left\" data-padding=\"20px\" data-cur-page=\"1\" data-posts-per-page=\"-1\" data-width=\"0px\" data-columns=\"4\">\n<div class=\"wf-cell category-141\" data-post-id=\"80716\" data-date=\"2022-04-11T15:53:23+02:00\" data-name=\"BATHROOM ACCESSORIES FOR REDUCED MOBILITY\">\n<article class=\"post post-80716 dt_portfolio type-dt_portfolio status-publish has-post-thumbnail hentry dt_portfolio_category-accesorios-en dt_portfolio_category-141 bg-on\">\n\n\t<div class=\"project-list-media\">\n\t<figure class=\"buttons-on-img forward-post\">\n\t\t<a href=\"https:\/\/gmelorente.com\/en\/producto\/supplements-health-supplements-reduced-mobility\/\" class=\"alignnone rollover layzr-bg\" title=\"movilidad-reducida\"  aria-label=\"Post image\"><img fetchpriority=\"high\" decoding=\"async\" class=\"preload-me iso-lazy-load aspect\" src=\"data:image\/svg+xml,%3Csvg%20xmlns%3D&#39;http%3A%2F%2Fwww.w3.org%2F2000%2Fsvg&#39;%20viewBox%3D&#39;0%200%20600%20600&#39;%2F%3E\" data-src=\"https:\/\/gmelorente.com\/wp-content\/uploads\/movilidad-reducida-600x600.jpg\" data-srcset=\"https:\/\/gmelorente.com\/wp-content\/uploads\/movilidad-reducida-600x600.jpg 600w\" loading=\"eager\" style=\"--ratio: 600 \/ 600\" sizes=\"(max-width: 600px) 100vw, 600px\" alt=\"movilidad reducida\" width=\"600\" height=\"600\"  \/><\/a>\t\t\t<\/figure>\n<\/div>\n<div class=\"project-list-content\">\n\t<h3 class=\"entry-title\"><a href=\"https:\/\/gmelorente.com\/en\/producto\/supplements-health-supplements-reduced-mobility\/\" title=\"BATHROOM ACCESSORIES FOR REDUCED MOBILITY\" rel=\"bookmark\">BATHROOM ACCESSORIES FOR REDUCED MOBILITY<\/a><\/h3><p>Size 33&#8217;8&#215;34&#8217;8x50mm. Up to 160kg.<\/p>\n<\/div>\n<\/article>\n\n<\/div>\n<div class=\"wf-cell category-141\" data-post-id=\"80822\" data-date=\"2022-04-06T12:23:35+02:00\" data-name=\"CLICK CLACK VALVES\">\n<article class=\"post post-80822 dt_portfolio type-dt_portfolio status-publish has-post-thumbnail hentry dt_portfolio_category-accesorios-en dt_portfolio_category-141 bg-on\">\n\n\t<div class=\"project-list-media\">\n\t<figure class=\"buttons-on-img forward-post\">\n\t\t<a href=\"https:\/\/gmelorente.com\/en\/producto\/barra-de-apoyo-acero-inox-304-2\/\" class=\"alignnone rollover layzr-bg\" title=\"cuadrada\"  aria-label=\"Post image\"><img decoding=\"async\" class=\"preload-me iso-lazy-load aspect\" src=\"data:image\/svg+xml,%3Csvg%20xmlns%3D&#39;http%3A%2F%2Fwww.w3.org%2F2000%2Fsvg&#39;%20viewBox%3D&#39;0%200%20700%20700&#39;%2F%3E\" data-src=\"https:\/\/gmelorente.com\/wp-content\/uploads\/cuadrada.jpg\" data-srcset=\"https:\/\/gmelorente.com\/wp-content\/uploads\/cuadrada.jpg 700w\" loading=\"eager\" style=\"--ratio: 700 \/ 700\" sizes=\"(max-width: 700px) 100vw, 700px\" alt=\"cuadrada\" width=\"700\" height=\"700\"  \/><\/a>\t\t\t<\/figure>\n<\/div>\n<div class=\"project-list-content\">\n\t<h3 class=\"entry-title\"><a href=\"https:\/\/gmelorente.com\/en\/producto\/barra-de-apoyo-acero-inox-304-2\/\" title=\"CLICK CLACK VALVES\" rel=\"bookmark\">CLICK CLACK VALVES<\/a><\/h3><p>Click-clack valve models in different finishes.<\/p>\n<\/div>\n<\/article>\n\n<\/div>\n<div class=\"wf-cell category-141 category-123\" data-post-id=\"75181\" data-date=\"2022-04-07T17:14:33+02:00\" data-name=\"FLUSH WC FAUCETS\">\n<article class=\"post post-75181 dt_portfolio type-dt_portfolio status-publish has-post-thumbnail hentry dt_portfolio_category-accesorios-en dt_portfolio_category-empotrables-en dt_portfolio_category-141 dt_portfolio_category-123 bg-on\">\n\n\t<div class=\"project-list-media\">\n\t<figure class=\"buttons-on-img forward-post\">\n\t\t<a href=\"https:\/\/gmelorente.com\/en\/producto\/built-in-wc\/\" class=\"alignnone rollover layzr-bg\" title=\"empotrable-negro-ambiente\"  aria-label=\"Post image\"><img decoding=\"async\" class=\"preload-me iso-lazy-load aspect\" src=\"data:image\/svg+xml,%3Csvg%20xmlns%3D&#39;http%3A%2F%2Fwww.w3.org%2F2000%2Fsvg&#39;%20viewBox%3D&#39;0%200%20500%20500&#39;%2F%3E\" data-src=\"https:\/\/gmelorente.com\/wp-content\/uploads\/empotrable-negro-ambiente.jpg\" data-srcset=\"https:\/\/gmelorente.com\/wp-content\/uploads\/empotrable-negro-ambiente.jpg 500w\" loading=\"eager\" style=\"--ratio: 500 \/ 500\" sizes=\"(max-width: 500px) 100vw, 500px\" alt=\"empotrable wc negro\" width=\"500\" height=\"500\"  \/><\/a>\t\t\t<\/figure>\n<\/div>\n<div class=\"project-list-content\">\n\t<h3 class=\"entry-title\"><a href=\"https:\/\/gmelorente.com\/en\/producto\/built-in-wc\/\" title=\"FLUSH WC FAUCETS\" rel=\"bookmark\">FLUSH WC FAUCETS<\/a><\/h3><p>Concealed single lever mixer for WC and bidet. \u00a0Hot and cold water. \u00a01 position handle. \u00a0Chrome-plated brass or matte black finish. \u00a0Reinforced steel hose. &nbsp; CERTIFICATES One of the main objectives of GME DIVISI\u00d3N BA\u00d1OS SL is to guarantee the maximum quality of its products, which comply with all European standards. In turn, GME DIVISI\u00d3N&hellip;<\/p>\n<\/div>\n<\/article>\n\n<\/div>\n<div class=\"wf-cell category-141\" data-post-id=\"75261\" data-date=\"2022-04-07T16:05:53+02:00\" data-name=\"SINK TRAPS\">\n<article class=\"post post-75261 dt_portfolio type-dt_portfolio status-publish has-post-thumbnail hentry dt_portfolio_category-accesorios-en dt_portfolio_category-141 bg-on\">\n\n\t<div class=\"project-list-media\">\n\t<figure class=\"buttons-on-img forward-post\">\n\t\t<a href=\"https:\/\/gmelorente.com\/en\/producto\/siphon-for-basin\/\" class=\"alignnone rollover layzr-bg\" title=\"LAVABO FONDO REDUCIDO 45x36x12,5 - pag. 225 del cat\u00e1logo\"  aria-label=\"Post image\"><img decoding=\"async\" class=\"preload-me iso-lazy-load aspect\" src=\"data:image\/svg+xml,%3Csvg%20xmlns%3D&#39;http%3A%2F%2Fwww.w3.org%2F2000%2Fsvg&#39;%20viewBox%3D&#39;0%200%20900%20900&#39;%2F%3E\" data-src=\"https:\/\/gmelorente.com\/wp-content\/uploads\/9363-e1648723549713.jpg\" data-srcset=\"https:\/\/gmelorente.com\/wp-content\/uploads\/9363-e1648723549713.jpg 900w\" loading=\"eager\" style=\"--ratio: 900 \/ 900\" sizes=\"(max-width: 900px) 100vw, 900px\" alt=\"\" width=\"900\" height=\"900\"  \/><\/a>\t\t\t<\/figure>\n<\/div>\n<div class=\"project-list-content\">\n\t<h3 class=\"entry-title\"><a href=\"https:\/\/gmelorente.com\/en\/producto\/siphon-for-basin\/\" title=\"SINK TRAPS\" rel=\"bookmark\">SINK TRAPS<\/a><\/h3><p>Chrome and matt black washbasin trap. Brass siphon drain Registrable 1.1\/4 &#8220;x32 mm &nbsp; CERTIFICATES One of the main objectives of GME DIVISION BATHROOMS SL is to guarantee the highest quality of its products, which comply with all European standards. In turn, GME DIVISI\u00d3N BA\u00d1OS SL is associated to the technological institute AIDIMA, in which&hellip;<\/p>\n<\/div>\n<\/article>\n\n<\/div>\n<div class=\"wf-cell category-141\" data-post-id=\"75283\" data-date=\"2022-04-12T17:03:13+02:00\" data-name=\"STAINLESS STEEL SHOWER BASKETS\">\n<article class=\"post post-75283 dt_portfolio type-dt_portfolio status-publish has-post-thumbnail hentry dt_portfolio_category-accesorios-en dt_portfolio_category-141 bg-on\">\n\n\t<div class=\"project-list-media\">\n\t<figure class=\"buttons-on-img forward-post\">\n\t\t<a href=\"https:\/\/gmelorente.com\/en\/producto\/stainless-steel-shower-baskets\/\" class=\"alignnone rollover layzr-bg\" title=\"2978244_2\"  aria-label=\"Post image\"><img decoding=\"async\" class=\"preload-me iso-lazy-load aspect\" src=\"data:image\/svg+xml,%3Csvg%20xmlns%3D&#39;http%3A%2F%2Fwww.w3.org%2F2000%2Fsvg&#39;%20viewBox%3D&#39;0%200%20470%20470&#39;%2F%3E\" data-src=\"https:\/\/gmelorente.com\/wp-content\/uploads\/2978244_2.jpg\" data-srcset=\"https:\/\/gmelorente.com\/wp-content\/uploads\/2978244_2.jpg 470w\" loading=\"eager\" style=\"--ratio: 470 \/ 470\" sizes=\"(max-width: 470px) 100vw, 470px\" alt=\"\" width=\"470\" height=\"470\"  \/><\/a>\t\t\t<\/figure>\n<\/div>\n<div class=\"project-list-content\">\n\t<h3 class=\"entry-title\"><a href=\"https:\/\/gmelorente.com\/en\/producto\/stainless-steel-shower-baskets\/\" title=\"STAINLESS STEEL SHOWER BASKETS\" rel=\"bookmark\">STAINLESS STEEL SHOWER BASKETS<\/a><\/h3><p>Shower baskets<\/p>\n<\/div>\n<\/article>\n\n<\/div>\n<div class=\"wf-cell category-141\" data-post-id=\"75190\" data-date=\"2022-04-12T17:24:25+02:00\" data-name=\"STEEL SUPPORT BAR\">\n<article class=\"post post-75190 dt_portfolio type-dt_portfolio status-publish has-post-thumbnail hentry dt_portfolio_category-accesorios-en dt_portfolio_category-141 bg-on\">\n\n\t<div class=\"project-list-media\">\n\t<figure class=\"buttons-on-img forward-post\">\n\t\t<a href=\"https:\/\/gmelorente.com\/en\/producto\/barra-de-apoyo-acero-inox-304-2-3\/\" class=\"alignnone rollover layzr-bg\" title=\"BARRA-DUCHA-REGULABLE\"  aria-label=\"Post image\"><img decoding=\"async\" class=\"preload-me iso-lazy-load aspect\" src=\"data:image\/svg+xml,%3Csvg%20xmlns%3D&#39;http%3A%2F%2Fwww.w3.org%2F2000%2Fsvg&#39;%20viewBox%3D&#39;0%200%20750%20750&#39;%2F%3E\" data-src=\"https:\/\/gmelorente.com\/wp-content\/uploads\/BARRA-DUCHA-REGULABLE.jpg\" data-srcset=\"https:\/\/gmelorente.com\/wp-content\/uploads\/BARRA-DUCHA-REGULABLE.jpg 750w\" loading=\"eager\" style=\"--ratio: 750 \/ 750\" sizes=\"(max-width: 750px) 100vw, 750px\" alt=\"\" width=\"750\" height=\"750\"  \/><\/a>\t\t\t<\/figure>\n<\/div>\n<div class=\"project-list-content\">\n\t<h3 class=\"entry-title\"><a href=\"https:\/\/gmelorente.com\/en\/producto\/barra-de-apoyo-acero-inox-304-2-3\/\" title=\"STEEL SUPPORT BAR\" rel=\"bookmark\">STEEL SUPPORT BAR<\/a><\/h3><p>Adjustable height and chrome finish.<\/p>\n<\/div>\n<\/article>\n\n<\/div>\n<div class=\"wf-cell category-141\" data-post-id=\"75203\" data-date=\"2022-04-07T16:45:12+02:00\" data-name=\"STEEL SUPPORT BAR\">\n<article class=\"post post-75203 dt_portfolio type-dt_portfolio status-publish has-post-thumbnail hentry dt_portfolio_category-accesorios-en dt_portfolio_category-141 bg-on\">\n\n\t<div class=\"project-list-media\">\n\t<figure class=\"buttons-on-img forward-post\">\n\t\t<a href=\"https:\/\/gmelorente.com\/en\/producto\/barra-de-apoyo-acero-inox-304-2-3-2\/\" class=\"alignnone rollover layzr-bg\" title=\"MANGO-DUCHA-3-POSICIONES\"  aria-label=\"Post image\"><img decoding=\"async\" class=\"preload-me iso-lazy-load aspect\" src=\"data:image\/svg+xml,%3Csvg%20xmlns%3D&#39;http%3A%2F%2Fwww.w3.org%2F2000%2Fsvg&#39;%20viewBox%3D&#39;0%200%20750%20750&#39;%2F%3E\" data-src=\"https:\/\/gmelorente.com\/wp-content\/uploads\/MANGO-DUCHA-3-POSICIONES.jpg\" data-srcset=\"https:\/\/gmelorente.com\/wp-content\/uploads\/MANGO-DUCHA-3-POSICIONES.jpg 750w\" loading=\"eager\" style=\"--ratio: 750 \/ 750\" sizes=\"(max-width: 750px) 100vw, 750px\" alt=\"\" width=\"750\" height=\"750\"  \/><\/a>\t\t\t<\/figure>\n<\/div>\n<div class=\"project-list-content\">\n\t<h3 class=\"entry-title\"><a href=\"https:\/\/gmelorente.com\/en\/producto\/barra-de-apoyo-acero-inox-304-2-3-2\/\" title=\"STEEL SUPPORT BAR\" rel=\"bookmark\">STEEL SUPPORT BAR<\/a><\/h3><p>&nbsp; Shower handles 7 models, chrome and matte black finishes, 3 different designs. Shower supports 4 models, chrome and matt black finish, 2 different designs (round and square). Shower hoses 3 models, finished in chrome, silver PVC and matt black PVC. &nbsp; CERTIFICATES One of the main objectives of GME DIVISION BATHROOMS SL is to&hellip;<\/p>\n<\/div>\n<\/article>\n\n<\/div><\/div><\/div>[\/vc_column][\/vc_row]<\/p>\n","protected":false},"excerpt":{"rendered":"<p>[vc_row][vc_column][\/vc_column][\/vc_row]<\/p>\n","protected":false},"author":1,"featured_media":0,"parent":43077,"menu_order":0,"comment_status":"closed","ping_status":"closed","template":"","meta":{"footnotes":""},"class_list":["post-43083","page","type-page","status-publish","hentry","description-off"],"yoast_head":"<!-- This site is optimized with the Yoast SEO plugin v27.3 - https:\/\/yoast.com\/product\/yoast-seo-wordpress\/ -->\n<title>Accessories - GME DIVISI\u00d3N BA\u00d1OS<\/title>\n<meta name=\"robots\" content=\"index, follow, max-snippet:-1, max-image-preview:large, max-video-preview:-1\" \/>\n<link rel=\"canonical\" href=\"https:\/\/gmelorente.com\/en\/productos\/accesorios\/\" \/>\n<meta property=\"og:locale\" content=\"en_US\" \/>\n<meta property=\"og:type\" content=\"article\" \/>\n<meta property=\"og:title\" content=\"Accessories - GME DIVISI\u00d3N BA\u00d1OS\" \/>\n<meta property=\"og:description\" content=\"[vc_row][vc_column][\/vc_column][\/vc_row]\" \/>\n<meta property=\"og:url\" content=\"https:\/\/gmelorente.com\/en\/productos\/accesorios\/\" \/>\n<meta property=\"og:site_name\" content=\"GME DIVISI\u00d3N BA\u00d1OS\" \/>\n<meta property=\"article:publisher\" content=\"https:\/\/www.facebook.com\/gmedivision\/?fref=ts\" \/>\n<meta property=\"article:modified_time\" content=\"2016-02-28T19:03:01+00:00\" \/>\n<meta name=\"twitter:card\" content=\"summary_large_image\" \/>\n<script type=\"application\/ld+json\" class=\"yoast-schema-graph\">{\"@context\":\"https:\\\/\\\/schema.org\",\"@graph\":[{\"@type\":\"WebPage\",\"@id\":\"https:\\\/\\\/gmelorente.com\\\/en\\\/productos\\\/accesorios\\\/\",\"url\":\"https:\\\/\\\/gmelorente.com\\\/en\\\/productos\\\/accesorios\\\/\",\"name\":\"Accessories - GME DIVISI\u00d3N BA\u00d1OS\",\"isPartOf\":{\"@id\":\"https:\\\/\\\/gmelorente.com\\\/#website\"},\"datePublished\":\"2015-08-13T14:36:33+00:00\",\"dateModified\":\"2016-02-28T19:03:01+00:00\",\"breadcrumb\":{\"@id\":\"https:\\\/\\\/gmelorente.com\\\/en\\\/productos\\\/accesorios\\\/#breadcrumb\"},\"inLanguage\":\"en-US\",\"potentialAction\":[{\"@type\":\"ReadAction\",\"target\":[\"https:\\\/\\\/gmelorente.com\\\/en\\\/productos\\\/accesorios\\\/\"]}]},{\"@type\":\"BreadcrumbList\",\"@id\":\"https:\\\/\\\/gmelorente.com\\\/en\\\/productos\\\/accesorios\\\/#breadcrumb\",\"itemListElement\":[{\"@type\":\"ListItem\",\"position\":1,\"name\":\"Home\",\"item\":\"https:\\\/\\\/gmelorente.com\\\/en\\\/\"},{\"@type\":\"ListItem\",\"position\":2,\"name\":\"Products\",\"item\":\"https:\\\/\\\/gmelorente.com\\\/en\\\/productos\\\/\"},{\"@type\":\"ListItem\",\"position\":3,\"name\":\"Accessories\"}]},{\"@type\":\"WebSite\",\"@id\":\"https:\\\/\\\/gmelorente.com\\\/#website\",\"url\":\"https:\\\/\\\/gmelorente.com\\\/\",\"name\":\"GME DIVISI\u00d3N BA\u00d1OS\",\"description\":\"Mamparas de ducha y mucho m\u00e1s\",\"publisher\":{\"@id\":\"https:\\\/\\\/gmelorente.com\\\/#organization\"},\"potentialAction\":[{\"@type\":\"SearchAction\",\"target\":{\"@type\":\"EntryPoint\",\"urlTemplate\":\"https:\\\/\\\/gmelorente.com\\\/?s={search_term_string}\"},\"query-input\":{\"@type\":\"PropertyValueSpecification\",\"valueRequired\":true,\"valueName\":\"search_term_string\"}}],\"inLanguage\":\"en-US\"},{\"@type\":\"Organization\",\"@id\":\"https:\\\/\\\/gmelorente.com\\\/#organization\",\"name\":\"GME DIVISI\u00d3N BA\u00d1OS S.L.\",\"url\":\"https:\\\/\\\/gmelorente.com\\\/\",\"logo\":{\"@type\":\"ImageObject\",\"inLanguage\":\"en-US\",\"@id\":\"https:\\\/\\\/gmelorente.com\\\/#\\\/schema\\\/logo\\\/image\\\/\",\"url\":\"https:\\\/\\\/gmelorente.com\\\/wp-content\\\/uploads\\\/logo-gme-azul.jpg\",\"contentUrl\":\"https:\\\/\\\/gmelorente.com\\\/wp-content\\\/uploads\\\/logo-gme-azul.jpg\",\"width\":810,\"height\":298,\"caption\":\"GME DIVISI\u00d3N BA\u00d1OS S.L.\"},\"image\":{\"@id\":\"https:\\\/\\\/gmelorente.com\\\/#\\\/schema\\\/logo\\\/image\\\/\"},\"sameAs\":[\"https:\\\/\\\/www.facebook.com\\\/gmedivision\\\/?fref=ts\",\"https:\\\/\\\/es.pinterest.com\\\/gmedivision\\\/?eq=gme&amp;etslf=14997\"]}]}<\/script>\n<!-- \/ Yoast SEO plugin. -->","yoast_head_json":{"title":"Accessories - GME DIVISI\u00d3N BA\u00d1OS","robots":{"index":"index","follow":"follow","max-snippet":"max-snippet:-1","max-image-preview":"max-image-preview:large","max-video-preview":"max-video-preview:-1"},"canonical":"https:\/\/gmelorente.com\/en\/productos\/accesorios\/","og_locale":"en_US","og_type":"article","og_title":"Accessories - GME DIVISI\u00d3N BA\u00d1OS","og_description":"[vc_row][vc_column][\/vc_column][\/vc_row]","og_url":"https:\/\/gmelorente.com\/en\/productos\/accesorios\/","og_site_name":"GME DIVISI\u00d3N BA\u00d1OS","article_publisher":"https:\/\/www.facebook.com\/gmedivision\/?fref=ts","article_modified_time":"2016-02-28T19:03:01+00:00","twitter_card":"summary_large_image","schema":{"@context":"https:\/\/schema.org","@graph":[{"@type":"WebPage","@id":"https:\/\/gmelorente.com\/en\/productos\/accesorios\/","url":"https:\/\/gmelorente.com\/en\/productos\/accesorios\/","name":"Accessories - GME DIVISI\u00d3N BA\u00d1OS","isPartOf":{"@id":"https:\/\/gmelorente.com\/#website"},"datePublished":"2015-08-13T14:36:33+00:00","dateModified":"2016-02-28T19:03:01+00:00","breadcrumb":{"@id":"https:\/\/gmelorente.com\/en\/productos\/accesorios\/#breadcrumb"},"inLanguage":"en-US","potentialAction":[{"@type":"ReadAction","target":["https:\/\/gmelorente.com\/en\/productos\/accesorios\/"]}]},{"@type":"BreadcrumbList","@id":"https:\/\/gmelorente.com\/en\/productos\/accesorios\/#breadcrumb","itemListElement":[{"@type":"ListItem","position":1,"name":"Home","item":"https:\/\/gmelorente.com\/en\/"},{"@type":"ListItem","position":2,"name":"Products","item":"https:\/\/gmelorente.com\/en\/productos\/"},{"@type":"ListItem","position":3,"name":"Accessories"}]},{"@type":"WebSite","@id":"https:\/\/gmelorente.com\/#website","url":"https:\/\/gmelorente.com\/","name":"GME DIVISI\u00d3N BA\u00d1OS","description":"Mamparas de ducha y mucho m\u00e1s","publisher":{"@id":"https:\/\/gmelorente.com\/#organization"},"potentialAction":[{"@type":"SearchAction","target":{"@type":"EntryPoint","urlTemplate":"https:\/\/gmelorente.com\/?s={search_term_string}"},"query-input":{"@type":"PropertyValueSpecification","valueRequired":true,"valueName":"search_term_string"}}],"inLanguage":"en-US"},{"@type":"Organization","@id":"https:\/\/gmelorente.com\/#organization","name":"GME DIVISI\u00d3N BA\u00d1OS S.L.","url":"https:\/\/gmelorente.com\/","logo":{"@type":"ImageObject","inLanguage":"en-US","@id":"https:\/\/gmelorente.com\/#\/schema\/logo\/image\/","url":"https:\/\/gmelorente.com\/wp-content\/uploads\/logo-gme-azul.jpg","contentUrl":"https:\/\/gmelorente.com\/wp-content\/uploads\/logo-gme-azul.jpg","width":810,"height":298,"caption":"GME DIVISI\u00d3N BA\u00d1OS S.L."},"image":{"@id":"https:\/\/gmelorente.com\/#\/schema\/logo\/image\/"},"sameAs":["https:\/\/www.facebook.com\/gmedivision\/?fref=ts","https:\/\/es.pinterest.com\/gmedivision\/?eq=gme&amp;etslf=14997"]}]}},"_links":{"self":[{"href":"https:\/\/gmelorente.com\/en\/wp-json\/wp\/v2\/pages\/43083","targetHints":{"allow":["GET"]}}],"collection":[{"href":"https:\/\/gmelorente.com\/en\/wp-json\/wp\/v2\/pages"}],"about":[{"href":"https:\/\/gmelorente.com\/en\/wp-json\/wp\/v2\/types\/page"}],"author":[{"embeddable":true,"href":"https:\/\/gmelorente.com\/en\/wp-json\/wp\/v2\/users\/1"}],"replies":[{"embeddable":true,"href":"https:\/\/gmelorente.com\/en\/wp-json\/wp\/v2\/comments?post=43083"}],"version-history":[{"count":0,"href":"https:\/\/gmelorente.com\/en\/wp-json\/wp\/v2\/pages\/43083\/revisions"}],"up":[{"embeddable":true,"href":"https:\/\/gmelorente.com\/en\/wp-json\/wp\/v2\/pages\/43077"}],"wp:attachment":[{"href":"https:\/\/gmelorente.com\/en\/wp-json\/wp\/v2\/media?parent=43083"}],"curies":[{"name":"wp","href":"https:\/\/api.w.org\/{rel}","templated":true}]}}