{"id":43092,"date":"2015-08-13T16:35:04","date_gmt":"2015-08-13T14:35:04","guid":{"rendered":"https:\/\/gmelorente.com\/en\/productos\/platos-de-ducha\/"},"modified":"2016-02-28T20:25:44","modified_gmt":"2016-02-28T19:25:44","slug":"platos-de-ducha","status":"publish","type":"page","link":"https:\/\/gmelorente.com\/en\/productos\/platos-de-ducha\/","title":{"rendered":"Shower trays"},"content":{"rendered":"<p>[vc_row][vc_column]<div class=\"dt-shortcode with-isotope\"><div class=\"filter iso-filter extras-off\"><div class=\"filter-categories\" data-default-order=\"asc\" data-default-orderby=\"title\"><a href=\"https:\/\/gmelorente.com\/en\/productos\/platos-de-ducha\/\" class=\"show-all act\" data-filter=\"*\" aria-label=\"Apply filter: View all\">View all<\/a><a href=\"https:\/\/gmelorente.com\/en\/productos\/platos-de-ducha\/?term=180\" class=\"resina-carga-mineral-plus-en\" data-filter=\".category-180\" aria-label=\"Apply filter: Resina carga mineral plus\">Resina carga mineral plus<\/a><a href=\"https:\/\/gmelorente.com\/en\/productos\/platos-de-ducha\/?term=177\" class=\"resina-carga-mineral-tradicional-en\" data-filter=\".category-177\" aria-label=\"Apply filter: Resina carga mineral tradicional\">Resina carga mineral tradicional<\/a><a href=\"https:\/\/gmelorente.com\/en\/productos\/platos-de-ducha\/?term=172\" class=\"resina-tecnica-en\" data-filter=\".category-172\" aria-label=\"Apply filter: Resina t\u00e9cnica\">Resina t\u00e9cnica<\/a><\/div><\/div><div class=\"wf-container dt-portfolio-shortcode loading-effect-none iso-grid bg-under-post description-under-image content-align-left\" data-padding=\"20px\" data-cur-page=\"1\" data-posts-per-page=\"-1\" data-width=\"0px\" data-columns=\"4\">\n<div class=\"wf-cell category-166 category-180\" data-post-id=\"42913\" data-date=\"2015-10-27T01:20:47+01:00\" data-name=\"ARDESIA SHOWER TRAY\">\n<article class=\"post post-42913 dt_portfolio type-dt_portfolio status-publish has-post-thumbnail hentry dt_portfolio_category-platos-de-ducha-en dt_portfolio_category-resina-carga-mineral-plus-en dt_portfolio_category-166 dt_portfolio_category-180 bg-on\">\n\n\t<div class=\"project-list-media\">\n\t<figure class=\"buttons-on-img forward-post\">\n\t\t<a href=\"https:\/\/gmelorente.com\/en\/producto\/plato-de-ducha-ardesia\/\" class=\"alignnone rollover layzr-bg\" title=\"PLATOS CARGA MINERAL ARDESIA PLUS PIZARRA - pag. 187 del cat\u00e1logo\"  aria-label=\"Post image\"><img fetchpriority=\"high\" decoding=\"async\" class=\"preload-me iso-lazy-load aspect\" src=\"data:image\/svg+xml,%3Csvg%20xmlns%3D&#39;http%3A%2F%2Fwww.w3.org%2F2000%2Fsvg&#39;%20viewBox%3D&#39;0%200%20840%20840&#39;%2F%3E\" data-src=\"https:\/\/gmelorente.com\/wp-content\/uploads\/Cascada_Ardesia_plus.jpg\" data-srcset=\"https:\/\/gmelorente.com\/wp-content\/uploads\/Cascada_Ardesia_plus.jpg 840w\" loading=\"eager\" style=\"--ratio: 840 \/ 840\" sizes=\"(max-width: 840px) 100vw, 840px\" alt=\"\" width=\"840\" height=\"840\"  \/><\/a>\t\t\t<\/figure>\n<\/div>\n<div class=\"project-list-content\">\n\t<h3 class=\"entry-title\"><a href=\"https:\/\/gmelorente.com\/en\/producto\/plato-de-ducha-ardesia\/\" title=\"ARDESIA SHOWER TRAY\" rel=\"bookmark\">ARDESIA SHOWER TRAY<\/a><\/h3><p>Cutting-edge mineral filler made of resin with a new mineral filler formula and gel coat.<\/p>\n<\/div>\n<\/article>\n\n<\/div>\n<div class=\"wf-cell category-171 category-166 category-172\" data-post-id=\"42904\" data-date=\"2015-10-27T01:45:36+01:00\" data-name=\"RESITEC ROCK SHOWER TRAY\">\n<article class=\"post post-42904 dt_portfolio type-dt_portfolio status-publish has-post-thumbnail hentry dt_portfolio_category-destacado-en dt_portfolio_category-platos-de-ducha-en dt_portfolio_category-resina-tecnica-en dt_portfolio_category-171 dt_portfolio_category-166 dt_portfolio_category-172 bg-on\">\n\n\t<div class=\"project-list-media\">\n\t<figure class=\"buttons-on-img forward-post\">\n\t\t<a href=\"https:\/\/gmelorente.com\/en\/producto\/plato-de-ducha-resitec-rock\/\" class=\"alignnone rollover layzr-bg\" title=\"PLATOS DE RESINA RESITEC ROCK PIEDRA - pag. 191 del cat\u00e1logo\"  aria-label=\"Post image\"><img decoding=\"async\" class=\"preload-me iso-lazy-load aspect\" src=\"data:image\/svg+xml,%3Csvg%20xmlns%3D&#39;http%3A%2F%2Fwww.w3.org%2F2000%2Fsvg&#39;%20viewBox%3D&#39;0%200%20840%20840&#39;%2F%3E\" data-src=\"https:\/\/gmelorente.com\/wp-content\/uploads\/Cascada_Resitec_rock.jpg\" data-srcset=\"https:\/\/gmelorente.com\/wp-content\/uploads\/Cascada_Resitec_rock.jpg 840w\" loading=\"eager\" style=\"--ratio: 840 \/ 840\" sizes=\"(max-width: 840px) 100vw, 840px\" alt=\"\" width=\"840\" height=\"840\"  \/><\/a>\t\t\t<\/figure>\n<\/div>\n<div class=\"project-list-content\">\n\t<h3 class=\"entry-title\"><a href=\"https:\/\/gmelorente.com\/en\/producto\/plato-de-ducha-resitec-rock\/\" title=\"RESITEC ROCK SHOWER TRAY\" rel=\"bookmark\">RESITEC ROCK SHOWER TRAY<\/a><\/h3><p>Trays made of engineering resin and bathroom gel coating through technology and a production system that allows us to considerably reduce the weight.<\/p>\n<\/div>\n<\/article>\n\n<\/div>\n<div class=\"wf-cell category-166 category-177\" data-post-id=\"42907\" data-date=\"2015-10-27T01:38:20+01:00\" data-name=\"STONE CLASSIC SHOWER TRAY\">\n<article class=\"post post-42907 dt_portfolio type-dt_portfolio status-publish has-post-thumbnail hentry dt_portfolio_category-platos-de-ducha-en dt_portfolio_category-resina-carga-mineral-tradicional-en dt_portfolio_category-166 dt_portfolio_category-177 bg-on\">\n\n\t<div class=\"project-list-media\">\n\t<figure class=\"buttons-on-img forward-post\">\n\t\t<a href=\"https:\/\/gmelorente.com\/en\/producto\/plato-de-ducha-stone-classic\/\" class=\"alignnone rollover layzr-bg\" title=\"PLATOS CARGA MINERAL STONE CLASSIC PIZARRA - pag. 185 del cat\u00e1logo\"  aria-label=\"Post image\"><img decoding=\"async\" class=\"preload-me iso-lazy-load aspect\" src=\"data:image\/svg+xml,%3Csvg%20xmlns%3D&#39;http%3A%2F%2Fwww.w3.org%2F2000%2Fsvg&#39;%20viewBox%3D&#39;0%200%20840%20840&#39;%2F%3E\" data-src=\"https:\/\/gmelorente.com\/wp-content\/uploads\/Cascada_Stone_classic.jpg\" data-srcset=\"https:\/\/gmelorente.com\/wp-content\/uploads\/Cascada_Stone_classic.jpg 840w\" loading=\"eager\" style=\"--ratio: 840 \/ 840\" sizes=\"(max-width: 840px) 100vw, 840px\" alt=\"\" width=\"840\" height=\"840\"  \/><\/a>\t\t\t<\/figure>\n<\/div>\n<div class=\"project-list-content\">\n\t<h3 class=\"entry-title\"><a href=\"https:\/\/gmelorente.com\/en\/producto\/plato-de-ducha-stone-classic\/\" title=\"STONE CLASSIC SHOWER TRAY\" rel=\"bookmark\">STONE CLASSIC SHOWER TRAY<\/a><\/h3><p>Slim line shower tray in resin with mineral filler and bathroom gel coating.<\/p>\n<\/div>\n<\/article>\n\n<\/div>\n<div class=\"wf-cell category-171 category-166 category-180\" data-post-id=\"42910\" data-date=\"2015-10-27T01:31:39+01:00\" data-name=\"STYLE PLUS SHOWER TRAY\">\n<article class=\"post post-42910 dt_portfolio type-dt_portfolio status-publish has-post-thumbnail hentry dt_portfolio_category-destacado-en dt_portfolio_category-platos-de-ducha-en dt_portfolio_category-resina-carga-mineral-plus-en dt_portfolio_category-171 dt_portfolio_category-166 dt_portfolio_category-180 bg-on\">\n\n\t<div class=\"project-list-media\">\n\t<figure class=\"buttons-on-img forward-post\">\n\t\t<a href=\"https:\/\/gmelorente.com\/en\/producto\/plato-de-ducha-style-plus\/\" class=\"alignnone rollover layzr-bg\" title=\"PLATOS CARGA MINERAL STYLE PLUS PIZARRA - pag. 189 del cat\u00e1logo\"  aria-label=\"Post image\"><img decoding=\"async\" class=\"preload-me iso-lazy-load aspect\" src=\"data:image\/svg+xml,%3Csvg%20xmlns%3D&#39;http%3A%2F%2Fwww.w3.org%2F2000%2Fsvg&#39;%20viewBox%3D&#39;0%200%20840%20840&#39;%2F%3E\" data-src=\"https:\/\/gmelorente.com\/wp-content\/uploads\/Cascada_Style_Plus.jpg\" data-srcset=\"https:\/\/gmelorente.com\/wp-content\/uploads\/Cascada_Style_Plus.jpg 840w\" loading=\"eager\" style=\"--ratio: 840 \/ 840\" sizes=\"(max-width: 840px) 100vw, 840px\" alt=\"\" width=\"840\" height=\"840\"  \/><\/a>\t\t\t<\/figure>\n<\/div>\n<div class=\"project-list-content\">\n\t<h3 class=\"entry-title\"><a href=\"https:\/\/gmelorente.com\/en\/producto\/plato-de-ducha-style-plus\/\" title=\"STYLE PLUS SHOWER TRAY\" rel=\"bookmark\">STYLE PLUS SHOWER TRAY<\/a><\/h3><p>Latest generation mineral filler made with resin with a new mineral filler and gel coating formula.<\/p>\n<\/div>\n<\/article>\n\n<\/div><\/div><\/div>[\/vc_column][\/vc_row]<\/p>\n","protected":false},"excerpt":{"rendered":"<p>[vc_row][vc_column][\/vc_column][\/vc_row]<\/p>\n","protected":false},"author":1,"featured_media":0,"parent":43077,"menu_order":0,"comment_status":"closed","ping_status":"closed","template":"","meta":{"footnotes":""},"class_list":["post-43092","page","type-page","status-publish","hentry","description-off"],"yoast_head":"<!-- This site is optimized with the Yoast SEO plugin v27.3 - https:\/\/yoast.com\/product\/yoast-seo-wordpress\/ -->\n<title>Fabricante platos de ducha con certificados de calidad GME<\/title>\n<meta name=\"description\" content=\"Fabricante platos de ducha con certificados de calidad GME. Platos de resina con carga mineral a medida, con corte y con un plazo de entrega medio de 48 horas.\" \/>\n<meta name=\"robots\" content=\"index, follow, max-snippet:-1, max-image-preview:large, max-video-preview:-1\" \/>\n<link rel=\"canonical\" href=\"https:\/\/gmelorente.com\/en\/productos\/platos-de-ducha\/\" \/>\n<meta property=\"og:locale\" content=\"en_US\" \/>\n<meta property=\"og:type\" content=\"article\" \/>\n<meta property=\"og:title\" content=\"Fabricante platos de ducha con certificados de calidad GME\" \/>\n<meta property=\"og:description\" content=\"Fabricante platos de ducha con certificados de calidad GME. Platos de resina con carga mineral a medida, con corte y con un plazo de entrega medio de 48 horas.\" \/>\n<meta property=\"og:url\" content=\"https:\/\/gmelorente.com\/en\/productos\/platos-de-ducha\/\" \/>\n<meta property=\"og:site_name\" content=\"GME DIVISI\u00d3N BA\u00d1OS\" \/>\n<meta property=\"article:publisher\" content=\"https:\/\/www.facebook.com\/gmedivision\/?fref=ts\" \/>\n<meta property=\"article:modified_time\" content=\"2016-02-28T19:25:44+00:00\" \/>\n<meta name=\"twitter:card\" content=\"summary_large_image\" \/>\n<script type=\"application\/ld+json\" class=\"yoast-schema-graph\">{\"@context\":\"https:\\\/\\\/schema.org\",\"@graph\":[{\"@type\":\"WebPage\",\"@id\":\"https:\\\/\\\/gmelorente.com\\\/en\\\/productos\\\/platos-de-ducha\\\/\",\"url\":\"https:\\\/\\\/gmelorente.com\\\/en\\\/productos\\\/platos-de-ducha\\\/\",\"name\":\"Fabricante platos de ducha con certificados de calidad GME\",\"isPartOf\":{\"@id\":\"https:\\\/\\\/gmelorente.com\\\/#website\"},\"datePublished\":\"2015-08-13T14:35:04+00:00\",\"dateModified\":\"2016-02-28T19:25:44+00:00\",\"description\":\"Fabricante platos de ducha con certificados de calidad GME. Platos de resina con carga mineral a medida, con corte y con un plazo de entrega medio de 48 horas.\",\"breadcrumb\":{\"@id\":\"https:\\\/\\\/gmelorente.com\\\/en\\\/productos\\\/platos-de-ducha\\\/#breadcrumb\"},\"inLanguage\":\"en-US\",\"potentialAction\":[{\"@type\":\"ReadAction\",\"target\":[\"https:\\\/\\\/gmelorente.com\\\/en\\\/productos\\\/platos-de-ducha\\\/\"]}]},{\"@type\":\"BreadcrumbList\",\"@id\":\"https:\\\/\\\/gmelorente.com\\\/en\\\/productos\\\/platos-de-ducha\\\/#breadcrumb\",\"itemListElement\":[{\"@type\":\"ListItem\",\"position\":1,\"name\":\"Home\",\"item\":\"https:\\\/\\\/gmelorente.com\\\/en\\\/\"},{\"@type\":\"ListItem\",\"position\":2,\"name\":\"Products\",\"item\":\"https:\\\/\\\/gmelorente.com\\\/en\\\/productos\\\/\"},{\"@type\":\"ListItem\",\"position\":3,\"name\":\"Shower trays\"}]},{\"@type\":\"WebSite\",\"@id\":\"https:\\\/\\\/gmelorente.com\\\/#website\",\"url\":\"https:\\\/\\\/gmelorente.com\\\/\",\"name\":\"GME DIVISI\u00d3N BA\u00d1OS\",\"description\":\"Mamparas de ducha y mucho m\u00e1s\",\"publisher\":{\"@id\":\"https:\\\/\\\/gmelorente.com\\\/#organization\"},\"potentialAction\":[{\"@type\":\"SearchAction\",\"target\":{\"@type\":\"EntryPoint\",\"urlTemplate\":\"https:\\\/\\\/gmelorente.com\\\/?s={search_term_string}\"},\"query-input\":{\"@type\":\"PropertyValueSpecification\",\"valueRequired\":true,\"valueName\":\"search_term_string\"}}],\"inLanguage\":\"en-US\"},{\"@type\":\"Organization\",\"@id\":\"https:\\\/\\\/gmelorente.com\\\/#organization\",\"name\":\"GME DIVISI\u00d3N BA\u00d1OS S.L.\",\"url\":\"https:\\\/\\\/gmelorente.com\\\/\",\"logo\":{\"@type\":\"ImageObject\",\"inLanguage\":\"en-US\",\"@id\":\"https:\\\/\\\/gmelorente.com\\\/#\\\/schema\\\/logo\\\/image\\\/\",\"url\":\"https:\\\/\\\/gmelorente.com\\\/wp-content\\\/uploads\\\/logo-gme-azul.jpg\",\"contentUrl\":\"https:\\\/\\\/gmelorente.com\\\/wp-content\\\/uploads\\\/logo-gme-azul.jpg\",\"width\":810,\"height\":298,\"caption\":\"GME DIVISI\u00d3N BA\u00d1OS S.L.\"},\"image\":{\"@id\":\"https:\\\/\\\/gmelorente.com\\\/#\\\/schema\\\/logo\\\/image\\\/\"},\"sameAs\":[\"https:\\\/\\\/www.facebook.com\\\/gmedivision\\\/?fref=ts\",\"https:\\\/\\\/es.pinterest.com\\\/gmedivision\\\/?eq=gme&amp;etslf=14997\"]}]}<\/script>\n<!-- \/ Yoast SEO plugin. -->","yoast_head_json":{"title":"Fabricante platos de ducha con certificados de calidad GME","description":"Fabricante platos de ducha con certificados de calidad GME. Platos de resina con carga mineral a medida, con corte y con un plazo de entrega medio de 48 horas.","robots":{"index":"index","follow":"follow","max-snippet":"max-snippet:-1","max-image-preview":"max-image-preview:large","max-video-preview":"max-video-preview:-1"},"canonical":"https:\/\/gmelorente.com\/en\/productos\/platos-de-ducha\/","og_locale":"en_US","og_type":"article","og_title":"Fabricante platos de ducha con certificados de calidad GME","og_description":"Fabricante platos de ducha con certificados de calidad GME. Platos de resina con carga mineral a medida, con corte y con un plazo de entrega medio de 48 horas.","og_url":"https:\/\/gmelorente.com\/en\/productos\/platos-de-ducha\/","og_site_name":"GME DIVISI\u00d3N BA\u00d1OS","article_publisher":"https:\/\/www.facebook.com\/gmedivision\/?fref=ts","article_modified_time":"2016-02-28T19:25:44+00:00","twitter_card":"summary_large_image","schema":{"@context":"https:\/\/schema.org","@graph":[{"@type":"WebPage","@id":"https:\/\/gmelorente.com\/en\/productos\/platos-de-ducha\/","url":"https:\/\/gmelorente.com\/en\/productos\/platos-de-ducha\/","name":"Fabricante platos de ducha con certificados de calidad GME","isPartOf":{"@id":"https:\/\/gmelorente.com\/#website"},"datePublished":"2015-08-13T14:35:04+00:00","dateModified":"2016-02-28T19:25:44+00:00","description":"Fabricante platos de ducha con certificados de calidad GME. Platos de resina con carga mineral a medida, con corte y con un plazo de entrega medio de 48 horas.","breadcrumb":{"@id":"https:\/\/gmelorente.com\/en\/productos\/platos-de-ducha\/#breadcrumb"},"inLanguage":"en-US","potentialAction":[{"@type":"ReadAction","target":["https:\/\/gmelorente.com\/en\/productos\/platos-de-ducha\/"]}]},{"@type":"BreadcrumbList","@id":"https:\/\/gmelorente.com\/en\/productos\/platos-de-ducha\/#breadcrumb","itemListElement":[{"@type":"ListItem","position":1,"name":"Home","item":"https:\/\/gmelorente.com\/en\/"},{"@type":"ListItem","position":2,"name":"Products","item":"https:\/\/gmelorente.com\/en\/productos\/"},{"@type":"ListItem","position":3,"name":"Shower trays"}]},{"@type":"WebSite","@id":"https:\/\/gmelorente.com\/#website","url":"https:\/\/gmelorente.com\/","name":"GME DIVISI\u00d3N BA\u00d1OS","description":"Mamparas de ducha y mucho m\u00e1s","publisher":{"@id":"https:\/\/gmelorente.com\/#organization"},"potentialAction":[{"@type":"SearchAction","target":{"@type":"EntryPoint","urlTemplate":"https:\/\/gmelorente.com\/?s={search_term_string}"},"query-input":{"@type":"PropertyValueSpecification","valueRequired":true,"valueName":"search_term_string"}}],"inLanguage":"en-US"},{"@type":"Organization","@id":"https:\/\/gmelorente.com\/#organization","name":"GME DIVISI\u00d3N BA\u00d1OS S.L.","url":"https:\/\/gmelorente.com\/","logo":{"@type":"ImageObject","inLanguage":"en-US","@id":"https:\/\/gmelorente.com\/#\/schema\/logo\/image\/","url":"https:\/\/gmelorente.com\/wp-content\/uploads\/logo-gme-azul.jpg","contentUrl":"https:\/\/gmelorente.com\/wp-content\/uploads\/logo-gme-azul.jpg","width":810,"height":298,"caption":"GME DIVISI\u00d3N BA\u00d1OS S.L."},"image":{"@id":"https:\/\/gmelorente.com\/#\/schema\/logo\/image\/"},"sameAs":["https:\/\/www.facebook.com\/gmedivision\/?fref=ts","https:\/\/es.pinterest.com\/gmedivision\/?eq=gme&amp;etslf=14997"]}]}},"_links":{"self":[{"href":"https:\/\/gmelorente.com\/en\/wp-json\/wp\/v2\/pages\/43092","targetHints":{"allow":["GET"]}}],"collection":[{"href":"https:\/\/gmelorente.com\/en\/wp-json\/wp\/v2\/pages"}],"about":[{"href":"https:\/\/gmelorente.com\/en\/wp-json\/wp\/v2\/types\/page"}],"author":[{"embeddable":true,"href":"https:\/\/gmelorente.com\/en\/wp-json\/wp\/v2\/users\/1"}],"replies":[{"embeddable":true,"href":"https:\/\/gmelorente.com\/en\/wp-json\/wp\/v2\/comments?post=43092"}],"version-history":[{"count":0,"href":"https:\/\/gmelorente.com\/en\/wp-json\/wp\/v2\/pages\/43092\/revisions"}],"up":[{"embeddable":true,"href":"https:\/\/gmelorente.com\/en\/wp-json\/wp\/v2\/pages\/43077"}],"wp:attachment":[{"href":"https:\/\/gmelorente.com\/en\/wp-json\/wp\/v2\/media?parent=43092"}],"curies":[{"name":"wp","href":"https:\/\/api.w.org\/{rel}","templated":true}]}}