{"id":43098,"date":"2015-08-13T16:43:34","date_gmt":"2015-08-13T14:43:34","guid":{"rendered":"https:\/\/gmelorente.com\/en\/productos\/mamparas-y-platos-a-medida\/platos-a-medida\/"},"modified":"2016-02-28T19:55:34","modified_gmt":"2016-02-28T18:55:34","slug":"platos-a-medida","status":"publish","type":"page","link":"https:\/\/gmelorente.com\/en\/productos\/mamparas-y-platos-a-medida\/platos-a-medida\/","title":{"rendered":"Customized trays"},"content":{"rendered":"<div><\/div>\n<div>We will manufacture any of our slim line trays to fit your needs, ARDESIA PLUS, STYLE PLUS, STONE CLASSIC, RESITEC\u00a0 ROCK AND RESITEC SWEET.<\/div>\n<div><\/div>\n<div>Cutting is completely free, as reference the standard measurement that is immediately above in the catalogue will be used, the maximum measurement will be 2m in length with 90\/100 in width, depending on the model. Other measurements are only upon request and by factory confirmation.<\/div>\n<div><\/div>\n<div>The delivery of these customised trays may exceed 7 days during normal conditions.<\/div>\n<div><\/div>\n<div>At the same time, we provide the possibility of making the tray in any RAL colour for our STONE CLASSIC model, increased by 50 points in Spain and Portugal.<\/div>\n<p>&nbsp;<\/p>\n<p><strong>Cut customised trays<\/strong><\/p>\n<p style=\"text-align: justify;\">GME offers the possibility of customised and cut trays within our range of resin trays with mineral filler. In this way, you can avoid any obstructions that may be in your bathroom (columns, partitions).<\/p>\n<p style=\"text-align: justify;\">To request cut trays, you must first give us a small tray plan with the measurements that you need. To calculate the rate of the cut tray, please find the price of the tray with the measurement immediately above. For example: 165&#215;72, will have a the same rate as the measurement of 170&#215;80.<\/p>\n<p style=\"text-align: justify;\">Los modelos Resitec Rock y Sweet un plazo de entrega de 15 d\u00edas.<br \/>\nThe Resitec Rock and Sweet models will have a delivery period of days.<\/p>\n<p><strong>XXL trays<\/strong><\/p>\n<p style=\"text-align: justify;\">Apart from the wide range of standard trays with immediate service, we also market trays with special XXL measurements.<\/p>\n<p style=\"text-align: justify;\">The Stone Classic and Ardesia Plus models allow for special widths of 90 and 100 cm, up to a length of 2 metres. Delivery period of 1 week. The Resitec Rock and Sweet models allow for a special width of 90 cm with a length of up to 2 metres. Delivery period of 15 days.<\/p>\n<p><strong>Framed trays<\/strong><\/p>\n<p style=\"text-align: justify;\">If you want framed resin trays, we can offer you 2 possibilities, stone texture (Fresh) or smooth (Sweet).<\/p>\n<p style=\"text-align: justify;\">For calculation of a Fresh framed tray, add the points from the lineal metres of the Fresh framing to the point from the rock tray.<\/p>\n<p>ATTENTION: THIS FRAMED TRAY IS ONLY AVAILABLE IN FRESH OLD TEXTURE.<\/p>\n<p style=\"text-align: justify;\">For calculation of the Sweet (smooth) framed tray, add the points from the linear metres of the smooth framing to the pint from the sweet tray.<br \/>\nDelivery time approx. 1 week for FRESH, 15 days for SWEET.<\/p>\n<p><img loading=\"lazy\" decoding=\"async\" class=\" size-full wp-image-38357 alignnone\" src=\"https:\/\/gmelorente.com\/wp-content\/uploads\/platos-resitec-enmarcados.jpg\" alt=\"platos-resitec-enmarcados\" width=\"515\" height=\"254\" srcset=\"https:\/\/gmelorente.com\/wp-content\/uploads\/platos-resitec-enmarcados.jpg 515w, https:\/\/gmelorente.com\/wp-content\/uploads\/platos-resitec-enmarcados-300x148.jpg 300w, https:\/\/gmelorente.com\/wp-content\/uploads\/platos-resitec-enmarcados-20x10.jpg 20w\" sizes=\"auto, (max-width: 515px) 100vw, 515px\" \/><\/p>\n<p>&nbsp;<\/p>\n<p><strong>PANELES DE BA\u00d1ERA DE 1 cm<\/strong><\/p>\n<p>Desde GME ofrecemos la posibilidad de pedir paneles de ba\u00f1era de 1 cm de grosor con el mismo acabado y color que nuestros platos de ducha.<\/p>\n<p>Con un plazo de entrega en los modelos Rock y Sweet de 15 d\u00edas y un plazo de entrega de 1 semana en los modelos Ardesia, Style y Stone.<\/p>\n<p>Tambien podeis pedir z\u00f3calos de hasta 15 cm de altura.<\/p>\n<p><img loading=\"lazy\" decoding=\"async\" class=\" wp-image-38558 alignleft\" src=\"https:\/\/gmelorente.com\/wp-content\/uploads\/panel-de-banera-web.jpg\" alt=\"panel-de-banera-web\" width=\"567\" height=\"323\" srcset=\"https:\/\/gmelorente.com\/wp-content\/uploads\/panel-de-banera-web.jpg 882w, https:\/\/gmelorente.com\/wp-content\/uploads\/panel-de-banera-web-300x170.jpg 300w, https:\/\/gmelorente.com\/wp-content\/uploads\/panel-de-banera-web-768x436.jpg 768w, https:\/\/gmelorente.com\/wp-content\/uploads\/panel-de-banera-web-20x11.jpg 20w\" sizes=\"auto, (max-width: 567px) 100vw, 567px\" \/><\/p>\n<p>&nbsp;<\/p>\n<p>&nbsp;<\/p>\n<p>&nbsp;<\/p>\n<p>&nbsp;<\/p>\n<p>&nbsp;<\/p>\n<p>&nbsp;<\/p>\n<p>&nbsp;<\/p>\n<p>&nbsp;<\/p>\n<p>&nbsp;<\/p>\n<p>&nbsp;<\/p>\n<p>&nbsp;<\/p>\n<p>&nbsp;<\/p>\n<p>&nbsp;<\/p>\n<p>&nbsp;<\/p>\n","protected":false},"excerpt":{"rendered":"<p>We will manufacture any of our slim line trays to fit your needs, ARDESIA PLUS, STYLE PLUS, STONE CLASSIC, RESITEC\u00a0 ROCK AND RESITEC SWEET. Cutting is completely free, as reference the standard measurement that is immediately above in the catalogue will be used, the maximum measurement will be 2m in length with 90\/100 in width,&hellip;<\/p>\n","protected":false},"author":1,"featured_media":0,"parent":43080,"menu_order":0,"comment_status":"closed","ping_status":"closed","template":"","meta":{"footnotes":""},"class_list":["post-43098","page","type-page","status-publish","hentry","description-off"],"yoast_head":"<!-- This site is optimized with the Yoast SEO plugin v27.2 - https:\/\/yoast.com\/product\/yoast-seo-wordpress\/ -->\n<title>Platos de ducha de carga mineral a medida - GME<\/title>\n<meta name=\"description\" content=\"Fabricamos cualquiera de nuestros modelos de platos extraplanos de resina con carga mineral\u00a0a la medida que usted necesite, incluyendo cortes y tama\u00f1o XXL.\" \/>\n<meta name=\"robots\" content=\"index, follow, max-snippet:-1, max-image-preview:large, max-video-preview:-1\" \/>\n<link rel=\"canonical\" href=\"https:\/\/gmelorente.com\/en\/productos\/mamparas-y-platos-a-medida\/platos-a-medida\/\" \/>\n<meta property=\"og:locale\" content=\"en_US\" \/>\n<meta property=\"og:type\" content=\"article\" \/>\n<meta property=\"og:title\" content=\"Platos de ducha de carga mineral a medida - GME\" \/>\n<meta property=\"og:description\" content=\"Fabricamos cualquiera de nuestros modelos de platos extraplanos de resina con carga mineral\u00a0a la medida que usted necesite, incluyendo cortes y tama\u00f1o XXL.\" \/>\n<meta property=\"og:url\" content=\"https:\/\/gmelorente.com\/en\/productos\/mamparas-y-platos-a-medida\/platos-a-medida\/\" \/>\n<meta property=\"og:site_name\" content=\"GME DIVISI\u00d3N BA\u00d1OS\" \/>\n<meta property=\"article:publisher\" content=\"https:\/\/www.facebook.com\/gmedivision\/?fref=ts\" \/>\n<meta property=\"article:modified_time\" content=\"2016-02-28T18:55:34+00:00\" \/>\n<meta property=\"og:image\" content=\"https:\/\/gmelorente.com\/wp-content\/uploads\/platos-resitec-enmarcados.jpg\" \/>\n<meta name=\"twitter:card\" content=\"summary_large_image\" \/>\n<meta name=\"twitter:label1\" content=\"Est. reading time\" \/>\n\t<meta name=\"twitter:data1\" content=\"2 minutes\" \/>\n<script type=\"application\/ld+json\" class=\"yoast-schema-graph\">{\"@context\":\"https:\/\/schema.org\",\"@graph\":[{\"@type\":\"WebPage\",\"@id\":\"https:\/\/gmelorente.com\/en\/productos\/mamparas-y-platos-a-medida\/platos-a-medida\/\",\"url\":\"https:\/\/gmelorente.com\/en\/productos\/mamparas-y-platos-a-medida\/platos-a-medida\/\",\"name\":\"Platos de ducha de carga mineral a medida - GME\",\"isPartOf\":{\"@id\":\"https:\/\/gmelorente.com\/#website\"},\"primaryImageOfPage\":{\"@id\":\"https:\/\/gmelorente.com\/en\/productos\/mamparas-y-platos-a-medida\/platos-a-medida\/#primaryimage\"},\"image\":{\"@id\":\"https:\/\/gmelorente.com\/en\/productos\/mamparas-y-platos-a-medida\/platos-a-medida\/#primaryimage\"},\"thumbnailUrl\":\"https:\/\/gmelorente.com\/wp-content\/uploads\/platos-resitec-enmarcados.jpg\",\"datePublished\":\"2015-08-13T14:43:34+00:00\",\"dateModified\":\"2016-02-28T18:55:34+00:00\",\"description\":\"Fabricamos cualquiera de nuestros modelos de platos extraplanos de resina con carga mineral\u00a0a la medida que usted necesite, incluyendo cortes y tama\u00f1o XXL.\",\"breadcrumb\":{\"@id\":\"https:\/\/gmelorente.com\/en\/productos\/mamparas-y-platos-a-medida\/platos-a-medida\/#breadcrumb\"},\"inLanguage\":\"en-US\",\"potentialAction\":[{\"@type\":\"ReadAction\",\"target\":[\"https:\/\/gmelorente.com\/en\/productos\/mamparas-y-platos-a-medida\/platos-a-medida\/\"]}]},{\"@type\":\"ImageObject\",\"inLanguage\":\"en-US\",\"@id\":\"https:\/\/gmelorente.com\/en\/productos\/mamparas-y-platos-a-medida\/platos-a-medida\/#primaryimage\",\"url\":\"https:\/\/gmelorente.com\/wp-content\/uploads\/platos-resitec-enmarcados.jpg\",\"contentUrl\":\"https:\/\/gmelorente.com\/wp-content\/uploads\/platos-resitec-enmarcados.jpg\"},{\"@type\":\"BreadcrumbList\",\"@id\":\"https:\/\/gmelorente.com\/en\/productos\/mamparas-y-platos-a-medida\/platos-a-medida\/#breadcrumb\",\"itemListElement\":[{\"@type\":\"ListItem\",\"position\":1,\"name\":\"Home\",\"item\":\"https:\/\/gmelorente.com\/en\/\"},{\"@type\":\"ListItem\",\"position\":2,\"name\":\"Products\",\"item\":\"https:\/\/gmelorente.com\/en\/productos\/\"},{\"@type\":\"ListItem\",\"position\":3,\"name\":\"Customized\",\"item\":\"https:\/\/gmelorente.com\/en\/productos\/mamparas-y-platos-a-medida\/\"},{\"@type\":\"ListItem\",\"position\":4,\"name\":\"Customized trays\"}]},{\"@type\":\"WebSite\",\"@id\":\"https:\/\/gmelorente.com\/#website\",\"url\":\"https:\/\/gmelorente.com\/\",\"name\":\"GME DIVISI\u00d3N BA\u00d1OS\",\"description\":\"Mamparas de ducha y mucho m\u00e1s\",\"publisher\":{\"@id\":\"https:\/\/gmelorente.com\/#organization\"},\"potentialAction\":[{\"@type\":\"SearchAction\",\"target\":{\"@type\":\"EntryPoint\",\"urlTemplate\":\"https:\/\/gmelorente.com\/?s={search_term_string}\"},\"query-input\":{\"@type\":\"PropertyValueSpecification\",\"valueRequired\":true,\"valueName\":\"search_term_string\"}}],\"inLanguage\":\"en-US\"},{\"@type\":\"Organization\",\"@id\":\"https:\/\/gmelorente.com\/#organization\",\"name\":\"GME DIVISI\u00d3N BA\u00d1OS S.L.\",\"url\":\"https:\/\/gmelorente.com\/\",\"logo\":{\"@type\":\"ImageObject\",\"inLanguage\":\"en-US\",\"@id\":\"https:\/\/gmelorente.com\/#\/schema\/logo\/image\/\",\"url\":\"https:\/\/gmelorente.com\/wp-content\/uploads\/logo-gme-azul.jpg\",\"contentUrl\":\"https:\/\/gmelorente.com\/wp-content\/uploads\/logo-gme-azul.jpg\",\"width\":810,\"height\":298,\"caption\":\"GME DIVISI\u00d3N BA\u00d1OS S.L.\"},\"image\":{\"@id\":\"https:\/\/gmelorente.com\/#\/schema\/logo\/image\/\"},\"sameAs\":[\"https:\/\/www.facebook.com\/gmedivision\/?fref=ts\",\"https:\/\/es.pinterest.com\/gmedivision\/?eq=gme&amp;etslf=14997\"]}]}<\/script>\n<!-- \/ Yoast SEO plugin. -->","yoast_head_json":{"title":"Platos de ducha de carga mineral a medida - GME","description":"Fabricamos cualquiera de nuestros modelos de platos extraplanos de resina con carga mineral\u00a0a la medida que usted necesite, incluyendo cortes y tama\u00f1o XXL.","robots":{"index":"index","follow":"follow","max-snippet":"max-snippet:-1","max-image-preview":"max-image-preview:large","max-video-preview":"max-video-preview:-1"},"canonical":"https:\/\/gmelorente.com\/en\/productos\/mamparas-y-platos-a-medida\/platos-a-medida\/","og_locale":"en_US","og_type":"article","og_title":"Platos de ducha de carga mineral a medida - GME","og_description":"Fabricamos cualquiera de nuestros modelos de platos extraplanos de resina con carga mineral\u00a0a la medida que usted necesite, incluyendo cortes y tama\u00f1o XXL.","og_url":"https:\/\/gmelorente.com\/en\/productos\/mamparas-y-platos-a-medida\/platos-a-medida\/","og_site_name":"GME DIVISI\u00d3N BA\u00d1OS","article_publisher":"https:\/\/www.facebook.com\/gmedivision\/?fref=ts","article_modified_time":"2016-02-28T18:55:34+00:00","og_image":[{"url":"https:\/\/gmelorente.com\/wp-content\/uploads\/platos-resitec-enmarcados.jpg","type":"","width":"","height":""}],"twitter_card":"summary_large_image","twitter_misc":{"Est. reading time":"2 minutes"},"schema":{"@context":"https:\/\/schema.org","@graph":[{"@type":"WebPage","@id":"https:\/\/gmelorente.com\/en\/productos\/mamparas-y-platos-a-medida\/platos-a-medida\/","url":"https:\/\/gmelorente.com\/en\/productos\/mamparas-y-platos-a-medida\/platos-a-medida\/","name":"Platos de ducha de carga mineral a medida - GME","isPartOf":{"@id":"https:\/\/gmelorente.com\/#website"},"primaryImageOfPage":{"@id":"https:\/\/gmelorente.com\/en\/productos\/mamparas-y-platos-a-medida\/platos-a-medida\/#primaryimage"},"image":{"@id":"https:\/\/gmelorente.com\/en\/productos\/mamparas-y-platos-a-medida\/platos-a-medida\/#primaryimage"},"thumbnailUrl":"https:\/\/gmelorente.com\/wp-content\/uploads\/platos-resitec-enmarcados.jpg","datePublished":"2015-08-13T14:43:34+00:00","dateModified":"2016-02-28T18:55:34+00:00","description":"Fabricamos cualquiera de nuestros modelos de platos extraplanos de resina con carga mineral\u00a0a la medida que usted necesite, incluyendo cortes y tama\u00f1o XXL.","breadcrumb":{"@id":"https:\/\/gmelorente.com\/en\/productos\/mamparas-y-platos-a-medida\/platos-a-medida\/#breadcrumb"},"inLanguage":"en-US","potentialAction":[{"@type":"ReadAction","target":["https:\/\/gmelorente.com\/en\/productos\/mamparas-y-platos-a-medida\/platos-a-medida\/"]}]},{"@type":"ImageObject","inLanguage":"en-US","@id":"https:\/\/gmelorente.com\/en\/productos\/mamparas-y-platos-a-medida\/platos-a-medida\/#primaryimage","url":"https:\/\/gmelorente.com\/wp-content\/uploads\/platos-resitec-enmarcados.jpg","contentUrl":"https:\/\/gmelorente.com\/wp-content\/uploads\/platos-resitec-enmarcados.jpg"},{"@type":"BreadcrumbList","@id":"https:\/\/gmelorente.com\/en\/productos\/mamparas-y-platos-a-medida\/platos-a-medida\/#breadcrumb","itemListElement":[{"@type":"ListItem","position":1,"name":"Home","item":"https:\/\/gmelorente.com\/en\/"},{"@type":"ListItem","position":2,"name":"Products","item":"https:\/\/gmelorente.com\/en\/productos\/"},{"@type":"ListItem","position":3,"name":"Customized","item":"https:\/\/gmelorente.com\/en\/productos\/mamparas-y-platos-a-medida\/"},{"@type":"ListItem","position":4,"name":"Customized trays"}]},{"@type":"WebSite","@id":"https:\/\/gmelorente.com\/#website","url":"https:\/\/gmelorente.com\/","name":"GME DIVISI\u00d3N BA\u00d1OS","description":"Mamparas de ducha y mucho m\u00e1s","publisher":{"@id":"https:\/\/gmelorente.com\/#organization"},"potentialAction":[{"@type":"SearchAction","target":{"@type":"EntryPoint","urlTemplate":"https:\/\/gmelorente.com\/?s={search_term_string}"},"query-input":{"@type":"PropertyValueSpecification","valueRequired":true,"valueName":"search_term_string"}}],"inLanguage":"en-US"},{"@type":"Organization","@id":"https:\/\/gmelorente.com\/#organization","name":"GME DIVISI\u00d3N BA\u00d1OS S.L.","url":"https:\/\/gmelorente.com\/","logo":{"@type":"ImageObject","inLanguage":"en-US","@id":"https:\/\/gmelorente.com\/#\/schema\/logo\/image\/","url":"https:\/\/gmelorente.com\/wp-content\/uploads\/logo-gme-azul.jpg","contentUrl":"https:\/\/gmelorente.com\/wp-content\/uploads\/logo-gme-azul.jpg","width":810,"height":298,"caption":"GME DIVISI\u00d3N BA\u00d1OS S.L."},"image":{"@id":"https:\/\/gmelorente.com\/#\/schema\/logo\/image\/"},"sameAs":["https:\/\/www.facebook.com\/gmedivision\/?fref=ts","https:\/\/es.pinterest.com\/gmedivision\/?eq=gme&amp;etslf=14997"]}]}},"_links":{"self":[{"href":"https:\/\/gmelorente.com\/en\/wp-json\/wp\/v2\/pages\/43098","targetHints":{"allow":["GET"]}}],"collection":[{"href":"https:\/\/gmelorente.com\/en\/wp-json\/wp\/v2\/pages"}],"about":[{"href":"https:\/\/gmelorente.com\/en\/wp-json\/wp\/v2\/types\/page"}],"author":[{"embeddable":true,"href":"https:\/\/gmelorente.com\/en\/wp-json\/wp\/v2\/users\/1"}],"replies":[{"embeddable":true,"href":"https:\/\/gmelorente.com\/en\/wp-json\/wp\/v2\/comments?post=43098"}],"version-history":[{"count":0,"href":"https:\/\/gmelorente.com\/en\/wp-json\/wp\/v2\/pages\/43098\/revisions"}],"up":[{"embeddable":true,"href":"https:\/\/gmelorente.com\/en\/wp-json\/wp\/v2\/pages\/43080"}],"wp:attachment":[{"href":"https:\/\/gmelorente.com\/en\/wp-json\/wp\/v2\/media?parent=43098"}],"curies":[{"name":"wp","href":"https:\/\/api.w.org\/{rel}","templated":true}]}}