{"id":43101,"date":"2015-08-13T16:43:11","date_gmt":"2015-08-13T14:43:11","guid":{"rendered":"https:\/\/gmelorente.com\/en\/productos\/mamparas-y-platos-a-medida\/mamparas-a-medida\/"},"modified":"2022-05-09T16:39:26","modified_gmt":"2022-05-09T14:39:26","slug":"custom-made-partitions","status":"publish","type":"page","link":"https:\/\/gmelorente.com\/en\/productos\/mamparas-y-platos-a-medida\/custom-made-partitions\/","title":{"rendered":"Customized screens"},"content":{"rendered":"<p>[vc_row margin_top=&#8221;20&#8243;][vc_column][vc_column_text css=&#8221;.vc_custom_1613570877398{margin-bottom: 15px !important;}&#8221;]<\/p>\n<h1>CUSTOM-MADE SHOWER ENCLOSURES<\/h1>\n<p><strong>GME<\/strong> offers the possibility of making some of its<strong> screens to measure<\/strong> to solve any particular need of your bathroom. Sometimes the holes for the installation of the screen do not have standard measures so we must make special screens.<\/p>\n<p>Always talking about making the<strong> screens with tempered safety glass<\/strong>, which is designed so that in case of a breakage there is no potential danger of causing serious injury to people who are nearby at that time.<\/p>\n<p>The average delivery time will be <strong>15 days<\/strong>. No returns or cancellations will be accepted once production has begun.<\/p>\n<p>If you have any questions and want us to advise you, please write to <strong>info@gmelorente.com<\/strong> and we will answer you as soon as possible.<\/p>\n<p>The customized solutions we offer are the following:[\/vc_column_text][\/vc_column][\/vc_row][vc_row][vc_column css_animation=&#8221;fadeIn&#8221; width=&#8221;1\/4&#8243;][vc_hoverbox image=&#8221;76370&#8243; primary_title=&#8221;&#8221; primary_align=&#8221;justify&#8221; hover_title=&#8221;&#8221; hover_background_color=&#8221;white&#8221; css_animation=&#8221;appear&#8221; css=&#8221;.vc_custom_1614776254457{margin-top: 50px !important;background-color: #ffffff !important;}&#8221;]<\/p>\n<h4>TRIO model with fixed drawer<\/h4>\n<p>[\/vc_hoverbox][\/vc_column][vc_column width=&#8221;1\/4&#8243;][vc_hoverbox image=&#8221;76376&#8243; primary_title=&#8221;&#8221; primary_align=&#8221;justify&#8221; hover_title=&#8221;&#8221; hover_background_color=&#8221;white&#8221; css_animation=&#8221;appear&#8221; css=&#8221;.vc_custom_1613737940465{margin-top: 50px !important;background-color: #ffffff !important;}&#8221;]<\/p>\n<h4>Open combi E model with custom-made fixed side<\/h4>\n<p>[\/vc_hoverbox][\/vc_column][vc_column width=&#8221;1\/4&#8243;]<div id=\"ult-carousel-228253928269ed059f938ad\" class=\"ult-carousel-wrapper  vc_custom_1613736945610  ult_horizontal\" data-gutter=\"5\" data-rtl=\"false\" ><div class=\"ult-carousel-201790105769ed059f936cf \" >[vc_hoverbox image=&#8221;76396&#8243; primary_title=&#8221;&#8221; primary_align=&#8221;justify&#8221; hover_title=&#8221;&#8221; hover_background_color=&#8221;white&#8221; css_animation=&#8221;appear&#8221; css=&#8221;.vc_custom_1613738158639{background-color: #ffffff !important;}&#8221;]<\/p>\n<h4>Screen with smoked finish<\/h4>\n<p>[\/vc_hoverbox][vc_hoverbox image=&#8221;76392&#8243; primary_title=&#8221;&#8221; primary_align=&#8221;justify&#8221; hover_title=&#8221;&#8221; hover_background_color=&#8221;white&#8221; css_animation=&#8221;appear&#8221; css=&#8221;.vc_custom_1613738175164{background-color: #ffffff !important;}&#8221;]<\/p>\n<h4>Screen with green parsol finish<\/h4>\n<p>[\/vc_hoverbox][vc_hoverbox image=&#8221;76388&#8243; primary_title=&#8221;&#8221; primary_align=&#8221;justify&#8221; hover_title=&#8221;&#8221; hover_background_color=&#8221;white&#8221; css_animation=&#8221;appear&#8221; css=&#8221;.vc_custom_1613738575504{background-color: #ffffff !important;}&#8221;]<\/p>\n<h4>Screen model with carglass finish<\/h4>\n<p>[\/vc_hoverbox]<\/div><\/div>\t\t\t<script type=\"text\/javascript\">\n\t\t\t\tjQuery(document).ready(function ($) {\n\t\t\t\t\tif( typeof jQuery('.ult-carousel-201790105769ed059f936cf').slick == \"function\"){\n\t\t\t\t\t\t$('.ult-carousel-201790105769ed059f936cf').slick({dots: false,autoplay: true,autoplaySpeed: \"5000\",speed: \"300\",infinite: true,arrows: true,nextArrow: '<button type=\"button\" role=\"button\" aria-label=\"Next\" style=\"color:#333333; font-size:20px;\" class=\"slick-next default\"><i class=\"ultsl-arrow-right4\"><\/i><\/button>',prevArrow: '<button type=\"button\" role=\"button\" aria-label=\"Previous\" style=\"color:#333333; font-size:20px;\" class=\"slick-prev default\"><i class=\"ultsl-arrow-left4\"><\/i><\/button>',slidesToScroll:1,slidesToShow:1,swipe: true,draggable: true,touchMove: true,pauseOnHover: true,pauseOnFocus: false,responsive: [\n\t\t\t\t\t\t\t{\n\t\t\t\t\t\t\t  breakpoint: 1026,\n\t\t\t\t\t\t\t  settings: {\n\t\t\t\t\t\t\t\tslidesToShow: 1,\n\t\t\t\t\t\t\t\tslidesToScroll: 1,  \n\t\t\t\t\t\t\t  }\n\t\t\t\t\t\t\t},\n\t\t\t\t\t\t\t{\n\t\t\t\t\t\t\t  breakpoint: 1025,\n\t\t\t\t\t\t\t  settings: {\n\t\t\t\t\t\t\t\tslidesToShow: 1,\n\t\t\t\t\t\t\t\tslidesToScroll: 1\n\t\t\t\t\t\t\t  }\n\t\t\t\t\t\t\t},\n\t\t\t\t\t\t\t{\n\t\t\t\t\t\t\t  breakpoint: 760,\n\t\t\t\t\t\t\t  settings: {\n\t\t\t\t\t\t\t\tslidesToShow: 1,\n\t\t\t\t\t\t\t\tslidesToScroll: 1\n\t\t\t\t\t\t\t  }\n\t\t\t\t\t\t\t}\n\t\t\t\t\t\t],pauseOnDotsHover: true,customPaging: function(slider, i) {\n                   return '<i type=\"button\" style= \"color:#333333;\" class=\"ultsl-record\" data-role=\"none\"><\/i>';\n                },});\n\t\t\t\t\t}\n\t\t\t\t});\n\t\t\t<\/script>\n\t\t\t[\/vc_column][vc_column width=&#8221;1\/4&#8243;][vc_hoverbox image=&#8221;76400&#8243; primary_title=&#8221;&#8221; primary_align=&#8221;justify&#8221; hover_title=&#8221;&#8221; hover_background_color=&#8221;white&#8221; css_animation=&#8221;appear&#8221; css=&#8221;.vc_custom_1613738599478{margin-top: 50px !important;background-color: #ffffff !important;}&#8221;]<\/p>\n<h4>Basic Frost model with black profiles and special height of 150 cm<\/h4>\n<p>[\/vc_hoverbox][\/vc_column][\/vc_row][vc_row][vc_column width=&#8221;1\/4&#8243;][vc_column_text]<\/p>\n<h4>SQUARE CUT<\/h4>\n<p>It is usual to have to make a recess in the screen for its correct installation. In GME we offer this possibility to make it in the made-to-measure screens. Most of our models admit the cut to square, for it you must indicate us the measures of the right angle that you wish to cut..[\/vc_column_text][vc_column_text]<\/p>\n<p><img loading=\"lazy\" decoding=\"async\" class=\"wp-image-38454 alignleft\" src=\"https:\/\/gmelorente.com\/wp-content\/uploads\/laterales-medida-01.jpg\" alt=\"laterales-medida-01\" width=\"334\" height=\"296\" \/><\/p>\n<p>&nbsp;<\/p>\n<p>[\/vc_column_text][\/vc_column][vc_column width=&#8221;1\/4&#8243;][vc_column_text]<\/p>\n<h4>CUSTOM-MADE FIXED SIDEWALLS<\/h4>\n<p>From <strong>GME<\/strong> we offer the possibility of making the fixed sides to measure to adapt to any size. Often we must overcome obstacles for the correct installation of our screen. Either by a column, a staircase area or as in this case by an attic with a sloping roof we must make our fixed as long as it does not exceed 120 cm wide or 195 cm high.[\/vc_column_text][\/vc_column][vc_column width=&#8221;1\/4&#8243;][vc_column_text]<\/p>\n<p>&nbsp;<\/p>\n<h4>SPECIAL FINISHES<\/h4>\n<p>In <strong>GME<\/strong> we are experts in the manufacture of all types of glass and crystals. For this reason, in addition to having a wide variety of screens available, we also have machinery to give a personalized finish to the glass, such as: colored, matte, carglass or smoked parsols..[\/vc_column_text][\/vc_column][vc_column width=&#8221;1\/4&#8243;][vc_column_text]<\/p>\n<h4>CUSTOM-MADE PARTITIONS<\/h4>\n<p>We can manufacture our BASIC, TEMPLE, FUTURA, ROTARY, VITRO and TWENTY models in their different formats with the measures you want, either in width or height (consult maximum width and height). We will manufacture your made-to-measure shower enclosure following your indications and needs.[\/vc_column_text][\/vc_column][\/vc_row]<\/p>\n","protected":false},"excerpt":{"rendered":"<p>[vc_row margin_top=&#8221;20&#8243;][vc_column][vc_column_text css=&#8221;.vc_custom_1613570877398{margin-bottom: 15px !important;}&#8221;] CUSTOM-MADE SHOWER ENCLOSURES GME offers the possibility of making some of its screens to measure to solve any particular need of your bathroom. Sometimes the holes for the installation of the screen do not have standard measures so we must make special screens. Always talking about making the screens with&hellip;<\/p>\n","protected":false},"author":1,"featured_media":0,"parent":43080,"menu_order":0,"comment_status":"closed","ping_status":"closed","template":"","meta":{"footnotes":""},"class_list":["post-43101","page","type-page","status-publish","hentry","description-off"],"yoast_head":"<!-- This site is optimized with the Yoast SEO plugin v27.4 - https:\/\/yoast.com\/product\/yoast-seo-wordpress\/ -->\n<title>Mamparas a medida personalizadas - GME<\/title>\n<meta name=\"description\" content=\"Custom-made screens, with cut or cut-outs. Colored parsol glass, mirror mirastar, matte, adhesive vinyl or digital printing. Tell us how you want it.\" \/>\n<meta name=\"robots\" content=\"index, follow, max-snippet:-1, max-image-preview:large, max-video-preview:-1\" \/>\n<link rel=\"canonical\" href=\"https:\/\/gmelorente.com\/en\/productos\/mamparas-y-platos-a-medida\/custom-made-partitions\/\" \/>\n<meta property=\"og:locale\" content=\"en_US\" \/>\n<meta property=\"og:type\" content=\"article\" \/>\n<meta property=\"og:title\" content=\"Mamparas a medida personalizadas - GME\" \/>\n<meta property=\"og:description\" content=\"Custom-made screens, with cut or cut-outs. Colored parsol glass, mirror mirastar, matte, adhesive vinyl or digital printing. Tell us how you want it.\" \/>\n<meta property=\"og:url\" content=\"https:\/\/gmelorente.com\/en\/productos\/mamparas-y-platos-a-medida\/custom-made-partitions\/\" \/>\n<meta property=\"og:site_name\" content=\"GME DIVISI\u00d3N BA\u00d1OS\" \/>\n<meta property=\"article:publisher\" content=\"https:\/\/www.facebook.com\/gmedivision\/?fref=ts\" \/>\n<meta property=\"article:modified_time\" content=\"2022-05-09T14:39:26+00:00\" \/>\n<meta property=\"og:image\" content=\"https:\/\/gmelorente.com\/wp-content\/uploads\/laterales-medida-01.jpg\" \/>\n<meta name=\"twitter:card\" content=\"summary_large_image\" \/>\n<meta name=\"twitter:label1\" content=\"Est. reading time\" \/>\n\t<meta name=\"twitter:data1\" content=\"3 minutes\" \/>\n<script type=\"application\/ld+json\" class=\"yoast-schema-graph\">{\"@context\":\"https:\\\/\\\/schema.org\",\"@graph\":[{\"@type\":\"WebPage\",\"@id\":\"https:\\\/\\\/gmelorente.com\\\/en\\\/productos\\\/mamparas-y-platos-a-medida\\\/custom-made-partitions\\\/\",\"url\":\"https:\\\/\\\/gmelorente.com\\\/en\\\/productos\\\/mamparas-y-platos-a-medida\\\/custom-made-partitions\\\/\",\"name\":\"Mamparas a medida personalizadas - GME\",\"isPartOf\":{\"@id\":\"https:\\\/\\\/gmelorente.com\\\/#website\"},\"primaryImageOfPage\":{\"@id\":\"https:\\\/\\\/gmelorente.com\\\/en\\\/productos\\\/mamparas-y-platos-a-medida\\\/custom-made-partitions\\\/#primaryimage\"},\"image\":{\"@id\":\"https:\\\/\\\/gmelorente.com\\\/en\\\/productos\\\/mamparas-y-platos-a-medida\\\/custom-made-partitions\\\/#primaryimage\"},\"thumbnailUrl\":\"https:\\\/\\\/gmelorente.com\\\/wp-content\\\/uploads\\\/laterales-medida-01.jpg\",\"datePublished\":\"2015-08-13T14:43:11+00:00\",\"dateModified\":\"2022-05-09T14:39:26+00:00\",\"description\":\"Custom-made screens, with cut or cut-outs. Colored parsol glass, mirror mirastar, matte, adhesive vinyl or digital printing. Tell us how you want it.\",\"breadcrumb\":{\"@id\":\"https:\\\/\\\/gmelorente.com\\\/en\\\/productos\\\/mamparas-y-platos-a-medida\\\/custom-made-partitions\\\/#breadcrumb\"},\"inLanguage\":\"en-US\",\"potentialAction\":[{\"@type\":\"ReadAction\",\"target\":[\"https:\\\/\\\/gmelorente.com\\\/en\\\/productos\\\/mamparas-y-platos-a-medida\\\/custom-made-partitions\\\/\"]}]},{\"@type\":\"ImageObject\",\"inLanguage\":\"en-US\",\"@id\":\"https:\\\/\\\/gmelorente.com\\\/en\\\/productos\\\/mamparas-y-platos-a-medida\\\/custom-made-partitions\\\/#primaryimage\",\"url\":\"https:\\\/\\\/gmelorente.com\\\/wp-content\\\/uploads\\\/laterales-medida-01.jpg\",\"contentUrl\":\"https:\\\/\\\/gmelorente.com\\\/wp-content\\\/uploads\\\/laterales-medida-01.jpg\"},{\"@type\":\"BreadcrumbList\",\"@id\":\"https:\\\/\\\/gmelorente.com\\\/en\\\/productos\\\/mamparas-y-platos-a-medida\\\/custom-made-partitions\\\/#breadcrumb\",\"itemListElement\":[{\"@type\":\"ListItem\",\"position\":1,\"name\":\"Home\",\"item\":\"https:\\\/\\\/gmelorente.com\\\/en\\\/\"},{\"@type\":\"ListItem\",\"position\":2,\"name\":\"Products\",\"item\":\"https:\\\/\\\/gmelorente.com\\\/en\\\/productos\\\/\"},{\"@type\":\"ListItem\",\"position\":3,\"name\":\"Customized\",\"item\":\"https:\\\/\\\/gmelorente.com\\\/en\\\/productos\\\/mamparas-y-platos-a-medida\\\/\"},{\"@type\":\"ListItem\",\"position\":4,\"name\":\"Customized screens\"}]},{\"@type\":\"WebSite\",\"@id\":\"https:\\\/\\\/gmelorente.com\\\/#website\",\"url\":\"https:\\\/\\\/gmelorente.com\\\/\",\"name\":\"GME DIVISI\u00d3N BA\u00d1OS\",\"description\":\"Mamparas de ducha y mucho m\u00e1s\",\"publisher\":{\"@id\":\"https:\\\/\\\/gmelorente.com\\\/#organization\"},\"potentialAction\":[{\"@type\":\"SearchAction\",\"target\":{\"@type\":\"EntryPoint\",\"urlTemplate\":\"https:\\\/\\\/gmelorente.com\\\/?s={search_term_string}\"},\"query-input\":{\"@type\":\"PropertyValueSpecification\",\"valueRequired\":true,\"valueName\":\"search_term_string\"}}],\"inLanguage\":\"en-US\"},{\"@type\":\"Organization\",\"@id\":\"https:\\\/\\\/gmelorente.com\\\/#organization\",\"name\":\"GME DIVISI\u00d3N BA\u00d1OS S.L.\",\"url\":\"https:\\\/\\\/gmelorente.com\\\/\",\"logo\":{\"@type\":\"ImageObject\",\"inLanguage\":\"en-US\",\"@id\":\"https:\\\/\\\/gmelorente.com\\\/#\\\/schema\\\/logo\\\/image\\\/\",\"url\":\"https:\\\/\\\/gmelorente.com\\\/wp-content\\\/uploads\\\/logo-gme-azul.jpg\",\"contentUrl\":\"https:\\\/\\\/gmelorente.com\\\/wp-content\\\/uploads\\\/logo-gme-azul.jpg\",\"width\":810,\"height\":298,\"caption\":\"GME DIVISI\u00d3N BA\u00d1OS S.L.\"},\"image\":{\"@id\":\"https:\\\/\\\/gmelorente.com\\\/#\\\/schema\\\/logo\\\/image\\\/\"},\"sameAs\":[\"https:\\\/\\\/www.facebook.com\\\/gmedivision\\\/?fref=ts\",\"https:\\\/\\\/es.pinterest.com\\\/gmedivision\\\/?eq=gme&amp;etslf=14997\"]}]}<\/script>\n<!-- \/ Yoast SEO plugin. -->","yoast_head_json":{"title":"Mamparas a medida personalizadas - GME","description":"Custom-made screens, with cut or cut-outs. Colored parsol glass, mirror mirastar, matte, adhesive vinyl or digital printing. Tell us how you want it.","robots":{"index":"index","follow":"follow","max-snippet":"max-snippet:-1","max-image-preview":"max-image-preview:large","max-video-preview":"max-video-preview:-1"},"canonical":"https:\/\/gmelorente.com\/en\/productos\/mamparas-y-platos-a-medida\/custom-made-partitions\/","og_locale":"en_US","og_type":"article","og_title":"Mamparas a medida personalizadas - GME","og_description":"Custom-made screens, with cut or cut-outs. Colored parsol glass, mirror mirastar, matte, adhesive vinyl or digital printing. Tell us how you want it.","og_url":"https:\/\/gmelorente.com\/en\/productos\/mamparas-y-platos-a-medida\/custom-made-partitions\/","og_site_name":"GME DIVISI\u00d3N BA\u00d1OS","article_publisher":"https:\/\/www.facebook.com\/gmedivision\/?fref=ts","article_modified_time":"2022-05-09T14:39:26+00:00","og_image":[{"url":"https:\/\/gmelorente.com\/wp-content\/uploads\/laterales-medida-01.jpg","type":"","width":"","height":""}],"twitter_card":"summary_large_image","twitter_misc":{"Est. reading time":"3 minutes"},"schema":{"@context":"https:\/\/schema.org","@graph":[{"@type":"WebPage","@id":"https:\/\/gmelorente.com\/en\/productos\/mamparas-y-platos-a-medida\/custom-made-partitions\/","url":"https:\/\/gmelorente.com\/en\/productos\/mamparas-y-platos-a-medida\/custom-made-partitions\/","name":"Mamparas a medida personalizadas - GME","isPartOf":{"@id":"https:\/\/gmelorente.com\/#website"},"primaryImageOfPage":{"@id":"https:\/\/gmelorente.com\/en\/productos\/mamparas-y-platos-a-medida\/custom-made-partitions\/#primaryimage"},"image":{"@id":"https:\/\/gmelorente.com\/en\/productos\/mamparas-y-platos-a-medida\/custom-made-partitions\/#primaryimage"},"thumbnailUrl":"https:\/\/gmelorente.com\/wp-content\/uploads\/laterales-medida-01.jpg","datePublished":"2015-08-13T14:43:11+00:00","dateModified":"2022-05-09T14:39:26+00:00","description":"Custom-made screens, with cut or cut-outs. Colored parsol glass, mirror mirastar, matte, adhesive vinyl or digital printing. Tell us how you want it.","breadcrumb":{"@id":"https:\/\/gmelorente.com\/en\/productos\/mamparas-y-platos-a-medida\/custom-made-partitions\/#breadcrumb"},"inLanguage":"en-US","potentialAction":[{"@type":"ReadAction","target":["https:\/\/gmelorente.com\/en\/productos\/mamparas-y-platos-a-medida\/custom-made-partitions\/"]}]},{"@type":"ImageObject","inLanguage":"en-US","@id":"https:\/\/gmelorente.com\/en\/productos\/mamparas-y-platos-a-medida\/custom-made-partitions\/#primaryimage","url":"https:\/\/gmelorente.com\/wp-content\/uploads\/laterales-medida-01.jpg","contentUrl":"https:\/\/gmelorente.com\/wp-content\/uploads\/laterales-medida-01.jpg"},{"@type":"BreadcrumbList","@id":"https:\/\/gmelorente.com\/en\/productos\/mamparas-y-platos-a-medida\/custom-made-partitions\/#breadcrumb","itemListElement":[{"@type":"ListItem","position":1,"name":"Home","item":"https:\/\/gmelorente.com\/en\/"},{"@type":"ListItem","position":2,"name":"Products","item":"https:\/\/gmelorente.com\/en\/productos\/"},{"@type":"ListItem","position":3,"name":"Customized","item":"https:\/\/gmelorente.com\/en\/productos\/mamparas-y-platos-a-medida\/"},{"@type":"ListItem","position":4,"name":"Customized screens"}]},{"@type":"WebSite","@id":"https:\/\/gmelorente.com\/#website","url":"https:\/\/gmelorente.com\/","name":"GME DIVISI\u00d3N BA\u00d1OS","description":"Mamparas de ducha y mucho m\u00e1s","publisher":{"@id":"https:\/\/gmelorente.com\/#organization"},"potentialAction":[{"@type":"SearchAction","target":{"@type":"EntryPoint","urlTemplate":"https:\/\/gmelorente.com\/?s={search_term_string}"},"query-input":{"@type":"PropertyValueSpecification","valueRequired":true,"valueName":"search_term_string"}}],"inLanguage":"en-US"},{"@type":"Organization","@id":"https:\/\/gmelorente.com\/#organization","name":"GME DIVISI\u00d3N BA\u00d1OS S.L.","url":"https:\/\/gmelorente.com\/","logo":{"@type":"ImageObject","inLanguage":"en-US","@id":"https:\/\/gmelorente.com\/#\/schema\/logo\/image\/","url":"https:\/\/gmelorente.com\/wp-content\/uploads\/logo-gme-azul.jpg","contentUrl":"https:\/\/gmelorente.com\/wp-content\/uploads\/logo-gme-azul.jpg","width":810,"height":298,"caption":"GME DIVISI\u00d3N BA\u00d1OS S.L."},"image":{"@id":"https:\/\/gmelorente.com\/#\/schema\/logo\/image\/"},"sameAs":["https:\/\/www.facebook.com\/gmedivision\/?fref=ts","https:\/\/es.pinterest.com\/gmedivision\/?eq=gme&amp;etslf=14997"]}]}},"_links":{"self":[{"href":"https:\/\/gmelorente.com\/en\/wp-json\/wp\/v2\/pages\/43101","targetHints":{"allow":["GET"]}}],"collection":[{"href":"https:\/\/gmelorente.com\/en\/wp-json\/wp\/v2\/pages"}],"about":[{"href":"https:\/\/gmelorente.com\/en\/wp-json\/wp\/v2\/types\/page"}],"author":[{"embeddable":true,"href":"https:\/\/gmelorente.com\/en\/wp-json\/wp\/v2\/users\/1"}],"replies":[{"embeddable":true,"href":"https:\/\/gmelorente.com\/en\/wp-json\/wp\/v2\/comments?post=43101"}],"version-history":[{"count":2,"href":"https:\/\/gmelorente.com\/en\/wp-json\/wp\/v2\/pages\/43101\/revisions"}],"predecessor-version":[{"id":81129,"href":"https:\/\/gmelorente.com\/en\/wp-json\/wp\/v2\/pages\/43101\/revisions\/81129"}],"up":[{"embeddable":true,"href":"https:\/\/gmelorente.com\/en\/wp-json\/wp\/v2\/pages\/43080"}],"wp:attachment":[{"href":"https:\/\/gmelorente.com\/en\/wp-json\/wp\/v2\/media?parent=43101"}],"curies":[{"name":"wp","href":"https:\/\/api.w.org\/{rel}","templated":true}]}}