{"id":43107,"date":"2015-08-13T16:42:21","date_gmt":"2015-08-13T14:42:21","guid":{"rendered":"https:\/\/gmelorente.com\/en\/productos\/griferia-de-bano\/duchas-vistas\/"},"modified":"2016-02-28T20:09:27","modified_gmt":"2016-02-28T19:09:27","slug":"duchas-vistas","status":"publish","type":"page","link":"https:\/\/gmelorente.com\/en\/productos\/griferia-de-bano-2\/duchas-vistas\/","title":{"rendered":"Showers in sight"},"content":{"rendered":"<p>[vc_row][vc_column]<div class=\"dt-shortcode with-isotope\"><div class=\"wf-container dt-portfolio-shortcode loading-effect-none iso-grid bg-under-post description-under-image content-align-left\" data-padding=\"20px\" data-cur-page=\"1\" data-posts-per-page=\"-1\" data-width=\"0px\" data-columns=\"4\">\n<div class=\"wf-cell category-111 category-106\" data-post-id=\"42718\" data-date=\"2015-10-28T15:14:13+01:00\" data-name=\"QUADRA \u00c9LITE TERMOST\u00c1TIC\">\n<article class=\"post post-42718 dt_portfolio type-dt_portfolio status-publish has-post-thumbnail hentry dt_portfolio_category-duchas-vista-en dt_portfolio_category-griferia-bano-en dt_portfolio_category-111 dt_portfolio_category-106 bg-on\">\n\n\t<div class=\"project-list-media\">\n\t<figure class=\"buttons-on-img forward-post\">\n\t\t<a href=\"https:\/\/gmelorente.com\/en\/producto\/quadra-elite-termostatica\/\" class=\"alignnone rollover layzr-bg\" title=\"QUADRA-CROMO-TERMOSTATICA\"  aria-label=\"Post image\"><img fetchpriority=\"high\" decoding=\"async\" class=\"preload-me iso-lazy-load aspect\" src=\"data:image\/svg+xml,%3Csvg%20xmlns%3D&#39;http%3A%2F%2Fwww.w3.org%2F2000%2Fsvg&#39;%20viewBox%3D&#39;0%200%20750%20750&#39;%2F%3E\" data-src=\"https:\/\/gmelorente.com\/wp-content\/uploads\/QUADRA-CROMO-TERMOSTATICA.jpg\" data-srcset=\"https:\/\/gmelorente.com\/wp-content\/uploads\/QUADRA-CROMO-TERMOSTATICA.jpg 750w\" loading=\"eager\" style=\"--ratio: 750 \/ 750\" sizes=\"(max-width: 750px) 100vw, 750px\" alt=\"\" width=\"750\" height=\"750\"  \/><\/a>\t\t\t<\/figure>\n<\/div>\n<div class=\"project-list-content\">\n\t<h3 class=\"entry-title\"><a href=\"https:\/\/gmelorente.com\/en\/producto\/quadra-elite-termostatica\/\" title=\"QUADRA \u00c9LITE TERMOST\u00c1TIC\" rel=\"bookmark\">QUADRA \u00c9LITE TERMOST\u00c1TIC<\/a><\/h3><p>Latest generation HI-TECH THERM thermostatic taps.<\/p>\n<\/div>\n<\/article>\n\n<\/div>\n<div class=\"wf-cell category-111 category-106\" data-post-id=\"42721\" data-date=\"2015-10-28T15:12:52+01:00\" data-name=\"QUADRA SINGLE-HANDLE\">\n<article class=\"post post-42721 dt_portfolio type-dt_portfolio status-publish has-post-thumbnail hentry dt_portfolio_category-duchas-vista-en dt_portfolio_category-griferia-bano-en dt_portfolio_category-111 dt_portfolio_category-106 bg-on\">\n\n\t<div class=\"project-list-media\">\n\t<figure class=\"buttons-on-img forward-post\">\n\t\t<a href=\"https:\/\/gmelorente.com\/en\/producto\/quadra-monomando\/\" class=\"alignnone rollover layzr-bg\" title=\"QUADRA-CROMO-MONOMANDO\"  aria-label=\"Post image\"><img decoding=\"async\" class=\"preload-me iso-lazy-load aspect\" src=\"data:image\/svg+xml,%3Csvg%20xmlns%3D&#39;http%3A%2F%2Fwww.w3.org%2F2000%2Fsvg&#39;%20viewBox%3D&#39;0%200%20750%20750&#39;%2F%3E\" data-src=\"https:\/\/gmelorente.com\/wp-content\/uploads\/QUADRA-CROMO-MONOMANDO.jpg\" data-srcset=\"https:\/\/gmelorente.com\/wp-content\/uploads\/QUADRA-CROMO-MONOMANDO.jpg 750w\" loading=\"eager\" style=\"--ratio: 750 \/ 750\" sizes=\"(max-width: 750px) 100vw, 750px\" alt=\"\" width=\"750\" height=\"750\"  \/><\/a>\t\t\t<\/figure>\n<\/div>\n<div class=\"project-list-content\">\n\t<h3 class=\"entry-title\"><a href=\"https:\/\/gmelorente.com\/en\/producto\/quadra-monomando\/\" title=\"QUADRA SINGLE-HANDLE\" rel=\"bookmark\">QUADRA SINGLE-HANDLE<\/a><\/h3><p>Single-handle taps.<\/p>\n<\/div>\n<\/article>\n\n<\/div>\n<div class=\"wf-cell category-111 category-106\" data-post-id=\"42724\" data-date=\"2015-10-28T15:11:25+01:00\" data-name=\"ROUND ELITE TERMOSTATIC\">\n<article class=\"post post-42724 dt_portfolio type-dt_portfolio status-publish has-post-thumbnail hentry dt_portfolio_category-duchas-vista-en dt_portfolio_category-griferia-bano-en dt_portfolio_category-111 dt_portfolio_category-106 bg-on\">\n\n\t<div class=\"project-list-media\">\n\t<figure class=\"buttons-on-img forward-post\">\n\t\t<a href=\"https:\/\/gmelorente.com\/en\/producto\/round-elite-termostatica\/\" class=\"alignnone rollover layzr-bg\" title=\"ROUND-ELITE-CROMO-\"  aria-label=\"Post image\"><img decoding=\"async\" class=\"preload-me iso-lazy-load aspect\" src=\"data:image\/svg+xml,%3Csvg%20xmlns%3D&#39;http%3A%2F%2Fwww.w3.org%2F2000%2Fsvg&#39;%20viewBox%3D&#39;0%200%20495%20495&#39;%2F%3E\" data-src=\"https:\/\/gmelorente.com\/wp-content\/uploads\/ROUND-ELITE-CROMO--495x495.jpg\" data-srcset=\"https:\/\/gmelorente.com\/wp-content\/uploads\/ROUND-ELITE-CROMO--495x495.jpg 495w\" loading=\"eager\" style=\"--ratio: 495 \/ 495\" sizes=\"(max-width: 495px) 100vw, 495px\" alt=\"\" width=\"495\" height=\"495\"  \/><\/a>\t\t\t<\/figure>\n<\/div>\n<div class=\"project-list-content\">\n\t<h3 class=\"entry-title\"><a href=\"https:\/\/gmelorente.com\/en\/producto\/round-elite-termostatica\/\" title=\"ROUND ELITE TERMOSTATIC\" rel=\"bookmark\">ROUND ELITE TERMOSTATIC<\/a><\/h3><p>Latest generation HI-TECH THERM thermostatic taps.<\/p>\n<\/div>\n<\/article>\n\n<\/div>\n<div class=\"wf-cell category-111 category-106\" data-post-id=\"42727\" data-date=\"2015-10-28T15:09:40+01:00\" data-name=\"ROUND SINGLE-HANDLE\">\n<article class=\"post post-42727 dt_portfolio type-dt_portfolio status-publish has-post-thumbnail hentry dt_portfolio_category-duchas-vista-en dt_portfolio_category-griferia-bano-en dt_portfolio_category-111 dt_portfolio_category-106 bg-on\">\n\n\t<div class=\"project-list-media\">\n\t<figure class=\"buttons-on-img forward-post\">\n\t\t<a href=\"https:\/\/gmelorente.com\/en\/producto\/round-monomando\/\" class=\"alignnone rollover layzr-bg\" title=\"ROUND-CROMO-MONOMANDO\"  aria-label=\"Post image\"><img decoding=\"async\" class=\"preload-me iso-lazy-load aspect\" src=\"data:image\/svg+xml,%3Csvg%20xmlns%3D&#39;http%3A%2F%2Fwww.w3.org%2F2000%2Fsvg&#39;%20viewBox%3D&#39;0%200%20750%20750&#39;%2F%3E\" data-src=\"https:\/\/gmelorente.com\/wp-content\/uploads\/ROUND-CROMO-MONOMANDO.jpg\" data-srcset=\"https:\/\/gmelorente.com\/wp-content\/uploads\/ROUND-CROMO-MONOMANDO.jpg 750w\" loading=\"eager\" style=\"--ratio: 750 \/ 750\" sizes=\"(max-width: 750px) 100vw, 750px\" alt=\"\" width=\"750\" height=\"750\"  \/><\/a>\t\t\t<\/figure>\n<\/div>\n<div class=\"project-list-content\">\n\t<h3 class=\"entry-title\"><a href=\"https:\/\/gmelorente.com\/en\/producto\/round-monomando\/\" title=\"ROUND SINGLE-HANDLE\" rel=\"bookmark\">ROUND SINGLE-HANDLE<\/a><\/h3><p>Single-handle taps.<\/p>\n<\/div>\n<\/article>\n\n<\/div><\/div><\/div>[\/vc_column][\/vc_row]<\/p>\n","protected":false},"excerpt":{"rendered":"<p>[vc_row][vc_column][\/vc_column][\/vc_row]<\/p>\n","protected":false},"author":1,"featured_media":0,"parent":43089,"menu_order":0,"comment_status":"closed","ping_status":"closed","template":"","meta":{"footnotes":""},"class_list":["post-43107","page","type-page","status-publish","hentry","description-off"],"yoast_head":"<!-- This site is optimized with the Yoast SEO plugin v27.2 - https:\/\/yoast.com\/product\/yoast-seo-wordpress\/ -->\n<title>Showers in sight - GME DIVISI\u00d3N BA\u00d1OS<\/title>\n<meta name=\"robots\" content=\"index, follow, max-snippet:-1, max-image-preview:large, max-video-preview:-1\" \/>\n<link rel=\"canonical\" href=\"https:\/\/gmelorente.com\/en\/productos\/griferia-de-bano-2\/duchas-vistas\/\" \/>\n<meta property=\"og:locale\" content=\"en_US\" \/>\n<meta property=\"og:type\" content=\"article\" \/>\n<meta property=\"og:title\" content=\"Showers in sight - GME DIVISI\u00d3N BA\u00d1OS\" \/>\n<meta property=\"og:description\" content=\"[vc_row][vc_column][\/vc_column][\/vc_row]\" \/>\n<meta property=\"og:url\" content=\"https:\/\/gmelorente.com\/en\/productos\/griferia-de-bano-2\/duchas-vistas\/\" \/>\n<meta property=\"og:site_name\" content=\"GME DIVISI\u00d3N BA\u00d1OS\" \/>\n<meta property=\"article:publisher\" content=\"https:\/\/www.facebook.com\/gmedivision\/?fref=ts\" \/>\n<meta property=\"article:modified_time\" content=\"2016-02-28T19:09:27+00:00\" \/>\n<meta name=\"twitter:card\" content=\"summary_large_image\" \/>\n<script type=\"application\/ld+json\" class=\"yoast-schema-graph\">{\"@context\":\"https:\/\/schema.org\",\"@graph\":[{\"@type\":\"WebPage\",\"@id\":\"https:\/\/gmelorente.com\/en\/productos\/griferia-de-bano-2\/duchas-vistas\/\",\"url\":\"https:\/\/gmelorente.com\/en\/productos\/griferia-de-bano-2\/duchas-vistas\/\",\"name\":\"Showers in sight - GME DIVISI\u00d3N BA\u00d1OS\",\"isPartOf\":{\"@id\":\"https:\/\/gmelorente.com\/#website\"},\"datePublished\":\"2015-08-13T14:42:21+00:00\",\"dateModified\":\"2016-02-28T19:09:27+00:00\",\"breadcrumb\":{\"@id\":\"https:\/\/gmelorente.com\/en\/productos\/griferia-de-bano-2\/duchas-vistas\/#breadcrumb\"},\"inLanguage\":\"en-US\",\"potentialAction\":[{\"@type\":\"ReadAction\",\"target\":[\"https:\/\/gmelorente.com\/en\/productos\/griferia-de-bano-2\/duchas-vistas\/\"]}]},{\"@type\":\"BreadcrumbList\",\"@id\":\"https:\/\/gmelorente.com\/en\/productos\/griferia-de-bano-2\/duchas-vistas\/#breadcrumb\",\"itemListElement\":[{\"@type\":\"ListItem\",\"position\":1,\"name\":\"Home\",\"item\":\"https:\/\/gmelorente.com\/en\/\"},{\"@type\":\"ListItem\",\"position\":2,\"name\":\"Products\",\"item\":\"https:\/\/gmelorente.com\/en\/productos\/\"},{\"@type\":\"ListItem\",\"position\":3,\"name\":\"Bathroom fittings\",\"item\":\"https:\/\/gmelorente.com\/en\/productos\/griferia-de-bano-2\/\"},{\"@type\":\"ListItem\",\"position\":4,\"name\":\"Showers in sight\"}]},{\"@type\":\"WebSite\",\"@id\":\"https:\/\/gmelorente.com\/#website\",\"url\":\"https:\/\/gmelorente.com\/\",\"name\":\"GME DIVISI\u00d3N BA\u00d1OS\",\"description\":\"Mamparas de ducha y mucho m\u00e1s\",\"publisher\":{\"@id\":\"https:\/\/gmelorente.com\/#organization\"},\"potentialAction\":[{\"@type\":\"SearchAction\",\"target\":{\"@type\":\"EntryPoint\",\"urlTemplate\":\"https:\/\/gmelorente.com\/?s={search_term_string}\"},\"query-input\":{\"@type\":\"PropertyValueSpecification\",\"valueRequired\":true,\"valueName\":\"search_term_string\"}}],\"inLanguage\":\"en-US\"},{\"@type\":\"Organization\",\"@id\":\"https:\/\/gmelorente.com\/#organization\",\"name\":\"GME DIVISI\u00d3N BA\u00d1OS S.L.\",\"url\":\"https:\/\/gmelorente.com\/\",\"logo\":{\"@type\":\"ImageObject\",\"inLanguage\":\"en-US\",\"@id\":\"https:\/\/gmelorente.com\/#\/schema\/logo\/image\/\",\"url\":\"https:\/\/gmelorente.com\/wp-content\/uploads\/logo-gme-azul.jpg\",\"contentUrl\":\"https:\/\/gmelorente.com\/wp-content\/uploads\/logo-gme-azul.jpg\",\"width\":810,\"height\":298,\"caption\":\"GME DIVISI\u00d3N BA\u00d1OS S.L.\"},\"image\":{\"@id\":\"https:\/\/gmelorente.com\/#\/schema\/logo\/image\/\"},\"sameAs\":[\"https:\/\/www.facebook.com\/gmedivision\/?fref=ts\",\"https:\/\/es.pinterest.com\/gmedivision\/?eq=gme&amp;etslf=14997\"]}]}<\/script>\n<!-- \/ Yoast SEO plugin. -->","yoast_head_json":{"title":"Showers in sight - GME DIVISI\u00d3N BA\u00d1OS","robots":{"index":"index","follow":"follow","max-snippet":"max-snippet:-1","max-image-preview":"max-image-preview:large","max-video-preview":"max-video-preview:-1"},"canonical":"https:\/\/gmelorente.com\/en\/productos\/griferia-de-bano-2\/duchas-vistas\/","og_locale":"en_US","og_type":"article","og_title":"Showers in sight - GME DIVISI\u00d3N BA\u00d1OS","og_description":"[vc_row][vc_column][\/vc_column][\/vc_row]","og_url":"https:\/\/gmelorente.com\/en\/productos\/griferia-de-bano-2\/duchas-vistas\/","og_site_name":"GME DIVISI\u00d3N BA\u00d1OS","article_publisher":"https:\/\/www.facebook.com\/gmedivision\/?fref=ts","article_modified_time":"2016-02-28T19:09:27+00:00","twitter_card":"summary_large_image","schema":{"@context":"https:\/\/schema.org","@graph":[{"@type":"WebPage","@id":"https:\/\/gmelorente.com\/en\/productos\/griferia-de-bano-2\/duchas-vistas\/","url":"https:\/\/gmelorente.com\/en\/productos\/griferia-de-bano-2\/duchas-vistas\/","name":"Showers in sight - GME DIVISI\u00d3N BA\u00d1OS","isPartOf":{"@id":"https:\/\/gmelorente.com\/#website"},"datePublished":"2015-08-13T14:42:21+00:00","dateModified":"2016-02-28T19:09:27+00:00","breadcrumb":{"@id":"https:\/\/gmelorente.com\/en\/productos\/griferia-de-bano-2\/duchas-vistas\/#breadcrumb"},"inLanguage":"en-US","potentialAction":[{"@type":"ReadAction","target":["https:\/\/gmelorente.com\/en\/productos\/griferia-de-bano-2\/duchas-vistas\/"]}]},{"@type":"BreadcrumbList","@id":"https:\/\/gmelorente.com\/en\/productos\/griferia-de-bano-2\/duchas-vistas\/#breadcrumb","itemListElement":[{"@type":"ListItem","position":1,"name":"Home","item":"https:\/\/gmelorente.com\/en\/"},{"@type":"ListItem","position":2,"name":"Products","item":"https:\/\/gmelorente.com\/en\/productos\/"},{"@type":"ListItem","position":3,"name":"Bathroom fittings","item":"https:\/\/gmelorente.com\/en\/productos\/griferia-de-bano-2\/"},{"@type":"ListItem","position":4,"name":"Showers in sight"}]},{"@type":"WebSite","@id":"https:\/\/gmelorente.com\/#website","url":"https:\/\/gmelorente.com\/","name":"GME DIVISI\u00d3N BA\u00d1OS","description":"Mamparas de ducha y mucho m\u00e1s","publisher":{"@id":"https:\/\/gmelorente.com\/#organization"},"potentialAction":[{"@type":"SearchAction","target":{"@type":"EntryPoint","urlTemplate":"https:\/\/gmelorente.com\/?s={search_term_string}"},"query-input":{"@type":"PropertyValueSpecification","valueRequired":true,"valueName":"search_term_string"}}],"inLanguage":"en-US"},{"@type":"Organization","@id":"https:\/\/gmelorente.com\/#organization","name":"GME DIVISI\u00d3N BA\u00d1OS S.L.","url":"https:\/\/gmelorente.com\/","logo":{"@type":"ImageObject","inLanguage":"en-US","@id":"https:\/\/gmelorente.com\/#\/schema\/logo\/image\/","url":"https:\/\/gmelorente.com\/wp-content\/uploads\/logo-gme-azul.jpg","contentUrl":"https:\/\/gmelorente.com\/wp-content\/uploads\/logo-gme-azul.jpg","width":810,"height":298,"caption":"GME DIVISI\u00d3N BA\u00d1OS S.L."},"image":{"@id":"https:\/\/gmelorente.com\/#\/schema\/logo\/image\/"},"sameAs":["https:\/\/www.facebook.com\/gmedivision\/?fref=ts","https:\/\/es.pinterest.com\/gmedivision\/?eq=gme&amp;etslf=14997"]}]}},"_links":{"self":[{"href":"https:\/\/gmelorente.com\/en\/wp-json\/wp\/v2\/pages\/43107","targetHints":{"allow":["GET"]}}],"collection":[{"href":"https:\/\/gmelorente.com\/en\/wp-json\/wp\/v2\/pages"}],"about":[{"href":"https:\/\/gmelorente.com\/en\/wp-json\/wp\/v2\/types\/page"}],"author":[{"embeddable":true,"href":"https:\/\/gmelorente.com\/en\/wp-json\/wp\/v2\/users\/1"}],"replies":[{"embeddable":true,"href":"https:\/\/gmelorente.com\/en\/wp-json\/wp\/v2\/comments?post=43107"}],"version-history":[{"count":0,"href":"https:\/\/gmelorente.com\/en\/wp-json\/wp\/v2\/pages\/43107\/revisions"}],"up":[{"embeddable":true,"href":"https:\/\/gmelorente.com\/en\/wp-json\/wp\/v2\/pages\/43089"}],"wp:attachment":[{"href":"https:\/\/gmelorente.com\/en\/wp-json\/wp\/v2\/media?parent=43107"}],"curies":[{"name":"wp","href":"https:\/\/api.w.org\/{rel}","templated":true}]}}