{"id":43116,"date":"2015-08-13T16:38:20","date_gmt":"2015-08-13T14:38:20","guid":{"rendered":"https:\/\/gmelorente.com\/en\/productos\/mamparas\/decorados\/"},"modified":"2025-04-25T12:37:07","modified_gmt":"2025-04-25T10:37:07","slug":"decorados","status":"publish","type":"page","link":"https:\/\/gmelorente.com\/en\/productos\/mamparas\/decorados\/","title":{"rendered":"Decorated"},"content":{"rendered":"<p>[vc_row][vc_column][vc_column_text]<\/p>\n<h3>VINILOS<\/h3>\n<p>GME DIVISION BA\u00d1OS ofrece la posibilidad de decorar las mamparas con 6 modelos de vinilos, con los que podr\u00e1s personalizar tu ba\u00f1o con el estilo que m\u00e1s se adapte a ti y a los tuyos.<\/p>\n<p>Os damos la opci\u00f3n de montaje en f\u00e1brica o montaje a cargo del cliente.<\/p>\n<p>Para la correcta colocaci\u00f3n del vinilo deber\u00e9is rellenar una ficha de instalaci\u00f3n en la que indicareis decorado, color, posici\u00f3n, altura&#8230;.[\/vc_column_text][\/vc_column][\/vc_row][vc_row][vc_column][vc_column_text]<\/p>\n<h3>IMPRESI\u00d3N DIGITAL SOBRE VINILO<\/h3>\n<p dir=\"LTR\" align=\"JUSTIFY\">Gracias a las posibilidades que ofrecen las modernas t\u00e9cnicas de impresi\u00f3n digital, ahora podemos dar personalidad a nuestras mamparas.<\/p>\n<p dir=\"LTR\" align=\"JUSTIFY\">Con este tipo de impresi\u00f3n, se puede dar al cristal una imagen \u00fanica, gracias a la incorporaci\u00f3n de fotograf\u00edas, dibujos, logos, letras, s\u00edmbolos y mucho m\u00e1s.<\/p>\n<p>Nuestro sistema de impresi\u00f3n digital incorpora una l\u00e1mina para la protecci\u00f3n y conservaci\u00f3n de la imagen del vinilo.<\/p>\n<p><img loading=\"lazy\" decoding=\"async\" class=\"aligncenter size-full wp-image-37278\" src=\"https:\/\/gmelorente.com\/wp-content\/uploads\/GME_FUTURA_impresion-digital.jpg\" alt=\"GME_FUTURA_impresion-digital\" width=\"376\" height=\"354\" srcset=\"https:\/\/gmelorente.com\/wp-content\/uploads\/GME_FUTURA_impresion-digital.jpg 376w, https:\/\/gmelorente.com\/wp-content\/uploads\/GME_FUTURA_impresion-digital-300x282.jpg 300w, https:\/\/gmelorente.com\/wp-content\/uploads\/GME_FUTURA_impresion-digital-20x20.jpg 20w\" sizes=\"auto, (max-width: 376px) 100vw, 376px\" \/><\/p>\n<p>[\/vc_column_text][\/vc_column][\/vc_row]<\/p>\n","protected":false},"excerpt":{"rendered":"<p>[vc_row][vc_column][vc_column_text] VINILOS GME DIVISION BA\u00d1OS ofrece la posibilidad de decorar las mamparas con 6 modelos de vinilos, con los que podr\u00e1s personalizar tu ba\u00f1o con el estilo que m\u00e1s se adapte a ti y a los tuyos. Os damos la opci\u00f3n de montaje en f\u00e1brica o montaje a cargo del cliente. Para la correcta colocaci\u00f3n&hellip;<\/p>\n","protected":false},"author":1,"featured_media":0,"parent":43095,"menu_order":0,"comment_status":"closed","ping_status":"closed","template":"","meta":{"footnotes":""},"class_list":["post-43116","page","type-page","status-publish","hentry","description-off"],"yoast_head":"<!-- This site is optimized with the Yoast SEO plugin v27.3 - https:\/\/yoast.com\/product\/yoast-seo-wordpress\/ -->\n<title>Decorated - GME DIVISI\u00d3N BA\u00d1OS<\/title>\n<meta name=\"robots\" content=\"index, follow, max-snippet:-1, max-image-preview:large, max-video-preview:-1\" \/>\n<link rel=\"canonical\" href=\"https:\/\/gmelorente.com\/en\/productos\/mamparas\/decorados\/\" \/>\n<meta property=\"og:locale\" content=\"en_US\" \/>\n<meta property=\"og:type\" content=\"article\" \/>\n<meta property=\"og:title\" content=\"Decorated - GME DIVISI\u00d3N BA\u00d1OS\" \/>\n<meta property=\"og:description\" content=\"[vc_row][vc_column][vc_column_text] VINILOS GME DIVISION BA\u00d1OS ofrece la posibilidad de decorar las mamparas con 6 modelos de vinilos, con los que podr\u00e1s personalizar tu ba\u00f1o con el estilo que m\u00e1s se adapte a ti y a los tuyos. Os damos la opci\u00f3n de montaje en f\u00e1brica o montaje a cargo del cliente. Para la correcta colocaci\u00f3n&hellip;\" \/>\n<meta property=\"og:url\" content=\"https:\/\/gmelorente.com\/en\/productos\/mamparas\/decorados\/\" \/>\n<meta property=\"og:site_name\" content=\"GME DIVISI\u00d3N BA\u00d1OS\" \/>\n<meta property=\"article:publisher\" content=\"https:\/\/www.facebook.com\/gmedivision\/?fref=ts\" \/>\n<meta property=\"article:modified_time\" content=\"2025-04-25T10:37:07+00:00\" \/>\n<meta property=\"og:image\" content=\"https:\/\/gmelorente.com\/wp-content\/uploads\/GME_FUTURA_impresion-digital.jpg\" \/>\n\t<meta property=\"og:image:width\" content=\"376\" \/>\n\t<meta property=\"og:image:height\" content=\"354\" \/>\n\t<meta property=\"og:image:type\" content=\"image\/jpeg\" \/>\n<meta name=\"twitter:card\" content=\"summary_large_image\" \/>\n<meta name=\"twitter:label1\" content=\"Est. reading time\" \/>\n\t<meta name=\"twitter:data1\" content=\"1 minute\" \/>\n<script type=\"application\/ld+json\" class=\"yoast-schema-graph\">{\"@context\":\"https:\\\/\\\/schema.org\",\"@graph\":[{\"@type\":\"WebPage\",\"@id\":\"https:\\\/\\\/gmelorente.com\\\/en\\\/productos\\\/mamparas\\\/decorados\\\/\",\"url\":\"https:\\\/\\\/gmelorente.com\\\/en\\\/productos\\\/mamparas\\\/decorados\\\/\",\"name\":\"Decorated - GME DIVISI\u00d3N BA\u00d1OS\",\"isPartOf\":{\"@id\":\"https:\\\/\\\/gmelorente.com\\\/#website\"},\"primaryImageOfPage\":{\"@id\":\"https:\\\/\\\/gmelorente.com\\\/en\\\/productos\\\/mamparas\\\/decorados\\\/#primaryimage\"},\"image\":{\"@id\":\"https:\\\/\\\/gmelorente.com\\\/en\\\/productos\\\/mamparas\\\/decorados\\\/#primaryimage\"},\"thumbnailUrl\":\"https:\\\/\\\/gmelorente.com\\\/wp-content\\\/uploads\\\/GME_FUTURA_impresion-digital.jpg\",\"datePublished\":\"2015-08-13T14:38:20+00:00\",\"dateModified\":\"2025-04-25T10:37:07+00:00\",\"breadcrumb\":{\"@id\":\"https:\\\/\\\/gmelorente.com\\\/en\\\/productos\\\/mamparas\\\/decorados\\\/#breadcrumb\"},\"inLanguage\":\"en-US\",\"potentialAction\":[{\"@type\":\"ReadAction\",\"target\":[\"https:\\\/\\\/gmelorente.com\\\/en\\\/productos\\\/mamparas\\\/decorados\\\/\"]}]},{\"@type\":\"ImageObject\",\"inLanguage\":\"en-US\",\"@id\":\"https:\\\/\\\/gmelorente.com\\\/en\\\/productos\\\/mamparas\\\/decorados\\\/#primaryimage\",\"url\":\"https:\\\/\\\/gmelorente.com\\\/wp-content\\\/uploads\\\/GME_FUTURA_impresion-digital.jpg\",\"contentUrl\":\"https:\\\/\\\/gmelorente.com\\\/wp-content\\\/uploads\\\/GME_FUTURA_impresion-digital.jpg\"},{\"@type\":\"BreadcrumbList\",\"@id\":\"https:\\\/\\\/gmelorente.com\\\/en\\\/productos\\\/mamparas\\\/decorados\\\/#breadcrumb\",\"itemListElement\":[{\"@type\":\"ListItem\",\"position\":1,\"name\":\"Home\",\"item\":\"https:\\\/\\\/gmelorente.com\\\/en\\\/\"},{\"@type\":\"ListItem\",\"position\":2,\"name\":\"Products\",\"item\":\"https:\\\/\\\/gmelorente.com\\\/en\\\/productos\\\/\"},{\"@type\":\"ListItem\",\"position\":3,\"name\":\"Screens\",\"item\":\"https:\\\/\\\/gmelorente.com\\\/en\\\/productos\\\/mamparas\\\/\"},{\"@type\":\"ListItem\",\"position\":4,\"name\":\"Decorated\"}]},{\"@type\":\"WebSite\",\"@id\":\"https:\\\/\\\/gmelorente.com\\\/#website\",\"url\":\"https:\\\/\\\/gmelorente.com\\\/\",\"name\":\"GME DIVISI\u00d3N BA\u00d1OS\",\"description\":\"Mamparas de ducha y mucho m\u00e1s\",\"publisher\":{\"@id\":\"https:\\\/\\\/gmelorente.com\\\/#organization\"},\"potentialAction\":[{\"@type\":\"SearchAction\",\"target\":{\"@type\":\"EntryPoint\",\"urlTemplate\":\"https:\\\/\\\/gmelorente.com\\\/?s={search_term_string}\"},\"query-input\":{\"@type\":\"PropertyValueSpecification\",\"valueRequired\":true,\"valueName\":\"search_term_string\"}}],\"inLanguage\":\"en-US\"},{\"@type\":\"Organization\",\"@id\":\"https:\\\/\\\/gmelorente.com\\\/#organization\",\"name\":\"GME DIVISI\u00d3N BA\u00d1OS S.L.\",\"url\":\"https:\\\/\\\/gmelorente.com\\\/\",\"logo\":{\"@type\":\"ImageObject\",\"inLanguage\":\"en-US\",\"@id\":\"https:\\\/\\\/gmelorente.com\\\/#\\\/schema\\\/logo\\\/image\\\/\",\"url\":\"https:\\\/\\\/gmelorente.com\\\/wp-content\\\/uploads\\\/logo-gme-azul.jpg\",\"contentUrl\":\"https:\\\/\\\/gmelorente.com\\\/wp-content\\\/uploads\\\/logo-gme-azul.jpg\",\"width\":810,\"height\":298,\"caption\":\"GME DIVISI\u00d3N BA\u00d1OS S.L.\"},\"image\":{\"@id\":\"https:\\\/\\\/gmelorente.com\\\/#\\\/schema\\\/logo\\\/image\\\/\"},\"sameAs\":[\"https:\\\/\\\/www.facebook.com\\\/gmedivision\\\/?fref=ts\",\"https:\\\/\\\/es.pinterest.com\\\/gmedivision\\\/?eq=gme&amp;etslf=14997\"]}]}<\/script>\n<!-- \/ Yoast SEO plugin. -->","yoast_head_json":{"title":"Decorated - GME DIVISI\u00d3N BA\u00d1OS","robots":{"index":"index","follow":"follow","max-snippet":"max-snippet:-1","max-image-preview":"max-image-preview:large","max-video-preview":"max-video-preview:-1"},"canonical":"https:\/\/gmelorente.com\/en\/productos\/mamparas\/decorados\/","og_locale":"en_US","og_type":"article","og_title":"Decorated - GME DIVISI\u00d3N BA\u00d1OS","og_description":"[vc_row][vc_column][vc_column_text] VINILOS GME DIVISION BA\u00d1OS ofrece la posibilidad de decorar las mamparas con 6 modelos de vinilos, con los que podr\u00e1s personalizar tu ba\u00f1o con el estilo que m\u00e1s se adapte a ti y a los tuyos. Os damos la opci\u00f3n de montaje en f\u00e1brica o montaje a cargo del cliente. Para la correcta colocaci\u00f3n&hellip;","og_url":"https:\/\/gmelorente.com\/en\/productos\/mamparas\/decorados\/","og_site_name":"GME DIVISI\u00d3N BA\u00d1OS","article_publisher":"https:\/\/www.facebook.com\/gmedivision\/?fref=ts","article_modified_time":"2025-04-25T10:37:07+00:00","og_image":[{"width":376,"height":354,"url":"https:\/\/gmelorente.com\/wp-content\/uploads\/GME_FUTURA_impresion-digital.jpg","type":"image\/jpeg"}],"twitter_card":"summary_large_image","twitter_misc":{"Est. reading time":"1 minute"},"schema":{"@context":"https:\/\/schema.org","@graph":[{"@type":"WebPage","@id":"https:\/\/gmelorente.com\/en\/productos\/mamparas\/decorados\/","url":"https:\/\/gmelorente.com\/en\/productos\/mamparas\/decorados\/","name":"Decorated - GME DIVISI\u00d3N BA\u00d1OS","isPartOf":{"@id":"https:\/\/gmelorente.com\/#website"},"primaryImageOfPage":{"@id":"https:\/\/gmelorente.com\/en\/productos\/mamparas\/decorados\/#primaryimage"},"image":{"@id":"https:\/\/gmelorente.com\/en\/productos\/mamparas\/decorados\/#primaryimage"},"thumbnailUrl":"https:\/\/gmelorente.com\/wp-content\/uploads\/GME_FUTURA_impresion-digital.jpg","datePublished":"2015-08-13T14:38:20+00:00","dateModified":"2025-04-25T10:37:07+00:00","breadcrumb":{"@id":"https:\/\/gmelorente.com\/en\/productos\/mamparas\/decorados\/#breadcrumb"},"inLanguage":"en-US","potentialAction":[{"@type":"ReadAction","target":["https:\/\/gmelorente.com\/en\/productos\/mamparas\/decorados\/"]}]},{"@type":"ImageObject","inLanguage":"en-US","@id":"https:\/\/gmelorente.com\/en\/productos\/mamparas\/decorados\/#primaryimage","url":"https:\/\/gmelorente.com\/wp-content\/uploads\/GME_FUTURA_impresion-digital.jpg","contentUrl":"https:\/\/gmelorente.com\/wp-content\/uploads\/GME_FUTURA_impresion-digital.jpg"},{"@type":"BreadcrumbList","@id":"https:\/\/gmelorente.com\/en\/productos\/mamparas\/decorados\/#breadcrumb","itemListElement":[{"@type":"ListItem","position":1,"name":"Home","item":"https:\/\/gmelorente.com\/en\/"},{"@type":"ListItem","position":2,"name":"Products","item":"https:\/\/gmelorente.com\/en\/productos\/"},{"@type":"ListItem","position":3,"name":"Screens","item":"https:\/\/gmelorente.com\/en\/productos\/mamparas\/"},{"@type":"ListItem","position":4,"name":"Decorated"}]},{"@type":"WebSite","@id":"https:\/\/gmelorente.com\/#website","url":"https:\/\/gmelorente.com\/","name":"GME DIVISI\u00d3N BA\u00d1OS","description":"Mamparas de ducha y mucho m\u00e1s","publisher":{"@id":"https:\/\/gmelorente.com\/#organization"},"potentialAction":[{"@type":"SearchAction","target":{"@type":"EntryPoint","urlTemplate":"https:\/\/gmelorente.com\/?s={search_term_string}"},"query-input":{"@type":"PropertyValueSpecification","valueRequired":true,"valueName":"search_term_string"}}],"inLanguage":"en-US"},{"@type":"Organization","@id":"https:\/\/gmelorente.com\/#organization","name":"GME DIVISI\u00d3N BA\u00d1OS S.L.","url":"https:\/\/gmelorente.com\/","logo":{"@type":"ImageObject","inLanguage":"en-US","@id":"https:\/\/gmelorente.com\/#\/schema\/logo\/image\/","url":"https:\/\/gmelorente.com\/wp-content\/uploads\/logo-gme-azul.jpg","contentUrl":"https:\/\/gmelorente.com\/wp-content\/uploads\/logo-gme-azul.jpg","width":810,"height":298,"caption":"GME DIVISI\u00d3N BA\u00d1OS S.L."},"image":{"@id":"https:\/\/gmelorente.com\/#\/schema\/logo\/image\/"},"sameAs":["https:\/\/www.facebook.com\/gmedivision\/?fref=ts","https:\/\/es.pinterest.com\/gmedivision\/?eq=gme&amp;etslf=14997"]}]}},"_links":{"self":[{"href":"https:\/\/gmelorente.com\/en\/wp-json\/wp\/v2\/pages\/43116","targetHints":{"allow":["GET"]}}],"collection":[{"href":"https:\/\/gmelorente.com\/en\/wp-json\/wp\/v2\/pages"}],"about":[{"href":"https:\/\/gmelorente.com\/en\/wp-json\/wp\/v2\/types\/page"}],"author":[{"embeddable":true,"href":"https:\/\/gmelorente.com\/en\/wp-json\/wp\/v2\/users\/1"}],"replies":[{"embeddable":true,"href":"https:\/\/gmelorente.com\/en\/wp-json\/wp\/v2\/comments?post=43116"}],"version-history":[{"count":2,"href":"https:\/\/gmelorente.com\/en\/wp-json\/wp\/v2\/pages\/43116\/revisions"}],"predecessor-version":[{"id":86216,"href":"https:\/\/gmelorente.com\/en\/wp-json\/wp\/v2\/pages\/43116\/revisions\/86216"}],"up":[{"embeddable":true,"href":"https:\/\/gmelorente.com\/en\/wp-json\/wp\/v2\/pages\/43095"}],"wp:attachment":[{"href":"https:\/\/gmelorente.com\/en\/wp-json\/wp\/v2\/media?parent=43116"}],"curies":[{"name":"wp","href":"https:\/\/api.w.org\/{rel}","templated":true}]}}