{"id":43140,"date":"2015-12-06T20:01:16","date_gmt":"2015-12-06T19:01:16","guid":{"rendered":"https:\/\/gmelorente.com\/en\/instrucciones-de-montaje\/"},"modified":"2024-04-10T11:45:12","modified_gmt":"2024-04-10T09:45:12","slug":"instrucciones-de-montaje-3","status":"publish","type":"page","link":"https:\/\/gmelorente.com\/en\/instrucciones-de-montaje-3\/","title":{"rendered":"Assembly instructions"},"content":{"rendered":"<p>[vc_row][vc_column width=&#8221;1\/2&#8243;][vc_tta_tour style=&#8221;modern&#8221; color=&#8221;sky&#8221; active_section=&#8221;1&#8243;][vc_tta_section title=&#8221;AKORD Serie&#8221; tab_id=&#8221;1449428931249-89d99c3d-f622&#8243;][vc_column_text]Assembly instructions<\/p>\n<p><a href=\"https:\/\/gmelorente.com\/wp-content\/uploads\/Akord.pdf\">Akord<\/a>[\/vc_column_text][\/vc_tta_section][vc_tta_section title=&#8221;AKTUAL Serie&#8221; tab_id=&#8221;1449428931482-50b0e067-ac74&#8243;][vc_column_text]Assembly instructions<\/p>\n<p><a href=\"https:\/\/gmelorente.com\/wp-content\/uploads\/FRONTAL-AKTUAL-LAT.-FIJO-STD.pdf\">FRONTAL AKTUAL + LAT. FIJO STD<\/a><\/p>\n<p><a href=\"https:\/\/gmelorente.com\/wp-content\/uploads\/FRONTAL-AKTUAL-1F-1C.pdf\">FRONTAL AKTUAL 1F+1C<\/a><\/p>\n<p><a href=\"https:\/\/gmelorente.com\/wp-content\/uploads\/AKTUAL-SPAZIO-2F-2C.pdf\">AKTUAL SPAZIO 2F+2C<\/a><\/p>\n<p><a href=\"https:\/\/gmelorente.com\/wp-content\/uploads\/AKTUAL-ABIERTA-AL-VERTICE.pdf\">AKTUAL ABIERTA AL VERTICE<\/a>[\/vc_column_text][\/vc_tta_section][vc_tta_section title=&#8221;BASIC Serie&#8221; tab_id=&#8221;1449428986609-47a38226-6409&#8243;][vc_column_text]Assembly instructions<\/p>\n<p><a href=\"https:\/\/gmelorente.com\/wp-content\/uploads\/BASIC-1F1C.pdf\">BASIC 1F1C<\/a><\/p>\n<p><a href=\"https:\/\/gmelorente.com\/wp-content\/uploads\/BASIC-al-vertice.pdf\">BASIC al vertice<\/a><\/p>\n<p><a href=\"https:\/\/gmelorente.com\/wp-content\/uploads\/BASIC-FRONTAL-LAT.-FIJO.pdf\">BASIC FRONTAL + LAT. FIJO<\/a>[\/vc_column_text][\/vc_tta_section][vc_tta_section title=&#8221;BYPASS Serie&#8221; tab_id=&#8221;1449429003337-d8583fdf-a757&#8243;][vc_column_text]Assembly instructions<\/p>\n<p><a href=\"https:\/\/gmelorente.com\/wp-content\/uploads\/FRONTAL-BYPASS.pdf\" rel=\"\">FRONTAL BYPASS<\/a><\/p>\n<p><a href=\"https:\/\/gmelorente.com\/wp-content\/uploads\/BYPASS-FIJO.pdf\" rel=\"\">BYPASS + FIJO<\/a>[\/vc_column_text][\/vc_tta_section][vc_tta_section title=&#8221;FUTURA Serie&#8221; tab_id=&#8221;1449429004480-f5a1abf8-f823&#8243;][vc_column_text]Assembly instructions<\/p>\n<p><a href=\"https:\/\/gmelorente.com\/wp-content\/uploads\/FUTURA-1F1C.pdf\">FUTURA 1F1C<\/a><\/p>\n<p><a href=\"https:\/\/gmelorente.com\/wp-content\/uploads\/FUTURA-al-vertice.pdf\">FUTURA al vertice<\/a><\/p>\n<p><a href=\"https:\/\/gmelorente.com\/wp-content\/uploads\/FUTURA-FRONTAL-LAT.-FIJO.pdf\">FUTURA FRONTAL + LAT. FIJO<\/a>[\/vc_column_text][\/vc_tta_section][vc_tta_section title=&#8221;MOVING Serie&#8221; tab_id=&#8221;1449429005446-e12fadf2-27ef&#8221;][vc_column_text]Assembly instructions<\/p>\n<p><a href=\"https:\/\/gmelorente.com\/wp-content\/uploads\/FRONTAL-MOVING-1F-1C.pdf\">FRONTAL MOVING 1F+1C<\/a><\/p>\n<p><a href=\"https:\/\/gmelorente.com\/wp-content\/uploads\/FRONTAL-MOVING-LAT.-FIJO.pdf\">FRONTAL MOVING + LAT. FIJO<\/a><\/p>\n<p><a href=\"https:\/\/gmelorente.com\/wp-content\/uploads\/MOVING-SPAZIO-2F-2C.pdf\">MOVING SPAZIO 2F+2C<\/a><\/p>\n<p><a href=\"https:\/\/gmelorente.com\/wp-content\/uploads\/MOVING-ABIERTA-AL-VERTICE.pdf\">MOVING ABIERTA AL VERTICE<\/a>[\/vc_column_text][\/vc_tta_section][vc_tta_section title=&#8221;OPEN Serie&#8221; tab_id=&#8221;1449429006538-213d397d-eadb&#8221;][vc_column_text]Assembly instructions<\/p>\n<p><a href=\"https:\/\/gmelorente.com\/wp-content\/uploads\/OPEN-TODAS-LAS-COMBINACIONES.pdf\">OPEN TODAS LAS COMBINACIONES<\/a>[\/vc_column_text][\/vc_tta_section][vc_tta_section title=&#8221;PRESTIGE Serie&#8221; tab_id=&#8221;1449429009329-92315a93-4562&#8243;][vc_column_text]Assembly instructions<\/p>\n<p><a href=\"https:\/\/gmelorente.com\/wp-content\/uploads\/FRONTAL-PRESTIGE-1F-1C.pdf\">FRONTAL PRESTIGE 1F+1C<\/a><\/p>\n<p><a href=\"https:\/\/gmelorente.com\/wp-content\/uploads\/FRONTAL-PRESTIGE-LAT.-FIJO-STD.pdf\">FRONTAL PRESTIGE + LAT. FIJO STD<\/a><\/p>\n<p><a href=\"https:\/\/gmelorente.com\/wp-content\/uploads\/PRESTIGE-ABIERTA-AL-VERTICE.pdf\">PRESTIGE ABIERTA AL VERTICE<\/a><\/p>\n<p><a href=\"https:\/\/gmelorente.com\/wp-content\/uploads\/PRESTIGE-SPAZIO-2F-2C.pdf\">PRESTIGE SPAZIO 2F+2C<\/a>[\/vc_column_text][\/vc_tta_section][vc_tta_section title=&#8221;GLASS Serie&#8221; tab_id=&#8221;1506585379603-dc34b91e-cc4c&#8221;][vc_column_text]Assembly instructions<\/p>\n<p><a href=\"https:\/\/gmelorente.com\/wp-content\/uploads\/GLASS-MANUAL.pdf\" rel=\"\">Programa GLASS<\/a><\/p>\n<p><a href=\"https:\/\/gmelorente.com\/wp-content\/uploads\/PLEGABLE-MANUAL.pdf\" rel=\"\">Programa GLASS PLEGABLE<\/a>[\/vc_column_text][\/vc_tta_section][\/vc_tta_tour][\/vc_column][vc_column width=&#8221;1\/2&#8243;][vc_tta_tour style=&#8221;modern&#8221; color=&#8221;sky&#8221; active_section=&#8221;1&#8243;][vc_tta_section title=&#8221;ROTARY Serie&#8221; tab_id=&#8221;1453996118477-ea0a7dfe-d787&#8243;][vc_column_text]Assembly instructions<\/p>\n<p><a href=\"https:\/\/gmelorente.com\/wp-content\/uploads\/ROTARY-1F1C.pdf\">ROTARY 1F1C<\/a><\/p>\n<p><a href=\"https:\/\/gmelorente.com\/wp-content\/uploads\/ROTARY-al-vertice.pdf\">ROTARY al vertice<\/a>[\/vc_column_text][\/vc_tta_section][vc_tta_section title=&#8221;SCREEN Serie&#8221; tab_id=&#8221;1453996118716-c82d8083-415c&#8221;][vc_column_text]Assembly instructions<\/p>\n<p><a href=\"https:\/\/gmelorente.com\/wp-content\/uploads\/SCREEN-WALKING.pdf\">SCREEN WALKING<\/a><\/p>\n<p><a href=\"https:\/\/gmelorente.com\/wp-content\/uploads\/SCREEN-MOVING.pdf\">SCREEN MOVING<\/a>[\/vc_column_text][\/vc_tta_section][vc_tta_section title=&#8221;SLIM Serie&#8221; tab_id=&#8221;1453996118967-1c191bcc-c163&#8243;][vc_column_text]Assembly instructions<\/p>\n<p><a href=\"https:\/\/gmelorente.com\/wp-content\/uploads\/TITAN-SLIM-2-PUERTAS.pdf\">TITAN SLIM 2 PUERTAS<\/a>[\/vc_column_text][\/vc_tta_section][vc_tta_section title=&#8221;TEMPLE 2.0 Serie&#8221; tab_id=&#8221;1453996119213-7628e9c0-1101&#8243;][vc_column_text]Assembly instructions<\/p>\n<p><a href=\"https:\/\/gmelorente.com\/wp-content\/uploads\/TEMPLE-2.0-1F1C.pdf\">TEMPLE 2.0 1F1C<\/a><\/p>\n<p><a href=\"https:\/\/gmelorente.com\/wp-content\/uploads\/TEMPLE-2.0-al-vertice.pdf\">TEMPLE 2.0 al vertice<\/a>[\/vc_column_text][\/vc_tta_section][vc_tta_section title=&#8221;TITAN Serie&#8221; tab_id=&#8221;1453996119466-2e7a6b33-0eb3&#8243;][vc_column_text]Assembly instructions<\/p>\n<p><a href=\"https:\/\/gmelorente.com\/wp-content\/uploads\/TITAN-SEMICIRCULAR.pdf\">TITAN SEMICIRCULAR<\/a><\/p>\n<p><a href=\"https:\/\/gmelorente.com\/wp-content\/uploads\/TITAN-SPACIO-2F-2C.pdf\">TITAN SPACIO 2F+2C<\/a><\/p>\n<p><a href=\"https:\/\/gmelorente.com\/wp-content\/uploads\/TITAN-SPACIO-LAT.-FIJO.pdf\">TITAN SPACIO + LAT. FIJO<\/a><\/p>\n<p><a href=\"https:\/\/gmelorente.com\/wp-content\/uploads\/TITAN-ABIERTA-AL-VERTICE.pdf\">TITAN ABIERTA AL VERTICE<\/a><\/p>\n<p><a href=\"https:\/\/gmelorente.com\/wp-content\/uploads\/FRONTAL-TITAN-1F-1C.pdf\">FRONTAL TITAN 1F+1C<\/a>[\/vc_column_text][\/vc_tta_section][vc_tta_section title=&#8221;TRIO Serie&#8221; tab_id=&#8221;1453996119726-50166da3-c412&#8243;][vc_column_text]Assembly instructions<\/p>\n<p><a href=\"https:\/\/gmelorente.com\/wp-content\/uploads\/FRONTAL-TRIO-1F-2C.pdf\">FRONTAL TRIO 1F+2C<\/a><\/p>\n<p><a href=\"https:\/\/gmelorente.com\/wp-content\/uploads\/FRONTAL-TRIO-LAT.-FIJO.pdf\">FRONTAL TRIO + LAT. FIJO<\/a>[\/vc_column_text][\/vc_tta_section][vc_tta_section title=&#8221;VETRUM Serie&#8221; tab_id=&#8221;1453996119990-7bc1faa6-395f&#8221;][vc_column_text]Assembly instructions<\/p>\n<p><a href=\"https:\/\/gmelorente.com\/wp-content\/uploads\/FRONTAL-VETRUM-LAT.-FIJO.pdf\">FRONTAL VETRUM + LAT. FIJO<\/a><\/p>\n<p><a href=\"https:\/\/gmelorente.com\/wp-content\/uploads\/FRONTAL-VETRUM-1F-1C.pdf\">FRONTAL VETRUM 1F+1C<\/a><\/p>\n<p><a href=\"https:\/\/gmelorente.com\/wp-content\/uploads\/VETRUM-AL-VERTICE-Y-SPAZIO.pdf\">VETRUM AL VERTICE Y SPAZIO<\/a>[\/vc_column_text][\/vc_tta_section][\/vc_tta_tour][\/vc_column][\/vc_row]<\/p>\n","protected":false},"excerpt":{"rendered":"<p>[vc_row][vc_column width=&#8221;1\/2&#8243;][vc_tta_tour style=&#8221;modern&#8221; color=&#8221;sky&#8221; active_section=&#8221;1&#8243;][vc_tta_section title=&#8221;AKORD Serie&#8221; tab_id=&#8221;1449428931249-89d99c3d-f622&#8243;][vc_column_text]Assembly instructions Akord[\/vc_column_text][\/vc_tta_section][vc_tta_section title=&#8221;AKTUAL Serie&#8221; tab_id=&#8221;1449428931482-50b0e067-ac74&#8243;][vc_column_text]Assembly instructions FRONTAL AKTUAL + LAT. FIJO STD FRONTAL AKTUAL 1F+1C AKTUAL SPAZIO 2F+2C AKTUAL ABIERTA AL VERTICE[\/vc_column_text][\/vc_tta_section][vc_tta_section title=&#8221;BASIC Serie&#8221; tab_id=&#8221;1449428986609-47a38226-6409&#8243;][vc_column_text]Assembly instructions BASIC 1F1C BASIC al vertice BASIC FRONTAL + LAT. FIJO[\/vc_column_text][\/vc_tta_section][vc_tta_section title=&#8221;BYPASS Serie&#8221; tab_id=&#8221;1449429003337-d8583fdf-a757&#8243;][vc_column_text]Assembly instructions FRONTAL BYPASS BYPASS + FIJO[\/vc_column_text][\/vc_tta_section][vc_tta_section title=&#8221;FUTURA Serie&#8221;&hellip;<\/p>\n","protected":false},"author":1,"featured_media":0,"parent":0,"menu_order":0,"comment_status":"closed","ping_status":"closed","template":"","meta":{"footnotes":""},"class_list":["post-43140","page","type-page","status-publish","hentry","description-off"],"yoast_head":"<!-- This site is optimized with the Yoast SEO plugin v27.3 - https:\/\/yoast.com\/product\/yoast-seo-wordpress\/ -->\n<title>Assembly instructions - GME DIVISI\u00d3N BA\u00d1OS<\/title>\n<meta name=\"robots\" content=\"index, follow, max-snippet:-1, max-image-preview:large, max-video-preview:-1\" \/>\n<link rel=\"canonical\" href=\"https:\/\/gmelorente.com\/en\/instrucciones-de-montaje-3\/\" \/>\n<meta property=\"og:locale\" content=\"en_US\" \/>\n<meta property=\"og:type\" content=\"article\" \/>\n<meta property=\"og:title\" content=\"Assembly instructions - GME DIVISI\u00d3N BA\u00d1OS\" \/>\n<meta property=\"og:description\" content=\"[vc_row][vc_column width=&#8221;1\/2&#8243;][vc_tta_tour style=&#8221;modern&#8221; color=&#8221;sky&#8221; active_section=&#8221;1&#8243;][vc_tta_section title=&#8221;AKORD Serie&#8221; tab_id=&#8221;1449428931249-89d99c3d-f622&#8243;][vc_column_text]Assembly instructions Akord[\/vc_column_text][\/vc_tta_section][vc_tta_section title=&#8221;AKTUAL Serie&#8221; tab_id=&#8221;1449428931482-50b0e067-ac74&#8243;][vc_column_text]Assembly instructions FRONTAL AKTUAL + LAT. FIJO STD FRONTAL AKTUAL 1F+1C AKTUAL SPAZIO 2F+2C AKTUAL ABIERTA AL VERTICE[\/vc_column_text][\/vc_tta_section][vc_tta_section title=&#8221;BASIC Serie&#8221; tab_id=&#8221;1449428986609-47a38226-6409&#8243;][vc_column_text]Assembly instructions BASIC 1F1C BASIC al vertice BASIC FRONTAL + LAT. FIJO[\/vc_column_text][\/vc_tta_section][vc_tta_section title=&#8221;BYPASS Serie&#8221; tab_id=&#8221;1449429003337-d8583fdf-a757&#8243;][vc_column_text]Assembly instructions FRONTAL BYPASS BYPASS + FIJO[\/vc_column_text][\/vc_tta_section][vc_tta_section title=&#8221;FUTURA Serie&#8221;&hellip;\" \/>\n<meta property=\"og:url\" content=\"https:\/\/gmelorente.com\/en\/instrucciones-de-montaje-3\/\" \/>\n<meta property=\"og:site_name\" content=\"GME DIVISI\u00d3N BA\u00d1OS\" \/>\n<meta property=\"article:publisher\" content=\"https:\/\/www.facebook.com\/gmedivision\/?fref=ts\" \/>\n<meta property=\"article:modified_time\" content=\"2024-04-10T09:45:12+00:00\" \/>\n<meta name=\"twitter:card\" content=\"summary_large_image\" \/>\n<meta name=\"twitter:label1\" content=\"Est. reading time\" \/>\n\t<meta name=\"twitter:data1\" content=\"3 minutes\" \/>\n<script type=\"application\/ld+json\" class=\"yoast-schema-graph\">{\"@context\":\"https:\\\/\\\/schema.org\",\"@graph\":[{\"@type\":\"WebPage\",\"@id\":\"https:\\\/\\\/gmelorente.com\\\/en\\\/instrucciones-de-montaje-3\\\/\",\"url\":\"https:\\\/\\\/gmelorente.com\\\/en\\\/instrucciones-de-montaje-3\\\/\",\"name\":\"Assembly instructions - GME DIVISI\u00d3N BA\u00d1OS\",\"isPartOf\":{\"@id\":\"https:\\\/\\\/gmelorente.com\\\/#website\"},\"datePublished\":\"2015-12-06T19:01:16+00:00\",\"dateModified\":\"2024-04-10T09:45:12+00:00\",\"breadcrumb\":{\"@id\":\"https:\\\/\\\/gmelorente.com\\\/en\\\/instrucciones-de-montaje-3\\\/#breadcrumb\"},\"inLanguage\":\"en-US\",\"potentialAction\":[{\"@type\":\"ReadAction\",\"target\":[\"https:\\\/\\\/gmelorente.com\\\/en\\\/instrucciones-de-montaje-3\\\/\"]}]},{\"@type\":\"BreadcrumbList\",\"@id\":\"https:\\\/\\\/gmelorente.com\\\/en\\\/instrucciones-de-montaje-3\\\/#breadcrumb\",\"itemListElement\":[{\"@type\":\"ListItem\",\"position\":1,\"name\":\"Home\",\"item\":\"https:\\\/\\\/gmelorente.com\\\/en\\\/\"},{\"@type\":\"ListItem\",\"position\":2,\"name\":\"Assembly instructions\"}]},{\"@type\":\"WebSite\",\"@id\":\"https:\\\/\\\/gmelorente.com\\\/#website\",\"url\":\"https:\\\/\\\/gmelorente.com\\\/\",\"name\":\"GME DIVISI\u00d3N BA\u00d1OS\",\"description\":\"Mamparas de ducha y mucho m\u00e1s\",\"publisher\":{\"@id\":\"https:\\\/\\\/gmelorente.com\\\/#organization\"},\"potentialAction\":[{\"@type\":\"SearchAction\",\"target\":{\"@type\":\"EntryPoint\",\"urlTemplate\":\"https:\\\/\\\/gmelorente.com\\\/?s={search_term_string}\"},\"query-input\":{\"@type\":\"PropertyValueSpecification\",\"valueRequired\":true,\"valueName\":\"search_term_string\"}}],\"inLanguage\":\"en-US\"},{\"@type\":\"Organization\",\"@id\":\"https:\\\/\\\/gmelorente.com\\\/#organization\",\"name\":\"GME DIVISI\u00d3N BA\u00d1OS S.L.\",\"url\":\"https:\\\/\\\/gmelorente.com\\\/\",\"logo\":{\"@type\":\"ImageObject\",\"inLanguage\":\"en-US\",\"@id\":\"https:\\\/\\\/gmelorente.com\\\/#\\\/schema\\\/logo\\\/image\\\/\",\"url\":\"https:\\\/\\\/gmelorente.com\\\/wp-content\\\/uploads\\\/logo-gme-azul.jpg\",\"contentUrl\":\"https:\\\/\\\/gmelorente.com\\\/wp-content\\\/uploads\\\/logo-gme-azul.jpg\",\"width\":810,\"height\":298,\"caption\":\"GME DIVISI\u00d3N BA\u00d1OS S.L.\"},\"image\":{\"@id\":\"https:\\\/\\\/gmelorente.com\\\/#\\\/schema\\\/logo\\\/image\\\/\"},\"sameAs\":[\"https:\\\/\\\/www.facebook.com\\\/gmedivision\\\/?fref=ts\",\"https:\\\/\\\/es.pinterest.com\\\/gmedivision\\\/?eq=gme&amp;etslf=14997\"]}]}<\/script>\n<!-- \/ Yoast SEO plugin. -->","yoast_head_json":{"title":"Assembly instructions - GME DIVISI\u00d3N BA\u00d1OS","robots":{"index":"index","follow":"follow","max-snippet":"max-snippet:-1","max-image-preview":"max-image-preview:large","max-video-preview":"max-video-preview:-1"},"canonical":"https:\/\/gmelorente.com\/en\/instrucciones-de-montaje-3\/","og_locale":"en_US","og_type":"article","og_title":"Assembly instructions - GME DIVISI\u00d3N BA\u00d1OS","og_description":"[vc_row][vc_column width=&#8221;1\/2&#8243;][vc_tta_tour style=&#8221;modern&#8221; color=&#8221;sky&#8221; active_section=&#8221;1&#8243;][vc_tta_section title=&#8221;AKORD Serie&#8221; tab_id=&#8221;1449428931249-89d99c3d-f622&#8243;][vc_column_text]Assembly instructions Akord[\/vc_column_text][\/vc_tta_section][vc_tta_section title=&#8221;AKTUAL Serie&#8221; tab_id=&#8221;1449428931482-50b0e067-ac74&#8243;][vc_column_text]Assembly instructions FRONTAL AKTUAL + LAT. FIJO STD FRONTAL AKTUAL 1F+1C AKTUAL SPAZIO 2F+2C AKTUAL ABIERTA AL VERTICE[\/vc_column_text][\/vc_tta_section][vc_tta_section title=&#8221;BASIC Serie&#8221; tab_id=&#8221;1449428986609-47a38226-6409&#8243;][vc_column_text]Assembly instructions BASIC 1F1C BASIC al vertice BASIC FRONTAL + LAT. FIJO[\/vc_column_text][\/vc_tta_section][vc_tta_section title=&#8221;BYPASS Serie&#8221; tab_id=&#8221;1449429003337-d8583fdf-a757&#8243;][vc_column_text]Assembly instructions FRONTAL BYPASS BYPASS + FIJO[\/vc_column_text][\/vc_tta_section][vc_tta_section title=&#8221;FUTURA Serie&#8221;&hellip;","og_url":"https:\/\/gmelorente.com\/en\/instrucciones-de-montaje-3\/","og_site_name":"GME DIVISI\u00d3N BA\u00d1OS","article_publisher":"https:\/\/www.facebook.com\/gmedivision\/?fref=ts","article_modified_time":"2024-04-10T09:45:12+00:00","twitter_card":"summary_large_image","twitter_misc":{"Est. reading time":"3 minutes"},"schema":{"@context":"https:\/\/schema.org","@graph":[{"@type":"WebPage","@id":"https:\/\/gmelorente.com\/en\/instrucciones-de-montaje-3\/","url":"https:\/\/gmelorente.com\/en\/instrucciones-de-montaje-3\/","name":"Assembly instructions - GME DIVISI\u00d3N BA\u00d1OS","isPartOf":{"@id":"https:\/\/gmelorente.com\/#website"},"datePublished":"2015-12-06T19:01:16+00:00","dateModified":"2024-04-10T09:45:12+00:00","breadcrumb":{"@id":"https:\/\/gmelorente.com\/en\/instrucciones-de-montaje-3\/#breadcrumb"},"inLanguage":"en-US","potentialAction":[{"@type":"ReadAction","target":["https:\/\/gmelorente.com\/en\/instrucciones-de-montaje-3\/"]}]},{"@type":"BreadcrumbList","@id":"https:\/\/gmelorente.com\/en\/instrucciones-de-montaje-3\/#breadcrumb","itemListElement":[{"@type":"ListItem","position":1,"name":"Home","item":"https:\/\/gmelorente.com\/en\/"},{"@type":"ListItem","position":2,"name":"Assembly instructions"}]},{"@type":"WebSite","@id":"https:\/\/gmelorente.com\/#website","url":"https:\/\/gmelorente.com\/","name":"GME DIVISI\u00d3N BA\u00d1OS","description":"Mamparas de ducha y mucho m\u00e1s","publisher":{"@id":"https:\/\/gmelorente.com\/#organization"},"potentialAction":[{"@type":"SearchAction","target":{"@type":"EntryPoint","urlTemplate":"https:\/\/gmelorente.com\/?s={search_term_string}"},"query-input":{"@type":"PropertyValueSpecification","valueRequired":true,"valueName":"search_term_string"}}],"inLanguage":"en-US"},{"@type":"Organization","@id":"https:\/\/gmelorente.com\/#organization","name":"GME DIVISI\u00d3N BA\u00d1OS S.L.","url":"https:\/\/gmelorente.com\/","logo":{"@type":"ImageObject","inLanguage":"en-US","@id":"https:\/\/gmelorente.com\/#\/schema\/logo\/image\/","url":"https:\/\/gmelorente.com\/wp-content\/uploads\/logo-gme-azul.jpg","contentUrl":"https:\/\/gmelorente.com\/wp-content\/uploads\/logo-gme-azul.jpg","width":810,"height":298,"caption":"GME DIVISI\u00d3N BA\u00d1OS S.L."},"image":{"@id":"https:\/\/gmelorente.com\/#\/schema\/logo\/image\/"},"sameAs":["https:\/\/www.facebook.com\/gmedivision\/?fref=ts","https:\/\/es.pinterest.com\/gmedivision\/?eq=gme&amp;etslf=14997"]}]}},"_links":{"self":[{"href":"https:\/\/gmelorente.com\/en\/wp-json\/wp\/v2\/pages\/43140","targetHints":{"allow":["GET"]}}],"collection":[{"href":"https:\/\/gmelorente.com\/en\/wp-json\/wp\/v2\/pages"}],"about":[{"href":"https:\/\/gmelorente.com\/en\/wp-json\/wp\/v2\/types\/page"}],"author":[{"embeddable":true,"href":"https:\/\/gmelorente.com\/en\/wp-json\/wp\/v2\/users\/1"}],"replies":[{"embeddable":true,"href":"https:\/\/gmelorente.com\/en\/wp-json\/wp\/v2\/comments?post=43140"}],"version-history":[{"count":1,"href":"https:\/\/gmelorente.com\/en\/wp-json\/wp\/v2\/pages\/43140\/revisions"}],"predecessor-version":[{"id":83955,"href":"https:\/\/gmelorente.com\/en\/wp-json\/wp\/v2\/pages\/43140\/revisions\/83955"}],"wp:attachment":[{"href":"https:\/\/gmelorente.com\/en\/wp-json\/wp\/v2\/media?parent=43140"}],"curies":[{"name":"wp","href":"https:\/\/api.w.org\/{rel}","templated":true}]}}