{"id":43152,"date":"2015-11-17T19:51:16","date_gmt":"2015-11-17T17:51:16","guid":{"rendered":"https:\/\/gmelorente.com\/en\/login\/"},"modified":"2016-02-27T20:37:36","modified_gmt":"2016-02-27T19:37:36","slug":"login","status":"publish","type":"page","link":"https:\/\/gmelorente.com\/en\/login\/","title":{"rendered":"Log In"},"content":{"rendered":"<p style=\"text-align: center;\"><div class=\"tml tml-login\">\n<div class=\"tml-alerts\"><\/div><form name=\"login\" action=\"https:\/\/gmelorente.com\/en\/login\/\" method=\"post\">\n<div class=\"tml-field-wrap tml-log-wrap\">\n<label class=\"tml-label\" for=\"user_login\">Username or Email Address<\/label>\n<input name=\"log\" type=\"text\" value=\"\" id=\"user_login\" autocapitalize=\"off\" class=\"tml-field\">\n<\/div>\n\n<div class=\"tml-field-wrap tml-pwd-wrap\">\n<label class=\"tml-label\" for=\"user_pass\">Password<\/label>\n<input name=\"pwd\" type=\"password\" value=\"\" id=\"user_pass\" class=\"tml-field\">\n<\/div>\n\n\n<div class=\"tml-field-wrap tml-rememberme-wrap\">\n<input name=\"rememberme\" type=\"checkbox\" value=\"forever\" id=\"rememberme\" class=\"tml-checkbox\">\n<label class=\"tml-label\" for=\"rememberme\">Remember Me<\/label>\n<\/div>\n\n<div class=\"tml-field-wrap tml-submit-wrap\">\n<button name=\"submit\" type=\"submit\" class=\"tml-button\">Log In<\/button>\n<\/div>\n\n<input name=\"redirect_to\" type=\"hidden\" value=\"https:\/\/gmelorente.com\/wp-admin\/\">\n\n<\/form>\n<ul class=\"tml-links\"><li class=\"tml-lostpassword-link\"><a href=\"https:\/\/gmelorente.com\/en\/lostpassword\/\">Lost your password?<\/a><\/li><\/ul><\/div>\n","protected":false},"excerpt":{"rendered":"<p>Username or Email Address Password Remember Me Log In Lost your password?<\/p>\n","protected":false},"author":1,"featured_media":0,"parent":0,"menu_order":0,"comment_status":"closed","ping_status":"closed","template":"","meta":{"footnotes":""},"class_list":["post-43152","page","type-page","status-publish","hentry","description-off"],"yoast_head":"<!-- This site is optimized with the Yoast SEO plugin v27.3 - https:\/\/yoast.com\/product\/yoast-seo-wordpress\/ -->\n<title>Log In - GME DIVISI\u00d3N BA\u00d1OS<\/title>\n<meta name=\"robots\" content=\"index, follow, max-snippet:-1, max-image-preview:large, max-video-preview:-1\" \/>\n<link rel=\"canonical\" href=\"https:\/\/gmelorente.com\/en\/login\/\" \/>\n<meta property=\"og:locale\" content=\"en_US\" \/>\n<meta property=\"og:type\" content=\"article\" \/>\n<meta property=\"og:title\" content=\"Log In - GME DIVISI\u00d3N BA\u00d1OS\" \/>\n<meta property=\"og:url\" content=\"https:\/\/gmelorente.com\/en\/login\/\" \/>\n<meta property=\"og:site_name\" content=\"GME DIVISI\u00d3N BA\u00d1OS\" \/>\n<meta property=\"article:publisher\" content=\"https:\/\/www.facebook.com\/gmedivision\/?fref=ts\" \/>\n<meta property=\"article:modified_time\" content=\"2016-02-27T19:37:36+00:00\" \/>\n<meta name=\"twitter:card\" content=\"summary_large_image\" \/>\n<script type=\"application\/ld+json\" class=\"yoast-schema-graph\">{\"@context\":\"https:\\\/\\\/schema.org\",\"@graph\":[{\"@type\":\"WebPage\",\"@id\":\"https:\\\/\\\/gmelorente.com\\\/en\\\/login\\\/\",\"url\":\"https:\\\/\\\/gmelorente.com\\\/en\\\/login\\\/\",\"name\":\"Log In - GME DIVISI\u00d3N BA\u00d1OS\",\"isPartOf\":{\"@id\":\"https:\\\/\\\/gmelorente.com\\\/#website\"},\"datePublished\":\"2015-11-17T17:51:16+00:00\",\"dateModified\":\"2016-02-27T19:37:36+00:00\",\"breadcrumb\":{\"@id\":\"https:\\\/\\\/gmelorente.com\\\/en\\\/login\\\/#breadcrumb\"},\"inLanguage\":\"en-US\",\"potentialAction\":[{\"@type\":\"ReadAction\",\"target\":[\"https:\\\/\\\/gmelorente.com\\\/en\\\/login\\\/\"]}]},{\"@type\":\"BreadcrumbList\",\"@id\":\"https:\\\/\\\/gmelorente.com\\\/en\\\/login\\\/#breadcrumb\",\"itemListElement\":[{\"@type\":\"ListItem\",\"position\":1,\"name\":\"Home\",\"item\":\"https:\\\/\\\/gmelorente.com\\\/en\\\/\"},{\"@type\":\"ListItem\",\"position\":2,\"name\":\"Log In\"}]},{\"@type\":\"WebSite\",\"@id\":\"https:\\\/\\\/gmelorente.com\\\/#website\",\"url\":\"https:\\\/\\\/gmelorente.com\\\/\",\"name\":\"GME DIVISI\u00d3N BA\u00d1OS\",\"description\":\"Mamparas de ducha y mucho m\u00e1s\",\"publisher\":{\"@id\":\"https:\\\/\\\/gmelorente.com\\\/#organization\"},\"potentialAction\":[{\"@type\":\"SearchAction\",\"target\":{\"@type\":\"EntryPoint\",\"urlTemplate\":\"https:\\\/\\\/gmelorente.com\\\/?s={search_term_string}\"},\"query-input\":{\"@type\":\"PropertyValueSpecification\",\"valueRequired\":true,\"valueName\":\"search_term_string\"}}],\"inLanguage\":\"en-US\"},{\"@type\":\"Organization\",\"@id\":\"https:\\\/\\\/gmelorente.com\\\/#organization\",\"name\":\"GME DIVISI\u00d3N BA\u00d1OS S.L.\",\"url\":\"https:\\\/\\\/gmelorente.com\\\/\",\"logo\":{\"@type\":\"ImageObject\",\"inLanguage\":\"en-US\",\"@id\":\"https:\\\/\\\/gmelorente.com\\\/#\\\/schema\\\/logo\\\/image\\\/\",\"url\":\"https:\\\/\\\/gmelorente.com\\\/wp-content\\\/uploads\\\/logo-gme-azul.jpg\",\"contentUrl\":\"https:\\\/\\\/gmelorente.com\\\/wp-content\\\/uploads\\\/logo-gme-azul.jpg\",\"width\":810,\"height\":298,\"caption\":\"GME DIVISI\u00d3N BA\u00d1OS S.L.\"},\"image\":{\"@id\":\"https:\\\/\\\/gmelorente.com\\\/#\\\/schema\\\/logo\\\/image\\\/\"},\"sameAs\":[\"https:\\\/\\\/www.facebook.com\\\/gmedivision\\\/?fref=ts\",\"https:\\\/\\\/es.pinterest.com\\\/gmedivision\\\/?eq=gme&amp;etslf=14997\"]}]}<\/script>\n<!-- \/ Yoast SEO plugin. -->","yoast_head_json":{"title":"Log In - GME DIVISI\u00d3N BA\u00d1OS","robots":{"index":"index","follow":"follow","max-snippet":"max-snippet:-1","max-image-preview":"max-image-preview:large","max-video-preview":"max-video-preview:-1"},"canonical":"https:\/\/gmelorente.com\/en\/login\/","og_locale":"en_US","og_type":"article","og_title":"Log In - GME DIVISI\u00d3N BA\u00d1OS","og_url":"https:\/\/gmelorente.com\/en\/login\/","og_site_name":"GME DIVISI\u00d3N BA\u00d1OS","article_publisher":"https:\/\/www.facebook.com\/gmedivision\/?fref=ts","article_modified_time":"2016-02-27T19:37:36+00:00","twitter_card":"summary_large_image","schema":{"@context":"https:\/\/schema.org","@graph":[{"@type":"WebPage","@id":"https:\/\/gmelorente.com\/en\/login\/","url":"https:\/\/gmelorente.com\/en\/login\/","name":"Log In - GME DIVISI\u00d3N BA\u00d1OS","isPartOf":{"@id":"https:\/\/gmelorente.com\/#website"},"datePublished":"2015-11-17T17:51:16+00:00","dateModified":"2016-02-27T19:37:36+00:00","breadcrumb":{"@id":"https:\/\/gmelorente.com\/en\/login\/#breadcrumb"},"inLanguage":"en-US","potentialAction":[{"@type":"ReadAction","target":["https:\/\/gmelorente.com\/en\/login\/"]}]},{"@type":"BreadcrumbList","@id":"https:\/\/gmelorente.com\/en\/login\/#breadcrumb","itemListElement":[{"@type":"ListItem","position":1,"name":"Home","item":"https:\/\/gmelorente.com\/en\/"},{"@type":"ListItem","position":2,"name":"Log In"}]},{"@type":"WebSite","@id":"https:\/\/gmelorente.com\/#website","url":"https:\/\/gmelorente.com\/","name":"GME DIVISI\u00d3N BA\u00d1OS","description":"Mamparas de ducha y mucho m\u00e1s","publisher":{"@id":"https:\/\/gmelorente.com\/#organization"},"potentialAction":[{"@type":"SearchAction","target":{"@type":"EntryPoint","urlTemplate":"https:\/\/gmelorente.com\/?s={search_term_string}"},"query-input":{"@type":"PropertyValueSpecification","valueRequired":true,"valueName":"search_term_string"}}],"inLanguage":"en-US"},{"@type":"Organization","@id":"https:\/\/gmelorente.com\/#organization","name":"GME DIVISI\u00d3N BA\u00d1OS S.L.","url":"https:\/\/gmelorente.com\/","logo":{"@type":"ImageObject","inLanguage":"en-US","@id":"https:\/\/gmelorente.com\/#\/schema\/logo\/image\/","url":"https:\/\/gmelorente.com\/wp-content\/uploads\/logo-gme-azul.jpg","contentUrl":"https:\/\/gmelorente.com\/wp-content\/uploads\/logo-gme-azul.jpg","width":810,"height":298,"caption":"GME DIVISI\u00d3N BA\u00d1OS S.L."},"image":{"@id":"https:\/\/gmelorente.com\/#\/schema\/logo\/image\/"},"sameAs":["https:\/\/www.facebook.com\/gmedivision\/?fref=ts","https:\/\/es.pinterest.com\/gmedivision\/?eq=gme&amp;etslf=14997"]}]}},"_links":{"self":[{"href":"https:\/\/gmelorente.com\/en\/wp-json\/wp\/v2\/pages\/43152","targetHints":{"allow":["GET"]}}],"collection":[{"href":"https:\/\/gmelorente.com\/en\/wp-json\/wp\/v2\/pages"}],"about":[{"href":"https:\/\/gmelorente.com\/en\/wp-json\/wp\/v2\/types\/page"}],"author":[{"embeddable":true,"href":"https:\/\/gmelorente.com\/en\/wp-json\/wp\/v2\/users\/1"}],"replies":[{"embeddable":true,"href":"https:\/\/gmelorente.com\/en\/wp-json\/wp\/v2\/comments?post=43152"}],"version-history":[{"count":0,"href":"https:\/\/gmelorente.com\/en\/wp-json\/wp\/v2\/pages\/43152\/revisions"}],"wp:attachment":[{"href":"https:\/\/gmelorente.com\/en\/wp-json\/wp\/v2\/media?parent=43152"}],"curies":[{"name":"wp","href":"https:\/\/api.w.org\/{rel}","templated":true}]}}