{"id":43180,"date":"2015-08-13T16:19:48","date_gmt":"2015-08-13T14:19:48","guid":{"rendered":"https:\/\/gmelorente.com\/en\/catalogo\/"},"modified":"2026-01-29T10:24:38","modified_gmt":"2026-01-29T09:24:38","slug":"catalogo-2","status":"publish","type":"page","link":"https:\/\/gmelorente.com\/en\/catalogo-2\/","title":{"rendered":"Catalog"},"content":{"rendered":"<p>[vc_row][vc_column][vc_column_text]<\/p>\n<p>Are you looking for a catalogue that gathers all the options of<a href=\"https:\/\/gmelorente.com\/en\/productos\/\"> screens for the bathroom<\/a>? The GME catalogue is what you need. A complete catalogue, with 32 models of bathroom screens in different designs, formats, materials and all sizes. Moreover, all of this with immediate delivery anywhere on the Peninsula. We have more than 25,000 square metres for the stocking of all our references. This allows us to guarantee the fastest delivery period on the market, with an average delivery time of 48 hours.<\/p>\n<p>&nbsp;<\/p>\n<p>And not only that, our GME catalogue also has a complete range of<a href=\"https:\/\/gmelorente.com\/en\/productos\/platos-de-ducha\/\"> shower trays<\/a> and other bathroom accessories. Do you want more? Take a look at our<a href=\"https:\/\/gmelorente.com\/wp-content\/uploads\/CATALOGO_GRIFERIA-ING.pdf\"> IO faucets catalogue<\/a> too.<\/p>\n<p>If you want to become a distributor and have our catalogues to sell our products and benefit from all our advantages,<a href=\"https:\/\/gmelorente.com\/en\/quieres-ser-distribuidor\/\"> contact us<\/a>.[\/vc_column_text][vc_empty_space]<div class=\"hr-thin style-line\" style=\"width: 100%;border-top-width: 1px;\"><\/div>[vc_empty_space][vc_column_text]<\/p>\n<p><img loading=\"lazy\" decoding=\"async\" class=\"wp-image-86205  aligncenter\" src=\"https:\/\/gmelorente.com\/wp-content\/uploads\/Portada-ING-2025.png\" alt=\"\" width=\"209\" height=\"295\" srcset=\"https:\/\/gmelorente.com\/wp-content\/uploads\/Portada-ING-2025.png 603w, https:\/\/gmelorente.com\/wp-content\/uploads\/Portada-ING-2025-212x300.png 212w, https:\/\/gmelorente.com\/wp-content\/uploads\/Portada-ING-2025-500x706.png 500w\" sizes=\"auto, (max-width: 209px) 100vw, 209px\" \/><\/p>\n<p style=\"text-align: center;\"><a href=\"https:\/\/gmelorente.com\/wp-content\/uploads\/GME-ING-2025-Sin-precios.pdf\" target=\"_blank\" rel=\"noopener\">GENERAL CATALOGUE 2025<\/a><\/p>\n<p>[\/vc_column_text]<div class=\"hr-thin style-line\" style=\"width: 100%;border-top-width: 1px;\"><\/div>[vc_column_text]The use of this catalogue is limited to official distributors of GME BATHROOMS DIVISION. This virtual catalogue is for information purposes only and cannot be used officially to offer any of its products for sale. If you wish to become a GME distributor and have access to the physical catalogue, please contact us using the<a href=\"https:\/\/gmelorente.com\/en\/quieres-ser-distribuidor\/\"> following form<\/a>.[\/vc_column_text][\/vc_column][\/vc_row]<\/p>\n","protected":false},"excerpt":{"rendered":"<p>[vc_row][vc_column][vc_column_text] Are you looking for a catalogue that gathers all the options of screens for the bathroom? The GME catalogue is what you need. A complete catalogue, with 32 models of bathroom screens in different designs, formats, materials and all sizes. Moreover, all of this with immediate delivery anywhere on the Peninsula. We have more&hellip;<\/p>\n","protected":false},"author":1,"featured_media":0,"parent":0,"menu_order":0,"comment_status":"closed","ping_status":"closed","template":"","meta":{"footnotes":""},"class_list":["post-43180","page","type-page","status-publish","hentry","description-off"],"yoast_head":"<!-- This site is optimized with the Yoast SEO plugin v27.2 - https:\/\/yoast.com\/product\/yoast-seo-wordpress\/ -->\n<title>Catalog - GME DIVISI\u00d3N BA\u00d1OS<\/title>\n<meta name=\"robots\" content=\"index, follow, max-snippet:-1, max-image-preview:large, max-video-preview:-1\" \/>\n<link rel=\"canonical\" href=\"https:\/\/gmelorente.com\/en\/catalogo-2\/\" \/>\n<meta property=\"og:locale\" content=\"en_US\" \/>\n<meta property=\"og:type\" content=\"article\" \/>\n<meta property=\"og:title\" content=\"Catalog - GME DIVISI\u00d3N BA\u00d1OS\" \/>\n<meta property=\"og:description\" content=\"[vc_row][vc_column][vc_column_text] Are you looking for a catalogue that gathers all the options of screens for the bathroom? The GME catalogue is what you need. A complete catalogue, with 32 models of bathroom screens in different designs, formats, materials and all sizes. Moreover, all of this with immediate delivery anywhere on the Peninsula. We have more&hellip;\" \/>\n<meta property=\"og:url\" content=\"https:\/\/gmelorente.com\/en\/catalogo-2\/\" \/>\n<meta property=\"og:site_name\" content=\"GME DIVISI\u00d3N BA\u00d1OS\" \/>\n<meta property=\"article:publisher\" content=\"https:\/\/www.facebook.com\/gmedivision\/?fref=ts\" \/>\n<meta property=\"article:modified_time\" content=\"2026-01-29T09:24:38+00:00\" \/>\n<meta property=\"og:image\" content=\"https:\/\/gmelorente.com\/wp-content\/uploads\/Portada-ING-2025.png\" \/>\n\t<meta property=\"og:image:width\" content=\"603\" \/>\n\t<meta property=\"og:image:height\" content=\"852\" \/>\n\t<meta property=\"og:image:type\" content=\"image\/png\" \/>\n<meta name=\"twitter:card\" content=\"summary_large_image\" \/>\n<meta name=\"twitter:label1\" content=\"Est. reading time\" \/>\n\t<meta name=\"twitter:data1\" content=\"2 minutes\" \/>\n<script type=\"application\/ld+json\" class=\"yoast-schema-graph\">{\"@context\":\"https:\/\/schema.org\",\"@graph\":[{\"@type\":\"WebPage\",\"@id\":\"https:\/\/gmelorente.com\/en\/catalogo-2\/\",\"url\":\"https:\/\/gmelorente.com\/en\/catalogo-2\/\",\"name\":\"Catalog - GME DIVISI\u00d3N BA\u00d1OS\",\"isPartOf\":{\"@id\":\"https:\/\/gmelorente.com\/#website\"},\"primaryImageOfPage\":{\"@id\":\"https:\/\/gmelorente.com\/en\/catalogo-2\/#primaryimage\"},\"image\":{\"@id\":\"https:\/\/gmelorente.com\/en\/catalogo-2\/#primaryimage\"},\"thumbnailUrl\":\"https:\/\/gmelorente.com\/wp-content\/uploads\/Portada-ING-2025.png\",\"datePublished\":\"2015-08-13T14:19:48+00:00\",\"dateModified\":\"2026-01-29T09:24:38+00:00\",\"breadcrumb\":{\"@id\":\"https:\/\/gmelorente.com\/en\/catalogo-2\/#breadcrumb\"},\"inLanguage\":\"en-US\",\"potentialAction\":[{\"@type\":\"ReadAction\",\"target\":[\"https:\/\/gmelorente.com\/en\/catalogo-2\/\"]}]},{\"@type\":\"ImageObject\",\"inLanguage\":\"en-US\",\"@id\":\"https:\/\/gmelorente.com\/en\/catalogo-2\/#primaryimage\",\"url\":\"https:\/\/gmelorente.com\/wp-content\/uploads\/Portada-ING-2025.png\",\"contentUrl\":\"https:\/\/gmelorente.com\/wp-content\/uploads\/Portada-ING-2025.png\"},{\"@type\":\"BreadcrumbList\",\"@id\":\"https:\/\/gmelorente.com\/en\/catalogo-2\/#breadcrumb\",\"itemListElement\":[{\"@type\":\"ListItem\",\"position\":1,\"name\":\"Home\",\"item\":\"https:\/\/gmelorente.com\/en\/\"},{\"@type\":\"ListItem\",\"position\":2,\"name\":\"Catalog\"}]},{\"@type\":\"WebSite\",\"@id\":\"https:\/\/gmelorente.com\/#website\",\"url\":\"https:\/\/gmelorente.com\/\",\"name\":\"GME DIVISI\u00d3N BA\u00d1OS\",\"description\":\"Mamparas de ducha y mucho m\u00e1s\",\"publisher\":{\"@id\":\"https:\/\/gmelorente.com\/#organization\"},\"potentialAction\":[{\"@type\":\"SearchAction\",\"target\":{\"@type\":\"EntryPoint\",\"urlTemplate\":\"https:\/\/gmelorente.com\/?s={search_term_string}\"},\"query-input\":{\"@type\":\"PropertyValueSpecification\",\"valueRequired\":true,\"valueName\":\"search_term_string\"}}],\"inLanguage\":\"en-US\"},{\"@type\":\"Organization\",\"@id\":\"https:\/\/gmelorente.com\/#organization\",\"name\":\"GME DIVISI\u00d3N BA\u00d1OS S.L.\",\"url\":\"https:\/\/gmelorente.com\/\",\"logo\":{\"@type\":\"ImageObject\",\"inLanguage\":\"en-US\",\"@id\":\"https:\/\/gmelorente.com\/#\/schema\/logo\/image\/\",\"url\":\"https:\/\/gmelorente.com\/wp-content\/uploads\/logo-gme-azul.jpg\",\"contentUrl\":\"https:\/\/gmelorente.com\/wp-content\/uploads\/logo-gme-azul.jpg\",\"width\":810,\"height\":298,\"caption\":\"GME DIVISI\u00d3N BA\u00d1OS S.L.\"},\"image\":{\"@id\":\"https:\/\/gmelorente.com\/#\/schema\/logo\/image\/\"},\"sameAs\":[\"https:\/\/www.facebook.com\/gmedivision\/?fref=ts\",\"https:\/\/es.pinterest.com\/gmedivision\/?eq=gme&amp;etslf=14997\"]}]}<\/script>\n<!-- \/ Yoast SEO plugin. -->","yoast_head_json":{"title":"Catalog - GME DIVISI\u00d3N BA\u00d1OS","robots":{"index":"index","follow":"follow","max-snippet":"max-snippet:-1","max-image-preview":"max-image-preview:large","max-video-preview":"max-video-preview:-1"},"canonical":"https:\/\/gmelorente.com\/en\/catalogo-2\/","og_locale":"en_US","og_type":"article","og_title":"Catalog - GME DIVISI\u00d3N BA\u00d1OS","og_description":"[vc_row][vc_column][vc_column_text] Are you looking for a catalogue that gathers all the options of screens for the bathroom? The GME catalogue is what you need. A complete catalogue, with 32 models of bathroom screens in different designs, formats, materials and all sizes. Moreover, all of this with immediate delivery anywhere on the Peninsula. We have more&hellip;","og_url":"https:\/\/gmelorente.com\/en\/catalogo-2\/","og_site_name":"GME DIVISI\u00d3N BA\u00d1OS","article_publisher":"https:\/\/www.facebook.com\/gmedivision\/?fref=ts","article_modified_time":"2026-01-29T09:24:38+00:00","og_image":[{"width":603,"height":852,"url":"https:\/\/gmelorente.com\/wp-content\/uploads\/Portada-ING-2025.png","type":"image\/png"}],"twitter_card":"summary_large_image","twitter_misc":{"Est. reading time":"2 minutes"},"schema":{"@context":"https:\/\/schema.org","@graph":[{"@type":"WebPage","@id":"https:\/\/gmelorente.com\/en\/catalogo-2\/","url":"https:\/\/gmelorente.com\/en\/catalogo-2\/","name":"Catalog - GME DIVISI\u00d3N BA\u00d1OS","isPartOf":{"@id":"https:\/\/gmelorente.com\/#website"},"primaryImageOfPage":{"@id":"https:\/\/gmelorente.com\/en\/catalogo-2\/#primaryimage"},"image":{"@id":"https:\/\/gmelorente.com\/en\/catalogo-2\/#primaryimage"},"thumbnailUrl":"https:\/\/gmelorente.com\/wp-content\/uploads\/Portada-ING-2025.png","datePublished":"2015-08-13T14:19:48+00:00","dateModified":"2026-01-29T09:24:38+00:00","breadcrumb":{"@id":"https:\/\/gmelorente.com\/en\/catalogo-2\/#breadcrumb"},"inLanguage":"en-US","potentialAction":[{"@type":"ReadAction","target":["https:\/\/gmelorente.com\/en\/catalogo-2\/"]}]},{"@type":"ImageObject","inLanguage":"en-US","@id":"https:\/\/gmelorente.com\/en\/catalogo-2\/#primaryimage","url":"https:\/\/gmelorente.com\/wp-content\/uploads\/Portada-ING-2025.png","contentUrl":"https:\/\/gmelorente.com\/wp-content\/uploads\/Portada-ING-2025.png"},{"@type":"BreadcrumbList","@id":"https:\/\/gmelorente.com\/en\/catalogo-2\/#breadcrumb","itemListElement":[{"@type":"ListItem","position":1,"name":"Home","item":"https:\/\/gmelorente.com\/en\/"},{"@type":"ListItem","position":2,"name":"Catalog"}]},{"@type":"WebSite","@id":"https:\/\/gmelorente.com\/#website","url":"https:\/\/gmelorente.com\/","name":"GME DIVISI\u00d3N BA\u00d1OS","description":"Mamparas de ducha y mucho m\u00e1s","publisher":{"@id":"https:\/\/gmelorente.com\/#organization"},"potentialAction":[{"@type":"SearchAction","target":{"@type":"EntryPoint","urlTemplate":"https:\/\/gmelorente.com\/?s={search_term_string}"},"query-input":{"@type":"PropertyValueSpecification","valueRequired":true,"valueName":"search_term_string"}}],"inLanguage":"en-US"},{"@type":"Organization","@id":"https:\/\/gmelorente.com\/#organization","name":"GME DIVISI\u00d3N BA\u00d1OS S.L.","url":"https:\/\/gmelorente.com\/","logo":{"@type":"ImageObject","inLanguage":"en-US","@id":"https:\/\/gmelorente.com\/#\/schema\/logo\/image\/","url":"https:\/\/gmelorente.com\/wp-content\/uploads\/logo-gme-azul.jpg","contentUrl":"https:\/\/gmelorente.com\/wp-content\/uploads\/logo-gme-azul.jpg","width":810,"height":298,"caption":"GME DIVISI\u00d3N BA\u00d1OS S.L."},"image":{"@id":"https:\/\/gmelorente.com\/#\/schema\/logo\/image\/"},"sameAs":["https:\/\/www.facebook.com\/gmedivision\/?fref=ts","https:\/\/es.pinterest.com\/gmedivision\/?eq=gme&amp;etslf=14997"]}]}},"_links":{"self":[{"href":"https:\/\/gmelorente.com\/en\/wp-json\/wp\/v2\/pages\/43180","targetHints":{"allow":["GET"]}}],"collection":[{"href":"https:\/\/gmelorente.com\/en\/wp-json\/wp\/v2\/pages"}],"about":[{"href":"https:\/\/gmelorente.com\/en\/wp-json\/wp\/v2\/types\/page"}],"author":[{"embeddable":true,"href":"https:\/\/gmelorente.com\/en\/wp-json\/wp\/v2\/users\/1"}],"replies":[{"embeddable":true,"href":"https:\/\/gmelorente.com\/en\/wp-json\/wp\/v2\/comments?post=43180"}],"version-history":[{"count":4,"href":"https:\/\/gmelorente.com\/en\/wp-json\/wp\/v2\/pages\/43180\/revisions"}],"predecessor-version":[{"id":86209,"href":"https:\/\/gmelorente.com\/en\/wp-json\/wp\/v2\/pages\/43180\/revisions\/86209"}],"wp:attachment":[{"href":"https:\/\/gmelorente.com\/en\/wp-json\/wp\/v2\/media?parent=43180"}],"curies":[{"name":"wp","href":"https:\/\/api.w.org\/{rel}","templated":true}]}}