{"id":43183,"date":"2015-08-13T16:18:52","date_gmt":"2015-08-13T14:18:52","guid":{"rendered":"https:\/\/gmelorente.com\/en\/descargas\/"},"modified":"2026-02-16T15:27:58","modified_gmt":"2026-02-16T14:27:58","slug":"descargas","status":"publish","type":"page","link":"https:\/\/gmelorente.com\/en\/descargas\/","title":{"rendered":"Downloads"},"content":{"rendered":"<p>[vc_row][vc_column][vc_column_text]<\/p>\n<p style=\"text-align: justify;\">Downloading this catalogue may only be done for informational purposes, specifically and privately. This catalogue may only be used for commercial purposes with the prior authorisation of GME DIVISION BA\u00d1OS SL. It may only be used by clients for their specific commercial information, without using it for final customer exhibition or display, except with prior authorisation from GME DIVISION BA\u00d1OS SL.<\/p>\n<p style=\"text-align: justify;\">GME DIVISION BA\u00d1OS SL. reserves the right to make technical, construction or dimensional modifications for product improvement at any time. Photographs and technical drawings from this catalogue are for guidance purposes only. The colours of the photographed products are indicative and may be subject to variations caused by photographic or printing work. Photomontages are made for aesthetic purposes and do not indicate installation solutions.<\/p>\n<hr \/>\n<p>[\/vc_column_text][vc_empty_space height=&#8221;20px&#8221;][vc_column_text]<\/p>\n<p style=\"text-align: justify;\">For information about our distributors, sales network, catalogue request and use thereof for commercial purposes or final client exhibition or display, please contact GME DIVISION BA\u00d1OS SL. through the following methods:<\/p>\n<ul>\n<li style=\"text-align: justify;\">Telehone: 96 252 18 55<\/li>\n<li style=\"text-align: justify;\">Fax: 96 252 18 56<\/li>\n<li style=\"text-align: justify;\">Mail: <a href=\"mailto:info@gmelorente.com\">info@gmelorente.com<\/a><\/li>\n<li style=\"text-align: justify;\">Post Address: Avinguda Comarques del Pa\u00eds Valenci\u00e0 , 197 46930 &#8211; Quart de Poblet (Valencia).<\/li>\n<\/ul>\n<hr \/>\n<p>[\/vc_column_text][vc_empty_space height=&#8221;20px&#8221;][vc_column_text]<\/p>\n<p style=\"text-align: justify;\">GME DIVISION BA\u00d1OS SL. is not responsible for the contents of the links provided for sites outside of GME or the consequences that may result from their use. GME does not participate or involve itself in transactions that could be made between the client and said web sites, in the case that the customer orders goods or services through these. GME is not responsible to any other parties that may possibly appear.<\/p>\n<p style=\"text-align: justify;\">GME DIVISION BA\u00d1OS SL. does not guarantee the accuracy of any information contained on this site and expressly dismisses any obligation to update such information. Furthermore, GME DIVISION BA\u00d1OS SL. does not assume any legal responsibility for any errors or omissions in the site contents. All content on this site is provided <em>as is and as available<\/em>.<\/p>\n<p style=\"text-align: justify;\">Customer support is provided on weekdays and during office hours. GME DIVISION BA\u00d1OS SL. reserves the right change prices without prior notice.<\/p>\n<hr \/>\n<p>[\/vc_column_text][vc_empty_space height=&#8221;20px&#8221;][vc_column_text]<\/p>\n<p style=\"text-align: justify;\"><strong>Use of any image, text, design, content, logo, model, name, brand or distinguishing mark that is the property or registered by GME DIVISION BA\u00d1OS SL. is prohibited. For authorisation of any image, text, design, content, logo, model, name, brand or distinguishing mark that is the property or registered by GME DIVISION BA\u00d1OS SL., please contact our image department: pablo@gmelorente.com. Use of images, logo, model, name or brand for sale in online stores is subject to the signing of a special conditions contract for the use of image, models, names, brands and distinguishing marks related to GME DIVISION BA\u00d1OS SL.<\/strong><\/p>\n<p>[\/vc_column_text][vc_empty_space height=&#8221;20px&#8221;][vc_column_text]<\/p>\n<p style=\"text-align: justify;\">Anyone interested in use for online sale must contact\u00a0GME DIVISION BA\u00d1OS SL.<\/p>\n<hr \/>\n<p>[\/vc_column_text][vc_empty_space][\/vc_column][\/vc_row][vc_row][vc_column width=&#8221;1\/2&#8243; el_class=&#8221;descarga-docs&#8221;][vc_column_text]<a href=\"https:\/\/gmelorente.com\/wp-content\/uploads\/catalogo_general-ing.pdf\"><img loading=\"lazy\" decoding=\"async\" class=\"aligncenter wp-image-90814\" src=\"https:\/\/gmelorente.com\/wp-content\/uploads\/gme-2025.jpg\" alt=\"\" width=\"197\" height=\"280\" srcset=\"https:\/\/gmelorente.com\/wp-content\/uploads\/gme-2025.jpg 679w, https:\/\/gmelorente.com\/wp-content\/uploads\/gme-2025-211x300.jpg 211w, https:\/\/gmelorente.com\/wp-content\/uploads\/gme-2025-500x711.jpg 500w\" sizes=\"auto, (max-width: 197px) 100vw, 197px\" \/><\/a><\/p>\n<p style=\"text-align: center;\"><a href=\"https:\/\/gmelorente.com\/wp-content\/uploads\/catalogo_general-ing.pdf\" target=\"_blank\" rel=\"noopener\">GENERAL CATALOGUE<\/a><\/p>\n<p>[\/vc_column_text][\/vc_column][vc_column width=&#8221;1\/2&#8243; el_class=&#8221;descarga-docs&#8221;][vc_column_text]<a href=\"https:\/\/gmelorente.com\/wp-content\/uploads\/GRIFOS-IO-2026-INGLES-SP.pdf\"><img loading=\"lazy\" decoding=\"async\" class=\"aligncenter wp-image-90933 size-full\" src=\"https:\/\/gmelorente.com\/wp-content\/uploads\/PORT-INGLES.jpg\" alt=\"\" width=\"190\" height=\"270\" \/><\/a><\/p>\n<p style=\"text-align: center;\"><a href=\"https:\/\/gmelorente.com\/wp-content\/uploads\/GRIFOS-IO-2026-INGLES-SP.pdf\" target=\"_blank\" rel=\"noopener\">FAUCET CATALOGUE IO 2024<\/a><\/p>\n<p>[\/vc_column_text][\/vc_column][\/vc_row]<\/p>\n","protected":false},"excerpt":{"rendered":"<p>[vc_row][vc_column][vc_column_text] Downloading this catalogue may only be done for informational purposes, specifically and privately. This catalogue may only be used for commercial purposes with the prior authorisation of GME DIVISION BA\u00d1OS SL. It may only be used by clients for their specific commercial information, without using it for final customer exhibition or display, except with&hellip;<\/p>\n","protected":false},"author":1,"featured_media":0,"parent":0,"menu_order":0,"comment_status":"closed","ping_status":"closed","template":"","meta":{"footnotes":""},"class_list":["post-43183","page","type-page","status-publish","hentry","description-off"],"yoast_head":"<!-- This site is optimized with the Yoast SEO plugin v27.2 - https:\/\/yoast.com\/product\/yoast-seo-wordpress\/ -->\n<title>Downloads - GME DIVISI\u00d3N BA\u00d1OS<\/title>\n<meta name=\"robots\" content=\"index, follow, max-snippet:-1, max-image-preview:large, max-video-preview:-1\" \/>\n<link rel=\"canonical\" href=\"https:\/\/gmelorente.com\/en\/descargas\/\" \/>\n<meta property=\"og:locale\" content=\"en_US\" \/>\n<meta property=\"og:type\" content=\"article\" \/>\n<meta property=\"og:title\" content=\"Downloads - GME DIVISI\u00d3N BA\u00d1OS\" \/>\n<meta property=\"og:description\" content=\"[vc_row][vc_column][vc_column_text] Downloading this catalogue may only be done for informational purposes, specifically and privately. This catalogue may only be used for commercial purposes with the prior authorisation of GME DIVISION BA\u00d1OS SL. It may only be used by clients for their specific commercial information, without using it for final customer exhibition or display, except with&hellip;\" \/>\n<meta property=\"og:url\" content=\"https:\/\/gmelorente.com\/en\/descargas\/\" \/>\n<meta property=\"og:site_name\" content=\"GME DIVISI\u00d3N BA\u00d1OS\" \/>\n<meta property=\"article:publisher\" content=\"https:\/\/www.facebook.com\/gmedivision\/?fref=ts\" \/>\n<meta property=\"article:modified_time\" content=\"2026-02-16T14:27:58+00:00\" \/>\n<meta property=\"og:image\" content=\"https:\/\/gmelorente.com\/wp-content\/uploads\/gme-2025.jpg\" \/>\n\t<meta property=\"og:image:width\" content=\"679\" \/>\n\t<meta property=\"og:image:height\" content=\"966\" \/>\n\t<meta property=\"og:image:type\" content=\"image\/jpeg\" \/>\n<meta name=\"twitter:card\" content=\"summary_large_image\" \/>\n<meta name=\"twitter:label1\" content=\"Est. reading time\" \/>\n\t<meta name=\"twitter:data1\" content=\"3 minutes\" \/>\n<script type=\"application\/ld+json\" class=\"yoast-schema-graph\">{\"@context\":\"https:\/\/schema.org\",\"@graph\":[{\"@type\":\"WebPage\",\"@id\":\"https:\/\/gmelorente.com\/en\/descargas\/\",\"url\":\"https:\/\/gmelorente.com\/en\/descargas\/\",\"name\":\"Downloads - GME DIVISI\u00d3N BA\u00d1OS\",\"isPartOf\":{\"@id\":\"https:\/\/gmelorente.com\/#website\"},\"primaryImageOfPage\":{\"@id\":\"https:\/\/gmelorente.com\/en\/descargas\/#primaryimage\"},\"image\":{\"@id\":\"https:\/\/gmelorente.com\/en\/descargas\/#primaryimage\"},\"thumbnailUrl\":\"https:\/\/gmelorente.com\/wp-content\/uploads\/gme-2025.jpg\",\"datePublished\":\"2015-08-13T14:18:52+00:00\",\"dateModified\":\"2026-02-16T14:27:58+00:00\",\"breadcrumb\":{\"@id\":\"https:\/\/gmelorente.com\/en\/descargas\/#breadcrumb\"},\"inLanguage\":\"en-US\",\"potentialAction\":[{\"@type\":\"ReadAction\",\"target\":[\"https:\/\/gmelorente.com\/en\/descargas\/\"]}]},{\"@type\":\"ImageObject\",\"inLanguage\":\"en-US\",\"@id\":\"https:\/\/gmelorente.com\/en\/descargas\/#primaryimage\",\"url\":\"https:\/\/gmelorente.com\/wp-content\/uploads\/gme-2025.jpg\",\"contentUrl\":\"https:\/\/gmelorente.com\/wp-content\/uploads\/gme-2025.jpg\"},{\"@type\":\"BreadcrumbList\",\"@id\":\"https:\/\/gmelorente.com\/en\/descargas\/#breadcrumb\",\"itemListElement\":[{\"@type\":\"ListItem\",\"position\":1,\"name\":\"Home\",\"item\":\"https:\/\/gmelorente.com\/en\/\"},{\"@type\":\"ListItem\",\"position\":2,\"name\":\"Downloads\"}]},{\"@type\":\"WebSite\",\"@id\":\"https:\/\/gmelorente.com\/#website\",\"url\":\"https:\/\/gmelorente.com\/\",\"name\":\"GME DIVISI\u00d3N BA\u00d1OS\",\"description\":\"Mamparas de ducha y mucho m\u00e1s\",\"publisher\":{\"@id\":\"https:\/\/gmelorente.com\/#organization\"},\"potentialAction\":[{\"@type\":\"SearchAction\",\"target\":{\"@type\":\"EntryPoint\",\"urlTemplate\":\"https:\/\/gmelorente.com\/?s={search_term_string}\"},\"query-input\":{\"@type\":\"PropertyValueSpecification\",\"valueRequired\":true,\"valueName\":\"search_term_string\"}}],\"inLanguage\":\"en-US\"},{\"@type\":\"Organization\",\"@id\":\"https:\/\/gmelorente.com\/#organization\",\"name\":\"GME DIVISI\u00d3N BA\u00d1OS S.L.\",\"url\":\"https:\/\/gmelorente.com\/\",\"logo\":{\"@type\":\"ImageObject\",\"inLanguage\":\"en-US\",\"@id\":\"https:\/\/gmelorente.com\/#\/schema\/logo\/image\/\",\"url\":\"https:\/\/gmelorente.com\/wp-content\/uploads\/logo-gme-azul.jpg\",\"contentUrl\":\"https:\/\/gmelorente.com\/wp-content\/uploads\/logo-gme-azul.jpg\",\"width\":810,\"height\":298,\"caption\":\"GME DIVISI\u00d3N BA\u00d1OS S.L.\"},\"image\":{\"@id\":\"https:\/\/gmelorente.com\/#\/schema\/logo\/image\/\"},\"sameAs\":[\"https:\/\/www.facebook.com\/gmedivision\/?fref=ts\",\"https:\/\/es.pinterest.com\/gmedivision\/?eq=gme&amp;etslf=14997\"]}]}<\/script>\n<!-- \/ Yoast SEO plugin. -->","yoast_head_json":{"title":"Downloads - GME DIVISI\u00d3N BA\u00d1OS","robots":{"index":"index","follow":"follow","max-snippet":"max-snippet:-1","max-image-preview":"max-image-preview:large","max-video-preview":"max-video-preview:-1"},"canonical":"https:\/\/gmelorente.com\/en\/descargas\/","og_locale":"en_US","og_type":"article","og_title":"Downloads - GME DIVISI\u00d3N BA\u00d1OS","og_description":"[vc_row][vc_column][vc_column_text] Downloading this catalogue may only be done for informational purposes, specifically and privately. This catalogue may only be used for commercial purposes with the prior authorisation of GME DIVISION BA\u00d1OS SL. It may only be used by clients for their specific commercial information, without using it for final customer exhibition or display, except with&hellip;","og_url":"https:\/\/gmelorente.com\/en\/descargas\/","og_site_name":"GME DIVISI\u00d3N BA\u00d1OS","article_publisher":"https:\/\/www.facebook.com\/gmedivision\/?fref=ts","article_modified_time":"2026-02-16T14:27:58+00:00","og_image":[{"width":679,"height":966,"url":"https:\/\/gmelorente.com\/wp-content\/uploads\/gme-2025.jpg","type":"image\/jpeg"}],"twitter_card":"summary_large_image","twitter_misc":{"Est. reading time":"3 minutes"},"schema":{"@context":"https:\/\/schema.org","@graph":[{"@type":"WebPage","@id":"https:\/\/gmelorente.com\/en\/descargas\/","url":"https:\/\/gmelorente.com\/en\/descargas\/","name":"Downloads - GME DIVISI\u00d3N BA\u00d1OS","isPartOf":{"@id":"https:\/\/gmelorente.com\/#website"},"primaryImageOfPage":{"@id":"https:\/\/gmelorente.com\/en\/descargas\/#primaryimage"},"image":{"@id":"https:\/\/gmelorente.com\/en\/descargas\/#primaryimage"},"thumbnailUrl":"https:\/\/gmelorente.com\/wp-content\/uploads\/gme-2025.jpg","datePublished":"2015-08-13T14:18:52+00:00","dateModified":"2026-02-16T14:27:58+00:00","breadcrumb":{"@id":"https:\/\/gmelorente.com\/en\/descargas\/#breadcrumb"},"inLanguage":"en-US","potentialAction":[{"@type":"ReadAction","target":["https:\/\/gmelorente.com\/en\/descargas\/"]}]},{"@type":"ImageObject","inLanguage":"en-US","@id":"https:\/\/gmelorente.com\/en\/descargas\/#primaryimage","url":"https:\/\/gmelorente.com\/wp-content\/uploads\/gme-2025.jpg","contentUrl":"https:\/\/gmelorente.com\/wp-content\/uploads\/gme-2025.jpg"},{"@type":"BreadcrumbList","@id":"https:\/\/gmelorente.com\/en\/descargas\/#breadcrumb","itemListElement":[{"@type":"ListItem","position":1,"name":"Home","item":"https:\/\/gmelorente.com\/en\/"},{"@type":"ListItem","position":2,"name":"Downloads"}]},{"@type":"WebSite","@id":"https:\/\/gmelorente.com\/#website","url":"https:\/\/gmelorente.com\/","name":"GME DIVISI\u00d3N BA\u00d1OS","description":"Mamparas de ducha y mucho m\u00e1s","publisher":{"@id":"https:\/\/gmelorente.com\/#organization"},"potentialAction":[{"@type":"SearchAction","target":{"@type":"EntryPoint","urlTemplate":"https:\/\/gmelorente.com\/?s={search_term_string}"},"query-input":{"@type":"PropertyValueSpecification","valueRequired":true,"valueName":"search_term_string"}}],"inLanguage":"en-US"},{"@type":"Organization","@id":"https:\/\/gmelorente.com\/#organization","name":"GME DIVISI\u00d3N BA\u00d1OS S.L.","url":"https:\/\/gmelorente.com\/","logo":{"@type":"ImageObject","inLanguage":"en-US","@id":"https:\/\/gmelorente.com\/#\/schema\/logo\/image\/","url":"https:\/\/gmelorente.com\/wp-content\/uploads\/logo-gme-azul.jpg","contentUrl":"https:\/\/gmelorente.com\/wp-content\/uploads\/logo-gme-azul.jpg","width":810,"height":298,"caption":"GME DIVISI\u00d3N BA\u00d1OS S.L."},"image":{"@id":"https:\/\/gmelorente.com\/#\/schema\/logo\/image\/"},"sameAs":["https:\/\/www.facebook.com\/gmedivision\/?fref=ts","https:\/\/es.pinterest.com\/gmedivision\/?eq=gme&amp;etslf=14997"]}]}},"_links":{"self":[{"href":"https:\/\/gmelorente.com\/en\/wp-json\/wp\/v2\/pages\/43183","targetHints":{"allow":["GET"]}}],"collection":[{"href":"https:\/\/gmelorente.com\/en\/wp-json\/wp\/v2\/pages"}],"about":[{"href":"https:\/\/gmelorente.com\/en\/wp-json\/wp\/v2\/types\/page"}],"author":[{"embeddable":true,"href":"https:\/\/gmelorente.com\/en\/wp-json\/wp\/v2\/users\/1"}],"replies":[{"embeddable":true,"href":"https:\/\/gmelorente.com\/en\/wp-json\/wp\/v2\/comments?post=43183"}],"version-history":[{"count":15,"href":"https:\/\/gmelorente.com\/en\/wp-json\/wp\/v2\/pages\/43183\/revisions"}],"predecessor-version":[{"id":84473,"href":"https:\/\/gmelorente.com\/en\/wp-json\/wp\/v2\/pages\/43183\/revisions\/84473"}],"wp:attachment":[{"href":"https:\/\/gmelorente.com\/en\/wp-json\/wp\/v2\/media?parent=43183"}],"curies":[{"name":"wp","href":"https:\/\/api.w.org\/{rel}","templated":true}]}}