{"id":67994,"date":"2020-09-29T01:04:17","date_gmt":"2020-09-28T23:04:17","guid":{"rendered":"https:\/\/gmelorente.com\/?page_id=67994"},"modified":"2025-09-08T15:59:24","modified_gmt":"2025-09-08T13:59:24","slug":"catalog-faucet-io","status":"publish","type":"page","link":"https:\/\/gmelorente.com\/en\/catalog-faucet-io\/","title":{"rendered":"ISO CERTIFICATIONS &#8211; GME Lorente"},"content":{"rendered":"<p>[vc_row][vc_column][vc_single_image image=&#8221;87576&#8243; img_size=&#8221;full&#8221; alignment=&#8221;center&#8221;][vc_empty_space][\/vc_column][\/vc_row][vc_row][vc_column][vc_column_text]At GME Bathroom Division, we are taking a step forward in our business trajectory by officially obtaining the international ISO 9001 Quality Management and ISO 14001 Environmental Management certifications.<\/p>\n<p>This achievement is not just a stamp on paper: it represents recognition of years of effort, organization, and continuous improvement in all our processes, from warehouse and logistics management to the distribution of bathroom equipment in national and international markets.<\/p>\n<p>&nbsp;<\/p>\n<p>What does this mean for our customers and partners?<\/p>\n<p>Confidence in quality: ISO 9001 guarantees that all our processes are geared towards efficiency, traceability, and customer satisfaction.<\/p>\n<p>Real environmental commitment: with ISO 14001, we reinforce our commitment to minimizing environmental impact, optimizing the use of resources, managing waste responsibly, and focusing on sustainability at every stage of the supply chain.<\/p>\n<p>A more competitive partner: having these international certifications allows us to continue growing in demanding markets, offering the peace of mind of working with a company that is aligned with global standards.<\/p>\n<p>&nbsp;<\/p>\n<p>Our commitment to the future<br \/>These certifications are a starting point, not a destination. At GME, we continue to move forward to offer a first-class service in the distribution of shower enclosures, shower trays, faucets, and bathroom accessories, always with quality, safety, and sustainability as our fundamental pillars.<\/p>\n<p>We would like to thank our team, customers, and partners for being part of this journey. With your trust and support, we continue to transform the sector with solutions that combine design, innovation, and responsibility.<\/p>\n<p>[\/vc_column_text][vc_empty_space]<div class=\"hr-thin style-line\" style=\"width: 100%;border-top-width: 1px;\"><\/div>[vc_empty_space][vc_column_text]<\/p>\n<p>[\/vc_column_text][\/vc_column][\/vc_row][vc_row][vc_column width=&#8221;1\/2&#8243;][vc_single_image image=&#8221;87588&#8243; img_size=&#8221;medium&#8221; alignment=&#8221;center&#8221; onclick=&#8221;img_link_large&#8221;][\/vc_column][vc_column width=&#8221;1\/2&#8243;][vc_single_image image=&#8221;87592&#8243; img_size=&#8221;medium&#8221; alignment=&#8221;center&#8221; onclick=&#8221;img_link_large&#8221;][\/vc_column][\/vc_row]<\/p>\n","protected":false},"excerpt":{"rendered":"<p>[vc_row][vc_column][vc_single_image image=&#8221;87576&#8243; img_size=&#8221;full&#8221; alignment=&#8221;center&#8221;][vc_empty_space][\/vc_column][\/vc_row][vc_row][vc_column][vc_column_text]At GME Bathroom Division, we are taking a step forward in our business trajectory by officially obtaining the international ISO 9001 Quality Management and ISO 14001 Environmental Management certifications. This achievement is not just a stamp on paper: it represents recognition of years of effort, organization, and continuous improvement in all our&hellip;<\/p>\n","protected":false},"author":1,"featured_media":0,"parent":0,"menu_order":0,"comment_status":"closed","ping_status":"closed","template":"","meta":{"footnotes":""},"class_list":["post-67994","page","type-page","status-publish","hentry","description-off"],"yoast_head":"<!-- This site is optimized with the Yoast SEO plugin v27.3 - https:\/\/yoast.com\/product\/yoast-seo-wordpress\/ -->\n<title>ISO CERTIFICATIONS - GME Lorente<\/title>\n<meta name=\"description\" content=\"At GME Bathroom Division, we are taking a step forward by officially obtaining the international ISO 9001 Quality Management and ISO 14001 Environmental Management certifications.\" \/>\n<meta name=\"robots\" content=\"index, follow, max-snippet:-1, max-image-preview:large, max-video-preview:-1\" \/>\n<link rel=\"canonical\" href=\"https:\/\/gmelorente.com\/en\/catalog-faucet-io\/\" \/>\n<meta property=\"og:locale\" content=\"en_US\" \/>\n<meta property=\"og:type\" content=\"article\" \/>\n<meta property=\"og:title\" content=\"ISO CERTIFICATIONS - GME Lorente\" \/>\n<meta property=\"og:description\" content=\"At GME Bathroom Division, we are taking a step forward by officially obtaining the international ISO 9001 Quality Management and ISO 14001 Environmental Management certifications.\" \/>\n<meta property=\"og:url\" content=\"https:\/\/gmelorente.com\/en\/catalog-faucet-io\/\" \/>\n<meta property=\"og:site_name\" content=\"GME DIVISI\u00d3N BA\u00d1OS\" \/>\n<meta property=\"article:publisher\" content=\"https:\/\/www.facebook.com\/gmedivision\/?fref=ts\" \/>\n<meta property=\"article:modified_time\" content=\"2025-09-08T13:59:24+00:00\" \/>\n<meta name=\"twitter:card\" content=\"summary_large_image\" \/>\n<meta name=\"twitter:label1\" content=\"Est. reading time\" \/>\n\t<meta name=\"twitter:data1\" content=\"2 minutes\" \/>\n<script type=\"application\/ld+json\" class=\"yoast-schema-graph\">{\"@context\":\"https:\\\/\\\/schema.org\",\"@graph\":[{\"@type\":\"WebPage\",\"@id\":\"https:\\\/\\\/gmelorente.com\\\/en\\\/catalog-faucet-io\\\/\",\"url\":\"https:\\\/\\\/gmelorente.com\\\/en\\\/catalog-faucet-io\\\/\",\"name\":\"ISO CERTIFICATIONS - GME Lorente\",\"isPartOf\":{\"@id\":\"https:\\\/\\\/gmelorente.com\\\/#website\"},\"datePublished\":\"2020-09-28T23:04:17+00:00\",\"dateModified\":\"2025-09-08T13:59:24+00:00\",\"description\":\"At GME Bathroom Division, we are taking a step forward by officially obtaining the international ISO 9001 Quality Management and ISO 14001 Environmental Management certifications.\",\"breadcrumb\":{\"@id\":\"https:\\\/\\\/gmelorente.com\\\/en\\\/catalog-faucet-io\\\/#breadcrumb\"},\"inLanguage\":\"en-US\",\"potentialAction\":[{\"@type\":\"ReadAction\",\"target\":[\"https:\\\/\\\/gmelorente.com\\\/en\\\/catalog-faucet-io\\\/\"]}]},{\"@type\":\"BreadcrumbList\",\"@id\":\"https:\\\/\\\/gmelorente.com\\\/en\\\/catalog-faucet-io\\\/#breadcrumb\",\"itemListElement\":[{\"@type\":\"ListItem\",\"position\":1,\"name\":\"Home\",\"item\":\"https:\\\/\\\/gmelorente.com\\\/en\\\/\"},{\"@type\":\"ListItem\",\"position\":2,\"name\":\"ISO CERTIFICATIONS &#8211; GME Lorente\"}]},{\"@type\":\"WebSite\",\"@id\":\"https:\\\/\\\/gmelorente.com\\\/#website\",\"url\":\"https:\\\/\\\/gmelorente.com\\\/\",\"name\":\"GME DIVISI\u00d3N BA\u00d1OS\",\"description\":\"Mamparas de ducha y mucho m\u00e1s\",\"publisher\":{\"@id\":\"https:\\\/\\\/gmelorente.com\\\/#organization\"},\"potentialAction\":[{\"@type\":\"SearchAction\",\"target\":{\"@type\":\"EntryPoint\",\"urlTemplate\":\"https:\\\/\\\/gmelorente.com\\\/?s={search_term_string}\"},\"query-input\":{\"@type\":\"PropertyValueSpecification\",\"valueRequired\":true,\"valueName\":\"search_term_string\"}}],\"inLanguage\":\"en-US\"},{\"@type\":\"Organization\",\"@id\":\"https:\\\/\\\/gmelorente.com\\\/#organization\",\"name\":\"GME DIVISI\u00d3N BA\u00d1OS S.L.\",\"url\":\"https:\\\/\\\/gmelorente.com\\\/\",\"logo\":{\"@type\":\"ImageObject\",\"inLanguage\":\"en-US\",\"@id\":\"https:\\\/\\\/gmelorente.com\\\/#\\\/schema\\\/logo\\\/image\\\/\",\"url\":\"https:\\\/\\\/gmelorente.com\\\/wp-content\\\/uploads\\\/logo-gme-azul.jpg\",\"contentUrl\":\"https:\\\/\\\/gmelorente.com\\\/wp-content\\\/uploads\\\/logo-gme-azul.jpg\",\"width\":810,\"height\":298,\"caption\":\"GME DIVISI\u00d3N BA\u00d1OS S.L.\"},\"image\":{\"@id\":\"https:\\\/\\\/gmelorente.com\\\/#\\\/schema\\\/logo\\\/image\\\/\"},\"sameAs\":[\"https:\\\/\\\/www.facebook.com\\\/gmedivision\\\/?fref=ts\",\"https:\\\/\\\/es.pinterest.com\\\/gmedivision\\\/?eq=gme&amp;etslf=14997\"]}]}<\/script>\n<!-- \/ Yoast SEO plugin. -->","yoast_head_json":{"title":"ISO CERTIFICATIONS - GME Lorente","description":"At GME Bathroom Division, we are taking a step forward by officially obtaining the international ISO 9001 Quality Management and ISO 14001 Environmental Management certifications.","robots":{"index":"index","follow":"follow","max-snippet":"max-snippet:-1","max-image-preview":"max-image-preview:large","max-video-preview":"max-video-preview:-1"},"canonical":"https:\/\/gmelorente.com\/en\/catalog-faucet-io\/","og_locale":"en_US","og_type":"article","og_title":"ISO CERTIFICATIONS - GME Lorente","og_description":"At GME Bathroom Division, we are taking a step forward by officially obtaining the international ISO 9001 Quality Management and ISO 14001 Environmental Management certifications.","og_url":"https:\/\/gmelorente.com\/en\/catalog-faucet-io\/","og_site_name":"GME DIVISI\u00d3N BA\u00d1OS","article_publisher":"https:\/\/www.facebook.com\/gmedivision\/?fref=ts","article_modified_time":"2025-09-08T13:59:24+00:00","twitter_card":"summary_large_image","twitter_misc":{"Est. reading time":"2 minutes"},"schema":{"@context":"https:\/\/schema.org","@graph":[{"@type":"WebPage","@id":"https:\/\/gmelorente.com\/en\/catalog-faucet-io\/","url":"https:\/\/gmelorente.com\/en\/catalog-faucet-io\/","name":"ISO CERTIFICATIONS - GME Lorente","isPartOf":{"@id":"https:\/\/gmelorente.com\/#website"},"datePublished":"2020-09-28T23:04:17+00:00","dateModified":"2025-09-08T13:59:24+00:00","description":"At GME Bathroom Division, we are taking a step forward by officially obtaining the international ISO 9001 Quality Management and ISO 14001 Environmental Management certifications.","breadcrumb":{"@id":"https:\/\/gmelorente.com\/en\/catalog-faucet-io\/#breadcrumb"},"inLanguage":"en-US","potentialAction":[{"@type":"ReadAction","target":["https:\/\/gmelorente.com\/en\/catalog-faucet-io\/"]}]},{"@type":"BreadcrumbList","@id":"https:\/\/gmelorente.com\/en\/catalog-faucet-io\/#breadcrumb","itemListElement":[{"@type":"ListItem","position":1,"name":"Home","item":"https:\/\/gmelorente.com\/en\/"},{"@type":"ListItem","position":2,"name":"ISO CERTIFICATIONS &#8211; GME Lorente"}]},{"@type":"WebSite","@id":"https:\/\/gmelorente.com\/#website","url":"https:\/\/gmelorente.com\/","name":"GME DIVISI\u00d3N BA\u00d1OS","description":"Mamparas de ducha y mucho m\u00e1s","publisher":{"@id":"https:\/\/gmelorente.com\/#organization"},"potentialAction":[{"@type":"SearchAction","target":{"@type":"EntryPoint","urlTemplate":"https:\/\/gmelorente.com\/?s={search_term_string}"},"query-input":{"@type":"PropertyValueSpecification","valueRequired":true,"valueName":"search_term_string"}}],"inLanguage":"en-US"},{"@type":"Organization","@id":"https:\/\/gmelorente.com\/#organization","name":"GME DIVISI\u00d3N BA\u00d1OS S.L.","url":"https:\/\/gmelorente.com\/","logo":{"@type":"ImageObject","inLanguage":"en-US","@id":"https:\/\/gmelorente.com\/#\/schema\/logo\/image\/","url":"https:\/\/gmelorente.com\/wp-content\/uploads\/logo-gme-azul.jpg","contentUrl":"https:\/\/gmelorente.com\/wp-content\/uploads\/logo-gme-azul.jpg","width":810,"height":298,"caption":"GME DIVISI\u00d3N BA\u00d1OS S.L."},"image":{"@id":"https:\/\/gmelorente.com\/#\/schema\/logo\/image\/"},"sameAs":["https:\/\/www.facebook.com\/gmedivision\/?fref=ts","https:\/\/es.pinterest.com\/gmedivision\/?eq=gme&amp;etslf=14997"]}]}},"_links":{"self":[{"href":"https:\/\/gmelorente.com\/en\/wp-json\/wp\/v2\/pages\/67994","targetHints":{"allow":["GET"]}}],"collection":[{"href":"https:\/\/gmelorente.com\/en\/wp-json\/wp\/v2\/pages"}],"about":[{"href":"https:\/\/gmelorente.com\/en\/wp-json\/wp\/v2\/types\/page"}],"author":[{"embeddable":true,"href":"https:\/\/gmelorente.com\/en\/wp-json\/wp\/v2\/users\/1"}],"replies":[{"embeddable":true,"href":"https:\/\/gmelorente.com\/en\/wp-json\/wp\/v2\/comments?post=67994"}],"version-history":[{"count":12,"href":"https:\/\/gmelorente.com\/en\/wp-json\/wp\/v2\/pages\/67994\/revisions"}],"predecessor-version":[{"id":87640,"href":"https:\/\/gmelorente.com\/en\/wp-json\/wp\/v2\/pages\/67994\/revisions\/87640"}],"wp:attachment":[{"href":"https:\/\/gmelorente.com\/en\/wp-json\/wp\/v2\/media?parent=67994"}],"curies":[{"name":"wp","href":"https:\/\/api.w.org\/{rel}","templated":true}]}}