{"id":84057,"date":"2024-04-15T13:01:36","date_gmt":"2024-04-15T11:01:36","guid":{"rendered":"https:\/\/gmelorente.com\/?page_id=84057"},"modified":"2024-04-15T13:01:36","modified_gmt":"2024-04-15T11:01:36","slug":"kitchen-faucets","status":"publish","type":"page","link":"https:\/\/gmelorente.com\/en\/productos\/kitchen-faucets\/","title":{"rendered":"Kitchen faucets"},"content":{"rendered":"<p>[vc_row][vc_column][vc_column_text]Are you looking for a <strong>quality kitchen faucet<\/strong>? At GME, we offer a wide range of quality kitchen faucets under our European registered trademark, <strong>IO\u00ae<\/strong>. The products can be viewed in more detail in our <a href=\"https:\/\/gmelorente.com\/en\/catalog-faucet-io\/\">IO\u00ae faucet catalogue<\/a>. All the taps comply with <strong>European standards<\/strong> and have passed the necessary tests to obtain their European certification in <a href=\"https:\/\/www.aidimme.es\">Aidimme<\/a>, the Technological Institute of Valencia.[\/vc_column_text][\/vc_column][\/vc_row][vc_row][vc_column][vc_empty_space][\/vc_column][\/vc_row][vc_row][vc_column]<div class=\"hr-thin style-line\" style=\"width: 100%;border-top-width: 1px;\"><\/div>[vc_empty_space][\/vc_column][\/vc_row][vc_row][vc_column]<div class=\"dt-shortcode with-isotope\"><div class=\"wf-container dt-portfolio-shortcode loading-effect-none iso-grid bg-under-post description-under-image content-align-left\" data-padding=\"20px\" data-cur-page=\"1\" data-posts-per-page=\"-1\" data-width=\"0px\" data-columns=\"4\">\n<div class=\"wf-cell category-115 category-237\" data-post-id=\"84027\" data-date=\"2024-04-15T15:40:02+02:00\" data-name=\"ALEXIA PULL-DOWN KITCHEN TAP\">\n<article class=\"post post-84027 dt_portfolio type-dt_portfolio status-publish has-post-thumbnail hentry dt_portfolio_category-griferia-en dt_portfolio_category-kitchen-faucets dt_portfolio_category-115 dt_portfolio_category-237 bg-on\">\n\n\t<div class=\"project-list-media\">\n\t<figure class=\"buttons-on-img forward-post\">\n\t\t<a href=\"https:\/\/gmelorente.com\/en\/producto\/alexia-pull-down\/\" class=\"alignnone rollover layzr-bg\" title=\"3233-Alexia\"  aria-label=\"Post image\"><img fetchpriority=\"high\" decoding=\"async\" class=\"preload-me iso-lazy-load aspect\" src=\"data:image\/svg+xml,%3Csvg%20xmlns%3D&#39;http%3A%2F%2Fwww.w3.org%2F2000%2Fsvg&#39;%20viewBox%3D&#39;0%200%20750%20750&#39;%2F%3E\" data-src=\"https:\/\/gmelorente.com\/wp-content\/uploads\/3233-Alexia.jpg\" data-srcset=\"https:\/\/gmelorente.com\/wp-content\/uploads\/3233-Alexia.jpg 750w\" loading=\"eager\" style=\"--ratio: 750 \/ 750\" sizes=\"(max-width: 750px) 100vw, 750px\" alt=\"ambiente alexia abatible\" width=\"750\" height=\"750\"  \/><\/a>\t\t\t<\/figure>\n<\/div>\n<div class=\"project-list-content\">\n\t<h3 class=\"entry-title\"><a href=\"https:\/\/gmelorente.com\/en\/producto\/alexia-pull-down\/\" title=\"ALEXIA PULL-DOWN KITCHEN TAP\" rel=\"bookmark\">ALEXIA PULL-DOWN KITCHEN TAP<\/a><\/h3><p>90 degree swivel faucet<\/p>\n<\/div>\n<\/article>\n\n<\/div>\n<div class=\"wf-cell category-115 category-237\" data-post-id=\"82943\" data-date=\"2023-05-12T13:25:17+02:00\" data-name=\"KITCHEN TAP NOAH STEEL\">\n<article class=\"post post-82943 dt_portfolio type-dt_portfolio status-publish has-post-thumbnail hentry dt_portfolio_category-griferia-en dt_portfolio_category-kitchen-faucets dt_portfolio_category-115 dt_portfolio_category-237 bg-on\">\n\n\t<div class=\"project-list-media\">\n\t<figure class=\"buttons-on-img forward-post\">\n\t\t<a href=\"https:\/\/gmelorente.com\/en\/producto\/noah-kitchen-tap\/\" class=\"alignnone rollover layzr-bg\" title=\"2800212 - interior picture\"  aria-label=\"Post image\"><img decoding=\"async\" class=\"preload-me iso-lazy-load aspect\" src=\"data:image\/svg+xml,%3Csvg%20xmlns%3D&#39;http%3A%2F%2Fwww.w3.org%2F2000%2Fsvg&#39;%20viewBox%3D&#39;0%200%20607%20607&#39;%2F%3E\" data-src=\"https:\/\/gmelorente.com\/wp-content\/uploads\/2800212-interior-picture-607x607.jpg\" data-srcset=\"https:\/\/gmelorente.com\/wp-content\/uploads\/2800212-interior-picture-607x607.jpg 607w\" loading=\"eager\" style=\"--ratio: 607 \/ 607\" sizes=\"(max-width: 607px) 100vw, 607px\" alt=\"\" width=\"607\" height=\"607\"  \/><\/a>\t\t\t<\/figure>\n<\/div>\n<div class=\"project-list-content\">\n\t<h3 class=\"entry-title\"><a href=\"https:\/\/gmelorente.com\/en\/producto\/noah-kitchen-tap\/\" title=\"KITCHEN TAP NOAH STEEL\" rel=\"bookmark\">KITCHEN TAP NOAH STEEL<\/a><\/h3><p>Brushed steel finish<\/p>\n<\/div>\n<\/article>\n\n<\/div>\n<div class=\"wf-cell category-115 category-237\" data-post-id=\"82944\" data-date=\"2023-05-24T12:26:38+02:00\" data-name=\"NOAH MATTE BLACK KITCHEN FAUCET\">\n<article class=\"post post-82944 dt_portfolio type-dt_portfolio status-publish has-post-thumbnail hentry dt_portfolio_category-griferia-en dt_portfolio_category-kitchen-faucets dt_portfolio_category-115 dt_portfolio_category-237 bg-on\">\n\n\t<div class=\"project-list-media\">\n\t<figure class=\"buttons-on-img forward-post\">\n\t\t<a href=\"https:\/\/gmelorente.com\/en\/producto\/noah-matte-black-kitchen-faucet\/\" class=\"alignnone rollover layzr-bg\" title=\"3183-monomando Cocina Noah Negro Ambiente\"  aria-label=\"Post image\"><img decoding=\"async\" class=\"preload-me iso-lazy-load aspect\" src=\"data:image\/svg+xml,%3Csvg%20xmlns%3D&#39;http%3A%2F%2Fwww.w3.org%2F2000%2Fsvg&#39;%20viewBox%3D&#39;0%200%20641%20641&#39;%2F%3E\" data-src=\"https:\/\/gmelorente.com\/wp-content\/uploads\/3183-monomando-Cocina-Noah-Negro-Ambiente-641x641.jpg\" data-srcset=\"https:\/\/gmelorente.com\/wp-content\/uploads\/3183-monomando-Cocina-Noah-Negro-Ambiente-641x641.jpg 641w\" loading=\"eager\" style=\"--ratio: 641 \/ 641\" sizes=\"(max-width: 641px) 100vw, 641px\" alt=\"\" width=\"641\" height=\"641\"  \/><\/a>\t\t\t<\/figure>\n<\/div>\n<div class=\"project-list-content\">\n\t<h3 class=\"entry-title\"><a href=\"https:\/\/gmelorente.com\/en\/producto\/noah-matte-black-kitchen-faucet\/\" title=\"NOAH MATTE BLACK KITCHEN FAUCET\" rel=\"bookmark\">NOAH MATTE BLACK KITCHEN FAUCET<\/a><\/h3><p>Matte black finish.<\/p>\n<\/div>\n<\/article>\n\n<\/div>\n<div class=\"wf-cell category-115 category-237\" data-post-id=\"83568\" data-date=\"2023-08-21T10:19:09+02:00\" data-name=\"OSMOSIS KITCHEN FAUCET STEEL\">\n<article class=\"post post-83568 dt_portfolio type-dt_portfolio status-publish has-post-thumbnail hentry dt_portfolio_category-griferia-en dt_portfolio_category-kitchen-faucets dt_portfolio_category-115 dt_portfolio_category-237 bg-on\">\n\n\t<div class=\"project-list-media\">\n\t<figure class=\"buttons-on-img forward-post\">\n\t\t<a href=\"https:\/\/gmelorente.com\/en\/producto\/osmosis-kitchen-faucet-steel\/\" class=\"alignnone rollover layzr-bg\" title=\"grifo-cocina-osmosis\"  aria-label=\"Post image\"><img decoding=\"async\" class=\"preload-me iso-lazy-load aspect\" src=\"data:image\/svg+xml,%3Csvg%20xmlns%3D&#39;http%3A%2F%2Fwww.w3.org%2F2000%2Fsvg&#39;%20viewBox%3D&#39;0%200%20600%20600&#39;%2F%3E\" data-src=\"https:\/\/gmelorente.com\/wp-content\/uploads\/grifo-cocina-osmosis.jpg\" data-srcset=\"https:\/\/gmelorente.com\/wp-content\/uploads\/grifo-cocina-osmosis.jpg 600w\" loading=\"eager\" style=\"--ratio: 600 \/ 600\" sizes=\"(max-width: 600px) 100vw, 600px\" alt=\"OSMOSIS ACERO\" width=\"600\" height=\"600\"  \/><\/a>\t\t\t<\/figure>\n<\/div>\n<div class=\"project-list-content\">\n\t<h3 class=\"entry-title\"><a href=\"https:\/\/gmelorente.com\/en\/producto\/osmosis-kitchen-faucet-steel\/\" title=\"OSMOSIS KITCHEN FAUCET STEEL\" rel=\"bookmark\">OSMOSIS KITCHEN FAUCET STEEL<\/a><\/h3><p>Brushed steel finish<\/p>\n<\/div>\n<\/article>\n\n<\/div>\n<div class=\"wf-cell category-115 category-237\" data-post-id=\"84066\" data-date=\"2020-11-26T16:26:51+01:00\" data-name=\"PULL-OUT KITCHEN FAUCET DESIGN\">\n<article class=\"post post-84066 dt_portfolio type-dt_portfolio status-publish has-post-thumbnail hentry dt_portfolio_category-griferia-en dt_portfolio_category-kitchen-faucets dt_portfolio_category-115 dt_portfolio_category-237 bg-on\">\n\n\t<div class=\"project-list-media\">\n\t<figure class=\"buttons-on-img forward-post\">\n\t\t<a href=\"https:\/\/gmelorente.com\/en\/producto\/grifo-cano-alto-para-cocina-design-cromo\/\" class=\"alignnone rollover layzr-bg\" title=\"DESIGN-CROMO-EXTRAIBLE-AMBIENTE\"  aria-label=\"Post image\"><img decoding=\"async\" class=\"preload-me iso-lazy-load aspect\" src=\"data:image\/svg+xml,%3Csvg%20xmlns%3D&#39;http%3A%2F%2Fwww.w3.org%2F2000%2Fsvg&#39;%20viewBox%3D&#39;0%200%20750%20750&#39;%2F%3E\" data-src=\"https:\/\/gmelorente.com\/wp-content\/uploads\/DESIGN-CROMO-EXTRAIBLE-AMBIENTE.jpg\" data-srcset=\"https:\/\/gmelorente.com\/wp-content\/uploads\/DESIGN-CROMO-EXTRAIBLE-AMBIENTE.jpg 750w\" loading=\"eager\" style=\"--ratio: 750 \/ 750\" sizes=\"(max-width: 750px) 100vw, 750px\" alt=\"\" width=\"750\" height=\"750\"  \/><\/a>\t\t\t<\/figure>\n<\/div>\n<div class=\"project-list-content\">\n\t<h3 class=\"entry-title\"><a href=\"https:\/\/gmelorente.com\/en\/producto\/grifo-cano-alto-para-cocina-design-cromo\/\" title=\"PULL-OUT KITCHEN FAUCET DESIGN\" rel=\"bookmark\">PULL-OUT KITCHEN FAUCET DESIGN<\/a><\/h3><p>Rociador flexible y extra\u00edble<\/p>\n<\/div>\n<\/article>\n\n<\/div>\n<div class=\"wf-cell category-115 category-237\" data-post-id=\"82939\" data-date=\"2023-05-24T11:32:47+02:00\" data-name=\"PULL-OUT KITCHEN FAUCET ROUND STEEL\">\n<article class=\"post post-82939 dt_portfolio type-dt_portfolio status-publish has-post-thumbnail hentry dt_portfolio_category-griferia-en dt_portfolio_category-kitchen-faucets dt_portfolio_category-115 dt_portfolio_category-237 bg-on\">\n\n\t<div class=\"project-list-media\">\n\t<figure class=\"buttons-on-img forward-post\">\n\t\t<a href=\"https:\/\/gmelorente.com\/en\/producto\/pull-out-kitchen-faucet-round-steel\/\" class=\"alignnone rollover layzr-bg\" title=\"3180 Entorno\"  aria-label=\"Post image\"><img decoding=\"async\" class=\"preload-me iso-lazy-load aspect\" src=\"data:image\/svg+xml,%3Csvg%20xmlns%3D&#39;http%3A%2F%2Fwww.w3.org%2F2000%2Fsvg&#39;%20viewBox%3D&#39;0%200%20625%20625&#39;%2F%3E\" data-src=\"https:\/\/gmelorente.com\/wp-content\/uploads\/3180-Entorno-625x625.jpg\" data-srcset=\"https:\/\/gmelorente.com\/wp-content\/uploads\/3180-Entorno-625x625.jpg 625w\" loading=\"eager\" style=\"--ratio: 625 \/ 625\" sizes=\"(max-width: 625px) 100vw, 625px\" alt=\"3180 \" width=\"625\" height=\"625\"  \/><\/a>\t\t\t<\/figure>\n<\/div>\n<div class=\"project-list-content\">\n\t<h3 class=\"entry-title\"><a href=\"https:\/\/gmelorente.com\/en\/producto\/pull-out-kitchen-faucet-round-steel\/\" title=\"PULL-OUT KITCHEN FAUCET ROUND STEEL\" rel=\"bookmark\">PULL-OUT KITCHEN FAUCET ROUND STEEL<\/a><\/h3><p>Brushed steel finish<\/p>\n<\/div>\n<\/article>\n\n<\/div>\n<div class=\"wf-cell category-115 category-237\" data-post-id=\"82941\" data-date=\"2023-05-24T11:36:28+02:00\" data-name=\"QUADRA STEEL KITCHEN FAUCET\">\n<article class=\"post post-82941 dt_portfolio type-dt_portfolio status-publish has-post-thumbnail hentry dt_portfolio_category-griferia-en dt_portfolio_category-kitchen-faucets dt_portfolio_category-115 dt_portfolio_category-237 bg-on\">\n\n\t<div class=\"project-list-media\">\n\t<figure class=\"buttons-on-img forward-post\">\n\t\t<a href=\"https:\/\/gmelorente.com\/en\/producto\/quadra-steel-kitchen-faucet\/\" class=\"alignnone rollover layzr-bg\" title=\"Cuadra Cocina Nuevo\"  aria-label=\"Post image\"><img decoding=\"async\" class=\"preload-me iso-lazy-load aspect\" src=\"data:image\/svg+xml,%3Csvg%20xmlns%3D&#39;http%3A%2F%2Fwww.w3.org%2F2000%2Fsvg&#39;%20viewBox%3D&#39;0%200%20625%20625&#39;%2F%3E\" data-src=\"https:\/\/gmelorente.com\/wp-content\/uploads\/Cuadra-Cocina-Nuevo-625x625.jpg\" data-srcset=\"https:\/\/gmelorente.com\/wp-content\/uploads\/Cuadra-Cocina-Nuevo-625x625.jpg 625w\" loading=\"eager\" style=\"--ratio: 625 \/ 625\" sizes=\"(max-width: 625px) 100vw, 625px\" alt=\"Cuadra Cocina Nuevo\" width=\"625\" height=\"625\"  \/><\/a>\t\t\t<\/figure>\n<\/div>\n<div class=\"project-list-content\">\n\t<h3 class=\"entry-title\"><a href=\"https:\/\/gmelorente.com\/en\/producto\/quadra-steel-kitchen-faucet\/\" title=\"QUADRA STEEL KITCHEN FAUCET\" rel=\"bookmark\">QUADRA STEEL KITCHEN FAUCET<\/a><\/h3><p>Brushed steel finish<\/p>\n<\/div>\n<\/article>\n\n<\/div>\n<div class=\"wf-cell category-115 category-237\" data-post-id=\"84077\" data-date=\"2020-11-26T16:42:48+01:00\" data-name=\"ROUND PULL-OUT KITCHEN TAP\">\n<article class=\"post post-84077 dt_portfolio type-dt_portfolio status-publish has-post-thumbnail hentry dt_portfolio_category-griferia-en dt_portfolio_category-kitchen-faucets dt_portfolio_category-115 dt_portfolio_category-237 bg-on\">\n\n\t<div class=\"project-list-media\">\n\t<figure class=\"buttons-on-img forward-post\">\n\t\t<a href=\"https:\/\/gmelorente.com\/en\/producto\/round-pull-out-kitchen-tap\/\" class=\"alignnone rollover layzr-bg\" title=\"ROUND-CROMO-EXTRAIBLE-AMBIENTE\"  aria-label=\"Post image\"><img decoding=\"async\" class=\"preload-me iso-lazy-load aspect\" src=\"data:image\/svg+xml,%3Csvg%20xmlns%3D&#39;http%3A%2F%2Fwww.w3.org%2F2000%2Fsvg&#39;%20viewBox%3D&#39;0%200%20750%20750&#39;%2F%3E\" data-src=\"https:\/\/gmelorente.com\/wp-content\/uploads\/ROUND-CROMO-EXTRAIBLE-AMBIENTE.jpg\" data-srcset=\"https:\/\/gmelorente.com\/wp-content\/uploads\/ROUND-CROMO-EXTRAIBLE-AMBIENTE.jpg 750w\" loading=\"eager\" style=\"--ratio: 750 \/ 750\" sizes=\"(max-width: 750px) 100vw, 750px\" alt=\"\" width=\"750\" height=\"750\"  \/><\/a>\t\t\t<\/figure>\n<\/div>\n<div class=\"project-list-content\">\n\t<h3 class=\"entry-title\"><a href=\"https:\/\/gmelorente.com\/en\/producto\/round-pull-out-kitchen-tap\/\" title=\"ROUND PULL-OUT KITCHEN TAP\" rel=\"bookmark\">ROUND PULL-OUT KITCHEN TAP<\/a><\/h3><p>Removable sprinkler<\/p>\n<\/div>\n<\/article>\n\n<\/div>\n<div class=\"wf-cell category-115 category-237\" data-post-id=\"82945\" data-date=\"2023-05-25T11:01:54+02:00\" data-name=\"SIRIO KITCHEN FAUCETS\">\n<article class=\"post post-82945 dt_portfolio type-dt_portfolio status-publish has-post-thumbnail hentry dt_portfolio_category-griferia-en dt_portfolio_category-kitchen-faucets dt_portfolio_category-115 dt_portfolio_category-237 bg-on\">\n\n\t<div class=\"project-list-media\">\n\t<figure class=\"buttons-on-img forward-post\">\n\t\t<a href=\"https:\/\/gmelorente.com\/en\/producto\/sirio-kitchen-faucets\/\" class=\"alignnone rollover layzr-bg\" title=\"Sirio Cocina\"  aria-label=\"Post image\"><img decoding=\"async\" class=\"preload-me iso-lazy-load aspect\" src=\"data:image\/svg+xml,%3Csvg%20xmlns%3D&#39;http%3A%2F%2Fwww.w3.org%2F2000%2Fsvg&#39;%20viewBox%3D&#39;0%200%20625%20625&#39;%2F%3E\" data-src=\"https:\/\/gmelorente.com\/wp-content\/uploads\/Sirio-Cocina-625x625.jpg\" data-srcset=\"https:\/\/gmelorente.com\/wp-content\/uploads\/Sirio-Cocina-625x625.jpg 625w\" loading=\"eager\" style=\"--ratio: 625 \/ 625\" sizes=\"(max-width: 625px) 100vw, 625px\" alt=\"\" width=\"625\" height=\"625\"  \/><\/a>\t\t\t<\/figure>\n<\/div>\n<div class=\"project-list-content\">\n\t<h3 class=\"entry-title\"><a href=\"https:\/\/gmelorente.com\/en\/producto\/sirio-kitchen-faucets\/\" title=\"SIRIO KITCHEN FAUCETS\" rel=\"bookmark\">SIRIO KITCHEN FAUCETS<\/a><\/h3><p>Brushed PVD gold finish<\/p>\n<\/div>\n<\/article>\n\n<\/div><\/div><\/div>[\/vc_column][\/vc_row]<\/p>\n","protected":false},"excerpt":{"rendered":"<p>[vc_row][vc_column][vc_column_text]Are you looking for a quality kitchen faucet? At GME, we offer a wide range of quality kitchen faucets under our European registered trademark, IO\u00ae. The products can be viewed in more detail in our IO\u00ae faucet catalogue. All the taps comply with European standards and have passed the necessary tests to obtain their European&hellip;<\/p>\n","protected":false},"author":1,"featured_media":0,"parent":43077,"menu_order":0,"comment_status":"closed","ping_status":"closed","template":"","meta":{"footnotes":""},"class_list":["post-84057","page","type-page","status-publish","hentry","description-off"],"yoast_head":"<!-- This site is optimized with the Yoast SEO plugin v27.3 - https:\/\/yoast.com\/product\/yoast-seo-wordpress\/ -->\n<title>Quality kitchen faucets IO\u00ae by GME - GME Mamparas y Ba\u00f1o<\/title>\n<meta name=\"description\" content=\"Quality kitchen fittings from GME. Washbasin, bidet, bathtub and shower taps. Fountains and showers. Sprinklers and built-in fittings. All with 3 year guarantee.\" \/>\n<meta name=\"robots\" content=\"index, follow, max-snippet:-1, max-image-preview:large, max-video-preview:-1\" \/>\n<link rel=\"canonical\" href=\"https:\/\/gmelorente.com\/en\/productos\/kitchen-faucets\/\" \/>\n<meta property=\"og:locale\" content=\"en_US\" \/>\n<meta property=\"og:type\" content=\"article\" \/>\n<meta property=\"og:title\" content=\"Quality kitchen faucets IO\u00ae by GME - GME Mamparas y Ba\u00f1o\" \/>\n<meta property=\"og:description\" content=\"Quality kitchen fittings from GME. Washbasin, bidet, bathtub and shower taps. Fountains and showers. Sprinklers and built-in fittings. All with 3 year guarantee.\" \/>\n<meta property=\"og:url\" content=\"https:\/\/gmelorente.com\/en\/productos\/kitchen-faucets\/\" \/>\n<meta property=\"og:site_name\" content=\"GME DIVISI\u00d3N BA\u00d1OS\" \/>\n<meta property=\"article:publisher\" content=\"https:\/\/www.facebook.com\/gmedivision\/?fref=ts\" \/>\n<meta name=\"twitter:card\" content=\"summary_large_image\" \/>\n<meta name=\"twitter:label1\" content=\"Est. reading time\" \/>\n\t<meta name=\"twitter:data1\" content=\"1 minute\" \/>\n<script type=\"application\/ld+json\" class=\"yoast-schema-graph\">{\"@context\":\"https:\\\/\\\/schema.org\",\"@graph\":[{\"@type\":\"WebPage\",\"@id\":\"https:\\\/\\\/gmelorente.com\\\/en\\\/productos\\\/kitchen-faucets\\\/\",\"url\":\"https:\\\/\\\/gmelorente.com\\\/en\\\/productos\\\/kitchen-faucets\\\/\",\"name\":\"Quality kitchen faucets IO\u00ae by GME - GME Mamparas y Ba\u00f1o\",\"isPartOf\":{\"@id\":\"https:\\\/\\\/gmelorente.com\\\/#website\"},\"datePublished\":\"2024-04-15T11:01:36+00:00\",\"description\":\"Quality kitchen fittings from GME. Washbasin, bidet, bathtub and shower taps. Fountains and showers. Sprinklers and built-in fittings. All with 3 year guarantee.\",\"breadcrumb\":{\"@id\":\"https:\\\/\\\/gmelorente.com\\\/en\\\/productos\\\/kitchen-faucets\\\/#breadcrumb\"},\"inLanguage\":\"en-US\",\"potentialAction\":[{\"@type\":\"ReadAction\",\"target\":[\"https:\\\/\\\/gmelorente.com\\\/en\\\/productos\\\/kitchen-faucets\\\/\"]}]},{\"@type\":\"BreadcrumbList\",\"@id\":\"https:\\\/\\\/gmelorente.com\\\/en\\\/productos\\\/kitchen-faucets\\\/#breadcrumb\",\"itemListElement\":[{\"@type\":\"ListItem\",\"position\":1,\"name\":\"Home\",\"item\":\"https:\\\/\\\/gmelorente.com\\\/en\\\/\"},{\"@type\":\"ListItem\",\"position\":2,\"name\":\"Products\",\"item\":\"https:\\\/\\\/gmelorente.com\\\/en\\\/productos\\\/\"},{\"@type\":\"ListItem\",\"position\":3,\"name\":\"Kitchen faucets\"}]},{\"@type\":\"WebSite\",\"@id\":\"https:\\\/\\\/gmelorente.com\\\/#website\",\"url\":\"https:\\\/\\\/gmelorente.com\\\/\",\"name\":\"GME DIVISI\u00d3N BA\u00d1OS\",\"description\":\"Mamparas de ducha y mucho m\u00e1s\",\"publisher\":{\"@id\":\"https:\\\/\\\/gmelorente.com\\\/#organization\"},\"potentialAction\":[{\"@type\":\"SearchAction\",\"target\":{\"@type\":\"EntryPoint\",\"urlTemplate\":\"https:\\\/\\\/gmelorente.com\\\/?s={search_term_string}\"},\"query-input\":{\"@type\":\"PropertyValueSpecification\",\"valueRequired\":true,\"valueName\":\"search_term_string\"}}],\"inLanguage\":\"en-US\"},{\"@type\":\"Organization\",\"@id\":\"https:\\\/\\\/gmelorente.com\\\/#organization\",\"name\":\"GME DIVISI\u00d3N BA\u00d1OS S.L.\",\"url\":\"https:\\\/\\\/gmelorente.com\\\/\",\"logo\":{\"@type\":\"ImageObject\",\"inLanguage\":\"en-US\",\"@id\":\"https:\\\/\\\/gmelorente.com\\\/#\\\/schema\\\/logo\\\/image\\\/\",\"url\":\"https:\\\/\\\/gmelorente.com\\\/wp-content\\\/uploads\\\/logo-gme-azul.jpg\",\"contentUrl\":\"https:\\\/\\\/gmelorente.com\\\/wp-content\\\/uploads\\\/logo-gme-azul.jpg\",\"width\":810,\"height\":298,\"caption\":\"GME DIVISI\u00d3N BA\u00d1OS S.L.\"},\"image\":{\"@id\":\"https:\\\/\\\/gmelorente.com\\\/#\\\/schema\\\/logo\\\/image\\\/\"},\"sameAs\":[\"https:\\\/\\\/www.facebook.com\\\/gmedivision\\\/?fref=ts\",\"https:\\\/\\\/es.pinterest.com\\\/gmedivision\\\/?eq=gme&amp;etslf=14997\"]}]}<\/script>\n<!-- \/ Yoast SEO plugin. -->","yoast_head_json":{"title":"Quality kitchen faucets IO\u00ae by GME - GME Mamparas y Ba\u00f1o","description":"Quality kitchen fittings from GME. Washbasin, bidet, bathtub and shower taps. Fountains and showers. Sprinklers and built-in fittings. All with 3 year guarantee.","robots":{"index":"index","follow":"follow","max-snippet":"max-snippet:-1","max-image-preview":"max-image-preview:large","max-video-preview":"max-video-preview:-1"},"canonical":"https:\/\/gmelorente.com\/en\/productos\/kitchen-faucets\/","og_locale":"en_US","og_type":"article","og_title":"Quality kitchen faucets IO\u00ae by GME - GME Mamparas y Ba\u00f1o","og_description":"Quality kitchen fittings from GME. Washbasin, bidet, bathtub and shower taps. Fountains and showers. Sprinklers and built-in fittings. All with 3 year guarantee.","og_url":"https:\/\/gmelorente.com\/en\/productos\/kitchen-faucets\/","og_site_name":"GME DIVISI\u00d3N BA\u00d1OS","article_publisher":"https:\/\/www.facebook.com\/gmedivision\/?fref=ts","twitter_card":"summary_large_image","twitter_misc":{"Est. reading time":"1 minute"},"schema":{"@context":"https:\/\/schema.org","@graph":[{"@type":"WebPage","@id":"https:\/\/gmelorente.com\/en\/productos\/kitchen-faucets\/","url":"https:\/\/gmelorente.com\/en\/productos\/kitchen-faucets\/","name":"Quality kitchen faucets IO\u00ae by GME - GME Mamparas y Ba\u00f1o","isPartOf":{"@id":"https:\/\/gmelorente.com\/#website"},"datePublished":"2024-04-15T11:01:36+00:00","description":"Quality kitchen fittings from GME. Washbasin, bidet, bathtub and shower taps. Fountains and showers. Sprinklers and built-in fittings. All with 3 year guarantee.","breadcrumb":{"@id":"https:\/\/gmelorente.com\/en\/productos\/kitchen-faucets\/#breadcrumb"},"inLanguage":"en-US","potentialAction":[{"@type":"ReadAction","target":["https:\/\/gmelorente.com\/en\/productos\/kitchen-faucets\/"]}]},{"@type":"BreadcrumbList","@id":"https:\/\/gmelorente.com\/en\/productos\/kitchen-faucets\/#breadcrumb","itemListElement":[{"@type":"ListItem","position":1,"name":"Home","item":"https:\/\/gmelorente.com\/en\/"},{"@type":"ListItem","position":2,"name":"Products","item":"https:\/\/gmelorente.com\/en\/productos\/"},{"@type":"ListItem","position":3,"name":"Kitchen faucets"}]},{"@type":"WebSite","@id":"https:\/\/gmelorente.com\/#website","url":"https:\/\/gmelorente.com\/","name":"GME DIVISI\u00d3N BA\u00d1OS","description":"Mamparas de ducha y mucho m\u00e1s","publisher":{"@id":"https:\/\/gmelorente.com\/#organization"},"potentialAction":[{"@type":"SearchAction","target":{"@type":"EntryPoint","urlTemplate":"https:\/\/gmelorente.com\/?s={search_term_string}"},"query-input":{"@type":"PropertyValueSpecification","valueRequired":true,"valueName":"search_term_string"}}],"inLanguage":"en-US"},{"@type":"Organization","@id":"https:\/\/gmelorente.com\/#organization","name":"GME DIVISI\u00d3N BA\u00d1OS S.L.","url":"https:\/\/gmelorente.com\/","logo":{"@type":"ImageObject","inLanguage":"en-US","@id":"https:\/\/gmelorente.com\/#\/schema\/logo\/image\/","url":"https:\/\/gmelorente.com\/wp-content\/uploads\/logo-gme-azul.jpg","contentUrl":"https:\/\/gmelorente.com\/wp-content\/uploads\/logo-gme-azul.jpg","width":810,"height":298,"caption":"GME DIVISI\u00d3N BA\u00d1OS S.L."},"image":{"@id":"https:\/\/gmelorente.com\/#\/schema\/logo\/image\/"},"sameAs":["https:\/\/www.facebook.com\/gmedivision\/?fref=ts","https:\/\/es.pinterest.com\/gmedivision\/?eq=gme&amp;etslf=14997"]}]}},"_links":{"self":[{"href":"https:\/\/gmelorente.com\/en\/wp-json\/wp\/v2\/pages\/84057","targetHints":{"allow":["GET"]}}],"collection":[{"href":"https:\/\/gmelorente.com\/en\/wp-json\/wp\/v2\/pages"}],"about":[{"href":"https:\/\/gmelorente.com\/en\/wp-json\/wp\/v2\/types\/page"}],"author":[{"embeddable":true,"href":"https:\/\/gmelorente.com\/en\/wp-json\/wp\/v2\/users\/1"}],"replies":[{"embeddable":true,"href":"https:\/\/gmelorente.com\/en\/wp-json\/wp\/v2\/comments?post=84057"}],"version-history":[{"count":2,"href":"https:\/\/gmelorente.com\/en\/wp-json\/wp\/v2\/pages\/84057\/revisions"}],"predecessor-version":[{"id":84059,"href":"https:\/\/gmelorente.com\/en\/wp-json\/wp\/v2\/pages\/84057\/revisions\/84059"}],"up":[{"embeddable":true,"href":"https:\/\/gmelorente.com\/en\/wp-json\/wp\/v2\/pages\/43077"}],"wp:attachment":[{"href":"https:\/\/gmelorente.com\/en\/wp-json\/wp\/v2\/media?parent=84057"}],"curies":[{"name":"wp","href":"https:\/\/api.w.org\/{rel}","templated":true}]}}