{"id":43013,"date":"2015-11-04T03:12:02","date_gmt":"2015-11-04T01:12:02","guid":{"rendered":"https:\/\/gmelorente.com\/fr\/asesor-virtual\/mamparas-de-ducha\/cristales-fijos\/"},"modified":"2016-02-10T15:13:21","modified_gmt":"2016-02-10T14:13:21","slug":"cristales-fijos","status":"publish","type":"page","link":"https:\/\/gmelorente.com\/fr\/asesor-virtual\/mamparas-de-ducha\/cristales-fijos\/","title":{"rendered":"Verre fixe"},"content":{"rendered":"<p>[vc_row][vc_column]<div class=\"dt-shortcode with-isotope\"><div class=\"wf-container dt-portfolio-shortcode loading-effect-none iso-grid bg-under-post description-under-image content-align-left\" data-padding=\"20px\" data-cur-page=\"1\" data-posts-per-page=\"-1\" data-width=\"0px\" data-columns=\"4\">\n<div class=\"wf-cell category-207 category-208 category-209 category-200 category-173 category-186 category-201\" data-post-id=\"42977\" data-date=\"2015-10-26T18:47:40+01:00\" data-name=\"SERIE BASIC\">\n<article class=\"post post-42977 dt_portfolio type-dt_portfolio status-publish has-post-thumbnail hentry dt_portfolio_category-1f1c-fr dt_portfolio_category-2f2c-fr dt_portfolio_category-correderas-fr dt_portfolio_category-cristales-fijos-fr dt_portfolio_category-destacado-fr dt_portfolio_category-mamparas-fr dt_portfolio_category-mamparas-para-ducha-fr dt_portfolio_category-207 dt_portfolio_category-208 dt_portfolio_category-209 dt_portfolio_category-200 dt_portfolio_category-173 dt_portfolio_category-186 dt_portfolio_category-201 bg-on\">\n\n\t<div class=\"project-list-media\">\n\t<figure class=\"buttons-on-img forward-post\">\n\t\t<a href=\"https:\/\/gmelorente.com\/fr\/producto\/serie-basic-2\/\" class=\"alignnone rollover layzr-bg\" title=\"FRONTAL BASIC + LAT. FIJO, pag. 61 del cat\u00e1logo\"  aria-label=\"Post image\"><img fetchpriority=\"high\" decoding=\"async\" class=\"preload-me iso-lazy-load aspect\" src=\"data:image\/svg+xml,%3Csvg%20xmlns%3D&#39;http%3A%2F%2Fwww.w3.org%2F2000%2Fsvg&#39;%20viewBox%3D&#39;0%200%20714%20714&#39;%2F%3E\" data-src=\"https:\/\/gmelorente.com\/wp-content\/uploads\/GME_BASIC_LAT-FIJO-714x714.jpg\" data-srcset=\"https:\/\/gmelorente.com\/wp-content\/uploads\/GME_BASIC_LAT-FIJO-714x714.jpg 714w\" loading=\"eager\" style=\"--ratio: 714 \/ 714\" sizes=\"(max-width: 714px) 100vw, 714px\" alt=\"\" width=\"714\" height=\"714\"  \/><\/a>\t\t\t<\/figure>\n<\/div>\n<div class=\"project-list-content\">\n\t<h3 class=\"entry-title\"><a href=\"https:\/\/gmelorente.com\/fr\/producto\/serie-basic-2\/\" title=\"SERIE BASIC\" rel=\"bookmark\">SERIE BASIC<\/a><\/h3><p>Pare-baignoire en aluminium avec verre de 6 mm. Avant-garde pour les parois en aluminium.<\/p>\n<\/div>\n<\/article>\n\n<\/div>\n<div class=\"wf-cell category-207 category-208 category-209 category-200 category-173 category-186 category-201\" data-post-id=\"64732\" data-date=\"2021-01-28T09:41:02+01:00\" data-name=\"SERIE BASIC COULEUR\">\n<article class=\"post post-64732 dt_portfolio type-dt_portfolio status-publish has-post-thumbnail hentry dt_portfolio_category-1f1c-fr dt_portfolio_category-2f2c-fr dt_portfolio_category-correderas-fr dt_portfolio_category-cristales-fijos-fr dt_portfolio_category-destacado-fr dt_portfolio_category-mamparas-fr dt_portfolio_category-mamparas-para-ducha-fr dt_portfolio_category-207 dt_portfolio_category-208 dt_portfolio_category-209 dt_portfolio_category-200 dt_portfolio_category-173 dt_portfolio_category-186 dt_portfolio_category-201 bg-on\">\n\n\t<div class=\"project-list-media\">\n\t<figure class=\"buttons-on-img forward-post\">\n\t\t<a href=\"https:\/\/gmelorente.com\/fr\/producto\/serie-basic-perfiles-blanco-y-negro-mate\/\" class=\"alignnone rollover layzr-bg\" title=\"BASIC-LAT-FIJO-NEGRO\"  aria-label=\"Post image\"><img decoding=\"async\" class=\"preload-me iso-lazy-load aspect\" src=\"data:image\/svg+xml,%3Csvg%20xmlns%3D&#39;http%3A%2F%2Fwww.w3.org%2F2000%2Fsvg&#39;%20viewBox%3D&#39;0%200%20638%20638&#39;%2F%3E\" data-src=\"https:\/\/gmelorente.com\/wp-content\/uploads\/BASIC-LAT-FIJO-NEGRO-1-638x638.jpg\" data-srcset=\"https:\/\/gmelorente.com\/wp-content\/uploads\/BASIC-LAT-FIJO-NEGRO-1-638x638.jpg 638w\" loading=\"eager\" style=\"--ratio: 638 \/ 638\" sizes=\"(max-width: 638px) 100vw, 638px\" alt=\"\" width=\"638\" height=\"638\"  \/><\/a>\t\t\t<\/figure>\n<\/div>\n<div class=\"project-list-content\">\n\t<h3 class=\"entry-title\"><a href=\"https:\/\/gmelorente.com\/fr\/producto\/serie-basic-perfiles-blanco-y-negro-mate\/\" title=\"SERIE BASIC COULEUR\" rel=\"bookmark\">SERIE BASIC COULEUR<\/a><\/h3><p>5 couleurs diff\u00e9rentes pour tous les go\u00fbts: chrom\u00e9, noir, blanc, blanc\/chrom\u00e9 et titane.<\/p>\n<\/div>\n<\/article>\n\n<\/div>\n<div class=\"wf-cell category-200 category-186 category-201\" data-post-id=\"42953\" data-date=\"2015-10-26T19:39:05+01:00\" data-name=\"SERIE SCREEN\">\n<article class=\"post post-42953 dt_portfolio type-dt_portfolio status-publish has-post-thumbnail hentry dt_portfolio_category-cristales-fijos-fr dt_portfolio_category-mamparas-fr dt_portfolio_category-mamparas-para-ducha-fr dt_portfolio_category-200 dt_portfolio_category-186 dt_portfolio_category-201 bg-on\">\n\n\t<div class=\"project-list-media\">\n\t<figure class=\"buttons-on-img forward-post\">\n\t\t<a href=\"https:\/\/gmelorente.com\/fr\/producto\/serie-screen\/\" class=\"alignnone rollover layzr-bg\" title=\"CRISTAL FIJO SCREEN 8mm - pag. 149 del cat\u00e1logo\"  aria-label=\"Post image\"><img decoding=\"async\" class=\"preload-me iso-lazy-load aspect\" src=\"data:image\/svg+xml,%3Csvg%20xmlns%3D&#39;http%3A%2F%2Fwww.w3.org%2F2000%2Fsvg&#39;%20viewBox%3D&#39;0%200%20756%20756&#39;%2F%3E\" data-src=\"https:\/\/gmelorente.com\/wp-content\/uploads\/SCREEN-756x756.jpg\" data-srcset=\"https:\/\/gmelorente.com\/wp-content\/uploads\/SCREEN-756x756.jpg 756w\" loading=\"eager\" style=\"--ratio: 756 \/ 756\" sizes=\"(max-width: 756px) 100vw, 756px\" alt=\"\" width=\"756\" height=\"756\"  \/><\/a>\t\t\t<\/figure>\n<\/div>\n<div class=\"project-list-content\">\n\t<h3 class=\"entry-title\"><a href=\"https:\/\/gmelorente.com\/fr\/producto\/serie-screen\/\" title=\"SERIE SCREEN\" rel=\"bookmark\">SERIE SCREEN<\/a><\/h3><p>Programme de verre fixe de 8 mm avec structure minimaliste en aluminium et bras extensibles en acier inoxydable.  Le design ne doit pas \u00eatre compliqu\u00e9.<\/p>\n<\/div>\n<\/article>\n\n<\/div>\n<div class=\"wf-cell category-200 category-173 category-186 category-201\" data-post-id=\"64503\" data-date=\"2021-02-01T10:16:02+01:00\" data-name=\"SERIE SCREEN BLACK CHESS\">\n<article class=\"post post-64503 dt_portfolio type-dt_portfolio status-publish has-post-thumbnail hentry dt_portfolio_category-cristales-fijos-fr dt_portfolio_category-destacado-fr dt_portfolio_category-mamparas-fr dt_portfolio_category-mamparas-para-ducha-fr dt_portfolio_category-200 dt_portfolio_category-173 dt_portfolio_category-186 dt_portfolio_category-201 bg-on\">\n\n\t<div class=\"project-list-media\">\n\t<figure class=\"buttons-on-img forward-post\">\n\t\t<a href=\"https:\/\/gmelorente.com\/fr\/producto\/screen-black-chess-fijos-decorados-en-negro\/\" class=\"alignnone rollover layzr-bg\" title=\"screen-black-chess-angular\"  aria-label=\"Post image\"><img decoding=\"async\" class=\"preload-me iso-lazy-load aspect\" src=\"data:image\/svg+xml,%3Csvg%20xmlns%3D&#39;http%3A%2F%2Fwww.w3.org%2F2000%2Fsvg&#39;%20viewBox%3D&#39;0%200%20700%20700&#39;%2F%3E\" data-src=\"https:\/\/gmelorente.com\/wp-content\/uploads\/screen-black-chess-angular.jpg\" data-srcset=\"https:\/\/gmelorente.com\/wp-content\/uploads\/screen-black-chess-angular.jpg 700w\" loading=\"eager\" style=\"--ratio: 700 \/ 700\" sizes=\"(max-width: 700px) 100vw, 700px\" alt=\"\" width=\"700\" height=\"700\"  \/><\/a>\t\t\t<\/figure>\n<\/div>\n<div class=\"project-list-content\">\n\t<h3 class=\"entry-title\"><a href=\"https:\/\/gmelorente.com\/fr\/producto\/screen-black-chess-fijos-decorados-en-negro\/\" title=\"SERIE SCREEN BLACK CHESS\" rel=\"bookmark\">SERIE SCREEN BLACK CHESS<\/a><\/h3><p>Programme de verres fixes de 8 mm avec structure minimaliste en aluminium noir suivant les tendances du march\u00e9.<\/p>\n<\/div>\n<\/article>\n\n<\/div><\/div><\/div>[\/vc_column][\/vc_row]<\/p>\n","protected":false},"excerpt":{"rendered":"<p>[vc_row][vc_column][\/vc_column][\/vc_row]<\/p>\n","protected":false},"author":1,"featured_media":0,"parent":43004,"menu_order":0,"comment_status":"closed","ping_status":"closed","template":"","meta":{"footnotes":""},"class_list":["post-43013","page","type-page","status-publish","hentry","description-off"],"yoast_head":"<!-- This site is optimized with the Yoast SEO plugin v27.4 - https:\/\/yoast.com\/product\/yoast-seo-wordpress\/ -->\n<title>Fabricante mamparas cristales fijos de 8 mm - GME<\/title>\n<meta name=\"description\" content=\"Fabricante mamparas cristales fijos de 8 mm a medida. Cristal templado con posibilidad de elecci\u00f3n transparente, decorado o fum\u00e9. Plazo de entrega medio 48 horas.\" \/>\n<meta name=\"robots\" content=\"index, follow, max-snippet:-1, max-image-preview:large, max-video-preview:-1\" \/>\n<link rel=\"canonical\" href=\"https:\/\/gmelorente.com\/fr\/asesor-virtual\/mamparas-de-ducha\/cristales-fijos\/\" \/>\n<meta property=\"og:locale\" content=\"fr_FR\" \/>\n<meta property=\"og:type\" content=\"article\" \/>\n<meta property=\"og:title\" content=\"Fabricante mamparas cristales fijos de 8 mm - GME\" \/>\n<meta property=\"og:description\" content=\"Fabricante mamparas cristales fijos de 8 mm a medida. Cristal templado con posibilidad de elecci\u00f3n transparente, decorado o fum\u00e9. Plazo de entrega medio 48 horas.\" \/>\n<meta property=\"og:url\" content=\"https:\/\/gmelorente.com\/fr\/asesor-virtual\/mamparas-de-ducha\/cristales-fijos\/\" \/>\n<meta property=\"og:site_name\" content=\"GME DIVISI\u00d3N BA\u00d1OS\" \/>\n<meta property=\"article:publisher\" content=\"https:\/\/www.facebook.com\/gmedivision\/?fref=ts\" \/>\n<meta property=\"article:modified_time\" content=\"2016-02-10T14:13:21+00:00\" \/>\n<meta name=\"twitter:card\" content=\"summary_large_image\" \/>\n<script type=\"application\/ld+json\" class=\"yoast-schema-graph\">{\"@context\":\"https:\\\/\\\/schema.org\",\"@graph\":[{\"@type\":\"WebPage\",\"@id\":\"https:\\\/\\\/gmelorente.com\\\/fr\\\/asesor-virtual\\\/mamparas-de-ducha\\\/cristales-fijos\\\/\",\"url\":\"https:\\\/\\\/gmelorente.com\\\/fr\\\/asesor-virtual\\\/mamparas-de-ducha\\\/cristales-fijos\\\/\",\"name\":\"Fabricante mamparas cristales fijos de 8 mm - GME\",\"isPartOf\":{\"@id\":\"https:\\\/\\\/gmelorente.com\\\/#website\"},\"datePublished\":\"2015-11-04T01:12:02+00:00\",\"dateModified\":\"2016-02-10T14:13:21+00:00\",\"description\":\"Fabricante mamparas cristales fijos de 8 mm a medida. Cristal templado con posibilidad de elecci\u00f3n transparente, decorado o fum\u00e9. Plazo de entrega medio 48 horas.\",\"breadcrumb\":{\"@id\":\"https:\\\/\\\/gmelorente.com\\\/fr\\\/asesor-virtual\\\/mamparas-de-ducha\\\/cristales-fijos\\\/#breadcrumb\"},\"inLanguage\":\"fr-FR\",\"potentialAction\":[{\"@type\":\"ReadAction\",\"target\":[\"https:\\\/\\\/gmelorente.com\\\/fr\\\/asesor-virtual\\\/mamparas-de-ducha\\\/cristales-fijos\\\/\"]}]},{\"@type\":\"BreadcrumbList\",\"@id\":\"https:\\\/\\\/gmelorente.com\\\/fr\\\/asesor-virtual\\\/mamparas-de-ducha\\\/cristales-fijos\\\/#breadcrumb\",\"itemListElement\":[{\"@type\":\"ListItem\",\"position\":1,\"name\":\"Home\",\"item\":\"https:\\\/\\\/gmelorente.com\\\/fr\\\/\"},{\"@type\":\"ListItem\",\"position\":2,\"name\":\"Conseiller virtuel\",\"item\":\"https:\\\/\\\/gmelorente.com\\\/fr\\\/asesor-virtual\\\/\"},{\"@type\":\"ListItem\",\"position\":3,\"name\":\"Paroi de douche\",\"item\":\"https:\\\/\\\/gmelorente.com\\\/fr\\\/asesor-virtual\\\/mamparas-de-ducha\\\/\"},{\"@type\":\"ListItem\",\"position\":4,\"name\":\"Verre fixe\"}]},{\"@type\":\"WebSite\",\"@id\":\"https:\\\/\\\/gmelorente.com\\\/#website\",\"url\":\"https:\\\/\\\/gmelorente.com\\\/\",\"name\":\"GME DIVISI\u00d3N BA\u00d1OS\",\"description\":\"Mamparas de ducha y mucho m\u00e1s\",\"publisher\":{\"@id\":\"https:\\\/\\\/gmelorente.com\\\/#organization\"},\"potentialAction\":[{\"@type\":\"SearchAction\",\"target\":{\"@type\":\"EntryPoint\",\"urlTemplate\":\"https:\\\/\\\/gmelorente.com\\\/?s={search_term_string}\"},\"query-input\":{\"@type\":\"PropertyValueSpecification\",\"valueRequired\":true,\"valueName\":\"search_term_string\"}}],\"inLanguage\":\"fr-FR\"},{\"@type\":\"Organization\",\"@id\":\"https:\\\/\\\/gmelorente.com\\\/#organization\",\"name\":\"GME DIVISI\u00d3N BA\u00d1OS S.L.\",\"url\":\"https:\\\/\\\/gmelorente.com\\\/\",\"logo\":{\"@type\":\"ImageObject\",\"inLanguage\":\"fr-FR\",\"@id\":\"https:\\\/\\\/gmelorente.com\\\/#\\\/schema\\\/logo\\\/image\\\/\",\"url\":\"https:\\\/\\\/gmelorente.com\\\/wp-content\\\/uploads\\\/logo-gme-azul.jpg\",\"contentUrl\":\"https:\\\/\\\/gmelorente.com\\\/wp-content\\\/uploads\\\/logo-gme-azul.jpg\",\"width\":810,\"height\":298,\"caption\":\"GME DIVISI\u00d3N BA\u00d1OS S.L.\"},\"image\":{\"@id\":\"https:\\\/\\\/gmelorente.com\\\/#\\\/schema\\\/logo\\\/image\\\/\"},\"sameAs\":[\"https:\\\/\\\/www.facebook.com\\\/gmedivision\\\/?fref=ts\",\"https:\\\/\\\/es.pinterest.com\\\/gmedivision\\\/?eq=gme&amp;etslf=14997\"]}]}<\/script>\n<!-- \/ Yoast SEO plugin. -->","yoast_head_json":{"title":"Fabricante mamparas cristales fijos de 8 mm - GME","description":"Fabricante mamparas cristales fijos de 8 mm a medida. Cristal templado con posibilidad de elecci\u00f3n transparente, decorado o fum\u00e9. Plazo de entrega medio 48 horas.","robots":{"index":"index","follow":"follow","max-snippet":"max-snippet:-1","max-image-preview":"max-image-preview:large","max-video-preview":"max-video-preview:-1"},"canonical":"https:\/\/gmelorente.com\/fr\/asesor-virtual\/mamparas-de-ducha\/cristales-fijos\/","og_locale":"fr_FR","og_type":"article","og_title":"Fabricante mamparas cristales fijos de 8 mm - GME","og_description":"Fabricante mamparas cristales fijos de 8 mm a medida. Cristal templado con posibilidad de elecci\u00f3n transparente, decorado o fum\u00e9. Plazo de entrega medio 48 horas.","og_url":"https:\/\/gmelorente.com\/fr\/asesor-virtual\/mamparas-de-ducha\/cristales-fijos\/","og_site_name":"GME DIVISI\u00d3N BA\u00d1OS","article_publisher":"https:\/\/www.facebook.com\/gmedivision\/?fref=ts","article_modified_time":"2016-02-10T14:13:21+00:00","twitter_card":"summary_large_image","schema":{"@context":"https:\/\/schema.org","@graph":[{"@type":"WebPage","@id":"https:\/\/gmelorente.com\/fr\/asesor-virtual\/mamparas-de-ducha\/cristales-fijos\/","url":"https:\/\/gmelorente.com\/fr\/asesor-virtual\/mamparas-de-ducha\/cristales-fijos\/","name":"Fabricante mamparas cristales fijos de 8 mm - GME","isPartOf":{"@id":"https:\/\/gmelorente.com\/#website"},"datePublished":"2015-11-04T01:12:02+00:00","dateModified":"2016-02-10T14:13:21+00:00","description":"Fabricante mamparas cristales fijos de 8 mm a medida. Cristal templado con posibilidad de elecci\u00f3n transparente, decorado o fum\u00e9. Plazo de entrega medio 48 horas.","breadcrumb":{"@id":"https:\/\/gmelorente.com\/fr\/asesor-virtual\/mamparas-de-ducha\/cristales-fijos\/#breadcrumb"},"inLanguage":"fr-FR","potentialAction":[{"@type":"ReadAction","target":["https:\/\/gmelorente.com\/fr\/asesor-virtual\/mamparas-de-ducha\/cristales-fijos\/"]}]},{"@type":"BreadcrumbList","@id":"https:\/\/gmelorente.com\/fr\/asesor-virtual\/mamparas-de-ducha\/cristales-fijos\/#breadcrumb","itemListElement":[{"@type":"ListItem","position":1,"name":"Home","item":"https:\/\/gmelorente.com\/fr\/"},{"@type":"ListItem","position":2,"name":"Conseiller virtuel","item":"https:\/\/gmelorente.com\/fr\/asesor-virtual\/"},{"@type":"ListItem","position":3,"name":"Paroi de douche","item":"https:\/\/gmelorente.com\/fr\/asesor-virtual\/mamparas-de-ducha\/"},{"@type":"ListItem","position":4,"name":"Verre fixe"}]},{"@type":"WebSite","@id":"https:\/\/gmelorente.com\/#website","url":"https:\/\/gmelorente.com\/","name":"GME DIVISI\u00d3N BA\u00d1OS","description":"Mamparas de ducha y mucho m\u00e1s","publisher":{"@id":"https:\/\/gmelorente.com\/#organization"},"potentialAction":[{"@type":"SearchAction","target":{"@type":"EntryPoint","urlTemplate":"https:\/\/gmelorente.com\/?s={search_term_string}"},"query-input":{"@type":"PropertyValueSpecification","valueRequired":true,"valueName":"search_term_string"}}],"inLanguage":"fr-FR"},{"@type":"Organization","@id":"https:\/\/gmelorente.com\/#organization","name":"GME DIVISI\u00d3N BA\u00d1OS S.L.","url":"https:\/\/gmelorente.com\/","logo":{"@type":"ImageObject","inLanguage":"fr-FR","@id":"https:\/\/gmelorente.com\/#\/schema\/logo\/image\/","url":"https:\/\/gmelorente.com\/wp-content\/uploads\/logo-gme-azul.jpg","contentUrl":"https:\/\/gmelorente.com\/wp-content\/uploads\/logo-gme-azul.jpg","width":810,"height":298,"caption":"GME DIVISI\u00d3N BA\u00d1OS S.L."},"image":{"@id":"https:\/\/gmelorente.com\/#\/schema\/logo\/image\/"},"sameAs":["https:\/\/www.facebook.com\/gmedivision\/?fref=ts","https:\/\/es.pinterest.com\/gmedivision\/?eq=gme&amp;etslf=14997"]}]}},"_links":{"self":[{"href":"https:\/\/gmelorente.com\/fr\/wp-json\/wp\/v2\/pages\/43013","targetHints":{"allow":["GET"]}}],"collection":[{"href":"https:\/\/gmelorente.com\/fr\/wp-json\/wp\/v2\/pages"}],"about":[{"href":"https:\/\/gmelorente.com\/fr\/wp-json\/wp\/v2\/types\/page"}],"author":[{"embeddable":true,"href":"https:\/\/gmelorente.com\/fr\/wp-json\/wp\/v2\/users\/1"}],"replies":[{"embeddable":true,"href":"https:\/\/gmelorente.com\/fr\/wp-json\/wp\/v2\/comments?post=43013"}],"version-history":[{"count":0,"href":"https:\/\/gmelorente.com\/fr\/wp-json\/wp\/v2\/pages\/43013\/revisions"}],"up":[{"embeddable":true,"href":"https:\/\/gmelorente.com\/fr\/wp-json\/wp\/v2\/pages\/43004"}],"wp:attachment":[{"href":"https:\/\/gmelorente.com\/fr\/wp-json\/wp\/v2\/media?parent=43013"}],"curies":[{"name":"wp","href":"https:\/\/api.w.org\/{rel}","templated":true}]}}