{"id":43019,"date":"2015-11-04T03:10:11","date_gmt":"2015-11-04T01:10:11","guid":{"rendered":"https:\/\/gmelorente.com\/fr\/asesor-virtual\/mamparas-de-ducha\/frontales-de-ducha\/"},"modified":"2016-02-14T20:55:50","modified_gmt":"2016-02-14T19:55:50","slug":"frontales-de-ducha","status":"publish","type":"page","link":"https:\/\/gmelorente.com\/fr\/asesor-virtual\/mamparas-de-ducha\/frontales-de-ducha\/","title":{"rendered":"Porte de douche"},"content":{"rendered":"<p>[vc_row][vc_column css=\u00a0\u00bb.vc_custom_1440689072377{margin-bottom: 30px !important;}\u00a0\u00bb][vc_column_text]<\/p>\n<h3 style=\"text-align: center;\">De quel type de portes avez-vous besoin sur votre front de douche?<\/h3>\n<p>[\/vc_column_text][\/vc_column][\/vc_row][vc_row][vc_column width=\u00a0\u00bb1\/3&Prime;][vc_column_text]<a href=\"https:\/\/gmelorente.com\/fr\/asesor-virtual\/mamparas-de-ducha\/frontales-de-ducha\/puertas-correderas\/\"><img loading=\"lazy\" decoding=\"async\" class=\"aligncenter size-full wp-image-38262\" src=\"https:\/\/gmelorente.com\/wp-content\/uploads\/asesor-mamparas-ducha-frontal-corredera.jpg\" alt=\"asesor-mamparas-ducha-frontal-corredera\" width=\"400\" height=\"500\" srcset=\"https:\/\/gmelorente.com\/wp-content\/uploads\/asesor-mamparas-ducha-frontal-corredera.jpg 400w, https:\/\/gmelorente.com\/wp-content\/uploads\/asesor-mamparas-ducha-frontal-corredera-240x300.jpg 240w, https:\/\/gmelorente.com\/wp-content\/uploads\/asesor-mamparas-ducha-frontal-corredera-16x20.jpg 16w\" sizes=\"auto, (max-width: 400px) 100vw, 400px\" \/><br \/>\n<\/a><\/p>\n<h3 style=\"text-align: center;\">Portes coulissantes<\/h3>\n<p>[\/vc_column_text][\/vc_column][vc_column width=\u00a0\u00bb1\/3&Prime;][vc_column_text]<a href=\"https:\/\/gmelorente.com\/fr\/asesor-virtual\/mamparas-de-ducha\/frontales-de-ducha\/puertas-abatibles\/\"><img loading=\"lazy\" decoding=\"async\" class=\"aligncenter size-full wp-image-38263\" src=\"https:\/\/gmelorente.com\/wp-content\/uploads\/asesor-mamparas-ducha-frontal-abatible.jpg\" alt=\"asesor-mamparas-ducha-frontal-abatible\" width=\"400\" height=\"500\" srcset=\"https:\/\/gmelorente.com\/wp-content\/uploads\/asesor-mamparas-ducha-frontal-abatible.jpg 400w, https:\/\/gmelorente.com\/wp-content\/uploads\/asesor-mamparas-ducha-frontal-abatible-240x300.jpg 240w, https:\/\/gmelorente.com\/wp-content\/uploads\/asesor-mamparas-ducha-frontal-abatible-16x20.jpg 16w\" sizes=\"auto, (max-width: 400px) 100vw, 400px\" \/><br \/>\n<\/a><\/p>\n<h3 style=\"text-align: center;\">Portes battantes<\/h3>\n<p>[\/vc_column_text][\/vc_column][vc_column width=\u00a0\u00bb1\/3&Prime;][vc_column_text]<a href=\"https:\/\/gmelorente.com\/fr\/producto\/serie-akord\/\"><img loading=\"lazy\" decoding=\"async\" class=\"aligncenter size-full wp-image-38264\" src=\"https:\/\/gmelorente.com\/wp-content\/uploads\/asesor-mamparas-ducha-frontal-plegable.jpg\" alt=\"asesor-mamparas-ducha-frontal-plegable\" width=\"400\" height=\"500\" srcset=\"https:\/\/gmelorente.com\/wp-content\/uploads\/asesor-mamparas-ducha-frontal-plegable.jpg 400w, https:\/\/gmelorente.com\/wp-content\/uploads\/asesor-mamparas-ducha-frontal-plegable-240x300.jpg 240w, https:\/\/gmelorente.com\/wp-content\/uploads\/asesor-mamparas-ducha-frontal-plegable-16x20.jpg 16w\" sizes=\"auto, (max-width: 400px) 100vw, 400px\" \/><br \/>\n<\/a><\/p>\n<h3 style=\"text-align: center;\">Portes pliantes<\/h3>\n<p>[\/vc_column_text][\/vc_column][\/vc_row]<\/p>\n","protected":false},"excerpt":{"rendered":"<p>[vc_row][vc_column css=\u00a0\u00bb.vc_custom_1440689072377{margin-bottom: 30px !important;}\u00a0\u00bb][vc_column_text] De quel type de portes avez-vous besoin sur votre front de douche? [\/vc_column_text][\/vc_column][\/vc_row][vc_row][vc_column width=\u00a0\u00bb1\/3&Prime;][vc_column_text] Portes coulissantes [\/vc_column_text][\/vc_column][vc_column width=\u00a0\u00bb1\/3&Prime;][vc_column_text] Portes battantes [\/vc_column_text][\/vc_column][vc_column width=\u00a0\u00bb1\/3&Prime;][vc_column_text] Portes pliantes [\/vc_column_text][\/vc_column][\/vc_row]<\/p>\n","protected":false},"author":1,"featured_media":0,"parent":43004,"menu_order":0,"comment_status":"closed","ping_status":"closed","template":"","meta":{"footnotes":""},"class_list":["post-43019","page","type-page","status-publish","hentry","description-off"],"yoast_head":"<!-- This site is optimized with the Yoast SEO plugin v27.4 - https:\/\/yoast.com\/product\/yoast-seo-wordpress\/ -->\n<title>Selecciona\u00a0frontales de ducha con\u00a0puertas cristal - GME<\/title>\n<meta name=\"description\" content=\"Fabricante de\u00a0frontales de ducha con puertas cristal a medida. Hojas correderas, abatibles o plegables.\u00a0Montaje mampara f\u00e1cil. Garant\u00eda de 3 a\u00f1os.\" \/>\n<meta name=\"robots\" content=\"index, follow, max-snippet:-1, max-image-preview:large, max-video-preview:-1\" \/>\n<link rel=\"canonical\" href=\"https:\/\/gmelorente.com\/fr\/asesor-virtual\/mamparas-de-ducha\/frontales-de-ducha\/\" \/>\n<meta property=\"og:locale\" content=\"fr_FR\" \/>\n<meta property=\"og:type\" content=\"article\" \/>\n<meta property=\"og:title\" content=\"Selecciona\u00a0frontales de ducha con\u00a0puertas cristal - GME\" \/>\n<meta property=\"og:description\" content=\"Fabricante de\u00a0frontales de ducha con puertas cristal a medida. Hojas correderas, abatibles o plegables.\u00a0Montaje mampara f\u00e1cil. Garant\u00eda de 3 a\u00f1os.\" \/>\n<meta property=\"og:url\" content=\"https:\/\/gmelorente.com\/fr\/asesor-virtual\/mamparas-de-ducha\/frontales-de-ducha\/\" \/>\n<meta property=\"og:site_name\" content=\"GME DIVISI\u00d3N BA\u00d1OS\" \/>\n<meta property=\"article:publisher\" content=\"https:\/\/www.facebook.com\/gmedivision\/?fref=ts\" \/>\n<meta property=\"article:modified_time\" content=\"2016-02-14T19:55:50+00:00\" \/>\n<meta property=\"og:image\" content=\"https:\/\/gmelorente.com\/wp-content\/uploads\/asesor-mamparas-ducha-frontal-corredera.jpg\" \/>\n<meta name=\"twitter:card\" content=\"summary_large_image\" \/>\n<script type=\"application\/ld+json\" class=\"yoast-schema-graph\">{\"@context\":\"https:\\\/\\\/schema.org\",\"@graph\":[{\"@type\":\"WebPage\",\"@id\":\"https:\\\/\\\/gmelorente.com\\\/fr\\\/asesor-virtual\\\/mamparas-de-ducha\\\/frontales-de-ducha\\\/\",\"url\":\"https:\\\/\\\/gmelorente.com\\\/fr\\\/asesor-virtual\\\/mamparas-de-ducha\\\/frontales-de-ducha\\\/\",\"name\":\"Selecciona\u00a0frontales de ducha con\u00a0puertas cristal - GME\",\"isPartOf\":{\"@id\":\"https:\\\/\\\/gmelorente.com\\\/#website\"},\"primaryImageOfPage\":{\"@id\":\"https:\\\/\\\/gmelorente.com\\\/fr\\\/asesor-virtual\\\/mamparas-de-ducha\\\/frontales-de-ducha\\\/#primaryimage\"},\"image\":{\"@id\":\"https:\\\/\\\/gmelorente.com\\\/fr\\\/asesor-virtual\\\/mamparas-de-ducha\\\/frontales-de-ducha\\\/#primaryimage\"},\"thumbnailUrl\":\"https:\\\/\\\/gmelorente.com\\\/wp-content\\\/uploads\\\/asesor-mamparas-ducha-frontal-corredera.jpg\",\"datePublished\":\"2015-11-04T01:10:11+00:00\",\"dateModified\":\"2016-02-14T19:55:50+00:00\",\"description\":\"Fabricante de\u00a0frontales de ducha con puertas cristal a medida. Hojas correderas, abatibles o plegables.\u00a0Montaje mampara f\u00e1cil. Garant\u00eda de 3 a\u00f1os.\",\"breadcrumb\":{\"@id\":\"https:\\\/\\\/gmelorente.com\\\/fr\\\/asesor-virtual\\\/mamparas-de-ducha\\\/frontales-de-ducha\\\/#breadcrumb\"},\"inLanguage\":\"fr-FR\",\"potentialAction\":[{\"@type\":\"ReadAction\",\"target\":[\"https:\\\/\\\/gmelorente.com\\\/fr\\\/asesor-virtual\\\/mamparas-de-ducha\\\/frontales-de-ducha\\\/\"]}]},{\"@type\":\"ImageObject\",\"inLanguage\":\"fr-FR\",\"@id\":\"https:\\\/\\\/gmelorente.com\\\/fr\\\/asesor-virtual\\\/mamparas-de-ducha\\\/frontales-de-ducha\\\/#primaryimage\",\"url\":\"https:\\\/\\\/gmelorente.com\\\/wp-content\\\/uploads\\\/asesor-mamparas-ducha-frontal-corredera.jpg\",\"contentUrl\":\"https:\\\/\\\/gmelorente.com\\\/wp-content\\\/uploads\\\/asesor-mamparas-ducha-frontal-corredera.jpg\"},{\"@type\":\"BreadcrumbList\",\"@id\":\"https:\\\/\\\/gmelorente.com\\\/fr\\\/asesor-virtual\\\/mamparas-de-ducha\\\/frontales-de-ducha\\\/#breadcrumb\",\"itemListElement\":[{\"@type\":\"ListItem\",\"position\":1,\"name\":\"Home\",\"item\":\"https:\\\/\\\/gmelorente.com\\\/fr\\\/\"},{\"@type\":\"ListItem\",\"position\":2,\"name\":\"Conseiller virtuel\",\"item\":\"https:\\\/\\\/gmelorente.com\\\/fr\\\/asesor-virtual\\\/\"},{\"@type\":\"ListItem\",\"position\":3,\"name\":\"Paroi de douche\",\"item\":\"https:\\\/\\\/gmelorente.com\\\/fr\\\/asesor-virtual\\\/mamparas-de-ducha\\\/\"},{\"@type\":\"ListItem\",\"position\":4,\"name\":\"Porte de douche\"}]},{\"@type\":\"WebSite\",\"@id\":\"https:\\\/\\\/gmelorente.com\\\/#website\",\"url\":\"https:\\\/\\\/gmelorente.com\\\/\",\"name\":\"GME DIVISI\u00d3N BA\u00d1OS\",\"description\":\"Mamparas de ducha y mucho m\u00e1s\",\"publisher\":{\"@id\":\"https:\\\/\\\/gmelorente.com\\\/#organization\"},\"potentialAction\":[{\"@type\":\"SearchAction\",\"target\":{\"@type\":\"EntryPoint\",\"urlTemplate\":\"https:\\\/\\\/gmelorente.com\\\/?s={search_term_string}\"},\"query-input\":{\"@type\":\"PropertyValueSpecification\",\"valueRequired\":true,\"valueName\":\"search_term_string\"}}],\"inLanguage\":\"fr-FR\"},{\"@type\":\"Organization\",\"@id\":\"https:\\\/\\\/gmelorente.com\\\/#organization\",\"name\":\"GME DIVISI\u00d3N BA\u00d1OS S.L.\",\"url\":\"https:\\\/\\\/gmelorente.com\\\/\",\"logo\":{\"@type\":\"ImageObject\",\"inLanguage\":\"fr-FR\",\"@id\":\"https:\\\/\\\/gmelorente.com\\\/#\\\/schema\\\/logo\\\/image\\\/\",\"url\":\"https:\\\/\\\/gmelorente.com\\\/wp-content\\\/uploads\\\/logo-gme-azul.jpg\",\"contentUrl\":\"https:\\\/\\\/gmelorente.com\\\/wp-content\\\/uploads\\\/logo-gme-azul.jpg\",\"width\":810,\"height\":298,\"caption\":\"GME DIVISI\u00d3N BA\u00d1OS S.L.\"},\"image\":{\"@id\":\"https:\\\/\\\/gmelorente.com\\\/#\\\/schema\\\/logo\\\/image\\\/\"},\"sameAs\":[\"https:\\\/\\\/www.facebook.com\\\/gmedivision\\\/?fref=ts\",\"https:\\\/\\\/es.pinterest.com\\\/gmedivision\\\/?eq=gme&amp;etslf=14997\"]}]}<\/script>\n<!-- \/ Yoast SEO plugin. -->","yoast_head_json":{"title":"Selecciona\u00a0frontales de ducha con\u00a0puertas cristal - GME","description":"Fabricante de\u00a0frontales de ducha con puertas cristal a medida. Hojas correderas, abatibles o plegables.\u00a0Montaje mampara f\u00e1cil. Garant\u00eda de 3 a\u00f1os.","robots":{"index":"index","follow":"follow","max-snippet":"max-snippet:-1","max-image-preview":"max-image-preview:large","max-video-preview":"max-video-preview:-1"},"canonical":"https:\/\/gmelorente.com\/fr\/asesor-virtual\/mamparas-de-ducha\/frontales-de-ducha\/","og_locale":"fr_FR","og_type":"article","og_title":"Selecciona\u00a0frontales de ducha con\u00a0puertas cristal - GME","og_description":"Fabricante de\u00a0frontales de ducha con puertas cristal a medida. Hojas correderas, abatibles o plegables.\u00a0Montaje mampara f\u00e1cil. Garant\u00eda de 3 a\u00f1os.","og_url":"https:\/\/gmelorente.com\/fr\/asesor-virtual\/mamparas-de-ducha\/frontales-de-ducha\/","og_site_name":"GME DIVISI\u00d3N BA\u00d1OS","article_publisher":"https:\/\/www.facebook.com\/gmedivision\/?fref=ts","article_modified_time":"2016-02-14T19:55:50+00:00","og_image":[{"url":"https:\/\/gmelorente.com\/wp-content\/uploads\/asesor-mamparas-ducha-frontal-corredera.jpg","type":"","width":"","height":""}],"twitter_card":"summary_large_image","schema":{"@context":"https:\/\/schema.org","@graph":[{"@type":"WebPage","@id":"https:\/\/gmelorente.com\/fr\/asesor-virtual\/mamparas-de-ducha\/frontales-de-ducha\/","url":"https:\/\/gmelorente.com\/fr\/asesor-virtual\/mamparas-de-ducha\/frontales-de-ducha\/","name":"Selecciona\u00a0frontales de ducha con\u00a0puertas cristal - GME","isPartOf":{"@id":"https:\/\/gmelorente.com\/#website"},"primaryImageOfPage":{"@id":"https:\/\/gmelorente.com\/fr\/asesor-virtual\/mamparas-de-ducha\/frontales-de-ducha\/#primaryimage"},"image":{"@id":"https:\/\/gmelorente.com\/fr\/asesor-virtual\/mamparas-de-ducha\/frontales-de-ducha\/#primaryimage"},"thumbnailUrl":"https:\/\/gmelorente.com\/wp-content\/uploads\/asesor-mamparas-ducha-frontal-corredera.jpg","datePublished":"2015-11-04T01:10:11+00:00","dateModified":"2016-02-14T19:55:50+00:00","description":"Fabricante de\u00a0frontales de ducha con puertas cristal a medida. Hojas correderas, abatibles o plegables.\u00a0Montaje mampara f\u00e1cil. Garant\u00eda de 3 a\u00f1os.","breadcrumb":{"@id":"https:\/\/gmelorente.com\/fr\/asesor-virtual\/mamparas-de-ducha\/frontales-de-ducha\/#breadcrumb"},"inLanguage":"fr-FR","potentialAction":[{"@type":"ReadAction","target":["https:\/\/gmelorente.com\/fr\/asesor-virtual\/mamparas-de-ducha\/frontales-de-ducha\/"]}]},{"@type":"ImageObject","inLanguage":"fr-FR","@id":"https:\/\/gmelorente.com\/fr\/asesor-virtual\/mamparas-de-ducha\/frontales-de-ducha\/#primaryimage","url":"https:\/\/gmelorente.com\/wp-content\/uploads\/asesor-mamparas-ducha-frontal-corredera.jpg","contentUrl":"https:\/\/gmelorente.com\/wp-content\/uploads\/asesor-mamparas-ducha-frontal-corredera.jpg"},{"@type":"BreadcrumbList","@id":"https:\/\/gmelorente.com\/fr\/asesor-virtual\/mamparas-de-ducha\/frontales-de-ducha\/#breadcrumb","itemListElement":[{"@type":"ListItem","position":1,"name":"Home","item":"https:\/\/gmelorente.com\/fr\/"},{"@type":"ListItem","position":2,"name":"Conseiller virtuel","item":"https:\/\/gmelorente.com\/fr\/asesor-virtual\/"},{"@type":"ListItem","position":3,"name":"Paroi de douche","item":"https:\/\/gmelorente.com\/fr\/asesor-virtual\/mamparas-de-ducha\/"},{"@type":"ListItem","position":4,"name":"Porte de douche"}]},{"@type":"WebSite","@id":"https:\/\/gmelorente.com\/#website","url":"https:\/\/gmelorente.com\/","name":"GME DIVISI\u00d3N BA\u00d1OS","description":"Mamparas de ducha y mucho m\u00e1s","publisher":{"@id":"https:\/\/gmelorente.com\/#organization"},"potentialAction":[{"@type":"SearchAction","target":{"@type":"EntryPoint","urlTemplate":"https:\/\/gmelorente.com\/?s={search_term_string}"},"query-input":{"@type":"PropertyValueSpecification","valueRequired":true,"valueName":"search_term_string"}}],"inLanguage":"fr-FR"},{"@type":"Organization","@id":"https:\/\/gmelorente.com\/#organization","name":"GME DIVISI\u00d3N BA\u00d1OS S.L.","url":"https:\/\/gmelorente.com\/","logo":{"@type":"ImageObject","inLanguage":"fr-FR","@id":"https:\/\/gmelorente.com\/#\/schema\/logo\/image\/","url":"https:\/\/gmelorente.com\/wp-content\/uploads\/logo-gme-azul.jpg","contentUrl":"https:\/\/gmelorente.com\/wp-content\/uploads\/logo-gme-azul.jpg","width":810,"height":298,"caption":"GME DIVISI\u00d3N BA\u00d1OS S.L."},"image":{"@id":"https:\/\/gmelorente.com\/#\/schema\/logo\/image\/"},"sameAs":["https:\/\/www.facebook.com\/gmedivision\/?fref=ts","https:\/\/es.pinterest.com\/gmedivision\/?eq=gme&amp;etslf=14997"]}]}},"_links":{"self":[{"href":"https:\/\/gmelorente.com\/fr\/wp-json\/wp\/v2\/pages\/43019","targetHints":{"allow":["GET"]}}],"collection":[{"href":"https:\/\/gmelorente.com\/fr\/wp-json\/wp\/v2\/pages"}],"about":[{"href":"https:\/\/gmelorente.com\/fr\/wp-json\/wp\/v2\/types\/page"}],"author":[{"embeddable":true,"href":"https:\/\/gmelorente.com\/fr\/wp-json\/wp\/v2\/users\/1"}],"replies":[{"embeddable":true,"href":"https:\/\/gmelorente.com\/fr\/wp-json\/wp\/v2\/comments?post=43019"}],"version-history":[{"count":0,"href":"https:\/\/gmelorente.com\/fr\/wp-json\/wp\/v2\/pages\/43019\/revisions"}],"up":[{"embeddable":true,"href":"https:\/\/gmelorente.com\/fr\/wp-json\/wp\/v2\/pages\/43004"}],"wp:attachment":[{"href":"https:\/\/gmelorente.com\/fr\/wp-json\/wp\/v2\/media?parent=43019"}],"curies":[{"name":"wp","href":"https:\/\/api.w.org\/{rel}","templated":true}]}}