{"id":43028,"date":"2015-11-04T03:13:29","date_gmt":"2015-11-04T01:13:29","guid":{"rendered":"https:\/\/gmelorente.com\/fr\/asesor-virtual\/mamparas-de-ducha\/frontales-de-ducha\/puertas-correderas\/"},"modified":"2016-02-14T20:57:26","modified_gmt":"2016-02-14T19:57:26","slug":"puertas-correderas","status":"publish","type":"page","link":"https:\/\/gmelorente.com\/fr\/asesor-virtual\/mamparas-de-ducha\/frontales-de-ducha\/puertas-correderas\/","title":{"rendered":"Portes coulissantes"},"content":{"rendered":"<p>[vc_row][vc_column css=\u00a0\u00bb.vc_custom_1440689072377{margin-bottom: 30px !important;}\u00a0\u00bb][vc_column_text]<\/p>\n<h3 style=\"text-align: center;\">De quel type de front de douche de portes coulissantes avez-vous besoin?<\/h3>\n<p>[\/vc_column_text][\/vc_column][\/vc_row][vc_row][vc_column width=\u00a0\u00bb1\/4&Prime;][vc_column_text]<a href=\"https:\/\/gmelorente.com\/fr\/asesor-virtual\/mamparas-de-ducha\/frontales-de-ducha\/puertas-correderas\/1-fijo-1-corredera\/\"><img loading=\"lazy\" decoding=\"async\" class=\"aligncenter size-full wp-image-38270\" src=\"https:\/\/gmelorente.com\/wp-content\/uploads\/asesor-mamparas-ducha-frontal-corredera-11.jpg\" alt=\"asesor-mamparas-ducha-frontal-corredera-11\" width=\"400\" height=\"500\" srcset=\"https:\/\/gmelorente.com\/wp-content\/uploads\/asesor-mamparas-ducha-frontal-corredera-11.jpg 400w, https:\/\/gmelorente.com\/wp-content\/uploads\/asesor-mamparas-ducha-frontal-corredera-11-240x300.jpg 240w, https:\/\/gmelorente.com\/wp-content\/uploads\/asesor-mamparas-ducha-frontal-corredera-11-16x20.jpg 16w\" sizes=\"auto, (max-width: 400px) 100vw, 400px\" \/><br \/>\n<\/a><\/p>\n<h3 style=\"text-align: center;\">1 Fixe + 1 Coulissante<\/h3>\n<p>[\/vc_column_text][\/vc_column][vc_column width=\u00a0\u00bb1\/4&Prime;][vc_column_text]<a href=\"https:\/\/gmelorente.com\/fr\/asesor-virtual\/mamparas-de-ducha\/frontales-de-ducha\/puertas-correderas\/2-fijos-2-correderas\/\"><img loading=\"lazy\" decoding=\"async\" class=\"aligncenter size-full wp-image-38271\" src=\"https:\/\/gmelorente.com\/wp-content\/uploads\/asesor-mamparas-ducha-frontal-corredera-22.jpg\" alt=\"asesor-mamparas-ducha-frontal-corredera-22\" width=\"400\" height=\"500\" \/><br \/>\n<\/a><\/p>\n<h3 style=\"text-align: center;\">2 Fixes + 2 Coulissantes<\/h3>\n<p>[\/vc_column_text][\/vc_column][vc_column width=\u00a0\u00bb1\/4&Prime;][vc_column_text]<a href=\"https:\/\/gmelorente.com\/fr\/producto\/serie-trio\/\"><img loading=\"lazy\" decoding=\"async\" class=\"aligncenter size-full wp-image-38272\" src=\"https:\/\/gmelorente.com\/wp-content\/uploads\/asesor-mamparas-ducha-frontal-corredera-12.jpg\" alt=\"asesor-mamparas-ducha-frontal-corredera-12\" width=\"400\" height=\"500\" \/><br \/>\n<\/a><\/p>\n<h3 style=\"text-align: center;\">1 Fixe + 2 Coulissantes<\/h3>\n<p>[\/vc_column_text][\/vc_column][vc_column width=\u00a0\u00bb1\/4&Prime;][vc_column_text]<a href=\"https:\/\/gmelorente.com\/fr\/producto\/serie-by-pass\/\"><img loading=\"lazy\" decoding=\"async\" class=\"aligncenter size-full wp-image-38273\" src=\"https:\/\/gmelorente.com\/wp-content\/uploads\/asesor-mamparas-ducha-frontal-corredera-02.jpg\" alt=\"asesor-mamparas-ducha-frontal-corredera-02\" width=\"400\" height=\"500\" srcset=\"https:\/\/gmelorente.com\/wp-content\/uploads\/asesor-mamparas-ducha-frontal-corredera-02.jpg 400w, https:\/\/gmelorente.com\/wp-content\/uploads\/asesor-mamparas-ducha-frontal-corredera-02-240x300.jpg 240w, https:\/\/gmelorente.com\/wp-content\/uploads\/asesor-mamparas-ducha-frontal-corredera-02-16x20.jpg 16w\" sizes=\"auto, (max-width: 400px) 100vw, 400px\" \/><br \/>\n<\/a><\/p>\n<h3 style=\"text-align: center;\">2 Coulissantes<\/h3>\n<p>[\/vc_column_text][\/vc_column][\/vc_row]<\/p>\n","protected":false},"excerpt":{"rendered":"<p>[vc_row][vc_column css=\u00a0\u00bb.vc_custom_1440689072377{margin-bottom: 30px !important;}\u00a0\u00bb][vc_column_text] De quel type de front de douche de portes coulissantes avez-vous besoin? [\/vc_column_text][\/vc_column][\/vc_row][vc_row][vc_column width=\u00a0\u00bb1\/4&Prime;][vc_column_text] 1 Fixe + 1 Coulissante [\/vc_column_text][\/vc_column][vc_column width=\u00a0\u00bb1\/4&Prime;][vc_column_text] 2 Fixes + 2 Coulissantes [\/vc_column_text][\/vc_column][vc_column width=\u00a0\u00bb1\/4&Prime;][vc_column_text] 1 Fixe + 2 Coulissantes [\/vc_column_text][\/vc_column][vc_column width=\u00a0\u00bb1\/4&Prime;][vc_column_text] 2 Coulissantes [\/vc_column_text][\/vc_column][\/vc_row]<\/p>\n","protected":false},"author":1,"featured_media":0,"parent":43019,"menu_order":0,"comment_status":"closed","ping_status":"closed","template":"","meta":{"footnotes":""},"class_list":["post-43028","page","type-page","status-publish","hentry","description-off"],"yoast_head":"<!-- This site is optimized with the Yoast SEO plugin v27.4 - https:\/\/yoast.com\/product\/yoast-seo-wordpress\/ -->\n<title>Portes coulissantes - GME DIVISI\u00d3N BA\u00d1OS<\/title>\n<meta name=\"robots\" content=\"index, follow, max-snippet:-1, max-image-preview:large, max-video-preview:-1\" \/>\n<link rel=\"canonical\" href=\"https:\/\/gmelorente.com\/fr\/asesor-virtual\/mamparas-de-ducha\/frontales-de-ducha\/puertas-correderas\/\" \/>\n<meta property=\"og:locale\" content=\"fr_FR\" \/>\n<meta property=\"og:type\" content=\"article\" \/>\n<meta property=\"og:title\" content=\"Portes coulissantes - GME DIVISI\u00d3N BA\u00d1OS\" \/>\n<meta property=\"og:description\" content=\"[vc_row][vc_column css=\u00a0\u00bb.vc_custom_1440689072377{margin-bottom: 30px !important;}\u00a0\u00bb][vc_column_text] De quel type de front de douche de portes coulissantes avez-vous besoin? [\/vc_column_text][\/vc_column][\/vc_row][vc_row][vc_column width=\u00a0\u00bb1\/4&Prime;][vc_column_text] 1 Fixe + 1 Coulissante [\/vc_column_text][\/vc_column][vc_column width=\u00a0\u00bb1\/4&Prime;][vc_column_text] 2 Fixes + 2 Coulissantes [\/vc_column_text][\/vc_column][vc_column width=\u00a0\u00bb1\/4&Prime;][vc_column_text] 1 Fixe + 2 Coulissantes [\/vc_column_text][\/vc_column][vc_column width=\u00a0\u00bb1\/4&Prime;][vc_column_text] 2 Coulissantes [\/vc_column_text][\/vc_column][\/vc_row]\" \/>\n<meta property=\"og:url\" content=\"https:\/\/gmelorente.com\/fr\/asesor-virtual\/mamparas-de-ducha\/frontales-de-ducha\/puertas-correderas\/\" \/>\n<meta property=\"og:site_name\" content=\"GME DIVISI\u00d3N BA\u00d1OS\" \/>\n<meta property=\"article:publisher\" content=\"https:\/\/www.facebook.com\/gmedivision\/?fref=ts\" \/>\n<meta property=\"article:modified_time\" content=\"2016-02-14T19:57:26+00:00\" \/>\n<meta property=\"og:image\" content=\"https:\/\/gmelorente.com\/wp-content\/uploads\/asesor-mamparas-ducha-frontal-corredera-11.jpg\" \/>\n<meta name=\"twitter:card\" content=\"summary_large_image\" \/>\n<script type=\"application\/ld+json\" class=\"yoast-schema-graph\">{\"@context\":\"https:\\\/\\\/schema.org\",\"@graph\":[{\"@type\":\"WebPage\",\"@id\":\"https:\\\/\\\/gmelorente.com\\\/fr\\\/asesor-virtual\\\/mamparas-de-ducha\\\/frontales-de-ducha\\\/puertas-correderas\\\/\",\"url\":\"https:\\\/\\\/gmelorente.com\\\/fr\\\/asesor-virtual\\\/mamparas-de-ducha\\\/frontales-de-ducha\\\/puertas-correderas\\\/\",\"name\":\"Portes coulissantes - GME DIVISI\u00d3N BA\u00d1OS\",\"isPartOf\":{\"@id\":\"https:\\\/\\\/gmelorente.com\\\/#website\"},\"primaryImageOfPage\":{\"@id\":\"https:\\\/\\\/gmelorente.com\\\/fr\\\/asesor-virtual\\\/mamparas-de-ducha\\\/frontales-de-ducha\\\/puertas-correderas\\\/#primaryimage\"},\"image\":{\"@id\":\"https:\\\/\\\/gmelorente.com\\\/fr\\\/asesor-virtual\\\/mamparas-de-ducha\\\/frontales-de-ducha\\\/puertas-correderas\\\/#primaryimage\"},\"thumbnailUrl\":\"https:\\\/\\\/gmelorente.com\\\/wp-content\\\/uploads\\\/asesor-mamparas-ducha-frontal-corredera-11.jpg\",\"datePublished\":\"2015-11-04T01:13:29+00:00\",\"dateModified\":\"2016-02-14T19:57:26+00:00\",\"breadcrumb\":{\"@id\":\"https:\\\/\\\/gmelorente.com\\\/fr\\\/asesor-virtual\\\/mamparas-de-ducha\\\/frontales-de-ducha\\\/puertas-correderas\\\/#breadcrumb\"},\"inLanguage\":\"fr-FR\",\"potentialAction\":[{\"@type\":\"ReadAction\",\"target\":[\"https:\\\/\\\/gmelorente.com\\\/fr\\\/asesor-virtual\\\/mamparas-de-ducha\\\/frontales-de-ducha\\\/puertas-correderas\\\/\"]}]},{\"@type\":\"ImageObject\",\"inLanguage\":\"fr-FR\",\"@id\":\"https:\\\/\\\/gmelorente.com\\\/fr\\\/asesor-virtual\\\/mamparas-de-ducha\\\/frontales-de-ducha\\\/puertas-correderas\\\/#primaryimage\",\"url\":\"https:\\\/\\\/gmelorente.com\\\/wp-content\\\/uploads\\\/asesor-mamparas-ducha-frontal-corredera-11.jpg\",\"contentUrl\":\"https:\\\/\\\/gmelorente.com\\\/wp-content\\\/uploads\\\/asesor-mamparas-ducha-frontal-corredera-11.jpg\"},{\"@type\":\"BreadcrumbList\",\"@id\":\"https:\\\/\\\/gmelorente.com\\\/fr\\\/asesor-virtual\\\/mamparas-de-ducha\\\/frontales-de-ducha\\\/puertas-correderas\\\/#breadcrumb\",\"itemListElement\":[{\"@type\":\"ListItem\",\"position\":1,\"name\":\"Home\",\"item\":\"https:\\\/\\\/gmelorente.com\\\/fr\\\/\"},{\"@type\":\"ListItem\",\"position\":2,\"name\":\"Conseiller virtuel\",\"item\":\"https:\\\/\\\/gmelorente.com\\\/fr\\\/asesor-virtual\\\/\"},{\"@type\":\"ListItem\",\"position\":3,\"name\":\"Paroi de douche\",\"item\":\"https:\\\/\\\/gmelorente.com\\\/fr\\\/asesor-virtual\\\/mamparas-de-ducha\\\/\"},{\"@type\":\"ListItem\",\"position\":4,\"name\":\"Porte de douche\",\"item\":\"https:\\\/\\\/gmelorente.com\\\/fr\\\/asesor-virtual\\\/mamparas-de-ducha\\\/frontales-de-ducha\\\/\"},{\"@type\":\"ListItem\",\"position\":5,\"name\":\"Portes coulissantes\"}]},{\"@type\":\"WebSite\",\"@id\":\"https:\\\/\\\/gmelorente.com\\\/#website\",\"url\":\"https:\\\/\\\/gmelorente.com\\\/\",\"name\":\"GME DIVISI\u00d3N BA\u00d1OS\",\"description\":\"Mamparas de ducha y mucho m\u00e1s\",\"publisher\":{\"@id\":\"https:\\\/\\\/gmelorente.com\\\/#organization\"},\"potentialAction\":[{\"@type\":\"SearchAction\",\"target\":{\"@type\":\"EntryPoint\",\"urlTemplate\":\"https:\\\/\\\/gmelorente.com\\\/?s={search_term_string}\"},\"query-input\":{\"@type\":\"PropertyValueSpecification\",\"valueRequired\":true,\"valueName\":\"search_term_string\"}}],\"inLanguage\":\"fr-FR\"},{\"@type\":\"Organization\",\"@id\":\"https:\\\/\\\/gmelorente.com\\\/#organization\",\"name\":\"GME DIVISI\u00d3N BA\u00d1OS S.L.\",\"url\":\"https:\\\/\\\/gmelorente.com\\\/\",\"logo\":{\"@type\":\"ImageObject\",\"inLanguage\":\"fr-FR\",\"@id\":\"https:\\\/\\\/gmelorente.com\\\/#\\\/schema\\\/logo\\\/image\\\/\",\"url\":\"https:\\\/\\\/gmelorente.com\\\/wp-content\\\/uploads\\\/logo-gme-azul.jpg\",\"contentUrl\":\"https:\\\/\\\/gmelorente.com\\\/wp-content\\\/uploads\\\/logo-gme-azul.jpg\",\"width\":810,\"height\":298,\"caption\":\"GME DIVISI\u00d3N BA\u00d1OS S.L.\"},\"image\":{\"@id\":\"https:\\\/\\\/gmelorente.com\\\/#\\\/schema\\\/logo\\\/image\\\/\"},\"sameAs\":[\"https:\\\/\\\/www.facebook.com\\\/gmedivision\\\/?fref=ts\",\"https:\\\/\\\/es.pinterest.com\\\/gmedivision\\\/?eq=gme&amp;etslf=14997\"]}]}<\/script>\n<!-- \/ Yoast SEO plugin. -->","yoast_head_json":{"title":"Portes coulissantes - GME DIVISI\u00d3N BA\u00d1OS","robots":{"index":"index","follow":"follow","max-snippet":"max-snippet:-1","max-image-preview":"max-image-preview:large","max-video-preview":"max-video-preview:-1"},"canonical":"https:\/\/gmelorente.com\/fr\/asesor-virtual\/mamparas-de-ducha\/frontales-de-ducha\/puertas-correderas\/","og_locale":"fr_FR","og_type":"article","og_title":"Portes coulissantes - GME DIVISI\u00d3N BA\u00d1OS","og_description":"[vc_row][vc_column css=\u00a0\u00bb.vc_custom_1440689072377{margin-bottom: 30px !important;}\u00a0\u00bb][vc_column_text] De quel type de front de douche de portes coulissantes avez-vous besoin? [\/vc_column_text][\/vc_column][\/vc_row][vc_row][vc_column width=\u00a0\u00bb1\/4&Prime;][vc_column_text] 1 Fixe + 1 Coulissante [\/vc_column_text][\/vc_column][vc_column width=\u00a0\u00bb1\/4&Prime;][vc_column_text] 2 Fixes + 2 Coulissantes [\/vc_column_text][\/vc_column][vc_column width=\u00a0\u00bb1\/4&Prime;][vc_column_text] 1 Fixe + 2 Coulissantes [\/vc_column_text][\/vc_column][vc_column width=\u00a0\u00bb1\/4&Prime;][vc_column_text] 2 Coulissantes [\/vc_column_text][\/vc_column][\/vc_row]","og_url":"https:\/\/gmelorente.com\/fr\/asesor-virtual\/mamparas-de-ducha\/frontales-de-ducha\/puertas-correderas\/","og_site_name":"GME DIVISI\u00d3N BA\u00d1OS","article_publisher":"https:\/\/www.facebook.com\/gmedivision\/?fref=ts","article_modified_time":"2016-02-14T19:57:26+00:00","og_image":[{"url":"https:\/\/gmelorente.com\/wp-content\/uploads\/asesor-mamparas-ducha-frontal-corredera-11.jpg","type":"","width":"","height":""}],"twitter_card":"summary_large_image","schema":{"@context":"https:\/\/schema.org","@graph":[{"@type":"WebPage","@id":"https:\/\/gmelorente.com\/fr\/asesor-virtual\/mamparas-de-ducha\/frontales-de-ducha\/puertas-correderas\/","url":"https:\/\/gmelorente.com\/fr\/asesor-virtual\/mamparas-de-ducha\/frontales-de-ducha\/puertas-correderas\/","name":"Portes coulissantes - GME DIVISI\u00d3N BA\u00d1OS","isPartOf":{"@id":"https:\/\/gmelorente.com\/#website"},"primaryImageOfPage":{"@id":"https:\/\/gmelorente.com\/fr\/asesor-virtual\/mamparas-de-ducha\/frontales-de-ducha\/puertas-correderas\/#primaryimage"},"image":{"@id":"https:\/\/gmelorente.com\/fr\/asesor-virtual\/mamparas-de-ducha\/frontales-de-ducha\/puertas-correderas\/#primaryimage"},"thumbnailUrl":"https:\/\/gmelorente.com\/wp-content\/uploads\/asesor-mamparas-ducha-frontal-corredera-11.jpg","datePublished":"2015-11-04T01:13:29+00:00","dateModified":"2016-02-14T19:57:26+00:00","breadcrumb":{"@id":"https:\/\/gmelorente.com\/fr\/asesor-virtual\/mamparas-de-ducha\/frontales-de-ducha\/puertas-correderas\/#breadcrumb"},"inLanguage":"fr-FR","potentialAction":[{"@type":"ReadAction","target":["https:\/\/gmelorente.com\/fr\/asesor-virtual\/mamparas-de-ducha\/frontales-de-ducha\/puertas-correderas\/"]}]},{"@type":"ImageObject","inLanguage":"fr-FR","@id":"https:\/\/gmelorente.com\/fr\/asesor-virtual\/mamparas-de-ducha\/frontales-de-ducha\/puertas-correderas\/#primaryimage","url":"https:\/\/gmelorente.com\/wp-content\/uploads\/asesor-mamparas-ducha-frontal-corredera-11.jpg","contentUrl":"https:\/\/gmelorente.com\/wp-content\/uploads\/asesor-mamparas-ducha-frontal-corredera-11.jpg"},{"@type":"BreadcrumbList","@id":"https:\/\/gmelorente.com\/fr\/asesor-virtual\/mamparas-de-ducha\/frontales-de-ducha\/puertas-correderas\/#breadcrumb","itemListElement":[{"@type":"ListItem","position":1,"name":"Home","item":"https:\/\/gmelorente.com\/fr\/"},{"@type":"ListItem","position":2,"name":"Conseiller virtuel","item":"https:\/\/gmelorente.com\/fr\/asesor-virtual\/"},{"@type":"ListItem","position":3,"name":"Paroi de douche","item":"https:\/\/gmelorente.com\/fr\/asesor-virtual\/mamparas-de-ducha\/"},{"@type":"ListItem","position":4,"name":"Porte de douche","item":"https:\/\/gmelorente.com\/fr\/asesor-virtual\/mamparas-de-ducha\/frontales-de-ducha\/"},{"@type":"ListItem","position":5,"name":"Portes coulissantes"}]},{"@type":"WebSite","@id":"https:\/\/gmelorente.com\/#website","url":"https:\/\/gmelorente.com\/","name":"GME DIVISI\u00d3N BA\u00d1OS","description":"Mamparas de ducha y mucho m\u00e1s","publisher":{"@id":"https:\/\/gmelorente.com\/#organization"},"potentialAction":[{"@type":"SearchAction","target":{"@type":"EntryPoint","urlTemplate":"https:\/\/gmelorente.com\/?s={search_term_string}"},"query-input":{"@type":"PropertyValueSpecification","valueRequired":true,"valueName":"search_term_string"}}],"inLanguage":"fr-FR"},{"@type":"Organization","@id":"https:\/\/gmelorente.com\/#organization","name":"GME DIVISI\u00d3N BA\u00d1OS S.L.","url":"https:\/\/gmelorente.com\/","logo":{"@type":"ImageObject","inLanguage":"fr-FR","@id":"https:\/\/gmelorente.com\/#\/schema\/logo\/image\/","url":"https:\/\/gmelorente.com\/wp-content\/uploads\/logo-gme-azul.jpg","contentUrl":"https:\/\/gmelorente.com\/wp-content\/uploads\/logo-gme-azul.jpg","width":810,"height":298,"caption":"GME DIVISI\u00d3N BA\u00d1OS S.L."},"image":{"@id":"https:\/\/gmelorente.com\/#\/schema\/logo\/image\/"},"sameAs":["https:\/\/www.facebook.com\/gmedivision\/?fref=ts","https:\/\/es.pinterest.com\/gmedivision\/?eq=gme&amp;etslf=14997"]}]}},"_links":{"self":[{"href":"https:\/\/gmelorente.com\/fr\/wp-json\/wp\/v2\/pages\/43028","targetHints":{"allow":["GET"]}}],"collection":[{"href":"https:\/\/gmelorente.com\/fr\/wp-json\/wp\/v2\/pages"}],"about":[{"href":"https:\/\/gmelorente.com\/fr\/wp-json\/wp\/v2\/types\/page"}],"author":[{"embeddable":true,"href":"https:\/\/gmelorente.com\/fr\/wp-json\/wp\/v2\/users\/1"}],"replies":[{"embeddable":true,"href":"https:\/\/gmelorente.com\/fr\/wp-json\/wp\/v2\/comments?post=43028"}],"version-history":[{"count":0,"href":"https:\/\/gmelorente.com\/fr\/wp-json\/wp\/v2\/pages\/43028\/revisions"}],"up":[{"embeddable":true,"href":"https:\/\/gmelorente.com\/fr\/wp-json\/wp\/v2\/pages\/43019"}],"wp:attachment":[{"href":"https:\/\/gmelorente.com\/fr\/wp-json\/wp\/v2\/media?parent=43028"}],"curies":[{"name":"wp","href":"https:\/\/api.w.org\/{rel}","templated":true}]}}