{"id":43066,"date":"2015-11-04T03:21:03","date_gmt":"2015-11-04T01:21:03","guid":{"rendered":"https:\/\/gmelorente.com\/fr\/asesor-virtual\/mamparas-de-ducha\/mamparas-angulares\/frontales-lateral-fijo\/correderas-lateral-fijo\/"},"modified":"2016-02-14T21:02:31","modified_gmt":"2016-02-14T20:02:31","slug":"correderas-lateral-fijo","status":"publish","type":"page","link":"https:\/\/gmelorente.com\/fr\/asesor-virtual\/mamparas-de-ducha\/mamparas-angulares\/frontales-lateral-fijo\/correderas-lateral-fijo\/","title":{"rendered":"Coulissantes + Lat\u00e9rale fixe"},"content":{"rendered":"<p>[vc_row][vc_column css=\u00a0\u00bb.vc_custom_1440689072377{margin-bottom: 30px !important;}\u00a0\u00bb][vc_column_text]<\/p>\n<h3 style=\"text-align: center;\">De quel type de paroi frontale de portes coulissantes avec lat\u00e9ral fixe avez-vous besoin?<\/h3>\n<p>[\/vc_column_text][\/vc_column][\/vc_row][vc_row][vc_column width=\u00a0\u00bb1\/3&Prime;][vc_column_text]<a href=\"https:\/\/gmelorente.com\/fr\/asesor-virtual\/mamparas-de-ducha\/mamparas-angulares\/frontales-lateral-fijo\/correderas-lateral-fijo\/fijo-puerta-lateral-fijo\"><img loading=\"lazy\" decoding=\"async\" class=\"size-full wp-image-38287 aligncenter\" src=\"https:\/\/gmelorente.com\/wp-content\/uploads\/asesor-mamparas-ducha-angular-lateral-corredera-01.jpg\" alt=\"asesor-mamparas-ducha-angular-lateral-corredera-01\" width=\"400\" height=\"500\" srcset=\"https:\/\/gmelorente.com\/wp-content\/uploads\/asesor-mamparas-ducha-angular-lateral-corredera-01.jpg 400w, https:\/\/gmelorente.com\/wp-content\/uploads\/asesor-mamparas-ducha-angular-lateral-corredera-01-240x300.jpg 240w, https:\/\/gmelorente.com\/wp-content\/uploads\/asesor-mamparas-ducha-angular-lateral-corredera-01-16x20.jpg 16w\" sizes=\"auto, (max-width: 400px) 100vw, 400px\" \/><\/a><\/p>\n<h3 style=\"text-align: center;\">Fixe + Porte + Lat\u00e9ral fixe<\/h3>\n<p>[\/vc_column_text][\/vc_column][vc_column width=\u00a0\u00bb1\/3&Prime;][vc_column_text]<img loading=\"lazy\" decoding=\"async\" class=\"wp-image-38348 size-full aligncenter\" src=\"https:\/\/gmelorente.com\/wp-content\/uploads\/asesor-mamparas-ducha-angular-lateral-corredera-03.jpg\" alt=\"\" width=\"400\" height=\"500\" \/><\/p>\n<h3 style=\"text-align: center;\">2 Fixes + 2 Portes + Lat\u00e9ral fixe<\/h3>\n<p>[\/vc_column_text][\/vc_column][vc_column width=\u00a0\u00bb1\/3&Prime;][vc_column_text]<img loading=\"lazy\" decoding=\"async\" class=\"wp-image-38347 size-full aligncenter\" src=\"https:\/\/gmelorente.com\/wp-content\/uploads\/asesor-mamparas-ducha-angular-lateral-corredera-02.jpg\" alt=\"\" width=\"400\" height=\"500\" \/><\/p>\n<h3 style=\"text-align: center;\">Fixe + 2 Portes + Lat\u00e9raux fixes<\/h3>\n<p>[\/vc_column_text][\/vc_column][\/vc_row]<\/p>\n","protected":false},"excerpt":{"rendered":"<p>[vc_row][vc_column css=\u00a0\u00bb.vc_custom_1440689072377{margin-bottom: 30px !important;}\u00a0\u00bb][vc_column_text] De quel type de paroi frontale de portes coulissantes avec lat\u00e9ral fixe avez-vous besoin? [\/vc_column_text][\/vc_column][\/vc_row][vc_row][vc_column width=\u00a0\u00bb1\/3&Prime;][vc_column_text] Fixe + Porte + Lat\u00e9ral fixe [\/vc_column_text][\/vc_column][vc_column width=\u00a0\u00bb1\/3&Prime;][vc_column_text] 2 Fixes + 2 Portes + Lat\u00e9ral fixe [\/vc_column_text][\/vc_column][vc_column width=\u00a0\u00bb1\/3&Prime;][vc_column_text] Fixe + 2 Portes + Lat\u00e9raux fixes [\/vc_column_text][\/vc_column][\/vc_row]<\/p>\n","protected":false},"author":1,"featured_media":0,"parent":43050,"menu_order":0,"comment_status":"closed","ping_status":"closed","template":"","meta":{"footnotes":""},"class_list":["post-43066","page","type-page","status-publish","hentry","description-off"],"yoast_head":"<!-- This site is optimized with the Yoast SEO plugin v27.2 - https:\/\/yoast.com\/product\/yoast-seo-wordpress\/ -->\n<title>Coulissantes + Lat\u00e9rale fixe - GME DIVISI\u00d3N BA\u00d1OS<\/title>\n<meta name=\"robots\" content=\"index, follow, max-snippet:-1, max-image-preview:large, max-video-preview:-1\" \/>\n<link rel=\"canonical\" href=\"https:\/\/gmelorente.com\/fr\/asesor-virtual\/mamparas-de-ducha\/mamparas-angulares\/frontales-lateral-fijo\/correderas-lateral-fijo\/\" \/>\n<meta property=\"og:locale\" content=\"fr_FR\" \/>\n<meta property=\"og:type\" content=\"article\" \/>\n<meta property=\"og:title\" content=\"Coulissantes + Lat\u00e9rale fixe - GME DIVISI\u00d3N BA\u00d1OS\" \/>\n<meta property=\"og:description\" content=\"[vc_row][vc_column css=\u00a0\u00bb.vc_custom_1440689072377{margin-bottom: 30px !important;}\u00a0\u00bb][vc_column_text] De quel type de paroi frontale de portes coulissantes avec lat\u00e9ral fixe avez-vous besoin? [\/vc_column_text][\/vc_column][\/vc_row][vc_row][vc_column width=\u00a0\u00bb1\/3&Prime;][vc_column_text] Fixe + Porte + Lat\u00e9ral fixe [\/vc_column_text][\/vc_column][vc_column width=\u00a0\u00bb1\/3&Prime;][vc_column_text] 2 Fixes + 2 Portes + Lat\u00e9ral fixe [\/vc_column_text][\/vc_column][vc_column width=\u00a0\u00bb1\/3&Prime;][vc_column_text] Fixe + 2 Portes + Lat\u00e9raux fixes [\/vc_column_text][\/vc_column][\/vc_row]\" \/>\n<meta property=\"og:url\" content=\"https:\/\/gmelorente.com\/fr\/asesor-virtual\/mamparas-de-ducha\/mamparas-angulares\/frontales-lateral-fijo\/correderas-lateral-fijo\/\" \/>\n<meta property=\"og:site_name\" content=\"GME DIVISI\u00d3N BA\u00d1OS\" \/>\n<meta property=\"article:publisher\" content=\"https:\/\/www.facebook.com\/gmedivision\/?fref=ts\" \/>\n<meta property=\"article:modified_time\" content=\"2016-02-14T20:02:31+00:00\" \/>\n<meta property=\"og:image\" content=\"https:\/\/gmelorente.com\/wp-content\/uploads\/asesor-mamparas-ducha-angular-lateral-corredera-01.jpg\" \/>\n<meta name=\"twitter:card\" content=\"summary_large_image\" \/>\n<script type=\"application\/ld+json\" class=\"yoast-schema-graph\">{\"@context\":\"https:\/\/schema.org\",\"@graph\":[{\"@type\":\"WebPage\",\"@id\":\"https:\/\/gmelorente.com\/fr\/asesor-virtual\/mamparas-de-ducha\/mamparas-angulares\/frontales-lateral-fijo\/correderas-lateral-fijo\/\",\"url\":\"https:\/\/gmelorente.com\/fr\/asesor-virtual\/mamparas-de-ducha\/mamparas-angulares\/frontales-lateral-fijo\/correderas-lateral-fijo\/\",\"name\":\"Coulissantes + Lat\u00e9rale fixe - GME DIVISI\u00d3N BA\u00d1OS\",\"isPartOf\":{\"@id\":\"https:\/\/gmelorente.com\/#website\"},\"primaryImageOfPage\":{\"@id\":\"https:\/\/gmelorente.com\/fr\/asesor-virtual\/mamparas-de-ducha\/mamparas-angulares\/frontales-lateral-fijo\/correderas-lateral-fijo\/#primaryimage\"},\"image\":{\"@id\":\"https:\/\/gmelorente.com\/fr\/asesor-virtual\/mamparas-de-ducha\/mamparas-angulares\/frontales-lateral-fijo\/correderas-lateral-fijo\/#primaryimage\"},\"thumbnailUrl\":\"https:\/\/gmelorente.com\/wp-content\/uploads\/asesor-mamparas-ducha-angular-lateral-corredera-01.jpg\",\"datePublished\":\"2015-11-04T01:21:03+00:00\",\"dateModified\":\"2016-02-14T20:02:31+00:00\",\"breadcrumb\":{\"@id\":\"https:\/\/gmelorente.com\/fr\/asesor-virtual\/mamparas-de-ducha\/mamparas-angulares\/frontales-lateral-fijo\/correderas-lateral-fijo\/#breadcrumb\"},\"inLanguage\":\"fr-FR\",\"potentialAction\":[{\"@type\":\"ReadAction\",\"target\":[\"https:\/\/gmelorente.com\/fr\/asesor-virtual\/mamparas-de-ducha\/mamparas-angulares\/frontales-lateral-fijo\/correderas-lateral-fijo\/\"]}]},{\"@type\":\"ImageObject\",\"inLanguage\":\"fr-FR\",\"@id\":\"https:\/\/gmelorente.com\/fr\/asesor-virtual\/mamparas-de-ducha\/mamparas-angulares\/frontales-lateral-fijo\/correderas-lateral-fijo\/#primaryimage\",\"url\":\"https:\/\/gmelorente.com\/wp-content\/uploads\/asesor-mamparas-ducha-angular-lateral-corredera-01.jpg\",\"contentUrl\":\"https:\/\/gmelorente.com\/wp-content\/uploads\/asesor-mamparas-ducha-angular-lateral-corredera-01.jpg\"},{\"@type\":\"BreadcrumbList\",\"@id\":\"https:\/\/gmelorente.com\/fr\/asesor-virtual\/mamparas-de-ducha\/mamparas-angulares\/frontales-lateral-fijo\/correderas-lateral-fijo\/#breadcrumb\",\"itemListElement\":[{\"@type\":\"ListItem\",\"position\":1,\"name\":\"Home\",\"item\":\"https:\/\/gmelorente.com\/fr\/\"},{\"@type\":\"ListItem\",\"position\":2,\"name\":\"Conseiller virtuel\",\"item\":\"https:\/\/gmelorente.com\/fr\/asesor-virtual\/\"},{\"@type\":\"ListItem\",\"position\":3,\"name\":\"Paroi de douche\",\"item\":\"https:\/\/gmelorente.com\/fr\/asesor-virtual\/mamparas-de-ducha\/\"},{\"@type\":\"ListItem\",\"position\":4,\"name\":\"Paroi angulaire\",\"item\":\"https:\/\/gmelorente.com\/fr\/asesor-virtual\/mamparas-de-ducha\/mamparas-angulares\/\"},{\"@type\":\"ListItem\",\"position\":5,\"name\":\"Front + Lat\u00e9ral fixe\",\"item\":\"https:\/\/gmelorente.com\/fr\/asesor-virtual\/mamparas-de-ducha\/mamparas-angulares\/frontales-lateral-fijo\/\"},{\"@type\":\"ListItem\",\"position\":6,\"name\":\"Coulissantes + Lat\u00e9rale fixe\"}]},{\"@type\":\"WebSite\",\"@id\":\"https:\/\/gmelorente.com\/#website\",\"url\":\"https:\/\/gmelorente.com\/\",\"name\":\"GME DIVISI\u00d3N BA\u00d1OS\",\"description\":\"Mamparas de ducha y mucho m\u00e1s\",\"publisher\":{\"@id\":\"https:\/\/gmelorente.com\/#organization\"},\"potentialAction\":[{\"@type\":\"SearchAction\",\"target\":{\"@type\":\"EntryPoint\",\"urlTemplate\":\"https:\/\/gmelorente.com\/?s={search_term_string}\"},\"query-input\":{\"@type\":\"PropertyValueSpecification\",\"valueRequired\":true,\"valueName\":\"search_term_string\"}}],\"inLanguage\":\"fr-FR\"},{\"@type\":\"Organization\",\"@id\":\"https:\/\/gmelorente.com\/#organization\",\"name\":\"GME DIVISI\u00d3N BA\u00d1OS S.L.\",\"url\":\"https:\/\/gmelorente.com\/\",\"logo\":{\"@type\":\"ImageObject\",\"inLanguage\":\"fr-FR\",\"@id\":\"https:\/\/gmelorente.com\/#\/schema\/logo\/image\/\",\"url\":\"https:\/\/gmelorente.com\/wp-content\/uploads\/logo-gme-azul.jpg\",\"contentUrl\":\"https:\/\/gmelorente.com\/wp-content\/uploads\/logo-gme-azul.jpg\",\"width\":810,\"height\":298,\"caption\":\"GME DIVISI\u00d3N BA\u00d1OS S.L.\"},\"image\":{\"@id\":\"https:\/\/gmelorente.com\/#\/schema\/logo\/image\/\"},\"sameAs\":[\"https:\/\/www.facebook.com\/gmedivision\/?fref=ts\",\"https:\/\/es.pinterest.com\/gmedivision\/?eq=gme&amp;etslf=14997\"]}]}<\/script>\n<!-- \/ Yoast SEO plugin. -->","yoast_head_json":{"title":"Coulissantes + Lat\u00e9rale fixe - GME DIVISI\u00d3N BA\u00d1OS","robots":{"index":"index","follow":"follow","max-snippet":"max-snippet:-1","max-image-preview":"max-image-preview:large","max-video-preview":"max-video-preview:-1"},"canonical":"https:\/\/gmelorente.com\/fr\/asesor-virtual\/mamparas-de-ducha\/mamparas-angulares\/frontales-lateral-fijo\/correderas-lateral-fijo\/","og_locale":"fr_FR","og_type":"article","og_title":"Coulissantes + Lat\u00e9rale fixe - GME DIVISI\u00d3N BA\u00d1OS","og_description":"[vc_row][vc_column css=\u00a0\u00bb.vc_custom_1440689072377{margin-bottom: 30px !important;}\u00a0\u00bb][vc_column_text] De quel type de paroi frontale de portes coulissantes avec lat\u00e9ral fixe avez-vous besoin? [\/vc_column_text][\/vc_column][\/vc_row][vc_row][vc_column width=\u00a0\u00bb1\/3&Prime;][vc_column_text] Fixe + Porte + Lat\u00e9ral fixe [\/vc_column_text][\/vc_column][vc_column width=\u00a0\u00bb1\/3&Prime;][vc_column_text] 2 Fixes + 2 Portes + Lat\u00e9ral fixe [\/vc_column_text][\/vc_column][vc_column width=\u00a0\u00bb1\/3&Prime;][vc_column_text] Fixe + 2 Portes + Lat\u00e9raux fixes [\/vc_column_text][\/vc_column][\/vc_row]","og_url":"https:\/\/gmelorente.com\/fr\/asesor-virtual\/mamparas-de-ducha\/mamparas-angulares\/frontales-lateral-fijo\/correderas-lateral-fijo\/","og_site_name":"GME DIVISI\u00d3N BA\u00d1OS","article_publisher":"https:\/\/www.facebook.com\/gmedivision\/?fref=ts","article_modified_time":"2016-02-14T20:02:31+00:00","og_image":[{"url":"https:\/\/gmelorente.com\/wp-content\/uploads\/asesor-mamparas-ducha-angular-lateral-corredera-01.jpg","type":"","width":"","height":""}],"twitter_card":"summary_large_image","schema":{"@context":"https:\/\/schema.org","@graph":[{"@type":"WebPage","@id":"https:\/\/gmelorente.com\/fr\/asesor-virtual\/mamparas-de-ducha\/mamparas-angulares\/frontales-lateral-fijo\/correderas-lateral-fijo\/","url":"https:\/\/gmelorente.com\/fr\/asesor-virtual\/mamparas-de-ducha\/mamparas-angulares\/frontales-lateral-fijo\/correderas-lateral-fijo\/","name":"Coulissantes + Lat\u00e9rale fixe - GME DIVISI\u00d3N BA\u00d1OS","isPartOf":{"@id":"https:\/\/gmelorente.com\/#website"},"primaryImageOfPage":{"@id":"https:\/\/gmelorente.com\/fr\/asesor-virtual\/mamparas-de-ducha\/mamparas-angulares\/frontales-lateral-fijo\/correderas-lateral-fijo\/#primaryimage"},"image":{"@id":"https:\/\/gmelorente.com\/fr\/asesor-virtual\/mamparas-de-ducha\/mamparas-angulares\/frontales-lateral-fijo\/correderas-lateral-fijo\/#primaryimage"},"thumbnailUrl":"https:\/\/gmelorente.com\/wp-content\/uploads\/asesor-mamparas-ducha-angular-lateral-corredera-01.jpg","datePublished":"2015-11-04T01:21:03+00:00","dateModified":"2016-02-14T20:02:31+00:00","breadcrumb":{"@id":"https:\/\/gmelorente.com\/fr\/asesor-virtual\/mamparas-de-ducha\/mamparas-angulares\/frontales-lateral-fijo\/correderas-lateral-fijo\/#breadcrumb"},"inLanguage":"fr-FR","potentialAction":[{"@type":"ReadAction","target":["https:\/\/gmelorente.com\/fr\/asesor-virtual\/mamparas-de-ducha\/mamparas-angulares\/frontales-lateral-fijo\/correderas-lateral-fijo\/"]}]},{"@type":"ImageObject","inLanguage":"fr-FR","@id":"https:\/\/gmelorente.com\/fr\/asesor-virtual\/mamparas-de-ducha\/mamparas-angulares\/frontales-lateral-fijo\/correderas-lateral-fijo\/#primaryimage","url":"https:\/\/gmelorente.com\/wp-content\/uploads\/asesor-mamparas-ducha-angular-lateral-corredera-01.jpg","contentUrl":"https:\/\/gmelorente.com\/wp-content\/uploads\/asesor-mamparas-ducha-angular-lateral-corredera-01.jpg"},{"@type":"BreadcrumbList","@id":"https:\/\/gmelorente.com\/fr\/asesor-virtual\/mamparas-de-ducha\/mamparas-angulares\/frontales-lateral-fijo\/correderas-lateral-fijo\/#breadcrumb","itemListElement":[{"@type":"ListItem","position":1,"name":"Home","item":"https:\/\/gmelorente.com\/fr\/"},{"@type":"ListItem","position":2,"name":"Conseiller virtuel","item":"https:\/\/gmelorente.com\/fr\/asesor-virtual\/"},{"@type":"ListItem","position":3,"name":"Paroi de douche","item":"https:\/\/gmelorente.com\/fr\/asesor-virtual\/mamparas-de-ducha\/"},{"@type":"ListItem","position":4,"name":"Paroi angulaire","item":"https:\/\/gmelorente.com\/fr\/asesor-virtual\/mamparas-de-ducha\/mamparas-angulares\/"},{"@type":"ListItem","position":5,"name":"Front + Lat\u00e9ral fixe","item":"https:\/\/gmelorente.com\/fr\/asesor-virtual\/mamparas-de-ducha\/mamparas-angulares\/frontales-lateral-fijo\/"},{"@type":"ListItem","position":6,"name":"Coulissantes + Lat\u00e9rale fixe"}]},{"@type":"WebSite","@id":"https:\/\/gmelorente.com\/#website","url":"https:\/\/gmelorente.com\/","name":"GME DIVISI\u00d3N BA\u00d1OS","description":"Mamparas de ducha y mucho m\u00e1s","publisher":{"@id":"https:\/\/gmelorente.com\/#organization"},"potentialAction":[{"@type":"SearchAction","target":{"@type":"EntryPoint","urlTemplate":"https:\/\/gmelorente.com\/?s={search_term_string}"},"query-input":{"@type":"PropertyValueSpecification","valueRequired":true,"valueName":"search_term_string"}}],"inLanguage":"fr-FR"},{"@type":"Organization","@id":"https:\/\/gmelorente.com\/#organization","name":"GME DIVISI\u00d3N BA\u00d1OS S.L.","url":"https:\/\/gmelorente.com\/","logo":{"@type":"ImageObject","inLanguage":"fr-FR","@id":"https:\/\/gmelorente.com\/#\/schema\/logo\/image\/","url":"https:\/\/gmelorente.com\/wp-content\/uploads\/logo-gme-azul.jpg","contentUrl":"https:\/\/gmelorente.com\/wp-content\/uploads\/logo-gme-azul.jpg","width":810,"height":298,"caption":"GME DIVISI\u00d3N BA\u00d1OS S.L."},"image":{"@id":"https:\/\/gmelorente.com\/#\/schema\/logo\/image\/"},"sameAs":["https:\/\/www.facebook.com\/gmedivision\/?fref=ts","https:\/\/es.pinterest.com\/gmedivision\/?eq=gme&amp;etslf=14997"]}]}},"_links":{"self":[{"href":"https:\/\/gmelorente.com\/fr\/wp-json\/wp\/v2\/pages\/43066","targetHints":{"allow":["GET"]}}],"collection":[{"href":"https:\/\/gmelorente.com\/fr\/wp-json\/wp\/v2\/pages"}],"about":[{"href":"https:\/\/gmelorente.com\/fr\/wp-json\/wp\/v2\/types\/page"}],"author":[{"embeddable":true,"href":"https:\/\/gmelorente.com\/fr\/wp-json\/wp\/v2\/users\/1"}],"replies":[{"embeddable":true,"href":"https:\/\/gmelorente.com\/fr\/wp-json\/wp\/v2\/comments?post=43066"}],"version-history":[{"count":0,"href":"https:\/\/gmelorente.com\/fr\/wp-json\/wp\/v2\/pages\/43066\/revisions"}],"up":[{"embeddable":true,"href":"https:\/\/gmelorente.com\/fr\/wp-json\/wp\/v2\/pages\/43050"}],"wp:attachment":[{"href":"https:\/\/gmelorente.com\/fr\/wp-json\/wp\/v2\/media?parent=43066"}],"curies":[{"name":"wp","href":"https:\/\/api.w.org\/{rel}","templated":true}]}}