{"id":43084,"date":"2015-08-13T16:36:33","date_gmt":"2015-08-13T14:36:33","guid":{"rendered":"https:\/\/gmelorente.com\/fr\/productos\/accesorios\/"},"modified":"2016-02-11T15:25:55","modified_gmt":"2016-02-11T14:25:55","slug":"accesorios","status":"publish","type":"page","link":"https:\/\/gmelorente.com\/fr\/productos\/accesorios\/","title":{"rendered":"Accessoires"},"content":{"rendered":"<p>[vc_row][vc_column]<div class=\"dt-shortcode with-isotope\"><div class=\"wf-container dt-portfolio-shortcode loading-effect-none iso-grid bg-under-post description-under-image content-align-left\" data-padding=\"20px\" data-cur-page=\"1\" data-posts-per-page=\"-1\" data-width=\"0px\" data-columns=\"4\">\n<div class=\"wf-cell category-142\" data-post-id=\"75191\" data-date=\"2021-02-10T10:11:48+01:00\" data-name=\"BARRE DE DOUCHE R\u00c9GLABLE\">\n<article class=\"post post-75191 dt_portfolio type-dt_portfolio status-publish has-post-thumbnail hentry dt_portfolio_category-accesorios-fr dt_portfolio_category-142 bg-on\">\n\n\t<div class=\"project-list-media\">\n\t<figure class=\"buttons-on-img forward-post\">\n\t\t<a href=\"https:\/\/gmelorente.com\/fr\/producto\/barra-de-apoyo-acero-inox-304-2-3\/\" class=\"alignnone rollover layzr-bg\" title=\"BARRA-DUCHA-REGULABLE\"  aria-label=\"Post image\"><img fetchpriority=\"high\" decoding=\"async\" class=\"preload-me iso-lazy-load aspect\" src=\"data:image\/svg+xml,%3Csvg%20xmlns%3D&#39;http%3A%2F%2Fwww.w3.org%2F2000%2Fsvg&#39;%20viewBox%3D&#39;0%200%20750%20750&#39;%2F%3E\" data-src=\"https:\/\/gmelorente.com\/wp-content\/uploads\/BARRA-DUCHA-REGULABLE.jpg\" data-srcset=\"https:\/\/gmelorente.com\/wp-content\/uploads\/BARRA-DUCHA-REGULABLE.jpg 750w\" loading=\"eager\" style=\"--ratio: 750 \/ 750\" sizes=\"(max-width: 750px) 100vw, 750px\" alt=\"\" width=\"750\" height=\"750\"  \/><\/a>\t\t\t<\/figure>\n<\/div>\n<div class=\"project-list-content\">\n\t<h3 class=\"entry-title\"><a href=\"https:\/\/gmelorente.com\/fr\/producto\/barra-de-apoyo-acero-inox-304-2-3\/\" title=\"BARRE DE DOUCHE R\u00c9GLABLE\" rel=\"bookmark\">BARRE DE DOUCHE R\u00c9GLABLE<\/a><\/h3><p>Hauteur r\u00e9glable et finition chrom\u00e9e.<\/p>\n<\/div>\n<\/article>\n\n<\/div>\n<div class=\"wf-cell category-142\" data-post-id=\"75239\" data-date=\"2021-02-11T10:15:20+01:00\" data-name=\"BONDE CARR\u00c9E\">\n<article class=\"post post-75239 dt_portfolio type-dt_portfolio status-publish has-post-thumbnail hentry dt_portfolio_category-accesorios-fr dt_portfolio_category-142 bg-on\">\n\n\t<div class=\"project-list-media\">\n\t<figure class=\"buttons-on-img forward-post\">\n\t\t<a href=\"https:\/\/gmelorente.com\/fr\/producto\/barra-de-apoyo-acero-inox-304-2-3-2-2-2-2\/\" class=\"alignnone rollover layzr-bg\" title=\"VALVULA-CUADRADA\"  aria-label=\"Post image\"><img decoding=\"async\" class=\"preload-me iso-lazy-load aspect\" src=\"data:image\/svg+xml,%3Csvg%20xmlns%3D&#39;http%3A%2F%2Fwww.w3.org%2F2000%2Fsvg&#39;%20viewBox%3D&#39;0%200%20750%20750&#39;%2F%3E\" data-src=\"https:\/\/gmelorente.com\/wp-content\/uploads\/VALVULA-CUADRADA.jpg\" data-srcset=\"https:\/\/gmelorente.com\/wp-content\/uploads\/VALVULA-CUADRADA.jpg 750w\" loading=\"eager\" style=\"--ratio: 750 \/ 750\" sizes=\"(max-width: 750px) 100vw, 750px\" alt=\"\" width=\"750\" height=\"750\"  \/><\/a>\t\t\t<\/figure>\n<\/div>\n<div class=\"project-list-content\">\n\t<h3 class=\"entry-title\"><a href=\"https:\/\/gmelorente.com\/fr\/producto\/barra-de-apoyo-acero-inox-304-2-3-2-2-2-2\/\" title=\"BONDE CARR\u00c9E\" rel=\"bookmark\">BONDE CARR\u00c9E<\/a><\/h3><p>Finition chrom\u00e9e.<\/p>\n<\/div>\n<\/article>\n\n<\/div>\n<div class=\"wf-cell category-142\" data-post-id=\"75235\" data-date=\"2021-02-11T10:30:42+01:00\" data-name=\"BONDE FINITION CERAMIQUE BLANCHE\">\n<article class=\"post post-75235 dt_portfolio type-dt_portfolio status-publish has-post-thumbnail hentry dt_portfolio_category-accesorios-fr dt_portfolio_category-142 bg-on\">\n\n\t<div class=\"project-list-media\">\n\t<figure class=\"buttons-on-img forward-post\">\n\t\t<a href=\"https:\/\/gmelorente.com\/fr\/producto\/barra-de-apoyo-acero-inox-304-2-3-2-2-2-3\/\" class=\"alignnone rollover layzr-bg\" title=\"VALVULA-PORCELANA-BLANCA\"  aria-label=\"Post image\"><img decoding=\"async\" class=\"preload-me iso-lazy-load aspect\" src=\"data:image\/svg+xml,%3Csvg%20xmlns%3D&#39;http%3A%2F%2Fwww.w3.org%2F2000%2Fsvg&#39;%20viewBox%3D&#39;0%200%20750%20750&#39;%2F%3E\" data-src=\"https:\/\/gmelorente.com\/wp-content\/uploads\/VALVULA-PORCELANA-BLANCA.jpg\" data-srcset=\"https:\/\/gmelorente.com\/wp-content\/uploads\/VALVULA-PORCELANA-BLANCA.jpg 750w\" loading=\"eager\" style=\"--ratio: 750 \/ 750\" sizes=\"(max-width: 750px) 100vw, 750px\" alt=\"\" width=\"750\" height=\"750\"  \/><\/a>\t\t\t<\/figure>\n<\/div>\n<div class=\"project-list-content\">\n\t<h3 class=\"entry-title\"><a href=\"https:\/\/gmelorente.com\/fr\/producto\/barra-de-apoyo-acero-inox-304-2-3-2-2-2-3\/\" title=\"BONDE FINITION CERAMIQUE BLANCHE\" rel=\"bookmark\">BONDE FINITION CERAMIQUE BLANCHE<\/a><\/h3><p>Finition ceramique blanche.<\/p>\n<\/div>\n<\/article>\n\n<\/div>\n<div class=\"wf-cell category-142\" data-post-id=\"75243\" data-date=\"2021-02-11T10:19:18+01:00\" data-name=\"BONDE NOIR\">\n<article class=\"post post-75243 dt_portfolio type-dt_portfolio status-publish has-post-thumbnail hentry dt_portfolio_category-accesorios-fr dt_portfolio_category-142 bg-on\">\n\n\t<div class=\"project-list-media\">\n\t<figure class=\"buttons-on-img forward-post\">\n\t\t<a href=\"https:\/\/gmelorente.com\/fr\/producto\/barra-de-apoyo-acero-inox-304-2-3-2-2-2-4\/\" class=\"alignnone rollover layzr-bg\" title=\"VALVULA-NEGRA\"  aria-label=\"Post image\"><img decoding=\"async\" class=\"preload-me iso-lazy-load aspect\" src=\"data:image\/svg+xml,%3Csvg%20xmlns%3D&#39;http%3A%2F%2Fwww.w3.org%2F2000%2Fsvg&#39;%20viewBox%3D&#39;0%200%20750%20750&#39;%2F%3E\" data-src=\"https:\/\/gmelorente.com\/wp-content\/uploads\/VALVULA-NEGRA.jpg\" data-srcset=\"https:\/\/gmelorente.com\/wp-content\/uploads\/VALVULA-NEGRA.jpg 750w\" loading=\"eager\" style=\"--ratio: 750 \/ 750\" sizes=\"(max-width: 750px) 100vw, 750px\" alt=\"\" width=\"750\" height=\"750\"  \/><\/a>\t\t\t<\/figure>\n<\/div>\n<div class=\"project-list-content\">\n\t<h3 class=\"entry-title\"><a href=\"https:\/\/gmelorente.com\/fr\/producto\/barra-de-apoyo-acero-inox-304-2-3-2-2-2-4\/\" title=\"BONDE NOIR\" rel=\"bookmark\">BONDE NOIR<\/a><\/h3><p>Finition noir mat.<\/p>\n<\/div>\n<\/article>\n\n<\/div>\n<div class=\"wf-cell category-142\" data-post-id=\"75226\" data-date=\"2021-02-11T10:24:29+01:00\" data-name=\"BONDE RONDE\">\n<article class=\"post post-75226 dt_portfolio type-dt_portfolio status-publish has-post-thumbnail hentry dt_portfolio_category-accesorios-fr dt_portfolio_category-142 bg-on\">\n\n\t<div class=\"project-list-media\">\n\t<figure class=\"buttons-on-img forward-post\">\n\t\t<a href=\"https:\/\/gmelorente.com\/fr\/producto\/barra-de-apoyo-acero-inox-304-2-3-2-2-2\/\" class=\"alignnone rollover layzr-bg\" title=\"VALVULA-REDONDA\"  aria-label=\"Post image\"><img decoding=\"async\" class=\"preload-me iso-lazy-load aspect\" src=\"data:image\/svg+xml,%3Csvg%20xmlns%3D&#39;http%3A%2F%2Fwww.w3.org%2F2000%2Fsvg&#39;%20viewBox%3D&#39;0%200%20750%20750&#39;%2F%3E\" data-src=\"https:\/\/gmelorente.com\/wp-content\/uploads\/VALVULA-REDONDA.jpg\" data-srcset=\"https:\/\/gmelorente.com\/wp-content\/uploads\/VALVULA-REDONDA.jpg 750w\" loading=\"eager\" style=\"--ratio: 750 \/ 750\" sizes=\"(max-width: 750px) 100vw, 750px\" alt=\"\" width=\"750\" height=\"750\"  \/><\/a>\t\t\t<\/figure>\n<\/div>\n<div class=\"project-list-content\">\n\t<h3 class=\"entry-title\"><a href=\"https:\/\/gmelorente.com\/fr\/producto\/barra-de-apoyo-acero-inox-304-2-3-2-2-2\/\" title=\"BONDE RONDE\" rel=\"bookmark\">BONDE RONDE<\/a><\/h3><p>Finition chrom\u00e9e.<\/p>\n<\/div>\n<\/article>\n\n<\/div>\n<div class=\"wf-cell category-142\" data-post-id=\"80717\" data-date=\"2022-04-08T14:27:00+02:00\" data-name=\"COMPL\u00c9MENTS DE SALLE DE BAINS POUR LES PERSONNES \u00c0 MOBILIT\u00c9 R\u00c9DUITE\">\n<article class=\"post post-80717 dt_portfolio type-dt_portfolio status-publish has-post-thumbnail hentry dt_portfolio_category-accesorios-fr dt_portfolio_category-142 bg-on\">\n\n\t<div class=\"project-list-media\">\n\t<figure class=\"buttons-on-img forward-post\">\n\t\t<a href=\"https:\/\/gmelorente.com\/fr\/producto\/complements-avantages-sante-mobilite-reduite\/\" class=\"alignnone rollover layzr-bg\" title=\"movilidad-reducida\"  aria-label=\"Post image\"><img decoding=\"async\" class=\"preload-me iso-lazy-load aspect\" src=\"data:image\/svg+xml,%3Csvg%20xmlns%3D&#39;http%3A%2F%2Fwww.w3.org%2F2000%2Fsvg&#39;%20viewBox%3D&#39;0%200%20600%20600&#39;%2F%3E\" data-src=\"https:\/\/gmelorente.com\/wp-content\/uploads\/movilidad-reducida-600x600.jpg\" data-srcset=\"https:\/\/gmelorente.com\/wp-content\/uploads\/movilidad-reducida-600x600.jpg 600w\" loading=\"eager\" style=\"--ratio: 600 \/ 600\" sizes=\"(max-width: 600px) 100vw, 600px\" alt=\"movilidad reducida\" width=\"600\" height=\"600\"  \/><\/a>\t\t\t<\/figure>\n<\/div>\n<div class=\"project-list-content\">\n\t<h3 class=\"entry-title\"><a href=\"https:\/\/gmelorente.com\/fr\/producto\/complements-avantages-sante-mobilite-reduite\/\" title=\"COMPL\u00c9MENTS DE SALLE DE BAINS POUR LES PERSONNES \u00c0 MOBILIT\u00c9 R\u00c9DUITE\" rel=\"bookmark\">COMPL\u00c9MENTS DE SALLE DE BAINS POUR LES PERSONNES \u00c0 MOBILIT\u00c9 R\u00c9DUITE<\/a><\/h3><p>Tama\u00f1o 33&rsquo;8&#215;34&rsquo;8x50mm. Hasta 160kg.<\/p>\n<\/div>\n<\/article>\n\n<\/div>\n<div class=\"wf-cell category-142\" data-post-id=\"80823\" data-date=\"2022-04-06T13:22:43+02:00\" data-name=\"LES VALVES CLICK CLACK\">\n<article class=\"post post-80823 dt_portfolio type-dt_portfolio status-publish has-post-thumbnail hentry dt_portfolio_category-accesorios-fr dt_portfolio_category-142 bg-on\">\n\n\t<div class=\"project-list-media\">\n\t<figure class=\"buttons-on-img forward-post\">\n\t\t<a href=\"https:\/\/gmelorente.com\/fr\/producto\/barra-de-apoyo-acero-inox-304-2-3-3\/\" class=\"alignnone rollover layzr-bg\" title=\"cuadrada\"  aria-label=\"Post image\"><img decoding=\"async\" class=\"preload-me iso-lazy-load aspect\" src=\"data:image\/svg+xml,%3Csvg%20xmlns%3D&#39;http%3A%2F%2Fwww.w3.org%2F2000%2Fsvg&#39;%20viewBox%3D&#39;0%200%20700%20700&#39;%2F%3E\" data-src=\"https:\/\/gmelorente.com\/wp-content\/uploads\/cuadrada.jpg\" data-srcset=\"https:\/\/gmelorente.com\/wp-content\/uploads\/cuadrada.jpg 700w\" loading=\"eager\" style=\"--ratio: 700 \/ 700\" sizes=\"(max-width: 700px) 100vw, 700px\" alt=\"cuadrada\" width=\"700\" height=\"700\"  \/><\/a>\t\t\t<\/figure>\n<\/div>\n<div class=\"project-list-content\">\n\t<h3 class=\"entry-title\"><a href=\"https:\/\/gmelorente.com\/fr\/producto\/barra-de-apoyo-acero-inox-304-2-3-3\/\" title=\"LES VALVES CLICK CLACK\" rel=\"bookmark\">LES VALVES CLICK CLACK<\/a><\/h3><p>Mod\u00e8les de valves clic clac en diff\u00e9rentes finitions.<\/p>\n<\/div>\n<\/article>\n\n<\/div>\n<div class=\"wf-cell category-142\" data-post-id=\"75204\" data-date=\"2021-02-11T09:59:08+01:00\" data-name=\"MANIGLIE, STAFFE E SUPPORTI\">\n<article class=\"post post-75204 dt_portfolio type-dt_portfolio status-publish has-post-thumbnail hentry dt_portfolio_category-accesorios-fr dt_portfolio_category-142 bg-on\">\n\n\t<div class=\"project-list-media\">\n\t<figure class=\"buttons-on-img forward-post\">\n\t\t<a href=\"https:\/\/gmelorente.com\/fr\/producto\/barra-di-supporto-in-acciaio-inox-304-2-3-2\/\" class=\"alignnone rollover layzr-bg\" title=\"EMPOTRABLE-DUCHA-REDONDO-TERMOSTATICO-NEGRO\"  aria-label=\"Post image\"><img decoding=\"async\" class=\"preload-me iso-lazy-load aspect\" src=\"data:image\/svg+xml,%3Csvg%20xmlns%3D&#39;http%3A%2F%2Fwww.w3.org%2F2000%2Fsvg&#39;%20viewBox%3D&#39;0%200%20750%20750&#39;%2F%3E\" data-src=\"https:\/\/gmelorente.com\/wp-content\/uploads\/EMPOTRABLE-DUCHA-REDONDO-TERMOSTATICO-NEGRO.jpg\" data-srcset=\"https:\/\/gmelorente.com\/wp-content\/uploads\/EMPOTRABLE-DUCHA-REDONDO-TERMOSTATICO-NEGRO.jpg 750w\" loading=\"eager\" style=\"--ratio: 750 \/ 750\" sizes=\"(max-width: 750px) 100vw, 750px\" alt=\"\" width=\"750\" height=\"750\"  \/><\/a>\t\t\t<\/figure>\n<\/div>\n<div class=\"project-list-content\">\n\t<h3 class=\"entry-title\"><a href=\"https:\/\/gmelorente.com\/fr\/producto\/barra-di-supporto-in-acciaio-inox-304-2-3-2\/\" title=\"MANIGLIE, STAFFE E SUPPORTI\" rel=\"bookmark\">MANIGLIE, STAFFE E SUPPORTI<\/a><\/h3><p>Finition chrom\u00e9e.<\/p>\n<\/div>\n<\/article>\n\n<\/div>\n<div class=\"wf-cell category-142\" data-post-id=\"75284\" data-date=\"2021-02-10T11:34:51+01:00\" data-name=\"PANIERS DE DOUCHE EN ACIER INOXYDABLE\">\n<article class=\"post post-75284 dt_portfolio type-dt_portfolio status-publish has-post-thumbnail hentry dt_portfolio_category-accesorios-fr dt_portfolio_category-142 bg-on\">\n\n\t<div class=\"project-list-media\">\n\t<figure class=\"buttons-on-img forward-post\">\n\t\t<a href=\"https:\/\/gmelorente.com\/fr\/producto\/paniers-de-douche-en-acier-inoxydable\/\" class=\"alignnone rollover layzr-bg\" title=\"2978244_2\"  aria-label=\"Post image\"><img decoding=\"async\" class=\"preload-me iso-lazy-load aspect\" src=\"data:image\/svg+xml,%3Csvg%20xmlns%3D&#39;http%3A%2F%2Fwww.w3.org%2F2000%2Fsvg&#39;%20viewBox%3D&#39;0%200%20470%20470&#39;%2F%3E\" data-src=\"https:\/\/gmelorente.com\/wp-content\/uploads\/2978244_2.jpg\" data-srcset=\"https:\/\/gmelorente.com\/wp-content\/uploads\/2978244_2.jpg 470w\" loading=\"eager\" style=\"--ratio: 470 \/ 470\" sizes=\"(max-width: 470px) 100vw, 470px\" alt=\"\" width=\"470\" height=\"470\"  \/><\/a>\t\t\t<\/figure>\n<\/div>\n<div class=\"project-list-content\">\n\t<h3 class=\"entry-title\"><a href=\"https:\/\/gmelorente.com\/fr\/producto\/paniers-de-douche-en-acier-inoxydable\/\" title=\"PANIERS DE DOUCHE EN ACIER INOXYDABLE\" rel=\"bookmark\">PANIERS DE DOUCHE EN ACIER INOXYDABLE<\/a><\/h3><p>Paniers de douche<\/p>\n<\/div>\n<\/article>\n\n<\/div>\n<div class=\"wf-cell category-142 category-124\" data-post-id=\"75182\" data-date=\"2021-02-10T10:33:29+01:00\" data-name=\"ROBINETS DE WC ENCASTR\u00c9S\">\n<article class=\"post post-75182 dt_portfolio type-dt_portfolio status-publish has-post-thumbnail hentry dt_portfolio_category-accesorios-fr dt_portfolio_category-empotrables-fr dt_portfolio_category-142 dt_portfolio_category-124 bg-on\">\n\n\t<div class=\"project-list-media\">\n\t<figure class=\"buttons-on-img forward-post\">\n\t\t<a href=\"https:\/\/gmelorente.com\/fr\/producto\/integre-wc\/\" class=\"alignnone rollover layzr-bg\" title=\"empotrable-negro-ambiente\"  aria-label=\"Post image\"><img decoding=\"async\" class=\"preload-me iso-lazy-load aspect\" src=\"data:image\/svg+xml,%3Csvg%20xmlns%3D&#39;http%3A%2F%2Fwww.w3.org%2F2000%2Fsvg&#39;%20viewBox%3D&#39;0%200%20500%20500&#39;%2F%3E\" data-src=\"https:\/\/gmelorente.com\/wp-content\/uploads\/empotrable-negro-ambiente.jpg\" data-srcset=\"https:\/\/gmelorente.com\/wp-content\/uploads\/empotrable-negro-ambiente.jpg 500w\" loading=\"eager\" style=\"--ratio: 500 \/ 500\" sizes=\"(max-width: 500px) 100vw, 500px\" alt=\"empotrable wc negro\" width=\"500\" height=\"500\"  \/><\/a>\t\t\t<\/figure>\n<\/div>\n<div class=\"project-list-content\">\n\t<h3 class=\"entry-title\"><a href=\"https:\/\/gmelorente.com\/fr\/producto\/integre-wc\/\" title=\"ROBINETS DE WC ENCASTR\u00c9S\" rel=\"bookmark\">ROBINETS DE WC ENCASTR\u00c9S<\/a><\/h3><p>Finition chrome et noir mat.<\/p>\n<\/div>\n<\/article>\n\n<\/div>\n<div class=\"wf-cell category-142\" data-post-id=\"75262\" data-date=\"2021-02-11T10:03:37+01:00\" data-name=\"SIPHON CHROM\u00c9\">\n<article class=\"post post-75262 dt_portfolio type-dt_portfolio status-publish has-post-thumbnail hentry dt_portfolio_category-accesorios-fr dt_portfolio_category-142 bg-on\">\n\n\t<div class=\"project-list-media\">\n\t<figure class=\"buttons-on-img forward-post\">\n\t\t<a href=\"https:\/\/gmelorente.com\/fr\/producto\/siphon-pour-bassin\/\" class=\"alignnone rollover layzr-bg\" title=\"LAVABO FONDO REDUCIDO 45x36x12,5 - pag. 225 del cat\u00e1logo\"  aria-label=\"Post image\"><img decoding=\"async\" class=\"preload-me iso-lazy-load aspect\" src=\"data:image\/svg+xml,%3Csvg%20xmlns%3D&#39;http%3A%2F%2Fwww.w3.org%2F2000%2Fsvg&#39;%20viewBox%3D&#39;0%200%20900%20900&#39;%2F%3E\" data-src=\"https:\/\/gmelorente.com\/wp-content\/uploads\/9363-e1648723549713.jpg\" data-srcset=\"https:\/\/gmelorente.com\/wp-content\/uploads\/9363-e1648723549713.jpg 900w\" loading=\"eager\" style=\"--ratio: 900 \/ 900\" sizes=\"(max-width: 900px) 100vw, 900px\" alt=\"\" width=\"900\" height=\"900\"  \/><\/a>\t\t\t<\/figure>\n<\/div>\n<div class=\"project-list-content\">\n\t<h3 class=\"entry-title\"><a href=\"https:\/\/gmelorente.com\/fr\/producto\/siphon-pour-bassin\/\" title=\"SIPHON CHROM\u00c9\" rel=\"bookmark\">SIPHON CHROM\u00c9<\/a><\/h3><p>Finition chrom\u00e9.<\/p>\n<\/div>\n<\/article>\n\n<\/div><\/div><\/div>[\/vc_column][\/vc_row]<\/p>\n","protected":false},"excerpt":{"rendered":"<p>[vc_row][vc_column][\/vc_column][\/vc_row]<\/p>\n","protected":false},"author":1,"featured_media":0,"parent":43078,"menu_order":0,"comment_status":"closed","ping_status":"closed","template":"","meta":{"footnotes":""},"class_list":["post-43084","page","type-page","status-publish","hentry","description-off"],"yoast_head":"<!-- This site is optimized with the Yoast SEO plugin v27.2 - https:\/\/yoast.com\/product\/yoast-seo-wordpress\/ -->\n<title>Accessoires - GME DIVISI\u00d3N BA\u00d1OS<\/title>\n<meta name=\"robots\" content=\"index, follow, max-snippet:-1, max-image-preview:large, max-video-preview:-1\" \/>\n<link rel=\"canonical\" href=\"https:\/\/gmelorente.com\/fr\/productos\/accesorios\/\" \/>\n<meta property=\"og:locale\" content=\"fr_FR\" \/>\n<meta property=\"og:type\" content=\"article\" \/>\n<meta property=\"og:title\" content=\"Accessoires - GME DIVISI\u00d3N BA\u00d1OS\" \/>\n<meta property=\"og:description\" content=\"[vc_row][vc_column][\/vc_column][\/vc_row]\" \/>\n<meta property=\"og:url\" content=\"https:\/\/gmelorente.com\/fr\/productos\/accesorios\/\" \/>\n<meta property=\"og:site_name\" content=\"GME DIVISI\u00d3N BA\u00d1OS\" \/>\n<meta property=\"article:publisher\" content=\"https:\/\/www.facebook.com\/gmedivision\/?fref=ts\" \/>\n<meta property=\"article:modified_time\" content=\"2016-02-11T14:25:55+00:00\" \/>\n<meta name=\"twitter:card\" content=\"summary_large_image\" \/>\n<script type=\"application\/ld+json\" class=\"yoast-schema-graph\">{\"@context\":\"https:\/\/schema.org\",\"@graph\":[{\"@type\":\"WebPage\",\"@id\":\"https:\/\/gmelorente.com\/fr\/productos\/accesorios\/\",\"url\":\"https:\/\/gmelorente.com\/fr\/productos\/accesorios\/\",\"name\":\"Accessoires - GME DIVISI\u00d3N BA\u00d1OS\",\"isPartOf\":{\"@id\":\"https:\/\/gmelorente.com\/#website\"},\"datePublished\":\"2015-08-13T14:36:33+00:00\",\"dateModified\":\"2016-02-11T14:25:55+00:00\",\"breadcrumb\":{\"@id\":\"https:\/\/gmelorente.com\/fr\/productos\/accesorios\/#breadcrumb\"},\"inLanguage\":\"fr-FR\",\"potentialAction\":[{\"@type\":\"ReadAction\",\"target\":[\"https:\/\/gmelorente.com\/fr\/productos\/accesorios\/\"]}]},{\"@type\":\"BreadcrumbList\",\"@id\":\"https:\/\/gmelorente.com\/fr\/productos\/accesorios\/#breadcrumb\",\"itemListElement\":[{\"@type\":\"ListItem\",\"position\":1,\"name\":\"Home\",\"item\":\"https:\/\/gmelorente.com\/fr\/\"},{\"@type\":\"ListItem\",\"position\":2,\"name\":\"Produits\",\"item\":\"https:\/\/gmelorente.com\/fr\/productos\/\"},{\"@type\":\"ListItem\",\"position\":3,\"name\":\"Accessoires\"}]},{\"@type\":\"WebSite\",\"@id\":\"https:\/\/gmelorente.com\/#website\",\"url\":\"https:\/\/gmelorente.com\/\",\"name\":\"GME DIVISI\u00d3N BA\u00d1OS\",\"description\":\"Mamparas de ducha y mucho m\u00e1s\",\"publisher\":{\"@id\":\"https:\/\/gmelorente.com\/#organization\"},\"potentialAction\":[{\"@type\":\"SearchAction\",\"target\":{\"@type\":\"EntryPoint\",\"urlTemplate\":\"https:\/\/gmelorente.com\/?s={search_term_string}\"},\"query-input\":{\"@type\":\"PropertyValueSpecification\",\"valueRequired\":true,\"valueName\":\"search_term_string\"}}],\"inLanguage\":\"fr-FR\"},{\"@type\":\"Organization\",\"@id\":\"https:\/\/gmelorente.com\/#organization\",\"name\":\"GME DIVISI\u00d3N BA\u00d1OS S.L.\",\"url\":\"https:\/\/gmelorente.com\/\",\"logo\":{\"@type\":\"ImageObject\",\"inLanguage\":\"fr-FR\",\"@id\":\"https:\/\/gmelorente.com\/#\/schema\/logo\/image\/\",\"url\":\"https:\/\/gmelorente.com\/wp-content\/uploads\/logo-gme-azul.jpg\",\"contentUrl\":\"https:\/\/gmelorente.com\/wp-content\/uploads\/logo-gme-azul.jpg\",\"width\":810,\"height\":298,\"caption\":\"GME DIVISI\u00d3N BA\u00d1OS S.L.\"},\"image\":{\"@id\":\"https:\/\/gmelorente.com\/#\/schema\/logo\/image\/\"},\"sameAs\":[\"https:\/\/www.facebook.com\/gmedivision\/?fref=ts\",\"https:\/\/es.pinterest.com\/gmedivision\/?eq=gme&amp;etslf=14997\"]}]}<\/script>\n<!-- \/ Yoast SEO plugin. -->","yoast_head_json":{"title":"Accessoires - GME DIVISI\u00d3N BA\u00d1OS","robots":{"index":"index","follow":"follow","max-snippet":"max-snippet:-1","max-image-preview":"max-image-preview:large","max-video-preview":"max-video-preview:-1"},"canonical":"https:\/\/gmelorente.com\/fr\/productos\/accesorios\/","og_locale":"fr_FR","og_type":"article","og_title":"Accessoires - GME DIVISI\u00d3N BA\u00d1OS","og_description":"[vc_row][vc_column][\/vc_column][\/vc_row]","og_url":"https:\/\/gmelorente.com\/fr\/productos\/accesorios\/","og_site_name":"GME DIVISI\u00d3N BA\u00d1OS","article_publisher":"https:\/\/www.facebook.com\/gmedivision\/?fref=ts","article_modified_time":"2016-02-11T14:25:55+00:00","twitter_card":"summary_large_image","schema":{"@context":"https:\/\/schema.org","@graph":[{"@type":"WebPage","@id":"https:\/\/gmelorente.com\/fr\/productos\/accesorios\/","url":"https:\/\/gmelorente.com\/fr\/productos\/accesorios\/","name":"Accessoires - GME DIVISI\u00d3N BA\u00d1OS","isPartOf":{"@id":"https:\/\/gmelorente.com\/#website"},"datePublished":"2015-08-13T14:36:33+00:00","dateModified":"2016-02-11T14:25:55+00:00","breadcrumb":{"@id":"https:\/\/gmelorente.com\/fr\/productos\/accesorios\/#breadcrumb"},"inLanguage":"fr-FR","potentialAction":[{"@type":"ReadAction","target":["https:\/\/gmelorente.com\/fr\/productos\/accesorios\/"]}]},{"@type":"BreadcrumbList","@id":"https:\/\/gmelorente.com\/fr\/productos\/accesorios\/#breadcrumb","itemListElement":[{"@type":"ListItem","position":1,"name":"Home","item":"https:\/\/gmelorente.com\/fr\/"},{"@type":"ListItem","position":2,"name":"Produits","item":"https:\/\/gmelorente.com\/fr\/productos\/"},{"@type":"ListItem","position":3,"name":"Accessoires"}]},{"@type":"WebSite","@id":"https:\/\/gmelorente.com\/#website","url":"https:\/\/gmelorente.com\/","name":"GME DIVISI\u00d3N BA\u00d1OS","description":"Mamparas de ducha y mucho m\u00e1s","publisher":{"@id":"https:\/\/gmelorente.com\/#organization"},"potentialAction":[{"@type":"SearchAction","target":{"@type":"EntryPoint","urlTemplate":"https:\/\/gmelorente.com\/?s={search_term_string}"},"query-input":{"@type":"PropertyValueSpecification","valueRequired":true,"valueName":"search_term_string"}}],"inLanguage":"fr-FR"},{"@type":"Organization","@id":"https:\/\/gmelorente.com\/#organization","name":"GME DIVISI\u00d3N BA\u00d1OS S.L.","url":"https:\/\/gmelorente.com\/","logo":{"@type":"ImageObject","inLanguage":"fr-FR","@id":"https:\/\/gmelorente.com\/#\/schema\/logo\/image\/","url":"https:\/\/gmelorente.com\/wp-content\/uploads\/logo-gme-azul.jpg","contentUrl":"https:\/\/gmelorente.com\/wp-content\/uploads\/logo-gme-azul.jpg","width":810,"height":298,"caption":"GME DIVISI\u00d3N BA\u00d1OS S.L."},"image":{"@id":"https:\/\/gmelorente.com\/#\/schema\/logo\/image\/"},"sameAs":["https:\/\/www.facebook.com\/gmedivision\/?fref=ts","https:\/\/es.pinterest.com\/gmedivision\/?eq=gme&amp;etslf=14997"]}]}},"_links":{"self":[{"href":"https:\/\/gmelorente.com\/fr\/wp-json\/wp\/v2\/pages\/43084","targetHints":{"allow":["GET"]}}],"collection":[{"href":"https:\/\/gmelorente.com\/fr\/wp-json\/wp\/v2\/pages"}],"about":[{"href":"https:\/\/gmelorente.com\/fr\/wp-json\/wp\/v2\/types\/page"}],"author":[{"embeddable":true,"href":"https:\/\/gmelorente.com\/fr\/wp-json\/wp\/v2\/users\/1"}],"replies":[{"embeddable":true,"href":"https:\/\/gmelorente.com\/fr\/wp-json\/wp\/v2\/comments?post=43084"}],"version-history":[{"count":0,"href":"https:\/\/gmelorente.com\/fr\/wp-json\/wp\/v2\/pages\/43084\/revisions"}],"up":[{"embeddable":true,"href":"https:\/\/gmelorente.com\/fr\/wp-json\/wp\/v2\/pages\/43078"}],"wp:attachment":[{"href":"https:\/\/gmelorente.com\/fr\/wp-json\/wp\/v2\/media?parent=43084"}],"curies":[{"name":"wp","href":"https:\/\/api.w.org\/{rel}","templated":true}]}}