{"id":43093,"date":"2015-08-13T16:35:04","date_gmt":"2015-08-13T14:35:04","guid":{"rendered":"https:\/\/gmelorente.com\/fr\/productos\/platos-de-ducha\/"},"modified":"2016-02-11T16:27:06","modified_gmt":"2016-02-11T15:27:06","slug":"platos-de-ducha","status":"publish","type":"page","link":"https:\/\/gmelorente.com\/fr\/productos\/platos-de-ducha\/","title":{"rendered":"Receveurs de douche"},"content":{"rendered":"<p>[vc_row][vc_column]<div class=\"dt-shortcode with-isotope\"><div class=\"filter iso-filter extras-off\"><div class=\"filter-categories\" data-default-order=\"asc\" data-default-orderby=\"title\"><a href=\"https:\/\/gmelorente.com\/fr\/productos\/platos-de-ducha\/\" class=\"show-all act\" data-filter=\"*\" aria-label=\"Apply filter: Tout voir\">Tout voir<\/a><a href=\"https:\/\/gmelorente.com\/fr\/productos\/platos-de-ducha\/?term=181\" class=\"resina-carga-mineral-plus-fr\" data-filter=\".category-181\" aria-label=\"Apply filter: R\u00e9sine charge min\u00e9rale plus\">R\u00e9sine charge min\u00e9rale plus<\/a><a href=\"https:\/\/gmelorente.com\/fr\/productos\/platos-de-ducha\/?term=178\" class=\"resina-carga-mineral-tradicional-fr\" data-filter=\".category-178\" aria-label=\"Apply filter: R\u00e9sine charge min\u00e9rale traditionnel\">R\u00e9sine charge min\u00e9rale traditionnel<\/a><a href=\"https:\/\/gmelorente.com\/fr\/productos\/platos-de-ducha\/?term=174\" class=\"resina-tecnica-fr\" data-filter=\".category-174\" aria-label=\"Apply filter: R\u00e9sine technique\">R\u00e9sine technique<\/a><\/div><\/div><div class=\"wf-container dt-portfolio-shortcode loading-effect-none iso-grid bg-under-post description-under-image content-align-left\" data-padding=\"20px\" data-cur-page=\"1\" data-posts-per-page=\"-1\" data-width=\"0px\" data-columns=\"4\">\n<div class=\"wf-cell category-168 category-181\" data-post-id=\"42914\" data-date=\"2015-10-27T01:20:47+01:00\" data-name=\"RECEVEUR DE DOUCHE ARDESIA\">\n<article class=\"post post-42914 dt_portfolio type-dt_portfolio status-publish has-post-thumbnail hentry dt_portfolio_category-platos-de-ducha-fr dt_portfolio_category-resina-carga-mineral-plus-fr dt_portfolio_category-168 dt_portfolio_category-181 bg-on\">\n\n\t<div class=\"project-list-media\">\n\t<figure class=\"buttons-on-img forward-post\">\n\t\t<a href=\"https:\/\/gmelorente.com\/fr\/producto\/plato-de-ducha-ardesia-2\/\" class=\"alignnone rollover layzr-bg\" title=\"PLATOS CARGA MINERAL ARDESIA PLUS PIZARRA - pag. 187 del cat\u00e1logo\"  aria-label=\"Post image\"><img fetchpriority=\"high\" decoding=\"async\" class=\"preload-me iso-lazy-load aspect\" src=\"data:image\/svg+xml,%3Csvg%20xmlns%3D&#39;http%3A%2F%2Fwww.w3.org%2F2000%2Fsvg&#39;%20viewBox%3D&#39;0%200%20840%20840&#39;%2F%3E\" data-src=\"https:\/\/gmelorente.com\/wp-content\/uploads\/Cascada_Ardesia_plus.jpg\" data-srcset=\"https:\/\/gmelorente.com\/wp-content\/uploads\/Cascada_Ardesia_plus.jpg 840w\" loading=\"eager\" style=\"--ratio: 840 \/ 840\" sizes=\"(max-width: 840px) 100vw, 840px\" alt=\"\" width=\"840\" height=\"840\"  \/><\/a>\t\t\t<\/figure>\n<\/div>\n<div class=\"project-list-content\">\n\t<h3 class=\"entry-title\"><a href=\"https:\/\/gmelorente.com\/fr\/producto\/plato-de-ducha-ardesia-2\/\" title=\"RECEVEUR DE DOUCHE ARDESIA\" rel=\"bookmark\">RECEVEUR DE DOUCHE ARDESIA<\/a><\/h3><p>Charge min\u00e9rale de derni\u00e8re g\u00e9n\u00e9ration fabriqu\u00e9e en r\u00e9sine avec une nouvelle formule de charge min\u00e9rale de gel coat.<\/p>\n<\/div>\n<\/article>\n\n<\/div>\n<div class=\"wf-cell category-173 category-168 category-174\" data-post-id=\"42905\" data-date=\"2015-10-27T01:45:36+01:00\" data-name=\"RECEVEUR DE DOUCHE RESITEC ROCK\">\n<article class=\"post post-42905 dt_portfolio type-dt_portfolio status-publish has-post-thumbnail hentry dt_portfolio_category-destacado-fr dt_portfolio_category-platos-de-ducha-fr dt_portfolio_category-resina-tecnica-fr dt_portfolio_category-173 dt_portfolio_category-168 dt_portfolio_category-174 bg-on\">\n\n\t<div class=\"project-list-media\">\n\t<figure class=\"buttons-on-img forward-post\">\n\t\t<a href=\"https:\/\/gmelorente.com\/fr\/producto\/plato-de-ducha-resitec-rock\/\" class=\"alignnone rollover layzr-bg\" title=\"PLATOS DE RESINA RESITEC ROCK PIEDRA - pag. 191 del cat\u00e1logo\"  aria-label=\"Post image\"><img decoding=\"async\" class=\"preload-me iso-lazy-load aspect\" src=\"data:image\/svg+xml,%3Csvg%20xmlns%3D&#39;http%3A%2F%2Fwww.w3.org%2F2000%2Fsvg&#39;%20viewBox%3D&#39;0%200%20840%20840&#39;%2F%3E\" data-src=\"https:\/\/gmelorente.com\/wp-content\/uploads\/Cascada_Resitec_rock.jpg\" data-srcset=\"https:\/\/gmelorente.com\/wp-content\/uploads\/Cascada_Resitec_rock.jpg 840w\" loading=\"eager\" style=\"--ratio: 840 \/ 840\" sizes=\"(max-width: 840px) 100vw, 840px\" alt=\"\" width=\"840\" height=\"840\"  \/><\/a>\t\t\t<\/figure>\n<\/div>\n<div class=\"project-list-content\">\n\t<h3 class=\"entry-title\"><a href=\"https:\/\/gmelorente.com\/fr\/producto\/plato-de-ducha-resitec-rock\/\" title=\"RECEVEUR DE DOUCHE RESITEC ROCK\" rel=\"bookmark\">RECEVEUR DE DOUCHE RESITEC ROCK<\/a><\/h3><p>Receveurs fabriqu\u00e9s \u00e0 base de r\u00e9sine technique et gel coat par le biais d&rsquo;une technologie et d&rsquo;un syst\u00e8me de production qui nous permet d&rsquo;all\u00e9ger consid\u00e9rablement le poids.<\/p>\n<\/div>\n<\/article>\n\n<\/div>\n<div class=\"wf-cell category-168 category-178\" data-post-id=\"42908\" data-date=\"2015-10-27T01:38:20+01:00\" data-name=\"RECEVEUR DE DOUCHE STONE CLASSIC\">\n<article class=\"post post-42908 dt_portfolio type-dt_portfolio status-publish has-post-thumbnail hentry dt_portfolio_category-platos-de-ducha-fr dt_portfolio_category-resina-carga-mineral-tradicional-fr dt_portfolio_category-168 dt_portfolio_category-178 bg-on\">\n\n\t<div class=\"project-list-media\">\n\t<figure class=\"buttons-on-img forward-post\">\n\t\t<a href=\"https:\/\/gmelorente.com\/fr\/producto\/plato-de-ducha-stone-classic\/\" class=\"alignnone rollover layzr-bg\" title=\"PLATOS CARGA MINERAL STONE CLASSIC PIZARRA - pag. 185 del cat\u00e1logo\"  aria-label=\"Post image\"><img decoding=\"async\" class=\"preload-me iso-lazy-load aspect\" src=\"data:image\/svg+xml,%3Csvg%20xmlns%3D&#39;http%3A%2F%2Fwww.w3.org%2F2000%2Fsvg&#39;%20viewBox%3D&#39;0%200%20840%20840&#39;%2F%3E\" data-src=\"https:\/\/gmelorente.com\/wp-content\/uploads\/Cascada_Stone_classic.jpg\" data-srcset=\"https:\/\/gmelorente.com\/wp-content\/uploads\/Cascada_Stone_classic.jpg 840w\" loading=\"eager\" style=\"--ratio: 840 \/ 840\" sizes=\"(max-width: 840px) 100vw, 840px\" alt=\"\" width=\"840\" height=\"840\"  \/><\/a>\t\t\t<\/figure>\n<\/div>\n<div class=\"project-list-content\">\n\t<h3 class=\"entry-title\"><a href=\"https:\/\/gmelorente.com\/fr\/producto\/plato-de-ducha-stone-classic\/\" title=\"RECEVEUR DE DOUCHE STONE CLASSIC\" rel=\"bookmark\">RECEVEUR DE DOUCHE STONE CLASSIC<\/a><\/h3><p>Receveur de douche extra plat en r\u00e9sine avec une charge min\u00e9rale et gel coat sanitaire.<\/p>\n<\/div>\n<\/article>\n\n<\/div>\n<div class=\"wf-cell category-173 category-168 category-181\" data-post-id=\"42911\" data-date=\"2015-10-27T01:31:39+01:00\" data-name=\"RECEVEUR DE DOUCHE STYLE PLUS\">\n<article class=\"post post-42911 dt_portfolio type-dt_portfolio status-publish has-post-thumbnail hentry dt_portfolio_category-destacado-fr dt_portfolio_category-platos-de-ducha-fr dt_portfolio_category-resina-carga-mineral-plus-fr dt_portfolio_category-173 dt_portfolio_category-168 dt_portfolio_category-181 bg-on\">\n\n\t<div class=\"project-list-media\">\n\t<figure class=\"buttons-on-img forward-post\">\n\t\t<a href=\"https:\/\/gmelorente.com\/fr\/producto\/plato-de-ducha-style-plus\/\" class=\"alignnone rollover layzr-bg\" title=\"PLATOS CARGA MINERAL STYLE PLUS PIZARRA - pag. 189 del cat\u00e1logo\"  aria-label=\"Post image\"><img decoding=\"async\" class=\"preload-me iso-lazy-load aspect\" src=\"data:image\/svg+xml,%3Csvg%20xmlns%3D&#39;http%3A%2F%2Fwww.w3.org%2F2000%2Fsvg&#39;%20viewBox%3D&#39;0%200%20840%20840&#39;%2F%3E\" data-src=\"https:\/\/gmelorente.com\/wp-content\/uploads\/Cascada_Style_Plus.jpg\" data-srcset=\"https:\/\/gmelorente.com\/wp-content\/uploads\/Cascada_Style_Plus.jpg 840w\" loading=\"eager\" style=\"--ratio: 840 \/ 840\" sizes=\"(max-width: 840px) 100vw, 840px\" alt=\"\" width=\"840\" height=\"840\"  \/><\/a>\t\t\t<\/figure>\n<\/div>\n<div class=\"project-list-content\">\n\t<h3 class=\"entry-title\"><a href=\"https:\/\/gmelorente.com\/fr\/producto\/plato-de-ducha-style-plus\/\" title=\"RECEVEUR DE DOUCHE STYLE PLUS\" rel=\"bookmark\">RECEVEUR DE DOUCHE STYLE PLUS<\/a><\/h3><p>Charge min\u00e9rale de derni\u00e8re g\u00e9n\u00e9ration fabriqu\u00e9e en r\u00e9sine avec une nouvelle formule de charge min\u00e9rale de gel coat.<\/p>\n<\/div>\n<\/article>\n\n<\/div><\/div><\/div>[\/vc_column][\/vc_row]<\/p>\n","protected":false},"excerpt":{"rendered":"<p>[vc_row][vc_column][\/vc_column][\/vc_row]<\/p>\n","protected":false},"author":1,"featured_media":0,"parent":43078,"menu_order":0,"comment_status":"closed","ping_status":"closed","template":"","meta":{"footnotes":""},"class_list":["post-43093","page","type-page","status-publish","hentry","description-off"],"yoast_head":"<!-- This site is optimized with the Yoast SEO plugin v27.3 - https:\/\/yoast.com\/product\/yoast-seo-wordpress\/ -->\n<title>Fabricante platos de ducha con certificados de calidad GME<\/title>\n<meta name=\"description\" content=\"Fabricante platos de ducha con certificados de calidad GME. Platos de resina con carga mineral a medida, con corte y con un plazo de entrega medio de 48 horas.\" \/>\n<meta name=\"robots\" content=\"index, follow, max-snippet:-1, max-image-preview:large, max-video-preview:-1\" \/>\n<link rel=\"canonical\" href=\"https:\/\/gmelorente.com\/fr\/productos\/platos-de-ducha\/\" \/>\n<meta property=\"og:locale\" content=\"fr_FR\" \/>\n<meta property=\"og:type\" content=\"article\" \/>\n<meta property=\"og:title\" content=\"Fabricante platos de ducha con certificados de calidad GME\" \/>\n<meta property=\"og:description\" content=\"Fabricante platos de ducha con certificados de calidad GME. Platos de resina con carga mineral a medida, con corte y con un plazo de entrega medio de 48 horas.\" \/>\n<meta property=\"og:url\" content=\"https:\/\/gmelorente.com\/fr\/productos\/platos-de-ducha\/\" \/>\n<meta property=\"og:site_name\" content=\"GME DIVISI\u00d3N BA\u00d1OS\" \/>\n<meta property=\"article:publisher\" content=\"https:\/\/www.facebook.com\/gmedivision\/?fref=ts\" \/>\n<meta property=\"article:modified_time\" content=\"2016-02-11T15:27:06+00:00\" \/>\n<meta name=\"twitter:card\" content=\"summary_large_image\" \/>\n<script type=\"application\/ld+json\" class=\"yoast-schema-graph\">{\"@context\":\"https:\\\/\\\/schema.org\",\"@graph\":[{\"@type\":\"WebPage\",\"@id\":\"https:\\\/\\\/gmelorente.com\\\/fr\\\/productos\\\/platos-de-ducha\\\/\",\"url\":\"https:\\\/\\\/gmelorente.com\\\/fr\\\/productos\\\/platos-de-ducha\\\/\",\"name\":\"Fabricante platos de ducha con certificados de calidad GME\",\"isPartOf\":{\"@id\":\"https:\\\/\\\/gmelorente.com\\\/#website\"},\"datePublished\":\"2015-08-13T14:35:04+00:00\",\"dateModified\":\"2016-02-11T15:27:06+00:00\",\"description\":\"Fabricante platos de ducha con certificados de calidad GME. Platos de resina con carga mineral a medida, con corte y con un plazo de entrega medio de 48 horas.\",\"breadcrumb\":{\"@id\":\"https:\\\/\\\/gmelorente.com\\\/fr\\\/productos\\\/platos-de-ducha\\\/#breadcrumb\"},\"inLanguage\":\"fr-FR\",\"potentialAction\":[{\"@type\":\"ReadAction\",\"target\":[\"https:\\\/\\\/gmelorente.com\\\/fr\\\/productos\\\/platos-de-ducha\\\/\"]}]},{\"@type\":\"BreadcrumbList\",\"@id\":\"https:\\\/\\\/gmelorente.com\\\/fr\\\/productos\\\/platos-de-ducha\\\/#breadcrumb\",\"itemListElement\":[{\"@type\":\"ListItem\",\"position\":1,\"name\":\"Home\",\"item\":\"https:\\\/\\\/gmelorente.com\\\/fr\\\/\"},{\"@type\":\"ListItem\",\"position\":2,\"name\":\"Produits\",\"item\":\"https:\\\/\\\/gmelorente.com\\\/fr\\\/productos\\\/\"},{\"@type\":\"ListItem\",\"position\":3,\"name\":\"Receveurs de douche\"}]},{\"@type\":\"WebSite\",\"@id\":\"https:\\\/\\\/gmelorente.com\\\/#website\",\"url\":\"https:\\\/\\\/gmelorente.com\\\/\",\"name\":\"GME DIVISI\u00d3N BA\u00d1OS\",\"description\":\"Mamparas de ducha y mucho m\u00e1s\",\"publisher\":{\"@id\":\"https:\\\/\\\/gmelorente.com\\\/#organization\"},\"potentialAction\":[{\"@type\":\"SearchAction\",\"target\":{\"@type\":\"EntryPoint\",\"urlTemplate\":\"https:\\\/\\\/gmelorente.com\\\/?s={search_term_string}\"},\"query-input\":{\"@type\":\"PropertyValueSpecification\",\"valueRequired\":true,\"valueName\":\"search_term_string\"}}],\"inLanguage\":\"fr-FR\"},{\"@type\":\"Organization\",\"@id\":\"https:\\\/\\\/gmelorente.com\\\/#organization\",\"name\":\"GME DIVISI\u00d3N BA\u00d1OS S.L.\",\"url\":\"https:\\\/\\\/gmelorente.com\\\/\",\"logo\":{\"@type\":\"ImageObject\",\"inLanguage\":\"fr-FR\",\"@id\":\"https:\\\/\\\/gmelorente.com\\\/#\\\/schema\\\/logo\\\/image\\\/\",\"url\":\"https:\\\/\\\/gmelorente.com\\\/wp-content\\\/uploads\\\/logo-gme-azul.jpg\",\"contentUrl\":\"https:\\\/\\\/gmelorente.com\\\/wp-content\\\/uploads\\\/logo-gme-azul.jpg\",\"width\":810,\"height\":298,\"caption\":\"GME DIVISI\u00d3N BA\u00d1OS S.L.\"},\"image\":{\"@id\":\"https:\\\/\\\/gmelorente.com\\\/#\\\/schema\\\/logo\\\/image\\\/\"},\"sameAs\":[\"https:\\\/\\\/www.facebook.com\\\/gmedivision\\\/?fref=ts\",\"https:\\\/\\\/es.pinterest.com\\\/gmedivision\\\/?eq=gme&amp;etslf=14997\"]}]}<\/script>\n<!-- \/ Yoast SEO plugin. -->","yoast_head_json":{"title":"Fabricante platos de ducha con certificados de calidad GME","description":"Fabricante platos de ducha con certificados de calidad GME. Platos de resina con carga mineral a medida, con corte y con un plazo de entrega medio de 48 horas.","robots":{"index":"index","follow":"follow","max-snippet":"max-snippet:-1","max-image-preview":"max-image-preview:large","max-video-preview":"max-video-preview:-1"},"canonical":"https:\/\/gmelorente.com\/fr\/productos\/platos-de-ducha\/","og_locale":"fr_FR","og_type":"article","og_title":"Fabricante platos de ducha con certificados de calidad GME","og_description":"Fabricante platos de ducha con certificados de calidad GME. Platos de resina con carga mineral a medida, con corte y con un plazo de entrega medio de 48 horas.","og_url":"https:\/\/gmelorente.com\/fr\/productos\/platos-de-ducha\/","og_site_name":"GME DIVISI\u00d3N BA\u00d1OS","article_publisher":"https:\/\/www.facebook.com\/gmedivision\/?fref=ts","article_modified_time":"2016-02-11T15:27:06+00:00","twitter_card":"summary_large_image","schema":{"@context":"https:\/\/schema.org","@graph":[{"@type":"WebPage","@id":"https:\/\/gmelorente.com\/fr\/productos\/platos-de-ducha\/","url":"https:\/\/gmelorente.com\/fr\/productos\/platos-de-ducha\/","name":"Fabricante platos de ducha con certificados de calidad GME","isPartOf":{"@id":"https:\/\/gmelorente.com\/#website"},"datePublished":"2015-08-13T14:35:04+00:00","dateModified":"2016-02-11T15:27:06+00:00","description":"Fabricante platos de ducha con certificados de calidad GME. Platos de resina con carga mineral a medida, con corte y con un plazo de entrega medio de 48 horas.","breadcrumb":{"@id":"https:\/\/gmelorente.com\/fr\/productos\/platos-de-ducha\/#breadcrumb"},"inLanguage":"fr-FR","potentialAction":[{"@type":"ReadAction","target":["https:\/\/gmelorente.com\/fr\/productos\/platos-de-ducha\/"]}]},{"@type":"BreadcrumbList","@id":"https:\/\/gmelorente.com\/fr\/productos\/platos-de-ducha\/#breadcrumb","itemListElement":[{"@type":"ListItem","position":1,"name":"Home","item":"https:\/\/gmelorente.com\/fr\/"},{"@type":"ListItem","position":2,"name":"Produits","item":"https:\/\/gmelorente.com\/fr\/productos\/"},{"@type":"ListItem","position":3,"name":"Receveurs de douche"}]},{"@type":"WebSite","@id":"https:\/\/gmelorente.com\/#website","url":"https:\/\/gmelorente.com\/","name":"GME DIVISI\u00d3N BA\u00d1OS","description":"Mamparas de ducha y mucho m\u00e1s","publisher":{"@id":"https:\/\/gmelorente.com\/#organization"},"potentialAction":[{"@type":"SearchAction","target":{"@type":"EntryPoint","urlTemplate":"https:\/\/gmelorente.com\/?s={search_term_string}"},"query-input":{"@type":"PropertyValueSpecification","valueRequired":true,"valueName":"search_term_string"}}],"inLanguage":"fr-FR"},{"@type":"Organization","@id":"https:\/\/gmelorente.com\/#organization","name":"GME DIVISI\u00d3N BA\u00d1OS S.L.","url":"https:\/\/gmelorente.com\/","logo":{"@type":"ImageObject","inLanguage":"fr-FR","@id":"https:\/\/gmelorente.com\/#\/schema\/logo\/image\/","url":"https:\/\/gmelorente.com\/wp-content\/uploads\/logo-gme-azul.jpg","contentUrl":"https:\/\/gmelorente.com\/wp-content\/uploads\/logo-gme-azul.jpg","width":810,"height":298,"caption":"GME DIVISI\u00d3N BA\u00d1OS S.L."},"image":{"@id":"https:\/\/gmelorente.com\/#\/schema\/logo\/image\/"},"sameAs":["https:\/\/www.facebook.com\/gmedivision\/?fref=ts","https:\/\/es.pinterest.com\/gmedivision\/?eq=gme&amp;etslf=14997"]}]}},"_links":{"self":[{"href":"https:\/\/gmelorente.com\/fr\/wp-json\/wp\/v2\/pages\/43093","targetHints":{"allow":["GET"]}}],"collection":[{"href":"https:\/\/gmelorente.com\/fr\/wp-json\/wp\/v2\/pages"}],"about":[{"href":"https:\/\/gmelorente.com\/fr\/wp-json\/wp\/v2\/types\/page"}],"author":[{"embeddable":true,"href":"https:\/\/gmelorente.com\/fr\/wp-json\/wp\/v2\/users\/1"}],"replies":[{"embeddable":true,"href":"https:\/\/gmelorente.com\/fr\/wp-json\/wp\/v2\/comments?post=43093"}],"version-history":[{"count":0,"href":"https:\/\/gmelorente.com\/fr\/wp-json\/wp\/v2\/pages\/43093\/revisions"}],"up":[{"embeddable":true,"href":"https:\/\/gmelorente.com\/fr\/wp-json\/wp\/v2\/pages\/43078"}],"wp:attachment":[{"href":"https:\/\/gmelorente.com\/fr\/wp-json\/wp\/v2\/media?parent=43093"}],"curies":[{"name":"wp","href":"https:\/\/api.w.org\/{rel}","templated":true}]}}