{"id":43099,"date":"2015-08-13T16:43:34","date_gmt":"2015-08-13T14:43:34","guid":{"rendered":"https:\/\/gmelorente.com\/fr\/productos\/mamparas-y-platos-a-medida\/platos-a-medida\/"},"modified":"2016-02-16T15:32:00","modified_gmt":"2016-02-16T14:32:00","slug":"platos-a-medida","status":"publish","type":"page","link":"https:\/\/gmelorente.com\/fr\/productos\/mamparas-y-platos-a-medida\/platos-a-medida\/","title":{"rendered":"Receveurs sur mesure"},"content":{"rendered":"<div><\/div>\n<div>Nous fabriquons tous nos mod\u00e8les de receveurs extra plats dans les dimensions dont vous avez besoin, mod\u00e8les ARDESIA PLUS, STYLE PLUS, STONE CLASSIC, RESITEC ROCK Y RESITEC SWEET.<\/div>\n<div><\/div>\n<div>Les d\u00e9coupes sont enti\u00e8rement gratuites, On prendra comme r\u00e9f\u00e9rence la dimension \u00a0std imm\u00e9diatement au-dessus de notre catalogue, la dimension maximum sera de 2 m de longueur et de 90 \/ 100 de largeur selon le mod\u00e8le. D&rsquo;autres dimensions uniquement disponibles sur commande et confirmation de l&rsquo;usine.<\/div>\n<div><\/div>\n<div>Le d\u00e9lai de livraison de ces receveurs sur mesure n&rsquo;ira pas au-del\u00e0 de 7 jours et en conditions normales.<\/div>\n<div><\/div>\n<div>En m\u00eame temps, nous offrons pour notre mod\u00e8le STONE CLASSIC, la possibilit\u00e9 de r\u00e9aliser le receveur dans toutes les \u00a0couleurs de la carte RAL moyennant une augmentation de 50 points en Espagne et au Portugal.<\/div>\n<p>&nbsp;<\/p>\n<p><strong>RECEVEURS SUR MESURE AVEC D\u00c9COUPE<\/strong><\/p>\n<p style=\"text-align: justify;\">Chez GME nous offrons la possibilit\u00e9 de r\u00e9aliser des receveurs sur mesure et d\u00e9coupes dans notre gamme de receveurs de r\u00e9sine avec charge min\u00e9rale. De cette mani\u00e8re, vous pourrez sauvegarder tout obstacle de votre salle de bain (colonnes, cloisons&#8230;)<\/p>\n<p style=\"text-align: justify;\">Pour solliciter des receveurs avec d\u00e9coupe vous devrez nous envoyer un petit plan avec les dimensions dont vous avez besoin. Pour calculer le tarif des receveurs avec d\u00e9coupe vous devrez prendre en compte le prix du receveur de dimension imm\u00e9diatement sup\u00e9rieure. Exemple : Pour 165 X 72 s&rsquo;appliquera le tarif de la dimension 170 X 80<\/p>\n<p style=\"text-align: justify;\">Les mod\u00e8les Stone Classic, Ardesia y Style Plus disposeront d&rsquo;un d\u00e9lai de livraison d&rsquo;une semaine.<br \/>\nLes mod\u00e8les Resitec Rock et Sweet d&rsquo;un d\u00e9lai de livraison de 15 jours.<\/p>\n<p><strong>RECEVEURS XXL<\/strong><\/p>\n<p style=\"text-align: justify;\">Outre la vaste gamme de receveurs standards avec un service imm\u00e9diat, nous vendons \u00e9galement des receveurs avec des dimensions sp\u00e9ciales XXL.<\/p>\n<p style=\"text-align: justify;\">Les mod\u00e8les Stone Classic et Ardesia Plus permettent des largeurs sp\u00e9ciales de 90 et 100 cm, jusqu&rsquo;\u00e0 une longueur de 2 m\u00e8tres. D\u00e9lai de livraison d&rsquo;une semaine.<br \/>\nLes mod\u00e8les Resitec Rock et Sweet permettent des largeurs sp\u00e9ciales de 90 cm, avec une longueur de jusqu&rsquo;\u00e0 2 m\u00e8tres. D\u00e9lai de livraison de 15 jours.<\/p>\n<p><strong>RECEEVEURS AVEC ENCADR\u00c9<\/strong><\/p>\n<p>Si vous d\u00e9sirez des receveurs de r\u00e9sine avec encadr\u00e9, nous disposons de 2 possibilit\u00e9s, texture pierre (Fresh) ou lisse (Sweet).<\/p>\n<p style=\"text-align: justify;\">Pour le calcul d&rsquo;un receveur encadr\u00e9 fresh ajouter au point du receveur rock les points des m\u00e8tres lin\u00e9aires encadr\u00e9 fresh<br \/>\nATTENTION CE RECEVEUR AVEC ENCADR\u00c9 EST UNIQUEMENT DISPONIBLE DANS L&rsquo;ANCIENNE TEXTURE FRESH.<\/p>\n<p style=\"text-align: justify;\">Pour le calcul d&rsquo;un receveur encadr\u00e9 sweet (lisse) ajouter au point du receveur sweet les points des m\u00e8tres lin\u00e9aires encadr\u00e9 lisse.<br \/>\nD\u00e9lai de livraison d&rsquo;environ 1 semaine FRESH, 15 jours SWEET.<\/p>\n<p><img loading=\"lazy\" decoding=\"async\" class=\" size-full wp-image-38357 alignnone\" src=\"https:\/\/gmelorente.com\/wp-content\/uploads\/platos-resitec-enmarcados.jpg\" alt=\"platos-resitec-enmarcados\" width=\"515\" height=\"254\" srcset=\"https:\/\/gmelorente.com\/wp-content\/uploads\/platos-resitec-enmarcados.jpg 515w, https:\/\/gmelorente.com\/wp-content\/uploads\/platos-resitec-enmarcados-300x148.jpg 300w, https:\/\/gmelorente.com\/wp-content\/uploads\/platos-resitec-enmarcados-20x10.jpg 20w\" sizes=\"auto, (max-width: 515px) 100vw, 515px\" \/><\/p>\n<p>&nbsp;<\/p>\n<p><strong>PANNEAUX DE BAIGNOIRE\u00a0DE 1 cm<\/strong><\/p>\n<p style=\"text-align: justify;\"><span lang=\"FR\" style=\"color: #333333; font-family: 'Calibri','sans-serif'; font-size: 11pt;\">Gme vous offre la possibilit\u00e9 de demander panneaux de baignoire de 1 cm \u00e9paisseur avec\u00a0 la m\u00eame finition et couleur de nous receveurs de douche.<u><\/u><u><\/u><\/span><\/p>\n<p style=\"text-align: justify;\"><span lang=\"FR\" style=\"color: #333333; font-family: 'Calibri','sans-serif'; font-size: 11pt;\">Avec un d\u00e9lais de fabrication pour les mod\u00e8les Rock et Sweet de 15 jours et un d\u00e9lais de fabrication de 1 semaine pour les mod\u00e8les Ardesia, Style, et Stone. \u00a0<u><\/u><u><\/u><\/span><\/p>\n<p style=\"text-align: justify;\"><span lang=\"FR\" style=\"color: #1f497d; font-family: 'Calibri','sans-serif'; font-size: 11pt;\"><span style=\"color: #333333;\">Aussi pouvez vous demander des plinthes jusqu\u2019\u00e0 15 cm de hauteur.<\/span><u><\/u><u><\/u><\/span><\/p>\n<p><img loading=\"lazy\" decoding=\"async\" class=\" wp-image-38558 alignleft\" src=\"https:\/\/gmelorente.com\/wp-content\/uploads\/panel-de-banera-web.jpg\" alt=\"panel-de-banera-web\" width=\"567\" height=\"323\" srcset=\"https:\/\/gmelorente.com\/wp-content\/uploads\/panel-de-banera-web.jpg 882w, https:\/\/gmelorente.com\/wp-content\/uploads\/panel-de-banera-web-300x170.jpg 300w, https:\/\/gmelorente.com\/wp-content\/uploads\/panel-de-banera-web-768x436.jpg 768w, https:\/\/gmelorente.com\/wp-content\/uploads\/panel-de-banera-web-20x11.jpg 20w\" sizes=\"auto, (max-width: 567px) 100vw, 567px\" \/><\/p>\n<p>&nbsp;<\/p>\n<p>&nbsp;<\/p>\n<p>&nbsp;<\/p>\n<p>&nbsp;<\/p>\n<p>&nbsp;<\/p>\n<p>&nbsp;<\/p>\n<p>&nbsp;<\/p>\n<p>&nbsp;<\/p>\n<p>&nbsp;<\/p>\n<p>&nbsp;<\/p>\n<p>&nbsp;<\/p>\n<p>&nbsp;<\/p>\n<p>&nbsp;<\/p>\n<p>&nbsp;<\/p>\n","protected":false},"excerpt":{"rendered":"<p>Nous fabriquons tous nos mod\u00e8les de receveurs extra plats dans les dimensions dont vous avez besoin, mod\u00e8les ARDESIA PLUS, STYLE PLUS, STONE CLASSIC, RESITEC ROCK Y RESITEC SWEET. Les d\u00e9coupes sont enti\u00e8rement gratuites, On prendra comme r\u00e9f\u00e9rence la dimension \u00a0std imm\u00e9diatement au-dessus de notre catalogue, la dimension maximum sera de 2 m de longueur et&hellip;<\/p>\n","protected":false},"author":1,"featured_media":0,"parent":43081,"menu_order":0,"comment_status":"closed","ping_status":"closed","template":"","meta":{"footnotes":""},"class_list":["post-43099","page","type-page","status-publish","hentry","description-off"],"yoast_head":"<!-- This site is optimized with the Yoast SEO plugin v27.2 - https:\/\/yoast.com\/product\/yoast-seo-wordpress\/ -->\n<title>Platos de ducha de carga mineral a medida - GME<\/title>\n<meta name=\"description\" content=\"Fabricamos cualquiera de nuestros modelos de platos extraplanos de resina con carga mineral\u00a0a la medida que usted necesite, incluyendo cortes y tama\u00f1o XXL.\" \/>\n<meta name=\"robots\" content=\"index, follow, max-snippet:-1, max-image-preview:large, max-video-preview:-1\" \/>\n<link rel=\"canonical\" href=\"https:\/\/gmelorente.com\/fr\/productos\/mamparas-y-platos-a-medida\/platos-a-medida\/\" \/>\n<meta property=\"og:locale\" content=\"fr_FR\" \/>\n<meta property=\"og:type\" content=\"article\" \/>\n<meta property=\"og:title\" content=\"Platos de ducha de carga mineral a medida - GME\" \/>\n<meta property=\"og:description\" content=\"Fabricamos cualquiera de nuestros modelos de platos extraplanos de resina con carga mineral\u00a0a la medida que usted necesite, incluyendo cortes y tama\u00f1o XXL.\" \/>\n<meta property=\"og:url\" content=\"https:\/\/gmelorente.com\/fr\/productos\/mamparas-y-platos-a-medida\/platos-a-medida\/\" \/>\n<meta property=\"og:site_name\" content=\"GME DIVISI\u00d3N BA\u00d1OS\" \/>\n<meta property=\"article:publisher\" content=\"https:\/\/www.facebook.com\/gmedivision\/?fref=ts\" \/>\n<meta property=\"article:modified_time\" content=\"2016-02-16T14:32:00+00:00\" \/>\n<meta property=\"og:image\" content=\"https:\/\/gmelorente.com\/wp-content\/uploads\/platos-resitec-enmarcados.jpg\" \/>\n<meta name=\"twitter:card\" content=\"summary_large_image\" \/>\n<meta name=\"twitter:label1\" content=\"Dur\u00e9e de lecture estim\u00e9e\" \/>\n\t<meta name=\"twitter:data1\" content=\"3 minutes\" \/>\n<script type=\"application\/ld+json\" class=\"yoast-schema-graph\">{\"@context\":\"https:\/\/schema.org\",\"@graph\":[{\"@type\":\"WebPage\",\"@id\":\"https:\/\/gmelorente.com\/fr\/productos\/mamparas-y-platos-a-medida\/platos-a-medida\/\",\"url\":\"https:\/\/gmelorente.com\/fr\/productos\/mamparas-y-platos-a-medida\/platos-a-medida\/\",\"name\":\"Platos de ducha de carga mineral a medida - GME\",\"isPartOf\":{\"@id\":\"https:\/\/gmelorente.com\/#website\"},\"primaryImageOfPage\":{\"@id\":\"https:\/\/gmelorente.com\/fr\/productos\/mamparas-y-platos-a-medida\/platos-a-medida\/#primaryimage\"},\"image\":{\"@id\":\"https:\/\/gmelorente.com\/fr\/productos\/mamparas-y-platos-a-medida\/platos-a-medida\/#primaryimage\"},\"thumbnailUrl\":\"https:\/\/gmelorente.com\/wp-content\/uploads\/platos-resitec-enmarcados.jpg\",\"datePublished\":\"2015-08-13T14:43:34+00:00\",\"dateModified\":\"2016-02-16T14:32:00+00:00\",\"description\":\"Fabricamos cualquiera de nuestros modelos de platos extraplanos de resina con carga mineral\u00a0a la medida que usted necesite, incluyendo cortes y tama\u00f1o XXL.\",\"breadcrumb\":{\"@id\":\"https:\/\/gmelorente.com\/fr\/productos\/mamparas-y-platos-a-medida\/platos-a-medida\/#breadcrumb\"},\"inLanguage\":\"fr-FR\",\"potentialAction\":[{\"@type\":\"ReadAction\",\"target\":[\"https:\/\/gmelorente.com\/fr\/productos\/mamparas-y-platos-a-medida\/platos-a-medida\/\"]}]},{\"@type\":\"ImageObject\",\"inLanguage\":\"fr-FR\",\"@id\":\"https:\/\/gmelorente.com\/fr\/productos\/mamparas-y-platos-a-medida\/platos-a-medida\/#primaryimage\",\"url\":\"https:\/\/gmelorente.com\/wp-content\/uploads\/platos-resitec-enmarcados.jpg\",\"contentUrl\":\"https:\/\/gmelorente.com\/wp-content\/uploads\/platos-resitec-enmarcados.jpg\"},{\"@type\":\"BreadcrumbList\",\"@id\":\"https:\/\/gmelorente.com\/fr\/productos\/mamparas-y-platos-a-medida\/platos-a-medida\/#breadcrumb\",\"itemListElement\":[{\"@type\":\"ListItem\",\"position\":1,\"name\":\"Home\",\"item\":\"https:\/\/gmelorente.com\/fr\/\"},{\"@type\":\"ListItem\",\"position\":2,\"name\":\"Produits\",\"item\":\"https:\/\/gmelorente.com\/fr\/productos\/\"},{\"@type\":\"ListItem\",\"position\":3,\"name\":\"Sur mesure\",\"item\":\"https:\/\/gmelorente.com\/fr\/productos\/mamparas-y-platos-a-medida\/\"},{\"@type\":\"ListItem\",\"position\":4,\"name\":\"Receveurs sur mesure\"}]},{\"@type\":\"WebSite\",\"@id\":\"https:\/\/gmelorente.com\/#website\",\"url\":\"https:\/\/gmelorente.com\/\",\"name\":\"GME DIVISI\u00d3N BA\u00d1OS\",\"description\":\"Mamparas de ducha y mucho m\u00e1s\",\"publisher\":{\"@id\":\"https:\/\/gmelorente.com\/#organization\"},\"potentialAction\":[{\"@type\":\"SearchAction\",\"target\":{\"@type\":\"EntryPoint\",\"urlTemplate\":\"https:\/\/gmelorente.com\/?s={search_term_string}\"},\"query-input\":{\"@type\":\"PropertyValueSpecification\",\"valueRequired\":true,\"valueName\":\"search_term_string\"}}],\"inLanguage\":\"fr-FR\"},{\"@type\":\"Organization\",\"@id\":\"https:\/\/gmelorente.com\/#organization\",\"name\":\"GME DIVISI\u00d3N BA\u00d1OS S.L.\",\"url\":\"https:\/\/gmelorente.com\/\",\"logo\":{\"@type\":\"ImageObject\",\"inLanguage\":\"fr-FR\",\"@id\":\"https:\/\/gmelorente.com\/#\/schema\/logo\/image\/\",\"url\":\"https:\/\/gmelorente.com\/wp-content\/uploads\/logo-gme-azul.jpg\",\"contentUrl\":\"https:\/\/gmelorente.com\/wp-content\/uploads\/logo-gme-azul.jpg\",\"width\":810,\"height\":298,\"caption\":\"GME DIVISI\u00d3N BA\u00d1OS S.L.\"},\"image\":{\"@id\":\"https:\/\/gmelorente.com\/#\/schema\/logo\/image\/\"},\"sameAs\":[\"https:\/\/www.facebook.com\/gmedivision\/?fref=ts\",\"https:\/\/es.pinterest.com\/gmedivision\/?eq=gme&amp;etslf=14997\"]}]}<\/script>\n<!-- \/ Yoast SEO plugin. -->","yoast_head_json":{"title":"Platos de ducha de carga mineral a medida - GME","description":"Fabricamos cualquiera de nuestros modelos de platos extraplanos de resina con carga mineral\u00a0a la medida que usted necesite, incluyendo cortes y tama\u00f1o XXL.","robots":{"index":"index","follow":"follow","max-snippet":"max-snippet:-1","max-image-preview":"max-image-preview:large","max-video-preview":"max-video-preview:-1"},"canonical":"https:\/\/gmelorente.com\/fr\/productos\/mamparas-y-platos-a-medida\/platos-a-medida\/","og_locale":"fr_FR","og_type":"article","og_title":"Platos de ducha de carga mineral a medida - GME","og_description":"Fabricamos cualquiera de nuestros modelos de platos extraplanos de resina con carga mineral\u00a0a la medida que usted necesite, incluyendo cortes y tama\u00f1o XXL.","og_url":"https:\/\/gmelorente.com\/fr\/productos\/mamparas-y-platos-a-medida\/platos-a-medida\/","og_site_name":"GME DIVISI\u00d3N BA\u00d1OS","article_publisher":"https:\/\/www.facebook.com\/gmedivision\/?fref=ts","article_modified_time":"2016-02-16T14:32:00+00:00","og_image":[{"url":"https:\/\/gmelorente.com\/wp-content\/uploads\/platos-resitec-enmarcados.jpg","type":"","width":"","height":""}],"twitter_card":"summary_large_image","twitter_misc":{"Dur\u00e9e de lecture estim\u00e9e":"3 minutes"},"schema":{"@context":"https:\/\/schema.org","@graph":[{"@type":"WebPage","@id":"https:\/\/gmelorente.com\/fr\/productos\/mamparas-y-platos-a-medida\/platos-a-medida\/","url":"https:\/\/gmelorente.com\/fr\/productos\/mamparas-y-platos-a-medida\/platos-a-medida\/","name":"Platos de ducha de carga mineral a medida - GME","isPartOf":{"@id":"https:\/\/gmelorente.com\/#website"},"primaryImageOfPage":{"@id":"https:\/\/gmelorente.com\/fr\/productos\/mamparas-y-platos-a-medida\/platos-a-medida\/#primaryimage"},"image":{"@id":"https:\/\/gmelorente.com\/fr\/productos\/mamparas-y-platos-a-medida\/platos-a-medida\/#primaryimage"},"thumbnailUrl":"https:\/\/gmelorente.com\/wp-content\/uploads\/platos-resitec-enmarcados.jpg","datePublished":"2015-08-13T14:43:34+00:00","dateModified":"2016-02-16T14:32:00+00:00","description":"Fabricamos cualquiera de nuestros modelos de platos extraplanos de resina con carga mineral\u00a0a la medida que usted necesite, incluyendo cortes y tama\u00f1o XXL.","breadcrumb":{"@id":"https:\/\/gmelorente.com\/fr\/productos\/mamparas-y-platos-a-medida\/platos-a-medida\/#breadcrumb"},"inLanguage":"fr-FR","potentialAction":[{"@type":"ReadAction","target":["https:\/\/gmelorente.com\/fr\/productos\/mamparas-y-platos-a-medida\/platos-a-medida\/"]}]},{"@type":"ImageObject","inLanguage":"fr-FR","@id":"https:\/\/gmelorente.com\/fr\/productos\/mamparas-y-platos-a-medida\/platos-a-medida\/#primaryimage","url":"https:\/\/gmelorente.com\/wp-content\/uploads\/platos-resitec-enmarcados.jpg","contentUrl":"https:\/\/gmelorente.com\/wp-content\/uploads\/platos-resitec-enmarcados.jpg"},{"@type":"BreadcrumbList","@id":"https:\/\/gmelorente.com\/fr\/productos\/mamparas-y-platos-a-medida\/platos-a-medida\/#breadcrumb","itemListElement":[{"@type":"ListItem","position":1,"name":"Home","item":"https:\/\/gmelorente.com\/fr\/"},{"@type":"ListItem","position":2,"name":"Produits","item":"https:\/\/gmelorente.com\/fr\/productos\/"},{"@type":"ListItem","position":3,"name":"Sur mesure","item":"https:\/\/gmelorente.com\/fr\/productos\/mamparas-y-platos-a-medida\/"},{"@type":"ListItem","position":4,"name":"Receveurs sur mesure"}]},{"@type":"WebSite","@id":"https:\/\/gmelorente.com\/#website","url":"https:\/\/gmelorente.com\/","name":"GME DIVISI\u00d3N BA\u00d1OS","description":"Mamparas de ducha y mucho m\u00e1s","publisher":{"@id":"https:\/\/gmelorente.com\/#organization"},"potentialAction":[{"@type":"SearchAction","target":{"@type":"EntryPoint","urlTemplate":"https:\/\/gmelorente.com\/?s={search_term_string}"},"query-input":{"@type":"PropertyValueSpecification","valueRequired":true,"valueName":"search_term_string"}}],"inLanguage":"fr-FR"},{"@type":"Organization","@id":"https:\/\/gmelorente.com\/#organization","name":"GME DIVISI\u00d3N BA\u00d1OS S.L.","url":"https:\/\/gmelorente.com\/","logo":{"@type":"ImageObject","inLanguage":"fr-FR","@id":"https:\/\/gmelorente.com\/#\/schema\/logo\/image\/","url":"https:\/\/gmelorente.com\/wp-content\/uploads\/logo-gme-azul.jpg","contentUrl":"https:\/\/gmelorente.com\/wp-content\/uploads\/logo-gme-azul.jpg","width":810,"height":298,"caption":"GME DIVISI\u00d3N BA\u00d1OS S.L."},"image":{"@id":"https:\/\/gmelorente.com\/#\/schema\/logo\/image\/"},"sameAs":["https:\/\/www.facebook.com\/gmedivision\/?fref=ts","https:\/\/es.pinterest.com\/gmedivision\/?eq=gme&amp;etslf=14997"]}]}},"_links":{"self":[{"href":"https:\/\/gmelorente.com\/fr\/wp-json\/wp\/v2\/pages\/43099","targetHints":{"allow":["GET"]}}],"collection":[{"href":"https:\/\/gmelorente.com\/fr\/wp-json\/wp\/v2\/pages"}],"about":[{"href":"https:\/\/gmelorente.com\/fr\/wp-json\/wp\/v2\/types\/page"}],"author":[{"embeddable":true,"href":"https:\/\/gmelorente.com\/fr\/wp-json\/wp\/v2\/users\/1"}],"replies":[{"embeddable":true,"href":"https:\/\/gmelorente.com\/fr\/wp-json\/wp\/v2\/comments?post=43099"}],"version-history":[{"count":0,"href":"https:\/\/gmelorente.com\/fr\/wp-json\/wp\/v2\/pages\/43099\/revisions"}],"up":[{"embeddable":true,"href":"https:\/\/gmelorente.com\/fr\/wp-json\/wp\/v2\/pages\/43081"}],"wp:attachment":[{"href":"https:\/\/gmelorente.com\/fr\/wp-json\/wp\/v2\/media?parent=43099"}],"curies":[{"name":"wp","href":"https:\/\/api.w.org\/{rel}","templated":true}]}}