{"id":43102,"date":"2015-08-13T16:43:11","date_gmt":"2015-08-13T14:43:11","guid":{"rendered":"https:\/\/gmelorente.com\/fr\/productos\/mamparas-y-platos-a-medida\/mamparas-a-medida\/"},"modified":"2021-03-03T16:34:49","modified_gmt":"2021-03-03T15:34:49","slug":"mamparas-a-medida","status":"publish","type":"page","link":"https:\/\/gmelorente.com\/fr\/productos\/mamparas-y-platos-a-medida\/mamparas-a-medida\/","title":{"rendered":"Parois sur mesure"},"content":{"rendered":"<p>[vc_row margin_top=\u00a0\u00bb20&Prime;][vc_column][vc_column_text css=\u00a0\u00bb.vc_custom_1614785678985{margin-bottom: 15px !important;}\u00a0\u00bb]<\/p>\n<h1>PAROIS DE DOUCHE\u00a0SUR MESURE<\/h1>\n<p><strong>GME<\/strong> offre la possibilit\u00e9 de faire certaine de ses <strong>parois adapt\u00e9es<\/strong> pour r\u00e9soudre n\u2019importe quel besoin particulier de votre salle de bains.<\/p>\n<p>Parfois, les lacunes pour l\u2019installation de la paroi n\u2019ont pas de mesures standard, donc nous devons faire des parois sp\u00e9ciales.<\/p>\n<p>Toujours en parlant d\u2019effectuer les parois avec du <strong>verre de s\u00e9curit\u00e9 tremp\u00e9<\/strong>, qui est con\u00e7u de sorte qu\u2019en cas de rupture il n\u2019y a pas de danger potentiel de causer des blessures graves aux personnes qui sont \u00e0 proximit\u00e9 \u00e0 ce moment-l\u00e0.<\/p>\n<p>Le d\u00e9lai de livraison moyen sera de <strong>20 jours<\/strong>. Les retours ou annulations de cristaux personnalis\u00e9s ne seront pas accept\u00e9s une fois la production commenc\u00e9e.<\/p>\n<p>Si vous avez des questions et que vous voulez que nous vous conseillions, \u00e9crivez-nous \u00e0 <strong>france@gmelorente.com<\/strong> et nous vous r\u00e9pondrons d\u00e8s que possible.<\/p>\n<p>Les solutions sur mesure que nous offrons sont les suivantes :<\/p>\n<p>&nbsp;<\/p>\n<p>[\/vc_column_text][\/vc_column][\/vc_row][vc_row][vc_column css_animation=\u00a0\u00bbfadeIn\u00a0\u00bb width=\u00a0\u00bb1\/4&Prime;][vc_hoverbox image=\u00a0\u00bb76370&Prime; primary_title=\u00a0\u00bb\u00a0\u00bb primary_align=\u00a0\u00bbjustify\u00a0\u00bb hover_title=\u00a0\u00bb\u00a0\u00bb hover_background_color=\u00a0\u00bbwhite\u00a0\u00bb css_animation=\u00a0\u00bbappear\u00a0\u00bb css=\u00a0\u00bb.vc_custom_1614781269110{margin-top: 50px !important;background-color: #ffffff !important;}\u00a0\u00bb]<\/p>\n<h4><span style=\"color: #000000;\">Mod\u00e8le Trio avec d\u00e9coupe dans le fixe<\/span><\/h4>\n<p>[\/vc_hoverbox][\/vc_column][vc_column width=\u00a0\u00bb1\/4&Prime;][vc_hoverbox image=\u00a0\u00bb76376&Prime; primary_title=\u00a0\u00bb\u00a0\u00bb primary_align=\u00a0\u00bbjustify\u00a0\u00bb hover_title=\u00a0\u00bb\u00a0\u00bb hover_background_color=\u00a0\u00bbwhite\u00a0\u00bb css_animation=\u00a0\u00bbappear\u00a0\u00bb css=\u00a0\u00bb.vc_custom_1614781293361{margin-top: 50px !important;background-color: #ffffff !important;}\u00a0\u00bb]<\/p>\n<h4><span style=\"color: #000000;\">Mod\u00e8le Open combi E avec lat\u00e9rale fixe sur mesure<\/span><\/h4>\n<p>[\/vc_hoverbox][\/vc_column][vc_column width=\u00a0\u00bb1\/4&Prime;]<div id=\"ult-carousel-282702130569ed05a110dd4\" class=\"ult-carousel-wrapper  vc_custom_1614785669488  ult_horizontal\" data-gutter=\"5\" data-rtl=\"false\" ><div class=\"ult-carousel-200784044369ed05a110cb2 \" >[vc_hoverbox image=\u00a0\u00bb76396&Prime; primary_title=\u00a0\u00bb\u00a0\u00bb primary_align=\u00a0\u00bbjustify\u00a0\u00bb hover_title=\u00a0\u00bb\u00a0\u00bb hover_background_color=\u00a0\u00bbwhite\u00a0\u00bb css_animation=\u00a0\u00bbappear\u00a0\u00bb css=\u00a0\u00bb.vc_custom_1614781346433{background-color: #ffffff !important;}\u00a0\u00bb]<\/p>\n<h4><span style=\"color: #000000;\">Screen avec finition fum\u00e9<\/span><\/h4>\n<p>[\/vc_hoverbox][vc_hoverbox image=\u00a0\u00bb76392&Prime; primary_title=\u00a0\u00bb\u00a0\u00bb primary_align=\u00a0\u00bbjustify\u00a0\u00bb hover_title=\u00a0\u00bb\u00a0\u00bb hover_background_color=\u00a0\u00bbwhite\u00a0\u00bb css_animation=\u00a0\u00bbappear\u00a0\u00bb css=\u00a0\u00bb.vc_custom_1614781418270{background-color: #ffffff !important;}\u00a0\u00bb]<\/p>\n<h4><span style=\"color: #000000;\">Screen avec finition parsol vert<\/span><\/h4>\n<p>[\/vc_hoverbox][vc_hoverbox image=\u00a0\u00bb76388&Prime; primary_title=\u00a0\u00bb\u00a0\u00bb primary_align=\u00a0\u00bbjustify\u00a0\u00bb hover_title=\u00a0\u00bb\u00a0\u00bb hover_background_color=\u00a0\u00bbwhite\u00a0\u00bb css_animation=\u00a0\u00bbappear\u00a0\u00bb css=\u00a0\u00bb.vc_custom_1614781520617{background-color: #ffffff !important;}\u00a0\u00bb]<\/p>\n<h4><span style=\"color: #000000;\">Mod\u00e8le Screen avec finition carglass<\/span><\/h4>\n<p>[\/vc_hoverbox]<\/div><\/div>\t\t\t<script type=\"text\/javascript\">\n\t\t\t\tjQuery(document).ready(function ($) {\n\t\t\t\t\tif( typeof jQuery('.ult-carousel-200784044369ed05a110cb2').slick == \"function\"){\n\t\t\t\t\t\t$('.ult-carousel-200784044369ed05a110cb2').slick({dots: false,autoplay: true,autoplaySpeed: \"5000\",speed: \"300\",infinite: true,arrows: true,nextArrow: '<button type=\"button\" role=\"button\" aria-label=\"Next\" style=\"color:#333333; font-size:20px;\" class=\"slick-next default\"><i class=\"ultsl-arrow-right4\"><\/i><\/button>',prevArrow: '<button type=\"button\" role=\"button\" aria-label=\"Previous\" style=\"color:#333333; font-size:20px;\" class=\"slick-prev default\"><i class=\"ultsl-arrow-left4\"><\/i><\/button>',slidesToScroll:1,slidesToShow:1,swipe: true,draggable: true,touchMove: true,pauseOnHover: true,pauseOnFocus: false,responsive: [\n\t\t\t\t\t\t\t{\n\t\t\t\t\t\t\t  breakpoint: 1026,\n\t\t\t\t\t\t\t  settings: {\n\t\t\t\t\t\t\t\tslidesToShow: 1,\n\t\t\t\t\t\t\t\tslidesToScroll: 1,  \n\t\t\t\t\t\t\t  }\n\t\t\t\t\t\t\t},\n\t\t\t\t\t\t\t{\n\t\t\t\t\t\t\t  breakpoint: 1025,\n\t\t\t\t\t\t\t  settings: {\n\t\t\t\t\t\t\t\tslidesToShow: 1,\n\t\t\t\t\t\t\t\tslidesToScroll: 1\n\t\t\t\t\t\t\t  }\n\t\t\t\t\t\t\t},\n\t\t\t\t\t\t\t{\n\t\t\t\t\t\t\t  breakpoint: 760,\n\t\t\t\t\t\t\t  settings: {\n\t\t\t\t\t\t\t\tslidesToShow: 1,\n\t\t\t\t\t\t\t\tslidesToScroll: 1\n\t\t\t\t\t\t\t  }\n\t\t\t\t\t\t\t}\n\t\t\t\t\t\t],pauseOnDotsHover: true,customPaging: function(slider, i) {\n                   return '<i type=\"button\" style= \"color:#333333;\" class=\"ultsl-record\" data-role=\"none\"><\/i>';\n                },});\n\t\t\t\t\t}\n\t\t\t\t});\n\t\t\t<\/script>\n\t\t\t[\/vc_column][vc_column width=\u00a0\u00bb1\/4&Prime;][vc_hoverbox image=\u00a0\u00bb76400&Prime; primary_title=\u00a0\u00bb\u00a0\u00bb primary_align=\u00a0\u00bbjustify\u00a0\u00bb hover_title=\u00a0\u00bb\u00a0\u00bb hover_background_color=\u00a0\u00bbwhite\u00a0\u00bb css_animation=\u00a0\u00bbappear\u00a0\u00bb css=\u00a0\u00bb.vc_custom_1614781568532{margin-top: 50px !important;background-color: #ffffff !important;}\u00a0\u00bb]<\/p>\n<h4><span style=\"color: #000000;\">Mod\u00e8le Basic Frost avec profil\u00e9s noirs et hauteur sp\u00e9ciale 150 cm<\/span><\/h4>\n<p>[\/vc_hoverbox][\/vc_column][\/vc_row][vc_row][vc_column width=\u00a0\u00bb1\/4&Prime;][vc_column_text]<\/p>\n<h4>D\u00c9COUPES OU COUPE SP\u00c9CIALE<\/h4>\n<p>Il est courant d\u2019avoir \u00e0 faire une d\u00e9coupe \u00e0 la paroi pour une installation appropri\u00e9e. Chez <strong>GME<\/strong>, nous offrons cette possibilit\u00e9 de le faire sur des parois personnalis\u00e9es. La plupart de nos parois permettent des coupes sp\u00e9ciales, vous devez donc nous dire les mesures du bon angle que vous voulez couper.[\/vc_column_text][vc_column_text]<img loading=\"lazy\" decoding=\"async\" class=\"wp-image-76448 size-medium alignleft\" src=\"https:\/\/gmelorente.com\/wp-content\/uploads\/decoupe-300x180.jpg\" alt=\"DECOUPE\" width=\"300\" height=\"180\" srcset=\"https:\/\/gmelorente.com\/wp-content\/uploads\/decoupe-300x180.jpg 300w, https:\/\/gmelorente.com\/wp-content\/uploads\/decoupe-768x462.jpg 768w, https:\/\/gmelorente.com\/wp-content\/uploads\/decoupe-20x12.jpg 20w, https:\/\/gmelorente.com\/wp-content\/uploads\/decoupe.jpg 785w\" sizes=\"auto, (max-width: 300px) 100vw, 300px\" \/>[\/vc_column_text][\/vc_column][vc_column width=\u00a0\u00bb1\/4&Prime;][vc_column_text]<\/p>\n<h4>LAT\u00c9RALE FIXE SUR MESURE<\/h4>\n<p>De <strong>GME<\/strong> nous offrons la possibilit\u00e9 de faire les lat\u00e9rales fix\u00e9s sur mesure pour s\u2019adapter \u00e0 n\u2019importe quelle mesure. Souvent, nous devons surmonter les obstacles pour l\u2019installation correcte de notre paroi. Que ce soit par une colonne, une zone d\u2019escaliers ou dans ce cas une mansarde nous devons faire notre fixe sur mesure, \u00e0 condition qu\u2019il ne d\u00e9passe pas 120 cm de large ou 195 cm de haut.[\/vc_column_text][\/vc_column][vc_column width=\u00a0\u00bb1\/4&Prime;][vc_column_text]<\/p>\n<h4><\/h4>\n<h4>FINITIONS SP\u00c9CIALES<\/h4>\n<p>Chez GME, nous sommes des experts dans la fabrication de tous les types de verres et de cristaux. Pour cette raison, en plus d\u2019avoir une grande vari\u00e9t\u00e9 des parois disponibles, nous avons aussi des machines pour \u00eatre en mesure de donner la finition personnalis\u00e9e aux verres, tels que : parsols color\u00e9s, mats, carglass ou fum\u00e9s.[\/vc_column_text][\/vc_column][vc_column width=\u00a0\u00bb1\/4&Prime;][vc_column_text]<\/p>\n<h4><\/h4>\n<h4>PAROIS SUR MESURE<\/h4>\n<p>Nous pouvons fabriquer nos mod\u00e8les BASIC, TEMPLE, FUTURA, ROTARY, VITRO ET TWENTY dans leurs diff\u00e9rents formats avec les mesures que vous souhaitez, que ce soit en largeur ou en hauteur (voir largeur et hauteur maximales). Nous fabriquerons votre paroi personnalis\u00e9e en suivant vos instructions et vos besoins. Dans le cas o\u00f9 la paroi est d\u00e9coupe, indiquer l\u2019emplacement.[\/vc_column_text][\/vc_column][\/vc_row]<\/p>\n","protected":false},"excerpt":{"rendered":"<p>[vc_row margin_top=\u00a0\u00bb20&Prime;][vc_column][vc_column_text css=\u00a0\u00bb.vc_custom_1614785678985{margin-bottom: 15px !important;}\u00a0\u00bb] PAROIS DE DOUCHE\u00a0SUR MESURE GME offre la possibilit\u00e9 de faire certaine de ses parois adapt\u00e9es pour r\u00e9soudre n\u2019importe quel besoin particulier de votre salle de bains. Parfois, les lacunes pour l\u2019installation de la paroi n\u2019ont pas de mesures standard, donc nous devons faire des parois sp\u00e9ciales. Toujours en parlant d\u2019effectuer&hellip;<\/p>\n","protected":false},"author":1,"featured_media":0,"parent":43081,"menu_order":0,"comment_status":"closed","ping_status":"closed","template":"","meta":{"footnotes":""},"class_list":["post-43102","page","type-page","status-publish","hentry","description-off"],"yoast_head":"<!-- This site is optimized with the Yoast SEO plugin v27.4 - https:\/\/yoast.com\/product\/yoast-seo-wordpress\/ -->\n<title>Mamparas a medida personalizadas - GME<\/title>\n<meta name=\"description\" content=\"Mamparas a medida, con corte o cajeados. Cristales parsol de colores, espejo mirastar, mate, vinilos adhesivos o impresi\u00f3n digital. Dinos como la quieres.\" \/>\n<meta name=\"robots\" content=\"index, follow, max-snippet:-1, max-image-preview:large, max-video-preview:-1\" \/>\n<link rel=\"canonical\" href=\"https:\/\/gmelorente.com\/fr\/productos\/mamparas-y-platos-a-medida\/mamparas-a-medida\/\" \/>\n<meta property=\"og:locale\" content=\"fr_FR\" \/>\n<meta property=\"og:type\" content=\"article\" \/>\n<meta property=\"og:title\" content=\"Mamparas a medida personalizadas - GME\" \/>\n<meta property=\"og:description\" content=\"Mamparas a medida, con corte o cajeados. Cristales parsol de colores, espejo mirastar, mate, vinilos adhesivos o impresi\u00f3n digital. Dinos como la quieres.\" \/>\n<meta property=\"og:url\" content=\"https:\/\/gmelorente.com\/fr\/productos\/mamparas-y-platos-a-medida\/mamparas-a-medida\/\" \/>\n<meta property=\"og:site_name\" content=\"GME DIVISI\u00d3N BA\u00d1OS\" \/>\n<meta property=\"article:publisher\" content=\"https:\/\/www.facebook.com\/gmedivision\/?fref=ts\" \/>\n<meta property=\"article:modified_time\" content=\"2021-03-03T15:34:49+00:00\" \/>\n<meta property=\"og:image\" content=\"https:\/\/gmelorente.com\/wp-content\/uploads\/decoupe-300x180.jpg\" \/>\n<meta name=\"twitter:card\" content=\"summary_large_image\" \/>\n<meta name=\"twitter:label1\" content=\"Dur\u00e9e de lecture estim\u00e9e\" \/>\n\t<meta name=\"twitter:data1\" content=\"4 minutes\" \/>\n<script type=\"application\/ld+json\" class=\"yoast-schema-graph\">{\"@context\":\"https:\\\/\\\/schema.org\",\"@graph\":[{\"@type\":\"WebPage\",\"@id\":\"https:\\\/\\\/gmelorente.com\\\/fr\\\/productos\\\/mamparas-y-platos-a-medida\\\/mamparas-a-medida\\\/\",\"url\":\"https:\\\/\\\/gmelorente.com\\\/fr\\\/productos\\\/mamparas-y-platos-a-medida\\\/mamparas-a-medida\\\/\",\"name\":\"Mamparas a medida personalizadas - GME\",\"isPartOf\":{\"@id\":\"https:\\\/\\\/gmelorente.com\\\/#website\"},\"primaryImageOfPage\":{\"@id\":\"https:\\\/\\\/gmelorente.com\\\/fr\\\/productos\\\/mamparas-y-platos-a-medida\\\/mamparas-a-medida\\\/#primaryimage\"},\"image\":{\"@id\":\"https:\\\/\\\/gmelorente.com\\\/fr\\\/productos\\\/mamparas-y-platos-a-medida\\\/mamparas-a-medida\\\/#primaryimage\"},\"thumbnailUrl\":\"https:\\\/\\\/gmelorente.com\\\/wp-content\\\/uploads\\\/decoupe-300x180.jpg\",\"datePublished\":\"2015-08-13T14:43:11+00:00\",\"dateModified\":\"2021-03-03T15:34:49+00:00\",\"description\":\"Mamparas a medida, con corte o cajeados. Cristales parsol de colores, espejo mirastar, mate, vinilos adhesivos o impresi\u00f3n digital. Dinos como la quieres.\",\"breadcrumb\":{\"@id\":\"https:\\\/\\\/gmelorente.com\\\/fr\\\/productos\\\/mamparas-y-platos-a-medida\\\/mamparas-a-medida\\\/#breadcrumb\"},\"inLanguage\":\"fr-FR\",\"potentialAction\":[{\"@type\":\"ReadAction\",\"target\":[\"https:\\\/\\\/gmelorente.com\\\/fr\\\/productos\\\/mamparas-y-platos-a-medida\\\/mamparas-a-medida\\\/\"]}]},{\"@type\":\"ImageObject\",\"inLanguage\":\"fr-FR\",\"@id\":\"https:\\\/\\\/gmelorente.com\\\/fr\\\/productos\\\/mamparas-y-platos-a-medida\\\/mamparas-a-medida\\\/#primaryimage\",\"url\":\"https:\\\/\\\/gmelorente.com\\\/wp-content\\\/uploads\\\/decoupe-300x180.jpg\",\"contentUrl\":\"https:\\\/\\\/gmelorente.com\\\/wp-content\\\/uploads\\\/decoupe-300x180.jpg\"},{\"@type\":\"BreadcrumbList\",\"@id\":\"https:\\\/\\\/gmelorente.com\\\/fr\\\/productos\\\/mamparas-y-platos-a-medida\\\/mamparas-a-medida\\\/#breadcrumb\",\"itemListElement\":[{\"@type\":\"ListItem\",\"position\":1,\"name\":\"Home\",\"item\":\"https:\\\/\\\/gmelorente.com\\\/fr\\\/\"},{\"@type\":\"ListItem\",\"position\":2,\"name\":\"Produits\",\"item\":\"https:\\\/\\\/gmelorente.com\\\/fr\\\/productos\\\/\"},{\"@type\":\"ListItem\",\"position\":3,\"name\":\"Sur mesure\",\"item\":\"https:\\\/\\\/gmelorente.com\\\/fr\\\/productos\\\/mamparas-y-platos-a-medida\\\/\"},{\"@type\":\"ListItem\",\"position\":4,\"name\":\"Parois sur mesure\"}]},{\"@type\":\"WebSite\",\"@id\":\"https:\\\/\\\/gmelorente.com\\\/#website\",\"url\":\"https:\\\/\\\/gmelorente.com\\\/\",\"name\":\"GME DIVISI\u00d3N BA\u00d1OS\",\"description\":\"Mamparas de ducha y mucho m\u00e1s\",\"publisher\":{\"@id\":\"https:\\\/\\\/gmelorente.com\\\/#organization\"},\"potentialAction\":[{\"@type\":\"SearchAction\",\"target\":{\"@type\":\"EntryPoint\",\"urlTemplate\":\"https:\\\/\\\/gmelorente.com\\\/?s={search_term_string}\"},\"query-input\":{\"@type\":\"PropertyValueSpecification\",\"valueRequired\":true,\"valueName\":\"search_term_string\"}}],\"inLanguage\":\"fr-FR\"},{\"@type\":\"Organization\",\"@id\":\"https:\\\/\\\/gmelorente.com\\\/#organization\",\"name\":\"GME DIVISI\u00d3N BA\u00d1OS S.L.\",\"url\":\"https:\\\/\\\/gmelorente.com\\\/\",\"logo\":{\"@type\":\"ImageObject\",\"inLanguage\":\"fr-FR\",\"@id\":\"https:\\\/\\\/gmelorente.com\\\/#\\\/schema\\\/logo\\\/image\\\/\",\"url\":\"https:\\\/\\\/gmelorente.com\\\/wp-content\\\/uploads\\\/logo-gme-azul.jpg\",\"contentUrl\":\"https:\\\/\\\/gmelorente.com\\\/wp-content\\\/uploads\\\/logo-gme-azul.jpg\",\"width\":810,\"height\":298,\"caption\":\"GME DIVISI\u00d3N BA\u00d1OS S.L.\"},\"image\":{\"@id\":\"https:\\\/\\\/gmelorente.com\\\/#\\\/schema\\\/logo\\\/image\\\/\"},\"sameAs\":[\"https:\\\/\\\/www.facebook.com\\\/gmedivision\\\/?fref=ts\",\"https:\\\/\\\/es.pinterest.com\\\/gmedivision\\\/?eq=gme&amp;etslf=14997\"]}]}<\/script>\n<!-- \/ Yoast SEO plugin. -->","yoast_head_json":{"title":"Mamparas a medida personalizadas - GME","description":"Mamparas a medida, con corte o cajeados. Cristales parsol de colores, espejo mirastar, mate, vinilos adhesivos o impresi\u00f3n digital. Dinos como la quieres.","robots":{"index":"index","follow":"follow","max-snippet":"max-snippet:-1","max-image-preview":"max-image-preview:large","max-video-preview":"max-video-preview:-1"},"canonical":"https:\/\/gmelorente.com\/fr\/productos\/mamparas-y-platos-a-medida\/mamparas-a-medida\/","og_locale":"fr_FR","og_type":"article","og_title":"Mamparas a medida personalizadas - GME","og_description":"Mamparas a medida, con corte o cajeados. Cristales parsol de colores, espejo mirastar, mate, vinilos adhesivos o impresi\u00f3n digital. Dinos como la quieres.","og_url":"https:\/\/gmelorente.com\/fr\/productos\/mamparas-y-platos-a-medida\/mamparas-a-medida\/","og_site_name":"GME DIVISI\u00d3N BA\u00d1OS","article_publisher":"https:\/\/www.facebook.com\/gmedivision\/?fref=ts","article_modified_time":"2021-03-03T15:34:49+00:00","og_image":[{"url":"https:\/\/gmelorente.com\/wp-content\/uploads\/decoupe-300x180.jpg","type":"","width":"","height":""}],"twitter_card":"summary_large_image","twitter_misc":{"Dur\u00e9e de lecture estim\u00e9e":"4 minutes"},"schema":{"@context":"https:\/\/schema.org","@graph":[{"@type":"WebPage","@id":"https:\/\/gmelorente.com\/fr\/productos\/mamparas-y-platos-a-medida\/mamparas-a-medida\/","url":"https:\/\/gmelorente.com\/fr\/productos\/mamparas-y-platos-a-medida\/mamparas-a-medida\/","name":"Mamparas a medida personalizadas - GME","isPartOf":{"@id":"https:\/\/gmelorente.com\/#website"},"primaryImageOfPage":{"@id":"https:\/\/gmelorente.com\/fr\/productos\/mamparas-y-platos-a-medida\/mamparas-a-medida\/#primaryimage"},"image":{"@id":"https:\/\/gmelorente.com\/fr\/productos\/mamparas-y-platos-a-medida\/mamparas-a-medida\/#primaryimage"},"thumbnailUrl":"https:\/\/gmelorente.com\/wp-content\/uploads\/decoupe-300x180.jpg","datePublished":"2015-08-13T14:43:11+00:00","dateModified":"2021-03-03T15:34:49+00:00","description":"Mamparas a medida, con corte o cajeados. Cristales parsol de colores, espejo mirastar, mate, vinilos adhesivos o impresi\u00f3n digital. Dinos como la quieres.","breadcrumb":{"@id":"https:\/\/gmelorente.com\/fr\/productos\/mamparas-y-platos-a-medida\/mamparas-a-medida\/#breadcrumb"},"inLanguage":"fr-FR","potentialAction":[{"@type":"ReadAction","target":["https:\/\/gmelorente.com\/fr\/productos\/mamparas-y-platos-a-medida\/mamparas-a-medida\/"]}]},{"@type":"ImageObject","inLanguage":"fr-FR","@id":"https:\/\/gmelorente.com\/fr\/productos\/mamparas-y-platos-a-medida\/mamparas-a-medida\/#primaryimage","url":"https:\/\/gmelorente.com\/wp-content\/uploads\/decoupe-300x180.jpg","contentUrl":"https:\/\/gmelorente.com\/wp-content\/uploads\/decoupe-300x180.jpg"},{"@type":"BreadcrumbList","@id":"https:\/\/gmelorente.com\/fr\/productos\/mamparas-y-platos-a-medida\/mamparas-a-medida\/#breadcrumb","itemListElement":[{"@type":"ListItem","position":1,"name":"Home","item":"https:\/\/gmelorente.com\/fr\/"},{"@type":"ListItem","position":2,"name":"Produits","item":"https:\/\/gmelorente.com\/fr\/productos\/"},{"@type":"ListItem","position":3,"name":"Sur mesure","item":"https:\/\/gmelorente.com\/fr\/productos\/mamparas-y-platos-a-medida\/"},{"@type":"ListItem","position":4,"name":"Parois sur mesure"}]},{"@type":"WebSite","@id":"https:\/\/gmelorente.com\/#website","url":"https:\/\/gmelorente.com\/","name":"GME DIVISI\u00d3N BA\u00d1OS","description":"Mamparas de ducha y mucho m\u00e1s","publisher":{"@id":"https:\/\/gmelorente.com\/#organization"},"potentialAction":[{"@type":"SearchAction","target":{"@type":"EntryPoint","urlTemplate":"https:\/\/gmelorente.com\/?s={search_term_string}"},"query-input":{"@type":"PropertyValueSpecification","valueRequired":true,"valueName":"search_term_string"}}],"inLanguage":"fr-FR"},{"@type":"Organization","@id":"https:\/\/gmelorente.com\/#organization","name":"GME DIVISI\u00d3N BA\u00d1OS S.L.","url":"https:\/\/gmelorente.com\/","logo":{"@type":"ImageObject","inLanguage":"fr-FR","@id":"https:\/\/gmelorente.com\/#\/schema\/logo\/image\/","url":"https:\/\/gmelorente.com\/wp-content\/uploads\/logo-gme-azul.jpg","contentUrl":"https:\/\/gmelorente.com\/wp-content\/uploads\/logo-gme-azul.jpg","width":810,"height":298,"caption":"GME DIVISI\u00d3N BA\u00d1OS S.L."},"image":{"@id":"https:\/\/gmelorente.com\/#\/schema\/logo\/image\/"},"sameAs":["https:\/\/www.facebook.com\/gmedivision\/?fref=ts","https:\/\/es.pinterest.com\/gmedivision\/?eq=gme&amp;etslf=14997"]}]}},"_links":{"self":[{"href":"https:\/\/gmelorente.com\/fr\/wp-json\/wp\/v2\/pages\/43102","targetHints":{"allow":["GET"]}}],"collection":[{"href":"https:\/\/gmelorente.com\/fr\/wp-json\/wp\/v2\/pages"}],"about":[{"href":"https:\/\/gmelorente.com\/fr\/wp-json\/wp\/v2\/types\/page"}],"author":[{"embeddable":true,"href":"https:\/\/gmelorente.com\/fr\/wp-json\/wp\/v2\/users\/1"}],"replies":[{"embeddable":true,"href":"https:\/\/gmelorente.com\/fr\/wp-json\/wp\/v2\/comments?post=43102"}],"version-history":[{"count":0,"href":"https:\/\/gmelorente.com\/fr\/wp-json\/wp\/v2\/pages\/43102\/revisions"}],"up":[{"embeddable":true,"href":"https:\/\/gmelorente.com\/fr\/wp-json\/wp\/v2\/pages\/43081"}],"wp:attachment":[{"href":"https:\/\/gmelorente.com\/fr\/wp-json\/wp\/v2\/media?parent=43102"}],"curies":[{"name":"wp","href":"https:\/\/api.w.org\/{rel}","templated":true}]}}