{"id":43117,"date":"2015-08-13T16:38:20","date_gmt":"2015-08-13T14:38:20","guid":{"rendered":"https:\/\/gmelorente.com\/fr\/productos\/mamparas\/decorados\/"},"modified":"2025-04-25T12:39:12","modified_gmt":"2025-04-25T10:39:12","slug":"decorados","status":"publish","type":"page","link":"https:\/\/gmelorente.com\/fr\/productos\/mamparas\/decorados\/","title":{"rendered":"D\u00e9cor\u00e9"},"content":{"rendered":"<p>[vc_row][vc_column][vc_column_text]<\/p>\n<h3>Murs de douche d\u00e9cor\u00e9s &#8211; VINYLES<\/h3>\n<p><strong>VINYLES<\/strong><\/p>\n<p><strong>GME DIVISION BA\u00d1OS<\/strong> offre la possibilit\u00e9 de d\u00e9corer les cloisons avec 6 mod\u00e8les de vinyles, avec lesquels vous pourrez personnaliser votre salle de bain avec le style qui vous convient le plus, \u00e0 vous et aux v\u00f4tres.<\/p>\n<p>Nous vous donnons la possibilit\u00e9 de monter en usine ou de monter par le client.<\/p>\n<p>Pour le placement correct du vinyle, vous devez remplir une fiche d\u2019installation indiquant le d\u00e9cor, la couleur, la position, la hauteur&#8230;[\/vc_column_text][\/vc_column][\/vc_row][vc_row margin_top=\u00a0\u00bb30&Prime; margin_bottom=\u00a0\u00bb30&Prime;][vc_column width=\u00a0\u00bb1\/4&Prime;]<div class=\"twentytwenty-container\" data-orientation=\"horizontal\" data-offset=\"0.5\"><img loading=\"lazy\" decoding=\"async\" class=\"preload-me\" src=\"https:\/\/gmelorente.com\/wp-content\/uploads\/GME_BASIC_FRONTAL.jpg\" width=\"714\" height=\"840\"  title=\"BASIC TRANSPARENTE\" alt=\"FRONTAL BASIC FIJO + CORREDERA\"><img loading=\"lazy\" decoding=\"async\" class=\"preload-me\" src=\"https:\/\/gmelorente.com\/wp-content\/uploads\/GME_BASIC_trazos.jpg\" width=\"714\" height=\"840\"  title=\"BASIC VINILO TRAZOS\" alt=\"\"><\/div>[\/vc_column][vc_column width=\u00a0\u00bb1\/4&Prime;][vc_column_text]<img loading=\"lazy\" decoding=\"async\" class=\"aligncenter size-full wp-image-75034\" src=\"https:\/\/gmelorente.com\/wp-content\/uploads\/DECORADOS-frost-plus.jpg\" alt=\"DECORADO FROST PLUS\" width=\"893\" height=\"1050\" srcset=\"https:\/\/gmelorente.com\/wp-content\/uploads\/DECORADOS-frost-plus.jpg 893w, https:\/\/gmelorente.com\/wp-content\/uploads\/DECORADOS-frost-plus-255x300.jpg 255w, https:\/\/gmelorente.com\/wp-content\/uploads\/DECORADOS-frost-plus-768x903.jpg 768w, https:\/\/gmelorente.com\/wp-content\/uploads\/DECORADOS-frost-plus-871x1024.jpg 871w, https:\/\/gmelorente.com\/wp-content\/uploads\/DECORADOS-frost-plus-17x20.jpg 17w\" sizes=\"auto, (max-width: 893px) 100vw, 893px\" \/><\/p>\n<p>FROST PLUS[\/vc_column_text][\/vc_column][vc_column width=\u00a0\u00bb1\/4&Prime;][vc_column_text]<img loading=\"lazy\" decoding=\"async\" class=\"aligncenter size-full wp-image-75038\" src=\"https:\/\/gmelorente.com\/wp-content\/uploads\/DECORADOS-frost.jpg\" alt=\"\" width=\"893\" height=\"1050\" srcset=\"https:\/\/gmelorente.com\/wp-content\/uploads\/DECORADOS-frost.jpg 893w, https:\/\/gmelorente.com\/wp-content\/uploads\/DECORADOS-frost-255x300.jpg 255w, https:\/\/gmelorente.com\/wp-content\/uploads\/DECORADOS-frost-768x903.jpg 768w, https:\/\/gmelorente.com\/wp-content\/uploads\/DECORADOS-frost-871x1024.jpg 871w, https:\/\/gmelorente.com\/wp-content\/uploads\/DECORADOS-frost-17x20.jpg 17w\" sizes=\"auto, (max-width: 893px) 100vw, 893px\" \/><\/p>\n<p>FROST[\/vc_column_text][\/vc_column][\/vc_row][vc_row margin_top=\u00a0\u00bb30&Prime; margin_bottom=\u00a0\u00bb30&Prime;][vc_column width=\u00a0\u00bb1\/4&Prime;][vc_column_text]<img loading=\"lazy\" decoding=\"async\" class=\"aligncenter size-full wp-image-75051\" src=\"https:\/\/gmelorente.com\/wp-content\/uploads\/DECORADOS-6.jpg\" alt=\"DECORADO BAMB\u00da\" width=\"893\" height=\"1050\" srcset=\"https:\/\/gmelorente.com\/wp-content\/uploads\/DECORADOS-6.jpg 893w, https:\/\/gmelorente.com\/wp-content\/uploads\/DECORADOS-6-255x300.jpg 255w, https:\/\/gmelorente.com\/wp-content\/uploads\/DECORADOS-6-768x903.jpg 768w, https:\/\/gmelorente.com\/wp-content\/uploads\/DECORADOS-6-871x1024.jpg 871w, https:\/\/gmelorente.com\/wp-content\/uploads\/DECORADOS-6-17x20.jpg 17w\" sizes=\"auto, (max-width: 893px) 100vw, 893px\" \/><\/p>\n<p>BAMB\u00da[\/vc_column_text][\/vc_column][vc_column width=\u00a0\u00bb1\/4&Prime;][vc_column_text]<img loading=\"lazy\" decoding=\"async\" class=\"aligncenter size-full wp-image-75056\" src=\"https:\/\/gmelorente.com\/wp-content\/uploads\/DECORADOS-1.jpg\" alt=\"DECORADO ANGLES\" width=\"893\" height=\"1050\" srcset=\"https:\/\/gmelorente.com\/wp-content\/uploads\/DECORADOS-1.jpg 893w, https:\/\/gmelorente.com\/wp-content\/uploads\/DECORADOS-1-255x300.jpg 255w, https:\/\/gmelorente.com\/wp-content\/uploads\/DECORADOS-1-768x903.jpg 768w, https:\/\/gmelorente.com\/wp-content\/uploads\/DECORADOS-1-871x1024.jpg 871w, https:\/\/gmelorente.com\/wp-content\/uploads\/DECORADOS-1-17x20.jpg 17w\" sizes=\"auto, (max-width: 893px) 100vw, 893px\" \/><\/p>\n<p>ANGLES[\/vc_column_text][\/vc_column][vc_column width=\u00a0\u00bb1\/4&Prime;][vc_column_text]<img loading=\"lazy\" decoding=\"async\" class=\"aligncenter size-full wp-image-75060\" src=\"https:\/\/gmelorente.com\/wp-content\/uploads\/DECORADOS-4.jpg\" alt=\"\" width=\"893\" height=\"1050\" srcset=\"https:\/\/gmelorente.com\/wp-content\/uploads\/DECORADOS-4.jpg 893w, https:\/\/gmelorente.com\/wp-content\/uploads\/DECORADOS-4-255x300.jpg 255w, https:\/\/gmelorente.com\/wp-content\/uploads\/DECORADOS-4-768x903.jpg 768w, https:\/\/gmelorente.com\/wp-content\/uploads\/DECORADOS-4-871x1024.jpg 871w, https:\/\/gmelorente.com\/wp-content\/uploads\/DECORADOS-4-17x20.jpg 17w\" sizes=\"auto, (max-width: 893px) 100vw, 893px\" \/><\/p>\n<p>METEOR[\/vc_column_text][\/vc_column][\/vc_row][vc_row][vc_column][vc_column_text]<\/p>\n<h3>Personnalisez votre cloison &#8211; IMPRESSION DIGITAL SUR VINILLE<\/h3>\n<p>&nbsp;<\/p>\n<p>Gr\u00e2ce aux possibilit\u00e9s offertes par les techniques modernes d\u2019impression num\u00e9rique, nous pouvons maintenant donner de la personnalit\u00e9 \u00e0 nos cloisons.<\/p>\n<p>Avec ce type d\u2019impression, on peut donner au verre une image unique, gr\u00e2ce \u00e0 l\u2019incorporation de photographies, dessins, logos, lettres, symboles et bien plus encore.<\/p>\n<p>Notre syst\u00e8me d\u2019impression num\u00e9rique int\u00e8gre une feuille pour la protection et la conservation de l\u2019image du vinyle.<\/p>\n<p>&nbsp;<\/p>\n<p>Vous devrez nous envoyer une image de qualit\u00e9 d\u2019au moins 5 m\u00e9gapixels ou une image de r\u00e9solution 300 dpi.<\/p>\n<p>En format JPG, EPS ou TIF. Couleur CMYK. Il nous vaudrait \u00e9galement une image en format vectoriel.<\/p>\n<p>&nbsp;<\/p>\n<p>&nbsp;<\/p>\n<p>[\/vc_column_text][\/vc_column][\/vc_row][vc_row][vc_column]<div class=\"twentytwenty-container\" data-orientation=\"horizontal\" data-offset=\"0.6\"><img loading=\"lazy\" decoding=\"async\" class=\"preload-me\" src=\"https:\/\/gmelorente.com\/wp-content\/uploads\/GME_ROTARY_AMBIENTE.jpg\" width=\"850\" height=\"567\"  title=\"GME_ROTARY_AMBIENTE\" alt=\"TRANSPARENTE\"><img loading=\"lazy\" decoding=\"async\" class=\"preload-me\" src=\"https:\/\/gmelorente.com\/wp-content\/uploads\/GME_ROTARY_AMBIENTE-DECORADO2.jpg\" width=\"850\" height=\"567\"  title=\"GME_ROTARY_AMBIENTE-DECORADO2\" alt=\"IMPRESI\u00d3N DIGITAL\"><\/div>[\/vc_column][\/vc_row]<\/p>\n","protected":false},"excerpt":{"rendered":"<p>[vc_row][vc_column][vc_column_text] Murs de douche d\u00e9cor\u00e9s &#8211; VINYLES VINYLES GME DIVISION BA\u00d1OS offre la possibilit\u00e9 de d\u00e9corer les cloisons avec 6 mod\u00e8les de vinyles, avec lesquels vous pourrez personnaliser votre salle de bain avec le style qui vous convient le plus, \u00e0 vous et aux v\u00f4tres. Nous vous donnons la possibilit\u00e9 de monter en usine ou&hellip;<\/p>\n","protected":false},"author":1,"featured_media":0,"parent":43096,"menu_order":0,"comment_status":"closed","ping_status":"closed","template":"","meta":{"footnotes":""},"class_list":["post-43117","page","type-page","status-publish","hentry","description-off"],"yoast_head":"<!-- This site is optimized with the Yoast SEO plugin v27.3 - https:\/\/yoast.com\/product\/yoast-seo-wordpress\/ -->\n<title>Murs de douche d\u00e9cor\u00e9s de vinyles\u00a0- GME<\/title>\n<meta name=\"description\" content=\"Murs de douche d\u00e9cor\u00e9s de vinyles adh\u00e9sifs ou imprim\u00e9s num\u00e9riquement. Dites-nous comment vous voulez votre cloison et nous la r\u00e9alisons.\" \/>\n<meta name=\"robots\" content=\"index, follow, max-snippet:-1, max-image-preview:large, max-video-preview:-1\" \/>\n<link rel=\"canonical\" href=\"https:\/\/gmelorente.com\/fr\/productos\/mamparas\/decorados\/\" \/>\n<meta property=\"og:locale\" content=\"fr_FR\" \/>\n<meta property=\"og:type\" content=\"article\" \/>\n<meta property=\"og:title\" content=\"Murs de douche d\u00e9cor\u00e9s de vinyles\u00a0- GME\" \/>\n<meta property=\"og:description\" content=\"Murs de douche d\u00e9cor\u00e9s de vinyles adh\u00e9sifs ou imprim\u00e9s num\u00e9riquement. Dites-nous comment vous voulez votre cloison et nous la r\u00e9alisons.\" \/>\n<meta property=\"og:url\" content=\"https:\/\/gmelorente.com\/fr\/productos\/mamparas\/decorados\/\" \/>\n<meta property=\"og:site_name\" content=\"GME DIVISI\u00d3N BA\u00d1OS\" \/>\n<meta property=\"article:publisher\" content=\"https:\/\/www.facebook.com\/gmedivision\/?fref=ts\" \/>\n<meta property=\"article:modified_time\" content=\"2025-04-25T10:39:12+00:00\" \/>\n<meta property=\"og:image\" content=\"https:\/\/gmelorente.com\/wp-content\/uploads\/DECORADOS-frost-plus.jpg\" \/>\n<meta name=\"twitter:card\" content=\"summary_large_image\" \/>\n<meta name=\"twitter:label1\" content=\"Dur\u00e9e de lecture estim\u00e9e\" \/>\n\t<meta name=\"twitter:data1\" content=\"2 minutes\" \/>\n<script type=\"application\/ld+json\" class=\"yoast-schema-graph\">{\"@context\":\"https:\\\/\\\/schema.org\",\"@graph\":[{\"@type\":\"WebPage\",\"@id\":\"https:\\\/\\\/gmelorente.com\\\/fr\\\/productos\\\/mamparas\\\/decorados\\\/\",\"url\":\"https:\\\/\\\/gmelorente.com\\\/fr\\\/productos\\\/mamparas\\\/decorados\\\/\",\"name\":\"Murs de douche d\u00e9cor\u00e9s de vinyles\u00a0- GME\",\"isPartOf\":{\"@id\":\"https:\\\/\\\/gmelorente.com\\\/#website\"},\"primaryImageOfPage\":{\"@id\":\"https:\\\/\\\/gmelorente.com\\\/fr\\\/productos\\\/mamparas\\\/decorados\\\/#primaryimage\"},\"image\":{\"@id\":\"https:\\\/\\\/gmelorente.com\\\/fr\\\/productos\\\/mamparas\\\/decorados\\\/#primaryimage\"},\"thumbnailUrl\":\"https:\\\/\\\/gmelorente.com\\\/wp-content\\\/uploads\\\/DECORADOS-frost-plus.jpg\",\"datePublished\":\"2015-08-13T14:38:20+00:00\",\"dateModified\":\"2025-04-25T10:39:12+00:00\",\"description\":\"Murs de douche d\u00e9cor\u00e9s de vinyles adh\u00e9sifs ou imprim\u00e9s num\u00e9riquement. Dites-nous comment vous voulez votre cloison et nous la r\u00e9alisons.\",\"breadcrumb\":{\"@id\":\"https:\\\/\\\/gmelorente.com\\\/fr\\\/productos\\\/mamparas\\\/decorados\\\/#breadcrumb\"},\"inLanguage\":\"fr-FR\",\"potentialAction\":[{\"@type\":\"ReadAction\",\"target\":[\"https:\\\/\\\/gmelorente.com\\\/fr\\\/productos\\\/mamparas\\\/decorados\\\/\"]}]},{\"@type\":\"ImageObject\",\"inLanguage\":\"fr-FR\",\"@id\":\"https:\\\/\\\/gmelorente.com\\\/fr\\\/productos\\\/mamparas\\\/decorados\\\/#primaryimage\",\"url\":\"https:\\\/\\\/gmelorente.com\\\/wp-content\\\/uploads\\\/DECORADOS-frost-plus.jpg\",\"contentUrl\":\"https:\\\/\\\/gmelorente.com\\\/wp-content\\\/uploads\\\/DECORADOS-frost-plus.jpg\"},{\"@type\":\"BreadcrumbList\",\"@id\":\"https:\\\/\\\/gmelorente.com\\\/fr\\\/productos\\\/mamparas\\\/decorados\\\/#breadcrumb\",\"itemListElement\":[{\"@type\":\"ListItem\",\"position\":1,\"name\":\"Home\",\"item\":\"https:\\\/\\\/gmelorente.com\\\/fr\\\/\"},{\"@type\":\"ListItem\",\"position\":2,\"name\":\"Produits\",\"item\":\"https:\\\/\\\/gmelorente.com\\\/fr\\\/productos\\\/\"},{\"@type\":\"ListItem\",\"position\":3,\"name\":\"Parois\",\"item\":\"https:\\\/\\\/gmelorente.com\\\/fr\\\/productos\\\/mamparas\\\/\"},{\"@type\":\"ListItem\",\"position\":4,\"name\":\"D\u00e9cor\u00e9\"}]},{\"@type\":\"WebSite\",\"@id\":\"https:\\\/\\\/gmelorente.com\\\/#website\",\"url\":\"https:\\\/\\\/gmelorente.com\\\/\",\"name\":\"GME DIVISI\u00d3N BA\u00d1OS\",\"description\":\"Mamparas de ducha y mucho m\u00e1s\",\"publisher\":{\"@id\":\"https:\\\/\\\/gmelorente.com\\\/#organization\"},\"potentialAction\":[{\"@type\":\"SearchAction\",\"target\":{\"@type\":\"EntryPoint\",\"urlTemplate\":\"https:\\\/\\\/gmelorente.com\\\/?s={search_term_string}\"},\"query-input\":{\"@type\":\"PropertyValueSpecification\",\"valueRequired\":true,\"valueName\":\"search_term_string\"}}],\"inLanguage\":\"fr-FR\"},{\"@type\":\"Organization\",\"@id\":\"https:\\\/\\\/gmelorente.com\\\/#organization\",\"name\":\"GME DIVISI\u00d3N BA\u00d1OS S.L.\",\"url\":\"https:\\\/\\\/gmelorente.com\\\/\",\"logo\":{\"@type\":\"ImageObject\",\"inLanguage\":\"fr-FR\",\"@id\":\"https:\\\/\\\/gmelorente.com\\\/#\\\/schema\\\/logo\\\/image\\\/\",\"url\":\"https:\\\/\\\/gmelorente.com\\\/wp-content\\\/uploads\\\/logo-gme-azul.jpg\",\"contentUrl\":\"https:\\\/\\\/gmelorente.com\\\/wp-content\\\/uploads\\\/logo-gme-azul.jpg\",\"width\":810,\"height\":298,\"caption\":\"GME DIVISI\u00d3N BA\u00d1OS S.L.\"},\"image\":{\"@id\":\"https:\\\/\\\/gmelorente.com\\\/#\\\/schema\\\/logo\\\/image\\\/\"},\"sameAs\":[\"https:\\\/\\\/www.facebook.com\\\/gmedivision\\\/?fref=ts\",\"https:\\\/\\\/es.pinterest.com\\\/gmedivision\\\/?eq=gme&amp;etslf=14997\"]}]}<\/script>\n<!-- \/ Yoast SEO plugin. -->","yoast_head_json":{"title":"Murs de douche d\u00e9cor\u00e9s de vinyles\u00a0- GME","description":"Murs de douche d\u00e9cor\u00e9s de vinyles adh\u00e9sifs ou imprim\u00e9s num\u00e9riquement. Dites-nous comment vous voulez votre cloison et nous la r\u00e9alisons.","robots":{"index":"index","follow":"follow","max-snippet":"max-snippet:-1","max-image-preview":"max-image-preview:large","max-video-preview":"max-video-preview:-1"},"canonical":"https:\/\/gmelorente.com\/fr\/productos\/mamparas\/decorados\/","og_locale":"fr_FR","og_type":"article","og_title":"Murs de douche d\u00e9cor\u00e9s de vinyles\u00a0- GME","og_description":"Murs de douche d\u00e9cor\u00e9s de vinyles adh\u00e9sifs ou imprim\u00e9s num\u00e9riquement. Dites-nous comment vous voulez votre cloison et nous la r\u00e9alisons.","og_url":"https:\/\/gmelorente.com\/fr\/productos\/mamparas\/decorados\/","og_site_name":"GME DIVISI\u00d3N BA\u00d1OS","article_publisher":"https:\/\/www.facebook.com\/gmedivision\/?fref=ts","article_modified_time":"2025-04-25T10:39:12+00:00","og_image":[{"url":"https:\/\/gmelorente.com\/wp-content\/uploads\/DECORADOS-frost-plus.jpg","type":"","width":"","height":""}],"twitter_card":"summary_large_image","twitter_misc":{"Dur\u00e9e de lecture estim\u00e9e":"2 minutes"},"schema":{"@context":"https:\/\/schema.org","@graph":[{"@type":"WebPage","@id":"https:\/\/gmelorente.com\/fr\/productos\/mamparas\/decorados\/","url":"https:\/\/gmelorente.com\/fr\/productos\/mamparas\/decorados\/","name":"Murs de douche d\u00e9cor\u00e9s de vinyles\u00a0- GME","isPartOf":{"@id":"https:\/\/gmelorente.com\/#website"},"primaryImageOfPage":{"@id":"https:\/\/gmelorente.com\/fr\/productos\/mamparas\/decorados\/#primaryimage"},"image":{"@id":"https:\/\/gmelorente.com\/fr\/productos\/mamparas\/decorados\/#primaryimage"},"thumbnailUrl":"https:\/\/gmelorente.com\/wp-content\/uploads\/DECORADOS-frost-plus.jpg","datePublished":"2015-08-13T14:38:20+00:00","dateModified":"2025-04-25T10:39:12+00:00","description":"Murs de douche d\u00e9cor\u00e9s de vinyles adh\u00e9sifs ou imprim\u00e9s num\u00e9riquement. Dites-nous comment vous voulez votre cloison et nous la r\u00e9alisons.","breadcrumb":{"@id":"https:\/\/gmelorente.com\/fr\/productos\/mamparas\/decorados\/#breadcrumb"},"inLanguage":"fr-FR","potentialAction":[{"@type":"ReadAction","target":["https:\/\/gmelorente.com\/fr\/productos\/mamparas\/decorados\/"]}]},{"@type":"ImageObject","inLanguage":"fr-FR","@id":"https:\/\/gmelorente.com\/fr\/productos\/mamparas\/decorados\/#primaryimage","url":"https:\/\/gmelorente.com\/wp-content\/uploads\/DECORADOS-frost-plus.jpg","contentUrl":"https:\/\/gmelorente.com\/wp-content\/uploads\/DECORADOS-frost-plus.jpg"},{"@type":"BreadcrumbList","@id":"https:\/\/gmelorente.com\/fr\/productos\/mamparas\/decorados\/#breadcrumb","itemListElement":[{"@type":"ListItem","position":1,"name":"Home","item":"https:\/\/gmelorente.com\/fr\/"},{"@type":"ListItem","position":2,"name":"Produits","item":"https:\/\/gmelorente.com\/fr\/productos\/"},{"@type":"ListItem","position":3,"name":"Parois","item":"https:\/\/gmelorente.com\/fr\/productos\/mamparas\/"},{"@type":"ListItem","position":4,"name":"D\u00e9cor\u00e9"}]},{"@type":"WebSite","@id":"https:\/\/gmelorente.com\/#website","url":"https:\/\/gmelorente.com\/","name":"GME DIVISI\u00d3N BA\u00d1OS","description":"Mamparas de ducha y mucho m\u00e1s","publisher":{"@id":"https:\/\/gmelorente.com\/#organization"},"potentialAction":[{"@type":"SearchAction","target":{"@type":"EntryPoint","urlTemplate":"https:\/\/gmelorente.com\/?s={search_term_string}"},"query-input":{"@type":"PropertyValueSpecification","valueRequired":true,"valueName":"search_term_string"}}],"inLanguage":"fr-FR"},{"@type":"Organization","@id":"https:\/\/gmelorente.com\/#organization","name":"GME DIVISI\u00d3N BA\u00d1OS S.L.","url":"https:\/\/gmelorente.com\/","logo":{"@type":"ImageObject","inLanguage":"fr-FR","@id":"https:\/\/gmelorente.com\/#\/schema\/logo\/image\/","url":"https:\/\/gmelorente.com\/wp-content\/uploads\/logo-gme-azul.jpg","contentUrl":"https:\/\/gmelorente.com\/wp-content\/uploads\/logo-gme-azul.jpg","width":810,"height":298,"caption":"GME DIVISI\u00d3N BA\u00d1OS S.L."},"image":{"@id":"https:\/\/gmelorente.com\/#\/schema\/logo\/image\/"},"sameAs":["https:\/\/www.facebook.com\/gmedivision\/?fref=ts","https:\/\/es.pinterest.com\/gmedivision\/?eq=gme&amp;etslf=14997"]}]}},"_links":{"self":[{"href":"https:\/\/gmelorente.com\/fr\/wp-json\/wp\/v2\/pages\/43117","targetHints":{"allow":["GET"]}}],"collection":[{"href":"https:\/\/gmelorente.com\/fr\/wp-json\/wp\/v2\/pages"}],"about":[{"href":"https:\/\/gmelorente.com\/fr\/wp-json\/wp\/v2\/types\/page"}],"author":[{"embeddable":true,"href":"https:\/\/gmelorente.com\/fr\/wp-json\/wp\/v2\/users\/1"}],"replies":[{"embeddable":true,"href":"https:\/\/gmelorente.com\/fr\/wp-json\/wp\/v2\/comments?post=43117"}],"version-history":[{"count":7,"href":"https:\/\/gmelorente.com\/fr\/wp-json\/wp\/v2\/pages\/43117\/revisions"}],"predecessor-version":[{"id":86219,"href":"https:\/\/gmelorente.com\/fr\/wp-json\/wp\/v2\/pages\/43117\/revisions\/86219"}],"up":[{"embeddable":true,"href":"https:\/\/gmelorente.com\/fr\/wp-json\/wp\/v2\/pages\/43096"}],"wp:attachment":[{"href":"https:\/\/gmelorente.com\/fr\/wp-json\/wp\/v2\/media?parent=43117"}],"curies":[{"name":"wp","href":"https:\/\/api.w.org\/{rel}","templated":true}]}}