{"id":43126,"date":"2016-02-05T13:00:48","date_gmt":"2016-02-05T12:00:48","guid":{"rendered":"https:\/\/gmelorente.com\/fr\/productos\/platos-de-ducha\/resina-carga-mineral-plus\/"},"modified":"2016-02-11T16:30:11","modified_gmt":"2016-02-11T15:30:11","slug":"resina-carga-mineral-plus","status":"publish","type":"page","link":"https:\/\/gmelorente.com\/fr\/productos\/platos-de-ducha\/resina-carga-mineral-plus\/","title":{"rendered":"R\u00e9sine avec charge min\u00e9rale plus"},"content":{"rendered":"<p>[vc_row][vc_column]<div class=\"dt-shortcode with-isotope\"><div class=\"wf-container dt-portfolio-shortcode loading-effect-none iso-grid bg-under-post description-under-image content-align-left\" data-padding=\"20px\" data-cur-page=\"1\" data-posts-per-page=\"-1\" data-width=\"0px\" data-columns=\"4\">\n<div class=\"wf-cell category-168 category-181\" data-post-id=\"42914\" data-date=\"2015-10-27T01:20:47+01:00\" data-name=\"RECEVEUR DE DOUCHE ARDESIA\">\n<article class=\"post post-42914 dt_portfolio type-dt_portfolio status-publish has-post-thumbnail hentry dt_portfolio_category-platos-de-ducha-fr dt_portfolio_category-resina-carga-mineral-plus-fr dt_portfolio_category-168 dt_portfolio_category-181 bg-on\">\n\n\t<div class=\"project-list-media\">\n\t<figure class=\"buttons-on-img forward-post\">\n\t\t<a href=\"https:\/\/gmelorente.com\/fr\/producto\/plato-de-ducha-ardesia-2\/\" class=\"alignnone rollover layzr-bg\" title=\"PLATOS CARGA MINERAL ARDESIA PLUS PIZARRA - pag. 187 del cat\u00e1logo\"  aria-label=\"Post image\"><img fetchpriority=\"high\" decoding=\"async\" class=\"preload-me iso-lazy-load aspect\" src=\"data:image\/svg+xml,%3Csvg%20xmlns%3D&#39;http%3A%2F%2Fwww.w3.org%2F2000%2Fsvg&#39;%20viewBox%3D&#39;0%200%20840%20840&#39;%2F%3E\" data-src=\"https:\/\/gmelorente.com\/wp-content\/uploads\/Cascada_Ardesia_plus.jpg\" data-srcset=\"https:\/\/gmelorente.com\/wp-content\/uploads\/Cascada_Ardesia_plus.jpg 840w\" loading=\"eager\" style=\"--ratio: 840 \/ 840\" sizes=\"(max-width: 840px) 100vw, 840px\" alt=\"\" width=\"840\" height=\"840\"  \/><\/a>\t\t\t<\/figure>\n<\/div>\n<div class=\"project-list-content\">\n\t<h3 class=\"entry-title\"><a href=\"https:\/\/gmelorente.com\/fr\/producto\/plato-de-ducha-ardesia-2\/\" title=\"RECEVEUR DE DOUCHE ARDESIA\" rel=\"bookmark\">RECEVEUR DE DOUCHE ARDESIA<\/a><\/h3><p>Charge min\u00e9rale de derni\u00e8re g\u00e9n\u00e9ration fabriqu\u00e9e en r\u00e9sine avec une nouvelle formule de charge min\u00e9rale de gel coat.<\/p>\n<\/div>\n<\/article>\n\n<\/div>\n<div class=\"wf-cell category-173 category-168 category-181\" data-post-id=\"42911\" data-date=\"2015-10-27T01:31:39+01:00\" data-name=\"RECEVEUR DE DOUCHE STYLE PLUS\">\n<article class=\"post post-42911 dt_portfolio type-dt_portfolio status-publish has-post-thumbnail hentry dt_portfolio_category-destacado-fr dt_portfolio_category-platos-de-ducha-fr dt_portfolio_category-resina-carga-mineral-plus-fr dt_portfolio_category-173 dt_portfolio_category-168 dt_portfolio_category-181 bg-on\">\n\n\t<div class=\"project-list-media\">\n\t<figure class=\"buttons-on-img forward-post\">\n\t\t<a href=\"https:\/\/gmelorente.com\/fr\/producto\/plato-de-ducha-style-plus\/\" class=\"alignnone rollover layzr-bg\" title=\"PLATOS CARGA MINERAL STYLE PLUS PIZARRA - pag. 189 del cat\u00e1logo\"  aria-label=\"Post image\"><img decoding=\"async\" class=\"preload-me iso-lazy-load aspect\" src=\"data:image\/svg+xml,%3Csvg%20xmlns%3D&#39;http%3A%2F%2Fwww.w3.org%2F2000%2Fsvg&#39;%20viewBox%3D&#39;0%200%20840%20840&#39;%2F%3E\" data-src=\"https:\/\/gmelorente.com\/wp-content\/uploads\/Cascada_Style_Plus.jpg\" data-srcset=\"https:\/\/gmelorente.com\/wp-content\/uploads\/Cascada_Style_Plus.jpg 840w\" loading=\"eager\" style=\"--ratio: 840 \/ 840\" sizes=\"(max-width: 840px) 100vw, 840px\" alt=\"\" width=\"840\" height=\"840\"  \/><\/a>\t\t\t<\/figure>\n<\/div>\n<div class=\"project-list-content\">\n\t<h3 class=\"entry-title\"><a href=\"https:\/\/gmelorente.com\/fr\/producto\/plato-de-ducha-style-plus\/\" title=\"RECEVEUR DE DOUCHE STYLE PLUS\" rel=\"bookmark\">RECEVEUR DE DOUCHE STYLE PLUS<\/a><\/h3><p>Charge min\u00e9rale de derni\u00e8re g\u00e9n\u00e9ration fabriqu\u00e9e en r\u00e9sine avec une nouvelle formule de charge min\u00e9rale de gel coat.<\/p>\n<\/div>\n<\/article>\n\n<\/div><\/div><\/div>[\/vc_column][\/vc_row]<\/p>\n","protected":false},"excerpt":{"rendered":"<p>[vc_row][vc_column][\/vc_column][\/vc_row]<\/p>\n","protected":false},"author":1,"featured_media":0,"parent":43093,"menu_order":0,"comment_status":"closed","ping_status":"closed","template":"","meta":{"footnotes":""},"class_list":["post-43126","page","type-page","status-publish","hentry","description-off"],"yoast_head":"<!-- This site is optimized with the Yoast SEO plugin v27.3 - https:\/\/yoast.com\/product\/yoast-seo-wordpress\/ -->\n<title>Platos de resina con carga mineral plus - GME<\/title>\n<meta name=\"description\" content=\"Platos de resina con carga mineral plus, modelos Ardesia y Style. M\u00e1s ligeros y antideslizantes que los cl\u00e1sicos de carga mineral. Servicio inmediato.\" \/>\n<meta name=\"robots\" content=\"index, follow, max-snippet:-1, max-image-preview:large, max-video-preview:-1\" \/>\n<link rel=\"canonical\" href=\"https:\/\/gmelorente.com\/fr\/productos\/platos-de-ducha\/resina-carga-mineral-plus\/\" \/>\n<meta property=\"og:locale\" content=\"fr_FR\" \/>\n<meta property=\"og:type\" content=\"article\" \/>\n<meta property=\"og:title\" content=\"Platos de resina con carga mineral plus - GME\" \/>\n<meta property=\"og:description\" content=\"Platos de resina con carga mineral plus, modelos Ardesia y Style. M\u00e1s ligeros y antideslizantes que los cl\u00e1sicos de carga mineral. Servicio inmediato.\" \/>\n<meta property=\"og:url\" content=\"https:\/\/gmelorente.com\/fr\/productos\/platos-de-ducha\/resina-carga-mineral-plus\/\" \/>\n<meta property=\"og:site_name\" content=\"GME DIVISI\u00d3N BA\u00d1OS\" \/>\n<meta property=\"article:publisher\" content=\"https:\/\/www.facebook.com\/gmedivision\/?fref=ts\" \/>\n<meta property=\"article:modified_time\" content=\"2016-02-11T15:30:11+00:00\" \/>\n<meta name=\"twitter:card\" content=\"summary_large_image\" \/>\n<script type=\"application\/ld+json\" class=\"yoast-schema-graph\">{\"@context\":\"https:\\\/\\\/schema.org\",\"@graph\":[{\"@type\":\"WebPage\",\"@id\":\"https:\\\/\\\/gmelorente.com\\\/fr\\\/productos\\\/platos-de-ducha\\\/resina-carga-mineral-plus\\\/\",\"url\":\"https:\\\/\\\/gmelorente.com\\\/fr\\\/productos\\\/platos-de-ducha\\\/resina-carga-mineral-plus\\\/\",\"name\":\"Platos de resina con carga mineral plus - GME\",\"isPartOf\":{\"@id\":\"https:\\\/\\\/gmelorente.com\\\/#website\"},\"datePublished\":\"2016-02-05T12:00:48+00:00\",\"dateModified\":\"2016-02-11T15:30:11+00:00\",\"description\":\"Platos de resina con carga mineral plus, modelos Ardesia y Style. M\u00e1s ligeros y antideslizantes que los cl\u00e1sicos de carga mineral. Servicio inmediato.\",\"breadcrumb\":{\"@id\":\"https:\\\/\\\/gmelorente.com\\\/fr\\\/productos\\\/platos-de-ducha\\\/resina-carga-mineral-plus\\\/#breadcrumb\"},\"inLanguage\":\"fr-FR\",\"potentialAction\":[{\"@type\":\"ReadAction\",\"target\":[\"https:\\\/\\\/gmelorente.com\\\/fr\\\/productos\\\/platos-de-ducha\\\/resina-carga-mineral-plus\\\/\"]}]},{\"@type\":\"BreadcrumbList\",\"@id\":\"https:\\\/\\\/gmelorente.com\\\/fr\\\/productos\\\/platos-de-ducha\\\/resina-carga-mineral-plus\\\/#breadcrumb\",\"itemListElement\":[{\"@type\":\"ListItem\",\"position\":1,\"name\":\"Home\",\"item\":\"https:\\\/\\\/gmelorente.com\\\/fr\\\/\"},{\"@type\":\"ListItem\",\"position\":2,\"name\":\"Produits\",\"item\":\"https:\\\/\\\/gmelorente.com\\\/fr\\\/productos\\\/\"},{\"@type\":\"ListItem\",\"position\":3,\"name\":\"Receveurs de douche\",\"item\":\"https:\\\/\\\/gmelorente.com\\\/fr\\\/productos\\\/platos-de-ducha\\\/\"},{\"@type\":\"ListItem\",\"position\":4,\"name\":\"R\u00e9sine avec charge min\u00e9rale plus\"}]},{\"@type\":\"WebSite\",\"@id\":\"https:\\\/\\\/gmelorente.com\\\/#website\",\"url\":\"https:\\\/\\\/gmelorente.com\\\/\",\"name\":\"GME DIVISI\u00d3N BA\u00d1OS\",\"description\":\"Mamparas de ducha y mucho m\u00e1s\",\"publisher\":{\"@id\":\"https:\\\/\\\/gmelorente.com\\\/#organization\"},\"potentialAction\":[{\"@type\":\"SearchAction\",\"target\":{\"@type\":\"EntryPoint\",\"urlTemplate\":\"https:\\\/\\\/gmelorente.com\\\/?s={search_term_string}\"},\"query-input\":{\"@type\":\"PropertyValueSpecification\",\"valueRequired\":true,\"valueName\":\"search_term_string\"}}],\"inLanguage\":\"fr-FR\"},{\"@type\":\"Organization\",\"@id\":\"https:\\\/\\\/gmelorente.com\\\/#organization\",\"name\":\"GME DIVISI\u00d3N BA\u00d1OS S.L.\",\"url\":\"https:\\\/\\\/gmelorente.com\\\/\",\"logo\":{\"@type\":\"ImageObject\",\"inLanguage\":\"fr-FR\",\"@id\":\"https:\\\/\\\/gmelorente.com\\\/#\\\/schema\\\/logo\\\/image\\\/\",\"url\":\"https:\\\/\\\/gmelorente.com\\\/wp-content\\\/uploads\\\/logo-gme-azul.jpg\",\"contentUrl\":\"https:\\\/\\\/gmelorente.com\\\/wp-content\\\/uploads\\\/logo-gme-azul.jpg\",\"width\":810,\"height\":298,\"caption\":\"GME DIVISI\u00d3N BA\u00d1OS S.L.\"},\"image\":{\"@id\":\"https:\\\/\\\/gmelorente.com\\\/#\\\/schema\\\/logo\\\/image\\\/\"},\"sameAs\":[\"https:\\\/\\\/www.facebook.com\\\/gmedivision\\\/?fref=ts\",\"https:\\\/\\\/es.pinterest.com\\\/gmedivision\\\/?eq=gme&amp;etslf=14997\"]}]}<\/script>\n<!-- \/ Yoast SEO plugin. -->","yoast_head_json":{"title":"Platos de resina con carga mineral plus - GME","description":"Platos de resina con carga mineral plus, modelos Ardesia y Style. M\u00e1s ligeros y antideslizantes que los cl\u00e1sicos de carga mineral. Servicio inmediato.","robots":{"index":"index","follow":"follow","max-snippet":"max-snippet:-1","max-image-preview":"max-image-preview:large","max-video-preview":"max-video-preview:-1"},"canonical":"https:\/\/gmelorente.com\/fr\/productos\/platos-de-ducha\/resina-carga-mineral-plus\/","og_locale":"fr_FR","og_type":"article","og_title":"Platos de resina con carga mineral plus - GME","og_description":"Platos de resina con carga mineral plus, modelos Ardesia y Style. M\u00e1s ligeros y antideslizantes que los cl\u00e1sicos de carga mineral. Servicio inmediato.","og_url":"https:\/\/gmelorente.com\/fr\/productos\/platos-de-ducha\/resina-carga-mineral-plus\/","og_site_name":"GME DIVISI\u00d3N BA\u00d1OS","article_publisher":"https:\/\/www.facebook.com\/gmedivision\/?fref=ts","article_modified_time":"2016-02-11T15:30:11+00:00","twitter_card":"summary_large_image","schema":{"@context":"https:\/\/schema.org","@graph":[{"@type":"WebPage","@id":"https:\/\/gmelorente.com\/fr\/productos\/platos-de-ducha\/resina-carga-mineral-plus\/","url":"https:\/\/gmelorente.com\/fr\/productos\/platos-de-ducha\/resina-carga-mineral-plus\/","name":"Platos de resina con carga mineral plus - GME","isPartOf":{"@id":"https:\/\/gmelorente.com\/#website"},"datePublished":"2016-02-05T12:00:48+00:00","dateModified":"2016-02-11T15:30:11+00:00","description":"Platos de resina con carga mineral plus, modelos Ardesia y Style. M\u00e1s ligeros y antideslizantes que los cl\u00e1sicos de carga mineral. Servicio inmediato.","breadcrumb":{"@id":"https:\/\/gmelorente.com\/fr\/productos\/platos-de-ducha\/resina-carga-mineral-plus\/#breadcrumb"},"inLanguage":"fr-FR","potentialAction":[{"@type":"ReadAction","target":["https:\/\/gmelorente.com\/fr\/productos\/platos-de-ducha\/resina-carga-mineral-plus\/"]}]},{"@type":"BreadcrumbList","@id":"https:\/\/gmelorente.com\/fr\/productos\/platos-de-ducha\/resina-carga-mineral-plus\/#breadcrumb","itemListElement":[{"@type":"ListItem","position":1,"name":"Home","item":"https:\/\/gmelorente.com\/fr\/"},{"@type":"ListItem","position":2,"name":"Produits","item":"https:\/\/gmelorente.com\/fr\/productos\/"},{"@type":"ListItem","position":3,"name":"Receveurs de douche","item":"https:\/\/gmelorente.com\/fr\/productos\/platos-de-ducha\/"},{"@type":"ListItem","position":4,"name":"R\u00e9sine avec charge min\u00e9rale plus"}]},{"@type":"WebSite","@id":"https:\/\/gmelorente.com\/#website","url":"https:\/\/gmelorente.com\/","name":"GME DIVISI\u00d3N BA\u00d1OS","description":"Mamparas de ducha y mucho m\u00e1s","publisher":{"@id":"https:\/\/gmelorente.com\/#organization"},"potentialAction":[{"@type":"SearchAction","target":{"@type":"EntryPoint","urlTemplate":"https:\/\/gmelorente.com\/?s={search_term_string}"},"query-input":{"@type":"PropertyValueSpecification","valueRequired":true,"valueName":"search_term_string"}}],"inLanguage":"fr-FR"},{"@type":"Organization","@id":"https:\/\/gmelorente.com\/#organization","name":"GME DIVISI\u00d3N BA\u00d1OS S.L.","url":"https:\/\/gmelorente.com\/","logo":{"@type":"ImageObject","inLanguage":"fr-FR","@id":"https:\/\/gmelorente.com\/#\/schema\/logo\/image\/","url":"https:\/\/gmelorente.com\/wp-content\/uploads\/logo-gme-azul.jpg","contentUrl":"https:\/\/gmelorente.com\/wp-content\/uploads\/logo-gme-azul.jpg","width":810,"height":298,"caption":"GME DIVISI\u00d3N BA\u00d1OS S.L."},"image":{"@id":"https:\/\/gmelorente.com\/#\/schema\/logo\/image\/"},"sameAs":["https:\/\/www.facebook.com\/gmedivision\/?fref=ts","https:\/\/es.pinterest.com\/gmedivision\/?eq=gme&amp;etslf=14997"]}]}},"_links":{"self":[{"href":"https:\/\/gmelorente.com\/fr\/wp-json\/wp\/v2\/pages\/43126","targetHints":{"allow":["GET"]}}],"collection":[{"href":"https:\/\/gmelorente.com\/fr\/wp-json\/wp\/v2\/pages"}],"about":[{"href":"https:\/\/gmelorente.com\/fr\/wp-json\/wp\/v2\/types\/page"}],"author":[{"embeddable":true,"href":"https:\/\/gmelorente.com\/fr\/wp-json\/wp\/v2\/users\/1"}],"replies":[{"embeddable":true,"href":"https:\/\/gmelorente.com\/fr\/wp-json\/wp\/v2\/comments?post=43126"}],"version-history":[{"count":0,"href":"https:\/\/gmelorente.com\/fr\/wp-json\/wp\/v2\/pages\/43126\/revisions"}],"up":[{"embeddable":true,"href":"https:\/\/gmelorente.com\/fr\/wp-json\/wp\/v2\/pages\/43093"}],"wp:attachment":[{"href":"https:\/\/gmelorente.com\/fr\/wp-json\/wp\/v2\/media?parent=43126"}],"curies":[{"name":"wp","href":"https:\/\/api.w.org\/{rel}","templated":true}]}}