{"id":43141,"date":"2015-12-06T20:01:16","date_gmt":"2015-12-06T19:01:16","guid":{"rendered":"https:\/\/gmelorente.com\/fr\/instrucciones-de-montaje\/"},"modified":"2019-11-19T13:42:06","modified_gmt":"2019-11-19T12:42:06","slug":"instrucciones-de-montaje-2","status":"publish","type":"page","link":"https:\/\/gmelorente.com\/fr\/instrucciones-de-montaje-2\/","title":{"rendered":"Instructions d&rsquo;installation"},"content":{"rendered":"<p>[vc_row][vc_column width=\u00a0\u00bb1\/2&Prime;][vc_tta_tour style=\u00a0\u00bbmodern\u00a0\u00bb color=\u00a0\u00bbsky\u00a0\u00bb active_section=\u00a0\u00bb1&Prime;][vc_tta_section title=\u00a0\u00bbSerie AKORD\u00a0\u00bb tab_id=\u00a0\u00bb1449428931249-89d99c3d-f622&Prime;][vc_column_text]Instructions d&rsquo;installation<\/p>\n<p><a href=\"https:\/\/gmelorente.com\/wp-content\/uploads\/Akord.pdf\">Akord<\/a>[\/vc_column_text][\/vc_tta_section][vc_tta_section title=\u00a0\u00bbSerie AKTUAL\u00a0\u00bb tab_id=\u00a0\u00bb1449428931482-50b0e067-ac74&Prime;][vc_column_text]Instructions d&rsquo;installation<\/p>\n<p><a href=\"https:\/\/gmelorente.com\/wp-content\/uploads\/OK-AKTUAL-FRONTAL.pdf\">FRONTAL AKTUAL 1F+1C<\/a><\/p>\n<p><a href=\"https:\/\/gmelorente.com\/wp-content\/uploads\/OK-AKTUAL-FROST-FRONTAL.pdf\">FRONTAL AKTUAL FROST 1F+1C<\/a><\/p>\n<p><a href=\"https:\/\/gmelorente.com\/wp-content\/uploads\/OK-AKTUAL-SPAZIO.pdf\">AKTUAL SPAZIO 2F+2C<\/a><\/p>\n<p><a href=\"https:\/\/gmelorente.com\/wp-content\/uploads\/OK-AKTUAL-FROST-SPAZIO.pdf\">AKTUAL SPAZIO FROST 2F+2C<\/a><\/p>\n<p><a href=\"https:\/\/gmelorente.com\/wp-content\/uploads\/OK-AKTUAL-ANGULAR.pdf\">AKTUAL ACC\u00c8S D&rsquo;ANGLE<\/a><\/p>\n<p><a href=\"https:\/\/gmelorente.com\/wp-content\/uploads\/OK-AKTUAL-FROST-ANGULAR.pdf\">AKTUAL FROST ACC\u00c8S D&rsquo;ANGLE<\/a>[\/vc_column_text][\/vc_tta_section][vc_tta_section title=\u00a0\u00bbSerie BASIC\u00a0\u00bb tab_id=\u00a0\u00bb1449428986609-47a38226-6409&Prime;][vc_column_text]Instructions d&rsquo;installation<\/p>\n<p><a href=\"https:\/\/gmelorente.com\/wp-content\/uploads\/Basic-Frontal-Frost.pdf\">BASIC FRONTAL FROST 1F+1C<\/a><\/p>\n<p><a href=\"https:\/\/gmelorente.com\/wp-content\/uploads\/Basic-Frontal-Transp.pdf\">BASIC FRONTAL 1F+1C<\/a><\/p>\n<p><a href=\"https:\/\/gmelorente.com\/wp-content\/uploads\/Basic-Angular-Vertice-Transp.pdf\">BASIC ACC\u00c8S D&rsquo;ANGLE<\/a><\/p>\n<p><a href=\"https:\/\/gmelorente.com\/wp-content\/uploads\/Basic-Angular-Vertice-Frost.pdf\">BASIC FROST ACC\u00c8S D&rsquo;ANGLE<\/a><\/p>\n<p><a href=\"https:\/\/gmelorente.com\/wp-content\/uploads\/Basic-Frontal-Latfijo-Transp.pdf\">BASIC FRONTAL + LAT. FIXE<\/a><\/p>\n<p><a href=\"https:\/\/gmelorente.com\/wp-content\/uploads\/Basic-Frontal-Latfijo-Frost.pdf\">BASIC FROST FRONTAL + LAT. FIXE<\/a><\/p>\n<p><a href=\"https:\/\/gmelorente.com\/wp-content\/uploads\/Basic-Spazio-Transp.pdf\">BASIC SPAZIO 2F+2C<\/a><\/p>\n<p><a href=\"https:\/\/gmelorente.com\/wp-content\/uploads\/Basic-Spazio-Frost.pdf\">BASIC SPAZIO FROST 2F+2C<\/a>[\/vc_column_text][\/vc_tta_section][vc_tta_section title=\u00a0\u00bbSerie BYPASS\u00a0\u00bb tab_id=\u00a0\u00bb1449429003337-d8583fdf-a757&Prime;][vc_column_text]Instructions d&rsquo;installation<\/p>\n<p><a href=\"https:\/\/gmelorente.com\/wp-content\/uploads\/OK-BYPASS-FRONTAL-3.pdf\" rel=\"\">FRONTAL BYPASS<\/a><\/p>\n<p><a href=\"https:\/\/gmelorente.com\/wp-content\/uploads\/OK-BYPASS-LAT-FIJO-1.pdf\" rel=\"\">BYPASS + FIXE<\/a>[\/vc_column_text][\/vc_tta_section][vc_tta_section title=\u00a0\u00bbSerie FUTURA\u00a0\u00bb tab_id=\u00a0\u00bb1449429004480-f5a1abf8-f823&Prime;][vc_column_text]Instructions d&rsquo;installation<\/p>\n<p><a href=\"https:\/\/gmelorente.com\/wp-content\/uploads\/OK-FUTURA-FRONTAL-4.pdf\">FUTURA FRONTAL 1F+1C<\/a><\/p>\n<p><a href=\"https:\/\/gmelorente.com\/wp-content\/uploads\/OK-FUTURA-FROST-FRONTAL-9.pdf\">FUTURA FRONTAL FROST 1F+1C<\/a><\/p>\n<p><a href=\"https:\/\/gmelorente.com\/wp-content\/uploads\/OK-FUTURA-ANGULAR-1-4.pdf\">FUTURA ACC\u00c8S D&rsquo;ANGLE<\/a><\/p>\n<p><a href=\"https:\/\/gmelorente.com\/wp-content\/uploads\/OK-FUTURA-FROST-ANGULAR-8.pdf\">FUTURA FROST ACC\u00c8S D&rsquo;ANGLE<\/a><\/p>\n<p><a href=\"https:\/\/gmelorente.com\/wp-content\/uploads\/OK-FUTURA-LAT-FIJO-3.pdf\">FUTURA FRONTAL + LAT. FIXE<\/a><\/p>\n<p><a href=\"https:\/\/gmelorente.com\/wp-content\/uploads\/OK-FUTURA-FROST-LAT-FIJO-4.pdf\">FUTURA FRONTAL FROST + LAT. FIXE<\/a><\/p>\n<p><a href=\"https:\/\/gmelorente.com\/wp-content\/uploads\/OK-FUTURA-SPAZIO-2.pdf\">FUTURA SPAZIO 2F+2C<\/a><\/p>\n<p><a href=\"https:\/\/gmelorente.com\/wp-content\/uploads\/OK-FUTURA-FROST-SPAZIO-3.pdf\">FUTURA SPAZIO FROST 2F+2C<\/a>[\/vc_column_text][\/vc_tta_section][vc_tta_section title=\u00a0\u00bbSerie MOVING\u00a0\u00bb tab_id=\u00a0\u00bb1449429005446-e12fadf2-27ef\u00a0\u00bb][vc_column_text]Instructions d&rsquo;installation<\/p>\n<p><a href=\"https:\/\/gmelorente.com\/wp-content\/uploads\/FRONTAL-MOVING-1F-1C.pdf\">FRONTAL MOVING 1F+1C<\/a><\/p>\n<p><a href=\"https:\/\/gmelorente.com\/wp-content\/uploads\/FRONTAL-MOVING-LAT.-FIJO.pdf\">FRONTAL MOVING + LAT. FIXE<\/a><\/p>\n<p><a href=\"https:\/\/gmelorente.com\/wp-content\/uploads\/MOVING-SPAZIO-2F-2C.pdf\">MOVING SPAZIO 2F+2C<\/a><\/p>\n<p><a href=\"https:\/\/gmelorente.com\/wp-content\/uploads\/MOVING-ABIERTA-AL-VERTICE.pdf\">MOVING ACC\u00c8S D&rsquo;ANGLE<\/a>[\/vc_column_text][\/vc_tta_section][vc_tta_section title=\u00a0\u00bbSerie OPEN\u00a0\u00bb tab_id=\u00a0\u00bb1449429006538-213d397d-eadb\u00a0\u00bb][vc_column_text]Instructions d&rsquo;installation<\/p>\n<p><a href=\"https:\/\/gmelorente.com\/wp-content\/uploads\/OPEN-TODAS-LAS-COMBINACIONES.pdf\">OPEN TOUTES LES COMBINAISONS<\/a><\/p>\n<p><a href=\"https:\/\/gmelorente.com\/wp-content\/uploads\/OK-PANEL-OPEN-FROST-BA\u00d1ERA-3.pdf\">OPEN PAROI DE BAIGNOIRE FROST<\/a><\/p>\n<p><a href=\"https:\/\/gmelorente.com\/wp-content\/uploads\/OK-PANEL-OPEN-BA\u00d1ERA-CON-FIJO-3.pdf\">OPEN PAROI DE BAIGNOIRE + FIXE<\/a><\/p>\n<p><a href=\"https:\/\/gmelorente.com\/wp-content\/uploads\/OK-PANEL-OPEN-BA\u00d1ERA-FROST-CON-FIJO-3.pdf\">OPEN PAROI DE BAIGNOIRE FROST + FIXE<\/a>[\/vc_column_text][\/vc_tta_section][vc_tta_section title=\u00a0\u00bbSerie PRESTIGE TITAN\u00a0\u00bb tab_id=\u00a0\u00bb1449429009329-92315a93-4562&Prime;][vc_column_text]Instructions d&rsquo;installation<\/p>\n<p><a href=\"https:\/\/gmelorente.com\/wp-content\/uploads\/OK-PRESTIGE-FRONTAL-1.pdf\">FRONTAL PRESTIGE TITAN 1F+1C<\/a><\/p>\n<p><a href=\"https:\/\/gmelorente.com\/wp-content\/uploads\/OK-PRESTIGE-FROST-FRONTAL-1.pdf\">FRONTAL PRESTIGE TITAN FROST 1F+1C<\/a><\/p>\n<p><a href=\"https:\/\/gmelorente.com\/wp-content\/uploads\/OK-PRESTIGE-ANGULAR-4.pdf\">PRESTIGE TITAN ACC\u00c8S D&rsquo;ANGLE<\/a><\/p>\n<p><a href=\"https:\/\/gmelorente.com\/wp-content\/uploads\/OK-PRESTIGE-FROST-ANGULAR-1.pdf\">PRESTIGE TITAN FROST ACC\u00c8S D&rsquo;ANGLE<\/a><\/p>\n<p><a href=\"https:\/\/gmelorente.com\/wp-content\/uploads\/OK-PRESTIGE-SPAZIO-1.pdf\">PRESTIGE TITAN SPAZIO 2F+2C<\/a><\/p>\n<p><a href=\"https:\/\/gmelorente.com\/wp-content\/uploads\/OK-PRESTIGE-FROST-SPAZIO-1.pdf\">PRESTIGE TITAN SPAZIO FROST 2F+2C<\/a><\/p>\n<p><a href=\"https:\/\/gmelorente.com\/wp-content\/uploads\/OK-PRESTIGE-TITAN-SEMICIRCULAR-1.pdf\">PRESTIGE TITAN SEMI-CIRCULAIRE<\/a><\/p>\n<p><a href=\"https:\/\/gmelorente.com\/wp-content\/uploads\/OK-PRESTIGE-TITAN-FROST-SEMICIRCULAR-1.pdf\">PRESTIGE TITAN FROST SEMI-CIRCULAIRE<\/a>[\/vc_column_text][\/vc_tta_section][vc_tta_section title=\u00a0\u00bbSerie GLASS\u00a0\u00bb tab_id=\u00a0\u00bb1506585189941-7a6b5730-bb99&Prime;][vc_column_text]Instructions d&rsquo;installation<\/p>\n<p><a href=\"https:\/\/gmelorente.com\/wp-content\/uploads\/OK-GLASS-COMBIS-4.pdf\" rel=\"\">TOUTES LES COMBINAISONS GLASS<\/a><\/p>\n<p><a href=\"https:\/\/gmelorente.com\/wp-content\/uploads\/PLEGABLE-MANUAL.pdf\" rel=\"\">GLASS PLIABLE<\/a><\/p>\n<p><a href=\"https:\/\/gmelorente.com\/wp-content\/uploads\/OK-PANEL-GLASS-BA\u00d1ERA-4.pdf\">PAROI DE BAIGNOIRE GLASS<\/a>[\/vc_column_text][\/vc_tta_section][vc_tta_section title=\u00a0\u00bbSerie SCREEN BLACK CHESS\u00a0\u00bb tab_id=\u00a0\u00bb1574159857957-c9517c37-829d\u00a0\u00bb][vc_column_text]<a href=\"https:\/\/gmelorente.com\/wp-content\/uploads\/OK-BLACK-CHESS-6.pdf\">SCREEN BLACK CHESS<\/a>[\/vc_column_text][\/vc_tta_section][\/vc_tta_tour][\/vc_column][vc_column width=\u00a0\u00bb1\/2&Prime;][vc_tta_tour style=\u00a0\u00bbmodern\u00a0\u00bb color=\u00a0\u00bbsky\u00a0\u00bb active_section=\u00a0\u00bb1&Prime;][vc_tta_section title=\u00a0\u00bbSerie ROTARY\u00a0\u00bb tab_id=\u00a0\u00bb1453996118477-ea0a7dfe-d787&Prime;][vc_column_text]Instructions d&rsquo;installation<\/p>\n<p><a href=\"https:\/\/gmelorente.com\/wp-content\/uploads\/OK-ROTARY-FRONTAL-3.pdf\">ROTARY FRONTALE 1F+1C<\/a><\/p>\n<p><a href=\"https:\/\/gmelorente.com\/wp-content\/uploads\/OK-ROTARY-FROST-FRONTAL-1.pdf\">ROTARY FRONTALE FROST 1F+1C<\/a><\/p>\n<p><a href=\"https:\/\/gmelorente.com\/wp-content\/uploads\/OK-ROTARY-ANGULAR-1.pdf\">ROTARY ACC\u00c8S D&rsquo;ANGLE<\/a><\/p>\n<p><a href=\"https:\/\/gmelorente.com\/wp-content\/uploads\/OK-ROTARY-FROST-FRONTAL-1.pdf\">ROTARY FROST ACC\u00c8S D&rsquo;ANGLE<\/a><\/p>\n<p><a href=\"https:\/\/gmelorente.com\/wp-content\/uploads\/OK-ROTARY-LAT-FIJO-1.pdf\">ROTARY FRONTALE + LAT. FIXE<\/a><\/p>\n<p><a href=\"https:\/\/gmelorente.com\/wp-content\/uploads\/OK-ROTARY-FROST-LAT-FIJO-1.pdf\">ROTARY FRONTALE FROST + LAT. FIXE<\/a>[\/vc_column_text][\/vc_tta_section][vc_tta_section title=\u00a0\u00bbSerie SCREEN\u00a0\u00bb tab_id=\u00a0\u00bb1453996118716-c82d8083-415c\u00a0\u00bb][vc_column_text]Instructions d&rsquo;installation<\/p>\n<p><a href=\"https:\/\/gmelorente.com\/wp-content\/uploads\/SCREEN-WALKING.pdf\">SCREEN WALKING<\/a><\/p>\n<p><a href=\"https:\/\/gmelorente.com\/wp-content\/uploads\/OK-SCREEN-MOVING-FROST-1.pdf\">SCREEN MOVING<\/a><\/p>\n<p><a href=\"https:\/\/gmelorente.com\/wp-content\/uploads\/OK-SCREEN-2.pdf\">SCREEN<\/a><\/p>\n<p><a href=\"https:\/\/gmelorente.com\/wp-content\/uploads\/OK-SCREEN-TOWEL-2.pdf\">SCREEN TOWEL<\/a>[\/vc_column_text][\/vc_tta_section][vc_tta_section title=\u00a0\u00bbSerie SLIM\u00a0\u00bb tab_id=\u00a0\u00bb1453996118967-1c191bcc-c163&Prime;][vc_column_text]Instructions d&rsquo;installation<\/p>\n<p><a href=\"https:\/\/gmelorente.com\/wp-content\/uploads\/TITAN-SLIM-2-PUERTAS.pdf\">TITAN SLIM 2 PUERTAS<\/a>[\/vc_column_text][\/vc_tta_section][vc_tta_section title=\u00a0\u00bbSerie TEMPLE 2.0&Prime; tab_id=\u00a0\u00bb1453996119213-7628e9c0-1101&Prime;][vc_column_text]Instructions d&rsquo;installation<\/p>\n<p><a href=\"https:\/\/gmelorente.com\/wp-content\/uploads\/OK-TEMPLE-FRONTAL-1.pdf\">TEMPLE 2.0 FRONTAL 1F+1C<\/a><\/p>\n<p><a href=\"https:\/\/gmelorente.com\/wp-content\/uploads\/OK-TEMPLE-FROST-FRONTAL.pdf\">TEMPLE 2.0 FRONTAL FROST 1F+1C<\/a><\/p>\n<p><a href=\"https:\/\/gmelorente.com\/wp-content\/uploads\/OK-TEMPLE-ANGULAR-1.pdf\">TEMPLE 2.0 ACC\u00c8S D&rsquo;ANGLE<\/a><\/p>\n<p><a href=\"https:\/\/gmelorente.com\/wp-content\/uploads\/OK-TEMPLE-FROST-ANGULAR.pdf\">TEMPLE 2.0 FROST ACC\u00c8S D&rsquo;ANGLE<\/a><\/p>\n<p><a href=\"https:\/\/gmelorente.com\/wp-content\/uploads\/OK-TEMPLE-LAT-FIJO.pdf\">TEMPLE 2.0 FRONTAL + LAT. FIXE<\/a><\/p>\n<p><a href=\"https:\/\/gmelorente.com\/wp-content\/uploads\/OK-TEMPLE-FROST-LAT-FIJO.pdf\">TEMPLE 2.0 FRONTAL FROST + LAT. FIXE<\/a>[\/vc_column_text][\/vc_tta_section][vc_tta_section title=\u00a0\u00bbSerie TRIO\u00a0\u00bb tab_id=\u00a0\u00bb1453996119726-50166da3-c412&Prime;][vc_column_text]Instructions d&rsquo;installation<\/p>\n<p><a href=\"https:\/\/gmelorente.com\/wp-content\/uploads\/FRONTAL-TRIO-1F-2C.pdf\">FRONTAL TRIO 1F+2C<\/a><\/p>\n<p><a href=\"https:\/\/gmelorente.com\/wp-content\/uploads\/FRONTAL-TRIO-LAT.-FIJO.pdf\">FRONTAL TRIO + LAT. FIJO<\/a>[\/vc_column_text][\/vc_tta_section][vc_tta_section title=\u00a0\u00bbSerie VETRUM\u00a0\u00bb tab_id=\u00a0\u00bb1453996119990-7bc1faa6-395f\u00a0\u00bb][vc_column_text]Instructions d&rsquo;installation<\/p>\n<p><a href=\"https:\/\/gmelorente.com\/wp-content\/uploads\/FRONTAL-VETRUM-LAT.-FIJO.pdf\">FRONTAL VETRUM + LAT. FIJO<\/a><\/p>\n<p><a href=\"https:\/\/gmelorente.com\/wp-content\/uploads\/FRONTAL-VETRUM-1F-1C.pdf\">FRONTAL VETRUM 1F+1C<\/a><\/p>\n<p><a href=\"https:\/\/gmelorente.com\/wp-content\/uploads\/VETRUM-AL-VERTICE-Y-SPAZIO.pdf\">VETRUM AL VERTICE Y SPAZIO<\/a>[\/vc_column_text][\/vc_tta_section][vc_tta_section title=\u00a0\u00bbSerie TANDEM\u00a0\u00bb tab_id=\u00a0\u00bb1574161356616-97d1d95f-61cb\u00a0\u00bb][vc_column_text]Instructions d&rsquo;instalation<\/p>\n<p><a href=\"https:\/\/gmelorente.com\/wp-content\/uploads\/TANDEM.pdf\">TANDEM<\/a>[\/vc_column_text][\/vc_tta_section][\/vc_tta_tour][\/vc_column][\/vc_row]<\/p>\n","protected":false},"excerpt":{"rendered":"<p>[vc_row][vc_column width=\u00a0\u00bb1\/2&Prime;][vc_tta_tour style=\u00a0\u00bbmodern\u00a0\u00bb color=\u00a0\u00bbsky\u00a0\u00bb active_section=\u00a0\u00bb1&Prime;][vc_tta_section title=\u00a0\u00bbSerie AKORD\u00a0\u00bb tab_id=\u00a0\u00bb1449428931249-89d99c3d-f622&Prime;][vc_column_text]Instructions d&rsquo;installation Akord[\/vc_column_text][\/vc_tta_section][vc_tta_section title=\u00a0\u00bbSerie AKTUAL\u00a0\u00bb tab_id=\u00a0\u00bb1449428931482-50b0e067-ac74&Prime;][vc_column_text]Instructions d&rsquo;installation FRONTAL AKTUAL 1F+1C FRONTAL AKTUAL FROST 1F+1C AKTUAL SPAZIO 2F+2C AKTUAL SPAZIO FROST 2F+2C AKTUAL ACC\u00c8S D&rsquo;ANGLE AKTUAL FROST ACC\u00c8S D&rsquo;ANGLE[\/vc_column_text][\/vc_tta_section][vc_tta_section title=\u00a0\u00bbSerie BASIC\u00a0\u00bb tab_id=\u00a0\u00bb1449428986609-47a38226-6409&Prime;][vc_column_text]Instructions d&rsquo;installation BASIC FRONTAL FROST 1F+1C BASIC FRONTAL 1F+1C BASIC ACC\u00c8S D&rsquo;ANGLE BASIC FROST ACC\u00c8S D&rsquo;ANGLE BASIC FRONTAL&hellip;<\/p>\n","protected":false},"author":1,"featured_media":0,"parent":0,"menu_order":0,"comment_status":"closed","ping_status":"closed","template":"","meta":{"footnotes":""},"class_list":["post-43141","page","type-page","status-publish","hentry","description-off"],"yoast_head":"<!-- This site is optimized with the Yoast SEO plugin v27.3 - https:\/\/yoast.com\/product\/yoast-seo-wordpress\/ -->\n<title>Instructions d&#039;installation - GME DIVISI\u00d3N BA\u00d1OS<\/title>\n<meta name=\"robots\" content=\"index, follow, max-snippet:-1, max-image-preview:large, max-video-preview:-1\" \/>\n<link rel=\"canonical\" href=\"https:\/\/gmelorente.com\/fr\/instrucciones-de-montaje-2\/\" \/>\n<meta property=\"og:locale\" content=\"fr_FR\" \/>\n<meta property=\"og:type\" content=\"article\" \/>\n<meta property=\"og:title\" content=\"Instructions d&#039;installation - GME DIVISI\u00d3N BA\u00d1OS\" \/>\n<meta property=\"og:description\" content=\"[vc_row][vc_column width=\u00a0\u00bb1\/2&Prime;][vc_tta_tour style=\u00a0\u00bbmodern\u00a0\u00bb color=\u00a0\u00bbsky\u00a0\u00bb active_section=\u00a0\u00bb1&Prime;][vc_tta_section title=\u00a0\u00bbSerie AKORD\u00a0\u00bb tab_id=\u00a0\u00bb1449428931249-89d99c3d-f622&Prime;][vc_column_text]Instructions d&rsquo;installation Akord[\/vc_column_text][\/vc_tta_section][vc_tta_section title=\u00a0\u00bbSerie AKTUAL\u00a0\u00bb tab_id=\u00a0\u00bb1449428931482-50b0e067-ac74&Prime;][vc_column_text]Instructions d&rsquo;installation FRONTAL AKTUAL 1F+1C FRONTAL AKTUAL FROST 1F+1C AKTUAL SPAZIO 2F+2C AKTUAL SPAZIO FROST 2F+2C AKTUAL ACC\u00c8S D&rsquo;ANGLE AKTUAL FROST ACC\u00c8S D&rsquo;ANGLE[\/vc_column_text][\/vc_tta_section][vc_tta_section title=\u00a0\u00bbSerie BASIC\u00a0\u00bb tab_id=\u00a0\u00bb1449428986609-47a38226-6409&Prime;][vc_column_text]Instructions d&rsquo;installation BASIC FRONTAL FROST 1F+1C BASIC FRONTAL 1F+1C BASIC ACC\u00c8S D&rsquo;ANGLE BASIC FROST ACC\u00c8S D&rsquo;ANGLE BASIC FRONTAL&hellip;\" \/>\n<meta property=\"og:url\" content=\"https:\/\/gmelorente.com\/fr\/instrucciones-de-montaje-2\/\" \/>\n<meta property=\"og:site_name\" content=\"GME DIVISI\u00d3N BA\u00d1OS\" \/>\n<meta property=\"article:publisher\" content=\"https:\/\/www.facebook.com\/gmedivision\/?fref=ts\" \/>\n<meta property=\"article:modified_time\" content=\"2019-11-19T12:42:06+00:00\" \/>\n<meta name=\"twitter:card\" content=\"summary_large_image\" \/>\n<meta name=\"twitter:label1\" content=\"Dur\u00e9e de lecture estim\u00e9e\" \/>\n\t<meta name=\"twitter:data1\" content=\"4 minutes\" \/>\n<script type=\"application\/ld+json\" class=\"yoast-schema-graph\">{\"@context\":\"https:\\\/\\\/schema.org\",\"@graph\":[{\"@type\":\"WebPage\",\"@id\":\"https:\\\/\\\/gmelorente.com\\\/fr\\\/instrucciones-de-montaje-2\\\/\",\"url\":\"https:\\\/\\\/gmelorente.com\\\/fr\\\/instrucciones-de-montaje-2\\\/\",\"name\":\"Instructions d'installation - GME DIVISI\u00d3N BA\u00d1OS\",\"isPartOf\":{\"@id\":\"https:\\\/\\\/gmelorente.com\\\/#website\"},\"datePublished\":\"2015-12-06T19:01:16+00:00\",\"dateModified\":\"2019-11-19T12:42:06+00:00\",\"breadcrumb\":{\"@id\":\"https:\\\/\\\/gmelorente.com\\\/fr\\\/instrucciones-de-montaje-2\\\/#breadcrumb\"},\"inLanguage\":\"fr-FR\",\"potentialAction\":[{\"@type\":\"ReadAction\",\"target\":[\"https:\\\/\\\/gmelorente.com\\\/fr\\\/instrucciones-de-montaje-2\\\/\"]}]},{\"@type\":\"BreadcrumbList\",\"@id\":\"https:\\\/\\\/gmelorente.com\\\/fr\\\/instrucciones-de-montaje-2\\\/#breadcrumb\",\"itemListElement\":[{\"@type\":\"ListItem\",\"position\":1,\"name\":\"Home\",\"item\":\"https:\\\/\\\/gmelorente.com\\\/fr\\\/\"},{\"@type\":\"ListItem\",\"position\":2,\"name\":\"Instructions d&rsquo;installation\"}]},{\"@type\":\"WebSite\",\"@id\":\"https:\\\/\\\/gmelorente.com\\\/#website\",\"url\":\"https:\\\/\\\/gmelorente.com\\\/\",\"name\":\"GME DIVISI\u00d3N BA\u00d1OS\",\"description\":\"Mamparas de ducha y mucho m\u00e1s\",\"publisher\":{\"@id\":\"https:\\\/\\\/gmelorente.com\\\/#organization\"},\"potentialAction\":[{\"@type\":\"SearchAction\",\"target\":{\"@type\":\"EntryPoint\",\"urlTemplate\":\"https:\\\/\\\/gmelorente.com\\\/?s={search_term_string}\"},\"query-input\":{\"@type\":\"PropertyValueSpecification\",\"valueRequired\":true,\"valueName\":\"search_term_string\"}}],\"inLanguage\":\"fr-FR\"},{\"@type\":\"Organization\",\"@id\":\"https:\\\/\\\/gmelorente.com\\\/#organization\",\"name\":\"GME DIVISI\u00d3N BA\u00d1OS S.L.\",\"url\":\"https:\\\/\\\/gmelorente.com\\\/\",\"logo\":{\"@type\":\"ImageObject\",\"inLanguage\":\"fr-FR\",\"@id\":\"https:\\\/\\\/gmelorente.com\\\/#\\\/schema\\\/logo\\\/image\\\/\",\"url\":\"https:\\\/\\\/gmelorente.com\\\/wp-content\\\/uploads\\\/logo-gme-azul.jpg\",\"contentUrl\":\"https:\\\/\\\/gmelorente.com\\\/wp-content\\\/uploads\\\/logo-gme-azul.jpg\",\"width\":810,\"height\":298,\"caption\":\"GME DIVISI\u00d3N BA\u00d1OS S.L.\"},\"image\":{\"@id\":\"https:\\\/\\\/gmelorente.com\\\/#\\\/schema\\\/logo\\\/image\\\/\"},\"sameAs\":[\"https:\\\/\\\/www.facebook.com\\\/gmedivision\\\/?fref=ts\",\"https:\\\/\\\/es.pinterest.com\\\/gmedivision\\\/?eq=gme&amp;etslf=14997\"]}]}<\/script>\n<!-- \/ Yoast SEO plugin. -->","yoast_head_json":{"title":"Instructions d'installation - GME DIVISI\u00d3N BA\u00d1OS","robots":{"index":"index","follow":"follow","max-snippet":"max-snippet:-1","max-image-preview":"max-image-preview:large","max-video-preview":"max-video-preview:-1"},"canonical":"https:\/\/gmelorente.com\/fr\/instrucciones-de-montaje-2\/","og_locale":"fr_FR","og_type":"article","og_title":"Instructions d'installation - GME DIVISI\u00d3N BA\u00d1OS","og_description":"[vc_row][vc_column width=\u00a0\u00bb1\/2&Prime;][vc_tta_tour style=\u00a0\u00bbmodern\u00a0\u00bb color=\u00a0\u00bbsky\u00a0\u00bb active_section=\u00a0\u00bb1&Prime;][vc_tta_section title=\u00a0\u00bbSerie AKORD\u00a0\u00bb tab_id=\u00a0\u00bb1449428931249-89d99c3d-f622&Prime;][vc_column_text]Instructions d&rsquo;installation Akord[\/vc_column_text][\/vc_tta_section][vc_tta_section title=\u00a0\u00bbSerie AKTUAL\u00a0\u00bb tab_id=\u00a0\u00bb1449428931482-50b0e067-ac74&Prime;][vc_column_text]Instructions d&rsquo;installation FRONTAL AKTUAL 1F+1C FRONTAL AKTUAL FROST 1F+1C AKTUAL SPAZIO 2F+2C AKTUAL SPAZIO FROST 2F+2C AKTUAL ACC\u00c8S D&rsquo;ANGLE AKTUAL FROST ACC\u00c8S D&rsquo;ANGLE[\/vc_column_text][\/vc_tta_section][vc_tta_section title=\u00a0\u00bbSerie BASIC\u00a0\u00bb tab_id=\u00a0\u00bb1449428986609-47a38226-6409&Prime;][vc_column_text]Instructions d&rsquo;installation BASIC FRONTAL FROST 1F+1C BASIC FRONTAL 1F+1C BASIC ACC\u00c8S D&rsquo;ANGLE BASIC FROST ACC\u00c8S D&rsquo;ANGLE BASIC FRONTAL&hellip;","og_url":"https:\/\/gmelorente.com\/fr\/instrucciones-de-montaje-2\/","og_site_name":"GME DIVISI\u00d3N BA\u00d1OS","article_publisher":"https:\/\/www.facebook.com\/gmedivision\/?fref=ts","article_modified_time":"2019-11-19T12:42:06+00:00","twitter_card":"summary_large_image","twitter_misc":{"Dur\u00e9e de lecture estim\u00e9e":"4 minutes"},"schema":{"@context":"https:\/\/schema.org","@graph":[{"@type":"WebPage","@id":"https:\/\/gmelorente.com\/fr\/instrucciones-de-montaje-2\/","url":"https:\/\/gmelorente.com\/fr\/instrucciones-de-montaje-2\/","name":"Instructions d'installation - GME DIVISI\u00d3N BA\u00d1OS","isPartOf":{"@id":"https:\/\/gmelorente.com\/#website"},"datePublished":"2015-12-06T19:01:16+00:00","dateModified":"2019-11-19T12:42:06+00:00","breadcrumb":{"@id":"https:\/\/gmelorente.com\/fr\/instrucciones-de-montaje-2\/#breadcrumb"},"inLanguage":"fr-FR","potentialAction":[{"@type":"ReadAction","target":["https:\/\/gmelorente.com\/fr\/instrucciones-de-montaje-2\/"]}]},{"@type":"BreadcrumbList","@id":"https:\/\/gmelorente.com\/fr\/instrucciones-de-montaje-2\/#breadcrumb","itemListElement":[{"@type":"ListItem","position":1,"name":"Home","item":"https:\/\/gmelorente.com\/fr\/"},{"@type":"ListItem","position":2,"name":"Instructions d&rsquo;installation"}]},{"@type":"WebSite","@id":"https:\/\/gmelorente.com\/#website","url":"https:\/\/gmelorente.com\/","name":"GME DIVISI\u00d3N BA\u00d1OS","description":"Mamparas de ducha y mucho m\u00e1s","publisher":{"@id":"https:\/\/gmelorente.com\/#organization"},"potentialAction":[{"@type":"SearchAction","target":{"@type":"EntryPoint","urlTemplate":"https:\/\/gmelorente.com\/?s={search_term_string}"},"query-input":{"@type":"PropertyValueSpecification","valueRequired":true,"valueName":"search_term_string"}}],"inLanguage":"fr-FR"},{"@type":"Organization","@id":"https:\/\/gmelorente.com\/#organization","name":"GME DIVISI\u00d3N BA\u00d1OS S.L.","url":"https:\/\/gmelorente.com\/","logo":{"@type":"ImageObject","inLanguage":"fr-FR","@id":"https:\/\/gmelorente.com\/#\/schema\/logo\/image\/","url":"https:\/\/gmelorente.com\/wp-content\/uploads\/logo-gme-azul.jpg","contentUrl":"https:\/\/gmelorente.com\/wp-content\/uploads\/logo-gme-azul.jpg","width":810,"height":298,"caption":"GME DIVISI\u00d3N BA\u00d1OS S.L."},"image":{"@id":"https:\/\/gmelorente.com\/#\/schema\/logo\/image\/"},"sameAs":["https:\/\/www.facebook.com\/gmedivision\/?fref=ts","https:\/\/es.pinterest.com\/gmedivision\/?eq=gme&amp;etslf=14997"]}]}},"_links":{"self":[{"href":"https:\/\/gmelorente.com\/fr\/wp-json\/wp\/v2\/pages\/43141","targetHints":{"allow":["GET"]}}],"collection":[{"href":"https:\/\/gmelorente.com\/fr\/wp-json\/wp\/v2\/pages"}],"about":[{"href":"https:\/\/gmelorente.com\/fr\/wp-json\/wp\/v2\/types\/page"}],"author":[{"embeddable":true,"href":"https:\/\/gmelorente.com\/fr\/wp-json\/wp\/v2\/users\/1"}],"replies":[{"embeddable":true,"href":"https:\/\/gmelorente.com\/fr\/wp-json\/wp\/v2\/comments?post=43141"}],"version-history":[{"count":0,"href":"https:\/\/gmelorente.com\/fr\/wp-json\/wp\/v2\/pages\/43141\/revisions"}],"wp:attachment":[{"href":"https:\/\/gmelorente.com\/fr\/wp-json\/wp\/v2\/media?parent=43141"}],"curies":[{"name":"wp","href":"https:\/\/api.w.org\/{rel}","templated":true}]}}