{"id":43181,"date":"2015-08-13T16:19:48","date_gmt":"2015-08-13T14:19:48","guid":{"rendered":"https:\/\/gmelorente.com\/fr\/catalogo\/"},"modified":"2025-04-08T15:58:09","modified_gmt":"2025-04-08T13:58:09","slug":"catalogue-de-produits-gme-2","status":"publish","type":"page","link":"https:\/\/gmelorente.com\/fr\/catalogue-de-produits-gme-2\/","title":{"rendered":"Catalogue"},"content":{"rendered":"<p>[vc_row][vc_column][vc_column_text]Vous cherchez un catalogue qui rassemble toutes les options de <a href=\"http:\/\/www.gmelorente.com\/productos\">paravents<\/a> pour la salle de bains ? Le<strong> catalogue GME<\/strong> est ce qu&rsquo;il vous faut. Un catalogue complet, avec 32 mod\u00e8les d&rsquo;\u00e9crans pour la salle de bains, dans diff\u00e9rents designs, formats, mat\u00e9riaux et toutes les tailles. De plus, tout cela avec une livraison imm\u00e9diate partout dans la p\u00e9ninsule. Nous disposons de plus de 25 000 m\u00e8tres carr\u00e9s pour le stockage de toutes nos r\u00e9f\u00e9rences. Cela nous permet de garantir le d\u00e9lai de livraison le plus rapide du march\u00e9, avec un d\u00e9lai moyen de 48 heures.<\/p>\n<p>Et ce n&rsquo;est pas tout, notre catalogue GME propose \u00e9galement une gamme compl\u00e8te de <a href=\"https:\/\/gmelorente.com\/fr\/productos\/platos-de-ducha\/\">receveurs de douche<\/a> et d&rsquo;autres accessoires de salle de bains. Vous en voulez plus ? Jetez \u00e9galement un coup d&rsquo;\u0153il \u00e0 notre <a href=\"https:\/\/gmelorente.com\/fr\/?page_id=86178\">catalogue de robinets IO.<\/a><\/p>\n<p>Si vous souhaitez devenir distributeur et disposer de nos catalogues pour vendre nos produits et b\u00e9n\u00e9ficier de tous nos avantages, <a href=\"https:\/\/gmelorente.com\/fr\/vous-voulez-etre-distributeur\/\">contactez-nous<\/a>.[\/vc_column_text][vc_empty_space]<div class=\"hr-thin style-line\" style=\"width: 100%;border-top-width: 1px;\"><\/div>[vc_empty_space][vc_column_text]<img loading=\"lazy\" decoding=\"async\" class=\"wp-image-86196 aligncenter\" src=\"https:\/\/gmelorente.com\/wp-content\/uploads\/PORT-FRA.png\" alt=\"\" width=\"259\" height=\"658\" \/><\/p>\n<p style=\"text-align: center;\"><a href=\"https:\/\/gmelorente.com\/wp-content\/uploads\/GME-FRANCIA-2025-sin-precios.pdf\" target=\"_blank\" rel=\"noopener\">CATALOGUE G\u00c9N\u00c9RAL 2025<\/a><\/p>\n<p>[\/vc_column_text]<div class=\"hr-thin style-line\" style=\"width: 100%;border-top-width: 1px;\"><\/div>[vc_column_text]L&rsquo;utilisation de ce catalogue est limit\u00e9e aux distributeurs officiels de GME BATHROOMS DIVISION. Ce catalogue virtuel n&rsquo;a qu&rsquo;une valeur informative et ne peut \u00eatre utilis\u00e9 officiellement pour proposer \u00e0 la vente l&rsquo;un de ses produits. Si vous souhaitez devenir un distributeur GME et avoir acc\u00e8s au catalogue physique, veuillez nous contacter en utilisant le<a href=\"https:\/\/gmelorente.com\/fr\/vous-voulez-etre-distributeur\/\"> formulaire suivant<\/a>.[\/vc_column_text][\/vc_column][\/vc_row]<\/p>\n","protected":false},"excerpt":{"rendered":"<p>[vc_row][vc_column][vc_column_text]Vous cherchez un catalogue qui rassemble toutes les options de paravents pour la salle de bains ? Le catalogue GME est ce qu&rsquo;il vous faut. Un catalogue complet, avec 32 mod\u00e8les d&rsquo;\u00e9crans pour la salle de bains, dans diff\u00e9rents designs, formats, mat\u00e9riaux et toutes les tailles. De plus, tout cela avec une livraison imm\u00e9diate partout&hellip;<\/p>\n","protected":false},"author":1,"featured_media":0,"parent":0,"menu_order":0,"comment_status":"closed","ping_status":"closed","template":"","meta":{"footnotes":""},"class_list":["post-43181","page","type-page","status-publish","hentry","description-off"],"yoast_head":"<!-- This site is optimized with the Yoast SEO plugin v27.2 - https:\/\/yoast.com\/product\/yoast-seo-wordpress\/ -->\n<title>Catalogue GME, le plus complet du march\u00e9 avec livraison imm\u00e9diate - GME<\/title>\n<meta name=\"description\" content=\"Consultez ici le catalogue officiel des produits GME, tous avec un service de livraison imm\u00e9diate dans toute la p\u00e9ninsule et avec une garantie de 3 ans.\" \/>\n<meta name=\"robots\" content=\"index, follow, max-snippet:-1, max-image-preview:large, max-video-preview:-1\" \/>\n<link rel=\"canonical\" href=\"https:\/\/gmelorente.com\/fr\/catalogue-de-produits-gme-2\/\" \/>\n<meta property=\"og:locale\" content=\"fr_FR\" \/>\n<meta property=\"og:type\" content=\"article\" \/>\n<meta property=\"og:title\" content=\"Catalogue GME, le plus complet du march\u00e9 avec livraison imm\u00e9diate - GME\" \/>\n<meta property=\"og:description\" content=\"Consultez ici le catalogue officiel des produits GME, tous avec un service de livraison imm\u00e9diate dans toute la p\u00e9ninsule et avec une garantie de 3 ans.\" \/>\n<meta property=\"og:url\" content=\"https:\/\/gmelorente.com\/fr\/catalogue-de-produits-gme-2\/\" \/>\n<meta property=\"og:site_name\" content=\"GME DIVISI\u00d3N BA\u00d1OS\" \/>\n<meta property=\"article:publisher\" content=\"https:\/\/www.facebook.com\/gmedivision\/?fref=ts\" \/>\n<meta property=\"article:modified_time\" content=\"2025-04-08T13:58:09+00:00\" \/>\n<meta property=\"og:image\" content=\"https:\/\/gmelorente.com\/wp-content\/uploads\/PORT-FRA.png\" \/>\n\t<meta property=\"og:image:width\" content=\"611\" \/>\n\t<meta property=\"og:image:height\" content=\"850\" \/>\n\t<meta property=\"og:image:type\" content=\"image\/png\" \/>\n<meta name=\"twitter:card\" content=\"summary_large_image\" \/>\n<meta name=\"twitter:label1\" content=\"Dur\u00e9e de lecture estim\u00e9e\" \/>\n\t<meta name=\"twitter:data1\" content=\"2 minutes\" \/>\n<script type=\"application\/ld+json\" class=\"yoast-schema-graph\">{\"@context\":\"https:\/\/schema.org\",\"@graph\":[{\"@type\":\"WebPage\",\"@id\":\"https:\/\/gmelorente.com\/fr\/catalogue-de-produits-gme-2\/\",\"url\":\"https:\/\/gmelorente.com\/fr\/catalogue-de-produits-gme-2\/\",\"name\":\"Catalogue GME, le plus complet du march\u00e9 avec livraison imm\u00e9diate - GME\",\"isPartOf\":{\"@id\":\"https:\/\/gmelorente.com\/#website\"},\"primaryImageOfPage\":{\"@id\":\"https:\/\/gmelorente.com\/fr\/catalogue-de-produits-gme-2\/#primaryimage\"},\"image\":{\"@id\":\"https:\/\/gmelorente.com\/fr\/catalogue-de-produits-gme-2\/#primaryimage\"},\"thumbnailUrl\":\"https:\/\/gmelorente.com\/wp-content\/uploads\/PORT-FRA.png\",\"datePublished\":\"2015-08-13T14:19:48+00:00\",\"dateModified\":\"2025-04-08T13:58:09+00:00\",\"description\":\"Consultez ici le catalogue officiel des produits GME, tous avec un service de livraison imm\u00e9diate dans toute la p\u00e9ninsule et avec une garantie de 3 ans.\",\"breadcrumb\":{\"@id\":\"https:\/\/gmelorente.com\/fr\/catalogue-de-produits-gme-2\/#breadcrumb\"},\"inLanguage\":\"fr-FR\",\"potentialAction\":[{\"@type\":\"ReadAction\",\"target\":[\"https:\/\/gmelorente.com\/fr\/catalogue-de-produits-gme-2\/\"]}]},{\"@type\":\"ImageObject\",\"inLanguage\":\"fr-FR\",\"@id\":\"https:\/\/gmelorente.com\/fr\/catalogue-de-produits-gme-2\/#primaryimage\",\"url\":\"https:\/\/gmelorente.com\/wp-content\/uploads\/PORT-FRA.png\",\"contentUrl\":\"https:\/\/gmelorente.com\/wp-content\/uploads\/PORT-FRA.png\"},{\"@type\":\"BreadcrumbList\",\"@id\":\"https:\/\/gmelorente.com\/fr\/catalogue-de-produits-gme-2\/#breadcrumb\",\"itemListElement\":[{\"@type\":\"ListItem\",\"position\":1,\"name\":\"Home\",\"item\":\"https:\/\/gmelorente.com\/fr\/\"},{\"@type\":\"ListItem\",\"position\":2,\"name\":\"Catalogue\"}]},{\"@type\":\"WebSite\",\"@id\":\"https:\/\/gmelorente.com\/#website\",\"url\":\"https:\/\/gmelorente.com\/\",\"name\":\"GME DIVISI\u00d3N BA\u00d1OS\",\"description\":\"Mamparas de ducha y mucho m\u00e1s\",\"publisher\":{\"@id\":\"https:\/\/gmelorente.com\/#organization\"},\"potentialAction\":[{\"@type\":\"SearchAction\",\"target\":{\"@type\":\"EntryPoint\",\"urlTemplate\":\"https:\/\/gmelorente.com\/?s={search_term_string}\"},\"query-input\":{\"@type\":\"PropertyValueSpecification\",\"valueRequired\":true,\"valueName\":\"search_term_string\"}}],\"inLanguage\":\"fr-FR\"},{\"@type\":\"Organization\",\"@id\":\"https:\/\/gmelorente.com\/#organization\",\"name\":\"GME DIVISI\u00d3N BA\u00d1OS S.L.\",\"url\":\"https:\/\/gmelorente.com\/\",\"logo\":{\"@type\":\"ImageObject\",\"inLanguage\":\"fr-FR\",\"@id\":\"https:\/\/gmelorente.com\/#\/schema\/logo\/image\/\",\"url\":\"https:\/\/gmelorente.com\/wp-content\/uploads\/logo-gme-azul.jpg\",\"contentUrl\":\"https:\/\/gmelorente.com\/wp-content\/uploads\/logo-gme-azul.jpg\",\"width\":810,\"height\":298,\"caption\":\"GME DIVISI\u00d3N BA\u00d1OS S.L.\"},\"image\":{\"@id\":\"https:\/\/gmelorente.com\/#\/schema\/logo\/image\/\"},\"sameAs\":[\"https:\/\/www.facebook.com\/gmedivision\/?fref=ts\",\"https:\/\/es.pinterest.com\/gmedivision\/?eq=gme&amp;etslf=14997\"]}]}<\/script>\n<!-- \/ Yoast SEO plugin. -->","yoast_head_json":{"title":"Catalogue GME, le plus complet du march\u00e9 avec livraison imm\u00e9diate - GME","description":"Consultez ici le catalogue officiel des produits GME, tous avec un service de livraison imm\u00e9diate dans toute la p\u00e9ninsule et avec une garantie de 3 ans.","robots":{"index":"index","follow":"follow","max-snippet":"max-snippet:-1","max-image-preview":"max-image-preview:large","max-video-preview":"max-video-preview:-1"},"canonical":"https:\/\/gmelorente.com\/fr\/catalogue-de-produits-gme-2\/","og_locale":"fr_FR","og_type":"article","og_title":"Catalogue GME, le plus complet du march\u00e9 avec livraison imm\u00e9diate - GME","og_description":"Consultez ici le catalogue officiel des produits GME, tous avec un service de livraison imm\u00e9diate dans toute la p\u00e9ninsule et avec une garantie de 3 ans.","og_url":"https:\/\/gmelorente.com\/fr\/catalogue-de-produits-gme-2\/","og_site_name":"GME DIVISI\u00d3N BA\u00d1OS","article_publisher":"https:\/\/www.facebook.com\/gmedivision\/?fref=ts","article_modified_time":"2025-04-08T13:58:09+00:00","og_image":[{"width":611,"height":850,"url":"https:\/\/gmelorente.com\/wp-content\/uploads\/PORT-FRA.png","type":"image\/png"}],"twitter_card":"summary_large_image","twitter_misc":{"Dur\u00e9e de lecture estim\u00e9e":"2 minutes"},"schema":{"@context":"https:\/\/schema.org","@graph":[{"@type":"WebPage","@id":"https:\/\/gmelorente.com\/fr\/catalogue-de-produits-gme-2\/","url":"https:\/\/gmelorente.com\/fr\/catalogue-de-produits-gme-2\/","name":"Catalogue GME, le plus complet du march\u00e9 avec livraison imm\u00e9diate - GME","isPartOf":{"@id":"https:\/\/gmelorente.com\/#website"},"primaryImageOfPage":{"@id":"https:\/\/gmelorente.com\/fr\/catalogue-de-produits-gme-2\/#primaryimage"},"image":{"@id":"https:\/\/gmelorente.com\/fr\/catalogue-de-produits-gme-2\/#primaryimage"},"thumbnailUrl":"https:\/\/gmelorente.com\/wp-content\/uploads\/PORT-FRA.png","datePublished":"2015-08-13T14:19:48+00:00","dateModified":"2025-04-08T13:58:09+00:00","description":"Consultez ici le catalogue officiel des produits GME, tous avec un service de livraison imm\u00e9diate dans toute la p\u00e9ninsule et avec une garantie de 3 ans.","breadcrumb":{"@id":"https:\/\/gmelorente.com\/fr\/catalogue-de-produits-gme-2\/#breadcrumb"},"inLanguage":"fr-FR","potentialAction":[{"@type":"ReadAction","target":["https:\/\/gmelorente.com\/fr\/catalogue-de-produits-gme-2\/"]}]},{"@type":"ImageObject","inLanguage":"fr-FR","@id":"https:\/\/gmelorente.com\/fr\/catalogue-de-produits-gme-2\/#primaryimage","url":"https:\/\/gmelorente.com\/wp-content\/uploads\/PORT-FRA.png","contentUrl":"https:\/\/gmelorente.com\/wp-content\/uploads\/PORT-FRA.png"},{"@type":"BreadcrumbList","@id":"https:\/\/gmelorente.com\/fr\/catalogue-de-produits-gme-2\/#breadcrumb","itemListElement":[{"@type":"ListItem","position":1,"name":"Home","item":"https:\/\/gmelorente.com\/fr\/"},{"@type":"ListItem","position":2,"name":"Catalogue"}]},{"@type":"WebSite","@id":"https:\/\/gmelorente.com\/#website","url":"https:\/\/gmelorente.com\/","name":"GME DIVISI\u00d3N BA\u00d1OS","description":"Mamparas de ducha y mucho m\u00e1s","publisher":{"@id":"https:\/\/gmelorente.com\/#organization"},"potentialAction":[{"@type":"SearchAction","target":{"@type":"EntryPoint","urlTemplate":"https:\/\/gmelorente.com\/?s={search_term_string}"},"query-input":{"@type":"PropertyValueSpecification","valueRequired":true,"valueName":"search_term_string"}}],"inLanguage":"fr-FR"},{"@type":"Organization","@id":"https:\/\/gmelorente.com\/#organization","name":"GME DIVISI\u00d3N BA\u00d1OS S.L.","url":"https:\/\/gmelorente.com\/","logo":{"@type":"ImageObject","inLanguage":"fr-FR","@id":"https:\/\/gmelorente.com\/#\/schema\/logo\/image\/","url":"https:\/\/gmelorente.com\/wp-content\/uploads\/logo-gme-azul.jpg","contentUrl":"https:\/\/gmelorente.com\/wp-content\/uploads\/logo-gme-azul.jpg","width":810,"height":298,"caption":"GME DIVISI\u00d3N BA\u00d1OS S.L."},"image":{"@id":"https:\/\/gmelorente.com\/#\/schema\/logo\/image\/"},"sameAs":["https:\/\/www.facebook.com\/gmedivision\/?fref=ts","https:\/\/es.pinterest.com\/gmedivision\/?eq=gme&amp;etslf=14997"]}]}},"_links":{"self":[{"href":"https:\/\/gmelorente.com\/fr\/wp-json\/wp\/v2\/pages\/43181","targetHints":{"allow":["GET"]}}],"collection":[{"href":"https:\/\/gmelorente.com\/fr\/wp-json\/wp\/v2\/pages"}],"about":[{"href":"https:\/\/gmelorente.com\/fr\/wp-json\/wp\/v2\/types\/page"}],"author":[{"embeddable":true,"href":"https:\/\/gmelorente.com\/fr\/wp-json\/wp\/v2\/users\/1"}],"replies":[{"embeddable":true,"href":"https:\/\/gmelorente.com\/fr\/wp-json\/wp\/v2\/comments?post=43181"}],"version-history":[{"count":5,"href":"https:\/\/gmelorente.com\/fr\/wp-json\/wp\/v2\/pages\/43181\/revisions"}],"predecessor-version":[{"id":86199,"href":"https:\/\/gmelorente.com\/fr\/wp-json\/wp\/v2\/pages\/43181\/revisions\/86199"}],"wp:attachment":[{"href":"https:\/\/gmelorente.com\/fr\/wp-json\/wp\/v2\/media?parent=43181"}],"curies":[{"name":"wp","href":"https:\/\/api.w.org\/{rel}","templated":true}]}}