{"id":43184,"date":"2015-08-13T16:18:52","date_gmt":"2015-08-13T14:18:52","guid":{"rendered":"https:\/\/gmelorente.com\/fr\/descargas\/"},"modified":"2026-02-16T15:30:15","modified_gmt":"2026-02-16T14:30:15","slug":"telechargement","status":"publish","type":"page","link":"https:\/\/gmelorente.com\/fr\/telechargement\/","title":{"rendered":"T\u00e9l\u00e9chargement"},"content":{"rendered":"<p>[vc_row][vc_column][vc_column_text]<\/p>\n<p style=\"text-align: justify;\">Le t\u00e9l\u00e9chargement de ce catalogue pourra uniquement se r\u00e9aliser \u00e0 des fins informatives et de fa\u00e7on particuli\u00e8re et priv\u00e9e. Ce catalogue peut seulement \u00eatre utilis\u00e9 \u00e0 des fins commerciales sous r\u00e9serve de l&rsquo;autorisation pr\u00e9alable de GME DIVISION SALLES DE BAINS, S.L. Il devra uniquement \u00eatre utilis\u00e9 par les clients pour leur information commerciale particuli\u00e8re, sans \u00eatre utilis\u00e9 pour l&rsquo;exposition ou visualisation du client final, sauf autorisation pr\u00e9alable de GME DIVISION SALLES DE BAINS, S.L.<\/p>\n<p style=\"text-align: justify;\">GME DIVISION SALLES DE BAINS, S.L. se r\u00e9serve le droit d&rsquo;apporter \u00e0 tout moment, des modifications techniques, constructives ou dimensionnelles utiles \u00e0 l&rsquo;am\u00e9lioration des produits. Les photographies et dessins techniques figurant dans ce catalogue sont \u00e0 titre d&rsquo;orientation. Les couleurs des produits photographi\u00e9s sont indicatives puisqu&rsquo;elles peuvent \u00eatre sujettes \u00e0 des variations caus\u00e9es par les travaux photographiques et d&rsquo;estampage.\u00a0 Les Photomontages sont r\u00e9alis\u00e9s \u00e0 des fins esth\u00e9tiques et n&rsquo;indiquent pas de solutions d&rsquo;installation.<\/p>\n<p>[\/vc_column_text][vc_empty_space height=\u00a0\u00bb20px\u00a0\u00bb][vc_column_text]<\/p>\n<p style=\"text-align: justify;\">Pour plus d&rsquo;informations sur nos distributeurs, r\u00e9seau de vente, demande de catalogues et leur utilisation \u00e0 des fins commerciales ou pour l&rsquo;exposition ou visualisation du client final, vous pouvez nous contacter \u00e0 travers les moyens suivants :<\/p>\n<ul>\n<li style=\"text-align: justify;\">T\u00e9l\u00e9phone: +34 96 252 18 55<\/li>\n<li style=\"text-align: justify;\">Fax: +34 96 252 18 56<\/li>\n<li style=\"text-align: justify;\">E-mail: <a href=\"mailto:info@gmelorente.com\">info@gmelorente.com<\/a><\/li>\n<li style=\"text-align: justify;\">Addresse postale: Avinguda Comarques del Pa\u00eds Valenci\u00e0 197 &#8211; 46930 &#8211; Quart de Poblet (Valencia). Espagne.<\/li>\n<\/ul>\n<hr \/>\n<p>[\/vc_column_text][vc_empty_space height=\u00a0\u00bb20px\u00a0\u00bb][vc_column_text]<\/p>\n<p style=\"text-align: justify;\">GME DIVISION SALLES DE BAINS, S.L. n&rsquo;est pas responsable du contenu des liens fournis vers des sites annexes \u00e0 GME ou des cons\u00e9quences qui pourraient d\u00e9couler de l&rsquo;utilisation de ces derniers. GME ne participe pas et n&rsquo;est pas impliqu\u00e9 dans les transactions qui pourraient \u00eatre effectu\u00e9es entre le client et ces sites web, dans le cas o\u00f9 le client commanderait des produits ou services \u00e0 travers eux. GME n&rsquo;est pas responsable devant d&rsquo;autres parties qui pourraient \u00e9ventuellement appara\u00eetre.<\/p>\n<p style=\"text-align: justify;\">GME DIVISION SALLES DE BAINS, S.L .ne garantit pas l&rsquo;exactitude de toute information contenue sur ce site et rejette express\u00e9ment toute obligation de mettre \u00e0 jour ces informations. En outre, GME DIVISION SALLES DE BAINS, S.L n&rsquo;assume aucune responsabilit\u00e9 juridique pour toute erreur ou omission dans le contenu de ce site. Le contenu et les informations de ce site Internet sont fournis \u00abtels quels\u00bb.<\/p>\n<p style=\"text-align: justify;\">Le service client\u00e8le sera \u00e0 disposition les jours ouvrables pendant les \u00a0horaires de bureau. GME DIVISION SALLES DE BAINS, S.L. se r\u00e9serve le droit de modifier ses prix sans pr\u00e9avis.<\/p>\n<hr \/>\n<p>[\/vc_column_text][vc_empty_space height=\u00a0\u00bb20px\u00a0\u00bb][vc_column_text]<\/p>\n<p style=\"text-align: justify;\"><strong>L&rsquo;utilisation par un tiers de toute image, texte, conception, contenu, logo, mod\u00e8le, nom, marque ou signe distinctif appartenant ou inscrit en faveur de GME DIVISION SALLES DE BAINS,S.L. est interdite.\u00a0 Pour l&rsquo;autorisation de toute image, texte, conception, contenu, logo, nom, mod\u00e8le, marque ou signe distinctif appartenant ou inscrit en faveur de GME DIVISION SALLES DE BAINS,S.L. vous devrez prendre contact avec notre d\u00e9partement d&rsquo;image : <a href=\"mailto:pablo@gmelorente.com.\">pablo@gmelorente.com<\/a>. L&rsquo;utilisation d&rsquo;images, logo, nom ou marque pour la vente en magasins en ligne est soumise \u00e0 la signature d&rsquo;un contrat de conditions particuli\u00e8res concernant l&rsquo;utilisation d&rsquo;images, mod\u00e8les, noms, marques et signes distinctifs de GME DIVISION SALLES DE BAINS,S.L.\u00a0<\/strong><\/p>\n<p>[\/vc_column_text][vc_empty_space height=\u00a0\u00bb20px\u00a0\u00bb][vc_column_text]<\/p>\n<p style=\"text-align: justify;\">Toute personne int\u00e9ress\u00e9e par son utilisation pour des ventes en ligne, devra prendre contact avec GME DIVISION SALLES DE BAINS, S.L.<\/p>\n<hr \/>\n<p>[\/vc_column_text][vc_empty_space][\/vc_column][\/vc_row][vc_row][vc_column width=\u00a0\u00bb1\/2&Prime; el_class=\u00a0\u00bbdescarga-docs\u00a0\u00bb][vc_column_text]<a href=\"https:\/\/gmelorente.com\/wp-content\/uploads\/catalogo_general-fr.pdf\"><img loading=\"lazy\" decoding=\"async\" class=\"aligncenter wp-image-90815\" src=\"https:\/\/gmelorente.com\/wp-content\/uploads\/gme-2025.jpg\" alt=\"\" width=\"197\" height=\"280\" srcset=\"https:\/\/gmelorente.com\/wp-content\/uploads\/gme-2025.jpg 679w, https:\/\/gmelorente.com\/wp-content\/uploads\/gme-2025-211x300.jpg 211w, https:\/\/gmelorente.com\/wp-content\/uploads\/gme-2025-500x711.jpg 500w\" sizes=\"auto, (max-width: 197px) 100vw, 197px\" \/><\/a><\/p>\n<p style=\"text-align: center;\"><a href=\"https:\/\/gmelorente.com\/wp-content\/uploads\/catalogo_general-fr.pdf\" target=\"_blank\" rel=\"noopener\">CATALOGUE G\u00c9N\u00c9RAL<\/a><\/p>\n<p>[\/vc_column_text][\/vc_column][vc_column width=\u00a0\u00bb1\/2&Prime; el_class=\u00a0\u00bbdescarga-docs\u00a0\u00bb][vc_column_text]<a href=\"https:\/\/gmelorente.com\/wp-content\/uploads\/GRIFOS-IO-2026-FRANCES-SP.pdf\"><img loading=\"lazy\" decoding=\"async\" class=\"aligncenter wp-image-90926 size-full\" src=\"https:\/\/gmelorente.com\/wp-content\/uploads\/PORT-FRA.jpg\" alt=\"\" width=\"190\" height=\"270\" \/><\/a><\/p>\n<p style=\"text-align: center;\"><a href=\"https:\/\/gmelorente.com\/wp-content\/uploads\/GRIFOS-IO-2026-FRANCES-SP.pdf\">CATALOGUE ROBINETTERIE IO 2026<\/a><\/p>\n<p>[\/vc_column_text][\/vc_column][\/vc_row]<\/p>\n","protected":false},"excerpt":{"rendered":"<p>[vc_row][vc_column][vc_column_text] Le t\u00e9l\u00e9chargement de ce catalogue pourra uniquement se r\u00e9aliser \u00e0 des fins informatives et de fa\u00e7on particuli\u00e8re et priv\u00e9e. Ce catalogue peut seulement \u00eatre utilis\u00e9 \u00e0 des fins commerciales sous r\u00e9serve de l&rsquo;autorisation pr\u00e9alable de GME DIVISION SALLES DE BAINS, S.L. Il devra uniquement \u00eatre utilis\u00e9 par les clients pour leur information commerciale particuli\u00e8re,&hellip;<\/p>\n","protected":false},"author":1,"featured_media":0,"parent":0,"menu_order":0,"comment_status":"closed","ping_status":"closed","template":"","meta":{"footnotes":""},"class_list":["post-43184","page","type-page","status-publish","hentry","description-off"],"yoast_head":"<!-- This site is optimized with the Yoast SEO plugin v27.2 - https:\/\/yoast.com\/product\/yoast-seo-wordpress\/ -->\n<title>T\u00e9l\u00e9chargement - GME DIVISI\u00d3N BA\u00d1OS<\/title>\n<meta name=\"robots\" content=\"index, follow, max-snippet:-1, max-image-preview:large, max-video-preview:-1\" \/>\n<link rel=\"canonical\" href=\"https:\/\/gmelorente.com\/fr\/telechargement\/\" \/>\n<meta property=\"og:locale\" content=\"fr_FR\" \/>\n<meta property=\"og:type\" content=\"article\" \/>\n<meta property=\"og:title\" content=\"T\u00e9l\u00e9chargement - GME DIVISI\u00d3N BA\u00d1OS\" \/>\n<meta property=\"og:description\" content=\"[vc_row][vc_column][vc_column_text] Le t\u00e9l\u00e9chargement de ce catalogue pourra uniquement se r\u00e9aliser \u00e0 des fins informatives et de fa\u00e7on particuli\u00e8re et priv\u00e9e. Ce catalogue peut seulement \u00eatre utilis\u00e9 \u00e0 des fins commerciales sous r\u00e9serve de l&rsquo;autorisation pr\u00e9alable de GME DIVISION SALLES DE BAINS, S.L. Il devra uniquement \u00eatre utilis\u00e9 par les clients pour leur information commerciale particuli\u00e8re,&hellip;\" \/>\n<meta property=\"og:url\" content=\"https:\/\/gmelorente.com\/fr\/telechargement\/\" \/>\n<meta property=\"og:site_name\" content=\"GME DIVISI\u00d3N BA\u00d1OS\" \/>\n<meta property=\"article:publisher\" content=\"https:\/\/www.facebook.com\/gmedivision\/?fref=ts\" \/>\n<meta property=\"article:modified_time\" content=\"2026-02-16T14:30:15+00:00\" \/>\n<meta property=\"og:image\" content=\"https:\/\/gmelorente.com\/wp-content\/uploads\/gme-2025.jpg\" \/>\n\t<meta property=\"og:image:width\" content=\"679\" \/>\n\t<meta property=\"og:image:height\" content=\"966\" \/>\n\t<meta property=\"og:image:type\" content=\"image\/jpeg\" \/>\n<meta name=\"twitter:card\" content=\"summary_large_image\" \/>\n<meta name=\"twitter:label1\" content=\"Dur\u00e9e de lecture estim\u00e9e\" \/>\n\t<meta name=\"twitter:data1\" content=\"3 minutes\" \/>\n<script type=\"application\/ld+json\" class=\"yoast-schema-graph\">{\"@context\":\"https:\/\/schema.org\",\"@graph\":[{\"@type\":\"WebPage\",\"@id\":\"https:\/\/gmelorente.com\/fr\/telechargement\/\",\"url\":\"https:\/\/gmelorente.com\/fr\/telechargement\/\",\"name\":\"T\u00e9l\u00e9chargement - GME DIVISI\u00d3N BA\u00d1OS\",\"isPartOf\":{\"@id\":\"https:\/\/gmelorente.com\/#website\"},\"primaryImageOfPage\":{\"@id\":\"https:\/\/gmelorente.com\/fr\/telechargement\/#primaryimage\"},\"image\":{\"@id\":\"https:\/\/gmelorente.com\/fr\/telechargement\/#primaryimage\"},\"thumbnailUrl\":\"https:\/\/gmelorente.com\/wp-content\/uploads\/gme-2025.jpg\",\"datePublished\":\"2015-08-13T14:18:52+00:00\",\"dateModified\":\"2026-02-16T14:30:15+00:00\",\"breadcrumb\":{\"@id\":\"https:\/\/gmelorente.com\/fr\/telechargement\/#breadcrumb\"},\"inLanguage\":\"fr-FR\",\"potentialAction\":[{\"@type\":\"ReadAction\",\"target\":[\"https:\/\/gmelorente.com\/fr\/telechargement\/\"]}]},{\"@type\":\"ImageObject\",\"inLanguage\":\"fr-FR\",\"@id\":\"https:\/\/gmelorente.com\/fr\/telechargement\/#primaryimage\",\"url\":\"https:\/\/gmelorente.com\/wp-content\/uploads\/gme-2025.jpg\",\"contentUrl\":\"https:\/\/gmelorente.com\/wp-content\/uploads\/gme-2025.jpg\"},{\"@type\":\"BreadcrumbList\",\"@id\":\"https:\/\/gmelorente.com\/fr\/telechargement\/#breadcrumb\",\"itemListElement\":[{\"@type\":\"ListItem\",\"position\":1,\"name\":\"Home\",\"item\":\"https:\/\/gmelorente.com\/fr\/\"},{\"@type\":\"ListItem\",\"position\":2,\"name\":\"T\u00e9l\u00e9chargement\"}]},{\"@type\":\"WebSite\",\"@id\":\"https:\/\/gmelorente.com\/#website\",\"url\":\"https:\/\/gmelorente.com\/\",\"name\":\"GME DIVISI\u00d3N BA\u00d1OS\",\"description\":\"Mamparas de ducha y mucho m\u00e1s\",\"publisher\":{\"@id\":\"https:\/\/gmelorente.com\/#organization\"},\"potentialAction\":[{\"@type\":\"SearchAction\",\"target\":{\"@type\":\"EntryPoint\",\"urlTemplate\":\"https:\/\/gmelorente.com\/?s={search_term_string}\"},\"query-input\":{\"@type\":\"PropertyValueSpecification\",\"valueRequired\":true,\"valueName\":\"search_term_string\"}}],\"inLanguage\":\"fr-FR\"},{\"@type\":\"Organization\",\"@id\":\"https:\/\/gmelorente.com\/#organization\",\"name\":\"GME DIVISI\u00d3N BA\u00d1OS S.L.\",\"url\":\"https:\/\/gmelorente.com\/\",\"logo\":{\"@type\":\"ImageObject\",\"inLanguage\":\"fr-FR\",\"@id\":\"https:\/\/gmelorente.com\/#\/schema\/logo\/image\/\",\"url\":\"https:\/\/gmelorente.com\/wp-content\/uploads\/logo-gme-azul.jpg\",\"contentUrl\":\"https:\/\/gmelorente.com\/wp-content\/uploads\/logo-gme-azul.jpg\",\"width\":810,\"height\":298,\"caption\":\"GME DIVISI\u00d3N BA\u00d1OS S.L.\"},\"image\":{\"@id\":\"https:\/\/gmelorente.com\/#\/schema\/logo\/image\/\"},\"sameAs\":[\"https:\/\/www.facebook.com\/gmedivision\/?fref=ts\",\"https:\/\/es.pinterest.com\/gmedivision\/?eq=gme&amp;etslf=14997\"]}]}<\/script>\n<!-- \/ Yoast SEO plugin. -->","yoast_head_json":{"title":"T\u00e9l\u00e9chargement - GME DIVISI\u00d3N BA\u00d1OS","robots":{"index":"index","follow":"follow","max-snippet":"max-snippet:-1","max-image-preview":"max-image-preview:large","max-video-preview":"max-video-preview:-1"},"canonical":"https:\/\/gmelorente.com\/fr\/telechargement\/","og_locale":"fr_FR","og_type":"article","og_title":"T\u00e9l\u00e9chargement - GME DIVISI\u00d3N BA\u00d1OS","og_description":"[vc_row][vc_column][vc_column_text] Le t\u00e9l\u00e9chargement de ce catalogue pourra uniquement se r\u00e9aliser \u00e0 des fins informatives et de fa\u00e7on particuli\u00e8re et priv\u00e9e. Ce catalogue peut seulement \u00eatre utilis\u00e9 \u00e0 des fins commerciales sous r\u00e9serve de l&rsquo;autorisation pr\u00e9alable de GME DIVISION SALLES DE BAINS, S.L. Il devra uniquement \u00eatre utilis\u00e9 par les clients pour leur information commerciale particuli\u00e8re,&hellip;","og_url":"https:\/\/gmelorente.com\/fr\/telechargement\/","og_site_name":"GME DIVISI\u00d3N BA\u00d1OS","article_publisher":"https:\/\/www.facebook.com\/gmedivision\/?fref=ts","article_modified_time":"2026-02-16T14:30:15+00:00","og_image":[{"width":679,"height":966,"url":"https:\/\/gmelorente.com\/wp-content\/uploads\/gme-2025.jpg","type":"image\/jpeg"}],"twitter_card":"summary_large_image","twitter_misc":{"Dur\u00e9e de lecture estim\u00e9e":"3 minutes"},"schema":{"@context":"https:\/\/schema.org","@graph":[{"@type":"WebPage","@id":"https:\/\/gmelorente.com\/fr\/telechargement\/","url":"https:\/\/gmelorente.com\/fr\/telechargement\/","name":"T\u00e9l\u00e9chargement - GME DIVISI\u00d3N BA\u00d1OS","isPartOf":{"@id":"https:\/\/gmelorente.com\/#website"},"primaryImageOfPage":{"@id":"https:\/\/gmelorente.com\/fr\/telechargement\/#primaryimage"},"image":{"@id":"https:\/\/gmelorente.com\/fr\/telechargement\/#primaryimage"},"thumbnailUrl":"https:\/\/gmelorente.com\/wp-content\/uploads\/gme-2025.jpg","datePublished":"2015-08-13T14:18:52+00:00","dateModified":"2026-02-16T14:30:15+00:00","breadcrumb":{"@id":"https:\/\/gmelorente.com\/fr\/telechargement\/#breadcrumb"},"inLanguage":"fr-FR","potentialAction":[{"@type":"ReadAction","target":["https:\/\/gmelorente.com\/fr\/telechargement\/"]}]},{"@type":"ImageObject","inLanguage":"fr-FR","@id":"https:\/\/gmelorente.com\/fr\/telechargement\/#primaryimage","url":"https:\/\/gmelorente.com\/wp-content\/uploads\/gme-2025.jpg","contentUrl":"https:\/\/gmelorente.com\/wp-content\/uploads\/gme-2025.jpg"},{"@type":"BreadcrumbList","@id":"https:\/\/gmelorente.com\/fr\/telechargement\/#breadcrumb","itemListElement":[{"@type":"ListItem","position":1,"name":"Home","item":"https:\/\/gmelorente.com\/fr\/"},{"@type":"ListItem","position":2,"name":"T\u00e9l\u00e9chargement"}]},{"@type":"WebSite","@id":"https:\/\/gmelorente.com\/#website","url":"https:\/\/gmelorente.com\/","name":"GME DIVISI\u00d3N BA\u00d1OS","description":"Mamparas de ducha y mucho m\u00e1s","publisher":{"@id":"https:\/\/gmelorente.com\/#organization"},"potentialAction":[{"@type":"SearchAction","target":{"@type":"EntryPoint","urlTemplate":"https:\/\/gmelorente.com\/?s={search_term_string}"},"query-input":{"@type":"PropertyValueSpecification","valueRequired":true,"valueName":"search_term_string"}}],"inLanguage":"fr-FR"},{"@type":"Organization","@id":"https:\/\/gmelorente.com\/#organization","name":"GME DIVISI\u00d3N BA\u00d1OS S.L.","url":"https:\/\/gmelorente.com\/","logo":{"@type":"ImageObject","inLanguage":"fr-FR","@id":"https:\/\/gmelorente.com\/#\/schema\/logo\/image\/","url":"https:\/\/gmelorente.com\/wp-content\/uploads\/logo-gme-azul.jpg","contentUrl":"https:\/\/gmelorente.com\/wp-content\/uploads\/logo-gme-azul.jpg","width":810,"height":298,"caption":"GME DIVISI\u00d3N BA\u00d1OS S.L."},"image":{"@id":"https:\/\/gmelorente.com\/#\/schema\/logo\/image\/"},"sameAs":["https:\/\/www.facebook.com\/gmedivision\/?fref=ts","https:\/\/es.pinterest.com\/gmedivision\/?eq=gme&amp;etslf=14997"]}]}},"_links":{"self":[{"href":"https:\/\/gmelorente.com\/fr\/wp-json\/wp\/v2\/pages\/43184","targetHints":{"allow":["GET"]}}],"collection":[{"href":"https:\/\/gmelorente.com\/fr\/wp-json\/wp\/v2\/pages"}],"about":[{"href":"https:\/\/gmelorente.com\/fr\/wp-json\/wp\/v2\/types\/page"}],"author":[{"embeddable":true,"href":"https:\/\/gmelorente.com\/fr\/wp-json\/wp\/v2\/users\/1"}],"replies":[{"embeddable":true,"href":"https:\/\/gmelorente.com\/fr\/wp-json\/wp\/v2\/comments?post=43184"}],"version-history":[{"count":12,"href":"https:\/\/gmelorente.com\/fr\/wp-json\/wp\/v2\/pages\/43184\/revisions"}],"predecessor-version":[{"id":90972,"href":"https:\/\/gmelorente.com\/fr\/wp-json\/wp\/v2\/pages\/43184\/revisions\/90972"}],"wp:attachment":[{"href":"https:\/\/gmelorente.com\/fr\/wp-json\/wp\/v2\/media?parent=43184"}],"curies":[{"name":"wp","href":"https:\/\/api.w.org\/{rel}","templated":true}]}}