{"id":67995,"date":"2020-09-29T01:04:42","date_gmt":"2020-09-28T23:04:42","guid":{"rendered":"https:\/\/gmelorente.com\/?page_id=67995"},"modified":"2025-09-08T15:59:25","modified_gmt":"2025-09-08T13:59:25","slug":"catalogue-robinet-io","status":"publish","type":"page","link":"https:\/\/gmelorente.com\/fr\/catalogue-robinet-io\/","title":{"rendered":"CERTIFICATIONS ISO"},"content":{"rendered":"<p>[vc_row][vc_column][vc_single_image image=\u00a0\u00bb87576&Prime; img_size=\u00a0\u00bbfull\u00a0\u00bb alignment=\u00a0\u00bbcenter\u00a0\u00bb][vc_empty_space][\/vc_column][\/vc_row][vc_row][vc_column][vc_column_text]Chez GME Divisi\u00f3n Ba\u00f1os, nous franchissons une nouvelle \u00e9tape dans notre parcours entrepreneurial en obtenant officiellement les certifications internationales ISO 9001 pour la gestion de la qualit\u00e9 et ISO 14001 pour la gestion environnementale.<\/p>\n<p>Cette r\u00e9ussite n&rsquo;est pas seulement un label sur papier : elle repr\u00e9sente la reconnaissance d&rsquo;ann\u00e9es d&rsquo;efforts, d&rsquo;organisation et d&rsquo;am\u00e9lioration continue dans tous nos processus, de la gestion des entrep\u00f4ts et de la logistique \u00e0 la distribution d&rsquo;\u00e9quipements de salle de bains sur les march\u00e9s nationaux et internationaux.<\/p>\n<p>&nbsp;<\/p>\n<p>Qu&rsquo;est-ce que cela signifie pour nos clients et nos collaborateurs ?<\/p>\n<p>Confiance dans la qualit\u00e9 : la norme ISO 9001 garantit que tous nos processus sont ax\u00e9s sur l&rsquo;efficacit\u00e9, la tra\u00e7abilit\u00e9 et la satisfaction du client.<\/p>\n<p>Un engagement environnemental r\u00e9el : avec la norme ISO 14001, nous renfor\u00e7ons notre engagement \u00e0 minimiser l&rsquo;impact environnemental, en optimisant l&rsquo;utilisation des ressources, en g\u00e9rant les d\u00e9chets de mani\u00e8re responsable et en misant sur la durabilit\u00e9 \u00e0 chaque \u00e9tape de la cha\u00eene d&rsquo;approvisionnement.<\/p>\n<p>Un partenaire plus comp\u00e9titif : ces certifications internationales nous permettent de poursuivre notre croissance sur des march\u00e9s exigeants, en offrant la tranquillit\u00e9 d&rsquo;esprit de travailler avec une entreprise conforme aux normes mondiales.<\/p>\n<p>Notre engagement pour l&rsquo;avenir<br \/>Ces certifications sont un point de d\u00e9part, pas une fin en soi. Chez GME, nous continuons \u00e0 aller de l&rsquo;avant pour offrir un service de premier ordre dans la distribution de parois de douche, receveurs de douche, robinetterie et accessoires de salle de bains, en gardant toujours comme piliers fondamentaux la qualit\u00e9, la s\u00e9curit\u00e9 et la durabilit\u00e9.<\/p>\n<p>Nous tenons \u00e0 remercier notre \u00e9quipe, nos clients et nos collaborateurs de nous accompagner dans cette aventure. Gr\u00e2ce \u00e0 votre confiance et \u00e0 votre soutien, nous continuons \u00e0 transformer le secteur avec des solutions alliant design, innovation et responsabilit\u00e9.<\/p>\n<p>&nbsp;<\/p>\n<p>[\/vc_column_text][vc_empty_space]<div class=\"hr-thin style-line\" style=\"width: 100%;border-top-width: 1px;\"><\/div>[vc_empty_space][vc_column_text]<\/p>\n<p>[\/vc_column_text][\/vc_column][\/vc_row][vc_row][vc_column width=\u00a0\u00bb1\/2&Prime;][vc_single_image image=\u00a0\u00bb87588&Prime; img_size=\u00a0\u00bbmedium\u00a0\u00bb alignment=\u00a0\u00bbcenter\u00a0\u00bb onclick=\u00a0\u00bbimg_link_large\u00a0\u00bb][\/vc_column][vc_column width=\u00a0\u00bb1\/2&Prime;][vc_single_image image=\u00a0\u00bb87592&Prime; img_size=\u00a0\u00bbmedium\u00a0\u00bb alignment=\u00a0\u00bbcenter\u00a0\u00bb onclick=\u00a0\u00bbimg_link_large\u00a0\u00bb][\/vc_column][\/vc_row]<\/p>\n","protected":false},"excerpt":{"rendered":"<p>[vc_row][vc_column][vc_single_image image=\u00a0\u00bb87576&Prime; img_size=\u00a0\u00bbfull\u00a0\u00bb alignment=\u00a0\u00bbcenter\u00a0\u00bb][vc_empty_space][\/vc_column][\/vc_row][vc_row][vc_column][vc_column_text]Chez GME Divisi\u00f3n Ba\u00f1os, nous franchissons une nouvelle \u00e9tape dans notre parcours entrepreneurial en obtenant officiellement les certifications internationales ISO 9001 pour la gestion de la qualit\u00e9 et ISO 14001 pour la gestion environnementale. Cette r\u00e9ussite n&rsquo;est pas seulement un label sur papier : elle repr\u00e9sente la reconnaissance d&rsquo;ann\u00e9es d&rsquo;efforts, d&rsquo;organisation et&hellip;<\/p>\n","protected":false},"author":1,"featured_media":0,"parent":0,"menu_order":0,"comment_status":"closed","ping_status":"closed","template":"","meta":{"footnotes":""},"class_list":["post-67995","page","type-page","status-publish","hentry","description-off"],"yoast_head":"<!-- This site is optimized with the Yoast SEO plugin v27.3 - https:\/\/yoast.com\/product\/yoast-seo-wordpress\/ -->\n<title>CERTIFICATIONS ISO - GME Lorente<\/title>\n<meta name=\"description\" content=\"Chez GME division salles de bains, nous franchissons une nouvelle \u00e9tape en obtenant officiellement les certifications internationales ISO 9001 pour la gestion de la qualit\u00e9 et ISO 14001 pour la gestion environnementale.\" \/>\n<meta name=\"robots\" content=\"index, follow, max-snippet:-1, max-image-preview:large, max-video-preview:-1\" \/>\n<link rel=\"canonical\" href=\"https:\/\/gmelorente.com\/fr\/catalogue-robinet-io\/\" \/>\n<meta property=\"og:locale\" content=\"fr_FR\" \/>\n<meta property=\"og:type\" content=\"article\" \/>\n<meta property=\"og:title\" content=\"CERTIFICATIONS ISO - GME Lorente\" \/>\n<meta property=\"og:description\" content=\"Chez GME division salles de bains, nous franchissons une nouvelle \u00e9tape en obtenant officiellement les certifications internationales ISO 9001 pour la gestion de la qualit\u00e9 et ISO 14001 pour la gestion environnementale.\" \/>\n<meta property=\"og:url\" content=\"https:\/\/gmelorente.com\/fr\/catalogue-robinet-io\/\" \/>\n<meta property=\"og:site_name\" content=\"GME DIVISI\u00d3N BA\u00d1OS\" \/>\n<meta property=\"article:publisher\" content=\"https:\/\/www.facebook.com\/gmedivision\/?fref=ts\" \/>\n<meta property=\"article:modified_time\" content=\"2025-09-08T13:59:25+00:00\" \/>\n<meta name=\"twitter:card\" content=\"summary_large_image\" \/>\n<meta name=\"twitter:label1\" content=\"Dur\u00e9e de lecture estim\u00e9e\" \/>\n\t<meta name=\"twitter:data1\" content=\"2 minutes\" \/>\n<script type=\"application\/ld+json\" class=\"yoast-schema-graph\">{\"@context\":\"https:\\\/\\\/schema.org\",\"@graph\":[{\"@type\":\"WebPage\",\"@id\":\"https:\\\/\\\/gmelorente.com\\\/fr\\\/catalogue-robinet-io\\\/\",\"url\":\"https:\\\/\\\/gmelorente.com\\\/fr\\\/catalogue-robinet-io\\\/\",\"name\":\"CERTIFICATIONS ISO - GME Lorente\",\"isPartOf\":{\"@id\":\"https:\\\/\\\/gmelorente.com\\\/#website\"},\"datePublished\":\"2020-09-28T23:04:42+00:00\",\"dateModified\":\"2025-09-08T13:59:25+00:00\",\"description\":\"Chez GME division salles de bains, nous franchissons une nouvelle \u00e9tape en obtenant officiellement les certifications internationales ISO 9001 pour la gestion de la qualit\u00e9 et ISO 14001 pour la gestion environnementale.\",\"breadcrumb\":{\"@id\":\"https:\\\/\\\/gmelorente.com\\\/fr\\\/catalogue-robinet-io\\\/#breadcrumb\"},\"inLanguage\":\"fr-FR\",\"potentialAction\":[{\"@type\":\"ReadAction\",\"target\":[\"https:\\\/\\\/gmelorente.com\\\/fr\\\/catalogue-robinet-io\\\/\"]}]},{\"@type\":\"BreadcrumbList\",\"@id\":\"https:\\\/\\\/gmelorente.com\\\/fr\\\/catalogue-robinet-io\\\/#breadcrumb\",\"itemListElement\":[{\"@type\":\"ListItem\",\"position\":1,\"name\":\"Home\",\"item\":\"https:\\\/\\\/gmelorente.com\\\/fr\\\/\"},{\"@type\":\"ListItem\",\"position\":2,\"name\":\"CERTIFICATIONS ISO\"}]},{\"@type\":\"WebSite\",\"@id\":\"https:\\\/\\\/gmelorente.com\\\/#website\",\"url\":\"https:\\\/\\\/gmelorente.com\\\/\",\"name\":\"GME DIVISI\u00d3N BA\u00d1OS\",\"description\":\"Mamparas de ducha y mucho m\u00e1s\",\"publisher\":{\"@id\":\"https:\\\/\\\/gmelorente.com\\\/#organization\"},\"potentialAction\":[{\"@type\":\"SearchAction\",\"target\":{\"@type\":\"EntryPoint\",\"urlTemplate\":\"https:\\\/\\\/gmelorente.com\\\/?s={search_term_string}\"},\"query-input\":{\"@type\":\"PropertyValueSpecification\",\"valueRequired\":true,\"valueName\":\"search_term_string\"}}],\"inLanguage\":\"fr-FR\"},{\"@type\":\"Organization\",\"@id\":\"https:\\\/\\\/gmelorente.com\\\/#organization\",\"name\":\"GME DIVISI\u00d3N BA\u00d1OS S.L.\",\"url\":\"https:\\\/\\\/gmelorente.com\\\/\",\"logo\":{\"@type\":\"ImageObject\",\"inLanguage\":\"fr-FR\",\"@id\":\"https:\\\/\\\/gmelorente.com\\\/#\\\/schema\\\/logo\\\/image\\\/\",\"url\":\"https:\\\/\\\/gmelorente.com\\\/wp-content\\\/uploads\\\/logo-gme-azul.jpg\",\"contentUrl\":\"https:\\\/\\\/gmelorente.com\\\/wp-content\\\/uploads\\\/logo-gme-azul.jpg\",\"width\":810,\"height\":298,\"caption\":\"GME DIVISI\u00d3N BA\u00d1OS S.L.\"},\"image\":{\"@id\":\"https:\\\/\\\/gmelorente.com\\\/#\\\/schema\\\/logo\\\/image\\\/\"},\"sameAs\":[\"https:\\\/\\\/www.facebook.com\\\/gmedivision\\\/?fref=ts\",\"https:\\\/\\\/es.pinterest.com\\\/gmedivision\\\/?eq=gme&amp;etslf=14997\"]}]}<\/script>\n<!-- \/ Yoast SEO plugin. -->","yoast_head_json":{"title":"CERTIFICATIONS ISO - GME Lorente","description":"Chez GME division salles de bains, nous franchissons une nouvelle \u00e9tape en obtenant officiellement les certifications internationales ISO 9001 pour la gestion de la qualit\u00e9 et ISO 14001 pour la gestion environnementale.","robots":{"index":"index","follow":"follow","max-snippet":"max-snippet:-1","max-image-preview":"max-image-preview:large","max-video-preview":"max-video-preview:-1"},"canonical":"https:\/\/gmelorente.com\/fr\/catalogue-robinet-io\/","og_locale":"fr_FR","og_type":"article","og_title":"CERTIFICATIONS ISO - GME Lorente","og_description":"Chez GME division salles de bains, nous franchissons une nouvelle \u00e9tape en obtenant officiellement les certifications internationales ISO 9001 pour la gestion de la qualit\u00e9 et ISO 14001 pour la gestion environnementale.","og_url":"https:\/\/gmelorente.com\/fr\/catalogue-robinet-io\/","og_site_name":"GME DIVISI\u00d3N BA\u00d1OS","article_publisher":"https:\/\/www.facebook.com\/gmedivision\/?fref=ts","article_modified_time":"2025-09-08T13:59:25+00:00","twitter_card":"summary_large_image","twitter_misc":{"Dur\u00e9e de lecture estim\u00e9e":"2 minutes"},"schema":{"@context":"https:\/\/schema.org","@graph":[{"@type":"WebPage","@id":"https:\/\/gmelorente.com\/fr\/catalogue-robinet-io\/","url":"https:\/\/gmelorente.com\/fr\/catalogue-robinet-io\/","name":"CERTIFICATIONS ISO - GME Lorente","isPartOf":{"@id":"https:\/\/gmelorente.com\/#website"},"datePublished":"2020-09-28T23:04:42+00:00","dateModified":"2025-09-08T13:59:25+00:00","description":"Chez GME division salles de bains, nous franchissons une nouvelle \u00e9tape en obtenant officiellement les certifications internationales ISO 9001 pour la gestion de la qualit\u00e9 et ISO 14001 pour la gestion environnementale.","breadcrumb":{"@id":"https:\/\/gmelorente.com\/fr\/catalogue-robinet-io\/#breadcrumb"},"inLanguage":"fr-FR","potentialAction":[{"@type":"ReadAction","target":["https:\/\/gmelorente.com\/fr\/catalogue-robinet-io\/"]}]},{"@type":"BreadcrumbList","@id":"https:\/\/gmelorente.com\/fr\/catalogue-robinet-io\/#breadcrumb","itemListElement":[{"@type":"ListItem","position":1,"name":"Home","item":"https:\/\/gmelorente.com\/fr\/"},{"@type":"ListItem","position":2,"name":"CERTIFICATIONS ISO"}]},{"@type":"WebSite","@id":"https:\/\/gmelorente.com\/#website","url":"https:\/\/gmelorente.com\/","name":"GME DIVISI\u00d3N BA\u00d1OS","description":"Mamparas de ducha y mucho m\u00e1s","publisher":{"@id":"https:\/\/gmelorente.com\/#organization"},"potentialAction":[{"@type":"SearchAction","target":{"@type":"EntryPoint","urlTemplate":"https:\/\/gmelorente.com\/?s={search_term_string}"},"query-input":{"@type":"PropertyValueSpecification","valueRequired":true,"valueName":"search_term_string"}}],"inLanguage":"fr-FR"},{"@type":"Organization","@id":"https:\/\/gmelorente.com\/#organization","name":"GME DIVISI\u00d3N BA\u00d1OS S.L.","url":"https:\/\/gmelorente.com\/","logo":{"@type":"ImageObject","inLanguage":"fr-FR","@id":"https:\/\/gmelorente.com\/#\/schema\/logo\/image\/","url":"https:\/\/gmelorente.com\/wp-content\/uploads\/logo-gme-azul.jpg","contentUrl":"https:\/\/gmelorente.com\/wp-content\/uploads\/logo-gme-azul.jpg","width":810,"height":298,"caption":"GME DIVISI\u00d3N BA\u00d1OS S.L."},"image":{"@id":"https:\/\/gmelorente.com\/#\/schema\/logo\/image\/"},"sameAs":["https:\/\/www.facebook.com\/gmedivision\/?fref=ts","https:\/\/es.pinterest.com\/gmedivision\/?eq=gme&amp;etslf=14997"]}]}},"_links":{"self":[{"href":"https:\/\/gmelorente.com\/fr\/wp-json\/wp\/v2\/pages\/67995","targetHints":{"allow":["GET"]}}],"collection":[{"href":"https:\/\/gmelorente.com\/fr\/wp-json\/wp\/v2\/pages"}],"about":[{"href":"https:\/\/gmelorente.com\/fr\/wp-json\/wp\/v2\/types\/page"}],"author":[{"embeddable":true,"href":"https:\/\/gmelorente.com\/fr\/wp-json\/wp\/v2\/users\/1"}],"replies":[{"embeddable":true,"href":"https:\/\/gmelorente.com\/fr\/wp-json\/wp\/v2\/comments?post=67995"}],"version-history":[{"count":12,"href":"https:\/\/gmelorente.com\/fr\/wp-json\/wp\/v2\/pages\/67995\/revisions"}],"predecessor-version":[{"id":87641,"href":"https:\/\/gmelorente.com\/fr\/wp-json\/wp\/v2\/pages\/67995\/revisions\/87641"}],"wp:attachment":[{"href":"https:\/\/gmelorente.com\/fr\/wp-json\/wp\/v2\/media?parent=67995"}],"curies":[{"name":"wp","href":"https:\/\/api.w.org\/{rel}","templated":true}]}}