{"id":74761,"date":"2020-09-28T19:50:47","date_gmt":"2020-09-28T17:50:47","guid":{"rendered":"https:\/\/gmelorente.com\/fr\/productos\/griferia-de-cocina\/"},"modified":"2021-06-03T09:10:10","modified_gmt":"2021-06-03T07:10:10","slug":"griferia-de-cocina","status":"publish","type":"page","link":"https:\/\/gmelorente.com\/fr\/productos\/griferia-de-cocina\/","title":{"rendered":"Robinetterie de cuisine"},"content":{"rendered":"<p>[vc_row][vc_column][vc_column_text]Vous cherchez un <strong>robinet de cuisine de qualit\u00e9<\/strong> ? Chez GME, nous proposons une vari\u00e9t\u00e9 d&rsquo;options de robinets de cuisine de qualit\u00e9 sous notre marque d\u00e9pos\u00e9e europ\u00e9enne, <strong>IO\u00ae<\/strong>. Les produits peuvent \u00eatre vus plus en d\u00e9tail dans notre <a href=\"https:\/\/gmelorente.com\/fr\/catalogue-robinet-io\/\">catalogue de robinets IO\u00ae<\/a>. Tous les robinets sont conformes \u00e0 la <strong>r\u00e9glementation europ\u00e9enne<\/strong> et ont pass\u00e9 les tests n\u00e9cessaires pour obtenir leur certification europ\u00e9enne \u00e0 <a href=\"https:\/\/www.aidimme.fr\">Aidimme<\/a>, l&rsquo;Institut technologique de Valence. De plus, tous sont disponibles en stock et en <strong>livraison imm\u00e9diate<\/strong>, pouvant \u00eatre install\u00e9s en seulement 48 heures \u00e0 compter de votre commande via nos <a href=\"https:\/\/gmelorente.com\/fr\/ou-acheter\/\">distributeurs<\/a>.[\/vc_column_text][\/vc_column][\/vc_row][vc_row][vc_column][vc_empty_space][\/vc_column][\/vc_row][vc_row][vc_column]<div class=\"hr-thin style-line\" style=\"width: 100%;border-top-width: 1px;\"><\/div>[vc_empty_space][\/vc_column][\/vc_row][vc_row][vc_column]<div class=\"dt-shortcode with-isotope\"><div class=\"wf-container dt-portfolio-shortcode loading-effect-none iso-grid bg-under-post description-under-image content-align-left\" data-padding=\"20px\" data-cur-page=\"1\" data-posts-per-page=\"-1\" data-width=\"0px\" data-columns=\"4\">\n<div class=\"wf-cell category-117 category-238\" data-post-id=\"74203\" data-date=\"2020-11-26T16:26:51+01:00\" data-name=\"MONOCOMMANDE CUISINE AMOVIBLE DESIGN\">\n<article class=\"post post-74203 dt_portfolio type-dt_portfolio status-publish has-post-thumbnail hentry dt_portfolio_category-griferia-fr dt_portfolio_category-robinets-de-cuisine dt_portfolio_category-117 dt_portfolio_category-238 bg-on\">\n\n\t<div class=\"project-list-media\">\n\t<figure class=\"buttons-on-img forward-post\">\n\t\t<a href=\"https:\/\/gmelorente.com\/fr\/producto\/grifo-cano-alto-para-cocina-cassio-cromo-gme-6\/\" class=\"alignnone rollover layzr-bg\" title=\"DESIGN-CROMO-EXTRAIBLE-AMBIENTE\"  aria-label=\"Post image\"><img fetchpriority=\"high\" decoding=\"async\" class=\"preload-me iso-lazy-load aspect\" src=\"data:image\/svg+xml,%3Csvg%20xmlns%3D&#39;http%3A%2F%2Fwww.w3.org%2F2000%2Fsvg&#39;%20viewBox%3D&#39;0%200%20750%20750&#39;%2F%3E\" data-src=\"https:\/\/gmelorente.com\/wp-content\/uploads\/DESIGN-CROMO-EXTRAIBLE-AMBIENTE.jpg\" data-srcset=\"https:\/\/gmelorente.com\/wp-content\/uploads\/DESIGN-CROMO-EXTRAIBLE-AMBIENTE.jpg 750w\" loading=\"eager\" style=\"--ratio: 750 \/ 750\" sizes=\"(max-width: 750px) 100vw, 750px\" alt=\"\" width=\"750\" height=\"750\"  \/><\/a>\t\t\t<\/figure>\n<\/div>\n<div class=\"project-list-content\">\n\t<h3 class=\"entry-title\"><a href=\"https:\/\/gmelorente.com\/fr\/producto\/grifo-cano-alto-para-cocina-cassio-cromo-gme-6\/\" title=\"MONOCOMMANDE CUISINE AMOVIBLE DESIGN\" rel=\"bookmark\">MONOCOMMANDE CUISINE AMOVIBLE DESIGN<\/a><\/h3><p>Cartouche c\u00e9ramique 25 mm<\/p>\n<\/div>\n<\/article>\n\n<\/div>\n<div class=\"wf-cell category-117 category-238\" data-post-id=\"74209\" data-date=\"2020-11-26T16:42:48+01:00\" data-name=\"MONOCOMMANDE CUISINE AMOVIBLE ROUND\">\n<article class=\"post post-74209 dt_portfolio type-dt_portfolio status-publish has-post-thumbnail hentry dt_portfolio_category-griferia-fr dt_portfolio_category-robinets-de-cuisine dt_portfolio_category-117 dt_portfolio_category-238 bg-on\">\n\n\t<div class=\"project-list-media\">\n\t<figure class=\"buttons-on-img forward-post\">\n\t\t<a href=\"https:\/\/gmelorente.com\/fr\/producto\/grifo-cano-alto-para-cocina-cassio-cromo-gme-5\/\" class=\"alignnone rollover layzr-bg\" title=\"ROUND-CROMO-EXTRAIBLE-AMBIENTE\"  aria-label=\"Post image\"><img decoding=\"async\" class=\"preload-me iso-lazy-load aspect\" src=\"data:image\/svg+xml,%3Csvg%20xmlns%3D&#39;http%3A%2F%2Fwww.w3.org%2F2000%2Fsvg&#39;%20viewBox%3D&#39;0%200%20750%20750&#39;%2F%3E\" data-src=\"https:\/\/gmelorente.com\/wp-content\/uploads\/ROUND-CROMO-EXTRAIBLE-AMBIENTE.jpg\" data-srcset=\"https:\/\/gmelorente.com\/wp-content\/uploads\/ROUND-CROMO-EXTRAIBLE-AMBIENTE.jpg 750w\" loading=\"eager\" style=\"--ratio: 750 \/ 750\" sizes=\"(max-width: 750px) 100vw, 750px\" alt=\"\" width=\"750\" height=\"750\"  \/><\/a>\t\t\t<\/figure>\n<\/div>\n<div class=\"project-list-content\">\n\t<h3 class=\"entry-title\"><a href=\"https:\/\/gmelorente.com\/fr\/producto\/grifo-cano-alto-para-cocina-cassio-cromo-gme-5\/\" title=\"MONOCOMMANDE CUISINE AMOVIBLE ROUND\" rel=\"bookmark\">MONOCOMMANDE CUISINE AMOVIBLE ROUND<\/a><\/h3><p>Cartouche c\u00e9ramique 40 mm<\/p>\n<\/div>\n<\/article>\n\n<\/div>\n<div class=\"wf-cell category-117 category-238\" data-post-id=\"74237\" data-date=\"2020-11-26T17:20:49+01:00\" data-name=\"MONOCOMMANDE CUISINE DIOR\">\n<article class=\"post post-74237 dt_portfolio type-dt_portfolio status-publish has-post-thumbnail hentry dt_portfolio_category-griferia-fr dt_portfolio_category-robinets-de-cuisine dt_portfolio_category-117 dt_portfolio_category-238 bg-on\">\n\n\t<div class=\"project-list-media\">\n\t<figure class=\"buttons-on-img forward-post\">\n\t\t<a href=\"https:\/\/gmelorente.com\/fr\/producto\/grifo-de-cocina-dior-cromo-gme\/\" class=\"alignnone rollover layzr-bg\" title=\"DIOR-CROMO-AMBIENTE\"  aria-label=\"Post image\"><img decoding=\"async\" class=\"preload-me iso-lazy-load aspect\" src=\"data:image\/svg+xml,%3Csvg%20xmlns%3D&#39;http%3A%2F%2Fwww.w3.org%2F2000%2Fsvg&#39;%20viewBox%3D&#39;0%200%20750%20750&#39;%2F%3E\" data-src=\"https:\/\/gmelorente.com\/wp-content\/uploads\/DIOR-CROMO-AMBIENTE.jpg\" data-srcset=\"https:\/\/gmelorente.com\/wp-content\/uploads\/DIOR-CROMO-AMBIENTE.jpg 750w\" loading=\"eager\" style=\"--ratio: 750 \/ 750\" sizes=\"(max-width: 750px) 100vw, 750px\" alt=\"\" width=\"750\" height=\"750\"  \/><\/a>\t\t\t<\/figure>\n<\/div>\n<div class=\"project-list-content\">\n\t<h3 class=\"entry-title\"><a href=\"https:\/\/gmelorente.com\/fr\/producto\/grifo-de-cocina-dior-cromo-gme\/\" title=\"MONOCOMMANDE CUISINE DIOR\" rel=\"bookmark\">MONOCOMMANDE CUISINE DIOR<\/a><\/h3><p>A\u00e9rateur cascade<\/p>\n<\/div>\n<\/article>\n\n<\/div>\n<div class=\"wf-cell category-117 category-238\" data-post-id=\"74218\" data-date=\"2020-11-26T17:03:12+01:00\" data-name=\"MONOCOMMANDE CUISINE QUADRA\">\n<article class=\"post post-74218 dt_portfolio type-dt_portfolio status-publish has-post-thumbnail hentry dt_portfolio_category-griferia-fr dt_portfolio_category-robinets-de-cuisine dt_portfolio_category-117 dt_portfolio_category-238 bg-on\">\n\n\t<div class=\"project-list-media\">\n\t<figure class=\"buttons-on-img forward-post\">\n\t\t<a href=\"https:\/\/gmelorente.com\/fr\/producto\/grifo-cano-alto-para-cocina-cassio-cromo-gme-4\/\" class=\"alignnone rollover layzr-bg\" title=\"QUADRA-CROMO-AMBIENTE\"  aria-label=\"Post image\"><img decoding=\"async\" class=\"preload-me iso-lazy-load aspect\" src=\"data:image\/svg+xml,%3Csvg%20xmlns%3D&#39;http%3A%2F%2Fwww.w3.org%2F2000%2Fsvg&#39;%20viewBox%3D&#39;0%200%20750%20750&#39;%2F%3E\" data-src=\"https:\/\/gmelorente.com\/wp-content\/uploads\/QUADRA-CROMO-AMBIENTE-1.jpg\" data-srcset=\"https:\/\/gmelorente.com\/wp-content\/uploads\/QUADRA-CROMO-AMBIENTE-1.jpg 750w\" loading=\"eager\" style=\"--ratio: 750 \/ 750\" sizes=\"(max-width: 750px) 100vw, 750px\" alt=\"\" width=\"750\" height=\"750\"  \/><\/a>\t\t\t<\/figure>\n<\/div>\n<div class=\"project-list-content\">\n\t<h3 class=\"entry-title\"><a href=\"https:\/\/gmelorente.com\/fr\/producto\/grifo-cano-alto-para-cocina-cassio-cromo-gme-4\/\" title=\"MONOCOMMANDE CUISINE QUADRA\" rel=\"bookmark\">MONOCOMMANDE CUISINE QUADRA<\/a><\/h3><p>Cartouche c\u00e9ramique Neoperl<\/p>\n<\/div>\n<\/article>\n\n<\/div>\n<div class=\"wf-cell category-117 category-238\" data-post-id=\"74224\" data-date=\"2020-11-26T17:07:45+01:00\" data-name=\"MONOCOMMANDE CUISINE ROUND\">\n<article class=\"post post-74224 dt_portfolio type-dt_portfolio status-publish has-post-thumbnail hentry dt_portfolio_category-griferia-fr dt_portfolio_category-robinets-de-cuisine dt_portfolio_category-117 dt_portfolio_category-238 bg-on\">\n\n\t<div class=\"project-list-media\">\n\t<figure class=\"buttons-on-img forward-post\">\n\t\t<a href=\"https:\/\/gmelorente.com\/fr\/producto\/grifo-cano-alto-para-cocina-cassio-cromo-gme-3\/\" class=\"alignnone rollover layzr-bg\" title=\"ROUND-CROMO-AMBIENTE\"  aria-label=\"Post image\"><img decoding=\"async\" class=\"preload-me iso-lazy-load aspect\" src=\"data:image\/svg+xml,%3Csvg%20xmlns%3D&#39;http%3A%2F%2Fwww.w3.org%2F2000%2Fsvg&#39;%20viewBox%3D&#39;0%200%20750%20750&#39;%2F%3E\" data-src=\"https:\/\/gmelorente.com\/wp-content\/uploads\/ROUND-CROMO-AMBIENTE.jpg\" data-srcset=\"https:\/\/gmelorente.com\/wp-content\/uploads\/ROUND-CROMO-AMBIENTE.jpg 750w\" loading=\"eager\" style=\"--ratio: 750 \/ 750\" sizes=\"(max-width: 750px) 100vw, 750px\" alt=\"\" width=\"750\" height=\"750\"  \/><\/a>\t\t\t<\/figure>\n<\/div>\n<div class=\"project-list-content\">\n\t<h3 class=\"entry-title\"><a href=\"https:\/\/gmelorente.com\/fr\/producto\/grifo-cano-alto-para-cocina-cassio-cromo-gme-3\/\" title=\"MONOCOMMANDE CUISINE ROUND\" rel=\"bookmark\">MONOCOMMANDE CUISINE ROUND<\/a><\/h3><p>Cartouche c\u00e9ramique 35 mm<\/p>\n<\/div>\n<\/article>\n\n<\/div>\n<div class=\"wf-cell category-117 category-238\" data-post-id=\"74230\" data-date=\"2020-11-26T17:15:10+01:00\" data-name=\"MONOCOMMANDE CUISINE SILVER\">\n<article class=\"post post-74230 dt_portfolio type-dt_portfolio status-publish has-post-thumbnail hentry dt_portfolio_category-griferia-fr dt_portfolio_category-robinets-de-cuisine dt_portfolio_category-117 dt_portfolio_category-238 bg-on\">\n\n\t<div class=\"project-list-media\">\n\t<figure class=\"buttons-on-img forward-post\">\n\t\t<a href=\"https:\/\/gmelorente.com\/fr\/producto\/grifo-cano-alto-para-cocina-cassio-cromo-gme-2\/\" class=\"alignnone rollover layzr-bg\" title=\"SILVER-CROMO-AMBIENTE\"  aria-label=\"Post image\"><img decoding=\"async\" class=\"preload-me iso-lazy-load aspect\" src=\"data:image\/svg+xml,%3Csvg%20xmlns%3D&#39;http%3A%2F%2Fwww.w3.org%2F2000%2Fsvg&#39;%20viewBox%3D&#39;0%200%20750%20750&#39;%2F%3E\" data-src=\"https:\/\/gmelorente.com\/wp-content\/uploads\/SILVER-CROMO-AMBIENTE.jpg\" data-srcset=\"https:\/\/gmelorente.com\/wp-content\/uploads\/SILVER-CROMO-AMBIENTE.jpg 750w\" loading=\"eager\" style=\"--ratio: 750 \/ 750\" sizes=\"(max-width: 750px) 100vw, 750px\" alt=\"\" width=\"750\" height=\"750\"  \/><\/a>\t\t\t<\/figure>\n<\/div>\n<div class=\"project-list-content\">\n\t<h3 class=\"entry-title\"><a href=\"https:\/\/gmelorente.com\/fr\/producto\/grifo-cano-alto-para-cocina-cassio-cromo-gme-2\/\" title=\"MONOCOMMANDE CUISINE SILVER\" rel=\"bookmark\">MONOCOMMANDE CUISINE SILVER<\/a><\/h3><p>Cartouche c\u00e9ramique 35 mm<\/p>\n<\/div>\n<\/article>\n\n<\/div><\/div><\/div>[\/vc_column][\/vc_row]<\/p>\n","protected":false},"excerpt":{"rendered":"<p>[vc_row][vc_column][vc_column_text]Vous cherchez un robinet de cuisine de qualit\u00e9 ? Chez GME, nous proposons une vari\u00e9t\u00e9 d&rsquo;options de robinets de cuisine de qualit\u00e9 sous notre marque d\u00e9pos\u00e9e europ\u00e9enne, IO\u00ae. Les produits peuvent \u00eatre vus plus en d\u00e9tail dans notre catalogue de robinets IO\u00ae. Tous les robinets sont conformes \u00e0 la r\u00e9glementation europ\u00e9enne et ont pass\u00e9 les&hellip;<\/p>\n","protected":false},"author":1,"featured_media":0,"parent":43078,"menu_order":0,"comment_status":"closed","ping_status":"closed","template":"","meta":{"footnotes":""},"class_list":["post-74761","page","type-page","status-publish","hentry","description-off"],"yoast_head":"<!-- This site is optimized with the Yoast SEO plugin v27.3 - https:\/\/yoast.com\/product\/yoast-seo-wordpress\/ -->\n<title>Grifer\u00eda de cocina de calidad IO\u00ae by GME - GME Mamparas y Ba\u00f1o<\/title>\n<meta name=\"description\" content=\"Grifer\u00eda de cocina de calidad de GME. Grifos de lavabo, bidet, ba\u00f1era y ducha. Columas y duchas. Rociadores y empotrables. Todo con garant\u00eda de 3 a\u00f1os.\" \/>\n<meta name=\"robots\" content=\"index, follow, max-snippet:-1, max-image-preview:large, max-video-preview:-1\" \/>\n<link rel=\"canonical\" href=\"https:\/\/gmelorente.com\/fr\/productos\/griferia-de-cocina\/\" \/>\n<meta property=\"og:locale\" content=\"fr_FR\" \/>\n<meta property=\"og:type\" content=\"article\" \/>\n<meta property=\"og:title\" content=\"Grifer\u00eda de cocina de calidad IO\u00ae by GME - GME Mamparas y Ba\u00f1o\" \/>\n<meta property=\"og:description\" content=\"Grifer\u00eda de cocina de calidad de GME. Grifos de lavabo, bidet, ba\u00f1era y ducha. Columas y duchas. Rociadores y empotrables. Todo con garant\u00eda de 3 a\u00f1os.\" \/>\n<meta property=\"og:url\" content=\"https:\/\/gmelorente.com\/fr\/productos\/griferia-de-cocina\/\" \/>\n<meta property=\"og:site_name\" content=\"GME DIVISI\u00d3N BA\u00d1OS\" \/>\n<meta property=\"article:publisher\" content=\"https:\/\/www.facebook.com\/gmedivision\/?fref=ts\" \/>\n<meta property=\"article:modified_time\" content=\"2021-06-03T07:10:10+00:00\" \/>\n<meta name=\"twitter:card\" content=\"summary_large_image\" \/>\n<meta name=\"twitter:label1\" content=\"Dur\u00e9e de lecture estim\u00e9e\" \/>\n\t<meta name=\"twitter:data1\" content=\"1 minute\" \/>\n<script type=\"application\/ld+json\" class=\"yoast-schema-graph\">{\"@context\":\"https:\\\/\\\/schema.org\",\"@graph\":[{\"@type\":\"WebPage\",\"@id\":\"https:\\\/\\\/gmelorente.com\\\/fr\\\/productos\\\/griferia-de-cocina\\\/\",\"url\":\"https:\\\/\\\/gmelorente.com\\\/fr\\\/productos\\\/griferia-de-cocina\\\/\",\"name\":\"Grifer\u00eda de cocina de calidad IO\u00ae by GME - GME Mamparas y Ba\u00f1o\",\"isPartOf\":{\"@id\":\"https:\\\/\\\/gmelorente.com\\\/#website\"},\"datePublished\":\"2020-09-28T17:50:47+00:00\",\"dateModified\":\"2021-06-03T07:10:10+00:00\",\"description\":\"Grifer\u00eda de cocina de calidad de GME. Grifos de lavabo, bidet, ba\u00f1era y ducha. Columas y duchas. Rociadores y empotrables. Todo con garant\u00eda de 3 a\u00f1os.\",\"breadcrumb\":{\"@id\":\"https:\\\/\\\/gmelorente.com\\\/fr\\\/productos\\\/griferia-de-cocina\\\/#breadcrumb\"},\"inLanguage\":\"fr-FR\",\"potentialAction\":[{\"@type\":\"ReadAction\",\"target\":[\"https:\\\/\\\/gmelorente.com\\\/fr\\\/productos\\\/griferia-de-cocina\\\/\"]}]},{\"@type\":\"BreadcrumbList\",\"@id\":\"https:\\\/\\\/gmelorente.com\\\/fr\\\/productos\\\/griferia-de-cocina\\\/#breadcrumb\",\"itemListElement\":[{\"@type\":\"ListItem\",\"position\":1,\"name\":\"Home\",\"item\":\"https:\\\/\\\/gmelorente.com\\\/fr\\\/\"},{\"@type\":\"ListItem\",\"position\":2,\"name\":\"Produits\",\"item\":\"https:\\\/\\\/gmelorente.com\\\/fr\\\/productos\\\/\"},{\"@type\":\"ListItem\",\"position\":3,\"name\":\"Robinetterie de cuisine\"}]},{\"@type\":\"WebSite\",\"@id\":\"https:\\\/\\\/gmelorente.com\\\/#website\",\"url\":\"https:\\\/\\\/gmelorente.com\\\/\",\"name\":\"GME DIVISI\u00d3N BA\u00d1OS\",\"description\":\"Mamparas de ducha y mucho m\u00e1s\",\"publisher\":{\"@id\":\"https:\\\/\\\/gmelorente.com\\\/#organization\"},\"potentialAction\":[{\"@type\":\"SearchAction\",\"target\":{\"@type\":\"EntryPoint\",\"urlTemplate\":\"https:\\\/\\\/gmelorente.com\\\/?s={search_term_string}\"},\"query-input\":{\"@type\":\"PropertyValueSpecification\",\"valueRequired\":true,\"valueName\":\"search_term_string\"}}],\"inLanguage\":\"fr-FR\"},{\"@type\":\"Organization\",\"@id\":\"https:\\\/\\\/gmelorente.com\\\/#organization\",\"name\":\"GME DIVISI\u00d3N BA\u00d1OS S.L.\",\"url\":\"https:\\\/\\\/gmelorente.com\\\/\",\"logo\":{\"@type\":\"ImageObject\",\"inLanguage\":\"fr-FR\",\"@id\":\"https:\\\/\\\/gmelorente.com\\\/#\\\/schema\\\/logo\\\/image\\\/\",\"url\":\"https:\\\/\\\/gmelorente.com\\\/wp-content\\\/uploads\\\/logo-gme-azul.jpg\",\"contentUrl\":\"https:\\\/\\\/gmelorente.com\\\/wp-content\\\/uploads\\\/logo-gme-azul.jpg\",\"width\":810,\"height\":298,\"caption\":\"GME DIVISI\u00d3N BA\u00d1OS S.L.\"},\"image\":{\"@id\":\"https:\\\/\\\/gmelorente.com\\\/#\\\/schema\\\/logo\\\/image\\\/\"},\"sameAs\":[\"https:\\\/\\\/www.facebook.com\\\/gmedivision\\\/?fref=ts\",\"https:\\\/\\\/es.pinterest.com\\\/gmedivision\\\/?eq=gme&amp;etslf=14997\"]}]}<\/script>\n<!-- \/ Yoast SEO plugin. -->","yoast_head_json":{"title":"Grifer\u00eda de cocina de calidad IO\u00ae by GME - GME Mamparas y Ba\u00f1o","description":"Grifer\u00eda de cocina de calidad de GME. Grifos de lavabo, bidet, ba\u00f1era y ducha. Columas y duchas. Rociadores y empotrables. Todo con garant\u00eda de 3 a\u00f1os.","robots":{"index":"index","follow":"follow","max-snippet":"max-snippet:-1","max-image-preview":"max-image-preview:large","max-video-preview":"max-video-preview:-1"},"canonical":"https:\/\/gmelorente.com\/fr\/productos\/griferia-de-cocina\/","og_locale":"fr_FR","og_type":"article","og_title":"Grifer\u00eda de cocina de calidad IO\u00ae by GME - GME Mamparas y Ba\u00f1o","og_description":"Grifer\u00eda de cocina de calidad de GME. Grifos de lavabo, bidet, ba\u00f1era y ducha. Columas y duchas. Rociadores y empotrables. Todo con garant\u00eda de 3 a\u00f1os.","og_url":"https:\/\/gmelorente.com\/fr\/productos\/griferia-de-cocina\/","og_site_name":"GME DIVISI\u00d3N BA\u00d1OS","article_publisher":"https:\/\/www.facebook.com\/gmedivision\/?fref=ts","article_modified_time":"2021-06-03T07:10:10+00:00","twitter_card":"summary_large_image","twitter_misc":{"Dur\u00e9e de lecture estim\u00e9e":"1 minute"},"schema":{"@context":"https:\/\/schema.org","@graph":[{"@type":"WebPage","@id":"https:\/\/gmelorente.com\/fr\/productos\/griferia-de-cocina\/","url":"https:\/\/gmelorente.com\/fr\/productos\/griferia-de-cocina\/","name":"Grifer\u00eda de cocina de calidad IO\u00ae by GME - GME Mamparas y Ba\u00f1o","isPartOf":{"@id":"https:\/\/gmelorente.com\/#website"},"datePublished":"2020-09-28T17:50:47+00:00","dateModified":"2021-06-03T07:10:10+00:00","description":"Grifer\u00eda de cocina de calidad de GME. Grifos de lavabo, bidet, ba\u00f1era y ducha. Columas y duchas. Rociadores y empotrables. Todo con garant\u00eda de 3 a\u00f1os.","breadcrumb":{"@id":"https:\/\/gmelorente.com\/fr\/productos\/griferia-de-cocina\/#breadcrumb"},"inLanguage":"fr-FR","potentialAction":[{"@type":"ReadAction","target":["https:\/\/gmelorente.com\/fr\/productos\/griferia-de-cocina\/"]}]},{"@type":"BreadcrumbList","@id":"https:\/\/gmelorente.com\/fr\/productos\/griferia-de-cocina\/#breadcrumb","itemListElement":[{"@type":"ListItem","position":1,"name":"Home","item":"https:\/\/gmelorente.com\/fr\/"},{"@type":"ListItem","position":2,"name":"Produits","item":"https:\/\/gmelorente.com\/fr\/productos\/"},{"@type":"ListItem","position":3,"name":"Robinetterie de cuisine"}]},{"@type":"WebSite","@id":"https:\/\/gmelorente.com\/#website","url":"https:\/\/gmelorente.com\/","name":"GME DIVISI\u00d3N BA\u00d1OS","description":"Mamparas de ducha y mucho m\u00e1s","publisher":{"@id":"https:\/\/gmelorente.com\/#organization"},"potentialAction":[{"@type":"SearchAction","target":{"@type":"EntryPoint","urlTemplate":"https:\/\/gmelorente.com\/?s={search_term_string}"},"query-input":{"@type":"PropertyValueSpecification","valueRequired":true,"valueName":"search_term_string"}}],"inLanguage":"fr-FR"},{"@type":"Organization","@id":"https:\/\/gmelorente.com\/#organization","name":"GME DIVISI\u00d3N BA\u00d1OS S.L.","url":"https:\/\/gmelorente.com\/","logo":{"@type":"ImageObject","inLanguage":"fr-FR","@id":"https:\/\/gmelorente.com\/#\/schema\/logo\/image\/","url":"https:\/\/gmelorente.com\/wp-content\/uploads\/logo-gme-azul.jpg","contentUrl":"https:\/\/gmelorente.com\/wp-content\/uploads\/logo-gme-azul.jpg","width":810,"height":298,"caption":"GME DIVISI\u00d3N BA\u00d1OS S.L."},"image":{"@id":"https:\/\/gmelorente.com\/#\/schema\/logo\/image\/"},"sameAs":["https:\/\/www.facebook.com\/gmedivision\/?fref=ts","https:\/\/es.pinterest.com\/gmedivision\/?eq=gme&amp;etslf=14997"]}]}},"_links":{"self":[{"href":"https:\/\/gmelorente.com\/fr\/wp-json\/wp\/v2\/pages\/74761","targetHints":{"allow":["GET"]}}],"collection":[{"href":"https:\/\/gmelorente.com\/fr\/wp-json\/wp\/v2\/pages"}],"about":[{"href":"https:\/\/gmelorente.com\/fr\/wp-json\/wp\/v2\/types\/page"}],"author":[{"embeddable":true,"href":"https:\/\/gmelorente.com\/fr\/wp-json\/wp\/v2\/users\/1"}],"replies":[{"embeddable":true,"href":"https:\/\/gmelorente.com\/fr\/wp-json\/wp\/v2\/comments?post=74761"}],"version-history":[{"count":2,"href":"https:\/\/gmelorente.com\/fr\/wp-json\/wp\/v2\/pages\/74761\/revisions"}],"predecessor-version":[{"id":78970,"href":"https:\/\/gmelorente.com\/fr\/wp-json\/wp\/v2\/pages\/74761\/revisions\/78970"}],"up":[{"embeddable":true,"href":"https:\/\/gmelorente.com\/fr\/wp-json\/wp\/v2\/pages\/43078"}],"wp:attachment":[{"href":"https:\/\/gmelorente.com\/fr\/wp-json\/wp\/v2\/media?parent=74761"}],"curies":[{"name":"wp","href":"https:\/\/api.w.org\/{rel}","templated":true}]}}