{"id":43002,"date":"2015-11-04T03:09:41","date_gmt":"2015-11-04T01:09:41","guid":{"rendered":"https:\/\/gmelorente.com\/it\/asesor-virtual\/mamparas-de-banera\/"},"modified":"2016-02-28T20:55:31","modified_gmt":"2016-02-28T19:55:31","slug":"mamparas-de-banera","status":"publish","type":"page","link":"https:\/\/gmelorente.com\/it\/asesor-virtual\/mamparas-de-banera\/","title":{"rendered":"Cabina vasca da bagno"},"content":{"rendered":"<p>[vc_row][vc_column css=&#8221;.vc_custom_1440689072377{margin-bottom: 30px !important;}&#8221;][vc_column_text]<\/p>\n<h3 style=\"text-align: center;\">Che formato di cabina vasca da bagno ti serve?<\/h3>\n<p>[\/vc_column_text][\/vc_column][\/vc_row][vc_row][vc_column width=&#8221;1\/2&#8243;][vc_column_text]<a href=\"https:\/\/gmelorente.com\/it\/asesor-virtual\/mamparas-de-banera\/frontales-de-banera\/\"><img loading=\"lazy\" decoding=\"async\" class=\"aligncenter wp-image-38255 size-full\" title=\"mamparas de ba\u00f1era aktual\" src=\"https:\/\/gmelorente.com\/wp-content\/uploads\/asesor-mamparas-banyera-frontal.jpg\" alt=\"asesor-mamparas-banyera-frontal\" width=\"400\" height=\"500\" \/><\/a><\/p>\n<h3 style=\"text-align: center;\">Frontale per vasca da bagno<\/h3>\n<p>[\/vc_column_text][\/vc_column][vc_column width=&#8221;1\/2&#8243;][vc_column_text]<a href=\"https:\/\/gmelorente.com\/it\/asesor-virtual\/mamparas-de-banera\/paneles-de-banera\/\"><img loading=\"lazy\" decoding=\"async\" class=\"aligncenter wp-image-37028\" title=\"panel de ba\u00f1era open trazos\" src=\"https:\/\/gmelorente.com\/wp-content\/uploads\/OPEN-1-FROST.jpg\" alt=\"panel de ba\u00f1era open trazos\" width=\"400\" height=\"644\" \/><\/a><\/p>\n<h3 style=\"text-align: center;\">Pannello per vasca da bagno<\/h3>\n<p>[\/vc_column_text][\/vc_column][\/vc_row]<\/p>\n","protected":false},"excerpt":{"rendered":"<p>[vc_row][vc_column css=&#8221;.vc_custom_1440689072377{margin-bottom: 30px !important;}&#8221;][vc_column_text] Che formato di cabina vasca da bagno ti serve? [\/vc_column_text][\/vc_column][\/vc_row][vc_row][vc_column width=&#8221;1\/2&#8243;][vc_column_text] Frontale per vasca da bagno [\/vc_column_text][\/vc_column][vc_column width=&#8221;1\/2&#8243;][vc_column_text] Pannello per vasca da bagno [\/vc_column_text][\/vc_column][\/vc_row]<\/p>\n","protected":false},"author":1,"featured_media":0,"parent":42999,"menu_order":0,"comment_status":"closed","ping_status":"closed","template":"","meta":{"footnotes":""},"class_list":["post-43002","page","type-page","status-publish","hentry","description-off"],"yoast_head":"<!-- This site is optimized with the Yoast SEO plugin v27.4 - https:\/\/yoast.com\/product\/yoast-seo-wordpress\/ -->\n<title>Fabricante de mamparas para ba\u00f1era - GME<\/title>\n<meta name=\"description\" content=\"Mamparas de ba\u00f1era con cristales templados en transparente o con decorados. Perfiler\u00eda en aluminio cromo. Servicio de entrega inmediata y garant\u00eda de 3 a\u00f1os\" \/>\n<meta name=\"robots\" content=\"index, follow, max-snippet:-1, max-image-preview:large, max-video-preview:-1\" \/>\n<link rel=\"canonical\" href=\"https:\/\/gmelorente.com\/it\/asesor-virtual\/mamparas-de-banera\/\" \/>\n<meta property=\"og:locale\" content=\"it_IT\" \/>\n<meta property=\"og:type\" content=\"article\" \/>\n<meta property=\"og:title\" content=\"Fabricante de mamparas para ba\u00f1era - GME\" \/>\n<meta property=\"og:description\" content=\"Mamparas de ba\u00f1era con cristales templados en transparente o con decorados. Perfiler\u00eda en aluminio cromo. Servicio de entrega inmediata y garant\u00eda de 3 a\u00f1os\" \/>\n<meta property=\"og:url\" content=\"https:\/\/gmelorente.com\/it\/asesor-virtual\/mamparas-de-banera\/\" \/>\n<meta property=\"og:site_name\" content=\"GME DIVISI\u00d3N BA\u00d1OS\" \/>\n<meta property=\"article:publisher\" content=\"https:\/\/www.facebook.com\/gmedivision\/?fref=ts\" \/>\n<meta property=\"article:modified_time\" content=\"2016-02-28T19:55:31+00:00\" \/>\n<meta property=\"og:image\" content=\"https:\/\/gmelorente.com\/wp-content\/uploads\/asesor-mamparas-banyera-frontal.jpg\" \/>\n<meta name=\"twitter:card\" content=\"summary_large_image\" \/>\n<script type=\"application\/ld+json\" class=\"yoast-schema-graph\">{\"@context\":\"https:\\\/\\\/schema.org\",\"@graph\":[{\"@type\":\"WebPage\",\"@id\":\"https:\\\/\\\/gmelorente.com\\\/it\\\/asesor-virtual\\\/mamparas-de-banera\\\/\",\"url\":\"https:\\\/\\\/gmelorente.com\\\/it\\\/asesor-virtual\\\/mamparas-de-banera\\\/\",\"name\":\"Fabricante de mamparas para ba\u00f1era - GME\",\"isPartOf\":{\"@id\":\"https:\\\/\\\/gmelorente.com\\\/#website\"},\"primaryImageOfPage\":{\"@id\":\"https:\\\/\\\/gmelorente.com\\\/it\\\/asesor-virtual\\\/mamparas-de-banera\\\/#primaryimage\"},\"image\":{\"@id\":\"https:\\\/\\\/gmelorente.com\\\/it\\\/asesor-virtual\\\/mamparas-de-banera\\\/#primaryimage\"},\"thumbnailUrl\":\"https:\\\/\\\/gmelorente.com\\\/wp-content\\\/uploads\\\/asesor-mamparas-banyera-frontal.jpg\",\"datePublished\":\"2015-11-04T01:09:41+00:00\",\"dateModified\":\"2016-02-28T19:55:31+00:00\",\"description\":\"Mamparas de ba\u00f1era con cristales templados en transparente o con decorados. Perfiler\u00eda en aluminio cromo. Servicio de entrega inmediata y garant\u00eda de 3 a\u00f1os\",\"breadcrumb\":{\"@id\":\"https:\\\/\\\/gmelorente.com\\\/it\\\/asesor-virtual\\\/mamparas-de-banera\\\/#breadcrumb\"},\"inLanguage\":\"it-IT\",\"potentialAction\":[{\"@type\":\"ReadAction\",\"target\":[\"https:\\\/\\\/gmelorente.com\\\/it\\\/asesor-virtual\\\/mamparas-de-banera\\\/\"]}]},{\"@type\":\"ImageObject\",\"inLanguage\":\"it-IT\",\"@id\":\"https:\\\/\\\/gmelorente.com\\\/it\\\/asesor-virtual\\\/mamparas-de-banera\\\/#primaryimage\",\"url\":\"https:\\\/\\\/gmelorente.com\\\/wp-content\\\/uploads\\\/asesor-mamparas-banyera-frontal.jpg\",\"contentUrl\":\"https:\\\/\\\/gmelorente.com\\\/wp-content\\\/uploads\\\/asesor-mamparas-banyera-frontal.jpg\"},{\"@type\":\"BreadcrumbList\",\"@id\":\"https:\\\/\\\/gmelorente.com\\\/it\\\/asesor-virtual\\\/mamparas-de-banera\\\/#breadcrumb\",\"itemListElement\":[{\"@type\":\"ListItem\",\"position\":1,\"name\":\"Home\",\"item\":\"https:\\\/\\\/gmelorente.com\\\/it\\\/\"},{\"@type\":\"ListItem\",\"position\":2,\"name\":\"Consigliere di cabine\",\"item\":\"https:\\\/\\\/gmelorente.com\\\/it\\\/asesor-virtual\\\/\"},{\"@type\":\"ListItem\",\"position\":3,\"name\":\"Cabina vasca da bagno\"}]},{\"@type\":\"WebSite\",\"@id\":\"https:\\\/\\\/gmelorente.com\\\/#website\",\"url\":\"https:\\\/\\\/gmelorente.com\\\/\",\"name\":\"GME DIVISI\u00d3N BA\u00d1OS\",\"description\":\"Mamparas de ducha y mucho m\u00e1s\",\"publisher\":{\"@id\":\"https:\\\/\\\/gmelorente.com\\\/#organization\"},\"potentialAction\":[{\"@type\":\"SearchAction\",\"target\":{\"@type\":\"EntryPoint\",\"urlTemplate\":\"https:\\\/\\\/gmelorente.com\\\/?s={search_term_string}\"},\"query-input\":{\"@type\":\"PropertyValueSpecification\",\"valueRequired\":true,\"valueName\":\"search_term_string\"}}],\"inLanguage\":\"it-IT\"},{\"@type\":\"Organization\",\"@id\":\"https:\\\/\\\/gmelorente.com\\\/#organization\",\"name\":\"GME DIVISI\u00d3N BA\u00d1OS S.L.\",\"url\":\"https:\\\/\\\/gmelorente.com\\\/\",\"logo\":{\"@type\":\"ImageObject\",\"inLanguage\":\"it-IT\",\"@id\":\"https:\\\/\\\/gmelorente.com\\\/#\\\/schema\\\/logo\\\/image\\\/\",\"url\":\"https:\\\/\\\/gmelorente.com\\\/wp-content\\\/uploads\\\/logo-gme-azul.jpg\",\"contentUrl\":\"https:\\\/\\\/gmelorente.com\\\/wp-content\\\/uploads\\\/logo-gme-azul.jpg\",\"width\":810,\"height\":298,\"caption\":\"GME DIVISI\u00d3N BA\u00d1OS S.L.\"},\"image\":{\"@id\":\"https:\\\/\\\/gmelorente.com\\\/#\\\/schema\\\/logo\\\/image\\\/\"},\"sameAs\":[\"https:\\\/\\\/www.facebook.com\\\/gmedivision\\\/?fref=ts\",\"https:\\\/\\\/es.pinterest.com\\\/gmedivision\\\/?eq=gme&amp;etslf=14997\"]}]}<\/script>\n<!-- \/ Yoast SEO plugin. -->","yoast_head_json":{"title":"Fabricante de mamparas para ba\u00f1era - GME","description":"Mamparas de ba\u00f1era con cristales templados en transparente o con decorados. Perfiler\u00eda en aluminio cromo. Servicio de entrega inmediata y garant\u00eda de 3 a\u00f1os","robots":{"index":"index","follow":"follow","max-snippet":"max-snippet:-1","max-image-preview":"max-image-preview:large","max-video-preview":"max-video-preview:-1"},"canonical":"https:\/\/gmelorente.com\/it\/asesor-virtual\/mamparas-de-banera\/","og_locale":"it_IT","og_type":"article","og_title":"Fabricante de mamparas para ba\u00f1era - GME","og_description":"Mamparas de ba\u00f1era con cristales templados en transparente o con decorados. Perfiler\u00eda en aluminio cromo. Servicio de entrega inmediata y garant\u00eda de 3 a\u00f1os","og_url":"https:\/\/gmelorente.com\/it\/asesor-virtual\/mamparas-de-banera\/","og_site_name":"GME DIVISI\u00d3N BA\u00d1OS","article_publisher":"https:\/\/www.facebook.com\/gmedivision\/?fref=ts","article_modified_time":"2016-02-28T19:55:31+00:00","og_image":[{"url":"https:\/\/gmelorente.com\/wp-content\/uploads\/asesor-mamparas-banyera-frontal.jpg","type":"","width":"","height":""}],"twitter_card":"summary_large_image","schema":{"@context":"https:\/\/schema.org","@graph":[{"@type":"WebPage","@id":"https:\/\/gmelorente.com\/it\/asesor-virtual\/mamparas-de-banera\/","url":"https:\/\/gmelorente.com\/it\/asesor-virtual\/mamparas-de-banera\/","name":"Fabricante de mamparas para ba\u00f1era - GME","isPartOf":{"@id":"https:\/\/gmelorente.com\/#website"},"primaryImageOfPage":{"@id":"https:\/\/gmelorente.com\/it\/asesor-virtual\/mamparas-de-banera\/#primaryimage"},"image":{"@id":"https:\/\/gmelorente.com\/it\/asesor-virtual\/mamparas-de-banera\/#primaryimage"},"thumbnailUrl":"https:\/\/gmelorente.com\/wp-content\/uploads\/asesor-mamparas-banyera-frontal.jpg","datePublished":"2015-11-04T01:09:41+00:00","dateModified":"2016-02-28T19:55:31+00:00","description":"Mamparas de ba\u00f1era con cristales templados en transparente o con decorados. Perfiler\u00eda en aluminio cromo. Servicio de entrega inmediata y garant\u00eda de 3 a\u00f1os","breadcrumb":{"@id":"https:\/\/gmelorente.com\/it\/asesor-virtual\/mamparas-de-banera\/#breadcrumb"},"inLanguage":"it-IT","potentialAction":[{"@type":"ReadAction","target":["https:\/\/gmelorente.com\/it\/asesor-virtual\/mamparas-de-banera\/"]}]},{"@type":"ImageObject","inLanguage":"it-IT","@id":"https:\/\/gmelorente.com\/it\/asesor-virtual\/mamparas-de-banera\/#primaryimage","url":"https:\/\/gmelorente.com\/wp-content\/uploads\/asesor-mamparas-banyera-frontal.jpg","contentUrl":"https:\/\/gmelorente.com\/wp-content\/uploads\/asesor-mamparas-banyera-frontal.jpg"},{"@type":"BreadcrumbList","@id":"https:\/\/gmelorente.com\/it\/asesor-virtual\/mamparas-de-banera\/#breadcrumb","itemListElement":[{"@type":"ListItem","position":1,"name":"Home","item":"https:\/\/gmelorente.com\/it\/"},{"@type":"ListItem","position":2,"name":"Consigliere di cabine","item":"https:\/\/gmelorente.com\/it\/asesor-virtual\/"},{"@type":"ListItem","position":3,"name":"Cabina vasca da bagno"}]},{"@type":"WebSite","@id":"https:\/\/gmelorente.com\/#website","url":"https:\/\/gmelorente.com\/","name":"GME DIVISI\u00d3N BA\u00d1OS","description":"Mamparas de ducha y mucho m\u00e1s","publisher":{"@id":"https:\/\/gmelorente.com\/#organization"},"potentialAction":[{"@type":"SearchAction","target":{"@type":"EntryPoint","urlTemplate":"https:\/\/gmelorente.com\/?s={search_term_string}"},"query-input":{"@type":"PropertyValueSpecification","valueRequired":true,"valueName":"search_term_string"}}],"inLanguage":"it-IT"},{"@type":"Organization","@id":"https:\/\/gmelorente.com\/#organization","name":"GME DIVISI\u00d3N BA\u00d1OS S.L.","url":"https:\/\/gmelorente.com\/","logo":{"@type":"ImageObject","inLanguage":"it-IT","@id":"https:\/\/gmelorente.com\/#\/schema\/logo\/image\/","url":"https:\/\/gmelorente.com\/wp-content\/uploads\/logo-gme-azul.jpg","contentUrl":"https:\/\/gmelorente.com\/wp-content\/uploads\/logo-gme-azul.jpg","width":810,"height":298,"caption":"GME DIVISI\u00d3N BA\u00d1OS S.L."},"image":{"@id":"https:\/\/gmelorente.com\/#\/schema\/logo\/image\/"},"sameAs":["https:\/\/www.facebook.com\/gmedivision\/?fref=ts","https:\/\/es.pinterest.com\/gmedivision\/?eq=gme&amp;etslf=14997"]}]}},"_links":{"self":[{"href":"https:\/\/gmelorente.com\/it\/wp-json\/wp\/v2\/pages\/43002","targetHints":{"allow":["GET"]}}],"collection":[{"href":"https:\/\/gmelorente.com\/it\/wp-json\/wp\/v2\/pages"}],"about":[{"href":"https:\/\/gmelorente.com\/it\/wp-json\/wp\/v2\/types\/page"}],"author":[{"embeddable":true,"href":"https:\/\/gmelorente.com\/it\/wp-json\/wp\/v2\/users\/1"}],"replies":[{"embeddable":true,"href":"https:\/\/gmelorente.com\/it\/wp-json\/wp\/v2\/comments?post=43002"}],"version-history":[{"count":0,"href":"https:\/\/gmelorente.com\/it\/wp-json\/wp\/v2\/pages\/43002\/revisions"}],"up":[{"embeddable":true,"href":"https:\/\/gmelorente.com\/it\/wp-json\/wp\/v2\/pages\/42999"}],"wp:attachment":[{"href":"https:\/\/gmelorente.com\/it\/wp-json\/wp\/v2\/media?parent=43002"}],"curies":[{"name":"wp","href":"https:\/\/api.w.org\/{rel}","templated":true}]}}