{"id":43005,"date":"2015-11-04T03:06:53","date_gmt":"2015-11-04T01:06:53","guid":{"rendered":"https:\/\/gmelorente.com\/it\/asesor-virtual\/mamparas-de-ducha\/"},"modified":"2016-02-28T21:01:57","modified_gmt":"2016-02-28T20:01:57","slug":"mamparas-de-ducha","status":"publish","type":"page","link":"https:\/\/gmelorente.com\/it\/asesor-virtual\/mamparas-de-ducha\/","title":{"rendered":"Cabina doccia"},"content":{"rendered":"<p>[vc_row][vc_column css=&#8221;.vc_custom_1440689072377{margin-bottom: 30px !important;}&#8221;][vc_column_text]<\/p>\n<h3 style=\"text-align: center;\">Che formato di cabina doccia ti serve?<\/h3>\n<p>[\/vc_column_text][\/vc_column][\/vc_row][vc_row][vc_column width=&#8221;1\/3&#8243;][vc_column_text]<a href=\"https:\/\/gmelorente.com\/it\/asesor-virtual\/mamparas-de-ducha\/frontales-de-ducha\/\"><img loading=\"lazy\" decoding=\"async\" class=\"aligncenter size-full wp-image-38258\" src=\"https:\/\/gmelorente.com\/wp-content\/uploads\/asesor-mamparas-ducha-frontal.jpg\" alt=\"asesor-mamparas-ducha-frontal\" width=\"400\" height=\"500\" srcset=\"https:\/\/gmelorente.com\/wp-content\/uploads\/asesor-mamparas-ducha-frontal.jpg 400w, https:\/\/gmelorente.com\/wp-content\/uploads\/asesor-mamparas-ducha-frontal-240x300.jpg 240w, https:\/\/gmelorente.com\/wp-content\/uploads\/asesor-mamparas-ducha-frontal-16x20.jpg 16w\" sizes=\"auto, (max-width: 400px) 100vw, 400px\" \/><\/a><\/p>\n<h3 style=\"text-align: center;\">Frontale per doccia<\/h3>\n<p>[\/vc_column_text][\/vc_column][vc_column width=&#8221;1\/3&#8243;][vc_column_text]<a href=\"https:\/\/gmelorente.com\/it\/asesor-virtual\/mamparas-de-ducha\/mamparas-angulares\/\"><img loading=\"lazy\" decoding=\"async\" class=\"aligncenter size-full wp-image-38259\" src=\"https:\/\/gmelorente.com\/wp-content\/uploads\/asesor-mamparas-ducha-angular.jpg\" alt=\"asesor-mamparas-ducha-angular\" width=\"400\" height=\"500\" srcset=\"https:\/\/gmelorente.com\/wp-content\/uploads\/asesor-mamparas-ducha-angular.jpg 400w, https:\/\/gmelorente.com\/wp-content\/uploads\/asesor-mamparas-ducha-angular-240x300.jpg 240w, https:\/\/gmelorente.com\/wp-content\/uploads\/asesor-mamparas-ducha-angular-16x20.jpg 16w\" sizes=\"auto, (max-width: 400px) 100vw, 400px\" \/><\/a><\/p>\n<h3 style=\"text-align: center;\">Cabina doccia angolare<\/h3>\n<p>[\/vc_column_text][\/vc_column][vc_column width=&#8221;1\/3&#8243;][vc_column_text]<a href=\"https:\/\/gmelorente.com\/it\/producto\/serie-screen\/\"><img loading=\"lazy\" decoding=\"async\" class=\"aligncenter size-full wp-image-38260\" src=\"https:\/\/gmelorente.com\/wp-content\/uploads\/asesor-mamparas-ducha-cristal-fijo.jpg\" alt=\"asesor-mamparas-ducha-cristal-fijo\" width=\"400\" height=\"500\" srcset=\"https:\/\/gmelorente.com\/wp-content\/uploads\/asesor-mamparas-ducha-cristal-fijo.jpg 400w, https:\/\/gmelorente.com\/wp-content\/uploads\/asesor-mamparas-ducha-cristal-fijo-240x300.jpg 240w, https:\/\/gmelorente.com\/wp-content\/uploads\/asesor-mamparas-ducha-cristal-fijo-16x20.jpg 16w\" sizes=\"auto, (max-width: 400px) 100vw, 400px\" \/><\/a><\/p>\n<h3 style=\"text-align: center;\">Vetro fisso<\/h3>\n<p>[\/vc_column_text][\/vc_column][\/vc_row]<\/p>\n","protected":false},"excerpt":{"rendered":"<p>[vc_row][vc_column css=&#8221;.vc_custom_1440689072377{margin-bottom: 30px !important;}&#8221;][vc_column_text] Che formato di cabina doccia ti serve? [\/vc_column_text][\/vc_column][\/vc_row][vc_row][vc_column width=&#8221;1\/3&#8243;][vc_column_text] Frontale per doccia [\/vc_column_text][\/vc_column][vc_column width=&#8221;1\/3&#8243;][vc_column_text] Cabina doccia angolare [\/vc_column_text][\/vc_column][vc_column width=&#8221;1\/3&#8243;][vc_column_text] Vetro fisso [\/vc_column_text][\/vc_column][\/vc_row]<\/p>\n","protected":false},"author":1,"featured_media":0,"parent":42999,"menu_order":0,"comment_status":"closed","ping_status":"closed","template":"","meta":{"footnotes":""},"class_list":["post-43005","page","type-page","status-publish","hentry","description-off"],"yoast_head":"<!-- This site is optimized with the Yoast SEO plugin v27.4 - https:\/\/yoast.com\/product\/yoast-seo-wordpress\/ -->\n<title>Qu\u00e9 tipo de mamparas necesitas? - Asesor GME<\/title>\n<meta name=\"description\" content=\"Qu\u00e9 tipo de mampara necesitas? Un frontal, una angular o un cristal fijo? Puertas correderas, abatibles o plegables? Te ayudamos a encontrarla.\" \/>\n<meta name=\"robots\" content=\"index, follow, max-snippet:-1, max-image-preview:large, max-video-preview:-1\" \/>\n<link rel=\"canonical\" href=\"https:\/\/gmelorente.com\/it\/asesor-virtual\/mamparas-de-ducha\/\" \/>\n<meta property=\"og:locale\" content=\"it_IT\" \/>\n<meta property=\"og:type\" content=\"article\" \/>\n<meta property=\"og:title\" content=\"Qu\u00e9 tipo de mamparas necesitas? - Asesor GME\" \/>\n<meta property=\"og:description\" content=\"Qu\u00e9 tipo de mampara necesitas? Un frontal, una angular o un cristal fijo? Puertas correderas, abatibles o plegables? Te ayudamos a encontrarla.\" \/>\n<meta property=\"og:url\" content=\"https:\/\/gmelorente.com\/it\/asesor-virtual\/mamparas-de-ducha\/\" \/>\n<meta property=\"og:site_name\" content=\"GME DIVISI\u00d3N BA\u00d1OS\" \/>\n<meta property=\"article:publisher\" content=\"https:\/\/www.facebook.com\/gmedivision\/?fref=ts\" \/>\n<meta property=\"article:modified_time\" content=\"2016-02-28T20:01:57+00:00\" \/>\n<meta property=\"og:image\" content=\"https:\/\/gmelorente.com\/wp-content\/uploads\/asesor-mamparas-ducha-frontal.jpg\" \/>\n<meta name=\"twitter:card\" content=\"summary_large_image\" \/>\n<script type=\"application\/ld+json\" class=\"yoast-schema-graph\">{\"@context\":\"https:\\\/\\\/schema.org\",\"@graph\":[{\"@type\":\"WebPage\",\"@id\":\"https:\\\/\\\/gmelorente.com\\\/it\\\/asesor-virtual\\\/mamparas-de-ducha\\\/\",\"url\":\"https:\\\/\\\/gmelorente.com\\\/it\\\/asesor-virtual\\\/mamparas-de-ducha\\\/\",\"name\":\"Qu\u00e9 tipo de mamparas necesitas? - Asesor GME\",\"isPartOf\":{\"@id\":\"https:\\\/\\\/gmelorente.com\\\/#website\"},\"primaryImageOfPage\":{\"@id\":\"https:\\\/\\\/gmelorente.com\\\/it\\\/asesor-virtual\\\/mamparas-de-ducha\\\/#primaryimage\"},\"image\":{\"@id\":\"https:\\\/\\\/gmelorente.com\\\/it\\\/asesor-virtual\\\/mamparas-de-ducha\\\/#primaryimage\"},\"thumbnailUrl\":\"https:\\\/\\\/gmelorente.com\\\/wp-content\\\/uploads\\\/asesor-mamparas-ducha-frontal.jpg\",\"datePublished\":\"2015-11-04T01:06:53+00:00\",\"dateModified\":\"2016-02-28T20:01:57+00:00\",\"description\":\"Qu\u00e9 tipo de mampara necesitas? Un frontal, una angular o un cristal fijo? Puertas correderas, abatibles o plegables? Te ayudamos a encontrarla.\",\"breadcrumb\":{\"@id\":\"https:\\\/\\\/gmelorente.com\\\/it\\\/asesor-virtual\\\/mamparas-de-ducha\\\/#breadcrumb\"},\"inLanguage\":\"it-IT\",\"potentialAction\":[{\"@type\":\"ReadAction\",\"target\":[\"https:\\\/\\\/gmelorente.com\\\/it\\\/asesor-virtual\\\/mamparas-de-ducha\\\/\"]}]},{\"@type\":\"ImageObject\",\"inLanguage\":\"it-IT\",\"@id\":\"https:\\\/\\\/gmelorente.com\\\/it\\\/asesor-virtual\\\/mamparas-de-ducha\\\/#primaryimage\",\"url\":\"https:\\\/\\\/gmelorente.com\\\/wp-content\\\/uploads\\\/asesor-mamparas-ducha-frontal.jpg\",\"contentUrl\":\"https:\\\/\\\/gmelorente.com\\\/wp-content\\\/uploads\\\/asesor-mamparas-ducha-frontal.jpg\"},{\"@type\":\"BreadcrumbList\",\"@id\":\"https:\\\/\\\/gmelorente.com\\\/it\\\/asesor-virtual\\\/mamparas-de-ducha\\\/#breadcrumb\",\"itemListElement\":[{\"@type\":\"ListItem\",\"position\":1,\"name\":\"Home\",\"item\":\"https:\\\/\\\/gmelorente.com\\\/it\\\/\"},{\"@type\":\"ListItem\",\"position\":2,\"name\":\"Consigliere di cabine\",\"item\":\"https:\\\/\\\/gmelorente.com\\\/it\\\/asesor-virtual\\\/\"},{\"@type\":\"ListItem\",\"position\":3,\"name\":\"Cabina doccia\"}]},{\"@type\":\"WebSite\",\"@id\":\"https:\\\/\\\/gmelorente.com\\\/#website\",\"url\":\"https:\\\/\\\/gmelorente.com\\\/\",\"name\":\"GME DIVISI\u00d3N BA\u00d1OS\",\"description\":\"Mamparas de ducha y mucho m\u00e1s\",\"publisher\":{\"@id\":\"https:\\\/\\\/gmelorente.com\\\/#organization\"},\"potentialAction\":[{\"@type\":\"SearchAction\",\"target\":{\"@type\":\"EntryPoint\",\"urlTemplate\":\"https:\\\/\\\/gmelorente.com\\\/?s={search_term_string}\"},\"query-input\":{\"@type\":\"PropertyValueSpecification\",\"valueRequired\":true,\"valueName\":\"search_term_string\"}}],\"inLanguage\":\"it-IT\"},{\"@type\":\"Organization\",\"@id\":\"https:\\\/\\\/gmelorente.com\\\/#organization\",\"name\":\"GME DIVISI\u00d3N BA\u00d1OS S.L.\",\"url\":\"https:\\\/\\\/gmelorente.com\\\/\",\"logo\":{\"@type\":\"ImageObject\",\"inLanguage\":\"it-IT\",\"@id\":\"https:\\\/\\\/gmelorente.com\\\/#\\\/schema\\\/logo\\\/image\\\/\",\"url\":\"https:\\\/\\\/gmelorente.com\\\/wp-content\\\/uploads\\\/logo-gme-azul.jpg\",\"contentUrl\":\"https:\\\/\\\/gmelorente.com\\\/wp-content\\\/uploads\\\/logo-gme-azul.jpg\",\"width\":810,\"height\":298,\"caption\":\"GME DIVISI\u00d3N BA\u00d1OS S.L.\"},\"image\":{\"@id\":\"https:\\\/\\\/gmelorente.com\\\/#\\\/schema\\\/logo\\\/image\\\/\"},\"sameAs\":[\"https:\\\/\\\/www.facebook.com\\\/gmedivision\\\/?fref=ts\",\"https:\\\/\\\/es.pinterest.com\\\/gmedivision\\\/?eq=gme&amp;etslf=14997\"]}]}<\/script>\n<!-- \/ Yoast SEO plugin. -->","yoast_head_json":{"title":"Qu\u00e9 tipo de mamparas necesitas? - Asesor GME","description":"Qu\u00e9 tipo de mampara necesitas? Un frontal, una angular o un cristal fijo? Puertas correderas, abatibles o plegables? Te ayudamos a encontrarla.","robots":{"index":"index","follow":"follow","max-snippet":"max-snippet:-1","max-image-preview":"max-image-preview:large","max-video-preview":"max-video-preview:-1"},"canonical":"https:\/\/gmelorente.com\/it\/asesor-virtual\/mamparas-de-ducha\/","og_locale":"it_IT","og_type":"article","og_title":"Qu\u00e9 tipo de mamparas necesitas? - Asesor GME","og_description":"Qu\u00e9 tipo de mampara necesitas? Un frontal, una angular o un cristal fijo? Puertas correderas, abatibles o plegables? Te ayudamos a encontrarla.","og_url":"https:\/\/gmelorente.com\/it\/asesor-virtual\/mamparas-de-ducha\/","og_site_name":"GME DIVISI\u00d3N BA\u00d1OS","article_publisher":"https:\/\/www.facebook.com\/gmedivision\/?fref=ts","article_modified_time":"2016-02-28T20:01:57+00:00","og_image":[{"url":"https:\/\/gmelorente.com\/wp-content\/uploads\/asesor-mamparas-ducha-frontal.jpg","type":"","width":"","height":""}],"twitter_card":"summary_large_image","schema":{"@context":"https:\/\/schema.org","@graph":[{"@type":"WebPage","@id":"https:\/\/gmelorente.com\/it\/asesor-virtual\/mamparas-de-ducha\/","url":"https:\/\/gmelorente.com\/it\/asesor-virtual\/mamparas-de-ducha\/","name":"Qu\u00e9 tipo de mamparas necesitas? - Asesor GME","isPartOf":{"@id":"https:\/\/gmelorente.com\/#website"},"primaryImageOfPage":{"@id":"https:\/\/gmelorente.com\/it\/asesor-virtual\/mamparas-de-ducha\/#primaryimage"},"image":{"@id":"https:\/\/gmelorente.com\/it\/asesor-virtual\/mamparas-de-ducha\/#primaryimage"},"thumbnailUrl":"https:\/\/gmelorente.com\/wp-content\/uploads\/asesor-mamparas-ducha-frontal.jpg","datePublished":"2015-11-04T01:06:53+00:00","dateModified":"2016-02-28T20:01:57+00:00","description":"Qu\u00e9 tipo de mampara necesitas? Un frontal, una angular o un cristal fijo? Puertas correderas, abatibles o plegables? Te ayudamos a encontrarla.","breadcrumb":{"@id":"https:\/\/gmelorente.com\/it\/asesor-virtual\/mamparas-de-ducha\/#breadcrumb"},"inLanguage":"it-IT","potentialAction":[{"@type":"ReadAction","target":["https:\/\/gmelorente.com\/it\/asesor-virtual\/mamparas-de-ducha\/"]}]},{"@type":"ImageObject","inLanguage":"it-IT","@id":"https:\/\/gmelorente.com\/it\/asesor-virtual\/mamparas-de-ducha\/#primaryimage","url":"https:\/\/gmelorente.com\/wp-content\/uploads\/asesor-mamparas-ducha-frontal.jpg","contentUrl":"https:\/\/gmelorente.com\/wp-content\/uploads\/asesor-mamparas-ducha-frontal.jpg"},{"@type":"BreadcrumbList","@id":"https:\/\/gmelorente.com\/it\/asesor-virtual\/mamparas-de-ducha\/#breadcrumb","itemListElement":[{"@type":"ListItem","position":1,"name":"Home","item":"https:\/\/gmelorente.com\/it\/"},{"@type":"ListItem","position":2,"name":"Consigliere di cabine","item":"https:\/\/gmelorente.com\/it\/asesor-virtual\/"},{"@type":"ListItem","position":3,"name":"Cabina doccia"}]},{"@type":"WebSite","@id":"https:\/\/gmelorente.com\/#website","url":"https:\/\/gmelorente.com\/","name":"GME DIVISI\u00d3N BA\u00d1OS","description":"Mamparas de ducha y mucho m\u00e1s","publisher":{"@id":"https:\/\/gmelorente.com\/#organization"},"potentialAction":[{"@type":"SearchAction","target":{"@type":"EntryPoint","urlTemplate":"https:\/\/gmelorente.com\/?s={search_term_string}"},"query-input":{"@type":"PropertyValueSpecification","valueRequired":true,"valueName":"search_term_string"}}],"inLanguage":"it-IT"},{"@type":"Organization","@id":"https:\/\/gmelorente.com\/#organization","name":"GME DIVISI\u00d3N BA\u00d1OS S.L.","url":"https:\/\/gmelorente.com\/","logo":{"@type":"ImageObject","inLanguage":"it-IT","@id":"https:\/\/gmelorente.com\/#\/schema\/logo\/image\/","url":"https:\/\/gmelorente.com\/wp-content\/uploads\/logo-gme-azul.jpg","contentUrl":"https:\/\/gmelorente.com\/wp-content\/uploads\/logo-gme-azul.jpg","width":810,"height":298,"caption":"GME DIVISI\u00d3N BA\u00d1OS S.L."},"image":{"@id":"https:\/\/gmelorente.com\/#\/schema\/logo\/image\/"},"sameAs":["https:\/\/www.facebook.com\/gmedivision\/?fref=ts","https:\/\/es.pinterest.com\/gmedivision\/?eq=gme&amp;etslf=14997"]}]}},"_links":{"self":[{"href":"https:\/\/gmelorente.com\/it\/wp-json\/wp\/v2\/pages\/43005","targetHints":{"allow":["GET"]}}],"collection":[{"href":"https:\/\/gmelorente.com\/it\/wp-json\/wp\/v2\/pages"}],"about":[{"href":"https:\/\/gmelorente.com\/it\/wp-json\/wp\/v2\/types\/page"}],"author":[{"embeddable":true,"href":"https:\/\/gmelorente.com\/it\/wp-json\/wp\/v2\/users\/1"}],"replies":[{"embeddable":true,"href":"https:\/\/gmelorente.com\/it\/wp-json\/wp\/v2\/comments?post=43005"}],"version-history":[{"count":0,"href":"https:\/\/gmelorente.com\/it\/wp-json\/wp\/v2\/pages\/43005\/revisions"}],"up":[{"embeddable":true,"href":"https:\/\/gmelorente.com\/it\/wp-json\/wp\/v2\/pages\/42999"}],"wp:attachment":[{"href":"https:\/\/gmelorente.com\/it\/wp-json\/wp\/v2\/media?parent=43005"}],"curies":[{"name":"wp","href":"https:\/\/api.w.org\/{rel}","templated":true}]}}