{"id":43067,"date":"2015-11-04T03:21:03","date_gmt":"2015-11-04T01:21:03","guid":{"rendered":"https:\/\/gmelorente.com\/it\/asesor-virtual\/mamparas-de-ducha\/mamparas-angulares\/frontales-lateral-fijo\/correderas-lateral-fijo\/"},"modified":"2016-02-29T13:48:45","modified_gmt":"2016-02-29T12:48:45","slug":"correderas-lateral-fijo","status":"publish","type":"page","link":"https:\/\/gmelorente.com\/it\/asesor-virtual\/mamparas-de-ducha\/mamparas-angulares\/frontales-lateral-fijo\/correderas-lateral-fijo\/","title":{"rendered":"Scorrevoli + Laterale fisso"},"content":{"rendered":"<p>[vc_row][vc_column css=&#8221;.vc_custom_1440689072377{margin-bottom: 30px !important;}&#8221;][vc_column_text]<\/p>\n<h3 style=\"text-align: center;\">Che tipo di cabina doccia frontale con porte scorrevoli con laterale fisso ti serve?<\/h3>\n<p>[\/vc_column_text][\/vc_column][\/vc_row][vc_row][vc_column width=&#8221;1\/3&#8243;][vc_column_text]<a href=\"https:\/\/gmelorente.com\/it\/asesor-virtual\/mamparas-de-ducha\/mamparas-angulares\/frontales-lateral-fijo\/correderas-lateral-fijo\/fijo-puerta-lateral-fijo\"><img loading=\"lazy\" decoding=\"async\" class=\"size-full wp-image-38287 aligncenter\" src=\"https:\/\/gmelorente.com\/wp-content\/uploads\/asesor-mamparas-ducha-angular-lateral-corredera-01.jpg\" alt=\"asesor-mamparas-ducha-angular-lateral-corredera-01\" width=\"400\" height=\"500\" srcset=\"https:\/\/gmelorente.com\/wp-content\/uploads\/asesor-mamparas-ducha-angular-lateral-corredera-01.jpg 400w, https:\/\/gmelorente.com\/wp-content\/uploads\/asesor-mamparas-ducha-angular-lateral-corredera-01-240x300.jpg 240w, https:\/\/gmelorente.com\/wp-content\/uploads\/asesor-mamparas-ducha-angular-lateral-corredera-01-16x20.jpg 16w\" sizes=\"auto, (max-width: 400px) 100vw, 400px\" \/><\/a><\/p>\n<h3 style=\"text-align: center;\">Fisso + Porta + Laterale fisso<\/h3>\n<p>[\/vc_column_text][\/vc_column][vc_column width=&#8221;1\/3&#8243;][vc_column_text]<a href=\"https:\/\/gmelorente.com\/it\/asesor-virtual\/mamparas-de-ducha\/mamparas-angulares\/frontales-lateral-fijo\/correderas-lateral-fijo\/fijos-puertas-lateral-fijo\/\"><img loading=\"lazy\" decoding=\"async\" class=\"wp-image-38348 size-full aligncenter\" src=\"https:\/\/gmelorente.com\/wp-content\/uploads\/asesor-mamparas-ducha-angular-lateral-corredera-03.jpg\" alt=\"\" width=\"400\" height=\"500\" \/><\/a><\/p>\n<h3 style=\"text-align: center;\">2 Fissi + 2 Porte + Laterale fisso<\/h3>\n<p>[\/vc_column_text][\/vc_column][vc_column width=&#8221;1\/3&#8243;][vc_column_text]<img loading=\"lazy\" decoding=\"async\" class=\"wp-image-38347 size-full aligncenter\" src=\"https:\/\/gmelorente.com\/wp-content\/uploads\/asesor-mamparas-ducha-angular-lateral-corredera-02.jpg\" alt=\"\" width=\"400\" height=\"500\" \/><\/p>\n<h3 style=\"text-align: center;\">Fisso + 2 Porte + Laterale fisso<\/h3>\n<p>[\/vc_column_text][\/vc_column][\/vc_row]<\/p>\n","protected":false},"excerpt":{"rendered":"<p>[vc_row][vc_column css=&#8221;.vc_custom_1440689072377{margin-bottom: 30px !important;}&#8221;][vc_column_text] Che tipo di cabina doccia frontale con porte scorrevoli con laterale fisso ti serve? [\/vc_column_text][\/vc_column][\/vc_row][vc_row][vc_column width=&#8221;1\/3&#8243;][vc_column_text] Fisso + Porta + Laterale fisso [\/vc_column_text][\/vc_column][vc_column width=&#8221;1\/3&#8243;][vc_column_text] 2 Fissi + 2 Porte + Laterale fisso [\/vc_column_text][\/vc_column][vc_column width=&#8221;1\/3&#8243;][vc_column_text] Fisso + 2 Porte + Laterale fisso [\/vc_column_text][\/vc_column][\/vc_row]<\/p>\n","protected":false},"author":1,"featured_media":0,"parent":43051,"menu_order":0,"comment_status":"closed","ping_status":"closed","template":"","meta":{"footnotes":""},"class_list":["post-43067","page","type-page","status-publish","hentry","description-off"],"yoast_head":"<!-- This site is optimized with the Yoast SEO plugin v27.4 - https:\/\/yoast.com\/product\/yoast-seo-wordpress\/ -->\n<title>Scorrevoli + Laterale fisso - GME DIVISI\u00d3N BA\u00d1OS<\/title>\n<meta name=\"robots\" content=\"index, follow, max-snippet:-1, max-image-preview:large, max-video-preview:-1\" \/>\n<link rel=\"canonical\" href=\"https:\/\/gmelorente.com\/it\/asesor-virtual\/mamparas-de-ducha\/mamparas-angulares\/frontales-lateral-fijo\/correderas-lateral-fijo\/\" \/>\n<meta property=\"og:locale\" content=\"it_IT\" \/>\n<meta property=\"og:type\" content=\"article\" \/>\n<meta property=\"og:title\" content=\"Scorrevoli + Laterale fisso - GME DIVISI\u00d3N BA\u00d1OS\" \/>\n<meta property=\"og:description\" content=\"[vc_row][vc_column css=&#8221;.vc_custom_1440689072377{margin-bottom: 30px !important;}&#8221;][vc_column_text] Che tipo di cabina doccia frontale con porte scorrevoli con laterale fisso ti serve? [\/vc_column_text][\/vc_column][\/vc_row][vc_row][vc_column width=&#8221;1\/3&#8243;][vc_column_text] Fisso + Porta + Laterale fisso [\/vc_column_text][\/vc_column][vc_column width=&#8221;1\/3&#8243;][vc_column_text] 2 Fissi + 2 Porte + Laterale fisso [\/vc_column_text][\/vc_column][vc_column width=&#8221;1\/3&#8243;][vc_column_text] Fisso + 2 Porte + Laterale fisso [\/vc_column_text][\/vc_column][\/vc_row]\" \/>\n<meta property=\"og:url\" content=\"https:\/\/gmelorente.com\/it\/asesor-virtual\/mamparas-de-ducha\/mamparas-angulares\/frontales-lateral-fijo\/correderas-lateral-fijo\/\" \/>\n<meta property=\"og:site_name\" content=\"GME DIVISI\u00d3N BA\u00d1OS\" \/>\n<meta property=\"article:publisher\" content=\"https:\/\/www.facebook.com\/gmedivision\/?fref=ts\" \/>\n<meta property=\"article:modified_time\" content=\"2016-02-29T12:48:45+00:00\" \/>\n<meta property=\"og:image\" content=\"https:\/\/gmelorente.com\/wp-content\/uploads\/asesor-mamparas-ducha-angular-lateral-corredera-01.jpg\" \/>\n<meta name=\"twitter:card\" content=\"summary_large_image\" \/>\n<script type=\"application\/ld+json\" class=\"yoast-schema-graph\">{\"@context\":\"https:\\\/\\\/schema.org\",\"@graph\":[{\"@type\":\"WebPage\",\"@id\":\"https:\\\/\\\/gmelorente.com\\\/it\\\/asesor-virtual\\\/mamparas-de-ducha\\\/mamparas-angulares\\\/frontales-lateral-fijo\\\/correderas-lateral-fijo\\\/\",\"url\":\"https:\\\/\\\/gmelorente.com\\\/it\\\/asesor-virtual\\\/mamparas-de-ducha\\\/mamparas-angulares\\\/frontales-lateral-fijo\\\/correderas-lateral-fijo\\\/\",\"name\":\"Scorrevoli + Laterale fisso - GME DIVISI\u00d3N BA\u00d1OS\",\"isPartOf\":{\"@id\":\"https:\\\/\\\/gmelorente.com\\\/#website\"},\"primaryImageOfPage\":{\"@id\":\"https:\\\/\\\/gmelorente.com\\\/it\\\/asesor-virtual\\\/mamparas-de-ducha\\\/mamparas-angulares\\\/frontales-lateral-fijo\\\/correderas-lateral-fijo\\\/#primaryimage\"},\"image\":{\"@id\":\"https:\\\/\\\/gmelorente.com\\\/it\\\/asesor-virtual\\\/mamparas-de-ducha\\\/mamparas-angulares\\\/frontales-lateral-fijo\\\/correderas-lateral-fijo\\\/#primaryimage\"},\"thumbnailUrl\":\"https:\\\/\\\/gmelorente.com\\\/wp-content\\\/uploads\\\/asesor-mamparas-ducha-angular-lateral-corredera-01.jpg\",\"datePublished\":\"2015-11-04T01:21:03+00:00\",\"dateModified\":\"2016-02-29T12:48:45+00:00\",\"breadcrumb\":{\"@id\":\"https:\\\/\\\/gmelorente.com\\\/it\\\/asesor-virtual\\\/mamparas-de-ducha\\\/mamparas-angulares\\\/frontales-lateral-fijo\\\/correderas-lateral-fijo\\\/#breadcrumb\"},\"inLanguage\":\"it-IT\",\"potentialAction\":[{\"@type\":\"ReadAction\",\"target\":[\"https:\\\/\\\/gmelorente.com\\\/it\\\/asesor-virtual\\\/mamparas-de-ducha\\\/mamparas-angulares\\\/frontales-lateral-fijo\\\/correderas-lateral-fijo\\\/\"]}]},{\"@type\":\"ImageObject\",\"inLanguage\":\"it-IT\",\"@id\":\"https:\\\/\\\/gmelorente.com\\\/it\\\/asesor-virtual\\\/mamparas-de-ducha\\\/mamparas-angulares\\\/frontales-lateral-fijo\\\/correderas-lateral-fijo\\\/#primaryimage\",\"url\":\"https:\\\/\\\/gmelorente.com\\\/wp-content\\\/uploads\\\/asesor-mamparas-ducha-angular-lateral-corredera-01.jpg\",\"contentUrl\":\"https:\\\/\\\/gmelorente.com\\\/wp-content\\\/uploads\\\/asesor-mamparas-ducha-angular-lateral-corredera-01.jpg\"},{\"@type\":\"BreadcrumbList\",\"@id\":\"https:\\\/\\\/gmelorente.com\\\/it\\\/asesor-virtual\\\/mamparas-de-ducha\\\/mamparas-angulares\\\/frontales-lateral-fijo\\\/correderas-lateral-fijo\\\/#breadcrumb\",\"itemListElement\":[{\"@type\":\"ListItem\",\"position\":1,\"name\":\"Home\",\"item\":\"https:\\\/\\\/gmelorente.com\\\/it\\\/\"},{\"@type\":\"ListItem\",\"position\":2,\"name\":\"Consigliere di cabine\",\"item\":\"https:\\\/\\\/gmelorente.com\\\/it\\\/asesor-virtual\\\/\"},{\"@type\":\"ListItem\",\"position\":3,\"name\":\"Cabina doccia\",\"item\":\"https:\\\/\\\/gmelorente.com\\\/it\\\/asesor-virtual\\\/mamparas-de-ducha\\\/\"},{\"@type\":\"ListItem\",\"position\":4,\"name\":\"Cabina doccia angolare\",\"item\":\"https:\\\/\\\/gmelorente.com\\\/it\\\/asesor-virtual\\\/mamparas-de-ducha\\\/mamparas-angulares\\\/\"},{\"@type\":\"ListItem\",\"position\":5,\"name\":\"Frontale + Laterale fisso\",\"item\":\"https:\\\/\\\/gmelorente.com\\\/it\\\/asesor-virtual\\\/mamparas-de-ducha\\\/mamparas-angulares\\\/frontales-lateral-fijo\\\/\"},{\"@type\":\"ListItem\",\"position\":6,\"name\":\"Scorrevoli + Laterale fisso\"}]},{\"@type\":\"WebSite\",\"@id\":\"https:\\\/\\\/gmelorente.com\\\/#website\",\"url\":\"https:\\\/\\\/gmelorente.com\\\/\",\"name\":\"GME DIVISI\u00d3N BA\u00d1OS\",\"description\":\"Mamparas de ducha y mucho m\u00e1s\",\"publisher\":{\"@id\":\"https:\\\/\\\/gmelorente.com\\\/#organization\"},\"potentialAction\":[{\"@type\":\"SearchAction\",\"target\":{\"@type\":\"EntryPoint\",\"urlTemplate\":\"https:\\\/\\\/gmelorente.com\\\/?s={search_term_string}\"},\"query-input\":{\"@type\":\"PropertyValueSpecification\",\"valueRequired\":true,\"valueName\":\"search_term_string\"}}],\"inLanguage\":\"it-IT\"},{\"@type\":\"Organization\",\"@id\":\"https:\\\/\\\/gmelorente.com\\\/#organization\",\"name\":\"GME DIVISI\u00d3N BA\u00d1OS S.L.\",\"url\":\"https:\\\/\\\/gmelorente.com\\\/\",\"logo\":{\"@type\":\"ImageObject\",\"inLanguage\":\"it-IT\",\"@id\":\"https:\\\/\\\/gmelorente.com\\\/#\\\/schema\\\/logo\\\/image\\\/\",\"url\":\"https:\\\/\\\/gmelorente.com\\\/wp-content\\\/uploads\\\/logo-gme-azul.jpg\",\"contentUrl\":\"https:\\\/\\\/gmelorente.com\\\/wp-content\\\/uploads\\\/logo-gme-azul.jpg\",\"width\":810,\"height\":298,\"caption\":\"GME DIVISI\u00d3N BA\u00d1OS S.L.\"},\"image\":{\"@id\":\"https:\\\/\\\/gmelorente.com\\\/#\\\/schema\\\/logo\\\/image\\\/\"},\"sameAs\":[\"https:\\\/\\\/www.facebook.com\\\/gmedivision\\\/?fref=ts\",\"https:\\\/\\\/es.pinterest.com\\\/gmedivision\\\/?eq=gme&amp;etslf=14997\"]}]}<\/script>\n<!-- \/ Yoast SEO plugin. -->","yoast_head_json":{"title":"Scorrevoli + Laterale fisso - GME DIVISI\u00d3N BA\u00d1OS","robots":{"index":"index","follow":"follow","max-snippet":"max-snippet:-1","max-image-preview":"max-image-preview:large","max-video-preview":"max-video-preview:-1"},"canonical":"https:\/\/gmelorente.com\/it\/asesor-virtual\/mamparas-de-ducha\/mamparas-angulares\/frontales-lateral-fijo\/correderas-lateral-fijo\/","og_locale":"it_IT","og_type":"article","og_title":"Scorrevoli + Laterale fisso - GME DIVISI\u00d3N BA\u00d1OS","og_description":"[vc_row][vc_column css=&#8221;.vc_custom_1440689072377{margin-bottom: 30px !important;}&#8221;][vc_column_text] Che tipo di cabina doccia frontale con porte scorrevoli con laterale fisso ti serve? [\/vc_column_text][\/vc_column][\/vc_row][vc_row][vc_column width=&#8221;1\/3&#8243;][vc_column_text] Fisso + Porta + Laterale fisso [\/vc_column_text][\/vc_column][vc_column width=&#8221;1\/3&#8243;][vc_column_text] 2 Fissi + 2 Porte + Laterale fisso [\/vc_column_text][\/vc_column][vc_column width=&#8221;1\/3&#8243;][vc_column_text] Fisso + 2 Porte + Laterale fisso [\/vc_column_text][\/vc_column][\/vc_row]","og_url":"https:\/\/gmelorente.com\/it\/asesor-virtual\/mamparas-de-ducha\/mamparas-angulares\/frontales-lateral-fijo\/correderas-lateral-fijo\/","og_site_name":"GME DIVISI\u00d3N BA\u00d1OS","article_publisher":"https:\/\/www.facebook.com\/gmedivision\/?fref=ts","article_modified_time":"2016-02-29T12:48:45+00:00","og_image":[{"url":"https:\/\/gmelorente.com\/wp-content\/uploads\/asesor-mamparas-ducha-angular-lateral-corredera-01.jpg","type":"","width":"","height":""}],"twitter_card":"summary_large_image","schema":{"@context":"https:\/\/schema.org","@graph":[{"@type":"WebPage","@id":"https:\/\/gmelorente.com\/it\/asesor-virtual\/mamparas-de-ducha\/mamparas-angulares\/frontales-lateral-fijo\/correderas-lateral-fijo\/","url":"https:\/\/gmelorente.com\/it\/asesor-virtual\/mamparas-de-ducha\/mamparas-angulares\/frontales-lateral-fijo\/correderas-lateral-fijo\/","name":"Scorrevoli + Laterale fisso - GME DIVISI\u00d3N BA\u00d1OS","isPartOf":{"@id":"https:\/\/gmelorente.com\/#website"},"primaryImageOfPage":{"@id":"https:\/\/gmelorente.com\/it\/asesor-virtual\/mamparas-de-ducha\/mamparas-angulares\/frontales-lateral-fijo\/correderas-lateral-fijo\/#primaryimage"},"image":{"@id":"https:\/\/gmelorente.com\/it\/asesor-virtual\/mamparas-de-ducha\/mamparas-angulares\/frontales-lateral-fijo\/correderas-lateral-fijo\/#primaryimage"},"thumbnailUrl":"https:\/\/gmelorente.com\/wp-content\/uploads\/asesor-mamparas-ducha-angular-lateral-corredera-01.jpg","datePublished":"2015-11-04T01:21:03+00:00","dateModified":"2016-02-29T12:48:45+00:00","breadcrumb":{"@id":"https:\/\/gmelorente.com\/it\/asesor-virtual\/mamparas-de-ducha\/mamparas-angulares\/frontales-lateral-fijo\/correderas-lateral-fijo\/#breadcrumb"},"inLanguage":"it-IT","potentialAction":[{"@type":"ReadAction","target":["https:\/\/gmelorente.com\/it\/asesor-virtual\/mamparas-de-ducha\/mamparas-angulares\/frontales-lateral-fijo\/correderas-lateral-fijo\/"]}]},{"@type":"ImageObject","inLanguage":"it-IT","@id":"https:\/\/gmelorente.com\/it\/asesor-virtual\/mamparas-de-ducha\/mamparas-angulares\/frontales-lateral-fijo\/correderas-lateral-fijo\/#primaryimage","url":"https:\/\/gmelorente.com\/wp-content\/uploads\/asesor-mamparas-ducha-angular-lateral-corredera-01.jpg","contentUrl":"https:\/\/gmelorente.com\/wp-content\/uploads\/asesor-mamparas-ducha-angular-lateral-corredera-01.jpg"},{"@type":"BreadcrumbList","@id":"https:\/\/gmelorente.com\/it\/asesor-virtual\/mamparas-de-ducha\/mamparas-angulares\/frontales-lateral-fijo\/correderas-lateral-fijo\/#breadcrumb","itemListElement":[{"@type":"ListItem","position":1,"name":"Home","item":"https:\/\/gmelorente.com\/it\/"},{"@type":"ListItem","position":2,"name":"Consigliere di cabine","item":"https:\/\/gmelorente.com\/it\/asesor-virtual\/"},{"@type":"ListItem","position":3,"name":"Cabina doccia","item":"https:\/\/gmelorente.com\/it\/asesor-virtual\/mamparas-de-ducha\/"},{"@type":"ListItem","position":4,"name":"Cabina doccia angolare","item":"https:\/\/gmelorente.com\/it\/asesor-virtual\/mamparas-de-ducha\/mamparas-angulares\/"},{"@type":"ListItem","position":5,"name":"Frontale + Laterale fisso","item":"https:\/\/gmelorente.com\/it\/asesor-virtual\/mamparas-de-ducha\/mamparas-angulares\/frontales-lateral-fijo\/"},{"@type":"ListItem","position":6,"name":"Scorrevoli + Laterale fisso"}]},{"@type":"WebSite","@id":"https:\/\/gmelorente.com\/#website","url":"https:\/\/gmelorente.com\/","name":"GME DIVISI\u00d3N BA\u00d1OS","description":"Mamparas de ducha y mucho m\u00e1s","publisher":{"@id":"https:\/\/gmelorente.com\/#organization"},"potentialAction":[{"@type":"SearchAction","target":{"@type":"EntryPoint","urlTemplate":"https:\/\/gmelorente.com\/?s={search_term_string}"},"query-input":{"@type":"PropertyValueSpecification","valueRequired":true,"valueName":"search_term_string"}}],"inLanguage":"it-IT"},{"@type":"Organization","@id":"https:\/\/gmelorente.com\/#organization","name":"GME DIVISI\u00d3N BA\u00d1OS S.L.","url":"https:\/\/gmelorente.com\/","logo":{"@type":"ImageObject","inLanguage":"it-IT","@id":"https:\/\/gmelorente.com\/#\/schema\/logo\/image\/","url":"https:\/\/gmelorente.com\/wp-content\/uploads\/logo-gme-azul.jpg","contentUrl":"https:\/\/gmelorente.com\/wp-content\/uploads\/logo-gme-azul.jpg","width":810,"height":298,"caption":"GME DIVISI\u00d3N BA\u00d1OS S.L."},"image":{"@id":"https:\/\/gmelorente.com\/#\/schema\/logo\/image\/"},"sameAs":["https:\/\/www.facebook.com\/gmedivision\/?fref=ts","https:\/\/es.pinterest.com\/gmedivision\/?eq=gme&amp;etslf=14997"]}]}},"_links":{"self":[{"href":"https:\/\/gmelorente.com\/it\/wp-json\/wp\/v2\/pages\/43067","targetHints":{"allow":["GET"]}}],"collection":[{"href":"https:\/\/gmelorente.com\/it\/wp-json\/wp\/v2\/pages"}],"about":[{"href":"https:\/\/gmelorente.com\/it\/wp-json\/wp\/v2\/types\/page"}],"author":[{"embeddable":true,"href":"https:\/\/gmelorente.com\/it\/wp-json\/wp\/v2\/users\/1"}],"replies":[{"embeddable":true,"href":"https:\/\/gmelorente.com\/it\/wp-json\/wp\/v2\/comments?post=43067"}],"version-history":[{"count":0,"href":"https:\/\/gmelorente.com\/it\/wp-json\/wp\/v2\/pages\/43067\/revisions"}],"up":[{"embeddable":true,"href":"https:\/\/gmelorente.com\/it\/wp-json\/wp\/v2\/pages\/43051"}],"wp:attachment":[{"href":"https:\/\/gmelorente.com\/it\/wp-json\/wp\/v2\/media?parent=43067"}],"curies":[{"name":"wp","href":"https:\/\/api.w.org\/{rel}","templated":true}]}}