{"id":43073,"date":"2015-11-04T03:23:21","date_gmt":"2015-11-04T01:23:21","guid":{"rendered":"https:\/\/gmelorente.com\/it\/asesor-virtual\/mamparas-de-ducha\/mamparas-angulares\/frontales-lateral-fijo\/correderas-lateral-fijo\/fijos-puertas-lateral-fijo\/"},"modified":"2016-02-29T13:47:15","modified_gmt":"2016-02-29T12:47:15","slug":"fijos-puertas-lateral-fijo","status":"publish","type":"page","link":"https:\/\/gmelorente.com\/it\/asesor-virtual\/mamparas-de-ducha\/mamparas-angulares\/frontales-lateral-fijo\/correderas-lateral-fijo\/fijos-puertas-lateral-fijo\/","title":{"rendered":"2 Fissi + 2 Porte + Laterale fisso"},"content":{"rendered":"<p>[vc_row][vc_column]<div class=\"dt-shortcode with-isotope\"><div class=\"wf-container dt-portfolio-shortcode loading-effect-none iso-grid bg-under-post description-under-image content-align-left\" data-padding=\"20px\" data-cur-page=\"1\" data-posts-per-page=\"-1\" data-width=\"0px\" data-columns=\"4\">\n<div class=\"wf-cell category-210 category-211 category-188 category-203 category-212\" data-post-id=\"42996\" data-date=\"2015-10-12T02:36:33+02:00\" data-name=\"SERIE AKTUAL\">\n<article class=\"post post-42996 dt_portfolio type-dt_portfolio status-publish has-post-thumbnail hentry dt_portfolio_category-1f1c-it dt_portfolio_category-2f2c-it dt_portfolio_category-mamparas-it dt_portfolio_category-mamparas-para-ducha-it dt_portfolio_category-correderas-it dt_portfolio_category-210 dt_portfolio_category-211 dt_portfolio_category-188 dt_portfolio_category-203 dt_portfolio_category-212 bg-on\">\n\n\t<div class=\"project-list-media\">\n\t<figure class=\"buttons-on-img forward-post\">\n\t\t<a href=\"https:\/\/gmelorente.com\/it\/producto\/serie-aktual\/\" class=\"alignnone rollover layzr-bg\" title=\"MAMPARA ANGULAR AKTUAL CON LAT. FIJO, pag. 73 del cat\u00e1logo\"  aria-label=\"Post image\"><img fetchpriority=\"high\" decoding=\"async\" class=\"preload-me iso-lazy-load aspect\" src=\"data:image\/svg+xml,%3Csvg%20xmlns%3D&#39;http%3A%2F%2Fwww.w3.org%2F2000%2Fsvg&#39;%20viewBox%3D&#39;0%200%20630%20630&#39;%2F%3E\" data-src=\"https:\/\/gmelorente.com\/wp-content\/uploads\/GME_AKTUAL_LAT-FIJO_1-630x630.jpg\" data-srcset=\"https:\/\/gmelorente.com\/wp-content\/uploads\/GME_AKTUAL_LAT-FIJO_1-630x630.jpg 630w\" loading=\"eager\" style=\"--ratio: 630 \/ 630\" sizes=\"(max-width: 630px) 100vw, 630px\" alt=\"\" width=\"630\" height=\"630\"  \/><\/a>\t\t\t<\/figure>\n<\/div>\n<div class=\"project-list-content\">\n\t<h3 class=\"entry-title\"><a href=\"https:\/\/gmelorente.com\/it\/producto\/serie-aktual\/\" title=\"SERIE AKTUAL\" rel=\"bookmark\">SERIE AKTUAL<\/a><\/h3><p>Cabina doccia in alluminio con vetri fissi da 8 mm e ante scorrevoli da 6 mm. Senza profili inferiori.<\/p>\n<\/div>\n<\/article>\n\n<\/div>\n<div class=\"wf-cell category-210 category-211 category-203 category-188 category-202 category-175 category-212\" data-post-id=\"42978\" data-date=\"2015-10-26T18:47:40+01:00\" data-name=\"SERIE BASIC\">\n<article class=\"post post-42978 dt_portfolio type-dt_portfolio status-publish has-post-thumbnail hentry dt_portfolio_category-1f1c-it dt_portfolio_category-2f2c-it dt_portfolio_category-mamparas-para-ducha-it dt_portfolio_category-mamparas-it dt_portfolio_category-cristales-fijos-it dt_portfolio_category-destacado-it dt_portfolio_category-correderas-it dt_portfolio_category-210 dt_portfolio_category-211 dt_portfolio_category-203 dt_portfolio_category-188 dt_portfolio_category-202 dt_portfolio_category-175 dt_portfolio_category-212 bg-on\">\n\n\t<div class=\"project-list-media\">\n\t<figure class=\"buttons-on-img forward-post\">\n\t\t<a href=\"https:\/\/gmelorente.com\/it\/producto\/serie-basic-2\/\" class=\"alignnone rollover layzr-bg\" title=\"FRONTAL BASIC + LAT. FIJO, pag. 61 del cat\u00e1logo\"  aria-label=\"Post image\"><img decoding=\"async\" class=\"preload-me iso-lazy-load aspect\" src=\"data:image\/svg+xml,%3Csvg%20xmlns%3D&#39;http%3A%2F%2Fwww.w3.org%2F2000%2Fsvg&#39;%20viewBox%3D&#39;0%200%20714%20714&#39;%2F%3E\" data-src=\"https:\/\/gmelorente.com\/wp-content\/uploads\/GME_BASIC_LAT-FIJO-714x714.jpg\" data-srcset=\"https:\/\/gmelorente.com\/wp-content\/uploads\/GME_BASIC_LAT-FIJO-714x714.jpg 714w\" loading=\"eager\" style=\"--ratio: 714 \/ 714\" sizes=\"(max-width: 714px) 100vw, 714px\" alt=\"\" width=\"714\" height=\"714\"  \/><\/a>\t\t\t<\/figure>\n<\/div>\n<div class=\"project-list-content\">\n\t<h3 class=\"entry-title\"><a href=\"https:\/\/gmelorente.com\/it\/producto\/serie-basic-2\/\" title=\"SERIE BASIC\" rel=\"bookmark\">SERIE BASIC<\/a><\/h3><p>Cabina doccia in alluminio con vetri da 6 mm. Leader nel settore delle cabine doccia in alluminio.<\/p>\n<\/div>\n<\/article>\n\n<\/div>\n<div class=\"wf-cell category-210 category-211 category-203 category-188 category-202 category-175 category-212\" data-post-id=\"64733\" data-date=\"2021-01-28T09:29:37+01:00\" data-name=\"SERIE BASIC COLORE\">\n<article class=\"post post-64733 dt_portfolio type-dt_portfolio status-publish has-post-thumbnail hentry dt_portfolio_category-1f1c-it dt_portfolio_category-2f2c-it dt_portfolio_category-mamparas-para-ducha-it dt_portfolio_category-mamparas-it dt_portfolio_category-cristales-fijos-it dt_portfolio_category-destacado-it dt_portfolio_category-correderas-it dt_portfolio_category-210 dt_portfolio_category-211 dt_portfolio_category-203 dt_portfolio_category-188 dt_portfolio_category-202 dt_portfolio_category-175 dt_portfolio_category-212 bg-on\">\n\n\t<div class=\"project-list-media\">\n\t<figure class=\"buttons-on-img forward-post\">\n\t\t<a href=\"https:\/\/gmelorente.com\/it\/producto\/serie-basic-perfiles-blanco-y-negro-mate\/\" class=\"alignnone rollover layzr-bg\" title=\"BASIC-LAT-FIJO-NEGRO\"  aria-label=\"Post image\"><img decoding=\"async\" class=\"preload-me iso-lazy-load aspect\" src=\"data:image\/svg+xml,%3Csvg%20xmlns%3D&#39;http%3A%2F%2Fwww.w3.org%2F2000%2Fsvg&#39;%20viewBox%3D&#39;0%200%20638%20638&#39;%2F%3E\" data-src=\"https:\/\/gmelorente.com\/wp-content\/uploads\/BASIC-LAT-FIJO-NEGRO-1-638x638.jpg\" data-srcset=\"https:\/\/gmelorente.com\/wp-content\/uploads\/BASIC-LAT-FIJO-NEGRO-1-638x638.jpg 638w\" loading=\"eager\" style=\"--ratio: 638 \/ 638\" sizes=\"(max-width: 638px) 100vw, 638px\" alt=\"\" width=\"638\" height=\"638\"  \/><\/a>\t\t\t<\/figure>\n<\/div>\n<div class=\"project-list-content\">\n\t<h3 class=\"entry-title\"><a href=\"https:\/\/gmelorente.com\/it\/producto\/serie-basic-perfiles-blanco-y-negro-mate\/\" title=\"SERIE BASIC COLORE\" rel=\"bookmark\">SERIE BASIC COLORE<\/a><\/h3><p>5 diversi colori per tutti i gusti: cromo, nero, bianco, bianco\/cromo e titanio.<\/p>\n<\/div>\n<\/article>\n\n<\/div>\n<div class=\"wf-cell category-210 category-211 category-188 category-203 category-175 category-212\" data-post-id=\"42993\" data-date=\"2015-10-26T18:19:17+01:00\" data-name=\"SERIE FUTURA\">\n<article class=\"post post-42993 dt_portfolio type-dt_portfolio status-publish has-post-thumbnail hentry dt_portfolio_category-1f1c-it dt_portfolio_category-2f2c-it dt_portfolio_category-mamparas-it dt_portfolio_category-mamparas-para-ducha-it dt_portfolio_category-destacado-it dt_portfolio_category-correderas-it dt_portfolio_category-210 dt_portfolio_category-211 dt_portfolio_category-188 dt_portfolio_category-203 dt_portfolio_category-175 dt_portfolio_category-212 bg-on\">\n\n\t<div class=\"project-list-media\">\n\t<figure class=\"buttons-on-img forward-post\">\n\t\t<a href=\"https:\/\/gmelorente.com\/it\/producto\/serie-futura\/\" class=\"alignnone rollover layzr-bg\" title=\"asesor-mamparas-ducha-angular\"  aria-label=\"Post image\"><img decoding=\"async\" class=\"preload-me iso-lazy-load aspect\" src=\"data:image\/svg+xml,%3Csvg%20xmlns%3D&#39;http%3A%2F%2Fwww.w3.org%2F2000%2Fsvg&#39;%20viewBox%3D&#39;0%200%20400%20400&#39;%2F%3E\" data-src=\"https:\/\/gmelorente.com\/wp-content\/uploads\/asesor-mamparas-ducha-angular-400x400.jpg\" data-srcset=\"https:\/\/gmelorente.com\/wp-content\/uploads\/asesor-mamparas-ducha-angular-400x400.jpg 400w\" loading=\"eager\" style=\"--ratio: 400 \/ 400\" sizes=\"(max-width: 400px) 100vw, 400px\" alt=\"\" width=\"400\" height=\"400\"  \/><\/a>\t\t\t<\/figure>\n<\/div>\n<div class=\"project-list-content\">\n\t<h3 class=\"entry-title\"><a href=\"https:\/\/gmelorente.com\/it\/producto\/serie-futura\/\" title=\"SERIE FUTURA\" rel=\"bookmark\">SERIE FUTURA<\/a><\/h3><p>Cabina doccia in acciaio inox con vetri da 6 mm. Minimalismo allo stato puro.<\/p>\n<\/div>\n<\/article>\n\n<\/div>\n<div class=\"wf-cell category-210 category-211 category-188 category-203 category-202 category-175 category-212\" data-post-id=\"42981\" data-date=\"2015-10-26T18:44:41+01:00\" data-name=\"SERIE MOVING\">\n<article class=\"post post-42981 dt_portfolio type-dt_portfolio status-publish has-post-thumbnail hentry dt_portfolio_category-1f1c-it dt_portfolio_category-2f2c-it dt_portfolio_category-mamparas-it dt_portfolio_category-mamparas-para-ducha-it dt_portfolio_category-cristales-fijos-it dt_portfolio_category-destacado-it dt_portfolio_category-correderas-it dt_portfolio_category-210 dt_portfolio_category-211 dt_portfolio_category-188 dt_portfolio_category-203 dt_portfolio_category-202 dt_portfolio_category-175 dt_portfolio_category-212 bg-on\">\n\n\t<div class=\"project-list-media\">\n\t<figure class=\"buttons-on-img forward-post\">\n\t\t<a href=\"https:\/\/gmelorente.com\/it\/producto\/serie-moving\/\" class=\"alignnone rollover layzr-bg\" title=\"MV_FRONTAL+LATFIJO_\"  aria-label=\"Post image\"><img decoding=\"async\" class=\"preload-me iso-lazy-load aspect\" src=\"data:image\/svg+xml,%3Csvg%20xmlns%3D&#39;http%3A%2F%2Fwww.w3.org%2F2000%2Fsvg&#39;%20viewBox%3D&#39;0%200%20750%20750&#39;%2F%3E\" data-src=\"https:\/\/gmelorente.com\/wp-content\/uploads\/MV_FRONTALLATFIJO_.jpg\" data-srcset=\"https:\/\/gmelorente.com\/wp-content\/uploads\/MV_FRONTALLATFIJO_.jpg 750w\" loading=\"eager\" style=\"--ratio: 750 \/ 750\" sizes=\"(max-width: 750px) 100vw, 750px\" alt=\"\" width=\"750\" height=\"750\"  \/><\/a>\t\t\t<\/figure>\n<\/div>\n<div class=\"project-list-content\">\n\t<h3 class=\"entry-title\"><a href=\"https:\/\/gmelorente.com\/it\/producto\/serie-moving\/\" title=\"SERIE MOVING\" rel=\"bookmark\">SERIE MOVING<\/a><\/h3><p>Cabina doccia in acciaio inox con vetri da 8 mm. Linee classiche in acciaio.<\/p>\n<\/div>\n<\/article>\n\n<\/div>\n<div class=\"wf-cell category-210 category-211 category-188 category-203 category-175 category-212\" data-post-id=\"42975\" data-date=\"2015-10-26T18:55:12+01:00\" data-name=\"SERIE PRESTIGE\">\n<article class=\"post post-42975 dt_portfolio type-dt_portfolio status-publish has-post-thumbnail hentry dt_portfolio_category-1f1c-it dt_portfolio_category-2f2c-it dt_portfolio_category-mamparas-it dt_portfolio_category-mamparas-para-ducha-it dt_portfolio_category-destacado-it dt_portfolio_category-correderas-it dt_portfolio_category-210 dt_portfolio_category-211 dt_portfolio_category-188 dt_portfolio_category-203 dt_portfolio_category-175 dt_portfolio_category-212 bg-on\">\n\n\t<div class=\"project-list-media\">\n\t<figure class=\"buttons-on-img forward-post\">\n\t\t<a href=\"https:\/\/gmelorente.com\/it\/producto\/serie-prestige\/\" class=\"alignnone rollover layzr-bg\" title=\"FRONTAL PRESTIGE CON LAT. FIJO - pag. 87 del cat\u00e1logo\"  aria-label=\"Post image\"><img decoding=\"async\" class=\"preload-me iso-lazy-load aspect\" src=\"data:image\/svg+xml,%3Csvg%20xmlns%3D&#39;http%3A%2F%2Fwww.w3.org%2F2000%2Fsvg&#39;%20viewBox%3D&#39;0%200%20714%20714&#39;%2F%3E\" data-src=\"https:\/\/gmelorente.com\/wp-content\/uploads\/GME_PRESTIGE_LAT_FIJO-714x714.jpg\" data-srcset=\"https:\/\/gmelorente.com\/wp-content\/uploads\/GME_PRESTIGE_LAT_FIJO-714x714.jpg 714w\" loading=\"eager\" style=\"--ratio: 714 \/ 714\" sizes=\"(max-width: 714px) 100vw, 714px\" alt=\"\" width=\"714\" height=\"714\"  \/><\/a>\t\t\t<\/figure>\n<\/div>\n<div class=\"project-list-content\">\n\t<h3 class=\"entry-title\"><a href=\"https:\/\/gmelorente.com\/it\/producto\/serie-prestige\/\" title=\"SERIE PRESTIGE\" rel=\"bookmark\">SERIE PRESTIGE<\/a><\/h3><p>Cabina doccia in alluminio con vetri fissi da 8 mm e ante scorrevoli da 8 mm. Un livello superiore.<\/p>\n<\/div>\n<\/article>\n\n<\/div>\n<div class=\"wf-cell category-210 category-211 category-203 category-188 category-175 category-212\" data-post-id=\"42984\" data-date=\"2015-10-26T18:37:31+01:00\" data-name=\"SERIE VETRUM\">\n<article class=\"post post-42984 dt_portfolio type-dt_portfolio status-publish has-post-thumbnail hentry dt_portfolio_category-1f1c-it dt_portfolio_category-2f2c-it dt_portfolio_category-mamparas-para-ducha-it dt_portfolio_category-mamparas-it dt_portfolio_category-destacado-it dt_portfolio_category-correderas-it dt_portfolio_category-210 dt_portfolio_category-211 dt_portfolio_category-203 dt_portfolio_category-188 dt_portfolio_category-175 dt_portfolio_category-212 bg-on\">\n\n\t<div class=\"project-list-media\">\n\t<figure class=\"buttons-on-img forward-post\">\n\t\t<a href=\"https:\/\/gmelorente.com\/it\/producto\/serie-vetrum\/\" class=\"alignnone rollover layzr-bg\" title=\"PORTADA\"  aria-label=\"Post image\"><img decoding=\"async\" class=\"preload-me iso-lazy-load aspect\" src=\"data:image\/svg+xml,%3Csvg%20xmlns%3D&#39;http%3A%2F%2Fwww.w3.org%2F2000%2Fsvg&#39;%20viewBox%3D&#39;0%200%20563%20563&#39;%2F%3E\" data-src=\"https:\/\/gmelorente.com\/wp-content\/uploads\/PORTADA-563x563.jpg\" data-srcset=\"https:\/\/gmelorente.com\/wp-content\/uploads\/PORTADA-563x563.jpg 563w\" loading=\"eager\" style=\"--ratio: 563 \/ 563\" sizes=\"(max-width: 563px) 100vw, 563px\" alt=\"\" width=\"563\" height=\"563\"  \/><\/a>\t\t\t<\/figure>\n<\/div>\n<div class=\"project-list-content\">\n\t<h3 class=\"entry-title\"><a href=\"https:\/\/gmelorente.com\/it\/producto\/serie-vetrum\/\" title=\"SERIE VETRUM\" rel=\"bookmark\">SERIE VETRUM<\/a><\/h3><p>Cabina doccia in acciaio inox con vetri fissi da 10mm e pannelli scorrevoli da 8mm. Un design all\u2019avanguardia.<\/p>\n<\/div>\n<\/article>\n\n<\/div>\n<div class=\"wf-cell category-210 category-211 category-188 category-203 category-175 category-212\" data-post-id=\"64540\" data-date=\"2022-04-28T17:35:44+02:00\" data-name=\"SERIE VITRO\">\n<article class=\"post post-64540 dt_portfolio type-dt_portfolio status-publish has-post-thumbnail hentry dt_portfolio_category-1f1c-it dt_portfolio_category-2f2c-it dt_portfolio_category-mamparas-it dt_portfolio_category-mamparas-para-ducha-it dt_portfolio_category-destacado-it dt_portfolio_category-correderas-it dt_portfolio_category-210 dt_portfolio_category-211 dt_portfolio_category-188 dt_portfolio_category-203 dt_portfolio_category-175 dt_portfolio_category-212 bg-on\">\n\n\t<div class=\"project-list-media\">\n\t<figure class=\"buttons-on-img forward-post\">\n\t\t<a href=\"https:\/\/gmelorente.com\/it\/producto\/vitro-chamber-series-without-top-periphery\/\" class=\"alignnone rollover layzr-bg\" title=\"FRONTAL-VITRO\"  aria-label=\"Post image\"><img decoding=\"async\" class=\"preload-me iso-lazy-load aspect\" src=\"data:image\/svg+xml,%3Csvg%20xmlns%3D&#39;http%3A%2F%2Fwww.w3.org%2F2000%2Fsvg&#39;%20viewBox%3D&#39;0%200%20700%20700&#39;%2F%3E\" data-src=\"https:\/\/gmelorente.com\/wp-content\/uploads\/VITRO-FRONTALFIJO-brazo.jpg\" data-srcset=\"https:\/\/gmelorente.com\/wp-content\/uploads\/VITRO-FRONTALFIJO-brazo.jpg 700w\" loading=\"eager\" style=\"--ratio: 700 \/ 700\" sizes=\"(max-width: 700px) 100vw, 700px\" alt=\"\" width=\"700\" height=\"700\"  \/><\/a>\t\t\t<\/figure>\n<\/div>\n<div class=\"project-list-content\">\n\t<h3 class=\"entry-title\"><a href=\"https:\/\/gmelorente.com\/it\/producto\/vitro-chamber-series-without-top-periphery\/\" title=\"SERIE VITRO\" rel=\"bookmark\">SERIE VITRO<\/a><\/h3><p>Cabina doccia in alluminio con vetri da 6 mm. Leader nel settore delle cabine doccia in alluminio.<\/p>\n<\/div>\n<\/article>\n\n<\/div><\/div><\/div>[\/vc_column][\/vc_row]<\/p>\n","protected":false},"excerpt":{"rendered":"<p>[vc_row][vc_column][\/vc_column][\/vc_row]<\/p>\n","protected":false},"author":1,"featured_media":0,"parent":43067,"menu_order":0,"comment_status":"closed","ping_status":"closed","template":"","meta":{"footnotes":""},"class_list":["post-43073","page","type-page","status-publish","hentry","description-off"],"yoast_head":"<!-- This site is optimized with the Yoast SEO plugin v27.4 - https:\/\/yoast.com\/product\/yoast-seo-wordpress\/ -->\n<title>2 Fissi + 2 Porte + Laterale fisso - GME DIVISI\u00d3N BA\u00d1OS<\/title>\n<meta name=\"robots\" content=\"index, follow, max-snippet:-1, max-image-preview:large, max-video-preview:-1\" \/>\n<link rel=\"canonical\" href=\"https:\/\/gmelorente.com\/it\/asesor-virtual\/mamparas-de-ducha\/mamparas-angulares\/frontales-lateral-fijo\/correderas-lateral-fijo\/fijos-puertas-lateral-fijo\/\" \/>\n<meta property=\"og:locale\" content=\"it_IT\" \/>\n<meta property=\"og:type\" content=\"article\" \/>\n<meta property=\"og:title\" content=\"2 Fissi + 2 Porte + Laterale fisso - GME DIVISI\u00d3N BA\u00d1OS\" \/>\n<meta property=\"og:description\" content=\"[vc_row][vc_column][\/vc_column][\/vc_row]\" \/>\n<meta property=\"og:url\" content=\"https:\/\/gmelorente.com\/it\/asesor-virtual\/mamparas-de-ducha\/mamparas-angulares\/frontales-lateral-fijo\/correderas-lateral-fijo\/fijos-puertas-lateral-fijo\/\" \/>\n<meta property=\"og:site_name\" content=\"GME DIVISI\u00d3N BA\u00d1OS\" \/>\n<meta property=\"article:publisher\" content=\"https:\/\/www.facebook.com\/gmedivision\/?fref=ts\" \/>\n<meta property=\"article:modified_time\" content=\"2016-02-29T12:47:15+00:00\" \/>\n<meta name=\"twitter:card\" content=\"summary_large_image\" \/>\n<script type=\"application\/ld+json\" class=\"yoast-schema-graph\">{\"@context\":\"https:\\\/\\\/schema.org\",\"@graph\":[{\"@type\":\"WebPage\",\"@id\":\"https:\\\/\\\/gmelorente.com\\\/it\\\/asesor-virtual\\\/mamparas-de-ducha\\\/mamparas-angulares\\\/frontales-lateral-fijo\\\/correderas-lateral-fijo\\\/fijos-puertas-lateral-fijo\\\/\",\"url\":\"https:\\\/\\\/gmelorente.com\\\/it\\\/asesor-virtual\\\/mamparas-de-ducha\\\/mamparas-angulares\\\/frontales-lateral-fijo\\\/correderas-lateral-fijo\\\/fijos-puertas-lateral-fijo\\\/\",\"name\":\"2 Fissi + 2 Porte + Laterale fisso - GME DIVISI\u00d3N BA\u00d1OS\",\"isPartOf\":{\"@id\":\"https:\\\/\\\/gmelorente.com\\\/#website\"},\"datePublished\":\"2015-11-04T01:23:21+00:00\",\"dateModified\":\"2016-02-29T12:47:15+00:00\",\"breadcrumb\":{\"@id\":\"https:\\\/\\\/gmelorente.com\\\/it\\\/asesor-virtual\\\/mamparas-de-ducha\\\/mamparas-angulares\\\/frontales-lateral-fijo\\\/correderas-lateral-fijo\\\/fijos-puertas-lateral-fijo\\\/#breadcrumb\"},\"inLanguage\":\"it-IT\",\"potentialAction\":[{\"@type\":\"ReadAction\",\"target\":[\"https:\\\/\\\/gmelorente.com\\\/it\\\/asesor-virtual\\\/mamparas-de-ducha\\\/mamparas-angulares\\\/frontales-lateral-fijo\\\/correderas-lateral-fijo\\\/fijos-puertas-lateral-fijo\\\/\"]}]},{\"@type\":\"BreadcrumbList\",\"@id\":\"https:\\\/\\\/gmelorente.com\\\/it\\\/asesor-virtual\\\/mamparas-de-ducha\\\/mamparas-angulares\\\/frontales-lateral-fijo\\\/correderas-lateral-fijo\\\/fijos-puertas-lateral-fijo\\\/#breadcrumb\",\"itemListElement\":[{\"@type\":\"ListItem\",\"position\":1,\"name\":\"Home\",\"item\":\"https:\\\/\\\/gmelorente.com\\\/it\\\/\"},{\"@type\":\"ListItem\",\"position\":2,\"name\":\"Consigliere di cabine\",\"item\":\"https:\\\/\\\/gmelorente.com\\\/it\\\/asesor-virtual\\\/\"},{\"@type\":\"ListItem\",\"position\":3,\"name\":\"Cabina doccia\",\"item\":\"https:\\\/\\\/gmelorente.com\\\/it\\\/asesor-virtual\\\/mamparas-de-ducha\\\/\"},{\"@type\":\"ListItem\",\"position\":4,\"name\":\"Cabina doccia angolare\",\"item\":\"https:\\\/\\\/gmelorente.com\\\/it\\\/asesor-virtual\\\/mamparas-de-ducha\\\/mamparas-angulares\\\/\"},{\"@type\":\"ListItem\",\"position\":5,\"name\":\"Frontale + Laterale fisso\",\"item\":\"https:\\\/\\\/gmelorente.com\\\/it\\\/asesor-virtual\\\/mamparas-de-ducha\\\/mamparas-angulares\\\/frontales-lateral-fijo\\\/\"},{\"@type\":\"ListItem\",\"position\":6,\"name\":\"Scorrevoli + Laterale fisso\",\"item\":\"https:\\\/\\\/gmelorente.com\\\/it\\\/asesor-virtual\\\/mamparas-de-ducha\\\/mamparas-angulares\\\/frontales-lateral-fijo\\\/correderas-lateral-fijo\\\/\"},{\"@type\":\"ListItem\",\"position\":7,\"name\":\"2 Fissi + 2 Porte + Laterale fisso\"}]},{\"@type\":\"WebSite\",\"@id\":\"https:\\\/\\\/gmelorente.com\\\/#website\",\"url\":\"https:\\\/\\\/gmelorente.com\\\/\",\"name\":\"GME DIVISI\u00d3N BA\u00d1OS\",\"description\":\"Mamparas de ducha y mucho m\u00e1s\",\"publisher\":{\"@id\":\"https:\\\/\\\/gmelorente.com\\\/#organization\"},\"potentialAction\":[{\"@type\":\"SearchAction\",\"target\":{\"@type\":\"EntryPoint\",\"urlTemplate\":\"https:\\\/\\\/gmelorente.com\\\/?s={search_term_string}\"},\"query-input\":{\"@type\":\"PropertyValueSpecification\",\"valueRequired\":true,\"valueName\":\"search_term_string\"}}],\"inLanguage\":\"it-IT\"},{\"@type\":\"Organization\",\"@id\":\"https:\\\/\\\/gmelorente.com\\\/#organization\",\"name\":\"GME DIVISI\u00d3N BA\u00d1OS S.L.\",\"url\":\"https:\\\/\\\/gmelorente.com\\\/\",\"logo\":{\"@type\":\"ImageObject\",\"inLanguage\":\"it-IT\",\"@id\":\"https:\\\/\\\/gmelorente.com\\\/#\\\/schema\\\/logo\\\/image\\\/\",\"url\":\"https:\\\/\\\/gmelorente.com\\\/wp-content\\\/uploads\\\/logo-gme-azul.jpg\",\"contentUrl\":\"https:\\\/\\\/gmelorente.com\\\/wp-content\\\/uploads\\\/logo-gme-azul.jpg\",\"width\":810,\"height\":298,\"caption\":\"GME DIVISI\u00d3N BA\u00d1OS S.L.\"},\"image\":{\"@id\":\"https:\\\/\\\/gmelorente.com\\\/#\\\/schema\\\/logo\\\/image\\\/\"},\"sameAs\":[\"https:\\\/\\\/www.facebook.com\\\/gmedivision\\\/?fref=ts\",\"https:\\\/\\\/es.pinterest.com\\\/gmedivision\\\/?eq=gme&amp;etslf=14997\"]}]}<\/script>\n<!-- \/ Yoast SEO plugin. -->","yoast_head_json":{"title":"2 Fissi + 2 Porte + Laterale fisso - GME DIVISI\u00d3N BA\u00d1OS","robots":{"index":"index","follow":"follow","max-snippet":"max-snippet:-1","max-image-preview":"max-image-preview:large","max-video-preview":"max-video-preview:-1"},"canonical":"https:\/\/gmelorente.com\/it\/asesor-virtual\/mamparas-de-ducha\/mamparas-angulares\/frontales-lateral-fijo\/correderas-lateral-fijo\/fijos-puertas-lateral-fijo\/","og_locale":"it_IT","og_type":"article","og_title":"2 Fissi + 2 Porte + Laterale fisso - GME DIVISI\u00d3N BA\u00d1OS","og_description":"[vc_row][vc_column][\/vc_column][\/vc_row]","og_url":"https:\/\/gmelorente.com\/it\/asesor-virtual\/mamparas-de-ducha\/mamparas-angulares\/frontales-lateral-fijo\/correderas-lateral-fijo\/fijos-puertas-lateral-fijo\/","og_site_name":"GME DIVISI\u00d3N BA\u00d1OS","article_publisher":"https:\/\/www.facebook.com\/gmedivision\/?fref=ts","article_modified_time":"2016-02-29T12:47:15+00:00","twitter_card":"summary_large_image","schema":{"@context":"https:\/\/schema.org","@graph":[{"@type":"WebPage","@id":"https:\/\/gmelorente.com\/it\/asesor-virtual\/mamparas-de-ducha\/mamparas-angulares\/frontales-lateral-fijo\/correderas-lateral-fijo\/fijos-puertas-lateral-fijo\/","url":"https:\/\/gmelorente.com\/it\/asesor-virtual\/mamparas-de-ducha\/mamparas-angulares\/frontales-lateral-fijo\/correderas-lateral-fijo\/fijos-puertas-lateral-fijo\/","name":"2 Fissi + 2 Porte + Laterale fisso - GME DIVISI\u00d3N BA\u00d1OS","isPartOf":{"@id":"https:\/\/gmelorente.com\/#website"},"datePublished":"2015-11-04T01:23:21+00:00","dateModified":"2016-02-29T12:47:15+00:00","breadcrumb":{"@id":"https:\/\/gmelorente.com\/it\/asesor-virtual\/mamparas-de-ducha\/mamparas-angulares\/frontales-lateral-fijo\/correderas-lateral-fijo\/fijos-puertas-lateral-fijo\/#breadcrumb"},"inLanguage":"it-IT","potentialAction":[{"@type":"ReadAction","target":["https:\/\/gmelorente.com\/it\/asesor-virtual\/mamparas-de-ducha\/mamparas-angulares\/frontales-lateral-fijo\/correderas-lateral-fijo\/fijos-puertas-lateral-fijo\/"]}]},{"@type":"BreadcrumbList","@id":"https:\/\/gmelorente.com\/it\/asesor-virtual\/mamparas-de-ducha\/mamparas-angulares\/frontales-lateral-fijo\/correderas-lateral-fijo\/fijos-puertas-lateral-fijo\/#breadcrumb","itemListElement":[{"@type":"ListItem","position":1,"name":"Home","item":"https:\/\/gmelorente.com\/it\/"},{"@type":"ListItem","position":2,"name":"Consigliere di cabine","item":"https:\/\/gmelorente.com\/it\/asesor-virtual\/"},{"@type":"ListItem","position":3,"name":"Cabina doccia","item":"https:\/\/gmelorente.com\/it\/asesor-virtual\/mamparas-de-ducha\/"},{"@type":"ListItem","position":4,"name":"Cabina doccia angolare","item":"https:\/\/gmelorente.com\/it\/asesor-virtual\/mamparas-de-ducha\/mamparas-angulares\/"},{"@type":"ListItem","position":5,"name":"Frontale + Laterale fisso","item":"https:\/\/gmelorente.com\/it\/asesor-virtual\/mamparas-de-ducha\/mamparas-angulares\/frontales-lateral-fijo\/"},{"@type":"ListItem","position":6,"name":"Scorrevoli + Laterale fisso","item":"https:\/\/gmelorente.com\/it\/asesor-virtual\/mamparas-de-ducha\/mamparas-angulares\/frontales-lateral-fijo\/correderas-lateral-fijo\/"},{"@type":"ListItem","position":7,"name":"2 Fissi + 2 Porte + Laterale fisso"}]},{"@type":"WebSite","@id":"https:\/\/gmelorente.com\/#website","url":"https:\/\/gmelorente.com\/","name":"GME DIVISI\u00d3N BA\u00d1OS","description":"Mamparas de ducha y mucho m\u00e1s","publisher":{"@id":"https:\/\/gmelorente.com\/#organization"},"potentialAction":[{"@type":"SearchAction","target":{"@type":"EntryPoint","urlTemplate":"https:\/\/gmelorente.com\/?s={search_term_string}"},"query-input":{"@type":"PropertyValueSpecification","valueRequired":true,"valueName":"search_term_string"}}],"inLanguage":"it-IT"},{"@type":"Organization","@id":"https:\/\/gmelorente.com\/#organization","name":"GME DIVISI\u00d3N BA\u00d1OS S.L.","url":"https:\/\/gmelorente.com\/","logo":{"@type":"ImageObject","inLanguage":"it-IT","@id":"https:\/\/gmelorente.com\/#\/schema\/logo\/image\/","url":"https:\/\/gmelorente.com\/wp-content\/uploads\/logo-gme-azul.jpg","contentUrl":"https:\/\/gmelorente.com\/wp-content\/uploads\/logo-gme-azul.jpg","width":810,"height":298,"caption":"GME DIVISI\u00d3N BA\u00d1OS S.L."},"image":{"@id":"https:\/\/gmelorente.com\/#\/schema\/logo\/image\/"},"sameAs":["https:\/\/www.facebook.com\/gmedivision\/?fref=ts","https:\/\/es.pinterest.com\/gmedivision\/?eq=gme&amp;etslf=14997"]}]}},"_links":{"self":[{"href":"https:\/\/gmelorente.com\/it\/wp-json\/wp\/v2\/pages\/43073","targetHints":{"allow":["GET"]}}],"collection":[{"href":"https:\/\/gmelorente.com\/it\/wp-json\/wp\/v2\/pages"}],"about":[{"href":"https:\/\/gmelorente.com\/it\/wp-json\/wp\/v2\/types\/page"}],"author":[{"embeddable":true,"href":"https:\/\/gmelorente.com\/it\/wp-json\/wp\/v2\/users\/1"}],"replies":[{"embeddable":true,"href":"https:\/\/gmelorente.com\/it\/wp-json\/wp\/v2\/comments?post=43073"}],"version-history":[{"count":0,"href":"https:\/\/gmelorente.com\/it\/wp-json\/wp\/v2\/pages\/43073\/revisions"}],"up":[{"embeddable":true,"href":"https:\/\/gmelorente.com\/it\/wp-json\/wp\/v2\/pages\/43067"}],"wp:attachment":[{"href":"https:\/\/gmelorente.com\/it\/wp-json\/wp\/v2\/media?parent=43073"}],"curies":[{"name":"wp","href":"https:\/\/api.w.org\/{rel}","templated":true}]}}