{"id":43094,"date":"2015-08-13T16:35:04","date_gmt":"2015-08-13T14:35:04","guid":{"rendered":"https:\/\/gmelorente.com\/it\/productos\/platos-de-ducha\/"},"modified":"2016-02-28T20:26:57","modified_gmt":"2016-02-28T19:26:57","slug":"platos-de-ducha","status":"publish","type":"page","link":"https:\/\/gmelorente.com\/it\/productos\/platos-de-ducha\/","title":{"rendered":"Piatti doccia"},"content":{"rendered":"<p>[vc_row][vc_column]<div class=\"dt-shortcode with-isotope\"><div class=\"filter iso-filter extras-off\"><div class=\"filter-categories\" data-default-order=\"asc\" data-default-orderby=\"title\"><a href=\"https:\/\/gmelorente.com\/it\/productos\/platos-de-ducha\/\" class=\"show-all act\" data-filter=\"*\" aria-label=\"Apply filter: Vedi tutto\">Vedi tutto<\/a><a href=\"https:\/\/gmelorente.com\/it\/productos\/platos-de-ducha\/?term=182\" class=\"resina-carga-mineral-plus-it\" data-filter=\".category-182\" aria-label=\"Apply filter: Resina carica minerale plus\">Resina carica minerale plus<\/a><a href=\"https:\/\/gmelorente.com\/it\/productos\/platos-de-ducha\/?term=179\" class=\"resina-carga-mineral-tradicional-it\" data-filter=\".category-179\" aria-label=\"Apply filter: Resina carica minerale tradizionale\">Resina carica minerale tradizionale<\/a><a href=\"https:\/\/gmelorente.com\/it\/productos\/platos-de-ducha\/?term=176\" class=\"resina-tecnica-it\" data-filter=\".category-176\" aria-label=\"Apply filter: Resina tecnica\">Resina tecnica<\/a><\/div><\/div><div class=\"wf-container dt-portfolio-shortcode loading-effect-none iso-grid bg-under-post description-under-image content-align-left\" data-padding=\"20px\" data-cur-page=\"1\" data-posts-per-page=\"-1\" data-width=\"0px\" data-columns=\"4\">\n<div class=\"wf-cell category-170 category-182\" data-post-id=\"42915\" data-date=\"2015-10-27T01:20:47+01:00\" data-name=\"PIATTO PER DOCCIA ARDESIA\">\n<article class=\"post post-42915 dt_portfolio type-dt_portfolio status-publish has-post-thumbnail hentry dt_portfolio_category-platos-de-ducha-it dt_portfolio_category-resina-carga-mineral-plus-it dt_portfolio_category-170 dt_portfolio_category-182 bg-on\">\n\n\t<div class=\"project-list-media\">\n\t<figure class=\"buttons-on-img forward-post\">\n\t\t<a href=\"https:\/\/gmelorente.com\/it\/producto\/plato-de-ducha-ardesia-2\/\" class=\"alignnone rollover layzr-bg\" title=\"PLATOS CARGA MINERAL ARDESIA PLUS PIZARRA - pag. 187 del cat\u00e1logo\"  aria-label=\"Post image\"><img fetchpriority=\"high\" decoding=\"async\" class=\"preload-me iso-lazy-load aspect\" src=\"data:image\/svg+xml,%3Csvg%20xmlns%3D&#39;http%3A%2F%2Fwww.w3.org%2F2000%2Fsvg&#39;%20viewBox%3D&#39;0%200%20840%20840&#39;%2F%3E\" data-src=\"https:\/\/gmelorente.com\/wp-content\/uploads\/Cascada_Ardesia_plus.jpg\" data-srcset=\"https:\/\/gmelorente.com\/wp-content\/uploads\/Cascada_Ardesia_plus.jpg 840w\" loading=\"eager\" style=\"--ratio: 840 \/ 840\" sizes=\"(max-width: 840px) 100vw, 840px\" alt=\"\" width=\"840\" height=\"840\"  \/><\/a>\t\t\t<\/figure>\n<\/div>\n<div class=\"project-list-content\">\n\t<h3 class=\"entry-title\"><a href=\"https:\/\/gmelorente.com\/it\/producto\/plato-de-ducha-ardesia-2\/\" title=\"PIATTO PER DOCCIA ARDESIA\" rel=\"bookmark\">PIATTO PER DOCCIA ARDESIA<\/a><\/h3><p>Con cariche minerali di ultima generazione, fabbricato in resina con una nuova formula di cariche minerali e gel coat.<\/p>\n<\/div>\n<\/article>\n\n<\/div>\n<div class=\"wf-cell category-170 category-176 category-175\" data-post-id=\"42906\" data-date=\"2015-10-27T01:45:36+01:00\" data-name=\"PIATTO PER DOCCIA RESITEC ROCK\">\n<article class=\"post post-42906 dt_portfolio type-dt_portfolio status-publish has-post-thumbnail hentry dt_portfolio_category-platos-de-ducha-it dt_portfolio_category-resina-tecnica-it dt_portfolio_category-destacado-it dt_portfolio_category-170 dt_portfolio_category-176 dt_portfolio_category-175 bg-on\">\n\n\t<div class=\"project-list-media\">\n\t<figure class=\"buttons-on-img forward-post\">\n\t\t<a href=\"https:\/\/gmelorente.com\/it\/producto\/plato-de-ducha-resitec-rock\/\" class=\"alignnone rollover layzr-bg\" title=\"PLATOS DE RESINA RESITEC ROCK PIEDRA - pag. 191 del cat\u00e1logo\"  aria-label=\"Post image\"><img decoding=\"async\" class=\"preload-me iso-lazy-load aspect\" src=\"data:image\/svg+xml,%3Csvg%20xmlns%3D&#39;http%3A%2F%2Fwww.w3.org%2F2000%2Fsvg&#39;%20viewBox%3D&#39;0%200%20840%20840&#39;%2F%3E\" data-src=\"https:\/\/gmelorente.com\/wp-content\/uploads\/Cascada_Resitec_rock.jpg\" data-srcset=\"https:\/\/gmelorente.com\/wp-content\/uploads\/Cascada_Resitec_rock.jpg 840w\" loading=\"eager\" style=\"--ratio: 840 \/ 840\" sizes=\"(max-width: 840px) 100vw, 840px\" alt=\"\" width=\"840\" height=\"840\"  \/><\/a>\t\t\t<\/figure>\n<\/div>\n<div class=\"project-list-content\">\n\t<h3 class=\"entry-title\"><a href=\"https:\/\/gmelorente.com\/it\/producto\/plato-de-ducha-resitec-rock\/\" title=\"PIATTO PER DOCCIA RESITEC ROCK\" rel=\"bookmark\">PIATTO PER DOCCIA RESITEC ROCK<\/a><\/h3><p>Piatti fabbricati in resina tecnica e  gel coat sanitario mediante una tecnologia e un sistema di produzione che ci permette di alleggerire notevolmente il peso.<\/p>\n<\/div>\n<\/article>\n\n<\/div>\n<div class=\"wf-cell category-170 category-179\" data-post-id=\"42909\" data-date=\"2015-10-27T01:38:20+01:00\" data-name=\"PIATTO PER DOCCIA STONE CLASSIC\">\n<article class=\"post post-42909 dt_portfolio type-dt_portfolio status-publish has-post-thumbnail hentry dt_portfolio_category-platos-de-ducha-it dt_portfolio_category-resina-carga-mineral-tradicional-it dt_portfolio_category-170 dt_portfolio_category-179 bg-on\">\n\n\t<div class=\"project-list-media\">\n\t<figure class=\"buttons-on-img forward-post\">\n\t\t<a href=\"https:\/\/gmelorente.com\/it\/producto\/plato-de-ducha-stone-classic\/\" class=\"alignnone rollover layzr-bg\" title=\"PLATOS CARGA MINERAL STONE CLASSIC PIZARRA - pag. 185 del cat\u00e1logo\"  aria-label=\"Post image\"><img decoding=\"async\" class=\"preload-me iso-lazy-load aspect\" src=\"data:image\/svg+xml,%3Csvg%20xmlns%3D&#39;http%3A%2F%2Fwww.w3.org%2F2000%2Fsvg&#39;%20viewBox%3D&#39;0%200%20840%20840&#39;%2F%3E\" data-src=\"https:\/\/gmelorente.com\/wp-content\/uploads\/Cascada_Stone_classic.jpg\" data-srcset=\"https:\/\/gmelorente.com\/wp-content\/uploads\/Cascada_Stone_classic.jpg 840w\" loading=\"eager\" style=\"--ratio: 840 \/ 840\" sizes=\"(max-width: 840px) 100vw, 840px\" alt=\"\" width=\"840\" height=\"840\"  \/><\/a>\t\t\t<\/figure>\n<\/div>\n<div class=\"project-list-content\">\n\t<h3 class=\"entry-title\"><a href=\"https:\/\/gmelorente.com\/it\/producto\/plato-de-ducha-stone-classic\/\" title=\"PIATTO PER DOCCIA STONE CLASSIC\" rel=\"bookmark\">PIATTO PER DOCCIA STONE CLASSIC<\/a><\/h3><p>Piatto per doccia ultra-slim in resina con cariche minerali e gel coat sanitario.<\/p>\n<\/div>\n<\/article>\n\n<\/div>\n<div class=\"wf-cell category-170 category-182 category-175\" data-post-id=\"42912\" data-date=\"2015-10-27T01:31:39+01:00\" data-name=\"PIATTO PER DOCCIA STYLE PLUS\">\n<article class=\"post post-42912 dt_portfolio type-dt_portfolio status-publish has-post-thumbnail hentry dt_portfolio_category-platos-de-ducha-it dt_portfolio_category-resina-carga-mineral-plus-it dt_portfolio_category-destacado-it dt_portfolio_category-170 dt_portfolio_category-182 dt_portfolio_category-175 bg-on\">\n\n\t<div class=\"project-list-media\">\n\t<figure class=\"buttons-on-img forward-post\">\n\t\t<a href=\"https:\/\/gmelorente.com\/it\/producto\/plato-de-ducha-style-plus\/\" class=\"alignnone rollover layzr-bg\" title=\"PLATOS CARGA MINERAL STYLE PLUS PIZARRA - pag. 189 del cat\u00e1logo\"  aria-label=\"Post image\"><img decoding=\"async\" class=\"preload-me iso-lazy-load aspect\" src=\"data:image\/svg+xml,%3Csvg%20xmlns%3D&#39;http%3A%2F%2Fwww.w3.org%2F2000%2Fsvg&#39;%20viewBox%3D&#39;0%200%20840%20840&#39;%2F%3E\" data-src=\"https:\/\/gmelorente.com\/wp-content\/uploads\/Cascada_Style_Plus.jpg\" data-srcset=\"https:\/\/gmelorente.com\/wp-content\/uploads\/Cascada_Style_Plus.jpg 840w\" loading=\"eager\" style=\"--ratio: 840 \/ 840\" sizes=\"(max-width: 840px) 100vw, 840px\" alt=\"\" width=\"840\" height=\"840\"  \/><\/a>\t\t\t<\/figure>\n<\/div>\n<div class=\"project-list-content\">\n\t<h3 class=\"entry-title\"><a href=\"https:\/\/gmelorente.com\/it\/producto\/plato-de-ducha-style-plus\/\" title=\"PIATTO PER DOCCIA STYLE PLUS\" rel=\"bookmark\">PIATTO PER DOCCIA STYLE PLUS<\/a><\/h3><p>Con cariche minerali di ultima generazione, fabbricato in resina con una nuova formula di cariche minerali e gel coat.<\/p>\n<\/div>\n<\/article>\n\n<\/div><\/div><\/div>[\/vc_column][\/vc_row]<\/p>\n","protected":false},"excerpt":{"rendered":"<p>[vc_row][vc_column][\/vc_column][\/vc_row]<\/p>\n","protected":false},"author":1,"featured_media":0,"parent":43079,"menu_order":0,"comment_status":"closed","ping_status":"closed","template":"","meta":{"footnotes":""},"class_list":["post-43094","page","type-page","status-publish","hentry","description-off"],"yoast_head":"<!-- This site is optimized with the Yoast SEO plugin v27.3 - https:\/\/yoast.com\/product\/yoast-seo-wordpress\/ -->\n<title>Fabricante platos de ducha con certificados de calidad GME<\/title>\n<meta name=\"description\" content=\"Fabricante platos de ducha con certificados de calidad GME. Platos de resina con carga mineral a medida, con corte y con un plazo de entrega medio de 48 horas.\" \/>\n<meta name=\"robots\" content=\"index, follow, max-snippet:-1, max-image-preview:large, max-video-preview:-1\" \/>\n<link rel=\"canonical\" href=\"https:\/\/gmelorente.com\/it\/productos\/platos-de-ducha\/\" \/>\n<meta property=\"og:locale\" content=\"it_IT\" \/>\n<meta property=\"og:type\" content=\"article\" \/>\n<meta property=\"og:title\" content=\"Fabricante platos de ducha con certificados de calidad GME\" \/>\n<meta property=\"og:description\" content=\"Fabricante platos de ducha con certificados de calidad GME. Platos de resina con carga mineral a medida, con corte y con un plazo de entrega medio de 48 horas.\" \/>\n<meta property=\"og:url\" content=\"https:\/\/gmelorente.com\/it\/productos\/platos-de-ducha\/\" \/>\n<meta property=\"og:site_name\" content=\"GME DIVISI\u00d3N BA\u00d1OS\" \/>\n<meta property=\"article:publisher\" content=\"https:\/\/www.facebook.com\/gmedivision\/?fref=ts\" \/>\n<meta property=\"article:modified_time\" content=\"2016-02-28T19:26:57+00:00\" \/>\n<meta name=\"twitter:card\" content=\"summary_large_image\" \/>\n<script type=\"application\/ld+json\" class=\"yoast-schema-graph\">{\"@context\":\"https:\\\/\\\/schema.org\",\"@graph\":[{\"@type\":\"WebPage\",\"@id\":\"https:\\\/\\\/gmelorente.com\\\/it\\\/productos\\\/platos-de-ducha\\\/\",\"url\":\"https:\\\/\\\/gmelorente.com\\\/it\\\/productos\\\/platos-de-ducha\\\/\",\"name\":\"Fabricante platos de ducha con certificados de calidad GME\",\"isPartOf\":{\"@id\":\"https:\\\/\\\/gmelorente.com\\\/#website\"},\"datePublished\":\"2015-08-13T14:35:04+00:00\",\"dateModified\":\"2016-02-28T19:26:57+00:00\",\"description\":\"Fabricante platos de ducha con certificados de calidad GME. Platos de resina con carga mineral a medida, con corte y con un plazo de entrega medio de 48 horas.\",\"breadcrumb\":{\"@id\":\"https:\\\/\\\/gmelorente.com\\\/it\\\/productos\\\/platos-de-ducha\\\/#breadcrumb\"},\"inLanguage\":\"it-IT\",\"potentialAction\":[{\"@type\":\"ReadAction\",\"target\":[\"https:\\\/\\\/gmelorente.com\\\/it\\\/productos\\\/platos-de-ducha\\\/\"]}]},{\"@type\":\"BreadcrumbList\",\"@id\":\"https:\\\/\\\/gmelorente.com\\\/it\\\/productos\\\/platos-de-ducha\\\/#breadcrumb\",\"itemListElement\":[{\"@type\":\"ListItem\",\"position\":1,\"name\":\"Home\",\"item\":\"https:\\\/\\\/gmelorente.com\\\/it\\\/\"},{\"@type\":\"ListItem\",\"position\":2,\"name\":\"Produrre\",\"item\":\"https:\\\/\\\/gmelorente.com\\\/it\\\/productos\\\/\"},{\"@type\":\"ListItem\",\"position\":3,\"name\":\"Piatti doccia\"}]},{\"@type\":\"WebSite\",\"@id\":\"https:\\\/\\\/gmelorente.com\\\/#website\",\"url\":\"https:\\\/\\\/gmelorente.com\\\/\",\"name\":\"GME DIVISI\u00d3N BA\u00d1OS\",\"description\":\"Mamparas de ducha y mucho m\u00e1s\",\"publisher\":{\"@id\":\"https:\\\/\\\/gmelorente.com\\\/#organization\"},\"potentialAction\":[{\"@type\":\"SearchAction\",\"target\":{\"@type\":\"EntryPoint\",\"urlTemplate\":\"https:\\\/\\\/gmelorente.com\\\/?s={search_term_string}\"},\"query-input\":{\"@type\":\"PropertyValueSpecification\",\"valueRequired\":true,\"valueName\":\"search_term_string\"}}],\"inLanguage\":\"it-IT\"},{\"@type\":\"Organization\",\"@id\":\"https:\\\/\\\/gmelorente.com\\\/#organization\",\"name\":\"GME DIVISI\u00d3N BA\u00d1OS S.L.\",\"url\":\"https:\\\/\\\/gmelorente.com\\\/\",\"logo\":{\"@type\":\"ImageObject\",\"inLanguage\":\"it-IT\",\"@id\":\"https:\\\/\\\/gmelorente.com\\\/#\\\/schema\\\/logo\\\/image\\\/\",\"url\":\"https:\\\/\\\/gmelorente.com\\\/wp-content\\\/uploads\\\/logo-gme-azul.jpg\",\"contentUrl\":\"https:\\\/\\\/gmelorente.com\\\/wp-content\\\/uploads\\\/logo-gme-azul.jpg\",\"width\":810,\"height\":298,\"caption\":\"GME DIVISI\u00d3N BA\u00d1OS S.L.\"},\"image\":{\"@id\":\"https:\\\/\\\/gmelorente.com\\\/#\\\/schema\\\/logo\\\/image\\\/\"},\"sameAs\":[\"https:\\\/\\\/www.facebook.com\\\/gmedivision\\\/?fref=ts\",\"https:\\\/\\\/es.pinterest.com\\\/gmedivision\\\/?eq=gme&amp;etslf=14997\"]}]}<\/script>\n<!-- \/ Yoast SEO plugin. -->","yoast_head_json":{"title":"Fabricante platos de ducha con certificados de calidad GME","description":"Fabricante platos de ducha con certificados de calidad GME. Platos de resina con carga mineral a medida, con corte y con un plazo de entrega medio de 48 horas.","robots":{"index":"index","follow":"follow","max-snippet":"max-snippet:-1","max-image-preview":"max-image-preview:large","max-video-preview":"max-video-preview:-1"},"canonical":"https:\/\/gmelorente.com\/it\/productos\/platos-de-ducha\/","og_locale":"it_IT","og_type":"article","og_title":"Fabricante platos de ducha con certificados de calidad GME","og_description":"Fabricante platos de ducha con certificados de calidad GME. Platos de resina con carga mineral a medida, con corte y con un plazo de entrega medio de 48 horas.","og_url":"https:\/\/gmelorente.com\/it\/productos\/platos-de-ducha\/","og_site_name":"GME DIVISI\u00d3N BA\u00d1OS","article_publisher":"https:\/\/www.facebook.com\/gmedivision\/?fref=ts","article_modified_time":"2016-02-28T19:26:57+00:00","twitter_card":"summary_large_image","schema":{"@context":"https:\/\/schema.org","@graph":[{"@type":"WebPage","@id":"https:\/\/gmelorente.com\/it\/productos\/platos-de-ducha\/","url":"https:\/\/gmelorente.com\/it\/productos\/platos-de-ducha\/","name":"Fabricante platos de ducha con certificados de calidad GME","isPartOf":{"@id":"https:\/\/gmelorente.com\/#website"},"datePublished":"2015-08-13T14:35:04+00:00","dateModified":"2016-02-28T19:26:57+00:00","description":"Fabricante platos de ducha con certificados de calidad GME. Platos de resina con carga mineral a medida, con corte y con un plazo de entrega medio de 48 horas.","breadcrumb":{"@id":"https:\/\/gmelorente.com\/it\/productos\/platos-de-ducha\/#breadcrumb"},"inLanguage":"it-IT","potentialAction":[{"@type":"ReadAction","target":["https:\/\/gmelorente.com\/it\/productos\/platos-de-ducha\/"]}]},{"@type":"BreadcrumbList","@id":"https:\/\/gmelorente.com\/it\/productos\/platos-de-ducha\/#breadcrumb","itemListElement":[{"@type":"ListItem","position":1,"name":"Home","item":"https:\/\/gmelorente.com\/it\/"},{"@type":"ListItem","position":2,"name":"Produrre","item":"https:\/\/gmelorente.com\/it\/productos\/"},{"@type":"ListItem","position":3,"name":"Piatti doccia"}]},{"@type":"WebSite","@id":"https:\/\/gmelorente.com\/#website","url":"https:\/\/gmelorente.com\/","name":"GME DIVISI\u00d3N BA\u00d1OS","description":"Mamparas de ducha y mucho m\u00e1s","publisher":{"@id":"https:\/\/gmelorente.com\/#organization"},"potentialAction":[{"@type":"SearchAction","target":{"@type":"EntryPoint","urlTemplate":"https:\/\/gmelorente.com\/?s={search_term_string}"},"query-input":{"@type":"PropertyValueSpecification","valueRequired":true,"valueName":"search_term_string"}}],"inLanguage":"it-IT"},{"@type":"Organization","@id":"https:\/\/gmelorente.com\/#organization","name":"GME DIVISI\u00d3N BA\u00d1OS S.L.","url":"https:\/\/gmelorente.com\/","logo":{"@type":"ImageObject","inLanguage":"it-IT","@id":"https:\/\/gmelorente.com\/#\/schema\/logo\/image\/","url":"https:\/\/gmelorente.com\/wp-content\/uploads\/logo-gme-azul.jpg","contentUrl":"https:\/\/gmelorente.com\/wp-content\/uploads\/logo-gme-azul.jpg","width":810,"height":298,"caption":"GME DIVISI\u00d3N BA\u00d1OS S.L."},"image":{"@id":"https:\/\/gmelorente.com\/#\/schema\/logo\/image\/"},"sameAs":["https:\/\/www.facebook.com\/gmedivision\/?fref=ts","https:\/\/es.pinterest.com\/gmedivision\/?eq=gme&amp;etslf=14997"]}]}},"_links":{"self":[{"href":"https:\/\/gmelorente.com\/it\/wp-json\/wp\/v2\/pages\/43094","targetHints":{"allow":["GET"]}}],"collection":[{"href":"https:\/\/gmelorente.com\/it\/wp-json\/wp\/v2\/pages"}],"about":[{"href":"https:\/\/gmelorente.com\/it\/wp-json\/wp\/v2\/types\/page"}],"author":[{"embeddable":true,"href":"https:\/\/gmelorente.com\/it\/wp-json\/wp\/v2\/users\/1"}],"replies":[{"embeddable":true,"href":"https:\/\/gmelorente.com\/it\/wp-json\/wp\/v2\/comments?post=43094"}],"version-history":[{"count":0,"href":"https:\/\/gmelorente.com\/it\/wp-json\/wp\/v2\/pages\/43094\/revisions"}],"up":[{"embeddable":true,"href":"https:\/\/gmelorente.com\/it\/wp-json\/wp\/v2\/pages\/43079"}],"wp:attachment":[{"href":"https:\/\/gmelorente.com\/it\/wp-json\/wp\/v2\/media?parent=43094"}],"curies":[{"name":"wp","href":"https:\/\/api.w.org\/{rel}","templated":true}]}}