{"id":43100,"date":"2015-08-13T16:43:34","date_gmt":"2015-08-13T14:43:34","guid":{"rendered":"https:\/\/gmelorente.com\/it\/productos\/mamparas-y-platos-a-medida\/platos-a-medida\/"},"modified":"2016-02-28T20:00:14","modified_gmt":"2016-02-28T19:00:14","slug":"platos-a-medida","status":"publish","type":"page","link":"https:\/\/gmelorente.com\/it\/productos\/mamparas-y-platos-a-medida\/platos-a-medida\/","title":{"rendered":"Piatti su misura"},"content":{"rendered":"<div><\/div>\n<div>Fabbrichiamo tutti i nostri modelli di piatti ultra-slim a seconda delle tue esigenze, modelli ARDESIA PLUS, STYLE PLUS, STONE CLASSIC, RESITEC ROCK E RESITEC SWEET.<\/div>\n<div><\/div>\n<div>I tagli sono completamente gratuiti, se prendiamo come riferimento la misura standard immediatamente superiore del nostro catalogo, la misura massima \u00e8 di 2 mt. di lunghezza per 90\/100 cm di larghezza, a seconda del modello. Altre misure solo su richiesta e conferma del fabbricante.<\/div>\n<div><\/div>\n<div>I termini di consegna dei piatti su misura non superano i 7 giorni in condizioni normali.<\/div>\n<div><\/div>\n<div>Allo stesso tempo, per il nostro modello STONE CLASSIC offriamo la possibilit\u00e0 di fabbricare il piatto in qualsiasi colore della Scala RAL con 50 punti di sovrapprezzo.<\/div>\n<p>&nbsp;<\/p>\n<p><strong>Piatti su misura con taglio<\/strong><\/p>\n<p style=\"text-align: justify;\">In GME vi offriamo la possibilit\u00e0 di fabbricare piatti su misura, e di tagliare a \u00a0misura la nostra gamma di piatti in resina. In tal modo, qualsiasi ostacolo presente nel vostro bagno (colonne, pareti divisorie ecc.) non sar\u00e0 pi\u00f9 un problema<\/p>\n<p style=\"text-align: justify;\">Per richiedere piatti tagliati \u00e8 necessario che spediate un bozzetto del \u00a0progetto del piatto con le misure richieste. Per calcolare il prezzo dei piatti tagliati su misura si deve considerare il prezzo del piatto con la misura immediatamente superiore. Esempio: 165&#215;72, si applica la tariffa del piatto con misure 170&#215;80.<\/p>\n<p style=\"text-align: justify;\">Il termine di consegna per i modelli Stone Classic, Ardesia, Style Plus e Resitec Rock\u00a0 \u00e8 di una settimana.<br \/>\nPer il\u00a0 modello Resitec Sweet\u00a0 un termine di consegna di 15 giorni.<\/p>\n<p><strong>Piatti XXL<\/strong><\/p>\n<p>Oltre alla vastissima gamma di piatti standard con servizio immediato, commercializziamo anche piatti con misure speciali XXL.<\/p>\n<p><span style=\"text-align: justify;\">I modelli Stone Classic e Ardesia Plus permettono larghezze speciali di 90 e 100 cm, fino a una lunghezza di 2 metri. Termine di consegna di 1 settimana.<br \/>\nI modelli Resitec Rock e Sweet permettono una larghezza speciale di 90 cm con una lunghezza fino a 2 metri. Termine di consegna 1 settimana.<\/span><\/p>\n<p><strong>Piatti con riquadro<\/strong><\/p>\n<p>Se desideri piatti di resina con riquadro, ti offriamo due possibilit\u00e0, la finitura pietra (Fresh) o liscia (Sweet).<\/p>\n<p>Per calcolare un piatto con bordo Fresh sommare ai punti del piatto Rock i punti dei metri lineari di riquadro di Fresh<br \/>\nATTENZIONE, QUESTO PIATTO CON RIQUADRO \u00c8 DISPONIBILE SOLO NELLA FINITURA FRESH.<\/p>\n<p>Per calcolare il piatto con riquadro Sweet (liscio), sommare al punto del piatto Sweet i punti dei metri lineari di bordo liscio.<br \/>\nTermine di consegna approssimativo. 1 settimana FRESH, 15 giorni SWEET.<\/p>\n<p><img loading=\"lazy\" decoding=\"async\" class=\" size-full wp-image-38357 alignnone\" src=\"https:\/\/gmelorente.com\/wp-content\/uploads\/platos-resitec-enmarcados.jpg\" alt=\"platos-resitec-enmarcados\" width=\"515\" height=\"254\" srcset=\"https:\/\/gmelorente.com\/wp-content\/uploads\/platos-resitec-enmarcados.jpg 515w, https:\/\/gmelorente.com\/wp-content\/uploads\/platos-resitec-enmarcados-300x148.jpg 300w, https:\/\/gmelorente.com\/wp-content\/uploads\/platos-resitec-enmarcados-20x10.jpg 20w\" sizes=\"auto, (max-width: 515px) 100vw, 515px\" \/><\/p>\n<p>&nbsp;<\/p>\n<p><strong>PANELES DE BA\u00d1ERA DE 1 cm<\/strong><\/p>\n<p>Desde GME ofrecemos la posibilidad de pedir paneles de ba\u00f1era de 1 cm de grosor con el mismo acabado y color que nuestros platos de ducha.<\/p>\n<p>Con un plazo de entrega en los modelos Rock y Sweet de 15 d\u00edas y un plazo de entrega de 1 semana en los modelos Ardesia, Style y Stone.<\/p>\n<p>Tambien podeis pedir z\u00f3calos de hasta 15 cm de altura.<\/p>\n<p><img loading=\"lazy\" decoding=\"async\" class=\" wp-image-38558 alignleft\" src=\"https:\/\/gmelorente.com\/wp-content\/uploads\/panel-de-banera-web.jpg\" alt=\"panel-de-banera-web\" width=\"567\" height=\"323\" srcset=\"https:\/\/gmelorente.com\/wp-content\/uploads\/panel-de-banera-web.jpg 882w, https:\/\/gmelorente.com\/wp-content\/uploads\/panel-de-banera-web-300x170.jpg 300w, https:\/\/gmelorente.com\/wp-content\/uploads\/panel-de-banera-web-768x436.jpg 768w, https:\/\/gmelorente.com\/wp-content\/uploads\/panel-de-banera-web-20x11.jpg 20w\" sizes=\"auto, (max-width: 567px) 100vw, 567px\" \/><\/p>\n<p>&nbsp;<\/p>\n<p>&nbsp;<\/p>\n<p>&nbsp;<\/p>\n<p>&nbsp;<\/p>\n<p>&nbsp;<\/p>\n<p>&nbsp;<\/p>\n<p>&nbsp;<\/p>\n<p>&nbsp;<\/p>\n<p>&nbsp;<\/p>\n<p>&nbsp;<\/p>\n<p>&nbsp;<\/p>\n<p>&nbsp;<\/p>\n<p>&nbsp;<\/p>\n<p>&nbsp;<\/p>\n","protected":false},"excerpt":{"rendered":"<p>Fabbrichiamo tutti i nostri modelli di piatti ultra-slim a seconda delle tue esigenze, modelli ARDESIA PLUS, STYLE PLUS, STONE CLASSIC, RESITEC ROCK E RESITEC SWEET. I tagli sono completamente gratuiti, se prendiamo come riferimento la misura standard immediatamente superiore del nostro catalogo, la misura massima \u00e8 di 2 mt. di lunghezza per 90\/100 cm di&hellip;<\/p>\n","protected":false},"author":1,"featured_media":0,"parent":43082,"menu_order":0,"comment_status":"closed","ping_status":"closed","template":"","meta":{"footnotes":""},"class_list":["post-43100","page","type-page","status-publish","hentry","description-off"],"yoast_head":"<!-- This site is optimized with the Yoast SEO plugin v27.2 - https:\/\/yoast.com\/product\/yoast-seo-wordpress\/ -->\n<title>Platos de ducha de carga mineral a medida - GME<\/title>\n<meta name=\"description\" content=\"Fabricamos cualquiera de nuestros modelos de platos extraplanos de resina con carga mineral\u00a0a la medida que usted necesite, incluyendo cortes y tama\u00f1o XXL.\" \/>\n<meta name=\"robots\" content=\"index, follow, max-snippet:-1, max-image-preview:large, max-video-preview:-1\" \/>\n<link rel=\"canonical\" href=\"https:\/\/gmelorente.com\/it\/productos\/mamparas-y-platos-a-medida\/platos-a-medida\/\" \/>\n<meta property=\"og:locale\" content=\"it_IT\" \/>\n<meta property=\"og:type\" content=\"article\" \/>\n<meta property=\"og:title\" content=\"Platos de ducha de carga mineral a medida - GME\" \/>\n<meta property=\"og:description\" content=\"Fabricamos cualquiera de nuestros modelos de platos extraplanos de resina con carga mineral\u00a0a la medida que usted necesite, incluyendo cortes y tama\u00f1o XXL.\" \/>\n<meta property=\"og:url\" content=\"https:\/\/gmelorente.com\/it\/productos\/mamparas-y-platos-a-medida\/platos-a-medida\/\" \/>\n<meta property=\"og:site_name\" content=\"GME DIVISI\u00d3N BA\u00d1OS\" \/>\n<meta property=\"article:publisher\" content=\"https:\/\/www.facebook.com\/gmedivision\/?fref=ts\" \/>\n<meta property=\"article:modified_time\" content=\"2016-02-28T19:00:14+00:00\" \/>\n<meta property=\"og:image\" content=\"https:\/\/gmelorente.com\/wp-content\/uploads\/platos-resitec-enmarcados.jpg\" \/>\n<meta name=\"twitter:card\" content=\"summary_large_image\" \/>\n<meta name=\"twitter:label1\" content=\"Tempo di lettura stimato\" \/>\n\t<meta name=\"twitter:data1\" content=\"2 minuti\" \/>\n<script type=\"application\/ld+json\" class=\"yoast-schema-graph\">{\"@context\":\"https:\/\/schema.org\",\"@graph\":[{\"@type\":\"WebPage\",\"@id\":\"https:\/\/gmelorente.com\/it\/productos\/mamparas-y-platos-a-medida\/platos-a-medida\/\",\"url\":\"https:\/\/gmelorente.com\/it\/productos\/mamparas-y-platos-a-medida\/platos-a-medida\/\",\"name\":\"Platos de ducha de carga mineral a medida - GME\",\"isPartOf\":{\"@id\":\"https:\/\/gmelorente.com\/#website\"},\"primaryImageOfPage\":{\"@id\":\"https:\/\/gmelorente.com\/it\/productos\/mamparas-y-platos-a-medida\/platos-a-medida\/#primaryimage\"},\"image\":{\"@id\":\"https:\/\/gmelorente.com\/it\/productos\/mamparas-y-platos-a-medida\/platos-a-medida\/#primaryimage\"},\"thumbnailUrl\":\"https:\/\/gmelorente.com\/wp-content\/uploads\/platos-resitec-enmarcados.jpg\",\"datePublished\":\"2015-08-13T14:43:34+00:00\",\"dateModified\":\"2016-02-28T19:00:14+00:00\",\"description\":\"Fabricamos cualquiera de nuestros modelos de platos extraplanos de resina con carga mineral\u00a0a la medida que usted necesite, incluyendo cortes y tama\u00f1o XXL.\",\"breadcrumb\":{\"@id\":\"https:\/\/gmelorente.com\/it\/productos\/mamparas-y-platos-a-medida\/platos-a-medida\/#breadcrumb\"},\"inLanguage\":\"it-IT\",\"potentialAction\":[{\"@type\":\"ReadAction\",\"target\":[\"https:\/\/gmelorente.com\/it\/productos\/mamparas-y-platos-a-medida\/platos-a-medida\/\"]}]},{\"@type\":\"ImageObject\",\"inLanguage\":\"it-IT\",\"@id\":\"https:\/\/gmelorente.com\/it\/productos\/mamparas-y-platos-a-medida\/platos-a-medida\/#primaryimage\",\"url\":\"https:\/\/gmelorente.com\/wp-content\/uploads\/platos-resitec-enmarcados.jpg\",\"contentUrl\":\"https:\/\/gmelorente.com\/wp-content\/uploads\/platos-resitec-enmarcados.jpg\"},{\"@type\":\"BreadcrumbList\",\"@id\":\"https:\/\/gmelorente.com\/it\/productos\/mamparas-y-platos-a-medida\/platos-a-medida\/#breadcrumb\",\"itemListElement\":[{\"@type\":\"ListItem\",\"position\":1,\"name\":\"Home\",\"item\":\"https:\/\/gmelorente.com\/it\/\"},{\"@type\":\"ListItem\",\"position\":2,\"name\":\"Produrre\",\"item\":\"https:\/\/gmelorente.com\/it\/productos\/\"},{\"@type\":\"ListItem\",\"position\":3,\"name\":\"Su misura\",\"item\":\"https:\/\/gmelorente.com\/it\/productos\/mamparas-y-platos-a-medida\/\"},{\"@type\":\"ListItem\",\"position\":4,\"name\":\"Piatti su misura\"}]},{\"@type\":\"WebSite\",\"@id\":\"https:\/\/gmelorente.com\/#website\",\"url\":\"https:\/\/gmelorente.com\/\",\"name\":\"GME DIVISI\u00d3N BA\u00d1OS\",\"description\":\"Mamparas de ducha y mucho m\u00e1s\",\"publisher\":{\"@id\":\"https:\/\/gmelorente.com\/#organization\"},\"potentialAction\":[{\"@type\":\"SearchAction\",\"target\":{\"@type\":\"EntryPoint\",\"urlTemplate\":\"https:\/\/gmelorente.com\/?s={search_term_string}\"},\"query-input\":{\"@type\":\"PropertyValueSpecification\",\"valueRequired\":true,\"valueName\":\"search_term_string\"}}],\"inLanguage\":\"it-IT\"},{\"@type\":\"Organization\",\"@id\":\"https:\/\/gmelorente.com\/#organization\",\"name\":\"GME DIVISI\u00d3N BA\u00d1OS S.L.\",\"url\":\"https:\/\/gmelorente.com\/\",\"logo\":{\"@type\":\"ImageObject\",\"inLanguage\":\"it-IT\",\"@id\":\"https:\/\/gmelorente.com\/#\/schema\/logo\/image\/\",\"url\":\"https:\/\/gmelorente.com\/wp-content\/uploads\/logo-gme-azul.jpg\",\"contentUrl\":\"https:\/\/gmelorente.com\/wp-content\/uploads\/logo-gme-azul.jpg\",\"width\":810,\"height\":298,\"caption\":\"GME DIVISI\u00d3N BA\u00d1OS S.L.\"},\"image\":{\"@id\":\"https:\/\/gmelorente.com\/#\/schema\/logo\/image\/\"},\"sameAs\":[\"https:\/\/www.facebook.com\/gmedivision\/?fref=ts\",\"https:\/\/es.pinterest.com\/gmedivision\/?eq=gme&amp;etslf=14997\"]}]}<\/script>\n<!-- \/ Yoast SEO plugin. -->","yoast_head_json":{"title":"Platos de ducha de carga mineral a medida - GME","description":"Fabricamos cualquiera de nuestros modelos de platos extraplanos de resina con carga mineral\u00a0a la medida que usted necesite, incluyendo cortes y tama\u00f1o XXL.","robots":{"index":"index","follow":"follow","max-snippet":"max-snippet:-1","max-image-preview":"max-image-preview:large","max-video-preview":"max-video-preview:-1"},"canonical":"https:\/\/gmelorente.com\/it\/productos\/mamparas-y-platos-a-medida\/platos-a-medida\/","og_locale":"it_IT","og_type":"article","og_title":"Platos de ducha de carga mineral a medida - GME","og_description":"Fabricamos cualquiera de nuestros modelos de platos extraplanos de resina con carga mineral\u00a0a la medida que usted necesite, incluyendo cortes y tama\u00f1o XXL.","og_url":"https:\/\/gmelorente.com\/it\/productos\/mamparas-y-platos-a-medida\/platos-a-medida\/","og_site_name":"GME DIVISI\u00d3N BA\u00d1OS","article_publisher":"https:\/\/www.facebook.com\/gmedivision\/?fref=ts","article_modified_time":"2016-02-28T19:00:14+00:00","og_image":[{"url":"https:\/\/gmelorente.com\/wp-content\/uploads\/platos-resitec-enmarcados.jpg","type":"","width":"","height":""}],"twitter_card":"summary_large_image","twitter_misc":{"Tempo di lettura stimato":"2 minuti"},"schema":{"@context":"https:\/\/schema.org","@graph":[{"@type":"WebPage","@id":"https:\/\/gmelorente.com\/it\/productos\/mamparas-y-platos-a-medida\/platos-a-medida\/","url":"https:\/\/gmelorente.com\/it\/productos\/mamparas-y-platos-a-medida\/platos-a-medida\/","name":"Platos de ducha de carga mineral a medida - GME","isPartOf":{"@id":"https:\/\/gmelorente.com\/#website"},"primaryImageOfPage":{"@id":"https:\/\/gmelorente.com\/it\/productos\/mamparas-y-platos-a-medida\/platos-a-medida\/#primaryimage"},"image":{"@id":"https:\/\/gmelorente.com\/it\/productos\/mamparas-y-platos-a-medida\/platos-a-medida\/#primaryimage"},"thumbnailUrl":"https:\/\/gmelorente.com\/wp-content\/uploads\/platos-resitec-enmarcados.jpg","datePublished":"2015-08-13T14:43:34+00:00","dateModified":"2016-02-28T19:00:14+00:00","description":"Fabricamos cualquiera de nuestros modelos de platos extraplanos de resina con carga mineral\u00a0a la medida que usted necesite, incluyendo cortes y tama\u00f1o XXL.","breadcrumb":{"@id":"https:\/\/gmelorente.com\/it\/productos\/mamparas-y-platos-a-medida\/platos-a-medida\/#breadcrumb"},"inLanguage":"it-IT","potentialAction":[{"@type":"ReadAction","target":["https:\/\/gmelorente.com\/it\/productos\/mamparas-y-platos-a-medida\/platos-a-medida\/"]}]},{"@type":"ImageObject","inLanguage":"it-IT","@id":"https:\/\/gmelorente.com\/it\/productos\/mamparas-y-platos-a-medida\/platos-a-medida\/#primaryimage","url":"https:\/\/gmelorente.com\/wp-content\/uploads\/platos-resitec-enmarcados.jpg","contentUrl":"https:\/\/gmelorente.com\/wp-content\/uploads\/platos-resitec-enmarcados.jpg"},{"@type":"BreadcrumbList","@id":"https:\/\/gmelorente.com\/it\/productos\/mamparas-y-platos-a-medida\/platos-a-medida\/#breadcrumb","itemListElement":[{"@type":"ListItem","position":1,"name":"Home","item":"https:\/\/gmelorente.com\/it\/"},{"@type":"ListItem","position":2,"name":"Produrre","item":"https:\/\/gmelorente.com\/it\/productos\/"},{"@type":"ListItem","position":3,"name":"Su misura","item":"https:\/\/gmelorente.com\/it\/productos\/mamparas-y-platos-a-medida\/"},{"@type":"ListItem","position":4,"name":"Piatti su misura"}]},{"@type":"WebSite","@id":"https:\/\/gmelorente.com\/#website","url":"https:\/\/gmelorente.com\/","name":"GME DIVISI\u00d3N BA\u00d1OS","description":"Mamparas de ducha y mucho m\u00e1s","publisher":{"@id":"https:\/\/gmelorente.com\/#organization"},"potentialAction":[{"@type":"SearchAction","target":{"@type":"EntryPoint","urlTemplate":"https:\/\/gmelorente.com\/?s={search_term_string}"},"query-input":{"@type":"PropertyValueSpecification","valueRequired":true,"valueName":"search_term_string"}}],"inLanguage":"it-IT"},{"@type":"Organization","@id":"https:\/\/gmelorente.com\/#organization","name":"GME DIVISI\u00d3N BA\u00d1OS S.L.","url":"https:\/\/gmelorente.com\/","logo":{"@type":"ImageObject","inLanguage":"it-IT","@id":"https:\/\/gmelorente.com\/#\/schema\/logo\/image\/","url":"https:\/\/gmelorente.com\/wp-content\/uploads\/logo-gme-azul.jpg","contentUrl":"https:\/\/gmelorente.com\/wp-content\/uploads\/logo-gme-azul.jpg","width":810,"height":298,"caption":"GME DIVISI\u00d3N BA\u00d1OS S.L."},"image":{"@id":"https:\/\/gmelorente.com\/#\/schema\/logo\/image\/"},"sameAs":["https:\/\/www.facebook.com\/gmedivision\/?fref=ts","https:\/\/es.pinterest.com\/gmedivision\/?eq=gme&amp;etslf=14997"]}]}},"_links":{"self":[{"href":"https:\/\/gmelorente.com\/it\/wp-json\/wp\/v2\/pages\/43100","targetHints":{"allow":["GET"]}}],"collection":[{"href":"https:\/\/gmelorente.com\/it\/wp-json\/wp\/v2\/pages"}],"about":[{"href":"https:\/\/gmelorente.com\/it\/wp-json\/wp\/v2\/types\/page"}],"author":[{"embeddable":true,"href":"https:\/\/gmelorente.com\/it\/wp-json\/wp\/v2\/users\/1"}],"replies":[{"embeddable":true,"href":"https:\/\/gmelorente.com\/it\/wp-json\/wp\/v2\/comments?post=43100"}],"version-history":[{"count":0,"href":"https:\/\/gmelorente.com\/it\/wp-json\/wp\/v2\/pages\/43100\/revisions"}],"up":[{"embeddable":true,"href":"https:\/\/gmelorente.com\/it\/wp-json\/wp\/v2\/pages\/43082"}],"wp:attachment":[{"href":"https:\/\/gmelorente.com\/it\/wp-json\/wp\/v2\/media?parent=43100"}],"curies":[{"name":"wp","href":"https:\/\/api.w.org\/{rel}","templated":true}]}}