{"id":43103,"date":"2015-08-13T16:43:11","date_gmt":"2015-08-13T14:43:11","guid":{"rendered":"https:\/\/gmelorente.com\/it\/productos\/mamparas-y-platos-a-medida\/mamparas-a-medida\/"},"modified":"2022-05-09T17:08:47","modified_gmt":"2022-05-09T15:08:47","slug":"cloisons-sur-mesure","status":"publish","type":"page","link":"https:\/\/gmelorente.com\/it\/productos\/mamparas-y-platos-a-medida\/cloisons-sur-mesure\/","title":{"rendered":"Partizioni su misura"},"content":{"rendered":"<p>[vc_row margin_top=&#8221;20&#8243;][vc_column][vc_column_text css=&#8221;.vc_custom_1613570877398{margin-bottom: 15px !important;}&#8221;]<\/p>\n<h1>CABINE DOCCIA SU MISURA<\/h1>\n<p><strong>GME<\/strong> offre la possibilit\u00e0 di realizzare alcuni dei suoi schermi su<strong> misura per soddisfare<\/strong> qualsiasi esigenza particolare del vostro bagno. A volte le aperture per l&#8217;installazione dello schermo non hanno misure standard, quindi dobbiamo produrre schermi speciali.<\/p>\n<p>Si parla sempre di fare gli schermi con<strong> vetro di sicurezza temperato<\/strong>, che \u00e8 progettato in modo che in caso di rottura, non vi \u00e8 alcun rischio potenziale di causare gravi lesioni alle persone che sono nelle vicinanze in quel momento.<\/p>\n<p>Il tempo medio di consegna \u00e8 di <strong>15 giorni<\/strong>. Nessuna restituzione o cancellazione sar\u00e0 accettata una volta che la produzione \u00e8 iniziata.<\/p>\n<p>Se hai dei dubbi e vuoi che ti consigliamo, scrivi a<strong> info@gmelorente.com<\/strong> e ti risponderemo il prima possibile.<\/p>\n<p>Le soluzioni personalizzate che offriamo sono le seguenti:[\/vc_column_text][\/vc_column][\/vc_row][vc_row][vc_column css_animation=&#8221;fadeIn&#8221; width=&#8221;1\/4&#8243;][vc_hoverbox image=&#8221;76370&#8243; primary_title=&#8221;&#8221; primary_align=&#8221;justify&#8221; hover_title=&#8221;&#8221; hover_background_color=&#8221;white&#8221; css_animation=&#8221;appear&#8221; css=&#8221;.vc_custom_1614776254457{margin-top: 50px !important;background-color: #ffffff !important;}&#8221;]<\/p>\n<p><strong>Modello TRIO con cassetto nel pannello fisso<\/strong><\/p>\n<p>[\/vc_hoverbox][\/vc_column][vc_column width=&#8221;1\/4&#8243;][vc_hoverbox image=&#8221;76376&#8243; primary_title=&#8221;&#8221; primary_align=&#8221;justify&#8221; hover_title=&#8221;&#8221; hover_background_color=&#8221;white&#8221; css_animation=&#8221;appear&#8221; css=&#8221;.vc_custom_1613737940465{margin-top: 50px !important;background-color: #ffffff !important;}&#8221;]<\/p>\n<p><strong>Modello combi E aperto con lati fissi personalizzati<\/strong><\/p>\n<p>[\/vc_hoverbox][\/vc_column][vc_column width=&#8221;1\/4&#8243;]<div id=\"ult-carousel-300024828869ed05e6cbd6b\" class=\"ult-carousel-wrapper  vc_custom_1613736945610  ult_horizontal\" data-gutter=\"5\" data-rtl=\"false\" ><div class=\"ult-carousel-37028394869ed05e6cbc4e \" >[vc_hoverbox image=&#8221;76396&#8243; primary_title=&#8221;&#8221; primary_align=&#8221;justify&#8221; hover_title=&#8221;&#8221; hover_background_color=&#8221;white&#8221; css_animation=&#8221;appear&#8221; css=&#8221;.vc_custom_1613738158639{background-color: #ffffff !important;}&#8221;]<\/p>\n<p><strong>Schermo con finitura fum\u00e9<\/strong><\/p>\n<p>[\/vc_hoverbox][vc_hoverbox image=&#8221;76392&#8243; primary_title=&#8221;&#8221; primary_align=&#8221;justify&#8221; hover_title=&#8221;&#8221; hover_background_color=&#8221;white&#8221; css_animation=&#8221;appear&#8221; css=&#8221;.vc_custom_1613738175164{background-color: #ffffff !important;}&#8221;]<\/p>\n<p><strong>Paravento con finitura verde parsol<\/strong><\/p>\n<p>[\/vc_hoverbox][vc_hoverbox image=&#8221;76388&#8243; primary_title=&#8221;&#8221; primary_align=&#8221;justify&#8221; hover_title=&#8221;&#8221; hover_background_color=&#8221;white&#8221; css_animation=&#8221;appear&#8221; css=&#8221;.vc_custom_1613738575504{background-color: #ffffff !important;}&#8221;]<\/p>\n<p><strong>Modello di schermo con finitura carglass<\/strong><\/p>\n<p>[\/vc_hoverbox]<\/div><\/div>\t\t\t<script type=\"text\/javascript\">\n\t\t\t\tjQuery(document).ready(function ($) {\n\t\t\t\t\tif( typeof jQuery('.ult-carousel-37028394869ed05e6cbc4e').slick == \"function\"){\n\t\t\t\t\t\t$('.ult-carousel-37028394869ed05e6cbc4e').slick({dots: false,autoplay: true,autoplaySpeed: \"5000\",speed: \"300\",infinite: true,arrows: true,nextArrow: '<button type=\"button\" role=\"button\" aria-label=\"Next\" style=\"color:#333333; font-size:20px;\" class=\"slick-next default\"><i class=\"ultsl-arrow-right4\"><\/i><\/button>',prevArrow: '<button type=\"button\" role=\"button\" aria-label=\"Previous\" style=\"color:#333333; font-size:20px;\" class=\"slick-prev default\"><i class=\"ultsl-arrow-left4\"><\/i><\/button>',slidesToScroll:1,slidesToShow:1,swipe: true,draggable: true,touchMove: true,pauseOnHover: true,pauseOnFocus: false,responsive: [\n\t\t\t\t\t\t\t{\n\t\t\t\t\t\t\t  breakpoint: 1026,\n\t\t\t\t\t\t\t  settings: {\n\t\t\t\t\t\t\t\tslidesToShow: 1,\n\t\t\t\t\t\t\t\tslidesToScroll: 1,  \n\t\t\t\t\t\t\t  }\n\t\t\t\t\t\t\t},\n\t\t\t\t\t\t\t{\n\t\t\t\t\t\t\t  breakpoint: 1025,\n\t\t\t\t\t\t\t  settings: {\n\t\t\t\t\t\t\t\tslidesToShow: 1,\n\t\t\t\t\t\t\t\tslidesToScroll: 1\n\t\t\t\t\t\t\t  }\n\t\t\t\t\t\t\t},\n\t\t\t\t\t\t\t{\n\t\t\t\t\t\t\t  breakpoint: 760,\n\t\t\t\t\t\t\t  settings: {\n\t\t\t\t\t\t\t\tslidesToShow: 1,\n\t\t\t\t\t\t\t\tslidesToScroll: 1\n\t\t\t\t\t\t\t  }\n\t\t\t\t\t\t\t}\n\t\t\t\t\t\t],pauseOnDotsHover: true,customPaging: function(slider, i) {\n                   return '<i type=\"button\" style= \"color:#333333;\" class=\"ultsl-record\" data-role=\"none\"><\/i>';\n                },});\n\t\t\t\t\t}\n\t\t\t\t});\n\t\t\t<\/script>\n\t\t\t[\/vc_column][vc_column width=&#8221;1\/4&#8243;][vc_hoverbox image=&#8221;76400&#8243; primary_title=&#8221;&#8221; primary_align=&#8221;justify&#8221; hover_title=&#8221;&#8221; hover_background_color=&#8221;white&#8221; css_animation=&#8221;appear&#8221; css=&#8221;.vc_custom_1613738599478{margin-top: 50px !important;background-color: #ffffff !important;}&#8221;]<\/p>\n<p>Modello base Frost con profili neri e altezza speciale 150 cm<\/p>\n<p>[\/vc_hoverbox][\/vc_column][\/vc_row][vc_row][vc_column width=&#8221;1\/4&#8243;][vc_column_text]<\/p>\n<p><strong>TAGLIO QUADRATO<\/strong><\/p>\n<p>\u00c8 comune dover fare una rientranza nello schermo per la sua corretta installazione. Alla GME, offriamo la possibilit\u00e0 di fare questo su schermi su misura. La maggior parte dei nostri modelli pu\u00f2 essere tagliata in quadrato. Per fare questo, dovete indicare le misure dell&#8217;angolo retto che volete tagliare.[\/vc_column_text][vc_column_text]<\/p>\n<p>&nbsp;<\/p>\n<p><strong><img loading=\"lazy\" decoding=\"async\" class=\"wp-image-38454 alignleft\" src=\"https:\/\/gmelorente.com\/wp-content\/uploads\/laterales-medida-01.jpg\" alt=\"laterales-medida-01\" width=\"334\" height=\"296\" \/><\/strong><\/p>\n<p><strong>\u00a0<\/strong><\/p>\n<p>[\/vc_column_text][\/vc_column][vc_column width=&#8221;1\/4&#8243;][vc_column_text]<\/p>\n<p><strong>LATI FISSI SU MISURA<\/strong><\/p>\n<p>Alla GME, offriamo la possibilit\u00e0 di realizzare i lati fissi su misura per adattarsi a qualsiasi dimensione. Spesso dobbiamo superare degli ostacoli per installare correttamente il nostro schermo. Che si tratti di una colonna, di una zona di scale o, come in questo caso, di una soffitta con un tetto spiovente, dobbiamo fare il nostro schermo fisso su misura, purch\u00e9 non superi 120 cm di larghezza o 195 cm di altezza.[\/vc_column_text][\/vc_column][vc_column width=&#8221;1\/4&#8243;][vc_column_text]<\/p>\n<p><strong>FINITURE SPECIALI<\/strong><\/p>\n<p>Alla GME siamo esperti nella produzione di tutti i tipi di vetro e vetrate. Per questo motivo, oltre a disporre di una grande variet\u00e0 di schermi, abbiamo anche i macchinari necessari per dare una finitura personalizzata al vetro, come: vetro colorato, opaco, carglass o fum\u00e9.[\/vc_column_text][\/vc_column][vc_column width=&#8221;1\/4&#8243;][vc_column_text]<\/p>\n<p><strong>PARETI DIVISORIE SU MISURA<\/strong><\/p>\n<p>Possiamo fabbricare i nostri modelli BASIC, TEMPLE, FUTURA, ROTARY, VITRO e TWENTY nei loro vari formati con le misure da voi richieste, sia in larghezza che in altezza (vedi larghezza e altezza massima). Produciamo il vostro schermo su misura secondo le vostre istruzioni e necessit\u00e0.[\/vc_column_text][\/vc_column][\/vc_row]<\/p>\n","protected":false},"excerpt":{"rendered":"<p>[vc_row margin_top=&#8221;20&#8243;][vc_column][vc_column_text css=&#8221;.vc_custom_1613570877398{margin-bottom: 15px !important;}&#8221;] CABINE DOCCIA SU MISURA GME offre la possibilit\u00e0 di realizzare alcuni dei suoi schermi su misura per soddisfare qualsiasi esigenza particolare del vostro bagno. A volte le aperture per l&#8217;installazione dello schermo non hanno misure standard, quindi dobbiamo produrre schermi speciali. Si parla sempre di fare gli schermi con vetro&hellip;<\/p>\n","protected":false},"author":1,"featured_media":0,"parent":43082,"menu_order":0,"comment_status":"closed","ping_status":"closed","template":"","meta":{"footnotes":""},"class_list":["post-43103","page","type-page","status-publish","hentry","description-off"],"yoast_head":"<!-- This site is optimized with the Yoast SEO plugin v27.4 - https:\/\/yoast.com\/product\/yoast-seo-wordpress\/ -->\n<title>Schermi su misura - GME<\/title>\n<meta name=\"description\" content=\"Schermi fatti su misura, con tagli o ritagli. Vetro colorato Parsol, specchio, opaco, vinile adesivo o stampa digitale. Dicci come lo vuoi.\" \/>\n<meta name=\"robots\" content=\"index, follow, max-snippet:-1, max-image-preview:large, max-video-preview:-1\" \/>\n<link rel=\"canonical\" href=\"https:\/\/gmelorente.com\/it\/productos\/mamparas-y-platos-a-medida\/cloisons-sur-mesure\/\" \/>\n<meta property=\"og:locale\" content=\"it_IT\" \/>\n<meta property=\"og:type\" content=\"article\" \/>\n<meta property=\"og:title\" content=\"Schermi su misura - GME\" \/>\n<meta property=\"og:description\" content=\"Schermi fatti su misura, con tagli o ritagli. Vetro colorato Parsol, specchio, opaco, vinile adesivo o stampa digitale. Dicci come lo vuoi.\" \/>\n<meta property=\"og:url\" content=\"https:\/\/gmelorente.com\/it\/productos\/mamparas-y-platos-a-medida\/cloisons-sur-mesure\/\" \/>\n<meta property=\"og:site_name\" content=\"GME DIVISI\u00d3N BA\u00d1OS\" \/>\n<meta property=\"article:publisher\" content=\"https:\/\/www.facebook.com\/gmedivision\/?fref=ts\" \/>\n<meta property=\"article:modified_time\" content=\"2022-05-09T15:08:47+00:00\" \/>\n<meta property=\"og:image\" content=\"https:\/\/gmelorente.com\/wp-content\/uploads\/laterales-medida-01.jpg\" \/>\n<meta name=\"twitter:card\" content=\"summary_large_image\" \/>\n<meta name=\"twitter:label1\" content=\"Tempo di lettura stimato\" \/>\n\t<meta name=\"twitter:data1\" content=\"3 minuti\" \/>\n<script type=\"application\/ld+json\" class=\"yoast-schema-graph\">{\"@context\":\"https:\\\/\\\/schema.org\",\"@graph\":[{\"@type\":\"WebPage\",\"@id\":\"https:\\\/\\\/gmelorente.com\\\/it\\\/productos\\\/mamparas-y-platos-a-medida\\\/cloisons-sur-mesure\\\/\",\"url\":\"https:\\\/\\\/gmelorente.com\\\/it\\\/productos\\\/mamparas-y-platos-a-medida\\\/cloisons-sur-mesure\\\/\",\"name\":\"Schermi su misura - GME\",\"isPartOf\":{\"@id\":\"https:\\\/\\\/gmelorente.com\\\/#website\"},\"primaryImageOfPage\":{\"@id\":\"https:\\\/\\\/gmelorente.com\\\/it\\\/productos\\\/mamparas-y-platos-a-medida\\\/cloisons-sur-mesure\\\/#primaryimage\"},\"image\":{\"@id\":\"https:\\\/\\\/gmelorente.com\\\/it\\\/productos\\\/mamparas-y-platos-a-medida\\\/cloisons-sur-mesure\\\/#primaryimage\"},\"thumbnailUrl\":\"https:\\\/\\\/gmelorente.com\\\/wp-content\\\/uploads\\\/laterales-medida-01.jpg\",\"datePublished\":\"2015-08-13T14:43:11+00:00\",\"dateModified\":\"2022-05-09T15:08:47+00:00\",\"description\":\"Schermi fatti su misura, con tagli o ritagli. Vetro colorato Parsol, specchio, opaco, vinile adesivo o stampa digitale. Dicci come lo vuoi.\",\"breadcrumb\":{\"@id\":\"https:\\\/\\\/gmelorente.com\\\/it\\\/productos\\\/mamparas-y-platos-a-medida\\\/cloisons-sur-mesure\\\/#breadcrumb\"},\"inLanguage\":\"it-IT\",\"potentialAction\":[{\"@type\":\"ReadAction\",\"target\":[\"https:\\\/\\\/gmelorente.com\\\/it\\\/productos\\\/mamparas-y-platos-a-medida\\\/cloisons-sur-mesure\\\/\"]}]},{\"@type\":\"ImageObject\",\"inLanguage\":\"it-IT\",\"@id\":\"https:\\\/\\\/gmelorente.com\\\/it\\\/productos\\\/mamparas-y-platos-a-medida\\\/cloisons-sur-mesure\\\/#primaryimage\",\"url\":\"https:\\\/\\\/gmelorente.com\\\/wp-content\\\/uploads\\\/laterales-medida-01.jpg\",\"contentUrl\":\"https:\\\/\\\/gmelorente.com\\\/wp-content\\\/uploads\\\/laterales-medida-01.jpg\"},{\"@type\":\"BreadcrumbList\",\"@id\":\"https:\\\/\\\/gmelorente.com\\\/it\\\/productos\\\/mamparas-y-platos-a-medida\\\/cloisons-sur-mesure\\\/#breadcrumb\",\"itemListElement\":[{\"@type\":\"ListItem\",\"position\":1,\"name\":\"Home\",\"item\":\"https:\\\/\\\/gmelorente.com\\\/it\\\/\"},{\"@type\":\"ListItem\",\"position\":2,\"name\":\"Produrre\",\"item\":\"https:\\\/\\\/gmelorente.com\\\/it\\\/productos\\\/\"},{\"@type\":\"ListItem\",\"position\":3,\"name\":\"Su misura\",\"item\":\"https:\\\/\\\/gmelorente.com\\\/it\\\/productos\\\/mamparas-y-platos-a-medida\\\/\"},{\"@type\":\"ListItem\",\"position\":4,\"name\":\"Partizioni su misura\"}]},{\"@type\":\"WebSite\",\"@id\":\"https:\\\/\\\/gmelorente.com\\\/#website\",\"url\":\"https:\\\/\\\/gmelorente.com\\\/\",\"name\":\"GME DIVISI\u00d3N BA\u00d1OS\",\"description\":\"Mamparas de ducha y mucho m\u00e1s\",\"publisher\":{\"@id\":\"https:\\\/\\\/gmelorente.com\\\/#organization\"},\"potentialAction\":[{\"@type\":\"SearchAction\",\"target\":{\"@type\":\"EntryPoint\",\"urlTemplate\":\"https:\\\/\\\/gmelorente.com\\\/?s={search_term_string}\"},\"query-input\":{\"@type\":\"PropertyValueSpecification\",\"valueRequired\":true,\"valueName\":\"search_term_string\"}}],\"inLanguage\":\"it-IT\"},{\"@type\":\"Organization\",\"@id\":\"https:\\\/\\\/gmelorente.com\\\/#organization\",\"name\":\"GME DIVISI\u00d3N BA\u00d1OS S.L.\",\"url\":\"https:\\\/\\\/gmelorente.com\\\/\",\"logo\":{\"@type\":\"ImageObject\",\"inLanguage\":\"it-IT\",\"@id\":\"https:\\\/\\\/gmelorente.com\\\/#\\\/schema\\\/logo\\\/image\\\/\",\"url\":\"https:\\\/\\\/gmelorente.com\\\/wp-content\\\/uploads\\\/logo-gme-azul.jpg\",\"contentUrl\":\"https:\\\/\\\/gmelorente.com\\\/wp-content\\\/uploads\\\/logo-gme-azul.jpg\",\"width\":810,\"height\":298,\"caption\":\"GME DIVISI\u00d3N BA\u00d1OS S.L.\"},\"image\":{\"@id\":\"https:\\\/\\\/gmelorente.com\\\/#\\\/schema\\\/logo\\\/image\\\/\"},\"sameAs\":[\"https:\\\/\\\/www.facebook.com\\\/gmedivision\\\/?fref=ts\",\"https:\\\/\\\/es.pinterest.com\\\/gmedivision\\\/?eq=gme&amp;etslf=14997\"]}]}<\/script>\n<!-- \/ Yoast SEO plugin. -->","yoast_head_json":{"title":"Schermi su misura - GME","description":"Schermi fatti su misura, con tagli o ritagli. Vetro colorato Parsol, specchio, opaco, vinile adesivo o stampa digitale. Dicci come lo vuoi.","robots":{"index":"index","follow":"follow","max-snippet":"max-snippet:-1","max-image-preview":"max-image-preview:large","max-video-preview":"max-video-preview:-1"},"canonical":"https:\/\/gmelorente.com\/it\/productos\/mamparas-y-platos-a-medida\/cloisons-sur-mesure\/","og_locale":"it_IT","og_type":"article","og_title":"Schermi su misura - GME","og_description":"Schermi fatti su misura, con tagli o ritagli. Vetro colorato Parsol, specchio, opaco, vinile adesivo o stampa digitale. Dicci come lo vuoi.","og_url":"https:\/\/gmelorente.com\/it\/productos\/mamparas-y-platos-a-medida\/cloisons-sur-mesure\/","og_site_name":"GME DIVISI\u00d3N BA\u00d1OS","article_publisher":"https:\/\/www.facebook.com\/gmedivision\/?fref=ts","article_modified_time":"2022-05-09T15:08:47+00:00","og_image":[{"url":"https:\/\/gmelorente.com\/wp-content\/uploads\/laterales-medida-01.jpg","type":"","width":"","height":""}],"twitter_card":"summary_large_image","twitter_misc":{"Tempo di lettura stimato":"3 minuti"},"schema":{"@context":"https:\/\/schema.org","@graph":[{"@type":"WebPage","@id":"https:\/\/gmelorente.com\/it\/productos\/mamparas-y-platos-a-medida\/cloisons-sur-mesure\/","url":"https:\/\/gmelorente.com\/it\/productos\/mamparas-y-platos-a-medida\/cloisons-sur-mesure\/","name":"Schermi su misura - GME","isPartOf":{"@id":"https:\/\/gmelorente.com\/#website"},"primaryImageOfPage":{"@id":"https:\/\/gmelorente.com\/it\/productos\/mamparas-y-platos-a-medida\/cloisons-sur-mesure\/#primaryimage"},"image":{"@id":"https:\/\/gmelorente.com\/it\/productos\/mamparas-y-platos-a-medida\/cloisons-sur-mesure\/#primaryimage"},"thumbnailUrl":"https:\/\/gmelorente.com\/wp-content\/uploads\/laterales-medida-01.jpg","datePublished":"2015-08-13T14:43:11+00:00","dateModified":"2022-05-09T15:08:47+00:00","description":"Schermi fatti su misura, con tagli o ritagli. Vetro colorato Parsol, specchio, opaco, vinile adesivo o stampa digitale. Dicci come lo vuoi.","breadcrumb":{"@id":"https:\/\/gmelorente.com\/it\/productos\/mamparas-y-platos-a-medida\/cloisons-sur-mesure\/#breadcrumb"},"inLanguage":"it-IT","potentialAction":[{"@type":"ReadAction","target":["https:\/\/gmelorente.com\/it\/productos\/mamparas-y-platos-a-medida\/cloisons-sur-mesure\/"]}]},{"@type":"ImageObject","inLanguage":"it-IT","@id":"https:\/\/gmelorente.com\/it\/productos\/mamparas-y-platos-a-medida\/cloisons-sur-mesure\/#primaryimage","url":"https:\/\/gmelorente.com\/wp-content\/uploads\/laterales-medida-01.jpg","contentUrl":"https:\/\/gmelorente.com\/wp-content\/uploads\/laterales-medida-01.jpg"},{"@type":"BreadcrumbList","@id":"https:\/\/gmelorente.com\/it\/productos\/mamparas-y-platos-a-medida\/cloisons-sur-mesure\/#breadcrumb","itemListElement":[{"@type":"ListItem","position":1,"name":"Home","item":"https:\/\/gmelorente.com\/it\/"},{"@type":"ListItem","position":2,"name":"Produrre","item":"https:\/\/gmelorente.com\/it\/productos\/"},{"@type":"ListItem","position":3,"name":"Su misura","item":"https:\/\/gmelorente.com\/it\/productos\/mamparas-y-platos-a-medida\/"},{"@type":"ListItem","position":4,"name":"Partizioni su misura"}]},{"@type":"WebSite","@id":"https:\/\/gmelorente.com\/#website","url":"https:\/\/gmelorente.com\/","name":"GME DIVISI\u00d3N BA\u00d1OS","description":"Mamparas de ducha y mucho m\u00e1s","publisher":{"@id":"https:\/\/gmelorente.com\/#organization"},"potentialAction":[{"@type":"SearchAction","target":{"@type":"EntryPoint","urlTemplate":"https:\/\/gmelorente.com\/?s={search_term_string}"},"query-input":{"@type":"PropertyValueSpecification","valueRequired":true,"valueName":"search_term_string"}}],"inLanguage":"it-IT"},{"@type":"Organization","@id":"https:\/\/gmelorente.com\/#organization","name":"GME DIVISI\u00d3N BA\u00d1OS S.L.","url":"https:\/\/gmelorente.com\/","logo":{"@type":"ImageObject","inLanguage":"it-IT","@id":"https:\/\/gmelorente.com\/#\/schema\/logo\/image\/","url":"https:\/\/gmelorente.com\/wp-content\/uploads\/logo-gme-azul.jpg","contentUrl":"https:\/\/gmelorente.com\/wp-content\/uploads\/logo-gme-azul.jpg","width":810,"height":298,"caption":"GME DIVISI\u00d3N BA\u00d1OS S.L."},"image":{"@id":"https:\/\/gmelorente.com\/#\/schema\/logo\/image\/"},"sameAs":["https:\/\/www.facebook.com\/gmedivision\/?fref=ts","https:\/\/es.pinterest.com\/gmedivision\/?eq=gme&amp;etslf=14997"]}]}},"_links":{"self":[{"href":"https:\/\/gmelorente.com\/it\/wp-json\/wp\/v2\/pages\/43103","targetHints":{"allow":["GET"]}}],"collection":[{"href":"https:\/\/gmelorente.com\/it\/wp-json\/wp\/v2\/pages"}],"about":[{"href":"https:\/\/gmelorente.com\/it\/wp-json\/wp\/v2\/types\/page"}],"author":[{"embeddable":true,"href":"https:\/\/gmelorente.com\/it\/wp-json\/wp\/v2\/users\/1"}],"replies":[{"embeddable":true,"href":"https:\/\/gmelorente.com\/it\/wp-json\/wp\/v2\/comments?post=43103"}],"version-history":[{"count":4,"href":"https:\/\/gmelorente.com\/it\/wp-json\/wp\/v2\/pages\/43103\/revisions"}],"predecessor-version":[{"id":81133,"href":"https:\/\/gmelorente.com\/it\/wp-json\/wp\/v2\/pages\/43103\/revisions\/81133"}],"up":[{"embeddable":true,"href":"https:\/\/gmelorente.com\/it\/wp-json\/wp\/v2\/pages\/43082"}],"wp:attachment":[{"href":"https:\/\/gmelorente.com\/it\/wp-json\/wp\/v2\/media?parent=43103"}],"curies":[{"name":"wp","href":"https:\/\/api.w.org\/{rel}","templated":true}]}}