{"id":43118,"date":"2015-08-13T16:38:20","date_gmt":"2015-08-13T14:38:20","guid":{"rendered":"https:\/\/gmelorente.com\/it\/productos\/mamparas\/decorados\/"},"modified":"2025-04-25T12:38:18","modified_gmt":"2025-04-25T10:38:18","slug":"decorados","status":"publish","type":"page","link":"https:\/\/gmelorente.com\/it\/productos\/mamparas\/decorados\/","title":{"rendered":"Decorados"},"content":{"rendered":"<p>[vc_row][vc_column][vc_column_text]<strong>Box doccia decorati-VINILI<\/strong><\/p>\n<p><strong>GME division ba\u00f1os<\/strong> offre la possibilit\u00e1 di decorare i box doccia con 8 modelli di vinili in 4 colori differenti, con cui potrai personalizzare il tuo bagno.<\/p>\n<p>&nbsp;[\/vc_column_text][\/vc_column][\/vc_row][vc_row margin_top=&#8221;30&#8243; margin_bottom=&#8221;30&#8243;][vc_column width=&#8221;1\/4&#8243;]<div class=\"twentytwenty-container\" data-orientation=\"horizontal\" data-offset=\"0.5\"><img loading=\"lazy\" decoding=\"async\" class=\"preload-me\" src=\"https:\/\/gmelorente.com\/wp-content\/uploads\/GME_BASIC_FRONTAL.jpg\" width=\"714\" height=\"840\"  title=\"BASIC TRANSPARENTE\" alt=\"FRONTAL BASIC FIJO + CORREDERA\"><img loading=\"lazy\" decoding=\"async\" class=\"preload-me\" src=\"https:\/\/gmelorente.com\/wp-content\/uploads\/GME_BASIC_trazos.jpg\" width=\"714\" height=\"840\"  title=\"BASIC VINILO TRAZOS\" alt=\"\"><\/div>[\/vc_column][vc_column width=&#8221;1\/4&#8243;][vc_column_text]<img loading=\"lazy\" decoding=\"async\" class=\"aligncenter size-full wp-image-75034\" src=\"https:\/\/gmelorente.com\/wp-content\/uploads\/DECORADOS-frost-plus.jpg\" alt=\"DECORADO FROST PLUS\" width=\"893\" height=\"1050\" srcset=\"https:\/\/gmelorente.com\/wp-content\/uploads\/DECORADOS-frost-plus.jpg 893w, https:\/\/gmelorente.com\/wp-content\/uploads\/DECORADOS-frost-plus-255x300.jpg 255w, https:\/\/gmelorente.com\/wp-content\/uploads\/DECORADOS-frost-plus-768x903.jpg 768w, https:\/\/gmelorente.com\/wp-content\/uploads\/DECORADOS-frost-plus-871x1024.jpg 871w, https:\/\/gmelorente.com\/wp-content\/uploads\/DECORADOS-frost-plus-17x20.jpg 17w\" sizes=\"auto, (max-width: 893px) 100vw, 893px\" \/><\/p>\n<p>FROST PLUS[\/vc_column_text][\/vc_column][vc_column width=&#8221;1\/4&#8243;][vc_column_text]<img loading=\"lazy\" decoding=\"async\" class=\"aligncenter size-full wp-image-75038\" src=\"https:\/\/gmelorente.com\/wp-content\/uploads\/DECORADOS-frost.jpg\" alt=\"\" width=\"893\" height=\"1050\" srcset=\"https:\/\/gmelorente.com\/wp-content\/uploads\/DECORADOS-frost.jpg 893w, https:\/\/gmelorente.com\/wp-content\/uploads\/DECORADOS-frost-255x300.jpg 255w, https:\/\/gmelorente.com\/wp-content\/uploads\/DECORADOS-frost-768x903.jpg 768w, https:\/\/gmelorente.com\/wp-content\/uploads\/DECORADOS-frost-871x1024.jpg 871w, https:\/\/gmelorente.com\/wp-content\/uploads\/DECORADOS-frost-17x20.jpg 17w\" sizes=\"auto, (max-width: 893px) 100vw, 893px\" \/><\/p>\n<p>FROST[\/vc_column_text][\/vc_column][\/vc_row][vc_row margin_top=&#8221;30&#8243; margin_bottom=&#8221;30&#8243;][vc_column width=&#8221;1\/4&#8243;][vc_column_text]<img loading=\"lazy\" decoding=\"async\" class=\"aligncenter size-full wp-image-75051\" src=\"https:\/\/gmelorente.com\/wp-content\/uploads\/DECORADOS-6.jpg\" alt=\"DECORADO BAMB\u00da\" width=\"893\" height=\"1050\" srcset=\"https:\/\/gmelorente.com\/wp-content\/uploads\/DECORADOS-6.jpg 893w, https:\/\/gmelorente.com\/wp-content\/uploads\/DECORADOS-6-255x300.jpg 255w, https:\/\/gmelorente.com\/wp-content\/uploads\/DECORADOS-6-768x903.jpg 768w, https:\/\/gmelorente.com\/wp-content\/uploads\/DECORADOS-6-871x1024.jpg 871w, https:\/\/gmelorente.com\/wp-content\/uploads\/DECORADOS-6-17x20.jpg 17w\" sizes=\"auto, (max-width: 893px) 100vw, 893px\" \/><\/p>\n<p>BAMB\u00da[\/vc_column_text][\/vc_column][vc_column width=&#8221;1\/4&#8243;][vc_column_text]<img loading=\"lazy\" decoding=\"async\" class=\"aligncenter size-full wp-image-75056\" src=\"https:\/\/gmelorente.com\/wp-content\/uploads\/DECORADOS-1.jpg\" alt=\"DECORADO ANGLES\" width=\"893\" height=\"1050\" srcset=\"https:\/\/gmelorente.com\/wp-content\/uploads\/DECORADOS-1.jpg 893w, https:\/\/gmelorente.com\/wp-content\/uploads\/DECORADOS-1-255x300.jpg 255w, https:\/\/gmelorente.com\/wp-content\/uploads\/DECORADOS-1-768x903.jpg 768w, https:\/\/gmelorente.com\/wp-content\/uploads\/DECORADOS-1-871x1024.jpg 871w, https:\/\/gmelorente.com\/wp-content\/uploads\/DECORADOS-1-17x20.jpg 17w\" sizes=\"auto, (max-width: 893px) 100vw, 893px\" \/><\/p>\n<p>ANGLES[\/vc_column_text][\/vc_column][vc_column width=&#8221;1\/4&#8243;][vc_column_text]<img loading=\"lazy\" decoding=\"async\" class=\"aligncenter size-full wp-image-75060\" src=\"https:\/\/gmelorente.com\/wp-content\/uploads\/DECORADOS-4.jpg\" alt=\"\" width=\"893\" height=\"1050\" srcset=\"https:\/\/gmelorente.com\/wp-content\/uploads\/DECORADOS-4.jpg 893w, https:\/\/gmelorente.com\/wp-content\/uploads\/DECORADOS-4-255x300.jpg 255w, https:\/\/gmelorente.com\/wp-content\/uploads\/DECORADOS-4-768x903.jpg 768w, https:\/\/gmelorente.com\/wp-content\/uploads\/DECORADOS-4-871x1024.jpg 871w, https:\/\/gmelorente.com\/wp-content\/uploads\/DECORADOS-4-17x20.jpg 17w\" sizes=\"auto, (max-width: 893px) 100vw, 893px\" \/><\/p>\n<p>METEOR[\/vc_column_text][\/vc_column][\/vc_row][vc_row][vc_column][vc_column_text]<\/p>\n<h3>personalizza il tuo box doccia-STAMPA DIGITALE SU VINILO<\/h3>\n<h3>Grazie alle possibilit\u00e1offerte dalle nuove tecniche di stampa digitale, adesso possiamo dare personalit\u00e1 ai nostri box doccia.<\/h3>\n<p>Sar\u00e1 sufficiente un&#8217;immagine di qualit\u00e1 di minimo 5 megapixel oppure un&#8217;immagine di risoluzione 300dpi.<\/p>\n<p>In formato JPG, EPS o TIF. Color CMYK. . Oppure un&#8217;immagine in formato vettoriale.<\/p>\n<p>&nbsp;[\/vc_column_text][\/vc_column][\/vc_row][vc_row][vc_column]<div class=\"twentytwenty-container\" data-orientation=\"horizontal\" data-offset=\"0.6\"><img loading=\"lazy\" decoding=\"async\" class=\"preload-me\" src=\"https:\/\/gmelorente.com\/wp-content\/uploads\/GME_ROTARY_AMBIENTE.jpg\" width=\"850\" height=\"567\"  title=\"GME_ROTARY_AMBIENTE\" alt=\"TRANSPARENTE\"><img loading=\"lazy\" decoding=\"async\" class=\"preload-me\" src=\"https:\/\/gmelorente.com\/wp-content\/uploads\/GME_ROTARY_AMBIENTE-DECORADO2.jpg\" width=\"850\" height=\"567\"  title=\"GME_ROTARY_AMBIENTE-DECORADO2\" alt=\"IMPRESI\u00d3N DIGITAL\"><\/div>[\/vc_column][\/vc_row]<\/p>\n","protected":false},"excerpt":{"rendered":"<p>[vc_row][vc_column][vc_column_text]Box doccia decorati-VINILI GME division ba\u00f1os offre la possibilit\u00e1 di decorare i box doccia con 8 modelli di vinili in 4 colori differenti, con cui potrai personalizzare il tuo bagno. &nbsp;[\/vc_column_text][\/vc_column][\/vc_row][vc_row margin_top=&#8221;30&#8243; margin_bottom=&#8221;30&#8243;][vc_column width=&#8221;1\/4&#8243;][\/vc_column][vc_column width=&#8221;1\/4&#8243;][vc_column_text] FROST PLUS[\/vc_column_text][\/vc_column][vc_column width=&#8221;1\/4&#8243;][vc_column_text] FROST[\/vc_column_text][\/vc_column][\/vc_row][vc_row margin_top=&#8221;30&#8243; margin_bottom=&#8221;30&#8243;][vc_column width=&#8221;1\/4&#8243;][vc_column_text] BAMB\u00da[\/vc_column_text][\/vc_column][vc_column width=&#8221;1\/4&#8243;][vc_column_text] ANGLES[\/vc_column_text][\/vc_column][vc_column width=&#8221;1\/4&#8243;][vc_column_text] METEOR[\/vc_column_text][\/vc_column][\/vc_row][vc_row][vc_column][vc_column_text] personalizza il tuo box doccia-STAMPA DIGITALE SU VINILO&hellip;<\/p>\n","protected":false},"author":1,"featured_media":0,"parent":43097,"menu_order":0,"comment_status":"closed","ping_status":"closed","template":"","meta":{"footnotes":""},"class_list":["post-43118","page","type-page","status-publish","hentry","description-off"],"yoast_head":"<!-- This site is optimized with the Yoast SEO plugin v27.3 - https:\/\/yoast.com\/product\/yoast-seo-wordpress\/ -->\n<title>Box doccia decorate con vinili\u00a0- GME<\/title>\n<meta name=\"description\" content=\"Box doccia decorati con vinili adesivi o con stampa digitale. Dicci como desideri il tuo box doccia e lo realizzeremo.\" \/>\n<meta name=\"robots\" content=\"index, follow, max-snippet:-1, max-image-preview:large, max-video-preview:-1\" \/>\n<link rel=\"canonical\" href=\"https:\/\/gmelorente.com\/it\/productos\/mamparas\/decorados\/\" \/>\n<meta property=\"og:locale\" content=\"it_IT\" \/>\n<meta property=\"og:type\" content=\"article\" \/>\n<meta property=\"og:title\" content=\"Box doccia decorate con vinili\u00a0- GME\" \/>\n<meta property=\"og:description\" content=\"Box doccia decorati con vinili adesivi o con stampa digitale. Dicci como desideri il tuo box doccia e lo realizzeremo.\" \/>\n<meta property=\"og:url\" content=\"https:\/\/gmelorente.com\/it\/productos\/mamparas\/decorados\/\" \/>\n<meta property=\"og:site_name\" content=\"GME DIVISI\u00d3N BA\u00d1OS\" \/>\n<meta property=\"article:publisher\" content=\"https:\/\/www.facebook.com\/gmedivision\/?fref=ts\" \/>\n<meta property=\"article:modified_time\" content=\"2025-04-25T10:38:18+00:00\" \/>\n<meta property=\"og:image\" content=\"https:\/\/gmelorente.com\/wp-content\/uploads\/DECORADOS-frost-plus.jpg\" \/>\n<meta name=\"twitter:card\" content=\"summary_large_image\" \/>\n<meta name=\"twitter:label1\" content=\"Tempo di lettura stimato\" \/>\n\t<meta name=\"twitter:data1\" content=\"3 minuti\" \/>\n<script type=\"application\/ld+json\" class=\"yoast-schema-graph\">{\"@context\":\"https:\\\/\\\/schema.org\",\"@graph\":[{\"@type\":\"WebPage\",\"@id\":\"https:\\\/\\\/gmelorente.com\\\/it\\\/productos\\\/mamparas\\\/decorados\\\/\",\"url\":\"https:\\\/\\\/gmelorente.com\\\/it\\\/productos\\\/mamparas\\\/decorados\\\/\",\"name\":\"Box doccia decorate con vinili\u00a0- GME\",\"isPartOf\":{\"@id\":\"https:\\\/\\\/gmelorente.com\\\/#website\"},\"primaryImageOfPage\":{\"@id\":\"https:\\\/\\\/gmelorente.com\\\/it\\\/productos\\\/mamparas\\\/decorados\\\/#primaryimage\"},\"image\":{\"@id\":\"https:\\\/\\\/gmelorente.com\\\/it\\\/productos\\\/mamparas\\\/decorados\\\/#primaryimage\"},\"thumbnailUrl\":\"https:\\\/\\\/gmelorente.com\\\/wp-content\\\/uploads\\\/DECORADOS-frost-plus.jpg\",\"datePublished\":\"2015-08-13T14:38:20+00:00\",\"dateModified\":\"2025-04-25T10:38:18+00:00\",\"description\":\"Box doccia decorati con vinili adesivi o con stampa digitale. Dicci como desideri il tuo box doccia e lo realizzeremo.\",\"breadcrumb\":{\"@id\":\"https:\\\/\\\/gmelorente.com\\\/it\\\/productos\\\/mamparas\\\/decorados\\\/#breadcrumb\"},\"inLanguage\":\"it-IT\",\"potentialAction\":[{\"@type\":\"ReadAction\",\"target\":[\"https:\\\/\\\/gmelorente.com\\\/it\\\/productos\\\/mamparas\\\/decorados\\\/\"]}]},{\"@type\":\"ImageObject\",\"inLanguage\":\"it-IT\",\"@id\":\"https:\\\/\\\/gmelorente.com\\\/it\\\/productos\\\/mamparas\\\/decorados\\\/#primaryimage\",\"url\":\"https:\\\/\\\/gmelorente.com\\\/wp-content\\\/uploads\\\/DECORADOS-frost-plus.jpg\",\"contentUrl\":\"https:\\\/\\\/gmelorente.com\\\/wp-content\\\/uploads\\\/DECORADOS-frost-plus.jpg\"},{\"@type\":\"BreadcrumbList\",\"@id\":\"https:\\\/\\\/gmelorente.com\\\/it\\\/productos\\\/mamparas\\\/decorados\\\/#breadcrumb\",\"itemListElement\":[{\"@type\":\"ListItem\",\"position\":1,\"name\":\"Home\",\"item\":\"https:\\\/\\\/gmelorente.com\\\/it\\\/\"},{\"@type\":\"ListItem\",\"position\":2,\"name\":\"Produrre\",\"item\":\"https:\\\/\\\/gmelorente.com\\\/it\\\/productos\\\/\"},{\"@type\":\"ListItem\",\"position\":3,\"name\":\"Cabine\",\"item\":\"https:\\\/\\\/gmelorente.com\\\/it\\\/productos\\\/mamparas\\\/\"},{\"@type\":\"ListItem\",\"position\":4,\"name\":\"Decorados\"}]},{\"@type\":\"WebSite\",\"@id\":\"https:\\\/\\\/gmelorente.com\\\/#website\",\"url\":\"https:\\\/\\\/gmelorente.com\\\/\",\"name\":\"GME DIVISI\u00d3N BA\u00d1OS\",\"description\":\"Mamparas de ducha y mucho m\u00e1s\",\"publisher\":{\"@id\":\"https:\\\/\\\/gmelorente.com\\\/#organization\"},\"potentialAction\":[{\"@type\":\"SearchAction\",\"target\":{\"@type\":\"EntryPoint\",\"urlTemplate\":\"https:\\\/\\\/gmelorente.com\\\/?s={search_term_string}\"},\"query-input\":{\"@type\":\"PropertyValueSpecification\",\"valueRequired\":true,\"valueName\":\"search_term_string\"}}],\"inLanguage\":\"it-IT\"},{\"@type\":\"Organization\",\"@id\":\"https:\\\/\\\/gmelorente.com\\\/#organization\",\"name\":\"GME DIVISI\u00d3N BA\u00d1OS S.L.\",\"url\":\"https:\\\/\\\/gmelorente.com\\\/\",\"logo\":{\"@type\":\"ImageObject\",\"inLanguage\":\"it-IT\",\"@id\":\"https:\\\/\\\/gmelorente.com\\\/#\\\/schema\\\/logo\\\/image\\\/\",\"url\":\"https:\\\/\\\/gmelorente.com\\\/wp-content\\\/uploads\\\/logo-gme-azul.jpg\",\"contentUrl\":\"https:\\\/\\\/gmelorente.com\\\/wp-content\\\/uploads\\\/logo-gme-azul.jpg\",\"width\":810,\"height\":298,\"caption\":\"GME DIVISI\u00d3N BA\u00d1OS S.L.\"},\"image\":{\"@id\":\"https:\\\/\\\/gmelorente.com\\\/#\\\/schema\\\/logo\\\/image\\\/\"},\"sameAs\":[\"https:\\\/\\\/www.facebook.com\\\/gmedivision\\\/?fref=ts\",\"https:\\\/\\\/es.pinterest.com\\\/gmedivision\\\/?eq=gme&amp;etslf=14997\"]}]}<\/script>\n<!-- \/ Yoast SEO plugin. -->","yoast_head_json":{"title":"Box doccia decorate con vinili\u00a0- GME","description":"Box doccia decorati con vinili adesivi o con stampa digitale. Dicci como desideri il tuo box doccia e lo realizzeremo.","robots":{"index":"index","follow":"follow","max-snippet":"max-snippet:-1","max-image-preview":"max-image-preview:large","max-video-preview":"max-video-preview:-1"},"canonical":"https:\/\/gmelorente.com\/it\/productos\/mamparas\/decorados\/","og_locale":"it_IT","og_type":"article","og_title":"Box doccia decorate con vinili\u00a0- GME","og_description":"Box doccia decorati con vinili adesivi o con stampa digitale. Dicci como desideri il tuo box doccia e lo realizzeremo.","og_url":"https:\/\/gmelorente.com\/it\/productos\/mamparas\/decorados\/","og_site_name":"GME DIVISI\u00d3N BA\u00d1OS","article_publisher":"https:\/\/www.facebook.com\/gmedivision\/?fref=ts","article_modified_time":"2025-04-25T10:38:18+00:00","og_image":[{"url":"https:\/\/gmelorente.com\/wp-content\/uploads\/DECORADOS-frost-plus.jpg","type":"","width":"","height":""}],"twitter_card":"summary_large_image","twitter_misc":{"Tempo di lettura stimato":"3 minuti"},"schema":{"@context":"https:\/\/schema.org","@graph":[{"@type":"WebPage","@id":"https:\/\/gmelorente.com\/it\/productos\/mamparas\/decorados\/","url":"https:\/\/gmelorente.com\/it\/productos\/mamparas\/decorados\/","name":"Box doccia decorate con vinili\u00a0- GME","isPartOf":{"@id":"https:\/\/gmelorente.com\/#website"},"primaryImageOfPage":{"@id":"https:\/\/gmelorente.com\/it\/productos\/mamparas\/decorados\/#primaryimage"},"image":{"@id":"https:\/\/gmelorente.com\/it\/productos\/mamparas\/decorados\/#primaryimage"},"thumbnailUrl":"https:\/\/gmelorente.com\/wp-content\/uploads\/DECORADOS-frost-plus.jpg","datePublished":"2015-08-13T14:38:20+00:00","dateModified":"2025-04-25T10:38:18+00:00","description":"Box doccia decorati con vinili adesivi o con stampa digitale. Dicci como desideri il tuo box doccia e lo realizzeremo.","breadcrumb":{"@id":"https:\/\/gmelorente.com\/it\/productos\/mamparas\/decorados\/#breadcrumb"},"inLanguage":"it-IT","potentialAction":[{"@type":"ReadAction","target":["https:\/\/gmelorente.com\/it\/productos\/mamparas\/decorados\/"]}]},{"@type":"ImageObject","inLanguage":"it-IT","@id":"https:\/\/gmelorente.com\/it\/productos\/mamparas\/decorados\/#primaryimage","url":"https:\/\/gmelorente.com\/wp-content\/uploads\/DECORADOS-frost-plus.jpg","contentUrl":"https:\/\/gmelorente.com\/wp-content\/uploads\/DECORADOS-frost-plus.jpg"},{"@type":"BreadcrumbList","@id":"https:\/\/gmelorente.com\/it\/productos\/mamparas\/decorados\/#breadcrumb","itemListElement":[{"@type":"ListItem","position":1,"name":"Home","item":"https:\/\/gmelorente.com\/it\/"},{"@type":"ListItem","position":2,"name":"Produrre","item":"https:\/\/gmelorente.com\/it\/productos\/"},{"@type":"ListItem","position":3,"name":"Cabine","item":"https:\/\/gmelorente.com\/it\/productos\/mamparas\/"},{"@type":"ListItem","position":4,"name":"Decorados"}]},{"@type":"WebSite","@id":"https:\/\/gmelorente.com\/#website","url":"https:\/\/gmelorente.com\/","name":"GME DIVISI\u00d3N BA\u00d1OS","description":"Mamparas de ducha y mucho m\u00e1s","publisher":{"@id":"https:\/\/gmelorente.com\/#organization"},"potentialAction":[{"@type":"SearchAction","target":{"@type":"EntryPoint","urlTemplate":"https:\/\/gmelorente.com\/?s={search_term_string}"},"query-input":{"@type":"PropertyValueSpecification","valueRequired":true,"valueName":"search_term_string"}}],"inLanguage":"it-IT"},{"@type":"Organization","@id":"https:\/\/gmelorente.com\/#organization","name":"GME DIVISI\u00d3N BA\u00d1OS S.L.","url":"https:\/\/gmelorente.com\/","logo":{"@type":"ImageObject","inLanguage":"it-IT","@id":"https:\/\/gmelorente.com\/#\/schema\/logo\/image\/","url":"https:\/\/gmelorente.com\/wp-content\/uploads\/logo-gme-azul.jpg","contentUrl":"https:\/\/gmelorente.com\/wp-content\/uploads\/logo-gme-azul.jpg","width":810,"height":298,"caption":"GME DIVISI\u00d3N BA\u00d1OS S.L."},"image":{"@id":"https:\/\/gmelorente.com\/#\/schema\/logo\/image\/"},"sameAs":["https:\/\/www.facebook.com\/gmedivision\/?fref=ts","https:\/\/es.pinterest.com\/gmedivision\/?eq=gme&amp;etslf=14997"]}]}},"_links":{"self":[{"href":"https:\/\/gmelorente.com\/it\/wp-json\/wp\/v2\/pages\/43118","targetHints":{"allow":["GET"]}}],"collection":[{"href":"https:\/\/gmelorente.com\/it\/wp-json\/wp\/v2\/pages"}],"about":[{"href":"https:\/\/gmelorente.com\/it\/wp-json\/wp\/v2\/types\/page"}],"author":[{"embeddable":true,"href":"https:\/\/gmelorente.com\/it\/wp-json\/wp\/v2\/users\/1"}],"replies":[{"embeddable":true,"href":"https:\/\/gmelorente.com\/it\/wp-json\/wp\/v2\/comments?post=43118"}],"version-history":[{"count":4,"href":"https:\/\/gmelorente.com\/it\/wp-json\/wp\/v2\/pages\/43118\/revisions"}],"predecessor-version":[{"id":86218,"href":"https:\/\/gmelorente.com\/it\/wp-json\/wp\/v2\/pages\/43118\/revisions\/86218"}],"up":[{"embeddable":true,"href":"https:\/\/gmelorente.com\/it\/wp-json\/wp\/v2\/pages\/43097"}],"wp:attachment":[{"href":"https:\/\/gmelorente.com\/it\/wp-json\/wp\/v2\/media?parent=43118"}],"curies":[{"name":"wp","href":"https:\/\/api.w.org\/{rel}","templated":true}]}}