{"id":43145,"date":"2015-11-29T19:25:20","date_gmt":"2015-11-29T17:25:20","guid":{"rendered":"https:\/\/gmelorente.com\/it\/preguntas-frecuentes\/"},"modified":"2016-02-28T13:46:58","modified_gmt":"2016-02-28T12:46:58","slug":"preguntas-frecuentes","status":"publish","type":"page","link":"https:\/\/gmelorente.com\/it\/preguntas-frecuentes\/","title":{"rendered":"FAQs"},"content":{"rendered":"<p>[vc_row][vc_column][vc_toggle title=&#8221;Che tipo di vetro si usa per una cabina doccia?&#8221; el_id=&#8221;1448817188025-c3c3a65e-663f&#8221;]In GME Divisi\u00f3n Ba\u00f1os fabbrichiamo tutte le nostre cabine doccia con vetro di sicurezza temperato, con uno spessore compreso tra i 4 mm e i 10 mm.[\/vc_toggle][vc_toggle title=&#8221;Cos&#8217;\u00e8 un vetro temperato?&#8221; el_id=&#8221;1448817257410-3efd6ca0-7e14&#8243;]\u00c8 un tipo di vetro ad alta resistenza che si ottiene dal processo di riscaldamento del vetro a temperature elevate seguito dall&#8217;immediato raffreddamento all&#8217;aria. In questo modo il vetro \u00e8 pi\u00f9 resistente ai colpi o ai cambiamenti di temperatura.[\/vc_toggle][vc_toggle title=&#8221;Il vetro temperato \u00e8 infrangibile?&#8221; el_id=&#8221;1448817291658-6a34ef02-5c13&#8243;]No. Un vetro temperato si pu\u00f2 rompere in piccoli frammenti arrotondati per evitare lesioni che potrebbero essere gravi. \u00c8 obbligatorio per legge che i vetri delle cabine per vasca da bagno siano trattati.<\/p>\n<p>Esiste anche quello che si conosce come rottura spontanea. Prevista dalle norme di tolleranza del vetro, \u00e8 prodotta dalla presenza di occlusioni di solfuro di nichel che provocano tensioni che possano provocare la rottura del vetro senza una causa apparente. La statistica indica che ci\u00f2 si verifica in 1 su ogni 10.000 vetri.[\/vc_toggle][vc_toggle title=&#8221;Che garanzie extra offre GME Divisi\u00f3n Ba\u00f1os?&#8221; el_id=&#8221;1448817377407-9e5c5096-d005&#8243;]Tutti i nostri prodotti sono garantiti per un periodo di 3 anni, pi\u00f9 di quello previsto dalla legislazione vigente.<\/p>\n<p>Inoltre manteniamo l&#8217;impegno con i distributori e i clienti, di offrire pezzi di ricambio e soluzioni per tutti i prodotti di GME Divisi\u00f3n Ba\u00f1os, per 5 anni dopo che \u00e8 stato tolto dal catalogo.[\/vc_toggle][vc_toggle title=&#8221;Che tipo di normativa rispettano i prodotti GME?&#8221; el_id=&#8221;1448817342280-996dcbcb-3d6f&#8221;]I nostri prodotti sono fabbricati nel rispetto dei massimi standard di qualit\u00e0 richiesti dall&#8217;Unione Europea. Dispongono anche della certificazione di prodotti norma UNE-EN 14428:05 che AENOR consegna ai produttori di cabine doccia e accessori per il bagno che soddisfano i requisiti che garantiscono le specificazioni di sicurezza e durevolezza.[\/vc_toggle][vc_toggle title=&#8221;A che tipo di test sono sottoposti i prodotti di GME Divisi\u00f3n Ba\u00f1os?&#8221; el_id=&#8221;1448817435454-34e4240d-1a23&#8243;]Effettuiamo controlli periodici attraverso Aidima \u2013 Instituto Tecnol\u00f3gico de Valencia \u2013 al fine di garantire l&#8217;ottima qualit\u00e0 dei componenti dei nostri prodotti.<\/p>\n<p>Questo tipo di prove valuta la resistenza dei materiali come l&#8217;alluminio, l&#8217;acciaio o il vetro, ma anche la capacit\u00e0 degli stessi di trattenere l&#8217;acqua, facilit\u00e0 di pulizia, durevolezza, resistenza alla corrosione&#8230;[\/vc_toggle][vc_toggle title=&#8221;Quali sono i termini di consegna?&#8221; el_id=&#8221;1448817479460-f51a917c-aeb6&#8243;]In GME Divisi\u00f3n Ba\u00f1os abbiamo pi\u00f9 di 15.000 m2 di impianti e di pi\u00f9 di 30.000 cabine per vasca da bagno e doccia e piatti da doccia, pronti per essere spediti nel momento stesso in cui viene ricevuto l&#8217;ordine. Il termine di consegna non supera le 72 ore. Nel caso in cui l&#8217;ordine coincida con un articolo gi\u00e0 terminato, il nostro personale render\u00e0 noto, lo stesso giorno, il nuovo termine di consegna.<\/p>\n<p>In ogni caso, ci sono prodotti che, per le loro caratteristiche, richiedono dei termini di consegna eccezionali:<\/p>\n<p style=\"padding-left: 30px;\">\u2022 Cabine doccia con decorazione in vinile: 1 settimana<br \/>\n\u2022 Piatti doccia con taglio su misura e XXL: da 3 a 5 giorni<br \/>\n\u2022 Cabine per vasca da bagno su misura o con decorazioni speciali: 15 giorni<\/p>\n<p>[\/vc_toggle][vc_toggle title=&#8221;\u00c8 possibile chiedere un piatto per doccia su misura?&#8221; el_id=&#8221;1448817540671-73d0c62c-4ec4&#8243;]S\u00ec. In GME Divisi\u00f3n Ba\u00f1os possiamo dare al piatto le dimensioni richieste, a condizione che il modello selezionato lo permetta.<\/p>\n<p>Ricordiamo inoltre che negli ordini su misura il termine di consegna si estende fino a 5 giorni feriali.[\/vc_toggle][vc_toggle title=&#8221;Qual \u00e8 la misura massima di un piatto doccia?&#8221; el_id=&#8221;1448817592124-001d114e-c38c&#8221;]<\/p>\n<p style=\"text-align: justify;\">Le misure maggiori che forniamo sono di 200 cm x 100 cm per i modelli Stone Classic e Ardesia, 200 cm x 80 cm per il modello Style Plus e 200 cm x 90 cm per Resitec.<\/p>\n<p style=\"text-align: justify;\">In GME Divisi\u00f3n Ba\u00f1os sconsigliamo piatti doccia di dimensioni maggiori.<\/p>\n<p>[\/vc_toggle][vc_toggle title=&#8221;Nel caso di cabine per vasca da bagno che modelli vengono forniti su misura?&#8221; el_id=&#8221;1448817620730-519d14e8-8224&#8243;]In GME Divisi\u00f3n Ba\u00f1os abbiamo tutte le larghezze di cabine per vasca da bagno per l&#8217;altezza standard.<\/p>\n<p>Nel caso dei modelli Basic, Futura, Rotary, Temple e Screen offriamo anche la possibilit\u00e0 di fabbricarle su misura, sia per altezze inferiori a quella standard, o tagli ad angoli retto.<\/p>\n<p>I laterali fissi su misura sono disponibili per tutte le nostre serie, anche con consegna immediata, per i modelli Titan, Aktual, Prestige, Akord, Slim e Open.<\/p>\n<p>Per quanto riguarda il resto dei modelli si possono effettuare modifiche nei fissi laterali o taglia angolo speciali, richiedendolo al nostro Ufficio Tecnico o a un nostro responsabile commerciale.[\/vc_toggle][vc_toggle title=&#8221;\u00c8 indispensabile collocare il braccio di supporto nel modello Screen?&#8221; el_id=&#8221;1448817653625-52005b5d-c685&#8243;]Non \u00e8 un requisito obbligatorio, ma \u00e8 fortemente consigliato. Altrimenti le uniche forme di fissaggio della cabina doccia sarebbero la parete e il pavimento, e pertanto sarebbero molto meno sicure in caso di eventuali urti o scivolate.<\/p>\n<p>In GME Divisi\u00f3n Ba\u00f1os raccomandiamo di utilizzare il supporto assieme al vetro Moving di 25 cm o 45 cm.[\/vc_toggle][vc_toggle title=&#8221;Qual \u00e8 la scelta migliore? Una cabina doccia con o senza profili interni?&#8221; el_id=&#8221;1448817746595-4752450f-da11&#8243;]La risposta varia a seconda che scegliamo la cabina doccia da un punto di vista pi\u00f9 pratico o pi\u00f9 estetico.<\/p>\n<p>Le cabine doccia con profili interni offrono sempre un isolamento maggiore. L&#8217;isolamento delle cabine doccia senza profili \u00e8 ottimale se non si dirige il getto d&#8217;acqua direttamente verso punti specifici della cabina doccia.<\/p>\n<p style=\"text-align: justify;\">Ad ogni modo \u00e8 sempre consigliabile l&#8217;uso di tappetini da bagno davanti alla cabina doccia affinch\u00e9 assorbano le gocce che potrebbero essere spruzzate fuori ed evitare scivolate.<\/p>\n<p>[\/vc_toggle][vc_toggle title=&#8221;Che differenza c&#8217;\u00e8 tra i profili in alluminio e i profili in acciaio?&#8221; el_id=&#8221;1448817777977-8b7cf17c-d1a7&#8243;]L&#8217;acciaio \u00e8 un materiale di qualit\u00e0 superiore dell&#8217;alluminio. In ogni caso, in condizioni normali e se vengono utilizzati prodotti di pulizia adeguati, entrambi i materiali si possono mantenere con un aspetto simile a quello del primo giorno. In generale, la differenza tra l&#8217;alluminio e l&#8217;acciaio risiede specialmente nella brillantezza dei due materiali. Mentre nel caso dell&#8217;alluminio c&#8217;\u00e8 una minor brillantezza, nel caso dell&#8217;acciaio la superficie viene trattata con un procedimento conosciuto come lucidatura a specchio, ed \u00e8 anche pi\u00f9 facile da pulire.[\/vc_toggle][vc_toggle title=&#8221;Si pu\u00f2 personalizzare una cabina doccia?&#8221; el_id=&#8221;1448817829297-d58abf9c-37c7&#8243;]<\/p>\n<p style=\"text-align: justify;\">S\u00ec, le cabine doccia di GME Divisi\u00f3n Ba\u00f1os possono essere personalizzate con vinili, serigrafie, vetri colorati, \u2013parsol-, carglass o specchi Mirastar.<\/p>\n<p>[\/vc_toggle][vc_toggle title=&#8221;Che differenza c&#8217;\u00e8 tra un vinile e una serigrafia?&#8221; el_id=&#8221;1448817865817-8c700d12-b05f&#8221;]I vinili aderiscono al vetro, mentre le serigrafie sono vernici smaltate su vetro.<\/p>\n<p>I vinili sono fabbricati con un materiale polimerico speciale per un&#8217;adesione perfetta grazie anche a un sistema <em>air free <\/em>che evita la formazione di bolle tra gli strati. Lo spessore della pellicola \u00e8 di 70 micron. Questo tipo di vinile non viene modificato dai cambiamenti di temperatura e dal contatto con l&#8217;acqua. Pertanto, se usati in condizioni normali, la loro garanzia arriva ai 7 anni.<\/p>\n<p>Inoltre, dato che si pu\u00f2 rimuovere, il vinile \u00e8 un&#8217;ottima scelta per coloro ai quali piace cambiare decorazione con il passare del tempo.<\/p>\n<p>Invece nelle serigrafie la vernice si fonde con il vetro prima del processo di tempera. Dopo che ha aderito \u00e8 resistente a qualsiasi prodotto di pulizia di quelli utilizzati abitualmente nel bagno.<\/p>\n<p>Il processo di serigrafia permette anche la finitura Frost che \u00e8 ottenuta a partire da bagni di acido che si integrano nel vetro. Si tratta di una rifinitura pi\u00f9 costosa della serigrafia tradizionale, ma con un aspetto e una finitura pi\u00f9 naturali. La sua installazione richiede una maggiore attenzione alle macchie di silicone, che sono difficili da pulire su questo tipo di superficie.[\/vc_toggle][vc_toggle title=&#8221;\u00c8 necessario applicare trattamenti anticalcare alle cabine doccia?&#8221; el_id=&#8221;1448817899404-2ac6c62b-f43e&#8221;]Le nostre cabine doccia non vengono sottoposte a trattamenti anticalcare di serie, perch\u00e9 durano poco e sono eccessivamente costosi. Per\u00f2 disponiamo di trattamenti anticalcare industriali adeguati per l&#8217;applicazione diretta da parte del cliente. In tal modo potr\u00e0 essere applicato solo quando \u00e8 necessario, normalmente ogni sei mesi.<\/p>\n<p>Si tratta di un trattamento facile da usare, che consiste in stendere il prodotto sulla superficie della cabina doccia con una spugna o un panno morbido e lasciarlo agire per 10 minuti, e quindi risciacquarlo con acqua.[\/vc_toggle][vc_toggle title=&#8221;Come deve essere pulita la cabina doccia?&#8221; el_id=&#8221;1448817938669-22987e1d-27fa&#8221;]Il modo migliore di conservare una cabina doccia \u00e8 asciugarla tutti i giorni. Dato che non \u00e8 sempre possibile, si consiglia di pulirla periodicamente con saponi neutri applicati con una spugna o un panno morbido, e lasciar asciugare dopo aver risciacquato. Si deve evitare, in ogni caso, l&#8217;utilizzo di prodotti abrasivi e spugne dure che possono danneggiare il vetro come i componenti metallici della cabina doccia.<\/p>\n<p>In caso di acque dure con molto calcare, prima del trattamento si pu\u00f2 applicare su tutta la superficie della cabina doccia una soluzione al 50% di aceto bianco e acqua (meglio se con un diffusore spray) e, dopo averlo lasciato agire per cinque minuti, toglierla con una spugna.[\/vc_toggle][vc_toggle title=&#8221;Come si deve pulire il piatto doccia?&#8221; el_id=&#8221;1448817972413-892c10d1-858b&#8221;]Mantenere pulito un piatto doccia di resina \u00e8 facile: si deve lavarlo periodicamente con sapone neutro applicato con una spugna morbida, evitando l&#8217;uso di prodotti abrasivi.<\/p>\n<p>Per piatti pi\u00f9 scuri nei quali le macchie di calcare o sapone siano maggiormente visibili, o per le acque dure, la cosa pi\u00f9 indicata \u00e8 il trattamento con prodotti anticalcare.<\/p>\n<p>Nei casi pi\u00f9 estremi, come le macchie causate da tinture per capelli, si pu\u00f2 applicare una miscela di acetone e acqua, facendo attenzione a non lasciarla troppo a lungo sul piatto per non danneggiarne la superficie.<\/p>\n<p>In alternativa si pu\u00f2 ricorrere allo stesso trattamento, grazie alla soluzione di aceto e acqua, che abbiamo gi\u00e0 visto nel caso delle cabine doccia.[\/vc_toggle][vc_toggle title=&#8221;Si pu\u00f2 restituire una cabina doccia prima che venga installata?&#8221; el_id=&#8221;1454413206393-82d4f8aa-9394&#8243;]Nei casi in cui il cliente modifica la sua decisione di acquisto, la cabina doccia pu\u00f2 essere restituita a condizione che non sia stato rimosso l&#8217;imballaggio. Viene pertanto verificato che l&#8217;imballaggio e le reggette siano originali. La restituzione ha dei costi che dipendono dal trasporto, le spese amministrative, la revisione e il re-imballaggio.[\/vc_toggle][vc_toggle title=&#8221;Il resto dei prodotti di questo marchio ha le stesse garanzie?&#8221; el_id=&#8221;1454413214347-286cadb5-105a&#8221;]Tutti i prodotti che offriamo a GME Lorente Divisi\u00f3n Ba\u00f1os sono progettati, fabbricati e commercializzati con le stesse garanzie delle nostre cabine doccia e i nostri piatti doccia.<\/p>\n<p>Inoltre abbiamo tutti prodotti in stock per poter rispettare i termini di consegna stabiliti.[\/vc_toggle][\/vc_column][\/vc_row]<\/p>\n","protected":false},"excerpt":{"rendered":"<p>[vc_row][vc_column][vc_toggle title=&#8221;Che tipo di vetro si usa per una cabina doccia?&#8221; el_id=&#8221;1448817188025-c3c3a65e-663f&#8221;]In GME Divisi\u00f3n Ba\u00f1os fabbrichiamo tutte le nostre cabine doccia con vetro di sicurezza temperato, con uno spessore compreso tra i 4 mm e i 10 mm.[\/vc_toggle][vc_toggle title=&#8221;Cos&#8217;\u00e8 un vetro temperato?&#8221; el_id=&#8221;1448817257410-3efd6ca0-7e14&#8243;]\u00c8 un tipo di vetro ad alta resistenza che si ottiene dal processo&hellip;<\/p>\n","protected":false},"author":1,"featured_media":0,"parent":0,"menu_order":0,"comment_status":"closed","ping_status":"closed","template":"","meta":{"footnotes":""},"class_list":["post-43145","page","type-page","status-publish","hentry","description-off"],"yoast_head":"<!-- This site is optimized with the Yoast SEO plugin v27.2 - https:\/\/yoast.com\/product\/yoast-seo-wordpress\/ -->\n<title>Preguntas frecuentes fabricante GME DIVISION BA\u00d1OS<\/title>\n<meta name=\"description\" content=\"Os ponemos algunas respuestas a las preguntas m\u00e1s frecuentes que nos suelen preguntar. Si teneis alguna sugerencia para incluirla contactar con nosotros.\" \/>\n<meta name=\"robots\" content=\"index, follow, max-snippet:-1, max-image-preview:large, max-video-preview:-1\" \/>\n<link rel=\"canonical\" href=\"https:\/\/gmelorente.com\/it\/preguntas-frecuentes\/\" \/>\n<meta property=\"og:locale\" content=\"it_IT\" \/>\n<meta property=\"og:type\" content=\"article\" \/>\n<meta property=\"og:title\" content=\"Preguntas frecuentes fabricante GME DIVISION BA\u00d1OS\" \/>\n<meta property=\"og:description\" content=\"Os ponemos algunas respuestas a las preguntas m\u00e1s frecuentes que nos suelen preguntar. Si teneis alguna sugerencia para incluirla contactar con nosotros.\" \/>\n<meta property=\"og:url\" content=\"https:\/\/gmelorente.com\/it\/preguntas-frecuentes\/\" \/>\n<meta property=\"og:site_name\" content=\"GME DIVISI\u00d3N BA\u00d1OS\" \/>\n<meta property=\"article:publisher\" content=\"https:\/\/www.facebook.com\/gmedivision\/?fref=ts\" \/>\n<meta property=\"article:modified_time\" content=\"2016-02-28T12:46:58+00:00\" \/>\n<meta name=\"twitter:card\" content=\"summary_large_image\" \/>\n<meta name=\"twitter:label1\" content=\"Tempo di lettura stimato\" \/>\n\t<meta name=\"twitter:data1\" content=\"9 minuti\" \/>\n<script type=\"application\/ld+json\" class=\"yoast-schema-graph\">{\"@context\":\"https:\/\/schema.org\",\"@graph\":[{\"@type\":\"WebPage\",\"@id\":\"https:\/\/gmelorente.com\/it\/preguntas-frecuentes\/\",\"url\":\"https:\/\/gmelorente.com\/it\/preguntas-frecuentes\/\",\"name\":\"Preguntas frecuentes fabricante GME DIVISION BA\u00d1OS\",\"isPartOf\":{\"@id\":\"https:\/\/gmelorente.com\/#website\"},\"datePublished\":\"2015-11-29T17:25:20+00:00\",\"dateModified\":\"2016-02-28T12:46:58+00:00\",\"description\":\"Os ponemos algunas respuestas a las preguntas m\u00e1s frecuentes que nos suelen preguntar. Si teneis alguna sugerencia para incluirla contactar con nosotros.\",\"breadcrumb\":{\"@id\":\"https:\/\/gmelorente.com\/it\/preguntas-frecuentes\/#breadcrumb\"},\"inLanguage\":\"it-IT\",\"potentialAction\":[{\"@type\":\"ReadAction\",\"target\":[\"https:\/\/gmelorente.com\/it\/preguntas-frecuentes\/\"]}]},{\"@type\":\"BreadcrumbList\",\"@id\":\"https:\/\/gmelorente.com\/it\/preguntas-frecuentes\/#breadcrumb\",\"itemListElement\":[{\"@type\":\"ListItem\",\"position\":1,\"name\":\"Home\",\"item\":\"https:\/\/gmelorente.com\/it\/\"},{\"@type\":\"ListItem\",\"position\":2,\"name\":\"FAQs\"}]},{\"@type\":\"WebSite\",\"@id\":\"https:\/\/gmelorente.com\/#website\",\"url\":\"https:\/\/gmelorente.com\/\",\"name\":\"GME DIVISI\u00d3N BA\u00d1OS\",\"description\":\"Mamparas de ducha y mucho m\u00e1s\",\"publisher\":{\"@id\":\"https:\/\/gmelorente.com\/#organization\"},\"potentialAction\":[{\"@type\":\"SearchAction\",\"target\":{\"@type\":\"EntryPoint\",\"urlTemplate\":\"https:\/\/gmelorente.com\/?s={search_term_string}\"},\"query-input\":{\"@type\":\"PropertyValueSpecification\",\"valueRequired\":true,\"valueName\":\"search_term_string\"}}],\"inLanguage\":\"it-IT\"},{\"@type\":\"Organization\",\"@id\":\"https:\/\/gmelorente.com\/#organization\",\"name\":\"GME DIVISI\u00d3N BA\u00d1OS S.L.\",\"url\":\"https:\/\/gmelorente.com\/\",\"logo\":{\"@type\":\"ImageObject\",\"inLanguage\":\"it-IT\",\"@id\":\"https:\/\/gmelorente.com\/#\/schema\/logo\/image\/\",\"url\":\"https:\/\/gmelorente.com\/wp-content\/uploads\/logo-gme-azul.jpg\",\"contentUrl\":\"https:\/\/gmelorente.com\/wp-content\/uploads\/logo-gme-azul.jpg\",\"width\":810,\"height\":298,\"caption\":\"GME DIVISI\u00d3N BA\u00d1OS S.L.\"},\"image\":{\"@id\":\"https:\/\/gmelorente.com\/#\/schema\/logo\/image\/\"},\"sameAs\":[\"https:\/\/www.facebook.com\/gmedivision\/?fref=ts\",\"https:\/\/es.pinterest.com\/gmedivision\/?eq=gme&amp;etslf=14997\"]}]}<\/script>\n<!-- \/ Yoast SEO plugin. -->","yoast_head_json":{"title":"Preguntas frecuentes fabricante GME DIVISION BA\u00d1OS","description":"Os ponemos algunas respuestas a las preguntas m\u00e1s frecuentes que nos suelen preguntar. Si teneis alguna sugerencia para incluirla contactar con nosotros.","robots":{"index":"index","follow":"follow","max-snippet":"max-snippet:-1","max-image-preview":"max-image-preview:large","max-video-preview":"max-video-preview:-1"},"canonical":"https:\/\/gmelorente.com\/it\/preguntas-frecuentes\/","og_locale":"it_IT","og_type":"article","og_title":"Preguntas frecuentes fabricante GME DIVISION BA\u00d1OS","og_description":"Os ponemos algunas respuestas a las preguntas m\u00e1s frecuentes que nos suelen preguntar. Si teneis alguna sugerencia para incluirla contactar con nosotros.","og_url":"https:\/\/gmelorente.com\/it\/preguntas-frecuentes\/","og_site_name":"GME DIVISI\u00d3N BA\u00d1OS","article_publisher":"https:\/\/www.facebook.com\/gmedivision\/?fref=ts","article_modified_time":"2016-02-28T12:46:58+00:00","twitter_card":"summary_large_image","twitter_misc":{"Tempo di lettura stimato":"9 minuti"},"schema":{"@context":"https:\/\/schema.org","@graph":[{"@type":"WebPage","@id":"https:\/\/gmelorente.com\/it\/preguntas-frecuentes\/","url":"https:\/\/gmelorente.com\/it\/preguntas-frecuentes\/","name":"Preguntas frecuentes fabricante GME DIVISION BA\u00d1OS","isPartOf":{"@id":"https:\/\/gmelorente.com\/#website"},"datePublished":"2015-11-29T17:25:20+00:00","dateModified":"2016-02-28T12:46:58+00:00","description":"Os ponemos algunas respuestas a las preguntas m\u00e1s frecuentes que nos suelen preguntar. Si teneis alguna sugerencia para incluirla contactar con nosotros.","breadcrumb":{"@id":"https:\/\/gmelorente.com\/it\/preguntas-frecuentes\/#breadcrumb"},"inLanguage":"it-IT","potentialAction":[{"@type":"ReadAction","target":["https:\/\/gmelorente.com\/it\/preguntas-frecuentes\/"]}]},{"@type":"BreadcrumbList","@id":"https:\/\/gmelorente.com\/it\/preguntas-frecuentes\/#breadcrumb","itemListElement":[{"@type":"ListItem","position":1,"name":"Home","item":"https:\/\/gmelorente.com\/it\/"},{"@type":"ListItem","position":2,"name":"FAQs"}]},{"@type":"WebSite","@id":"https:\/\/gmelorente.com\/#website","url":"https:\/\/gmelorente.com\/","name":"GME DIVISI\u00d3N BA\u00d1OS","description":"Mamparas de ducha y mucho m\u00e1s","publisher":{"@id":"https:\/\/gmelorente.com\/#organization"},"potentialAction":[{"@type":"SearchAction","target":{"@type":"EntryPoint","urlTemplate":"https:\/\/gmelorente.com\/?s={search_term_string}"},"query-input":{"@type":"PropertyValueSpecification","valueRequired":true,"valueName":"search_term_string"}}],"inLanguage":"it-IT"},{"@type":"Organization","@id":"https:\/\/gmelorente.com\/#organization","name":"GME DIVISI\u00d3N BA\u00d1OS S.L.","url":"https:\/\/gmelorente.com\/","logo":{"@type":"ImageObject","inLanguage":"it-IT","@id":"https:\/\/gmelorente.com\/#\/schema\/logo\/image\/","url":"https:\/\/gmelorente.com\/wp-content\/uploads\/logo-gme-azul.jpg","contentUrl":"https:\/\/gmelorente.com\/wp-content\/uploads\/logo-gme-azul.jpg","width":810,"height":298,"caption":"GME DIVISI\u00d3N BA\u00d1OS S.L."},"image":{"@id":"https:\/\/gmelorente.com\/#\/schema\/logo\/image\/"},"sameAs":["https:\/\/www.facebook.com\/gmedivision\/?fref=ts","https:\/\/es.pinterest.com\/gmedivision\/?eq=gme&amp;etslf=14997"]}]}},"_links":{"self":[{"href":"https:\/\/gmelorente.com\/it\/wp-json\/wp\/v2\/pages\/43145","targetHints":{"allow":["GET"]}}],"collection":[{"href":"https:\/\/gmelorente.com\/it\/wp-json\/wp\/v2\/pages"}],"about":[{"href":"https:\/\/gmelorente.com\/it\/wp-json\/wp\/v2\/types\/page"}],"author":[{"embeddable":true,"href":"https:\/\/gmelorente.com\/it\/wp-json\/wp\/v2\/users\/1"}],"replies":[{"embeddable":true,"href":"https:\/\/gmelorente.com\/it\/wp-json\/wp\/v2\/comments?post=43145"}],"version-history":[{"count":0,"href":"https:\/\/gmelorente.com\/it\/wp-json\/wp\/v2\/pages\/43145\/revisions"}],"wp:attachment":[{"href":"https:\/\/gmelorente.com\/it\/wp-json\/wp\/v2\/media?parent=43145"}],"curies":[{"name":"wp","href":"https:\/\/api.w.org\/{rel}","templated":true}]}}