{"id":43169,"date":"2015-11-11T16:04:57","date_gmt":"2015-11-11T14:04:57","guid":{"rendered":"https:\/\/gmelorente.com\/it\/politica-de-cookies\/"},"modified":"2015-11-11T16:04:57","modified_gmt":"2015-11-11T14:04:57","slug":"politica-de-cookies","status":"publish","type":"page","link":"https:\/\/gmelorente.com\/it\/politica-de-cookies\/","title":{"rendered":"Pol\u00edtica de cookies"},"content":{"rendered":"<p><strong>1. Qu\u00e9 es una cookie<\/strong><\/p>\n<p>Una \u201cCookie\u201d es un peque\u00f1o archivo de texto que un sitio web almacena en el navegador del usuario, facilitando la navegaci\u00f3n por una p\u00e1gina web, y son esenciales para el funcionamiento de internet.<\/p>\n<p>Las cookies se utilizan, por ejemplo, para validar los registros en la web (recordar usuario y contrase\u00f1a); recordar opciones como tama\u00f1o, idioma, navegador utilizado; analizar los h\u00e1bitos y comportamientos del usuario para mejorar los servicios ofrecidos, o para adecuar los contenidos de una p\u00e1gina web a las preferencias del visitante.<\/p>\n<p>Las cookies pueden ser de \u201csesi\u00f3n\u201d, por lo que se borrar\u00e1n una vez el usuario abandone la p\u00e1gina web que las gener\u00f3, \u00f3 \u201cpersistentes\u201d, que permanecen en su ordenador hasta una fecha determinada.<\/p>\n<p>Asimismo las Cookies pueden ser \u201cpropias\u201d, gestionadas por el dominio al que el usuario accede y del que solicita un determinado servicio (en este caso los dominios titularidad de GME DIVISI\u00d3N BA\u00d1OS S.L.\u00a0como propietaria del dominio gmelorente.com) o \u201ccookies de terceros\u201d, enviadas al equipo de usuario desde un dominio diferente al que se accede.<\/p>\n<p><strong>2. Tipo de cookies utilizadas en la web de GME DIVISI\u00d3N BA\u00d1OS S.L.<\/strong><\/p>\n<p>Nuestra web utiliza los siguientes tipos de cookies:<\/p>\n<ul>\n<li>Cookies propias: son cookies estrictamente necesarias. Permiten la interactuaci\u00f3n del usuario por el sitio web utilizando todas sus funciones.<\/li>\n<li>Cookies anal\u00edticas: son cookies utilizadas para el an\u00e1lisis, investigaci\u00f3n o estad\u00edsticas con el fin de saber secciones m\u00e1s visitadas, puntos de conexi\u00f3n, etc. y as\u00ed poder mejorar el portal web.<\/li>\n<li>Cookies de complementos: son cookies utilizadas por complementos externos instalados en la web para su buen funcionamiento, como por ejemplo reproducir los v\u00eddeos explicativos.<\/li>\n<li>Cookies de redes sociales: son cookies utilizadas para identificarte como usuario en la red social y poder interactuar a trav\u00e9s de tu perfil.<\/li>\n<\/ul>\n<p><strong>3. Descripci\u00f3n de las cookies utilizadas<\/strong><\/p>\n<p>A continuaci\u00f3n se detallan las cookies utilizadas por este sitio web junto con la finalidad y duraci\u00f3n de cada una de ellas:<\/p>\n<ul>\n<li>Google Analytics (de Google Inc.), con las que realizamos el an\u00e1lisis de la audiencia y navegaci\u00f3n de nuestra p\u00e1gina. Esta empresa puede utilizar estos datos para mejorar sus propios servicios y para ofrecer servicios a otras empresas y mostrarte publicidad cuando navegues por internet en base a tu historial de navegaci\u00f3n. Estas cookies tienen una duraci\u00f3n persistente y son necesarias para el correcto funcionamiento de los complementos de Google.<\/li>\n<li>Getresponse, son cookies anal\u00edticas de navegaci\u00f3n que nos ayudan a obtener informaci\u00f3n anonimizada sobre el uso que realizan los usuarios de nuestra web para poder mejorar nuestros servicios. Estas cookies son persistentes.<\/li>\n<li>Gmelorente, son cookies t\u00e9cnicas y de seguridad propias de nuestra web para su buen funcionamiento como por ejemplo recordar preferencias de idioma, recordar al usuario, etc. Algunas de estas cookies son de sesi\u00f3n y otras son persistentes.<\/li>\n<li>Facebook (de Facebook Inc.), nos permiten interactuar con la red social del usuario, como por ejemplo, a trav\u00e9s de mostrar el bot\u00f3n \u201cMe gusta\u201d y mostrar el n\u00famero de nuestros seguidores en Facebook. Estas cookies son persistentes.<\/li>\n<li>Google+ (de Google Inc.), nos permiten que el usuario interact\u00fae a trav\u00e9s de su perfil, mostrar el bot\u00f3n \u201c+1\u2033 y mostrar el n\u00famero de nuestros seguidores en Google+. Estas cookies son persistentes.<\/li>\n<li>Twitter (de Twitter Inc.), nos permiten que el usuario interact\u00fae con su perfil en la red social, mostrar el bot\u00f3n de \u201cseguir\u201d y mostrar los \u201ctweets\u201d m\u00e1s recientes de nuestra cuenta de Twitter.<\/li>\n<\/ul>\n<p><strong>4. Formas de bloquear y limitar el uso de las cookies<\/strong><\/p>\n<p>Es importante destacar que estas tecnolog\u00edas no son intrusivas, ya que toda la informaci\u00f3n obtenida a trav\u00e9s de las cookies es totalmente an\u00f3nima, y en ning\u00fan caso puede ser asociada a un usuario concreto e identificado. Esta informaci\u00f3n permite a GME DIVISI\u00d3N BA\u00d1OS S.L. adaptar y mejorar sus servicios a los intereses de los usuarios. No obstante, el usuario tiene la opci\u00f3n de impedir la generaci\u00f3n de cookies, mediante la selecci\u00f3n de la correspondiente opci\u00f3n en su programa navegador. GME DIVISI\u00d3N BA\u00d1OS S.L. informa que, en el caso de que deshabilite el uso de cookies, la navegaci\u00f3n puede ser m\u00e1s lenta de lo habitual.<\/p>\n<p>Concretamente, todos los navegadores permiten hacer cambios que permiten desactivar la configuraci\u00f3n de las cookies. Estos ajustes se encuentran ubicados en las \u201copciones\u201d o \u201cpreferencias\u201d del men\u00fa de tu navegador.<\/p>\n<p>A continuaci\u00f3n te mostramos mediante enlaces la forma de deshabilitar las cookies siguiendo las instrucciones de los navegadores m\u00e1s utilizados:<\/p>\n<ul>\n<li><a href=\"http:\/\/windows.microsoft.com\/es-es\/windows-vista\/block-or-allow-cookies\" target=\"_blank\">Internet Explorer<\/a><\/li>\n<li><a href=\"http:\/\/support.mozilla.org\/en-us\/kb\/cookies-information-websites-store-on-your-computer?redirectlocale=en-us&amp;redirectslug=cookies\" target=\"_blank\">Mozilla Firefox<\/a><\/li>\n<li><a href=\"https:\/\/support.google.com\/chrome\/answer\/95647?hl=es\" target=\"_blank\">Google Chrome<\/a><\/li>\n<\/ul>\n<p>En cambio, si deseas bloquear las cookies anal\u00edticas de Google, puedes instalarte un complemento en tu navegador desarrollado siguiendo las instrucciones indicadas en el siguiente <a href=\"https:\/\/tools.google.com\/dlpage\/gaoptout\" target=\"_blank\">enlace<\/a>.<\/p>\n<p>Por otra parte, respecto a los complementos de entidades externas (como, por ejemplo, los servicios de Google Inc.) utilizados en nuestro portal web, recomendamos a todos los usuarios que accedan a las pol\u00edticas de privacidad de cada proveedor de los servicios para que obtenga mayor informaci\u00f3n:<\/p>\n<p>\u2013 <a href=\"http:\/\/www.google.es\/intl\/es\/policies\/privacy\/\">http:\/\/www.google.es\/intl\/es\/policies\/privacy\/<\/a><br \/>\n\u2013 <a href=\"https:\/\/www.facebook.com\/about\/privacy\/cookies\">https:\/\/www.facebook.com\/about\/privacy\/cookies<\/a><br \/>\n\u2013 <a href=\"https:\/\/support.twitter.com\/articles\/20170521-el-uso-que-hace-twitter-de-cookies-y-tecnologias-similares\">https:\/\/support.twitter.com\/articles\/20170521-el-uso-que-hace-twitter-de-cookies-y-tecnologias-similares<\/a><\/p>\n<p><strong>5. M\u00e1s informaci\u00f3n<\/strong><\/p>\n<p>Cualquier usuario que tenga cualquier duda acerca de estas tecnolog\u00edas puede remitirnos la consulta a trav\u00e9s de nuestro email: info@gmelorente.com<\/p>\n","protected":false},"excerpt":{"rendered":"<p>1. Qu\u00e9 es una cookie Una \u201cCookie\u201d es un peque\u00f1o archivo de texto que un sitio web almacena en el navegador del usuario, facilitando la navegaci\u00f3n por una p\u00e1gina web, y son esenciales para el funcionamiento de internet. Las cookies se utilizan, por ejemplo, para validar los registros en la web (recordar usuario y contrase\u00f1a);&hellip;<\/p>\n","protected":false},"author":1,"featured_media":0,"parent":0,"menu_order":0,"comment_status":"closed","ping_status":"closed","template":"","meta":{"footnotes":""},"class_list":["post-43169","page","type-page","status-publish","hentry","description-off"],"yoast_head":"<!-- This site is optimized with the Yoast SEO plugin v27.2 - https:\/\/yoast.com\/product\/yoast-seo-wordpress\/ -->\n<title>Pol\u00edtica de cookies - GME DIVISI\u00d3N BA\u00d1OS<\/title>\n<meta name=\"robots\" content=\"index, follow, max-snippet:-1, max-image-preview:large, max-video-preview:-1\" \/>\n<link rel=\"canonical\" href=\"https:\/\/gmelorente.com\/it\/politica-de-cookies\/\" \/>\n<meta property=\"og:locale\" content=\"it_IT\" \/>\n<meta property=\"og:type\" content=\"article\" \/>\n<meta property=\"og:title\" content=\"Pol\u00edtica de cookies - GME DIVISI\u00d3N BA\u00d1OS\" \/>\n<meta property=\"og:description\" content=\"1. Qu\u00e9 es una cookie Una \u201cCookie\u201d es un peque\u00f1o archivo de texto que un sitio web almacena en el navegador del usuario, facilitando la navegaci\u00f3n por una p\u00e1gina web, y son esenciales para el funcionamiento de internet. Las cookies se utilizan, por ejemplo, para validar los registros en la web (recordar usuario y contrase\u00f1a);&hellip;\" \/>\n<meta property=\"og:url\" content=\"https:\/\/gmelorente.com\/it\/politica-de-cookies\/\" \/>\n<meta property=\"og:site_name\" content=\"GME DIVISI\u00d3N BA\u00d1OS\" \/>\n<meta property=\"article:publisher\" content=\"https:\/\/www.facebook.com\/gmedivision\/?fref=ts\" \/>\n<meta name=\"twitter:card\" content=\"summary_large_image\" \/>\n<meta name=\"twitter:label1\" content=\"Tempo di lettura stimato\" \/>\n\t<meta name=\"twitter:data1\" content=\"5 minuti\" \/>\n<script type=\"application\/ld+json\" class=\"yoast-schema-graph\">{\"@context\":\"https:\/\/schema.org\",\"@graph\":[{\"@type\":\"WebPage\",\"@id\":\"https:\/\/gmelorente.com\/it\/politica-de-cookies\/\",\"url\":\"https:\/\/gmelorente.com\/it\/politica-de-cookies\/\",\"name\":\"Pol\u00edtica de cookies - GME DIVISI\u00d3N BA\u00d1OS\",\"isPartOf\":{\"@id\":\"https:\/\/gmelorente.com\/#website\"},\"datePublished\":\"2015-11-11T14:04:57+00:00\",\"breadcrumb\":{\"@id\":\"https:\/\/gmelorente.com\/it\/politica-de-cookies\/#breadcrumb\"},\"inLanguage\":\"it-IT\",\"potentialAction\":[{\"@type\":\"ReadAction\",\"target\":[\"https:\/\/gmelorente.com\/it\/politica-de-cookies\/\"]}]},{\"@type\":\"BreadcrumbList\",\"@id\":\"https:\/\/gmelorente.com\/it\/politica-de-cookies\/#breadcrumb\",\"itemListElement\":[{\"@type\":\"ListItem\",\"position\":1,\"name\":\"Home\",\"item\":\"https:\/\/gmelorente.com\/it\/\"},{\"@type\":\"ListItem\",\"position\":2,\"name\":\"Pol\u00edtica de cookies\"}]},{\"@type\":\"WebSite\",\"@id\":\"https:\/\/gmelorente.com\/#website\",\"url\":\"https:\/\/gmelorente.com\/\",\"name\":\"GME DIVISI\u00d3N BA\u00d1OS\",\"description\":\"Mamparas de ducha y mucho m\u00e1s\",\"publisher\":{\"@id\":\"https:\/\/gmelorente.com\/#organization\"},\"potentialAction\":[{\"@type\":\"SearchAction\",\"target\":{\"@type\":\"EntryPoint\",\"urlTemplate\":\"https:\/\/gmelorente.com\/?s={search_term_string}\"},\"query-input\":{\"@type\":\"PropertyValueSpecification\",\"valueRequired\":true,\"valueName\":\"search_term_string\"}}],\"inLanguage\":\"it-IT\"},{\"@type\":\"Organization\",\"@id\":\"https:\/\/gmelorente.com\/#organization\",\"name\":\"GME DIVISI\u00d3N BA\u00d1OS S.L.\",\"url\":\"https:\/\/gmelorente.com\/\",\"logo\":{\"@type\":\"ImageObject\",\"inLanguage\":\"it-IT\",\"@id\":\"https:\/\/gmelorente.com\/#\/schema\/logo\/image\/\",\"url\":\"https:\/\/gmelorente.com\/wp-content\/uploads\/logo-gme-azul.jpg\",\"contentUrl\":\"https:\/\/gmelorente.com\/wp-content\/uploads\/logo-gme-azul.jpg\",\"width\":810,\"height\":298,\"caption\":\"GME DIVISI\u00d3N BA\u00d1OS S.L.\"},\"image\":{\"@id\":\"https:\/\/gmelorente.com\/#\/schema\/logo\/image\/\"},\"sameAs\":[\"https:\/\/www.facebook.com\/gmedivision\/?fref=ts\",\"https:\/\/es.pinterest.com\/gmedivision\/?eq=gme&amp;etslf=14997\"]}]}<\/script>\n<!-- \/ Yoast SEO plugin. -->","yoast_head_json":{"title":"Pol\u00edtica de cookies - GME DIVISI\u00d3N BA\u00d1OS","robots":{"index":"index","follow":"follow","max-snippet":"max-snippet:-1","max-image-preview":"max-image-preview:large","max-video-preview":"max-video-preview:-1"},"canonical":"https:\/\/gmelorente.com\/it\/politica-de-cookies\/","og_locale":"it_IT","og_type":"article","og_title":"Pol\u00edtica de cookies - GME DIVISI\u00d3N BA\u00d1OS","og_description":"1. Qu\u00e9 es una cookie Una \u201cCookie\u201d es un peque\u00f1o archivo de texto que un sitio web almacena en el navegador del usuario, facilitando la navegaci\u00f3n por una p\u00e1gina web, y son esenciales para el funcionamiento de internet. Las cookies se utilizan, por ejemplo, para validar los registros en la web (recordar usuario y contrase\u00f1a);&hellip;","og_url":"https:\/\/gmelorente.com\/it\/politica-de-cookies\/","og_site_name":"GME DIVISI\u00d3N BA\u00d1OS","article_publisher":"https:\/\/www.facebook.com\/gmedivision\/?fref=ts","twitter_card":"summary_large_image","twitter_misc":{"Tempo di lettura stimato":"5 minuti"},"schema":{"@context":"https:\/\/schema.org","@graph":[{"@type":"WebPage","@id":"https:\/\/gmelorente.com\/it\/politica-de-cookies\/","url":"https:\/\/gmelorente.com\/it\/politica-de-cookies\/","name":"Pol\u00edtica de cookies - GME DIVISI\u00d3N BA\u00d1OS","isPartOf":{"@id":"https:\/\/gmelorente.com\/#website"},"datePublished":"2015-11-11T14:04:57+00:00","breadcrumb":{"@id":"https:\/\/gmelorente.com\/it\/politica-de-cookies\/#breadcrumb"},"inLanguage":"it-IT","potentialAction":[{"@type":"ReadAction","target":["https:\/\/gmelorente.com\/it\/politica-de-cookies\/"]}]},{"@type":"BreadcrumbList","@id":"https:\/\/gmelorente.com\/it\/politica-de-cookies\/#breadcrumb","itemListElement":[{"@type":"ListItem","position":1,"name":"Home","item":"https:\/\/gmelorente.com\/it\/"},{"@type":"ListItem","position":2,"name":"Pol\u00edtica de cookies"}]},{"@type":"WebSite","@id":"https:\/\/gmelorente.com\/#website","url":"https:\/\/gmelorente.com\/","name":"GME DIVISI\u00d3N BA\u00d1OS","description":"Mamparas de ducha y mucho m\u00e1s","publisher":{"@id":"https:\/\/gmelorente.com\/#organization"},"potentialAction":[{"@type":"SearchAction","target":{"@type":"EntryPoint","urlTemplate":"https:\/\/gmelorente.com\/?s={search_term_string}"},"query-input":{"@type":"PropertyValueSpecification","valueRequired":true,"valueName":"search_term_string"}}],"inLanguage":"it-IT"},{"@type":"Organization","@id":"https:\/\/gmelorente.com\/#organization","name":"GME DIVISI\u00d3N BA\u00d1OS S.L.","url":"https:\/\/gmelorente.com\/","logo":{"@type":"ImageObject","inLanguage":"it-IT","@id":"https:\/\/gmelorente.com\/#\/schema\/logo\/image\/","url":"https:\/\/gmelorente.com\/wp-content\/uploads\/logo-gme-azul.jpg","contentUrl":"https:\/\/gmelorente.com\/wp-content\/uploads\/logo-gme-azul.jpg","width":810,"height":298,"caption":"GME DIVISI\u00d3N BA\u00d1OS S.L."},"image":{"@id":"https:\/\/gmelorente.com\/#\/schema\/logo\/image\/"},"sameAs":["https:\/\/www.facebook.com\/gmedivision\/?fref=ts","https:\/\/es.pinterest.com\/gmedivision\/?eq=gme&amp;etslf=14997"]}]}},"_links":{"self":[{"href":"https:\/\/gmelorente.com\/it\/wp-json\/wp\/v2\/pages\/43169","targetHints":{"allow":["GET"]}}],"collection":[{"href":"https:\/\/gmelorente.com\/it\/wp-json\/wp\/v2\/pages"}],"about":[{"href":"https:\/\/gmelorente.com\/it\/wp-json\/wp\/v2\/types\/page"}],"author":[{"embeddable":true,"href":"https:\/\/gmelorente.com\/it\/wp-json\/wp\/v2\/users\/1"}],"replies":[{"embeddable":true,"href":"https:\/\/gmelorente.com\/it\/wp-json\/wp\/v2\/comments?post=43169"}],"version-history":[{"count":0,"href":"https:\/\/gmelorente.com\/it\/wp-json\/wp\/v2\/pages\/43169\/revisions"}],"wp:attachment":[{"href":"https:\/\/gmelorente.com\/it\/wp-json\/wp\/v2\/media?parent=43169"}],"curies":[{"name":"wp","href":"https:\/\/api.w.org\/{rel}","templated":true}]}}