{"id":43182,"date":"2015-08-13T16:19:48","date_gmt":"2015-08-13T14:19:48","guid":{"rendered":"https:\/\/gmelorente.com\/it\/catalogo\/"},"modified":"2025-04-08T15:58:00","modified_gmt":"2025-04-08T13:58:00","slug":"gme-prodotti-catalogo-2","status":"publish","type":"page","link":"https:\/\/gmelorente.com\/it\/gme-prodotti-catalogo-2\/","title":{"rendered":"Catalogo GME"},"content":{"rendered":"<p>[vc_row][vc_column][vc_column_text]<\/p>\n<p>Siete alla ricerca di un catalogo che raccolga tutte le opzioni di <a href=\"http:\/\/www.gmelorente.com\/productos\">schermi<\/a> per il bagno? Il<strong> catalogo GME<\/strong> \u00e8 ci\u00f2 che vi serve. Un catalogo completo, con 32 modelli di schermi da bagno in diversi design, formati, materiali e in tutte le dimensioni. Inoltre, tutto questo con<strong> consegna immediata<\/strong> ovunque nella Penisola. Disponiamo di oltre 25.000 metri quadrati per lo stoccaggio di tutte le nostre referenze. Questo ci permette di garantire i tempi di consegna pi\u00f9 rapidi del mercato, con un tempo medio di consegna di 48 ore.<\/p>\n<p>&nbsp;<\/p>\n<p>E non solo: il nostro catalogo GME offre anche una gamma completa di <a href=\"https:\/\/gmelorente.com\/it\/productos\/platos-de-ducha\/\">piatti doccia<\/a> e altri accessori per il bagno. Volete di pi\u00f9? Date un&#8217;occhiata anche al nostro <a href=\"https:\/\/gmelorente.com\/it\/?page_id=86179\">catalogo di rubinetti IO.<\/a><\/p>\n<p>Se volete diventare distributori e avere accesso ai nostri cataloghi per vendere i nostri prodotti e beneficiare di tutti i nostri vantaggi,<a href=\"https:\/\/gmelorente.com\/it\/quieres-ser-distribuidor\/\"> contattateci<\/a>.[\/vc_column_text][vc_empty_space]<div class=\"hr-thin style-line\" style=\"width: 100%;border-top-width: 1px;\"><\/div>[vc_empty_space][vc_column_text]<img loading=\"lazy\" decoding=\"async\" class=\"wp-image-86193  aligncenter\" src=\"https:\/\/gmelorente.com\/wp-content\/uploads\/PORT-IT.png\" alt=\"\" width=\"279\" height=\"537\" \/><\/p>\n<p style=\"text-align: center;\"><a href=\"https:\/\/gmelorente.com\/wp-content\/uploads\/GME-ITA-2025-sin-precios.pdf\" target=\"_blank\" rel=\"noopener\">CATALOGO GENERALE 2025<\/a><\/p>\n<p>[\/vc_column_text]<div class=\"hr-thin style-line\" style=\"width: 100%;border-top-width: 1px;\"><\/div>[vc_column_text]L&#8217;uso di questo catalogo \u00e8 limitato ai distributori ufficiali di GME BATHROOMS DIVISION. Questo catalogo virtuale ha uno scopo puramente informativo e non pu\u00f2 essere utilizzato ufficialmente per mettere in vendita alcun prodotto. Se desiderate diventare un distributore GME e avere accesso al catalogo fisico, contattateci utilizzando il seguente <a href=\"https:\/\/gmelorente.com\/it\/quieres-ser-distribuidor\/\">modulo<\/a>.[\/vc_column_text][\/vc_column][\/vc_row]<\/p>\n","protected":false},"excerpt":{"rendered":"<p>[vc_row][vc_column][vc_column_text] Siete alla ricerca di un catalogo che raccolga tutte le opzioni di schermi per il bagno? Il catalogo GME \u00e8 ci\u00f2 che vi serve. Un catalogo completo, con 32 modelli di schermi da bagno in diversi design, formati, materiali e in tutte le dimensioni. Inoltre, tutto questo con consegna immediata ovunque nella Penisola. Disponiamo&hellip;<\/p>\n","protected":false},"author":1,"featured_media":0,"parent":0,"menu_order":0,"comment_status":"closed","ping_status":"closed","template":"","meta":{"footnotes":""},"class_list":["post-43182","page","type-page","status-publish","hentry","description-off"],"yoast_head":"<!-- This site is optimized with the Yoast SEO plugin v27.2 - https:\/\/yoast.com\/product\/yoast-seo-wordpress\/ -->\n<title>Catalogo GME, il pi\u00f9 completo sul mercato con consegna immediata - GME<\/title>\n<meta name=\"description\" content=\"Visualizza qui il catalogo ufficiale dei prodotti GME, tutti con servizio di consegna immediata in tutta la penisola e con una garanzia di 3 anni.\" \/>\n<meta name=\"robots\" content=\"index, follow, max-snippet:-1, max-image-preview:large, max-video-preview:-1\" \/>\n<link rel=\"canonical\" href=\"https:\/\/gmelorente.com\/it\/gme-prodotti-catalogo-2\/\" \/>\n<meta property=\"og:locale\" content=\"it_IT\" \/>\n<meta property=\"og:type\" content=\"article\" \/>\n<meta property=\"og:title\" content=\"Catalogo GME, il pi\u00f9 completo sul mercato con consegna immediata - GME\" \/>\n<meta property=\"og:description\" content=\"Visualizza qui il catalogo ufficiale dei prodotti GME, tutti con servizio di consegna immediata in tutta la penisola e con una garanzia di 3 anni.\" \/>\n<meta property=\"og:url\" content=\"https:\/\/gmelorente.com\/it\/gme-prodotti-catalogo-2\/\" \/>\n<meta property=\"og:site_name\" content=\"GME DIVISI\u00d3N BA\u00d1OS\" \/>\n<meta property=\"article:publisher\" content=\"https:\/\/www.facebook.com\/gmedivision\/?fref=ts\" \/>\n<meta property=\"article:modified_time\" content=\"2025-04-08T13:58:00+00:00\" \/>\n<meta property=\"og:image\" content=\"https:\/\/gmelorente.com\/wp-content\/uploads\/PORT-IT.png\" \/>\n\t<meta property=\"og:image:width\" content=\"611\" \/>\n\t<meta property=\"og:image:height\" content=\"863\" \/>\n\t<meta property=\"og:image:type\" content=\"image\/png\" \/>\n<meta name=\"twitter:card\" content=\"summary_large_image\" \/>\n<meta name=\"twitter:label1\" content=\"Tempo di lettura stimato\" \/>\n\t<meta name=\"twitter:data1\" content=\"2 minuti\" \/>\n<script type=\"application\/ld+json\" class=\"yoast-schema-graph\">{\"@context\":\"https:\/\/schema.org\",\"@graph\":[{\"@type\":\"WebPage\",\"@id\":\"https:\/\/gmelorente.com\/it\/gme-prodotti-catalogo-2\/\",\"url\":\"https:\/\/gmelorente.com\/it\/gme-prodotti-catalogo-2\/\",\"name\":\"Catalogo GME, il pi\u00f9 completo sul mercato con consegna immediata - GME\",\"isPartOf\":{\"@id\":\"https:\/\/gmelorente.com\/#website\"},\"primaryImageOfPage\":{\"@id\":\"https:\/\/gmelorente.com\/it\/gme-prodotti-catalogo-2\/#primaryimage\"},\"image\":{\"@id\":\"https:\/\/gmelorente.com\/it\/gme-prodotti-catalogo-2\/#primaryimage\"},\"thumbnailUrl\":\"https:\/\/gmelorente.com\/wp-content\/uploads\/PORT-IT.png\",\"datePublished\":\"2015-08-13T14:19:48+00:00\",\"dateModified\":\"2025-04-08T13:58:00+00:00\",\"description\":\"Visualizza qui il catalogo ufficiale dei prodotti GME, tutti con servizio di consegna immediata in tutta la penisola e con una garanzia di 3 anni.\",\"breadcrumb\":{\"@id\":\"https:\/\/gmelorente.com\/it\/gme-prodotti-catalogo-2\/#breadcrumb\"},\"inLanguage\":\"it-IT\",\"potentialAction\":[{\"@type\":\"ReadAction\",\"target\":[\"https:\/\/gmelorente.com\/it\/gme-prodotti-catalogo-2\/\"]}]},{\"@type\":\"ImageObject\",\"inLanguage\":\"it-IT\",\"@id\":\"https:\/\/gmelorente.com\/it\/gme-prodotti-catalogo-2\/#primaryimage\",\"url\":\"https:\/\/gmelorente.com\/wp-content\/uploads\/PORT-IT.png\",\"contentUrl\":\"https:\/\/gmelorente.com\/wp-content\/uploads\/PORT-IT.png\"},{\"@type\":\"BreadcrumbList\",\"@id\":\"https:\/\/gmelorente.com\/it\/gme-prodotti-catalogo-2\/#breadcrumb\",\"itemListElement\":[{\"@type\":\"ListItem\",\"position\":1,\"name\":\"Home\",\"item\":\"https:\/\/gmelorente.com\/it\/\"},{\"@type\":\"ListItem\",\"position\":2,\"name\":\"Catalogo GME\"}]},{\"@type\":\"WebSite\",\"@id\":\"https:\/\/gmelorente.com\/#website\",\"url\":\"https:\/\/gmelorente.com\/\",\"name\":\"GME DIVISI\u00d3N BA\u00d1OS\",\"description\":\"Mamparas de ducha y mucho m\u00e1s\",\"publisher\":{\"@id\":\"https:\/\/gmelorente.com\/#organization\"},\"potentialAction\":[{\"@type\":\"SearchAction\",\"target\":{\"@type\":\"EntryPoint\",\"urlTemplate\":\"https:\/\/gmelorente.com\/?s={search_term_string}\"},\"query-input\":{\"@type\":\"PropertyValueSpecification\",\"valueRequired\":true,\"valueName\":\"search_term_string\"}}],\"inLanguage\":\"it-IT\"},{\"@type\":\"Organization\",\"@id\":\"https:\/\/gmelorente.com\/#organization\",\"name\":\"GME DIVISI\u00d3N BA\u00d1OS S.L.\",\"url\":\"https:\/\/gmelorente.com\/\",\"logo\":{\"@type\":\"ImageObject\",\"inLanguage\":\"it-IT\",\"@id\":\"https:\/\/gmelorente.com\/#\/schema\/logo\/image\/\",\"url\":\"https:\/\/gmelorente.com\/wp-content\/uploads\/logo-gme-azul.jpg\",\"contentUrl\":\"https:\/\/gmelorente.com\/wp-content\/uploads\/logo-gme-azul.jpg\",\"width\":810,\"height\":298,\"caption\":\"GME DIVISI\u00d3N BA\u00d1OS S.L.\"},\"image\":{\"@id\":\"https:\/\/gmelorente.com\/#\/schema\/logo\/image\/\"},\"sameAs\":[\"https:\/\/www.facebook.com\/gmedivision\/?fref=ts\",\"https:\/\/es.pinterest.com\/gmedivision\/?eq=gme&amp;etslf=14997\"]}]}<\/script>\n<!-- \/ Yoast SEO plugin. -->","yoast_head_json":{"title":"Catalogo GME, il pi\u00f9 completo sul mercato con consegna immediata - GME","description":"Visualizza qui il catalogo ufficiale dei prodotti GME, tutti con servizio di consegna immediata in tutta la penisola e con una garanzia di 3 anni.","robots":{"index":"index","follow":"follow","max-snippet":"max-snippet:-1","max-image-preview":"max-image-preview:large","max-video-preview":"max-video-preview:-1"},"canonical":"https:\/\/gmelorente.com\/it\/gme-prodotti-catalogo-2\/","og_locale":"it_IT","og_type":"article","og_title":"Catalogo GME, il pi\u00f9 completo sul mercato con consegna immediata - GME","og_description":"Visualizza qui il catalogo ufficiale dei prodotti GME, tutti con servizio di consegna immediata in tutta la penisola e con una garanzia di 3 anni.","og_url":"https:\/\/gmelorente.com\/it\/gme-prodotti-catalogo-2\/","og_site_name":"GME DIVISI\u00d3N BA\u00d1OS","article_publisher":"https:\/\/www.facebook.com\/gmedivision\/?fref=ts","article_modified_time":"2025-04-08T13:58:00+00:00","og_image":[{"width":611,"height":863,"url":"https:\/\/gmelorente.com\/wp-content\/uploads\/PORT-IT.png","type":"image\/png"}],"twitter_card":"summary_large_image","twitter_misc":{"Tempo di lettura stimato":"2 minuti"},"schema":{"@context":"https:\/\/schema.org","@graph":[{"@type":"WebPage","@id":"https:\/\/gmelorente.com\/it\/gme-prodotti-catalogo-2\/","url":"https:\/\/gmelorente.com\/it\/gme-prodotti-catalogo-2\/","name":"Catalogo GME, il pi\u00f9 completo sul mercato con consegna immediata - GME","isPartOf":{"@id":"https:\/\/gmelorente.com\/#website"},"primaryImageOfPage":{"@id":"https:\/\/gmelorente.com\/it\/gme-prodotti-catalogo-2\/#primaryimage"},"image":{"@id":"https:\/\/gmelorente.com\/it\/gme-prodotti-catalogo-2\/#primaryimage"},"thumbnailUrl":"https:\/\/gmelorente.com\/wp-content\/uploads\/PORT-IT.png","datePublished":"2015-08-13T14:19:48+00:00","dateModified":"2025-04-08T13:58:00+00:00","description":"Visualizza qui il catalogo ufficiale dei prodotti GME, tutti con servizio di consegna immediata in tutta la penisola e con una garanzia di 3 anni.","breadcrumb":{"@id":"https:\/\/gmelorente.com\/it\/gme-prodotti-catalogo-2\/#breadcrumb"},"inLanguage":"it-IT","potentialAction":[{"@type":"ReadAction","target":["https:\/\/gmelorente.com\/it\/gme-prodotti-catalogo-2\/"]}]},{"@type":"ImageObject","inLanguage":"it-IT","@id":"https:\/\/gmelorente.com\/it\/gme-prodotti-catalogo-2\/#primaryimage","url":"https:\/\/gmelorente.com\/wp-content\/uploads\/PORT-IT.png","contentUrl":"https:\/\/gmelorente.com\/wp-content\/uploads\/PORT-IT.png"},{"@type":"BreadcrumbList","@id":"https:\/\/gmelorente.com\/it\/gme-prodotti-catalogo-2\/#breadcrumb","itemListElement":[{"@type":"ListItem","position":1,"name":"Home","item":"https:\/\/gmelorente.com\/it\/"},{"@type":"ListItem","position":2,"name":"Catalogo GME"}]},{"@type":"WebSite","@id":"https:\/\/gmelorente.com\/#website","url":"https:\/\/gmelorente.com\/","name":"GME DIVISI\u00d3N BA\u00d1OS","description":"Mamparas de ducha y mucho m\u00e1s","publisher":{"@id":"https:\/\/gmelorente.com\/#organization"},"potentialAction":[{"@type":"SearchAction","target":{"@type":"EntryPoint","urlTemplate":"https:\/\/gmelorente.com\/?s={search_term_string}"},"query-input":{"@type":"PropertyValueSpecification","valueRequired":true,"valueName":"search_term_string"}}],"inLanguage":"it-IT"},{"@type":"Organization","@id":"https:\/\/gmelorente.com\/#organization","name":"GME DIVISI\u00d3N BA\u00d1OS S.L.","url":"https:\/\/gmelorente.com\/","logo":{"@type":"ImageObject","inLanguage":"it-IT","@id":"https:\/\/gmelorente.com\/#\/schema\/logo\/image\/","url":"https:\/\/gmelorente.com\/wp-content\/uploads\/logo-gme-azul.jpg","contentUrl":"https:\/\/gmelorente.com\/wp-content\/uploads\/logo-gme-azul.jpg","width":810,"height":298,"caption":"GME DIVISI\u00d3N BA\u00d1OS S.L."},"image":{"@id":"https:\/\/gmelorente.com\/#\/schema\/logo\/image\/"},"sameAs":["https:\/\/www.facebook.com\/gmedivision\/?fref=ts","https:\/\/es.pinterest.com\/gmedivision\/?eq=gme&amp;etslf=14997"]}]}},"_links":{"self":[{"href":"https:\/\/gmelorente.com\/it\/wp-json\/wp\/v2\/pages\/43182","targetHints":{"allow":["GET"]}}],"collection":[{"href":"https:\/\/gmelorente.com\/it\/wp-json\/wp\/v2\/pages"}],"about":[{"href":"https:\/\/gmelorente.com\/it\/wp-json\/wp\/v2\/types\/page"}],"author":[{"embeddable":true,"href":"https:\/\/gmelorente.com\/it\/wp-json\/wp\/v2\/users\/1"}],"replies":[{"embeddable":true,"href":"https:\/\/gmelorente.com\/it\/wp-json\/wp\/v2\/comments?post=43182"}],"version-history":[{"count":5,"href":"https:\/\/gmelorente.com\/it\/wp-json\/wp\/v2\/pages\/43182\/revisions"}],"predecessor-version":[{"id":86198,"href":"https:\/\/gmelorente.com\/it\/wp-json\/wp\/v2\/pages\/43182\/revisions\/86198"}],"wp:attachment":[{"href":"https:\/\/gmelorente.com\/it\/wp-json\/wp\/v2\/media?parent=43182"}],"curies":[{"name":"wp","href":"https:\/\/api.w.org\/{rel}","templated":true}]}}