{"id":43185,"date":"2015-08-13T16:18:52","date_gmt":"2015-08-13T14:18:52","guid":{"rendered":"https:\/\/gmelorente.com\/it\/descargas\/"},"modified":"2026-03-23T11:55:27","modified_gmt":"2026-03-23T10:55:27","slug":"descargas","status":"publish","type":"page","link":"https:\/\/gmelorente.com\/it\/descargas\/","title":{"rendered":"Download"},"content":{"rendered":"<p>[vc_row][vc_column][vc_column_text]<\/p>\n<p style=\"text-align: justify;\">Il presente catalogo pu\u00f2 essere scaricato solo a fini informativi, da privati e in forma privata. Il presente catalogo pu\u00f2 essere utilizzato con finalit\u00e0 commerciali solo previa autorizzazione di GME DIVISI\u00d3N BA\u00d1OS S.L. Deve essere utilizzato dai clienti solo per ottenere informazioni commerciali ad uso privato, e non deve essere esposto o visualizzato dal cliente finale, salvo se previamente autorizzato da GME DIVISI\u00d3N BA\u00d1OS S.L.<\/p>\n<p style=\"text-align: justify;\">GME DIVISI\u00d3N BA\u00d1OS S.L. si riserva il diritto di effettuare in qualsiasi momento modifiche tecniche, costruttive o dimensionali utili al miglioramento dei prodotti. Le fotografie e i disegni tecnici di questo catalogo hanno finalit\u00e0 orientativa. I colori dei prodotti fotografati sono indicativi, e possono essere soggetti a cambiamenti causati dal processo fotografico e di stampa. I montaggi fotografici sono effettuati con finalit\u00e0 estetiche e non indicano soluzioni di installazione.<\/p>\n<hr \/>\n<p>[\/vc_column_text][vc_empty_space height=&#8221;20px&#8221;][vc_column_text]<\/p>\n<p style=\"text-align: justify;\">Per informazioni sui nostri distributori, rete di vendita, richiesta di cataloghi e uso degli stessi con finalit\u00e0 commerciali o per essere esposti o visualizzati dal cliente finale, si prega di mettersi in contatto con GME DIVISI\u00d3N BA\u00d1OS S.L. nei modi seguenti:<\/p>\n<ul>\n<li style=\"text-align: justify;\">Telefono: 96 252 18 55<\/li>\n<li style=\"text-align: justify;\">Fax: 96 252 18 56<\/li>\n<li style=\"text-align: justify;\">Mail: <a href=\"mailto:info@gmelorente.com\">info@gmelorente.com<\/a><\/li>\n<li style=\"text-align: justify;\">Recapito postale: Avinguda Comarques del Pa\u00eds Valenci\u00e0 197 &#8211; 46930 &#8211; Quart de Poblet (Valencia).<\/li>\n<\/ul>\n<hr \/>\n<p>[\/vc_column_text][vc_empty_space height=&#8221;20px&#8221;][vc_column_text]GME DIVISI\u00d3N BA\u00d1OS S.L. non \u00e8 responsabile dei contenuti dei link che rimandano a siti esterni a GME n\u00e9 delle possibili conseguenze risultanti dall&#8217;utilizzo degli stessi. GME non partecipa n\u00e9 si impegna nelle eventuali transazioni tra il cliente e i suddetti siti Internet, nel caso in cui il cliente richieda prodotti o servizi attraverso gli stessi. GME non \u00e8 responsabile neanche nei confronti di altre eventuali parti coinvolte.<\/p>\n<p>GME DIVISI\u00d3N BA\u00d1OS S.L. non garantisce la precisione delle informazioni contenute in questo sito, e rifiuta espressamente l&#8217;obbligo di aggiornare le suddette informazioni. Inoltre, GME DIVISI\u00d3N BA\u00d1OS S.L. non si assume alcuna responsabilit\u00e0 legale per eventuali errori o omissioni nel contenuto del presente sito. Tutti i contenuti del sito sono forniti <em>nello stato in cui sono<\/em> e<em> nella forma in cui sono disponibili<\/em>.<\/p>\n<p style=\"text-align: justify;\">Il Servizio Clienti \u00e8 attivo nei giorni feriali e in orario d&#8217;ufficio. GME DIVISI\u00d3N BA\u00d1OS S.L. si riserva il diritto di modificare i prezzi senza previo avviso.<\/p>\n<hr \/>\n<p>[\/vc_column_text][vc_empty_space height=&#8221;20px&#8221;][vc_column_text]<\/p>\n<p style=\"text-align: justify;\"><strong>\u00c8 proibito l&#8217;utilizzo di tutte le immagini, testi, disegni, contenuti, loghi, modelli, nomi, marchi o segni distintivi che siano di propriet\u00e0 o siano stati depositati a favore di GME DIVISION BA\u00d1OS S.L. Per ottenere l&#8217;autorizzazione per tutte le immagini, disegni, contenuti, loghi, modelli, nomi, marchi o segni distintivi che siano di propriet\u00e0 o siano stati depositati a favore di GME DIVISION BA\u00d1OS S.L. si prega di mettersi in contatto con il nostro Ufficio Immagine: <a href=\"mailto:pablo@gmelorente.com\">pablo@gmelorente.com<\/a>. L&#8217;utilizzo di immagini, loghi, modelli, nomi, marchi per la vendita nei negozi online \u00e8 soggetto alla firma di un contratto di condizioni particolari per l&#8217;utilizzo di immagini, modelli, nomi, marchi e segni distintivi di GME DIVISION BA\u00d1OS S.L.<\/strong><\/p>\n<p>[\/vc_column_text][vc_empty_space height=&#8221;20px&#8221;][vc_column_text]<\/p>\n<p style=\"text-align: justify;\">Le persone interessate all&#8217;utilizzo degli stessi per la vendita online devono mettersi in contatto con GME DIVISION BA\u00d1OS S.L.<\/p>\n<hr \/>\n<p>[\/vc_column_text][vc_empty_space][\/vc_column][\/vc_row][vc_row][vc_column width=&#8221;1\/2&#8243; el_class=&#8221;descarga-docs&#8221;][vc_column_text]<a href=\"https:\/\/gmelorente.com\/wp-content\/uploads\/catalogo_general-it-1.pdf\"><img loading=\"lazy\" decoding=\"async\" class=\"aligncenter wp-image-90816\" src=\"https:\/\/gmelorente.com\/wp-content\/uploads\/gme-2025.jpg\" alt=\"\" width=\"197\" height=\"280\" srcset=\"https:\/\/gmelorente.com\/wp-content\/uploads\/gme-2025.jpg 679w, https:\/\/gmelorente.com\/wp-content\/uploads\/gme-2025-211x300.jpg 211w, https:\/\/gmelorente.com\/wp-content\/uploads\/gme-2025-500x711.jpg 500w\" sizes=\"auto, (max-width: 197px) 100vw, 197px\" \/><\/a><\/p>\n<p style=\"text-align: center;\"><a href=\"https:\/\/gmelorente.com\/wp-content\/uploads\/catalogo_general-it-1.pdf\" target=\"_blank\" rel=\"noopener\">CATALOGO GENERALE<\/a><\/p>\n<p>[\/vc_column_text][\/vc_column][vc_column width=&#8221;1\/2&#8243; el_class=&#8221;descarga-docs&#8221;][vc_column_text]<a href=\"https:\/\/gmelorente.com\/wp-content\/uploads\/GRIFOS-IO-2026-ITALIANO-SP.pdf\"><img loading=\"lazy\" decoding=\"async\" class=\"aligncenter wp-image-90931 size-full\" src=\"https:\/\/gmelorente.com\/wp-content\/uploads\/PORT-ITA.jpg\" alt=\"\" width=\"190\" height=\"270\" \/><\/a><\/p>\n<p style=\"text-align: center;\"><a href=\"https:\/\/gmelorente.com\/wp-content\/uploads\/IO-2024-ITALIANO-baja.pdf\">CATALOGO RUBINETTO IO 2026<\/a><\/p>\n<p>[\/vc_column_text][\/vc_column][\/vc_row]<\/p>\n","protected":false},"excerpt":{"rendered":"<p>[vc_row][vc_column][vc_column_text] Il presente catalogo pu\u00f2 essere scaricato solo a fini informativi, da privati e in forma privata. Il presente catalogo pu\u00f2 essere utilizzato con finalit\u00e0 commerciali solo previa autorizzazione di GME DIVISI\u00d3N BA\u00d1OS S.L. Deve essere utilizzato dai clienti solo per ottenere informazioni commerciali ad uso privato, e non deve essere esposto o visualizzato dal&hellip;<\/p>\n","protected":false},"author":1,"featured_media":0,"parent":0,"menu_order":0,"comment_status":"closed","ping_status":"closed","template":"","meta":{"footnotes":""},"class_list":["post-43185","page","type-page","status-publish","hentry","description-off"],"yoast_head":"<!-- This site is optimized with the Yoast SEO plugin v27.2 - https:\/\/yoast.com\/product\/yoast-seo-wordpress\/ -->\n<title>Download - GME DIVISI\u00d3N BA\u00d1OS<\/title>\n<meta name=\"robots\" content=\"index, follow, max-snippet:-1, max-image-preview:large, max-video-preview:-1\" \/>\n<link rel=\"canonical\" href=\"https:\/\/gmelorente.com\/it\/descargas\/\" \/>\n<meta property=\"og:locale\" content=\"it_IT\" \/>\n<meta property=\"og:type\" content=\"article\" \/>\n<meta property=\"og:title\" content=\"Download - GME DIVISI\u00d3N BA\u00d1OS\" \/>\n<meta property=\"og:description\" content=\"[vc_row][vc_column][vc_column_text] Il presente catalogo pu\u00f2 essere scaricato solo a fini informativi, da privati e in forma privata. Il presente catalogo pu\u00f2 essere utilizzato con finalit\u00e0 commerciali solo previa autorizzazione di GME DIVISI\u00d3N BA\u00d1OS S.L. Deve essere utilizzato dai clienti solo per ottenere informazioni commerciali ad uso privato, e non deve essere esposto o visualizzato dal&hellip;\" \/>\n<meta property=\"og:url\" content=\"https:\/\/gmelorente.com\/it\/descargas\/\" \/>\n<meta property=\"og:site_name\" content=\"GME DIVISI\u00d3N BA\u00d1OS\" \/>\n<meta property=\"article:publisher\" content=\"https:\/\/www.facebook.com\/gmedivision\/?fref=ts\" \/>\n<meta property=\"article:modified_time\" content=\"2026-03-23T10:55:27+00:00\" \/>\n<meta property=\"og:image\" content=\"https:\/\/gmelorente.com\/wp-content\/uploads\/gme-2025.jpg\" \/>\n\t<meta property=\"og:image:width\" content=\"679\" \/>\n\t<meta property=\"og:image:height\" content=\"966\" \/>\n\t<meta property=\"og:image:type\" content=\"image\/jpeg\" \/>\n<meta name=\"twitter:card\" content=\"summary_large_image\" \/>\n<meta name=\"twitter:label1\" content=\"Tempo di lettura stimato\" \/>\n\t<meta name=\"twitter:data1\" content=\"3 minuti\" \/>\n<script type=\"application\/ld+json\" class=\"yoast-schema-graph\">{\"@context\":\"https:\/\/schema.org\",\"@graph\":[{\"@type\":\"WebPage\",\"@id\":\"https:\/\/gmelorente.com\/it\/descargas\/\",\"url\":\"https:\/\/gmelorente.com\/it\/descargas\/\",\"name\":\"Download - GME DIVISI\u00d3N BA\u00d1OS\",\"isPartOf\":{\"@id\":\"https:\/\/gmelorente.com\/#website\"},\"primaryImageOfPage\":{\"@id\":\"https:\/\/gmelorente.com\/it\/descargas\/#primaryimage\"},\"image\":{\"@id\":\"https:\/\/gmelorente.com\/it\/descargas\/#primaryimage\"},\"thumbnailUrl\":\"https:\/\/gmelorente.com\/wp-content\/uploads\/gme-2025.jpg\",\"datePublished\":\"2015-08-13T14:18:52+00:00\",\"dateModified\":\"2026-03-23T10:55:27+00:00\",\"breadcrumb\":{\"@id\":\"https:\/\/gmelorente.com\/it\/descargas\/#breadcrumb\"},\"inLanguage\":\"it-IT\",\"potentialAction\":[{\"@type\":\"ReadAction\",\"target\":[\"https:\/\/gmelorente.com\/it\/descargas\/\"]}]},{\"@type\":\"ImageObject\",\"inLanguage\":\"it-IT\",\"@id\":\"https:\/\/gmelorente.com\/it\/descargas\/#primaryimage\",\"url\":\"https:\/\/gmelorente.com\/wp-content\/uploads\/gme-2025.jpg\",\"contentUrl\":\"https:\/\/gmelorente.com\/wp-content\/uploads\/gme-2025.jpg\"},{\"@type\":\"BreadcrumbList\",\"@id\":\"https:\/\/gmelorente.com\/it\/descargas\/#breadcrumb\",\"itemListElement\":[{\"@type\":\"ListItem\",\"position\":1,\"name\":\"Home\",\"item\":\"https:\/\/gmelorente.com\/it\/\"},{\"@type\":\"ListItem\",\"position\":2,\"name\":\"Download\"}]},{\"@type\":\"WebSite\",\"@id\":\"https:\/\/gmelorente.com\/#website\",\"url\":\"https:\/\/gmelorente.com\/\",\"name\":\"GME DIVISI\u00d3N BA\u00d1OS\",\"description\":\"Mamparas de ducha y mucho m\u00e1s\",\"publisher\":{\"@id\":\"https:\/\/gmelorente.com\/#organization\"},\"potentialAction\":[{\"@type\":\"SearchAction\",\"target\":{\"@type\":\"EntryPoint\",\"urlTemplate\":\"https:\/\/gmelorente.com\/?s={search_term_string}\"},\"query-input\":{\"@type\":\"PropertyValueSpecification\",\"valueRequired\":true,\"valueName\":\"search_term_string\"}}],\"inLanguage\":\"it-IT\"},{\"@type\":\"Organization\",\"@id\":\"https:\/\/gmelorente.com\/#organization\",\"name\":\"GME DIVISI\u00d3N BA\u00d1OS S.L.\",\"url\":\"https:\/\/gmelorente.com\/\",\"logo\":{\"@type\":\"ImageObject\",\"inLanguage\":\"it-IT\",\"@id\":\"https:\/\/gmelorente.com\/#\/schema\/logo\/image\/\",\"url\":\"https:\/\/gmelorente.com\/wp-content\/uploads\/logo-gme-azul.jpg\",\"contentUrl\":\"https:\/\/gmelorente.com\/wp-content\/uploads\/logo-gme-azul.jpg\",\"width\":810,\"height\":298,\"caption\":\"GME DIVISI\u00d3N BA\u00d1OS S.L.\"},\"image\":{\"@id\":\"https:\/\/gmelorente.com\/#\/schema\/logo\/image\/\"},\"sameAs\":[\"https:\/\/www.facebook.com\/gmedivision\/?fref=ts\",\"https:\/\/es.pinterest.com\/gmedivision\/?eq=gme&amp;etslf=14997\"]}]}<\/script>\n<!-- \/ Yoast SEO plugin. -->","yoast_head_json":{"title":"Download - GME DIVISI\u00d3N BA\u00d1OS","robots":{"index":"index","follow":"follow","max-snippet":"max-snippet:-1","max-image-preview":"max-image-preview:large","max-video-preview":"max-video-preview:-1"},"canonical":"https:\/\/gmelorente.com\/it\/descargas\/","og_locale":"it_IT","og_type":"article","og_title":"Download - GME DIVISI\u00d3N BA\u00d1OS","og_description":"[vc_row][vc_column][vc_column_text] Il presente catalogo pu\u00f2 essere scaricato solo a fini informativi, da privati e in forma privata. Il presente catalogo pu\u00f2 essere utilizzato con finalit\u00e0 commerciali solo previa autorizzazione di GME DIVISI\u00d3N BA\u00d1OS S.L. Deve essere utilizzato dai clienti solo per ottenere informazioni commerciali ad uso privato, e non deve essere esposto o visualizzato dal&hellip;","og_url":"https:\/\/gmelorente.com\/it\/descargas\/","og_site_name":"GME DIVISI\u00d3N BA\u00d1OS","article_publisher":"https:\/\/www.facebook.com\/gmedivision\/?fref=ts","article_modified_time":"2026-03-23T10:55:27+00:00","og_image":[{"width":679,"height":966,"url":"https:\/\/gmelorente.com\/wp-content\/uploads\/gme-2025.jpg","type":"image\/jpeg"}],"twitter_card":"summary_large_image","twitter_misc":{"Tempo di lettura stimato":"3 minuti"},"schema":{"@context":"https:\/\/schema.org","@graph":[{"@type":"WebPage","@id":"https:\/\/gmelorente.com\/it\/descargas\/","url":"https:\/\/gmelorente.com\/it\/descargas\/","name":"Download - GME DIVISI\u00d3N BA\u00d1OS","isPartOf":{"@id":"https:\/\/gmelorente.com\/#website"},"primaryImageOfPage":{"@id":"https:\/\/gmelorente.com\/it\/descargas\/#primaryimage"},"image":{"@id":"https:\/\/gmelorente.com\/it\/descargas\/#primaryimage"},"thumbnailUrl":"https:\/\/gmelorente.com\/wp-content\/uploads\/gme-2025.jpg","datePublished":"2015-08-13T14:18:52+00:00","dateModified":"2026-03-23T10:55:27+00:00","breadcrumb":{"@id":"https:\/\/gmelorente.com\/it\/descargas\/#breadcrumb"},"inLanguage":"it-IT","potentialAction":[{"@type":"ReadAction","target":["https:\/\/gmelorente.com\/it\/descargas\/"]}]},{"@type":"ImageObject","inLanguage":"it-IT","@id":"https:\/\/gmelorente.com\/it\/descargas\/#primaryimage","url":"https:\/\/gmelorente.com\/wp-content\/uploads\/gme-2025.jpg","contentUrl":"https:\/\/gmelorente.com\/wp-content\/uploads\/gme-2025.jpg"},{"@type":"BreadcrumbList","@id":"https:\/\/gmelorente.com\/it\/descargas\/#breadcrumb","itemListElement":[{"@type":"ListItem","position":1,"name":"Home","item":"https:\/\/gmelorente.com\/it\/"},{"@type":"ListItem","position":2,"name":"Download"}]},{"@type":"WebSite","@id":"https:\/\/gmelorente.com\/#website","url":"https:\/\/gmelorente.com\/","name":"GME DIVISI\u00d3N BA\u00d1OS","description":"Mamparas de ducha y mucho m\u00e1s","publisher":{"@id":"https:\/\/gmelorente.com\/#organization"},"potentialAction":[{"@type":"SearchAction","target":{"@type":"EntryPoint","urlTemplate":"https:\/\/gmelorente.com\/?s={search_term_string}"},"query-input":{"@type":"PropertyValueSpecification","valueRequired":true,"valueName":"search_term_string"}}],"inLanguage":"it-IT"},{"@type":"Organization","@id":"https:\/\/gmelorente.com\/#organization","name":"GME DIVISI\u00d3N BA\u00d1OS S.L.","url":"https:\/\/gmelorente.com\/","logo":{"@type":"ImageObject","inLanguage":"it-IT","@id":"https:\/\/gmelorente.com\/#\/schema\/logo\/image\/","url":"https:\/\/gmelorente.com\/wp-content\/uploads\/logo-gme-azul.jpg","contentUrl":"https:\/\/gmelorente.com\/wp-content\/uploads\/logo-gme-azul.jpg","width":810,"height":298,"caption":"GME DIVISI\u00d3N BA\u00d1OS S.L."},"image":{"@id":"https:\/\/gmelorente.com\/#\/schema\/logo\/image\/"},"sameAs":["https:\/\/www.facebook.com\/gmedivision\/?fref=ts","https:\/\/es.pinterest.com\/gmedivision\/?eq=gme&amp;etslf=14997"]}]}},"_links":{"self":[{"href":"https:\/\/gmelorente.com\/it\/wp-json\/wp\/v2\/pages\/43185","targetHints":{"allow":["GET"]}}],"collection":[{"href":"https:\/\/gmelorente.com\/it\/wp-json\/wp\/v2\/pages"}],"about":[{"href":"https:\/\/gmelorente.com\/it\/wp-json\/wp\/v2\/types\/page"}],"author":[{"embeddable":true,"href":"https:\/\/gmelorente.com\/it\/wp-json\/wp\/v2\/users\/1"}],"replies":[{"embeddable":true,"href":"https:\/\/gmelorente.com\/it\/wp-json\/wp\/v2\/comments?post=43185"}],"version-history":[{"count":11,"href":"https:\/\/gmelorente.com\/it\/wp-json\/wp\/v2\/pages\/43185\/revisions"}],"predecessor-version":[{"id":91137,"href":"https:\/\/gmelorente.com\/it\/wp-json\/wp\/v2\/pages\/43185\/revisions\/91137"}],"wp:attachment":[{"href":"https:\/\/gmelorente.com\/it\/wp-json\/wp\/v2\/media?parent=43185"}],"curies":[{"name":"wp","href":"https:\/\/api.w.org\/{rel}","templated":true}]}}