{"id":43194,"date":"2015-08-13T15:23:37","date_gmt":"2015-08-13T13:23:37","guid":{"rendered":"https:\/\/gmelorente.com\/it\/quieres-ser-montador\/"},"modified":"2016-02-27T19:38:05","modified_gmt":"2016-02-27T18:38:05","slug":"quieres-ser-montador","status":"publish","type":"page","link":"https:\/\/gmelorente.com\/it\/quieres-ser-montador\/","title":{"rendered":"Vuoi essere un assemblatore?"},"content":{"rendered":"<p>[vc_row][vc_column width=&#8221;1\/2&#8243;][vc_column_text]<img loading=\"lazy\" decoding=\"async\" class=\"aligncenter wp-image-38144 size-full\" src=\"https:\/\/gmelorente.com\/wp-content\/uploads\/distribuidor-montador.jpg\" alt=\"distribuidor-montador\" width=\"787\" height=\"1181\" srcset=\"https:\/\/gmelorente.com\/wp-content\/uploads\/distribuidor-montador.jpg 787w, https:\/\/gmelorente.com\/wp-content\/uploads\/distribuidor-montador-200x300.jpg 200w, https:\/\/gmelorente.com\/wp-content\/uploads\/distribuidor-montador-768x1152.jpg 768w, https:\/\/gmelorente.com\/wp-content\/uploads\/distribuidor-montador-682x1024.jpg 682w, https:\/\/gmelorente.com\/wp-content\/uploads\/distribuidor-montador-13x20.jpg 13w\" sizes=\"auto, (max-width: 787px) 100vw, 787px\" \/>[\/vc_column_text][\/vc_column][vc_column width=&#8221;1\/2&#8243;][vc_column_text]GME Divisi\u00f3n Ba\u00f1os S.L. dispone di una vasta rete internazionale di professionisti specializzati nell&#8217;installazione di cabine doccia: dalla Spagna al Portogallo fino alla Francia e all&#8217;Italia.<\/p>\n<p style=\"text-align: justify;\">Se ti interessa far parte della nostra squadra e desideri ricevere le informazioni necessarie per la corretta installazione delle nostre cabine doccia, completa il modulo e ci metteremo in contatto con te.<\/p>\n<p>[\/vc_column_text][vc_empty_space height=&#8221;30px&#8221;]\n<div class=\"wpcf7 no-js\" id=\"wpcf7-f44228-o1\" lang=\"es-ES\" dir=\"ltr\" data-wpcf7-id=\"44228\">\n<div class=\"screen-reader-response\"><p role=\"status\" aria-live=\"polite\" aria-atomic=\"true\"><\/p> <ul><\/ul><\/div>\n<form action=\"\/it\/wp-json\/wp\/v2\/pages\/43194#wpcf7-f44228-o1\" method=\"post\" class=\"wpcf7-form init\" aria-label=\"Formulario de contacto\" novalidate=\"novalidate\" data-status=\"init\">\n<fieldset class=\"hidden-fields-container\"><input type=\"hidden\" name=\"_wpcf7\" value=\"44228\" \/><input type=\"hidden\" name=\"_wpcf7_version\" value=\"6.1.5\" \/><input type=\"hidden\" name=\"_wpcf7_locale\" value=\"es_ES\" \/><input type=\"hidden\" name=\"_wpcf7_unit_tag\" value=\"wpcf7-f44228-o1\" \/><input type=\"hidden\" name=\"_wpcf7_container_post\" value=\"0\" \/><input type=\"hidden\" name=\"_wpcf7_posted_data_hash\" value=\"\" \/><input type=\"hidden\" name=\"_wpcf7_recaptcha_response\" value=\"\" \/>\n<\/fieldset>\n<p><span class=\"wpcf7-form-control-wrap\" data-name=\"nombre\"><input size=\"40\" maxlength=\"400\" class=\"wpcf7-form-control wpcf7-text wpcf7-validates-as-required\" aria-required=\"true\" aria-invalid=\"false\" placeholder=\"Nome *\" value=\"\" type=\"text\" name=\"nombre\" \/><\/span>\n<\/p>\n<p><span class=\"wpcf7-form-control-wrap\" data-name=\"apellidos\"><input size=\"40\" maxlength=\"400\" class=\"wpcf7-form-control wpcf7-text wpcf7-validates-as-required\" aria-required=\"true\" aria-invalid=\"false\" placeholder=\"Cognomi *\" value=\"\" type=\"text\" name=\"apellidos\" \/><\/span>\n<\/p>\n<p><span class=\"wpcf7-form-control-wrap\" data-name=\"localidad\"><input size=\"40\" maxlength=\"400\" class=\"wpcf7-form-control wpcf7-text wpcf7-validates-as-required\" aria-required=\"true\" aria-invalid=\"false\" placeholder=\"Citt\u00e0 *\" value=\"\" type=\"text\" name=\"localidad\" \/><\/span>\n<\/p>\n<p><span class=\"wpcf7-form-control-wrap\" data-name=\"provincia\"><input size=\"40\" maxlength=\"400\" class=\"wpcf7-form-control wpcf7-text wpcf7-validates-as-required\" aria-required=\"true\" aria-invalid=\"false\" placeholder=\"Provincia *\" value=\"\" type=\"text\" name=\"provincia\" \/><\/span>\n<\/p>\n<p><span class=\"wpcf7-form-control-wrap\" data-name=\"email\"><input size=\"40\" maxlength=\"400\" class=\"wpcf7-form-control wpcf7-email wpcf7-validates-as-required wpcf7-text wpcf7-validates-as-email\" aria-required=\"true\" aria-invalid=\"false\" placeholder=\"Email *\" value=\"\" type=\"email\" name=\"email\" \/><\/span>\n<\/p>\n<p><span class=\"wpcf7-form-control-wrap\" data-name=\"telefono\"><input size=\"40\" maxlength=\"400\" class=\"wpcf7-form-control wpcf7-text wpcf7-validates-as-required\" aria-required=\"true\" aria-invalid=\"false\" placeholder=\"Telefono *\" value=\"\" type=\"text\" name=\"telefono\" \/><\/span>\n<\/p>\n<p><span class=\"wpcf7-form-control-wrap\" data-name=\"aceptacion\"><span class=\"wpcf7-form-control wpcf7-acceptance\"><span class=\"wpcf7-list-item\"><input type=\"checkbox\" name=\"aceptacion\" value=\"1\" aria-invalid=\"false\" \/><\/span><\/span><\/span> Ho letto e accetto le condizioni del <a href=\"https:\/\/gmelorente.com\/it\/aviso-legal\" target=\"_blank\">bando legale<\/a>\n<\/p>\n<p><input class=\"wpcf7-form-control wpcf7-submit has-spinner\" type=\"submit\" value=\"Inviare\" \/>\n<\/p>\n<p style=\"font-size:10px;line-height:12px;\">GME DIVISI\u00d3N BA\u00d1OS S.L. \u00e8 responsabile del trattamento dei dati forniti al fine di rispondere alle vostre richieste o domande fatte. Discuteremo la vostra dati in virt\u00f9 del consenso espresso quando si inviano le informazioni attraverso il modulo. Il trasferimento dei tuoi dati personali a terzi al di fuori Il GME. Se lo desideri puoi esercitare i tuoi diritti di accesso, rettifica, cancellazione, portabilit\u00e0, limitazione o opposizione al trattamento e revoca del consenso seguendo le procedure che consigliamo nelle nostre informazioni aggiuntive sulla protezione dei dati.\n<\/p><p style=\"display: none !important;\" class=\"akismet-fields-container\" data-prefix=\"_wpcf7_ak_\"><label>&#916;<textarea name=\"_wpcf7_ak_hp_textarea\" cols=\"45\" rows=\"8\" maxlength=\"100\"><\/textarea><\/label><input type=\"hidden\" id=\"ak_js_1\" name=\"_wpcf7_ak_js\" value=\"36\"\/><script>document.getElementById( \"ak_js_1\" ).setAttribute( \"value\", ( new Date() ).getTime() );<\/script><\/p><div class=\"wpcf7-response-output\" aria-hidden=\"true\"><\/div>\n<\/form>\n<\/div>\n[\/vc_column][\/vc_row]<\/p>\n","protected":false},"excerpt":{"rendered":"<p>[vc_row][vc_column width=&#8221;1\/2&#8243;][vc_column_text][\/vc_column_text][\/vc_column][vc_column width=&#8221;1\/2&#8243;][vc_column_text]GME Divisi\u00f3n Ba\u00f1os S.L. dispone di una vasta rete internazionale di professionisti specializzati nell&#8217;installazione di cabine doccia: dalla Spagna al Portogallo fino alla Francia e all&#8217;Italia. Se ti interessa far parte della nostra squadra e desideri ricevere le informazioni necessarie per la corretta installazione delle nostre cabine doccia, completa il modulo e ci&hellip;<\/p>\n","protected":false},"author":1,"featured_media":0,"parent":0,"menu_order":0,"comment_status":"closed","ping_status":"closed","template":"","meta":{"footnotes":""},"class_list":["post-43194","page","type-page","status-publish","hentry","description-off"],"yoast_head":"<!-- This site is optimized with the Yoast SEO plugin v27.2 - https:\/\/yoast.com\/product\/yoast-seo-wordpress\/ -->\n<title>Quieres ser montador de mamparas de GME?<\/title>\n<meta name=\"description\" content=\"Si te interesa formar parte de nuestro equipo y recibir la informaci\u00f3n necesaria para la correcta instalaci\u00f3n de nuestras mamparas, completa el formulario.\" \/>\n<meta name=\"robots\" content=\"index, follow, max-snippet:-1, max-image-preview:large, max-video-preview:-1\" \/>\n<link rel=\"canonical\" href=\"https:\/\/gmelorente.com\/it\/quieres-ser-montador\/\" \/>\n<meta property=\"og:locale\" content=\"it_IT\" \/>\n<meta property=\"og:type\" content=\"article\" \/>\n<meta property=\"og:title\" content=\"Quieres ser montador de mamparas de GME?\" \/>\n<meta property=\"og:description\" content=\"Si te interesa formar parte de nuestro equipo y recibir la informaci\u00f3n necesaria para la correcta instalaci\u00f3n de nuestras mamparas, completa el formulario.\" \/>\n<meta property=\"og:url\" content=\"https:\/\/gmelorente.com\/it\/quieres-ser-montador\/\" \/>\n<meta property=\"og:site_name\" content=\"GME DIVISI\u00d3N BA\u00d1OS\" \/>\n<meta property=\"article:publisher\" content=\"https:\/\/www.facebook.com\/gmedivision\/?fref=ts\" \/>\n<meta property=\"article:modified_time\" content=\"2016-02-27T18:38:05+00:00\" \/>\n<meta property=\"og:image\" content=\"https:\/\/gmelorente.com\/wp-content\/uploads\/distribuidor-montador.jpg\" \/>\n<meta name=\"twitter:card\" content=\"summary_large_image\" \/>\n<script type=\"application\/ld+json\" class=\"yoast-schema-graph\">{\"@context\":\"https:\/\/schema.org\",\"@graph\":[{\"@type\":\"WebPage\",\"@id\":\"https:\/\/gmelorente.com\/it\/quieres-ser-montador\/\",\"url\":\"https:\/\/gmelorente.com\/it\/quieres-ser-montador\/\",\"name\":\"Quieres ser montador de mamparas de GME?\",\"isPartOf\":{\"@id\":\"https:\/\/gmelorente.com\/#website\"},\"primaryImageOfPage\":{\"@id\":\"https:\/\/gmelorente.com\/it\/quieres-ser-montador\/#primaryimage\"},\"image\":{\"@id\":\"https:\/\/gmelorente.com\/it\/quieres-ser-montador\/#primaryimage\"},\"thumbnailUrl\":\"https:\/\/gmelorente.com\/wp-content\/uploads\/distribuidor-montador.jpg\",\"datePublished\":\"2015-08-13T13:23:37+00:00\",\"dateModified\":\"2016-02-27T18:38:05+00:00\",\"description\":\"Si te interesa formar parte de nuestro equipo y recibir la informaci\u00f3n necesaria para la correcta instalaci\u00f3n de nuestras mamparas, completa el formulario.\",\"breadcrumb\":{\"@id\":\"https:\/\/gmelorente.com\/it\/quieres-ser-montador\/#breadcrumb\"},\"inLanguage\":\"it-IT\",\"potentialAction\":[{\"@type\":\"ReadAction\",\"target\":[\"https:\/\/gmelorente.com\/it\/quieres-ser-montador\/\"]}]},{\"@type\":\"ImageObject\",\"inLanguage\":\"it-IT\",\"@id\":\"https:\/\/gmelorente.com\/it\/quieres-ser-montador\/#primaryimage\",\"url\":\"https:\/\/gmelorente.com\/wp-content\/uploads\/distribuidor-montador.jpg\",\"contentUrl\":\"https:\/\/gmelorente.com\/wp-content\/uploads\/distribuidor-montador.jpg\"},{\"@type\":\"BreadcrumbList\",\"@id\":\"https:\/\/gmelorente.com\/it\/quieres-ser-montador\/#breadcrumb\",\"itemListElement\":[{\"@type\":\"ListItem\",\"position\":1,\"name\":\"Home\",\"item\":\"https:\/\/gmelorente.com\/it\/\"},{\"@type\":\"ListItem\",\"position\":2,\"name\":\"Vuoi essere un assemblatore?\"}]},{\"@type\":\"WebSite\",\"@id\":\"https:\/\/gmelorente.com\/#website\",\"url\":\"https:\/\/gmelorente.com\/\",\"name\":\"GME DIVISI\u00d3N BA\u00d1OS\",\"description\":\"Mamparas de ducha y mucho m\u00e1s\",\"publisher\":{\"@id\":\"https:\/\/gmelorente.com\/#organization\"},\"potentialAction\":[{\"@type\":\"SearchAction\",\"target\":{\"@type\":\"EntryPoint\",\"urlTemplate\":\"https:\/\/gmelorente.com\/?s={search_term_string}\"},\"query-input\":{\"@type\":\"PropertyValueSpecification\",\"valueRequired\":true,\"valueName\":\"search_term_string\"}}],\"inLanguage\":\"it-IT\"},{\"@type\":\"Organization\",\"@id\":\"https:\/\/gmelorente.com\/#organization\",\"name\":\"GME DIVISI\u00d3N BA\u00d1OS S.L.\",\"url\":\"https:\/\/gmelorente.com\/\",\"logo\":{\"@type\":\"ImageObject\",\"inLanguage\":\"it-IT\",\"@id\":\"https:\/\/gmelorente.com\/#\/schema\/logo\/image\/\",\"url\":\"https:\/\/gmelorente.com\/wp-content\/uploads\/logo-gme-azul.jpg\",\"contentUrl\":\"https:\/\/gmelorente.com\/wp-content\/uploads\/logo-gme-azul.jpg\",\"width\":810,\"height\":298,\"caption\":\"GME DIVISI\u00d3N BA\u00d1OS S.L.\"},\"image\":{\"@id\":\"https:\/\/gmelorente.com\/#\/schema\/logo\/image\/\"},\"sameAs\":[\"https:\/\/www.facebook.com\/gmedivision\/?fref=ts\",\"https:\/\/es.pinterest.com\/gmedivision\/?eq=gme&amp;etslf=14997\"]}]}<\/script>\n<!-- \/ Yoast SEO plugin. -->","yoast_head_json":{"title":"Quieres ser montador de mamparas de GME?","description":"Si te interesa formar parte de nuestro equipo y recibir la informaci\u00f3n necesaria para la correcta instalaci\u00f3n de nuestras mamparas, completa el formulario.","robots":{"index":"index","follow":"follow","max-snippet":"max-snippet:-1","max-image-preview":"max-image-preview:large","max-video-preview":"max-video-preview:-1"},"canonical":"https:\/\/gmelorente.com\/it\/quieres-ser-montador\/","og_locale":"it_IT","og_type":"article","og_title":"Quieres ser montador de mamparas de GME?","og_description":"Si te interesa formar parte de nuestro equipo y recibir la informaci\u00f3n necesaria para la correcta instalaci\u00f3n de nuestras mamparas, completa el formulario.","og_url":"https:\/\/gmelorente.com\/it\/quieres-ser-montador\/","og_site_name":"GME DIVISI\u00d3N BA\u00d1OS","article_publisher":"https:\/\/www.facebook.com\/gmedivision\/?fref=ts","article_modified_time":"2016-02-27T18:38:05+00:00","og_image":[{"url":"https:\/\/gmelorente.com\/wp-content\/uploads\/distribuidor-montador.jpg","type":"","width":"","height":""}],"twitter_card":"summary_large_image","schema":{"@context":"https:\/\/schema.org","@graph":[{"@type":"WebPage","@id":"https:\/\/gmelorente.com\/it\/quieres-ser-montador\/","url":"https:\/\/gmelorente.com\/it\/quieres-ser-montador\/","name":"Quieres ser montador de mamparas de GME?","isPartOf":{"@id":"https:\/\/gmelorente.com\/#website"},"primaryImageOfPage":{"@id":"https:\/\/gmelorente.com\/it\/quieres-ser-montador\/#primaryimage"},"image":{"@id":"https:\/\/gmelorente.com\/it\/quieres-ser-montador\/#primaryimage"},"thumbnailUrl":"https:\/\/gmelorente.com\/wp-content\/uploads\/distribuidor-montador.jpg","datePublished":"2015-08-13T13:23:37+00:00","dateModified":"2016-02-27T18:38:05+00:00","description":"Si te interesa formar parte de nuestro equipo y recibir la informaci\u00f3n necesaria para la correcta instalaci\u00f3n de nuestras mamparas, completa el formulario.","breadcrumb":{"@id":"https:\/\/gmelorente.com\/it\/quieres-ser-montador\/#breadcrumb"},"inLanguage":"it-IT","potentialAction":[{"@type":"ReadAction","target":["https:\/\/gmelorente.com\/it\/quieres-ser-montador\/"]}]},{"@type":"ImageObject","inLanguage":"it-IT","@id":"https:\/\/gmelorente.com\/it\/quieres-ser-montador\/#primaryimage","url":"https:\/\/gmelorente.com\/wp-content\/uploads\/distribuidor-montador.jpg","contentUrl":"https:\/\/gmelorente.com\/wp-content\/uploads\/distribuidor-montador.jpg"},{"@type":"BreadcrumbList","@id":"https:\/\/gmelorente.com\/it\/quieres-ser-montador\/#breadcrumb","itemListElement":[{"@type":"ListItem","position":1,"name":"Home","item":"https:\/\/gmelorente.com\/it\/"},{"@type":"ListItem","position":2,"name":"Vuoi essere un assemblatore?"}]},{"@type":"WebSite","@id":"https:\/\/gmelorente.com\/#website","url":"https:\/\/gmelorente.com\/","name":"GME DIVISI\u00d3N BA\u00d1OS","description":"Mamparas de ducha y mucho m\u00e1s","publisher":{"@id":"https:\/\/gmelorente.com\/#organization"},"potentialAction":[{"@type":"SearchAction","target":{"@type":"EntryPoint","urlTemplate":"https:\/\/gmelorente.com\/?s={search_term_string}"},"query-input":{"@type":"PropertyValueSpecification","valueRequired":true,"valueName":"search_term_string"}}],"inLanguage":"it-IT"},{"@type":"Organization","@id":"https:\/\/gmelorente.com\/#organization","name":"GME DIVISI\u00d3N BA\u00d1OS S.L.","url":"https:\/\/gmelorente.com\/","logo":{"@type":"ImageObject","inLanguage":"it-IT","@id":"https:\/\/gmelorente.com\/#\/schema\/logo\/image\/","url":"https:\/\/gmelorente.com\/wp-content\/uploads\/logo-gme-azul.jpg","contentUrl":"https:\/\/gmelorente.com\/wp-content\/uploads\/logo-gme-azul.jpg","width":810,"height":298,"caption":"GME DIVISI\u00d3N BA\u00d1OS S.L."},"image":{"@id":"https:\/\/gmelorente.com\/#\/schema\/logo\/image\/"},"sameAs":["https:\/\/www.facebook.com\/gmedivision\/?fref=ts","https:\/\/es.pinterest.com\/gmedivision\/?eq=gme&amp;etslf=14997"]}]}},"_links":{"self":[{"href":"https:\/\/gmelorente.com\/it\/wp-json\/wp\/v2\/pages\/43194","targetHints":{"allow":["GET"]}}],"collection":[{"href":"https:\/\/gmelorente.com\/it\/wp-json\/wp\/v2\/pages"}],"about":[{"href":"https:\/\/gmelorente.com\/it\/wp-json\/wp\/v2\/types\/page"}],"author":[{"embeddable":true,"href":"https:\/\/gmelorente.com\/it\/wp-json\/wp\/v2\/users\/1"}],"replies":[{"embeddable":true,"href":"https:\/\/gmelorente.com\/it\/wp-json\/wp\/v2\/comments?post=43194"}],"version-history":[{"count":0,"href":"https:\/\/gmelorente.com\/it\/wp-json\/wp\/v2\/pages\/43194\/revisions"}],"wp:attachment":[{"href":"https:\/\/gmelorente.com\/it\/wp-json\/wp\/v2\/media?parent=43194"}],"curies":[{"name":"wp","href":"https:\/\/api.w.org\/{rel}","templated":true}]}}