{"id":67996,"date":"2020-09-29T01:04:57","date_gmt":"2020-09-28T23:04:57","guid":{"rendered":"https:\/\/gmelorente.com\/?page_id=67996"},"modified":"2025-09-08T15:59:25","modified_gmt":"2025-09-08T13:59:25","slug":"catalogo-rubinetto-io","status":"publish","type":"page","link":"https:\/\/gmelorente.com\/it\/catalogo-rubinetto-io\/","title":{"rendered":"CERTIFICAZIONI ISO"},"content":{"rendered":"<p>[vc_row][vc_column][vc_single_image image=&#8221;87576&#8243; img_size=&#8221;full&#8221; alignment=&#8221;center&#8221;][vc_empty_space][\/vc_column][\/vc_row][vc_row][vc_column][vc_column_text]Noi di GME Divisi\u00f3n Ba\u00f1os facciamo un passo avanti nel nostro percorso aziendale ottenendo ufficialmente le certificazioni internazionali ISO 9001 per la gestione della qualit\u00e0 e ISO 14001 per la gestione ambientale.<\/p>\n<p>Questo risultato non \u00e8 solo un timbro su un pezzo di carta: rappresenta il riconoscimento di anni di impegno, organizzazione e miglioramento continuo in tutti i nostri processi, dalla gestione del magazzino e della logistica alla distribuzione di attrezzature per il bagno nei mercati nazionali e internazionali.<\/p>\n<p>&nbsp;<\/p>\n<p>Cosa significa questo per i nostri clienti e collaboratori?<\/p>\n<p>Fiducia nella qualit\u00e0: la ISO 9001 garantisce che tutti i nostri processi sono orientati all&#8217;efficienza, alla tracciabilit\u00e0 e alla soddisfazione del cliente.<\/p>\n<p>Impegno ambientale reale: con la ISO 14001 rafforziamo il nostro impegno a ridurre al minimo l&#8217;impatto ambientale, ottimizzando l&#8217;uso delle risorse, gestendo i rifiuti in modo responsabile e puntando sulla sostenibilit\u00e0 in ogni fase della catena di approvvigionamento.<\/p>\n<p>Un partner pi\u00f9 competitivo: queste certificazioni internazionali ci consentono di continuare a crescere in mercati esigenti, offrendo la tranquillit\u00e0 di lavorare con un&#8217;azienda in linea con gli standard globali.<\/p>\n<p>Il nostro impegno per il futuro<br \/>Queste certificazioni sono un punto di partenza, non di arrivo. Noi di GME continuiamo a progredire per offrire un servizio di prim&#8217;ordine nella distribuzione di box doccia, piatti doccia, rubinetteria e accessori per il bagno, sempre con qualit\u00e0, sicurezza e sostenibilit\u00e0 come pilastri fondamentali.<\/p>\n<p>Desideriamo ringraziare il nostro team, i nostri clienti e i nostri collaboratori per averci accompagnato in questo percorso. Con la vostra fiducia e il vostro sostegno, continuiamo a trasformare il settore con soluzioni che combinano design, innovazione e responsabilit\u00e0.<\/p>\n<p>[\/vc_column_text][vc_empty_space]<div class=\"hr-thin style-line\" style=\"width: 100%;border-top-width: 1px;\"><\/div>[vc_empty_space][vc_column_text]<\/p>\n<p>[\/vc_column_text][\/vc_column][\/vc_row][vc_row][vc_column width=&#8221;1\/2&#8243;][vc_single_image image=&#8221;87588&#8243; img_size=&#8221;medium&#8221; alignment=&#8221;center&#8221; onclick=&#8221;img_link_large&#8221;][\/vc_column][vc_column width=&#8221;1\/2&#8243;][vc_single_image image=&#8221;87592&#8243; img_size=&#8221;medium&#8221; alignment=&#8221;center&#8221; onclick=&#8221;img_link_large&#8221;][\/vc_column][\/vc_row]<\/p>\n","protected":false},"excerpt":{"rendered":"<p>[vc_row][vc_column][vc_single_image image=&#8221;87576&#8243; img_size=&#8221;full&#8221; alignment=&#8221;center&#8221;][vc_empty_space][\/vc_column][\/vc_row][vc_row][vc_column][vc_column_text]Noi di GME Divisi\u00f3n Ba\u00f1os facciamo un passo avanti nel nostro percorso aziendale ottenendo ufficialmente le certificazioni internazionali ISO 9001 per la gestione della qualit\u00e0 e ISO 14001 per la gestione ambientale. Questo risultato non \u00e8 solo un timbro su un pezzo di carta: rappresenta il riconoscimento di anni di impegno, organizzazione&hellip;<\/p>\n","protected":false},"author":1,"featured_media":0,"parent":0,"menu_order":0,"comment_status":"closed","ping_status":"closed","template":"","meta":{"footnotes":""},"class_list":["post-67996","page","type-page","status-publish","hentry","description-off"],"yoast_head":"<!-- This site is optimized with the Yoast SEO plugin v27.3 - https:\/\/yoast.com\/product\/yoast-seo-wordpress\/ -->\n<title>CERTIFICAZIONI ISO - GME Lorente<\/title>\n<meta name=\"description\" content=\"La divisione bagni di GME fa un passo avanti ottenendo ufficialmente le certificazioni internazionali ISO 9001 per la gestione della qualit\u00e0 e ISO 14001 per la gestione ambientale.\" \/>\n<meta name=\"robots\" content=\"index, follow, max-snippet:-1, max-image-preview:large, max-video-preview:-1\" \/>\n<link rel=\"canonical\" href=\"https:\/\/gmelorente.com\/it\/catalogo-rubinetto-io\/\" \/>\n<meta property=\"og:locale\" content=\"it_IT\" \/>\n<meta property=\"og:type\" content=\"article\" \/>\n<meta property=\"og:title\" content=\"CERTIFICAZIONI ISO - GME Lorente\" \/>\n<meta property=\"og:description\" content=\"La divisione bagni di GME fa un passo avanti ottenendo ufficialmente le certificazioni internazionali ISO 9001 per la gestione della qualit\u00e0 e ISO 14001 per la gestione ambientale.\" \/>\n<meta property=\"og:url\" content=\"https:\/\/gmelorente.com\/it\/catalogo-rubinetto-io\/\" \/>\n<meta property=\"og:site_name\" content=\"GME DIVISI\u00d3N BA\u00d1OS\" \/>\n<meta property=\"article:publisher\" content=\"https:\/\/www.facebook.com\/gmedivision\/?fref=ts\" \/>\n<meta property=\"article:modified_time\" content=\"2025-09-08T13:59:25+00:00\" \/>\n<meta name=\"twitter:card\" content=\"summary_large_image\" \/>\n<meta name=\"twitter:label1\" content=\"Tempo di lettura stimato\" \/>\n\t<meta name=\"twitter:data1\" content=\"2 minuti\" \/>\n<script type=\"application\/ld+json\" class=\"yoast-schema-graph\">{\"@context\":\"https:\\\/\\\/schema.org\",\"@graph\":[{\"@type\":\"WebPage\",\"@id\":\"https:\\\/\\\/gmelorente.com\\\/it\\\/catalogo-rubinetto-io\\\/\",\"url\":\"https:\\\/\\\/gmelorente.com\\\/it\\\/catalogo-rubinetto-io\\\/\",\"name\":\"CERTIFICAZIONI ISO - GME Lorente\",\"isPartOf\":{\"@id\":\"https:\\\/\\\/gmelorente.com\\\/#website\"},\"datePublished\":\"2020-09-28T23:04:57+00:00\",\"dateModified\":\"2025-09-08T13:59:25+00:00\",\"description\":\"La divisione bagni di GME fa un passo avanti ottenendo ufficialmente le certificazioni internazionali ISO 9001 per la gestione della qualit\u00e0 e ISO 14001 per la gestione ambientale.\",\"breadcrumb\":{\"@id\":\"https:\\\/\\\/gmelorente.com\\\/it\\\/catalogo-rubinetto-io\\\/#breadcrumb\"},\"inLanguage\":\"it-IT\",\"potentialAction\":[{\"@type\":\"ReadAction\",\"target\":[\"https:\\\/\\\/gmelorente.com\\\/it\\\/catalogo-rubinetto-io\\\/\"]}]},{\"@type\":\"BreadcrumbList\",\"@id\":\"https:\\\/\\\/gmelorente.com\\\/it\\\/catalogo-rubinetto-io\\\/#breadcrumb\",\"itemListElement\":[{\"@type\":\"ListItem\",\"position\":1,\"name\":\"Home\",\"item\":\"https:\\\/\\\/gmelorente.com\\\/it\\\/\"},{\"@type\":\"ListItem\",\"position\":2,\"name\":\"CERTIFICAZIONI ISO\"}]},{\"@type\":\"WebSite\",\"@id\":\"https:\\\/\\\/gmelorente.com\\\/#website\",\"url\":\"https:\\\/\\\/gmelorente.com\\\/\",\"name\":\"GME DIVISI\u00d3N BA\u00d1OS\",\"description\":\"Mamparas de ducha y mucho m\u00e1s\",\"publisher\":{\"@id\":\"https:\\\/\\\/gmelorente.com\\\/#organization\"},\"potentialAction\":[{\"@type\":\"SearchAction\",\"target\":{\"@type\":\"EntryPoint\",\"urlTemplate\":\"https:\\\/\\\/gmelorente.com\\\/?s={search_term_string}\"},\"query-input\":{\"@type\":\"PropertyValueSpecification\",\"valueRequired\":true,\"valueName\":\"search_term_string\"}}],\"inLanguage\":\"it-IT\"},{\"@type\":\"Organization\",\"@id\":\"https:\\\/\\\/gmelorente.com\\\/#organization\",\"name\":\"GME DIVISI\u00d3N BA\u00d1OS S.L.\",\"url\":\"https:\\\/\\\/gmelorente.com\\\/\",\"logo\":{\"@type\":\"ImageObject\",\"inLanguage\":\"it-IT\",\"@id\":\"https:\\\/\\\/gmelorente.com\\\/#\\\/schema\\\/logo\\\/image\\\/\",\"url\":\"https:\\\/\\\/gmelorente.com\\\/wp-content\\\/uploads\\\/logo-gme-azul.jpg\",\"contentUrl\":\"https:\\\/\\\/gmelorente.com\\\/wp-content\\\/uploads\\\/logo-gme-azul.jpg\",\"width\":810,\"height\":298,\"caption\":\"GME DIVISI\u00d3N BA\u00d1OS S.L.\"},\"image\":{\"@id\":\"https:\\\/\\\/gmelorente.com\\\/#\\\/schema\\\/logo\\\/image\\\/\"},\"sameAs\":[\"https:\\\/\\\/www.facebook.com\\\/gmedivision\\\/?fref=ts\",\"https:\\\/\\\/es.pinterest.com\\\/gmedivision\\\/?eq=gme&amp;etslf=14997\"]}]}<\/script>\n<!-- \/ Yoast SEO plugin. -->","yoast_head_json":{"title":"CERTIFICAZIONI ISO - GME Lorente","description":"La divisione bagni di GME fa un passo avanti ottenendo ufficialmente le certificazioni internazionali ISO 9001 per la gestione della qualit\u00e0 e ISO 14001 per la gestione ambientale.","robots":{"index":"index","follow":"follow","max-snippet":"max-snippet:-1","max-image-preview":"max-image-preview:large","max-video-preview":"max-video-preview:-1"},"canonical":"https:\/\/gmelorente.com\/it\/catalogo-rubinetto-io\/","og_locale":"it_IT","og_type":"article","og_title":"CERTIFICAZIONI ISO - GME Lorente","og_description":"La divisione bagni di GME fa un passo avanti ottenendo ufficialmente le certificazioni internazionali ISO 9001 per la gestione della qualit\u00e0 e ISO 14001 per la gestione ambientale.","og_url":"https:\/\/gmelorente.com\/it\/catalogo-rubinetto-io\/","og_site_name":"GME DIVISI\u00d3N BA\u00d1OS","article_publisher":"https:\/\/www.facebook.com\/gmedivision\/?fref=ts","article_modified_time":"2025-09-08T13:59:25+00:00","twitter_card":"summary_large_image","twitter_misc":{"Tempo di lettura stimato":"2 minuti"},"schema":{"@context":"https:\/\/schema.org","@graph":[{"@type":"WebPage","@id":"https:\/\/gmelorente.com\/it\/catalogo-rubinetto-io\/","url":"https:\/\/gmelorente.com\/it\/catalogo-rubinetto-io\/","name":"CERTIFICAZIONI ISO - GME Lorente","isPartOf":{"@id":"https:\/\/gmelorente.com\/#website"},"datePublished":"2020-09-28T23:04:57+00:00","dateModified":"2025-09-08T13:59:25+00:00","description":"La divisione bagni di GME fa un passo avanti ottenendo ufficialmente le certificazioni internazionali ISO 9001 per la gestione della qualit\u00e0 e ISO 14001 per la gestione ambientale.","breadcrumb":{"@id":"https:\/\/gmelorente.com\/it\/catalogo-rubinetto-io\/#breadcrumb"},"inLanguage":"it-IT","potentialAction":[{"@type":"ReadAction","target":["https:\/\/gmelorente.com\/it\/catalogo-rubinetto-io\/"]}]},{"@type":"BreadcrumbList","@id":"https:\/\/gmelorente.com\/it\/catalogo-rubinetto-io\/#breadcrumb","itemListElement":[{"@type":"ListItem","position":1,"name":"Home","item":"https:\/\/gmelorente.com\/it\/"},{"@type":"ListItem","position":2,"name":"CERTIFICAZIONI ISO"}]},{"@type":"WebSite","@id":"https:\/\/gmelorente.com\/#website","url":"https:\/\/gmelorente.com\/","name":"GME DIVISI\u00d3N BA\u00d1OS","description":"Mamparas de ducha y mucho m\u00e1s","publisher":{"@id":"https:\/\/gmelorente.com\/#organization"},"potentialAction":[{"@type":"SearchAction","target":{"@type":"EntryPoint","urlTemplate":"https:\/\/gmelorente.com\/?s={search_term_string}"},"query-input":{"@type":"PropertyValueSpecification","valueRequired":true,"valueName":"search_term_string"}}],"inLanguage":"it-IT"},{"@type":"Organization","@id":"https:\/\/gmelorente.com\/#organization","name":"GME DIVISI\u00d3N BA\u00d1OS S.L.","url":"https:\/\/gmelorente.com\/","logo":{"@type":"ImageObject","inLanguage":"it-IT","@id":"https:\/\/gmelorente.com\/#\/schema\/logo\/image\/","url":"https:\/\/gmelorente.com\/wp-content\/uploads\/logo-gme-azul.jpg","contentUrl":"https:\/\/gmelorente.com\/wp-content\/uploads\/logo-gme-azul.jpg","width":810,"height":298,"caption":"GME DIVISI\u00d3N BA\u00d1OS S.L."},"image":{"@id":"https:\/\/gmelorente.com\/#\/schema\/logo\/image\/"},"sameAs":["https:\/\/www.facebook.com\/gmedivision\/?fref=ts","https:\/\/es.pinterest.com\/gmedivision\/?eq=gme&amp;etslf=14997"]}]}},"_links":{"self":[{"href":"https:\/\/gmelorente.com\/it\/wp-json\/wp\/v2\/pages\/67996","targetHints":{"allow":["GET"]}}],"collection":[{"href":"https:\/\/gmelorente.com\/it\/wp-json\/wp\/v2\/pages"}],"about":[{"href":"https:\/\/gmelorente.com\/it\/wp-json\/wp\/v2\/types\/page"}],"author":[{"embeddable":true,"href":"https:\/\/gmelorente.com\/it\/wp-json\/wp\/v2\/users\/1"}],"replies":[{"embeddable":true,"href":"https:\/\/gmelorente.com\/it\/wp-json\/wp\/v2\/comments?post=67996"}],"version-history":[{"count":14,"href":"https:\/\/gmelorente.com\/it\/wp-json\/wp\/v2\/pages\/67996\/revisions"}],"predecessor-version":[{"id":87642,"href":"https:\/\/gmelorente.com\/it\/wp-json\/wp\/v2\/pages\/67996\/revisions\/87642"}],"wp:attachment":[{"href":"https:\/\/gmelorente.com\/it\/wp-json\/wp\/v2\/media?parent=67996"}],"curies":[{"name":"wp","href":"https:\/\/api.w.org\/{rel}","templated":true}]}}