{"id":78972,"date":"2020-09-28T19:50:47","date_gmt":"2020-09-28T17:50:47","guid":{"rendered":"https:\/\/gmelorente.com\/productos\/griferia-de-cocina\/"},"modified":"2021-06-03T09:23:30","modified_gmt":"2021-06-03T07:23:30","slug":"griferia-de-cocina","status":"publish","type":"page","link":"https:\/\/gmelorente.com\/it\/productos\/griferia-de-cocina\/","title":{"rendered":"Miscelatori da cucina"},"content":{"rendered":"<p>[vc_row][vc_column][vc_column_text]Cerchi un <strong>rubinetto da cucina di qualit\u00e0<\/strong>? In GME, offriamo una variet\u00e0 di opzioni di rubinetti da cucina di qualit\u00e0 con il nostro marchio registrato europeo, IO\u00ae. I prodotti possono essere visti pi\u00f9 in dettaglio nel nostro <a href=\"https:\/\/gmelorente.com\/it\/catalogo-rubinetto-io\/\">catalogo di rubinetti IO\u00ae<\/a>. Tutti i rubinetti sono conformi alle <strong>normative europee<\/strong> e hanno superato i test necessari per ottenere la certificazione europea presso l&#8217;<a href=\"https:\/\/www.aidimme.it\">Aidimme<\/a>, l&#8217;Istituto Tecnologico di Valencia. Inoltre, tutti sono disponibili in stock e <strong>consegna immediata<\/strong>, potendo averlo installato in sole 48 ore dal tuo ordine tramite i nostri <a href=\"https:\/\/gmelorente.com\/it\/donde-comprar\/\">distributori<\/a>.[\/vc_column_text][\/vc_column][\/vc_row][vc_row][vc_column][vc_empty_space][\/vc_column][\/vc_row][vc_row][vc_column]<div class=\"hr-thin style-line\" style=\"width: 100%;border-top-width: 1px;\"><\/div>[vc_empty_space][\/vc_column][\/vc_row][vc_row][vc_column]<div class=\"dt-shortcode with-isotope\"><div class=\"wf-container dt-portfolio-shortcode loading-effect-none iso-grid bg-under-post description-under-image content-align-left\" data-padding=\"20px\" data-cur-page=\"1\" data-posts-per-page=\"-1\" data-width=\"0px\" data-columns=\"4\">\n<div class=\"wf-cell category-239 category-119\" data-post-id=\"74238\" data-date=\"2020-11-26T17:20:49+01:00\" data-name=\"MONOCOMANDO CUCINA DIOR\">\n<article class=\"post post-74238 dt_portfolio type-dt_portfolio status-publish has-post-thumbnail hentry dt_portfolio_category-griferia-de-cocina-it dt_portfolio_category-griferia-para-bano-io-it dt_portfolio_category-239 dt_portfolio_category-119 bg-on\">\n\n\t<div class=\"project-list-media\">\n\t<figure class=\"buttons-on-img forward-post\">\n\t\t<a href=\"https:\/\/gmelorente.com\/it\/producto\/grifo-de-cocina-dior-cromo-gme\/\" class=\"alignnone rollover layzr-bg\" title=\"DIOR-CROMO-AMBIENTE\"  aria-label=\"Post image\"><img fetchpriority=\"high\" decoding=\"async\" class=\"preload-me iso-lazy-load aspect\" src=\"data:image\/svg+xml,%3Csvg%20xmlns%3D&#39;http%3A%2F%2Fwww.w3.org%2F2000%2Fsvg&#39;%20viewBox%3D&#39;0%200%20750%20750&#39;%2F%3E\" data-src=\"https:\/\/gmelorente.com\/wp-content\/uploads\/DIOR-CROMO-AMBIENTE.jpg\" data-srcset=\"https:\/\/gmelorente.com\/wp-content\/uploads\/DIOR-CROMO-AMBIENTE.jpg 750w\" loading=\"eager\" style=\"--ratio: 750 \/ 750\" sizes=\"(max-width: 750px) 100vw, 750px\" alt=\"\" width=\"750\" height=\"750\"  \/><\/a>\t\t\t<\/figure>\n<\/div>\n<div class=\"project-list-content\">\n\t<h3 class=\"entry-title\"><a href=\"https:\/\/gmelorente.com\/it\/producto\/grifo-de-cocina-dior-cromo-gme\/\" title=\"MONOCOMANDO CUCINA DIOR\" rel=\"bookmark\">MONOCOMANDO CUCINA DIOR<\/a><\/h3><p>Aeratore a cascata<\/p>\n<\/div>\n<\/article>\n\n<\/div>\n<div class=\"wf-cell category-239 category-119\" data-post-id=\"74200\" data-date=\"2020-11-26T16:26:51+01:00\" data-name=\"MONOCOMANDO CUCINA ESTRAIBILE DESIGN\">\n<article class=\"post post-74200 dt_portfolio type-dt_portfolio status-publish has-post-thumbnail hentry dt_portfolio_category-griferia-de-cocina-it dt_portfolio_category-griferia-para-bano-io-it dt_portfolio_category-239 dt_portfolio_category-119 bg-on\">\n\n\t<div class=\"project-list-media\">\n\t<figure class=\"buttons-on-img forward-post\">\n\t\t<a href=\"https:\/\/gmelorente.com\/it\/producto\/grifo-cano-alto-para-cocina-cassio-cromo-gme-6\/\" class=\"alignnone rollover layzr-bg\" title=\"DESIGN-CROMO-EXTRAIBLE-AMBIENTE\"  aria-label=\"Post image\"><img decoding=\"async\" class=\"preload-me iso-lazy-load aspect\" src=\"data:image\/svg+xml,%3Csvg%20xmlns%3D&#39;http%3A%2F%2Fwww.w3.org%2F2000%2Fsvg&#39;%20viewBox%3D&#39;0%200%20750%20750&#39;%2F%3E\" data-src=\"https:\/\/gmelorente.com\/wp-content\/uploads\/DESIGN-CROMO-EXTRAIBLE-AMBIENTE.jpg\" data-srcset=\"https:\/\/gmelorente.com\/wp-content\/uploads\/DESIGN-CROMO-EXTRAIBLE-AMBIENTE.jpg 750w\" loading=\"eager\" style=\"--ratio: 750 \/ 750\" sizes=\"(max-width: 750px) 100vw, 750px\" alt=\"\" width=\"750\" height=\"750\"  \/><\/a>\t\t\t<\/figure>\n<\/div>\n<div class=\"project-list-content\">\n\t<h3 class=\"entry-title\"><a href=\"https:\/\/gmelorente.com\/it\/producto\/grifo-cano-alto-para-cocina-cassio-cromo-gme-6\/\" title=\"MONOCOMANDO CUCINA ESTRAIBILE DESIGN\" rel=\"bookmark\">MONOCOMANDO CUCINA ESTRAIBILE DESIGN<\/a><\/h3><p>Cartuccia ceramica 25 mm<\/p>\n<\/div>\n<\/article>\n\n<\/div>\n<div class=\"wf-cell category-239 category-119\" data-post-id=\"74210\" data-date=\"2020-11-26T16:42:48+01:00\" data-name=\"MONOCOMANDO CUCINA ESTRAIBILE ROUND\">\n<article class=\"post post-74210 dt_portfolio type-dt_portfolio status-publish has-post-thumbnail hentry dt_portfolio_category-griferia-de-cocina-it dt_portfolio_category-griferia-para-bano-io-it dt_portfolio_category-239 dt_portfolio_category-119 bg-on\">\n\n\t<div class=\"project-list-media\">\n\t<figure class=\"buttons-on-img forward-post\">\n\t\t<a href=\"https:\/\/gmelorente.com\/it\/producto\/grifo-cano-alto-para-cocina-cassio-cromo-gme-5\/\" class=\"alignnone rollover layzr-bg\" title=\"ROUND-CROMO-EXTRAIBLE-AMBIENTE\"  aria-label=\"Post image\"><img decoding=\"async\" class=\"preload-me iso-lazy-load aspect\" src=\"data:image\/svg+xml,%3Csvg%20xmlns%3D&#39;http%3A%2F%2Fwww.w3.org%2F2000%2Fsvg&#39;%20viewBox%3D&#39;0%200%20750%20750&#39;%2F%3E\" data-src=\"https:\/\/gmelorente.com\/wp-content\/uploads\/ROUND-CROMO-EXTRAIBLE-AMBIENTE.jpg\" data-srcset=\"https:\/\/gmelorente.com\/wp-content\/uploads\/ROUND-CROMO-EXTRAIBLE-AMBIENTE.jpg 750w\" loading=\"eager\" style=\"--ratio: 750 \/ 750\" sizes=\"(max-width: 750px) 100vw, 750px\" alt=\"\" width=\"750\" height=\"750\"  \/><\/a>\t\t\t<\/figure>\n<\/div>\n<div class=\"project-list-content\">\n\t<h3 class=\"entry-title\"><a href=\"https:\/\/gmelorente.com\/it\/producto\/grifo-cano-alto-para-cocina-cassio-cromo-gme-5\/\" title=\"MONOCOMANDO CUCINA ESTRAIBILE ROUND\" rel=\"bookmark\">MONOCOMANDO CUCINA ESTRAIBILE ROUND<\/a><\/h3><p>Cartuccia ceramica 40 mm<\/p>\n<\/div>\n<\/article>\n\n<\/div>\n<div class=\"wf-cell category-239 category-119\" data-post-id=\"74219\" data-date=\"2020-11-26T17:03:12+01:00\" data-name=\"MONOCOMANDO CUCINA QUADRA\">\n<article class=\"post post-74219 dt_portfolio type-dt_portfolio status-publish has-post-thumbnail hentry dt_portfolio_category-griferia-de-cocina-it dt_portfolio_category-griferia-para-bano-io-it dt_portfolio_category-239 dt_portfolio_category-119 bg-on\">\n\n\t<div class=\"project-list-media\">\n\t<figure class=\"buttons-on-img forward-post\">\n\t\t<a href=\"https:\/\/gmelorente.com\/it\/producto\/grifo-cano-alto-para-cocina-cassio-cromo-gme-4\/\" class=\"alignnone rollover layzr-bg\" title=\"QUADRA-CROMO-AMBIENTE\"  aria-label=\"Post image\"><img decoding=\"async\" class=\"preload-me iso-lazy-load aspect\" src=\"data:image\/svg+xml,%3Csvg%20xmlns%3D&#39;http%3A%2F%2Fwww.w3.org%2F2000%2Fsvg&#39;%20viewBox%3D&#39;0%200%20750%20750&#39;%2F%3E\" data-src=\"https:\/\/gmelorente.com\/wp-content\/uploads\/QUADRA-CROMO-AMBIENTE-1.jpg\" data-srcset=\"https:\/\/gmelorente.com\/wp-content\/uploads\/QUADRA-CROMO-AMBIENTE-1.jpg 750w\" loading=\"eager\" style=\"--ratio: 750 \/ 750\" sizes=\"(max-width: 750px) 100vw, 750px\" alt=\"\" width=\"750\" height=\"750\"  \/><\/a>\t\t\t<\/figure>\n<\/div>\n<div class=\"project-list-content\">\n\t<h3 class=\"entry-title\"><a href=\"https:\/\/gmelorente.com\/it\/producto\/grifo-cano-alto-para-cocina-cassio-cromo-gme-4\/\" title=\"MONOCOMANDO CUCINA QUADRA\" rel=\"bookmark\">MONOCOMANDO CUCINA QUADRA<\/a><\/h3><p>Cartouche c\u00e9ramique Neoperl<\/p>\n<\/div>\n<\/article>\n\n<\/div>\n<div class=\"wf-cell category-239 category-119\" data-post-id=\"74225\" data-date=\"2020-11-26T17:07:45+01:00\" data-name=\"MONOCOMANDO CUCINA ROUND\">\n<article class=\"post post-74225 dt_portfolio type-dt_portfolio status-publish has-post-thumbnail hentry dt_portfolio_category-griferia-de-cocina-it dt_portfolio_category-griferia-para-bano-io-it dt_portfolio_category-239 dt_portfolio_category-119 bg-on\">\n\n\t<div class=\"project-list-media\">\n\t<figure class=\"buttons-on-img forward-post\">\n\t\t<a href=\"https:\/\/gmelorente.com\/it\/producto\/grifo-cano-alto-para-cocina-cassio-cromo-gme-3\/\" class=\"alignnone rollover layzr-bg\" title=\"ROUND-CROMO-AMBIENTE\"  aria-label=\"Post image\"><img decoding=\"async\" class=\"preload-me iso-lazy-load aspect\" src=\"data:image\/svg+xml,%3Csvg%20xmlns%3D&#39;http%3A%2F%2Fwww.w3.org%2F2000%2Fsvg&#39;%20viewBox%3D&#39;0%200%20750%20750&#39;%2F%3E\" data-src=\"https:\/\/gmelorente.com\/wp-content\/uploads\/ROUND-CROMO-AMBIENTE.jpg\" data-srcset=\"https:\/\/gmelorente.com\/wp-content\/uploads\/ROUND-CROMO-AMBIENTE.jpg 750w\" loading=\"eager\" style=\"--ratio: 750 \/ 750\" sizes=\"(max-width: 750px) 100vw, 750px\" alt=\"\" width=\"750\" height=\"750\"  \/><\/a>\t\t\t<\/figure>\n<\/div>\n<div class=\"project-list-content\">\n\t<h3 class=\"entry-title\"><a href=\"https:\/\/gmelorente.com\/it\/producto\/grifo-cano-alto-para-cocina-cassio-cromo-gme-3\/\" title=\"MONOCOMANDO CUCINA ROUND\" rel=\"bookmark\">MONOCOMANDO CUCINA ROUND<\/a><\/h3><p>Cartuccia ceramica 35 mm<\/p>\n<\/div>\n<\/article>\n\n<\/div>\n<div class=\"wf-cell category-239 category-119\" data-post-id=\"74231\" data-date=\"2020-11-26T17:15:10+01:00\" data-name=\"MONOCOMANDO CUCINA SILVER\">\n<article class=\"post post-74231 dt_portfolio type-dt_portfolio status-publish has-post-thumbnail hentry dt_portfolio_category-griferia-de-cocina-it dt_portfolio_category-griferia-para-bano-io-it dt_portfolio_category-239 dt_portfolio_category-119 bg-on\">\n\n\t<div class=\"project-list-media\">\n\t<figure class=\"buttons-on-img forward-post\">\n\t\t<a href=\"https:\/\/gmelorente.com\/it\/producto\/grifo-cano-alto-para-cocina-cassio-cromo-gme-2\/\" class=\"alignnone rollover layzr-bg\" title=\"SILVER-CROMO-AMBIENTE\"  aria-label=\"Post image\"><img decoding=\"async\" class=\"preload-me iso-lazy-load aspect\" src=\"data:image\/svg+xml,%3Csvg%20xmlns%3D&#39;http%3A%2F%2Fwww.w3.org%2F2000%2Fsvg&#39;%20viewBox%3D&#39;0%200%20750%20750&#39;%2F%3E\" data-src=\"https:\/\/gmelorente.com\/wp-content\/uploads\/SILVER-CROMO-AMBIENTE.jpg\" data-srcset=\"https:\/\/gmelorente.com\/wp-content\/uploads\/SILVER-CROMO-AMBIENTE.jpg 750w\" loading=\"eager\" style=\"--ratio: 750 \/ 750\" sizes=\"(max-width: 750px) 100vw, 750px\" alt=\"\" width=\"750\" height=\"750\"  \/><\/a>\t\t\t<\/figure>\n<\/div>\n<div class=\"project-list-content\">\n\t<h3 class=\"entry-title\"><a href=\"https:\/\/gmelorente.com\/it\/producto\/grifo-cano-alto-para-cocina-cassio-cromo-gme-2\/\" title=\"MONOCOMANDO CUCINA SILVER\" rel=\"bookmark\">MONOCOMANDO CUCINA SILVER<\/a><\/h3><p>Cartuccia ceramica 35 mm<\/p>\n<\/div>\n<\/article>\n\n<\/div><\/div><\/div>[\/vc_column][\/vc_row]<\/p>\n","protected":false},"excerpt":{"rendered":"<p>[vc_row][vc_column][vc_column_text]Cerchi un rubinetto da cucina di qualit\u00e0? In GME, offriamo una variet\u00e0 di opzioni di rubinetti da cucina di qualit\u00e0 con il nostro marchio registrato europeo, IO\u00ae. I prodotti possono essere visti pi\u00f9 in dettaglio nel nostro catalogo di rubinetti IO\u00ae. Tutti i rubinetti sono conformi alle normative europee e hanno superato i test necessari&hellip;<\/p>\n","protected":false},"author":1,"featured_media":0,"parent":43079,"menu_order":0,"comment_status":"closed","ping_status":"closed","template":"","meta":{"footnotes":""},"class_list":["post-78972","page","type-page","status-publish","hentry","description-off"],"yoast_head":"<!-- This site is optimized with the Yoast SEO plugin v27.3 - https:\/\/yoast.com\/product\/yoast-seo-wordpress\/ -->\n<title>Grifer\u00eda de cocina de calidad IO\u00ae by GME - GME Mamparas y Ba\u00f1o<\/title>\n<meta name=\"description\" content=\"Grifer\u00eda de cocina de calidad de GME. Grifos de lavabo, bidet, ba\u00f1era y ducha. Columas y duchas. Rociadores y empotrables. Todo con garant\u00eda de 3 a\u00f1os.\" \/>\n<meta name=\"robots\" content=\"index, follow, max-snippet:-1, max-image-preview:large, max-video-preview:-1\" \/>\n<link rel=\"canonical\" href=\"https:\/\/gmelorente.com\/it\/productos\/griferia-de-cocina\/\" \/>\n<meta property=\"og:locale\" content=\"it_IT\" \/>\n<meta property=\"og:type\" content=\"article\" \/>\n<meta property=\"og:title\" content=\"Grifer\u00eda de cocina de calidad IO\u00ae by GME - GME Mamparas y Ba\u00f1o\" \/>\n<meta property=\"og:description\" content=\"Grifer\u00eda de cocina de calidad de GME. Grifos de lavabo, bidet, ba\u00f1era y ducha. Columas y duchas. Rociadores y empotrables. Todo con garant\u00eda de 3 a\u00f1os.\" \/>\n<meta property=\"og:url\" content=\"https:\/\/gmelorente.com\/it\/productos\/griferia-de-cocina\/\" \/>\n<meta property=\"og:site_name\" content=\"GME DIVISI\u00d3N BA\u00d1OS\" \/>\n<meta property=\"article:publisher\" content=\"https:\/\/www.facebook.com\/gmedivision\/?fref=ts\" \/>\n<meta property=\"article:modified_time\" content=\"2021-06-03T07:23:30+00:00\" \/>\n<meta name=\"twitter:card\" content=\"summary_large_image\" \/>\n<meta name=\"twitter:label1\" content=\"Tempo di lettura stimato\" \/>\n\t<meta name=\"twitter:data1\" content=\"1 minuto\" \/>\n<script type=\"application\/ld+json\" class=\"yoast-schema-graph\">{\"@context\":\"https:\\\/\\\/schema.org\",\"@graph\":[{\"@type\":\"WebPage\",\"@id\":\"https:\\\/\\\/gmelorente.com\\\/it\\\/productos\\\/griferia-de-cocina\\\/\",\"url\":\"https:\\\/\\\/gmelorente.com\\\/it\\\/productos\\\/griferia-de-cocina\\\/\",\"name\":\"Grifer\u00eda de cocina de calidad IO\u00ae by GME - GME Mamparas y Ba\u00f1o\",\"isPartOf\":{\"@id\":\"https:\\\/\\\/gmelorente.com\\\/#website\"},\"datePublished\":\"2020-09-28T17:50:47+00:00\",\"dateModified\":\"2021-06-03T07:23:30+00:00\",\"description\":\"Grifer\u00eda de cocina de calidad de GME. Grifos de lavabo, bidet, ba\u00f1era y ducha. Columas y duchas. Rociadores y empotrables. Todo con garant\u00eda de 3 a\u00f1os.\",\"breadcrumb\":{\"@id\":\"https:\\\/\\\/gmelorente.com\\\/it\\\/productos\\\/griferia-de-cocina\\\/#breadcrumb\"},\"inLanguage\":\"it-IT\",\"potentialAction\":[{\"@type\":\"ReadAction\",\"target\":[\"https:\\\/\\\/gmelorente.com\\\/it\\\/productos\\\/griferia-de-cocina\\\/\"]}]},{\"@type\":\"BreadcrumbList\",\"@id\":\"https:\\\/\\\/gmelorente.com\\\/it\\\/productos\\\/griferia-de-cocina\\\/#breadcrumb\",\"itemListElement\":[{\"@type\":\"ListItem\",\"position\":1,\"name\":\"Home\",\"item\":\"https:\\\/\\\/gmelorente.com\\\/it\\\/\"},{\"@type\":\"ListItem\",\"position\":2,\"name\":\"Produrre\",\"item\":\"https:\\\/\\\/gmelorente.com\\\/it\\\/productos\\\/\"},{\"@type\":\"ListItem\",\"position\":3,\"name\":\"Miscelatori da cucina\"}]},{\"@type\":\"WebSite\",\"@id\":\"https:\\\/\\\/gmelorente.com\\\/#website\",\"url\":\"https:\\\/\\\/gmelorente.com\\\/\",\"name\":\"GME DIVISI\u00d3N BA\u00d1OS\",\"description\":\"Mamparas de ducha y mucho m\u00e1s\",\"publisher\":{\"@id\":\"https:\\\/\\\/gmelorente.com\\\/#organization\"},\"potentialAction\":[{\"@type\":\"SearchAction\",\"target\":{\"@type\":\"EntryPoint\",\"urlTemplate\":\"https:\\\/\\\/gmelorente.com\\\/?s={search_term_string}\"},\"query-input\":{\"@type\":\"PropertyValueSpecification\",\"valueRequired\":true,\"valueName\":\"search_term_string\"}}],\"inLanguage\":\"it-IT\"},{\"@type\":\"Organization\",\"@id\":\"https:\\\/\\\/gmelorente.com\\\/#organization\",\"name\":\"GME DIVISI\u00d3N BA\u00d1OS S.L.\",\"url\":\"https:\\\/\\\/gmelorente.com\\\/\",\"logo\":{\"@type\":\"ImageObject\",\"inLanguage\":\"it-IT\",\"@id\":\"https:\\\/\\\/gmelorente.com\\\/#\\\/schema\\\/logo\\\/image\\\/\",\"url\":\"https:\\\/\\\/gmelorente.com\\\/wp-content\\\/uploads\\\/logo-gme-azul.jpg\",\"contentUrl\":\"https:\\\/\\\/gmelorente.com\\\/wp-content\\\/uploads\\\/logo-gme-azul.jpg\",\"width\":810,\"height\":298,\"caption\":\"GME DIVISI\u00d3N BA\u00d1OS S.L.\"},\"image\":{\"@id\":\"https:\\\/\\\/gmelorente.com\\\/#\\\/schema\\\/logo\\\/image\\\/\"},\"sameAs\":[\"https:\\\/\\\/www.facebook.com\\\/gmedivision\\\/?fref=ts\",\"https:\\\/\\\/es.pinterest.com\\\/gmedivision\\\/?eq=gme&amp;etslf=14997\"]}]}<\/script>\n<!-- \/ Yoast SEO plugin. -->","yoast_head_json":{"title":"Grifer\u00eda de cocina de calidad IO\u00ae by GME - GME Mamparas y Ba\u00f1o","description":"Grifer\u00eda de cocina de calidad de GME. Grifos de lavabo, bidet, ba\u00f1era y ducha. Columas y duchas. Rociadores y empotrables. Todo con garant\u00eda de 3 a\u00f1os.","robots":{"index":"index","follow":"follow","max-snippet":"max-snippet:-1","max-image-preview":"max-image-preview:large","max-video-preview":"max-video-preview:-1"},"canonical":"https:\/\/gmelorente.com\/it\/productos\/griferia-de-cocina\/","og_locale":"it_IT","og_type":"article","og_title":"Grifer\u00eda de cocina de calidad IO\u00ae by GME - GME Mamparas y Ba\u00f1o","og_description":"Grifer\u00eda de cocina de calidad de GME. Grifos de lavabo, bidet, ba\u00f1era y ducha. Columas y duchas. Rociadores y empotrables. Todo con garant\u00eda de 3 a\u00f1os.","og_url":"https:\/\/gmelorente.com\/it\/productos\/griferia-de-cocina\/","og_site_name":"GME DIVISI\u00d3N BA\u00d1OS","article_publisher":"https:\/\/www.facebook.com\/gmedivision\/?fref=ts","article_modified_time":"2021-06-03T07:23:30+00:00","twitter_card":"summary_large_image","twitter_misc":{"Tempo di lettura stimato":"1 minuto"},"schema":{"@context":"https:\/\/schema.org","@graph":[{"@type":"WebPage","@id":"https:\/\/gmelorente.com\/it\/productos\/griferia-de-cocina\/","url":"https:\/\/gmelorente.com\/it\/productos\/griferia-de-cocina\/","name":"Grifer\u00eda de cocina de calidad IO\u00ae by GME - GME Mamparas y Ba\u00f1o","isPartOf":{"@id":"https:\/\/gmelorente.com\/#website"},"datePublished":"2020-09-28T17:50:47+00:00","dateModified":"2021-06-03T07:23:30+00:00","description":"Grifer\u00eda de cocina de calidad de GME. Grifos de lavabo, bidet, ba\u00f1era y ducha. Columas y duchas. Rociadores y empotrables. Todo con garant\u00eda de 3 a\u00f1os.","breadcrumb":{"@id":"https:\/\/gmelorente.com\/it\/productos\/griferia-de-cocina\/#breadcrumb"},"inLanguage":"it-IT","potentialAction":[{"@type":"ReadAction","target":["https:\/\/gmelorente.com\/it\/productos\/griferia-de-cocina\/"]}]},{"@type":"BreadcrumbList","@id":"https:\/\/gmelorente.com\/it\/productos\/griferia-de-cocina\/#breadcrumb","itemListElement":[{"@type":"ListItem","position":1,"name":"Home","item":"https:\/\/gmelorente.com\/it\/"},{"@type":"ListItem","position":2,"name":"Produrre","item":"https:\/\/gmelorente.com\/it\/productos\/"},{"@type":"ListItem","position":3,"name":"Miscelatori da cucina"}]},{"@type":"WebSite","@id":"https:\/\/gmelorente.com\/#website","url":"https:\/\/gmelorente.com\/","name":"GME DIVISI\u00d3N BA\u00d1OS","description":"Mamparas de ducha y mucho m\u00e1s","publisher":{"@id":"https:\/\/gmelorente.com\/#organization"},"potentialAction":[{"@type":"SearchAction","target":{"@type":"EntryPoint","urlTemplate":"https:\/\/gmelorente.com\/?s={search_term_string}"},"query-input":{"@type":"PropertyValueSpecification","valueRequired":true,"valueName":"search_term_string"}}],"inLanguage":"it-IT"},{"@type":"Organization","@id":"https:\/\/gmelorente.com\/#organization","name":"GME DIVISI\u00d3N BA\u00d1OS S.L.","url":"https:\/\/gmelorente.com\/","logo":{"@type":"ImageObject","inLanguage":"it-IT","@id":"https:\/\/gmelorente.com\/#\/schema\/logo\/image\/","url":"https:\/\/gmelorente.com\/wp-content\/uploads\/logo-gme-azul.jpg","contentUrl":"https:\/\/gmelorente.com\/wp-content\/uploads\/logo-gme-azul.jpg","width":810,"height":298,"caption":"GME DIVISI\u00d3N BA\u00d1OS S.L."},"image":{"@id":"https:\/\/gmelorente.com\/#\/schema\/logo\/image\/"},"sameAs":["https:\/\/www.facebook.com\/gmedivision\/?fref=ts","https:\/\/es.pinterest.com\/gmedivision\/?eq=gme&amp;etslf=14997"]}]}},"_links":{"self":[{"href":"https:\/\/gmelorente.com\/it\/wp-json\/wp\/v2\/pages\/78972","targetHints":{"allow":["GET"]}}],"collection":[{"href":"https:\/\/gmelorente.com\/it\/wp-json\/wp\/v2\/pages"}],"about":[{"href":"https:\/\/gmelorente.com\/it\/wp-json\/wp\/v2\/types\/page"}],"author":[{"embeddable":true,"href":"https:\/\/gmelorente.com\/it\/wp-json\/wp\/v2\/users\/1"}],"replies":[{"embeddable":true,"href":"https:\/\/gmelorente.com\/it\/wp-json\/wp\/v2\/comments?post=78972"}],"version-history":[{"count":2,"href":"https:\/\/gmelorente.com\/it\/wp-json\/wp\/v2\/pages\/78972\/revisions"}],"predecessor-version":[{"id":78974,"href":"https:\/\/gmelorente.com\/it\/wp-json\/wp\/v2\/pages\/78972\/revisions\/78974"}],"up":[{"embeddable":true,"href":"https:\/\/gmelorente.com\/it\/wp-json\/wp\/v2\/pages\/43079"}],"wp:attachment":[{"href":"https:\/\/gmelorente.com\/it\/wp-json\/wp\/v2\/media?parent=78972"}],"curies":[{"name":"wp","href":"https:\/\/api.w.org\/{rel}","templated":true}]}}